{"id":8869,"date":"2023-07-24T10:33:08","date_gmt":"2023-07-24T10:33:08","guid":{"rendered":"https:\/\/viqtor.eu\/?page_id=8869"},"modified":"2023-09-20T10:54:39","modified_gmt":"2023-09-20T10:54:39","slug":"politique-generale-de-protection-des-donnees-a-caractere-personnel","status":"publish","type":"page","link":"https:\/\/viqtor.eu\/sl\/politique-generale-de-protection-des-donnees-a-caractere-personnel\/","title":{"rendered":"Splo\u0161na politika varstva osebnih podatkov"},"content":{"rendered":"<div data-elementor-type=\"wp-page\" data-elementor-id=\"8869\" class=\"elementor elementor-8869\" data-elementor-post-type=\"page\">\n\t\t\t\t\t\t<section class=\"elementor-section elementor-top-section elementor-element elementor-element-747390f0 ot-traditional elementor-section-boxed elementor-section-height-default elementor-section-height-default\" data-id=\"747390f0\" data-element_type=\"section\">\n\t\t\t\t\t\t<div class=\"elementor-container elementor-column-gap-default\">\n\t\t\t\t\t<div class=\"elementor-column elementor-col-100 elementor-top-column elementor-element elementor-element-2fbcdc64 ot-flex-column-vertical\" data-id=\"2fbcdc64\" data-element_type=\"column\">\n\t\t\t<div class=\"elementor-widget-wrap elementor-element-populated\">\n\t\t\t\t\t\t<div class=\"elementor-element elementor-element-69294830 elementor-widget elementor-widget-text-editor\" data-id=\"69294830\" data-element_type=\"widget\" data-widget_type=\"text-editor.default\">\n\t\t\t\t<div class=\"elementor-widget-container\">\n\t\t\t\t\t\t\t<p>Spo\u0161tovanje zasebnosti in varstvo osebnih podatkov predstavljata dejavnik zaupanja, vrednoto, ki ji je DBWO \u0161e posebej naklonjen, saj pripisuje pomen spo\u0161tovanju temeljnih svobo\u0161\u010din in pravic vsakega posameznika.<\/p>\n<p>Ta politika varstva osebnih podatkov prikazuje zaveze, ki jih DBWO izvaja v okviru svojih vsakodnevnih dejavnosti za odgovorno uporabo osebnih podatkov.<\/p>\n<p>\u00a0<\/p>\n<p><b>Poobla\u0161\u010denec za varstvo podatkov (DPO)<\/b><\/p>\n<p>Za ohranitev zasebnosti in varstva osebnih podatkov vseh je DBWO leta 2020 imenoval poobla\u0161\u010deno osebo za varstvo podatkov (DPO), ki opravlja svoje naloge za vse svoje strukture.<\/p>\n<p>Poobla\u0161\u010denec za varstvo podatkov je zaupanja vreden predstavnik. Specialist za varstvo osebnih podatkov, odgovoren za zagotavljanje varstva zasebnosti in pravilno uporabo pravil o varstvu osebnih podatkov, glavna kontaktna oseba za francosko nacionalno komisijo za informacijsko tehnologijo in dr\u017eavljanske svobo\u0161\u010dine (CNIL) in vse osebe, ki jih zbiranje ali obdelava osebnih podatkov zadeva.<\/p>\n<p>\u010ce \u017eelite stopiti v stik z na\u0161im poobla\u0161\u010dencem za varstvo podatkov:<\/p>\n<p>DPO@DBWO.FR<\/p>\n<p>DBWO je zalo\u017enik platforme Viqtor\u00ae.<\/p>\n<p>Ta platforma \u00bbSkladnost kot storitev\u00ab je programski paket, namenjen olaj\u0161anju uvajanja in spremljanja skladnosti organizacij s Splo\u0161no uredbo o varstvu podatkov.<\/p>\n<p>\u00a0<\/p>\n<p><b>Osebni podatki, ki jih obdeluje DBWO<\/b><\/p>\n<p><strong>Kot del svoje zaposlitvene politike<\/strong>DBWO prejema zahteve, ki jim so prilo\u017eeni \u017eivljenjepisi ali celo osebni podatki, ki omogo\u010dajo ustvarjanje datoteke o razgovoru za slu\u017ebo, ki jo posredujejo kandidati in se hrani dve leti po prejemu, razen \u010de je zadevna oseba zaposlila ali zanjo zaprosila.<\/p>\n<p><strong>V okviru izvajanja pogodb o zaposlitvi svojih zaposlenih ali pogodb o storitvah svojih posameznih ponudnikov storitev <\/strong>DBWO obdeluje osebne podatke, potrebne za organizacijo njihovega poslanstva ali izpolnjevanje zakonskih obveznosti (podatki o osebnem stanju, finan\u010dni podatki, podatki o osebnem \u017eivljenju, diplome in pooblastila, komunikacijski podatki itd.). Podatki se hranijo ves \u010das trajanja pogodbenega razmerja, za nekatere pa se zaradi zakonskih ali dav\u010dnih zahtev podalj\u0161a.\u00a0 \u00a0<\/p>\n<p><strong>Kot del svojih komercialnih prizadevanj<\/strong> DBWO mora obdelovati osebne podatke, kot so ime, podjetje, delovno mesto, telefonska \u0161tevilka in e-po\u0161tni naslov, izklju\u010dno za strokovnjake v svojem sektorju, in jih pridobi neposredno med izmenjavo informacij na sejmih ali dogodkih, na podlagi zahtevkov potencialnih strank, ki jih naslovijo na njegove storitve ali prek njegove spletne strani, ali posredno od podjetij, specializiranih za ustvarjanje sektorskih strokovnih podatkovnih zbirk. Obdelava teh podatkov deloma temelji na legitimnem interesu (zahteva za informacije, izmenjava kontaktnih podatkov), deloma pa na soglasju. Posameznik lahko kadar koli zahteva izbris svojih podatkov.<\/p>\n<p><strong>V okviru izvajanja svojih pogodb, <\/strong>DBWO obdeluje osebne podatke kontaktov in dopisnikov, ki jih dolo\u010dijo njegove stranke ali podizvajalci, in te podatke (priimek, ime, e-po\u0161tni naslov, telefonska \u0161tevilka, polo\u017eaj, podjetje) hrani ves \u010das trajanja pogodbenega razmerja, razen \u010de od podjetja prejme navodila za izbris stika iz svojih podatkovnih zbirk.<\/p>\n<p>\u00a0<\/p>\n<p><b>Na\u010dela, ki se uporabljajo za varstvo osebnih podatkov<\/b><\/p>\n<p>DBWO v vseh svojih projektih uporablja na\u010dela, opredeljena z na\u010delom vgrajene zasebnosti, in izvaja politiko obve\u0161\u010danja in ozave\u0161\u010danja svojih ekip o skladnosti z na\u010deli, dolo\u010denimi v Splo\u0161ni uredbi o varstvu podatkov.<\/p>\n<p>Svojim strankam ponuja programsko opremo, ki je zdru\u017eljiva z vsemi zahtevami Splo\u0161ne uredbe o varstvu podatkov.<\/p>\n<p>1. Specifi\u010den, ekspliciten in zakonit namen obdelave:<\/p>\n<p>Ko se zbirajo osebni podatki, se zbirajo za posebne cilje (namene), ki jih opredeljujejo potrebe obdelave na\u0161ih strank.<\/p>\n<p>2. Dele\u017e in ustreznost zbranih podatkov:<\/p>\n<p>Zbrani osebni podatki so nujno potrebni za namen zbiranja. Zasnova programske opreme DBWO si prizadeva za zmanj\u0161anje koli\u010dine zbranih podatkov.<\/p>\n<p>3. Omejeno obdobje hrambe osebnih podatkov:<\/p>\n<p>Osebni podatki, ki jih hrani DBWO, se hranijo omejeno obdobje, ki ne presega obdobja, potrebnega za namene zbiranja.<\/p>\n<p>4. Zaupnost \/ Varnost podatkov:\u00a0<\/p>\n<p>Izvajajo se politike varovanja informacijskih sistemov (PSSI), prilagojene naravi obdelanih podatkov in njihovi obdelavi.<\/p>\n<p>Vzpostavljeni so ustrezni fizi\u010dni, logi\u010dni in organizacijski varnostni ukrepi za zagotavljanje zaupnosti podatkov, vklju\u010dno s prepre\u010devanjem nepoobla\u0161\u010denega dostopa.<\/p>\n<p>DBWO od vseh podizvajalcev zahteva tudi, da zagotovijo ustrezne za\u0161\u010ditne ukrepe za zagotovitev varnosti in zaupnosti osebnih podatkov.<\/p>\n<p>5. Pravice posameznikov:<\/p>\n<p>Glede obdelave, ki se izvaja pod odgovornostjo DBWO<\/p>\n<ul>\n<li style=\"list-style-type: none;\">\n<ul><!-- wp:list-item --><\/ul>\n<\/li>\n<\/ul>\n<ul>\n<li style=\"list-style-type: none;\">\n<ul>\n<li>Izvajajo se vsa potrebna sredstva za zagotavljanje u\u010dinkovitosti pravic posameznikov glede njihovih osebnih podatkov.<\/li>\n<\/ul>\n<\/li>\n<\/ul>\n<p><!-- \/wp:list-item --> <!-- wp:list-item --><\/p>\n<ul>\n<li style=\"list-style-type: none;\">\n<ul>\n<li>Osebni podatki se zbirajo po\u0161teno; nobeno zbiranje se ne izvaja brez vednosti posameznikov ali brez njihove obve\u0161\u010denosti.<\/li>\n<\/ul>\n<\/li>\n<\/ul>\n<p><!-- \/wp:list-item --> <!-- wp:list-item --><\/p>\n<ul>\n<li style=\"list-style-type: none;\">\n<ul>\n<li>Zbrani osebni podatki so posredovani zadevnim osebam.<\/li>\n<\/ul>\n<\/li>\n<\/ul>\n<p><!-- \/wp:list-item --> <!-- wp:list-item --><\/p>\n<ul>\n<li style=\"list-style-type: none;\">\n<ul>\n<li>Zbrani podatki se nato ne uporabljajo na na\u010din, ki ni zdru\u017eljiv s temi nameni.<\/li>\n<\/ul>\n<\/li>\n<\/ul>\n<p><!-- \/wp:list-item --> <!-- wp:list-item --><\/p>\n<ul>\n<li style=\"list-style-type: none;\">\n<ul>\n<li>Osebni podatki so to\u010dni in a\u017eurni.<\/li>\n<\/ul>\n<\/li>\n<\/ul>\n<p><!-- \/wp:list-item --> <!-- wp:list-item --><\/p>\n<ul>\n<li style=\"list-style-type: none;\">\n<ul>\n<li>Obdobja hrambe podatkov so posameznikom predstavljena in se razlikujejo glede na naravo podatkov, namen obdelave ali zakonske oziroma regulativne zahteve.<\/li>\n<\/ul>\n<\/li>\n<\/ul>\n<p><!-- \/wp:list-item --> <!-- wp:list-item --><\/p>\n<ul>\n<li style=\"list-style-type: none;\">\n<ul>\n<li>\u010ce bi se osebni podatki prenesli v dr\u017eave v Evropski uniji ali zunaj Evropske unije, bi bile zadevne osebe o tem posebej obve\u0161\u010dene in sprejeti bi bili posebni ukrepi za ureditev teh prenosov.<\/li>\n<\/ul>\n<\/li>\n<\/ul>\n<p><!-- \/wp:list-item --> <!-- wp:list-item --><\/p>\n<ul>\n<li style=\"list-style-type: none;\">\n<ul>\n<li>Izvajajo se sredstva, potrebna za zagotavljanje u\u010dinkovitosti pravic posameznikov glede njihovih osebnih podatkov, zlasti z jasnimi in popolnimi informacijami o izvedeni obdelavi podatkov, ki so lahko dostopne in razumljive vsem.<\/li>\n<\/ul>\n<\/li>\n<\/ul>\n<p><!-- \/wp:list-item --> <!-- wp:list-item --><\/p>\n<ul>\n<li style=\"list-style-type: none;\">\n<ul>\n<li>Vsakdo ima pravice do svojih osebnih podatkov, ki jih lahko kadar koli in brezpla\u010dno uveljavlja z dokazilom o svoji identiteti. Posamezniki lahko tako dostopajo do svojih osebnih podatkov in jih v nekaterih primerih popravijo, izbri\u0161ejo ali ugovarjajo njihovi obdelavi.<\/li>\n<\/ul>\n<\/li>\n<\/ul>\n<p><!-- \/wp:list-item --><\/p>\n<p><b>Glede obdelave, ki se izvaja pod odgovornostjo uporabnikov programske opreme DBWO<\/b><\/p>\n<ul>\n<li style=\"list-style-type: none;\">\n<ul><!-- wp:list-item --><\/ul>\n<\/li>\n<\/ul>\n<ul>\n<li style=\"list-style-type: none;\">\n<ul>\n<li>DBWO ozave\u0161\u010da in usposablja vse svoje zaposlene, ki v okviru vzdr\u017eevalnih del pridejo v stik z zasebnimi podatki, v skladu z na\u010deli, ki jih dolo\u010da GDPR.<\/li>\n<\/ul>\n<\/li>\n<\/ul>\n<p><!-- \/wp:list-item --> <!-- wp:list-item --><\/p>\n<ul>\n<li style=\"list-style-type: none;\">\n<ul>\n<li>DBWO obve\u0161\u010da uporabnike svoje programske opreme o bistvenih pravilih, ki dolo\u010dajo zakonitost obdelave zasebnih podatkov.<\/li>\n<\/ul>\n<\/li>\n<\/ul>\n<p><!-- \/wp:list-item --> <!-- wp:list-item --><\/p>\n<ul>\n<li style=\"list-style-type: none;\">\n<ul>\n<li>DBWO obve\u0161\u010da uporabnike svoje programske opreme o previdnostnih ukrepih, potrebnih za za\u0161\u010dito zbranih osebnih podatkov.<\/li>\n<\/ul>\n<\/li>\n<\/ul>\n<p><!-- \/wp:list-item --> <!-- wp:list-item --><\/p>\n<ul>\n<li style=\"list-style-type: none;\">\n<ul>\n<li>Programska oprema DBWO ponuja orodja za za\u0161\u010dito teh podatkov (bele\u017eenje, psevdonimizacija, \u0161ifriranje itd.)<\/li>\n<\/ul>\n<\/li>\n<\/ul>\n<p><!-- \/wp:list-item --> <!-- wp:list-item --><\/p>\n<ul>\n<li style=\"list-style-type: none;\">\n<ul>\n<li><a href=\"https:\/\/app.viqtor.eu\/gdpr-rights-exercise\">Dostop do teh pravic<\/a> (dostop, popravek, izbris, ugovor) je omogo\u010den s funkcionalnostmi programske opreme, ki jo uporablja DBWO.<br \/><br \/><\/li>\n<\/ul>\n<\/li>\n<\/ul>\n<p><!-- \/wp:list-item --><\/p>\n<p>6. Pravice, ki izhajajo iz Zakona za digitalno republiko.<\/p>\n<p>Novi \u010dlen 40-1 Zakona o varstvu podatkov posameznikom omogo\u010da, da po svoji smrti podajo navodila v zvezi s hrambo, izbrisom in posredovanjem svojih podatkov.<\/p>\n<p>Za izvedbo teh navodil je lahko imenovana oseba. Ta oseba je nato poobla\u0161\u010dena, da se ob smrti osebe seznani z navodili in od zadevnih upravljavcev podatkov zahteva njihovo izvedbo.<\/p>\n<p>\u010ce oseba za \u010dasa svojega \u017eivljenja ne da navodil, bodo imeli dedi\u010di mo\u017enost uveljavljanja dolo\u010denih pravic, zlasti:<\/p>\n<ul>\n<li style=\"list-style-type: none;\">\n<ul><!-- wp:list-item --><\/ul>\n<\/li>\n<\/ul>\n<ul>\n<li style=\"list-style-type: none;\">\n<ul>\n<li>Pravica do dostopa, \u010de je to potrebno za poravnavo zapu\u0161\u010dine pokojnika;<\/li>\n<\/ul>\n<\/li>\n<\/ul>\n<p><!-- \/wp:list-item --> <!-- wp:list-item --><\/p>\n<ul>\n<li style=\"list-style-type: none;\">\n<ul>\n<li>Pravica do ugovora zoper zaprtje uporabni\u0161kih ra\u010dunov pokojnika in obdelavo njegovih podatkov.<\/li>\n<\/ul>\n<\/li>\n<\/ul>\n<p><!-- \/wp:list-item --><\/p>\n<p><b>Spremljanje politike varstva osebnih podatkov.<\/b><\/p>\n<p>Ta politika se redno posodablja, da se upo\u0161tevajo zakonodajni in regulativni razvoj ter morebitne spremembe v organizaciji DBWO ali v predlaganih ponudbah, izdelkih in storitvah.<\/p>\t\t\t\t\t\t<\/div>\n\t\t\t\t<\/div>\n\t\t\t\t\t<\/div>\n\t\t<\/div>\n\t\t\t\t\t<\/div>\n\t\t<\/section>\n\t\t\t\t<\/div>","protected":false},"excerpt":{"rendered":"<p>Le respect de la vie priv\u00e9e et de la protection des donn\u00e9es \u00e0 caract\u00e8re personnel constitue un facteur de confiance, valeur \u00e0 laquelle tient particuli\u00e8rement DBWO, en s\u2019attachant au respect des libert\u00e9s et droits fondamentaux de chacun. La pr\u00e9sente politique de protection des donn\u00e9es \u00e0 caract\u00e8re personnel t\u00e9moigne des engagements mis en \u0153uvre par DBWO [&hellip;]<\/p>","protected":false},"author":1,"featured_media":0,"parent":0,"menu_order":0,"comment_status":"closed","ping_status":"closed","template":"","meta":{"_acf_changed":false,"footnotes":""},"class_list":["post-8869","page","type-page","status-publish","hentry"],"acf":[],"yoast_head":"<!-- This site is optimized with the Yoast SEO plugin v23.6 - https:\/\/yoast.com\/wordpress\/plugins\/seo\/ -->\n<title>Politique g\u00e9n\u00e9rale de protection des donn\u00e9es \u00e0 caract\u00e8re personnel - Viqtor<\/title>\n<meta name=\"robots\" content=\"noindex, nofollow\" \/>\n<meta property=\"og:locale\" content=\"sl_SI\" \/>\n<meta property=\"og:type\" content=\"article\" \/>\n<meta property=\"og:title\" content=\"Politique g\u00e9n\u00e9rale de protection des donn\u00e9es \u00e0 caract\u00e8re personnel - Viqtor\" \/>\n<meta property=\"og:description\" content=\"Le respect de la vie priv\u00e9e et de la protection des donn\u00e9es \u00e0 caract\u00e8re personnel constitue un facteur de confiance, valeur \u00e0 laquelle tient particuli\u00e8rement DBWO, en s\u2019attachant au respect des libert\u00e9s et droits fondamentaux de chacun. La pr\u00e9sente politique de protection des donn\u00e9es \u00e0 caract\u00e8re personnel t\u00e9moigne des engagements mis en \u0153uvre par DBWO [&hellip;]\" \/>\n<meta property=\"og:url\" content=\"https:\/\/viqtor.eu\/sl\/politique-generale-de-protection-des-donnees-a-caractere-personnel\/\" \/>\n<meta property=\"og:site_name\" content=\"Viqtor\" \/>\n<meta property=\"article:modified_time\" content=\"2023-09-20T10:54:39+00:00\" \/>\n<meta name=\"twitter:card\" content=\"summary_large_image\" \/>\n<meta name=\"twitter:label1\" content=\"Est. reading time\" \/>\n\t<meta name=\"twitter:data1\" content=\"7 minut\" \/>\n<script type=\"application\/ld+json\" class=\"yoast-schema-graph\">{\"@context\":\"https:\/\/schema.org\",\"@graph\":[{\"@type\":\"WebPage\",\"@id\":\"https:\/\/viqtor.eu\/politique-generale-de-protection-des-donnees-a-caractere-personnel\/\",\"url\":\"https:\/\/viqtor.eu\/politique-generale-de-protection-des-donnees-a-caractere-personnel\/\",\"name\":\"Politique g\u00e9n\u00e9rale de protection des donn\u00e9es \u00e0 caract\u00e8re personnel - Viqtor\",\"isPartOf\":{\"@id\":\"https:\/\/viqtor.eu\/#website\"},\"datePublished\":\"2023-07-24T10:33:08+00:00\",\"dateModified\":\"2023-09-20T10:54:39+00:00\",\"breadcrumb\":{\"@id\":\"https:\/\/viqtor.eu\/politique-generale-de-protection-des-donnees-a-caractere-personnel\/#breadcrumb\"},\"inLanguage\":\"sl-SI\",\"potentialAction\":[{\"@type\":\"ReadAction\",\"target\":[\"https:\/\/viqtor.eu\/politique-generale-de-protection-des-donnees-a-caractere-personnel\/\"]}]},{\"@type\":\"BreadcrumbList\",\"@id\":\"https:\/\/viqtor.eu\/politique-generale-de-protection-des-donnees-a-caractere-personnel\/#breadcrumb\",\"itemListElement\":[{\"@type\":\"ListItem\",\"position\":1,\"name\":\"Accueil\",\"item\":\"https:\/\/viqtor.eu\/\"},{\"@type\":\"ListItem\",\"position\":2,\"name\":\"Politique g\u00e9n\u00e9rale de protection des donn\u00e9es \u00e0 caract\u00e8re personnel\"}]},{\"@type\":\"WebSite\",\"@id\":\"https:\/\/viqtor.eu\/#website\",\"url\":\"https:\/\/viqtor.eu\/\",\"name\":\"Viqtor\",\"description\":\"Faites du RGPD une opportunit\u00e9 pour votre entreprise.\",\"publisher\":{\"@id\":\"https:\/\/viqtor.eu\/#organization\"},\"potentialAction\":[{\"@type\":\"SearchAction\",\"target\":{\"@type\":\"EntryPoint\",\"urlTemplate\":\"https:\/\/viqtor.eu\/?s={search_term_string}\"},\"query-input\":{\"@type\":\"PropertyValueSpecification\",\"valueRequired\":true,\"valueName\":\"search_term_string\"}}],\"inLanguage\":\"sl-SI\"},{\"@type\":\"Organization\",\"@id\":\"https:\/\/viqtor.eu\/#organization\",\"name\":\"viqtor.eu\",\"url\":\"https:\/\/viqtor.eu\/\",\"logo\":{\"@type\":\"ImageObject\",\"inLanguage\":\"sl-SI\",\"@id\":\"https:\/\/viqtor.eu\/#\/schema\/logo\/image\/\",\"url\":\"https:\/\/viqtor.eu\/wp-content\/uploads\/2023\/06\/favicon-noir.svg\",\"contentUrl\":\"https:\/\/viqtor.eu\/wp-content\/uploads\/2023\/06\/favicon-noir.svg\",\"width\":108,\"height\":86,\"caption\":\"viqtor.eu\"},\"image\":{\"@id\":\"https:\/\/viqtor.eu\/#\/schema\/logo\/image\/\"}}]}<\/script>\n<!-- \/ Yoast SEO plugin. -->","yoast_head_json":{"title":"Politique g\u00e9n\u00e9rale de protection des donn\u00e9es \u00e0 caract\u00e8re personnel - Viqtor","robots":{"index":"noindex","follow":"nofollow"},"og_locale":"sl_SI","og_type":"article","og_title":"Politique g\u00e9n\u00e9rale de protection des donn\u00e9es \u00e0 caract\u00e8re personnel - Viqtor","og_description":"Le respect de la vie priv\u00e9e et de la protection des donn\u00e9es \u00e0 caract\u00e8re personnel constitue un facteur de confiance, valeur \u00e0 laquelle tient particuli\u00e8rement DBWO, en s\u2019attachant au respect des libert\u00e9s et droits fondamentaux de chacun. La pr\u00e9sente politique de protection des donn\u00e9es \u00e0 caract\u00e8re personnel t\u00e9moigne des engagements mis en \u0153uvre par DBWO [&hellip;]","og_url":"https:\/\/viqtor.eu\/sl\/politique-generale-de-protection-des-donnees-a-caractere-personnel\/","og_site_name":"Viqtor","article_modified_time":"2023-09-20T10:54:39+00:00","twitter_card":"summary_large_image","twitter_misc":{"Est. reading time":"7 minut"},"schema":{"@context":"https:\/\/schema.org","@graph":[{"@type":"WebPage","@id":"https:\/\/viqtor.eu\/politique-generale-de-protection-des-donnees-a-caractere-personnel\/","url":"https:\/\/viqtor.eu\/politique-generale-de-protection-des-donnees-a-caractere-personnel\/","name":"Politique g\u00e9n\u00e9rale de protection des donn\u00e9es \u00e0 caract\u00e8re personnel - Viqtor","isPartOf":{"@id":"https:\/\/viqtor.eu\/#website"},"datePublished":"2023-07-24T10:33:08+00:00","dateModified":"2023-09-20T10:54:39+00:00","breadcrumb":{"@id":"https:\/\/viqtor.eu\/politique-generale-de-protection-des-donnees-a-caractere-personnel\/#breadcrumb"},"inLanguage":"sl-SI","potentialAction":[{"@type":"ReadAction","target":["https:\/\/viqtor.eu\/politique-generale-de-protection-des-donnees-a-caractere-personnel\/"]}]},{"@type":"BreadcrumbList","@id":"https:\/\/viqtor.eu\/politique-generale-de-protection-des-donnees-a-caractere-personnel\/#breadcrumb","itemListElement":[{"@type":"ListItem","position":1,"name":"Accueil","item":"https:\/\/viqtor.eu\/"},{"@type":"ListItem","position":2,"name":"Politique g\u00e9n\u00e9rale de protection des donn\u00e9es \u00e0 caract\u00e8re personnel"}]},{"@type":"WebSite","@id":"https:\/\/viqtor.eu\/#website","url":"https:\/\/viqtor.eu\/","name":"Viqtor","description":"Faites du RGPD une opportunit\u00e9 pour votre entreprise.","publisher":{"@id":"https:\/\/viqtor.eu\/#organization"},"potentialAction":[{"@type":"SearchAction","target":{"@type":"EntryPoint","urlTemplate":"https:\/\/viqtor.eu\/?s={search_term_string}"},"query-input":{"@type":"PropertyValueSpecification","valueRequired":true,"valueName":"search_term_string"}}],"inLanguage":"sl-SI"},{"@type":"Organization","@id":"https:\/\/viqtor.eu\/#organization","name":"viqtor.eu","url":"https:\/\/viqtor.eu\/","logo":{"@type":"ImageObject","inLanguage":"sl-SI","@id":"https:\/\/viqtor.eu\/#\/schema\/logo\/image\/","url":"https:\/\/viqtor.eu\/wp-content\/uploads\/2023\/06\/favicon-noir.svg","contentUrl":"https:\/\/viqtor.eu\/wp-content\/uploads\/2023\/06\/favicon-noir.svg","width":108,"height":86,"caption":"viqtor.eu"},"image":{"@id":"https:\/\/viqtor.eu\/#\/schema\/logo\/image\/"}}]}},"_links":{"self":[{"href":"https:\/\/viqtor.eu\/sl\/wp-json\/wp\/v2\/pages\/8869","targetHints":{"allow":["GET"]}}],"collection":[{"href":"https:\/\/viqtor.eu\/sl\/wp-json\/wp\/v2\/pages"}],"about":[{"href":"https:\/\/viqtor.eu\/sl\/wp-json\/wp\/v2\/types\/page"}],"author":[{"embeddable":true,"href":"https:\/\/viqtor.eu\/sl\/wp-json\/wp\/v2\/users\/1"}],"replies":[{"embeddable":true,"href":"https:\/\/viqtor.eu\/sl\/wp-json\/wp\/v2\/comments?post=8869"}],"version-history":[{"count":12,"href":"https:\/\/viqtor.eu\/sl\/wp-json\/wp\/v2\/pages\/8869\/revisions"}],"predecessor-version":[{"id":9625,"href":"https:\/\/viqtor.eu\/sl\/wp-json\/wp\/v2\/pages\/8869\/revisions\/9625"}],"wp:attachment":[{"href":"https:\/\/viqtor.eu\/sl\/wp-json\/wp\/v2\/media?parent=8869"}],"curies":[{"name":"wp","href":"https:\/\/api.w.org\/{rel}","templated":true}]}}