{"id":8065,"date":"2023-06-02T11:44:17","date_gmt":"2023-06-02T11:44:17","guid":{"rendered":"https:\/\/viqtor.eu\/?page_id=8065"},"modified":"2024-09-18T14:42:18","modified_gmt":"2024-09-18T14:42:18","slug":"le-guide-viqtor-de-la-donnee-personnelle","status":"publish","type":"page","link":"https:\/\/viqtor.eu\/sl\/le-guide-viqtor-de-la-donnee-personnelle\/","title":{"rendered":"Viqtorjev vodnik po osebnih podatkih"},"content":{"rendered":"<div data-elementor-type=\"wp-page\" data-elementor-id=\"8065\" class=\"elementor elementor-8065\" data-elementor-post-type=\"page\">\n\t\t\t\t\t\t<section class=\"elementor-section elementor-top-section elementor-element elementor-element-487d106 elementor-section-content-middle ot-traditional elementor-section-boxed elementor-section-height-default elementor-section-height-default\" data-id=\"487d106\" data-element_type=\"section\" data-settings=\"{&quot;background_background&quot;:&quot;classic&quot;}\">\n\t\t\t\t\t\t\t<div class=\"elementor-background-overlay\"><\/div>\n\t\t\t\t\t\t\t<div class=\"elementor-container elementor-column-gap-default\">\n\t\t\t\t\t<div class=\"elementor-column elementor-col-100 elementor-top-column elementor-element elementor-element-7cb43dc ot-column-items-center ot-flex-column-vertical\" data-id=\"7cb43dc\" data-element_type=\"column\">\n\t\t\t<div class=\"elementor-widget-wrap elementor-element-populated\">\n\t\t\t\t\t\t<div class=\"elementor-element elementor-element-f174978 elementor-widget__width-initial elementor-widget elementor-widget-iheading\" data-id=\"f174978\" data-element_type=\"widget\" data-widget_type=\"iheading.default\">\n\t\t\t\t<div class=\"elementor-widget-container\">\n\t\t\t\t\t<div class=\"ot-heading\">\r\n\t        \t            <span>\/\/ Platforma Viqtor\u00ae<\/span>\r\n\t        <h1 class=\"main-heading\">\n\nVodnik Viqtor\u00ae za osebne podatke<\/h1>\t    <\/div>\r\n\t    \t\t<\/div>\n\t\t\t\t<\/div>\n\t\t\t\t\t<\/div>\n\t\t<\/div>\n\t\t\t\t\t<\/div>\n\t\t<\/section>\n\t\t\t\t<section class=\"elementor-section elementor-top-section elementor-element elementor-element-6bfd0a4 ot-traditional elementor-section-boxed elementor-section-height-default elementor-section-height-default\" data-id=\"6bfd0a4\" data-element_type=\"section\">\n\t\t\t\t\t\t<div class=\"elementor-container elementor-column-gap-default\">\n\t\t\t\t\t<div class=\"elementor-column elementor-col-100 elementor-top-column elementor-element elementor-element-9e9d643 ot-flex-column-vertical\" data-id=\"9e9d643\" data-element_type=\"column\">\n\t\t\t<div class=\"elementor-widget-wrap elementor-element-populated\">\n\t\t\t\t\t\t<div class=\"elementor-element elementor-element-4ca1c81 elementor-widget elementor-widget-text-editor\" data-id=\"4ca1c81\" data-element_type=\"widget\" data-widget_type=\"text-editor.default\">\n\t\t\t\t<div class=\"elementor-widget-container\">\n\t\t\t\t\t\t\t<p><span style=\"color: #3366ff;\"><strong><span style=\"text-decoration: underline;\">Predgovor:<\/span> <\/strong><\/span><\/p><p><span style=\"color: #000000;\">Upravljanje tveganj pri varstvu osebnih podatkov: bistveni vodnik za optimalno skladnost.<\/span><\/p><p><span style=\"color: #000000;\">Ko gre za ohranjanje varnosti podatkov, je obvladovanje tveganj bistvenega pomena. V skladu s 121. \u010dlenom francoskega zakona o varstvu podatkov je bistveno dolo\u010diti previdnostne ukrepe, ki jih je treba sprejeti glede na naravo podatkov in tveganja, povezana z obdelavo. Splo\u0161na uredba o varstvu podatkov (GDPR) poudarja pomen izvajanja ustreznih tehni\u010dnih in organizacijskih ukrepov za zagotovitev ustrezne ravni varnosti.<\/span><\/p><p><span style=\"color: #000000;\">Ta zahteva ne velja le za upravljavca osebnih podatkov, temve\u010d tudi za vklju\u010dene obdelovalce, kot je dolo\u010deno v 32. \u010dlenu GDPR. Sprejetje pristopa k obvladovanju tveganj omogo\u010da objektivno odlo\u010danje in izvajanje ukrepov, ki so nujno potrebni in prilagojeni specifi\u010dnemu kontekstu.<\/span><\/p><p><span style=\"color: #000000;\">Vendar pa je lahko izvajanje tak\u0161nega pristopa in zagotavljanje izpolnjevanja zahtev v\u010dasih zapleteno, zlasti za tiste, ki teh metod niso seznanjeni.<\/span><\/p><p><span style=\"color: #000000;\">Zato vam na\u0161 vodnik ponuja dragoceno podporo pri va\u0161ih prizadevanjih za skladnost s predpisi. Opisujemo osnovne previdnostne ukrepe, ki jih je treba sistemati\u010dno izvajati. Ta vodnik, namenjen zlasti poobla\u0161\u010denim osebam za varstvo podatkov (DPO), vodjem varnosti informacijskih sistemov (CISO) in strokovnjakom za IT, ponuja koristne informacije za pravne strokovnjake.<\/span><\/p><p><span style=\"color: #000000;\">Vodnik za obvladovanje tveganj, povezanih z obdelavo osebnih podatkov, za optimalno skladnost z GDPR.<\/span><\/p><p><span style=\"color: #000000;\">Ko gre za upravljanje tveganj, povezanih z obdelavo osebnih podatkov, je bistvenega pomena proaktiven pristop k zagotavljanju varnosti podatkov in zagotavljanju skladnosti z zahtevami Splo\u0161ne uredbe o varstvu podatkov (GDPR). Kot specialist za SEO sem spodaj pripravil podroben vodnik, ki se osredoto\u010da na korake, ki jih lahko sprejmete za optimizacijo skladnosti z GDPR, pri \u010demer upo\u0161tevate najbolj\u0161e prakse za uvrstitev v Googlu.<\/span><\/p><p><strong><span style=\"color: #000000;\">Navedite obdelavo osebnih podatkov in uporabljene medije:<\/span><\/strong><\/p><p><span style=\"color: #000000;\">Eden prvih korakov je opredelitev vseh postopkov obdelave osebnih podatkov, ne glede na to, ali so avtomatizirani ali ne. To vklju\u010duje datoteke strank, pogodbe in druge obdelane podatke. Pomembno je na\u0161teti razli\u010dne uporabljene medije, kot so stre\u017eniki, prenosniki, trdi diski, programska oprema (operacijski sistemi, poslovna programska oprema), komunikacijski kanali (optika, Wi-Fi, internet, ustna komunikacija, kurirji), pa tudi papirnati mediji in fizi\u010dni prostori (ra\u010dunalni\u0161ke sobe, pisarne).<\/span><\/p>\t\t\t\t\t\t<\/div>\n\t\t\t\t<\/div>\n\t\t\t\t\t<\/div>\n\t\t<\/div>\n\t\t\t\t\t<\/div>\n\t\t<\/section>\n\t\t\t\t<section class=\"elementor-section elementor-top-section elementor-element elementor-element-35ba52a ot-traditional elementor-section-boxed elementor-section-height-default elementor-section-height-default\" data-id=\"35ba52a\" data-element_type=\"section\">\n\t\t\t\t\t\t<div class=\"elementor-container elementor-column-gap-default\">\n\t\t\t\t\t<div class=\"elementor-column elementor-col-100 elementor-top-column elementor-element elementor-element-0cf7b26 ot-flex-column-vertical\" data-id=\"0cf7b26\" data-element_type=\"column\">\n\t\t\t<div class=\"elementor-widget-wrap elementor-element-populated\">\n\t\t\t\t\t\t<div class=\"elementor-element elementor-element-3593ed7 elementor-widget elementor-widget-heading\" data-id=\"3593ed7\" data-element_type=\"widget\" data-widget_type=\"heading.default\">\n\t\t\t\t<div class=\"elementor-widget-container\">\n\t\t\t<h2 class=\"elementor-heading-title elementor-size-large\">Ocena tveganj, povezanih z vsakim zdravljenjem:<\/h2>\t\t<\/div>\n\t\t\t\t<\/div>\n\t\t\t\t\t<\/div>\n\t\t<\/div>\n\t\t\t\t\t<\/div>\n\t\t<\/section>\n\t\t\t\t<section class=\"elementor-section elementor-top-section elementor-element elementor-element-3a23f17 ot-traditional elementor-section-boxed elementor-section-height-default elementor-section-height-default\" data-id=\"3a23f17\" data-element_type=\"section\">\n\t\t\t\t\t\t<div class=\"elementor-container elementor-column-gap-default\">\n\t\t\t\t\t<div class=\"elementor-column elementor-col-100 elementor-top-column elementor-element elementor-element-cf1b7c9 ot-flex-column-vertical\" data-id=\"cf1b7c9\" data-element_type=\"column\">\n\t\t\t<div class=\"elementor-widget-wrap elementor-element-populated\">\n\t\t\t\t\t\t<div class=\"elementor-element elementor-element-3c94449 elementor-widget elementor-widget-text-editor\" data-id=\"3c94449\" data-element_type=\"widget\" data-widget_type=\"text-editor.default\">\n\t\t\t\t<div class=\"elementor-widget-container\">\n\t\t\t\t\t\t\t<p><span style=\"color: #0000ff;\"><strong>a- Opredelite morebitne vplive na pravice in svobo\u0161\u010dine zadevnih oseb, s poudarkom na treh scenarijih, ki jih je treba upo\u0161tevati:<\/strong><\/span><\/p><p><span style=\"color: #000000;\"><strong>Nezakonit dostop do podatkov<\/strong>\u00a0: na primer razkritje pla\u010dilnih list vseh zaposlenih v podjetju, kar povzro\u010di krajo identitete.<\/span><\/p><p><span style=\"color: #000000;\"><strong>Ne\u017eelena sprememba podatkov<\/strong>\u00a0na primer spreminjanje dnevnikov dostopa, ki napa\u010dno vodi do obto\u017ebe o kr\u0161itvi ali kaznivem dejanju zoper osebo.<\/span><\/p><p><span style=\"color: #000000;\"><strong>Izginotje podatkov<\/strong>\u00a0: na primer nezmo\u017enost dostopa do elektronske datoteke pacienta, zaradi \u010desar se interakcija z zdravili ne zazna.<\/span><\/p><p><span style=\"color: #000000;\"><strong>Upravljanje tveganj pomaga dolo\u010diti previdnostne ukrepe, ki jih je treba sprejeti za ohranjanje varnosti podatkov<\/strong>, v skladu s 121. \u010dlenom Zakona o varstvu podatkov in 32. \u010dlenom GDPR. Bistveno je razumeti morebitne posledice teh tveganj za pravice in svobo\u0161\u010dine zadevnih posameznikov.<\/span><\/p><p><span style=\"color: #0000ff;\"><strong>b- Ugotovite vire tveganja:<\/strong><\/span><\/p><p><span style=\"color: #000000;\">Za vsak scenarij, v katerem se bojimo, je treba opredeliti vire tveganja, bodisi \u010dlove\u0161ke (notranje ali zunanje) bodisi ne\u010dlove\u0161ke. To vklju\u010duje dejavnike, kot so skrbniki IT, uporabniki, zunanji napadalci, konkurenti, pa tudi elemente, kot so voda, epidemije, nevarne snovi in neciljni ra\u010dunalni\u0161ki virusi.<\/span><\/p>\t\t\t\t\t\t<\/div>\n\t\t\t\t<\/div>\n\t\t\t\t\t<\/div>\n\t\t<\/div>\n\t\t\t\t\t<\/div>\n\t\t<\/section>\n\t\t\t\t<section class=\"elementor-section elementor-top-section elementor-element elementor-element-77edb27 ot-traditional elementor-section-boxed elementor-section-height-default elementor-section-height-default\" data-id=\"77edb27\" data-element_type=\"section\">\n\t\t\t\t\t\t<div class=\"elementor-container elementor-column-gap-default\">\n\t\t\t\t\t<div class=\"elementor-column elementor-col-100 elementor-top-column elementor-element elementor-element-72942a8 ot-flex-column-vertical\" data-id=\"72942a8\" data-element_type=\"column\">\n\t\t\t<div class=\"elementor-widget-wrap elementor-element-populated\">\n\t\t\t\t\t\t<div class=\"elementor-element elementor-element-0fcf018 elementor-widget elementor-widget-text-editor\" data-id=\"0fcf018\" data-element_type=\"widget\" data-widget_type=\"text-editor.default\">\n\t\t\t\t<div class=\"elementor-widget-container\">\n\t\t\t\t\t\t\t<div><div><div><div><p style=\"text-align: center;\"><span style=\"color: #000000;\"><strong>Prenesite celoten priro\u010dnik brezpla\u010dno:<\/strong><\/span><\/p><\/div><\/div><\/div><\/div>\t\t\t\t\t\t<\/div>\n\t\t\t\t<\/div>\n\t\t\t\t\t<\/div>\n\t\t<\/div>\n\t\t\t\t\t<\/div>\n\t\t<\/section>\n\t\t\t\t<section class=\"elementor-section elementor-top-section elementor-element elementor-element-7f22e0c ot-traditional elementor-section-boxed elementor-section-height-default elementor-section-height-default\" data-id=\"7f22e0c\" data-element_type=\"section\">\n\t\t\t\t\t\t<div class=\"elementor-container elementor-column-gap-default\">\n\t\t\t\t\t<div class=\"elementor-column elementor-col-100 elementor-top-column elementor-element elementor-element-d89bd3c ot-flex-column-vertical\" data-id=\"d89bd3c\" data-element_type=\"column\">\n\t\t\t<div class=\"elementor-widget-wrap elementor-element-populated\">\n\t\t\t\t\t\t<div class=\"elementor-element elementor-element-6220207 elementor-widget elementor-widget-text-editor\" data-id=\"6220207\" data-element_type=\"widget\" data-widget_type=\"text-editor.default\">\n\t\t\t\t<div class=\"elementor-widget-container\">\n\t\t\t\t\t\t\t<p><form method=\"post\" action=\"https:\/\/viqtor.eu\/wp-admin\/admin-ajax.php?action=tnp&amp;na=s\" class=\"tnp-subscription\" style=\"\">\n<input type=\"hidden\" name=\"nlang\" value=\"\">\n <div class=\"tnp-field tnp-field-email\"><label for=\"tnp-1\">E-po\u0161ta<\/label>\n<input class=\"tnp-email\" type=\"email\" name=\"ne\" id=\"tnp-1\" value=\"\" placeholder=\"\" required><\/div>\n\u00a0<label> <input name=\"AGREE_TO_TERMS\" required=\"\" type=\"checkbox\" value=\"1\" \/> Sogla\u0161am z uporabo mojih osebnih podatkov izklju\u010dno za namen obdelave moje zahteve za prenos. Prepovedujemo kakr\u0161no koli drugo uporabo teh podatkov.<\/label> <label> <input name=\"AGREE_TO_TERMS\" required=\"\" type=\"checkbox\" value=\"1\" \/>Strinjam se s prejemanjem ob\u010dasnih informacij o ponudbah storitev Viqtor.<\/label>\u00a0 \u00a0 \u00a0 \u00a0 \u00a0 \u00a0 \u00a0 \u00a0 \u00a0 \u00a0 \u00a0 \u00a0 \u00a0 \u00a0 \u00a0 \u00a0 \u00a0 \u00a0 \u00a0 \u00a0 <div class=\"tnp-field tnp-field-button\" style=\"text-align: left\"><input class=\"tnp-submit\" type=\"submit\" value=\"Prejmite vodnik\" style=\"\">\n<\/div>\n<\/form><\/p>\t\t\t\t\t\t<\/div>\n\t\t\t\t<\/div>\n\t\t\t\t\t<\/div>\n\t\t<\/div>\n\t\t\t\t\t<\/div>\n\t\t<\/section>\n\t\t\t\t<\/div>","protected":false},"excerpt":{"rendered":"<p>\/\/ La plateforme Viqtor\u00ae Le guide Viqtor\u00ae de la donn\u00e9e personnelle Avant propos\u00a0: La gestion des risques dans la protection des donn\u00e9es personnelles : Un guide essentiel pour une conformit\u00e9 optimale. Lorsqu&rsquo;il s&rsquo;agit de pr\u00e9server la s\u00e9curit\u00e9 des donn\u00e9es, la gestion des risques est essentielle. Conform\u00e9ment \u00e0 l&rsquo;article 121 de la loi Informatique et Libert\u00e9s, [&hellip;]<\/p>","protected":false},"author":1,"featured_media":0,"parent":0,"menu_order":0,"comment_status":"closed","ping_status":"closed","template":"","meta":{"_acf_changed":false,"footnotes":""},"class_list":["post-8065","page","type-page","status-publish","hentry"],"acf":[],"yoast_head":"<!-- This site is optimized with the Yoast SEO plugin v23.6 - https:\/\/yoast.com\/wordpress\/plugins\/seo\/ -->\n<title>Le guide Viqtor de la donn\u00e9e personnelle<\/title>\n<meta name=\"description\" content=\"La gestion des risques dans la protection des donn\u00e9es personnelles : Un guide essentiel pour une conformit\u00e9 optimale.\" \/>\n<meta name=\"robots\" content=\"index, follow, max-snippet:-1, max-image-preview:large, max-video-preview:-1\" \/>\n<link rel=\"canonical\" href=\"https:\/\/viqtor.eu\/sl\/le-guide-viqtor-de-la-donnee-personnelle\/\" \/>\n<meta property=\"og:locale\" content=\"sl_SI\" \/>\n<meta property=\"og:type\" content=\"article\" \/>\n<meta property=\"og:title\" content=\"Le guide Viqtor de la donn\u00e9e personnelle\" \/>\n<meta property=\"og:description\" content=\"La gestion des risques dans la protection des donn\u00e9es personnelles : Un guide essentiel pour une conformit\u00e9 optimale.\" \/>\n<meta property=\"og:url\" content=\"https:\/\/viqtor.eu\/sl\/le-guide-viqtor-de-la-donnee-personnelle\/\" \/>\n<meta property=\"og:site_name\" content=\"Viqtor\" \/>\n<meta property=\"article:modified_time\" content=\"2024-09-18T14:42:18+00:00\" \/>\n<meta name=\"twitter:card\" content=\"summary_large_image\" \/>\n<meta name=\"twitter:label1\" content=\"Est. reading time\" \/>\n\t<meta name=\"twitter:data1\" content=\"4 minute\" \/>\n<script type=\"application\/ld+json\" class=\"yoast-schema-graph\">{\"@context\":\"https:\/\/schema.org\",\"@graph\":[{\"@type\":\"WebPage\",\"@id\":\"https:\/\/viqtor.eu\/le-guide-viqtor-de-la-donnee-personnelle\/\",\"url\":\"https:\/\/viqtor.eu\/le-guide-viqtor-de-la-donnee-personnelle\/\",\"name\":\"Le guide Viqtor de la donn\u00e9e personnelle\",\"isPartOf\":{\"@id\":\"https:\/\/viqtor.eu\/#website\"},\"datePublished\":\"2023-06-02T11:44:17+00:00\",\"dateModified\":\"2024-09-18T14:42:18+00:00\",\"description\":\"La gestion des risques dans la protection des donn\u00e9es personnelles : Un guide essentiel pour une conformit\u00e9 optimale.\",\"breadcrumb\":{\"@id\":\"https:\/\/viqtor.eu\/le-guide-viqtor-de-la-donnee-personnelle\/#breadcrumb\"},\"inLanguage\":\"sl-SI\",\"potentialAction\":[{\"@type\":\"ReadAction\",\"target\":[\"https:\/\/viqtor.eu\/le-guide-viqtor-de-la-donnee-personnelle\/\"]}]},{\"@type\":\"BreadcrumbList\",\"@id\":\"https:\/\/viqtor.eu\/le-guide-viqtor-de-la-donnee-personnelle\/#breadcrumb\",\"itemListElement\":[{\"@type\":\"ListItem\",\"position\":1,\"name\":\"Accueil\",\"item\":\"https:\/\/viqtor.eu\/\"},{\"@type\":\"ListItem\",\"position\":2,\"name\":\"Le guide Viqtor de la donn\u00e9e personnelle\"}]},{\"@type\":\"WebSite\",\"@id\":\"https:\/\/viqtor.eu\/#website\",\"url\":\"https:\/\/viqtor.eu\/\",\"name\":\"Viqtor\",\"description\":\"Faites du RGPD une opportunit\u00e9 pour votre entreprise.\",\"publisher\":{\"@id\":\"https:\/\/viqtor.eu\/#organization\"},\"potentialAction\":[{\"@type\":\"SearchAction\",\"target\":{\"@type\":\"EntryPoint\",\"urlTemplate\":\"https:\/\/viqtor.eu\/?s={search_term_string}\"},\"query-input\":{\"@type\":\"PropertyValueSpecification\",\"valueRequired\":true,\"valueName\":\"search_term_string\"}}],\"inLanguage\":\"sl-SI\"},{\"@type\":\"Organization\",\"@id\":\"https:\/\/viqtor.eu\/#organization\",\"name\":\"viqtor.eu\",\"url\":\"https:\/\/viqtor.eu\/\",\"logo\":{\"@type\":\"ImageObject\",\"inLanguage\":\"sl-SI\",\"@id\":\"https:\/\/viqtor.eu\/#\/schema\/logo\/image\/\",\"url\":\"https:\/\/viqtor.eu\/wp-content\/uploads\/2023\/06\/favicon-noir.svg\",\"contentUrl\":\"https:\/\/viqtor.eu\/wp-content\/uploads\/2023\/06\/favicon-noir.svg\",\"width\":108,\"height\":86,\"caption\":\"viqtor.eu\"},\"image\":{\"@id\":\"https:\/\/viqtor.eu\/#\/schema\/logo\/image\/\"}}]}<\/script>\n<!-- \/ Yoast SEO plugin. -->","yoast_head_json":{"title":"Le guide Viqtor de la donn\u00e9e personnelle","description":"La gestion des risques dans la protection des donn\u00e9es personnelles : Un guide essentiel pour une conformit\u00e9 optimale.","robots":{"index":"index","follow":"follow","max-snippet":"max-snippet:-1","max-image-preview":"max-image-preview:large","max-video-preview":"max-video-preview:-1"},"canonical":"https:\/\/viqtor.eu\/sl\/le-guide-viqtor-de-la-donnee-personnelle\/","og_locale":"sl_SI","og_type":"article","og_title":"Le guide Viqtor de la donn\u00e9e personnelle","og_description":"La gestion des risques dans la protection des donn\u00e9es personnelles : Un guide essentiel pour une conformit\u00e9 optimale.","og_url":"https:\/\/viqtor.eu\/sl\/le-guide-viqtor-de-la-donnee-personnelle\/","og_site_name":"Viqtor","article_modified_time":"2024-09-18T14:42:18+00:00","twitter_card":"summary_large_image","twitter_misc":{"Est. reading time":"4 minute"},"schema":{"@context":"https:\/\/schema.org","@graph":[{"@type":"WebPage","@id":"https:\/\/viqtor.eu\/le-guide-viqtor-de-la-donnee-personnelle\/","url":"https:\/\/viqtor.eu\/le-guide-viqtor-de-la-donnee-personnelle\/","name":"Le guide Viqtor de la donn\u00e9e personnelle","isPartOf":{"@id":"https:\/\/viqtor.eu\/#website"},"datePublished":"2023-06-02T11:44:17+00:00","dateModified":"2024-09-18T14:42:18+00:00","description":"La gestion des risques dans la protection des donn\u00e9es personnelles : Un guide essentiel pour une conformit\u00e9 optimale.","breadcrumb":{"@id":"https:\/\/viqtor.eu\/le-guide-viqtor-de-la-donnee-personnelle\/#breadcrumb"},"inLanguage":"sl-SI","potentialAction":[{"@type":"ReadAction","target":["https:\/\/viqtor.eu\/le-guide-viqtor-de-la-donnee-personnelle\/"]}]},{"@type":"BreadcrumbList","@id":"https:\/\/viqtor.eu\/le-guide-viqtor-de-la-donnee-personnelle\/#breadcrumb","itemListElement":[{"@type":"ListItem","position":1,"name":"Accueil","item":"https:\/\/viqtor.eu\/"},{"@type":"ListItem","position":2,"name":"Le guide Viqtor de la donn\u00e9e personnelle"}]},{"@type":"WebSite","@id":"https:\/\/viqtor.eu\/#website","url":"https:\/\/viqtor.eu\/","name":"Viqtor","description":"Faites du RGPD une opportunit\u00e9 pour votre entreprise.","publisher":{"@id":"https:\/\/viqtor.eu\/#organization"},"potentialAction":[{"@type":"SearchAction","target":{"@type":"EntryPoint","urlTemplate":"https:\/\/viqtor.eu\/?s={search_term_string}"},"query-input":{"@type":"PropertyValueSpecification","valueRequired":true,"valueName":"search_term_string"}}],"inLanguage":"sl-SI"},{"@type":"Organization","@id":"https:\/\/viqtor.eu\/#organization","name":"viqtor.eu","url":"https:\/\/viqtor.eu\/","logo":{"@type":"ImageObject","inLanguage":"sl-SI","@id":"https:\/\/viqtor.eu\/#\/schema\/logo\/image\/","url":"https:\/\/viqtor.eu\/wp-content\/uploads\/2023\/06\/favicon-noir.svg","contentUrl":"https:\/\/viqtor.eu\/wp-content\/uploads\/2023\/06\/favicon-noir.svg","width":108,"height":86,"caption":"viqtor.eu"},"image":{"@id":"https:\/\/viqtor.eu\/#\/schema\/logo\/image\/"}}]}},"_links":{"self":[{"href":"https:\/\/viqtor.eu\/sl\/wp-json\/wp\/v2\/pages\/8065","targetHints":{"allow":["GET"]}}],"collection":[{"href":"https:\/\/viqtor.eu\/sl\/wp-json\/wp\/v2\/pages"}],"about":[{"href":"https:\/\/viqtor.eu\/sl\/wp-json\/wp\/v2\/types\/page"}],"author":[{"embeddable":true,"href":"https:\/\/viqtor.eu\/sl\/wp-json\/wp\/v2\/users\/1"}],"replies":[{"embeddable":true,"href":"https:\/\/viqtor.eu\/sl\/wp-json\/wp\/v2\/comments?post=8065"}],"version-history":[{"count":104,"href":"https:\/\/viqtor.eu\/sl\/wp-json\/wp\/v2\/pages\/8065\/revisions"}],"predecessor-version":[{"id":12452,"href":"https:\/\/viqtor.eu\/sl\/wp-json\/wp\/v2\/pages\/8065\/revisions\/12452"}],"wp:attachment":[{"href":"https:\/\/viqtor.eu\/sl\/wp-json\/wp\/v2\/media?parent=8065"}],"curies":[{"name":"wp","href":"https:\/\/api.w.org\/{rel}","templated":true}]}}