{"id":7904,"date":"2023-05-30T12:23:18","date_gmt":"2023-05-30T12:23:18","guid":{"rendered":"https:\/\/viqtor.eu\/?page_id=7904"},"modified":"2023-08-31T15:21:04","modified_gmt":"2023-08-31T15:21:04","slug":"dpo-rgpd-france","status":"publish","type":"page","link":"https:\/\/viqtor.eu\/sl\/dpo-rgpd-france\/","title":{"rendered":"&#8230; DPO RGPD France"},"content":{"rendered":"<div data-elementor-type=\"wp-page\" data-elementor-id=\"7904\" class=\"elementor elementor-7904\" data-elementor-post-type=\"page\">\n\t\t\t\t\t\t<section class=\"elementor-section elementor-top-section elementor-element elementor-element-3e86745 ot-traditional elementor-section-boxed elementor-section-height-default elementor-section-height-default\" data-id=\"3e86745\" data-element_type=\"section\">\n\t\t\t\t\t\t<div class=\"elementor-container elementor-column-gap-default\">\n\t\t\t\t\t<div class=\"elementor-column elementor-col-100 elementor-top-column elementor-element elementor-element-6ee51e6 ot-flex-column-vertical\" data-id=\"6ee51e6\" data-element_type=\"column\">\n\t\t\t<div class=\"elementor-widget-wrap elementor-element-populated\">\n\t\t\t\t\t\t<div class=\"elementor-element elementor-element-69671d4 elementor-widget elementor-widget-text-editor\" data-id=\"69671d4\" data-element_type=\"widget\" data-widget_type=\"text-editor.default\">\n\t\t\t\t<div class=\"elementor-widget-container\">\n\t\t\t\t\t\t\t<h1 style=\"text-align: center;\"><strong>Viqtor\u00ae \u2013 Va\u0161 strokovnjak<\/strong> <strong>DPO GDPR Francija\u00a0<\/strong><\/h1><p>Potrebujete strokovnjaka <strong>Poobla\u0161\u010denec za varstvo podatkov (GDPR)<\/strong> <strong>Francija<\/strong> Zaupanja vredno? Na\u0161a platforma vam ponuja celovito re\u0161itev, ki bo va\u0161emu podjetju pomagala pri izpolnjevanju zahtev GDPR.<\/p><p>Z na\u0161im strokovnim znanjem <span style=\"color: #000000;\"><a style=\"color: #000000;\" href=\"https:\/\/viqtor.eu\/sl\/lecosysteme-des-donnees-personnelles\/\"><strong>Poobla\u0161\u010denec za varstvo podatkov (GDPR)\u00a0<\/strong><\/a><\/span> <strong>Francija<\/strong>\u00a0usposobljeni, vas podpiramo skozi celoten postopek skladnosti in zagotavljamo, da va\u0161i postopki obdelave podatkov izpolnjujejo najvi\u0161je standarde.<\/p><p>Na\u0161a platforma vam ponuja nabor orodij in virov za la\u017ejo skladnost z GDPR. Imeli boste dostop do predlog dokumentov, ki so skladni z GDPR, kot so pravilniki o zasebnosti in sporazumi o obdelavi podatkov. Poleg tega na\u0161i strokovnjaki <strong>DPO GDPR Francija<\/strong>\u00a0Na voljo so vam za odgovore na vsa va\u0161a vpra\u0161anja in vam nudijo osebno svetovanje skozi celotno pot do skladnosti s predpisi.<\/p><p>Za vse dodatne informacije smo vam na voljo. Kontaktirajte nas na <a href=\"tel:+33 1 89 71 16 20\">+33 1 89 71 16 20<\/a> ali obi\u0161\u010dite <span style=\"color: #000000;\"><a style=\"color: #000000;\" href=\"https:\/\/app.viqtor.eu\/\"><strong>Viqtor\u00ae<\/strong><\/a><\/span>.<\/p>\t\t\t\t\t\t<\/div>\n\t\t\t\t<\/div>\n\t\t\t\t\t<\/div>\n\t\t<\/div>\n\t\t\t\t\t<\/div>\n\t\t<\/section>\n\t\t\t\t<section class=\"elementor-section elementor-top-section elementor-element elementor-element-e3dd23d ot-traditional elementor-section-boxed elementor-section-height-default elementor-section-height-default\" data-id=\"e3dd23d\" data-element_type=\"section\" data-settings=\"{&quot;background_background&quot;:&quot;gradient&quot;}\">\n\t\t\t\t\t\t<div class=\"elementor-container elementor-column-gap-default\">\n\t\t\t\t\t<div class=\"elementor-column elementor-col-100 elementor-top-column elementor-element elementor-element-88f329a ot-flex-column-vertical\" data-id=\"88f329a\" data-element_type=\"column\">\n\t\t\t<div class=\"elementor-widget-wrap elementor-element-populated\">\n\t\t\t\t\t\t<div class=\"elementor-element elementor-element-f288187 elementor-widget elementor-widget-heading\" data-id=\"f288187\" data-element_type=\"widget\" data-widget_type=\"heading.default\">\n\t\t\t\t<div class=\"elementor-widget-container\">\n\t\t\t<h2 class=\"elementor-heading-title elementor-size-xl\">S pomo\u010djo na\u0161ih strokovnjakov za za\u0161\u010dito podatkov v Franciji zagotovite skladnost svojega podjetja z GDPR <\/h2>\t\t<\/div>\n\t\t\t\t<\/div>\n\t\t\t\t\t<\/div>\n\t\t<\/div>\n\t\t\t\t\t<\/div>\n\t\t<\/section>\n\t\t\t\t<section class=\"elementor-section elementor-top-section elementor-element elementor-element-30e8ba3 ot-traditional elementor-section-boxed elementor-section-height-default elementor-section-height-default\" data-id=\"30e8ba3\" data-element_type=\"section\">\n\t\t\t\t\t\t<div class=\"elementor-container elementor-column-gap-default\">\n\t\t\t\t\t<div class=\"elementor-column elementor-col-100 elementor-top-column elementor-element elementor-element-e72c199 ot-flex-column-vertical\" data-id=\"e72c199\" data-element_type=\"column\">\n\t\t\t<div class=\"elementor-widget-wrap elementor-element-populated\">\n\t\t\t\t\t\t<section class=\"elementor-section elementor-inner-section elementor-element elementor-element-eb9b6ef elementor-section-content-middle ot-traditional elementor-section-boxed elementor-section-height-default elementor-section-height-default\" data-id=\"eb9b6ef\" data-element_type=\"section\">\n\t\t\t\t\t\t<div class=\"elementor-container elementor-column-gap-default\">\n\t\t\t\t\t<div class=\"elementor-column elementor-col-50 elementor-inner-column elementor-element elementor-element-fec129d ot-flex-column-vertical\" data-id=\"fec129d\" data-element_type=\"column\">\n\t\t\t<div class=\"elementor-widget-wrap elementor-element-populated\">\n\t\t\t\t\t\t<div class=\"elementor-element elementor-element-914332b elementor-widget elementor-widget-text-editor\" data-id=\"914332b\" data-element_type=\"widget\" data-widget_type=\"text-editor.default\">\n\t\t\t\t<div class=\"elementor-widget-container\">\n\t\t\t\t\t\t\t<p><span style=\"color: #000000;\">V dana\u0161njem digitalnem okolju je upravljanje osebnih podatkov v skladu s standardi GDPR postalo strate\u0161ka prednostna naloga za podjetja.<\/span><\/p><p><span style=\"color: #000000;\">Poleg preproste skladnosti s predpisi lahko u\u010dinkovito upravljanje osebnih podatkov vodi do bolj\u0161ega ugleda podjetja, ve\u010djega zaupanja strank in ve\u010dje konkuren\u010dnosti.<\/span><\/p>\t\t\t\t\t\t<\/div>\n\t\t\t\t<\/div>\n\t\t\t\t\t<\/div>\n\t\t<\/div>\n\t\t\t\t<div class=\"elementor-column elementor-col-50 elementor-inner-column elementor-element elementor-element-96f5aa0 ot-flex-column-vertical\" data-id=\"96f5aa0\" data-element_type=\"column\">\n\t\t\t<div class=\"elementor-widget-wrap elementor-element-populated\">\n\t\t\t\t\t\t<div class=\"elementor-element elementor-element-323deb6 elementor-widget__width-initial elementor-widget elementor-widget-image\" data-id=\"323deb6\" data-element_type=\"widget\" data-widget_type=\"image.default\">\n\t\t\t\t<div class=\"elementor-widget-container\">\n\t\t\t\t\t\t\t\t\t\t\t\t\t<img fetchpriority=\"high\" decoding=\"async\" width=\"1024\" height=\"647\" src=\"https:\/\/viqtor.eu\/wp-content\/uploads\/2023\/05\/donnees-personnelles-RGPD-1024x647.png\" class=\"attachment-large size-large wp-image-7275\" alt=\"donn\u00e9es personnelles RGPD\" srcset=\"https:\/\/viqtor.eu\/wp-content\/uploads\/2023\/05\/donnees-personnelles-RGPD-1024x647.png 1024w, https:\/\/viqtor.eu\/wp-content\/uploads\/2023\/05\/donnees-personnelles-RGPD-300x190.png 300w, https:\/\/viqtor.eu\/wp-content\/uploads\/2023\/05\/donnees-personnelles-RGPD-768x485.png 768w, https:\/\/viqtor.eu\/wp-content\/uploads\/2023\/05\/donnees-personnelles-RGPD-1536x971.png 1536w, https:\/\/viqtor.eu\/wp-content\/uploads\/2023\/05\/donnees-personnelles-RGPD-720x455.png 720w, https:\/\/viqtor.eu\/wp-content\/uploads\/2023\/05\/donnees-personnelles-RGPD.png 1582w\" sizes=\"(max-width: 1024px) 100vw, 1024px\" \/>\t\t\t\t\t\t\t\t\t\t\t\t\t<\/div>\n\t\t\t\t<\/div>\n\t\t\t\t\t<\/div>\n\t\t<\/div>\n\t\t\t\t\t<\/div>\n\t\t<\/section>\n\t\t\t\t<div class=\"elementor-element elementor-element-44435ae elementor-widget elementor-widget-text-editor\" data-id=\"44435ae\" data-element_type=\"widget\" data-widget_type=\"text-editor.default\">\n\t\t\t\t<div class=\"elementor-widget-container\">\n\t\t\t\t\t\t\t<p style=\"text-align: center;\"><a class=\"wp-block-button__link has-vivid-cyan-blue-background-color has-background has-text-align-center wp-element-button\" href=\"https:\/\/app.viqtor.eu\/\" target=\"_blank\" rel=\"noreferrer noopener\">Odkrijte Viktorja<span style=\"color: #ffffff;\">\u00ae<\/span><\/a><\/p>\t\t\t\t\t\t<\/div>\n\t\t\t\t<\/div>\n\t\t\t\t\t<\/div>\n\t\t<\/div>\n\t\t\t\t\t<\/div>\n\t\t<\/section>\n\t\t\t\t<section class=\"elementor-section elementor-top-section elementor-element elementor-element-aa4b47d elementor-section-content-middle ot-traditional elementor-section-boxed elementor-section-height-default elementor-section-height-default\" data-id=\"aa4b47d\" data-element_type=\"section\">\n\t\t\t\t\t\t\t<div class=\"elementor-background-overlay\"><\/div>\n\t\t\t\t\t\t\t<div class=\"elementor-container elementor-column-gap-extended\">\n\t\t\t\t\t<div class=\"elementor-column elementor-col-50 elementor-top-column elementor-element elementor-element-8243aef elementor-hidden-tablet elementor-hidden-phone ot-column-items-top ot-flex-column-vertical\" data-id=\"8243aef\" data-element_type=\"column\" data-settings=\"{&quot;background_background&quot;:&quot;classic&quot;}\">\n\t\t\t<div class=\"elementor-widget-wrap elementor-element-populated\">\n\t\t\t\t\t\t<div class=\"elementor-element elementor-element-47e8a70 elementor-widget elementor-widget-image\" data-id=\"47e8a70\" data-element_type=\"widget\" data-widget_type=\"image.default\">\n\t\t\t\t<div class=\"elementor-widget-container\">\n\t\t\t\t\t\t\t\t\t\t\t\t\t<img decoding=\"async\" width=\"1024\" height=\"681\" src=\"https:\/\/viqtor.eu\/wp-content\/uploads\/2023\/05\/donnees-personnelles-RGPD-2-1024x681.png\" class=\"attachment-large size-large wp-image-7276\" alt=\"donn\u00e9es personnelles RGPD\" srcset=\"https:\/\/viqtor.eu\/wp-content\/uploads\/2023\/05\/donnees-personnelles-RGPD-2-1024x681.png 1024w, https:\/\/viqtor.eu\/wp-content\/uploads\/2023\/05\/donnees-personnelles-RGPD-2-300x199.png 300w, https:\/\/viqtor.eu\/wp-content\/uploads\/2023\/05\/donnees-personnelles-RGPD-2-768x511.png 768w, https:\/\/viqtor.eu\/wp-content\/uploads\/2023\/05\/donnees-personnelles-RGPD-2-1536x1021.png 1536w, https:\/\/viqtor.eu\/wp-content\/uploads\/2023\/05\/donnees-personnelles-RGPD-2-720x479.png 720w, https:\/\/viqtor.eu\/wp-content\/uploads\/2023\/05\/donnees-personnelles-RGPD-2.png 1582w\" sizes=\"(max-width: 1024px) 100vw, 1024px\" \/>\t\t\t\t\t\t\t\t\t\t\t\t\t<\/div>\n\t\t\t\t<\/div>\n\t\t\t\t\t<\/div>\n\t\t<\/div>\n\t\t\t\t<div class=\"elementor-column elementor-col-50 elementor-top-column elementor-element elementor-element-5e7b92b ot-flex-column-vertical\" data-id=\"5e7b92b\" data-element_type=\"column\">\n\t\t\t<div class=\"elementor-widget-wrap elementor-element-populated\">\n\t\t\t\t\t\t<div class=\"elementor-element elementor-element-55cca91 elementor-widget__width-initial elementor-widget elementor-widget-iheading\" data-id=\"55cca91\" data-element_type=\"widget\" data-widget_type=\"iheading.default\">\n\t\t\t\t<div class=\"elementor-widget-container\">\n\t\t\t\t\t<div class=\"ot-heading\">\r\n\t        <h2 class=\"main-heading\">Vizualizirajte svoj ekosistem osebnih podatkov v skladu z GDPR<\/h2>\t    <\/div>\r\n\t    \t\t<\/div>\n\t\t\t\t<\/div>\n\t\t\t\t<div class=\"elementor-element elementor-element-72485af elementor-widget__width-initial elementor-widget elementor-widget-text-editor\" data-id=\"72485af\" data-element_type=\"widget\" data-widget_type=\"text-editor.default\">\n\t\t\t\t<div class=\"elementor-widget-container\">\n\t\t\t\t\t\t\t<div class=\"flex-1 overflow-hidden\"><div class=\"react-scroll-to-bottom--css-rzxli-79elbk h-full dark:bg-gray-800\"><div class=\"react-scroll-to-bottom--css-rzxli-1n7m0yu\"><div class=\"flex flex-col text-sm dark:bg-gray-800\"><div class=\"group w-full text-gray-800 dark:text-gray-100 border-b border-black\/10 dark:border-gray-900\/50 bg-gray-50 dark:bg-[#444654]\"><div class=\"flex p-4 gap-4 text-base md:gap-6 md:max-w-2xl lg:max-w-xl xl:max-w-3xl md:py-6 lg:px-0 m-auto\"><div class=\"relative flex w-[calc(100%-50px)] flex-col gap-1 md:gap-3 lg:w-[calc(100%-115px)]\"><div class=\"flex flex-grow flex-col gap-3\"><div class=\"min-h-[20px] flex flex-col items-start gap-4 whitespace-pre-wrap break-words\"><div class=\"markdown prose w-full break-words dark:prose-invert dark\"><p><span style=\"color: #000000;\">Na\u0161a storitev kartiranja uporablja najsodobnej\u0161e tehnike vizualizacije, ki zagotavljajo celovit pregled ekosistema osebnih podatkov va\u0161e organizacije. Sledi izvoru, toku, uporabi in shranjevanju vseh osebnih podatkov ter zagotavlja natan\u010den prikaz upravljanja in za\u0161\u010dite teh podatkov.<\/span><\/p><\/div><\/div><\/div><\/div><\/div><\/div><\/div><\/div><\/div><\/div>\t\t\t\t\t\t<\/div>\n\t\t\t\t<\/div>\n\t\t\t\t\t<\/div>\n\t\t<\/div>\n\t\t\t\t\t<\/div>\n\t\t<\/section>\n\t\t\t\t<section class=\"elementor-section elementor-top-section elementor-element elementor-element-f46331b elementor-section-content-middle ot-traditional elementor-section-boxed elementor-section-height-default elementor-section-height-default\" data-id=\"f46331b\" data-element_type=\"section\" data-settings=\"{&quot;background_background&quot;:&quot;classic&quot;}\">\n\t\t\t\t\t\t\t<div class=\"elementor-background-overlay\"><\/div>\n\t\t\t\t\t\t\t<div class=\"elementor-container elementor-column-gap-default\">\n\t\t\t\t\t<div class=\"elementor-column elementor-col-100 elementor-top-column elementor-element elementor-element-c1653f8 ot-column-items-center ot-flex-column-vertical\" data-id=\"c1653f8\" data-element_type=\"column\">\n\t\t\t<div class=\"elementor-widget-wrap elementor-element-populated\">\n\t\t\t\t\t\t<div class=\"elementor-element elementor-element-0b99088 elementor-widget__width-initial elementor-widget elementor-widget-iheading\" data-id=\"0b99088\" data-element_type=\"widget\" data-widget_type=\"iheading.default\">\n\t\t\t\t<div class=\"elementor-widget-container\">\n\t\t\t\t\t<div class=\"ot-heading\">\r\n\t        \t            <span>\/\/ z VIQTOR\u00ae Simplify skladnost z GDPR<\/span>\r\n\t        <h2 class=\"main-heading\">Razumevanje ekosistema osebnih podatkov je bistvenega pomena za doseganje skladnosti z GDPR<\/h2>\t    <\/div>\r\n\t    \t\t<\/div>\n\t\t\t\t<\/div>\n\t\t\t\t<div class=\"elementor-element elementor-element-fdfa326 elementor-widget elementor-widget-text-editor\" data-id=\"fdfa326\" data-element_type=\"widget\" data-widget_type=\"text-editor.default\">\n\t\t\t\t<div class=\"elementor-widget-container\">\n\t\t\t\t\t\t\t<p style=\"text-align: left;\"><strong><span style=\"color: #ffffff;\">Na\u0161a storitev kartiranja vam pomaga ugotoviti, kje in kako se obdelujejo osebni podatki, kar olaj\u0161a izvajanje potrebnih ukrepov za skladnost z GDPR. Poleg tega vam lahko kartiranje podatkovnega ekosistema pomaga ustvariti in vzdr\u017eevati evidenco dejavnosti obdelave, kar je klju\u010dna zahteva GDPR.<\/span><\/strong><\/p>\t\t\t\t\t\t<\/div>\n\t\t\t\t<\/div>\n\t\t\t\t\t<\/div>\n\t\t<\/div>\n\t\t\t\t\t<\/div>\n\t\t<\/section>\n\t\t\t\t<\/div>","protected":false},"excerpt":{"rendered":"<p>Viqtor\u00ae\u00a0 \u2013 Votre expert DPO RGPD France\u00a0 Vous avez besoin d\u2019un expert DPO RGPD France de confiance\u00a0? Notre plateforme vous offre une solution compl\u00e8te pour vous aider \u00e0 mettre votre entreprise en conformit\u00e9 avec les exigences du RGPD. Avec l&rsquo;expertise de nos DPO RGPD\u00a0 France\u00a0qualifi\u00e9s, nous vous accompagnons tout au long du processus de conformit\u00e9, [&hellip;]<\/p>","protected":false},"author":1,"featured_media":0,"parent":0,"menu_order":0,"comment_status":"closed","ping_status":"closed","template":"","meta":{"_acf_changed":false,"footnotes":""},"class_list":["post-7904","page","type-page","status-publish","hentry"],"acf":[],"yoast_head":"<!-- This site is optimized with the Yoast SEO plugin v23.6 - https:\/\/yoast.com\/wordpress\/plugins\/seo\/ -->\n<title>DPO RGPD France - Viqtor<\/title>\n<meta name=\"description\" content=\"Votre expert DPO RGPD France, Viqtor, vous propose une large gamme des services pour se mettre en conformit\u00e9 avec le rgpd.\" \/>\n<meta name=\"robots\" content=\"index, follow, max-snippet:-1, max-image-preview:large, max-video-preview:-1\" \/>\n<link rel=\"canonical\" href=\"https:\/\/viqtor.eu\/sl\/dpo-rgpd-france\/\" \/>\n<meta property=\"og:locale\" content=\"sl_SI\" \/>\n<meta property=\"og:type\" content=\"article\" \/>\n<meta property=\"og:title\" content=\"DPO RGPD France - Viqtor\" \/>\n<meta property=\"og:description\" content=\"Votre expert DPO RGPD France, Viqtor, vous propose une large gamme des services pour se mettre en conformit\u00e9 avec le rgpd.\" \/>\n<meta property=\"og:url\" content=\"https:\/\/viqtor.eu\/sl\/dpo-rgpd-france\/\" \/>\n<meta property=\"og:site_name\" content=\"Viqtor\" \/>\n<meta property=\"article:modified_time\" content=\"2023-08-31T15:21:04+00:00\" \/>\n<meta property=\"og:image\" content=\"https:\/\/viqtor.eu\/wp-content\/uploads\/2023\/05\/donnees-personnelles-RGPD-1024x647.png\" \/>\n<meta name=\"twitter:card\" content=\"summary_large_image\" \/>\n<meta name=\"twitter:label1\" content=\"Est. reading time\" \/>\n\t<meta name=\"twitter:data1\" content=\"3 minute\" \/>\n<script type=\"application\/ld+json\" class=\"yoast-schema-graph\">{\"@context\":\"https:\/\/schema.org\",\"@graph\":[{\"@type\":\"WebPage\",\"@id\":\"https:\/\/viqtor.eu\/dpo-rgpd-france\/\",\"url\":\"https:\/\/viqtor.eu\/dpo-rgpd-france\/\",\"name\":\"DPO RGPD France - Viqtor\",\"isPartOf\":{\"@id\":\"https:\/\/viqtor.eu\/#website\"},\"primaryImageOfPage\":{\"@id\":\"https:\/\/viqtor.eu\/dpo-rgpd-france\/#primaryimage\"},\"image\":{\"@id\":\"https:\/\/viqtor.eu\/dpo-rgpd-france\/#primaryimage\"},\"thumbnailUrl\":\"https:\/\/viqtor.eu\/wp-content\/uploads\/2023\/05\/donnees-personnelles-RGPD-1024x647.png\",\"datePublished\":\"2023-05-30T12:23:18+00:00\",\"dateModified\":\"2023-08-31T15:21:04+00:00\",\"description\":\"Votre expert DPO RGPD France, Viqtor, vous propose une large gamme des services pour se mettre en conformit\u00e9 avec le rgpd.\",\"breadcrumb\":{\"@id\":\"https:\/\/viqtor.eu\/dpo-rgpd-france\/#breadcrumb\"},\"inLanguage\":\"sl-SI\",\"potentialAction\":[{\"@type\":\"ReadAction\",\"target\":[\"https:\/\/viqtor.eu\/dpo-rgpd-france\/\"]}]},{\"@type\":\"ImageObject\",\"inLanguage\":\"sl-SI\",\"@id\":\"https:\/\/viqtor.eu\/dpo-rgpd-france\/#primaryimage\",\"url\":\"https:\/\/viqtor.eu\/wp-content\/uploads\/2023\/05\/donnees-personnelles-RGPD-1024x647.png\",\"contentUrl\":\"https:\/\/viqtor.eu\/wp-content\/uploads\/2023\/05\/donnees-personnelles-RGPD-1024x647.png\"},{\"@type\":\"BreadcrumbList\",\"@id\":\"https:\/\/viqtor.eu\/dpo-rgpd-france\/#breadcrumb\",\"itemListElement\":[{\"@type\":\"ListItem\",\"position\":1,\"name\":\"Accueil\",\"item\":\"https:\/\/viqtor.eu\/\"},{\"@type\":\"ListItem\",\"position\":2,\"name\":\"&#8230; DPO RGPD France\"}]},{\"@type\":\"WebSite\",\"@id\":\"https:\/\/viqtor.eu\/#website\",\"url\":\"https:\/\/viqtor.eu\/\",\"name\":\"Viqtor\",\"description\":\"Faites du RGPD une opportunit\u00e9 pour votre entreprise.\",\"publisher\":{\"@id\":\"https:\/\/viqtor.eu\/#organization\"},\"potentialAction\":[{\"@type\":\"SearchAction\",\"target\":{\"@type\":\"EntryPoint\",\"urlTemplate\":\"https:\/\/viqtor.eu\/?s={search_term_string}\"},\"query-input\":{\"@type\":\"PropertyValueSpecification\",\"valueRequired\":true,\"valueName\":\"search_term_string\"}}],\"inLanguage\":\"sl-SI\"},{\"@type\":\"Organization\",\"@id\":\"https:\/\/viqtor.eu\/#organization\",\"name\":\"viqtor.eu\",\"url\":\"https:\/\/viqtor.eu\/\",\"logo\":{\"@type\":\"ImageObject\",\"inLanguage\":\"sl-SI\",\"@id\":\"https:\/\/viqtor.eu\/#\/schema\/logo\/image\/\",\"url\":\"https:\/\/viqtor.eu\/wp-content\/uploads\/2023\/06\/favicon-noir.svg\",\"contentUrl\":\"https:\/\/viqtor.eu\/wp-content\/uploads\/2023\/06\/favicon-noir.svg\",\"width\":108,\"height\":86,\"caption\":\"viqtor.eu\"},\"image\":{\"@id\":\"https:\/\/viqtor.eu\/#\/schema\/logo\/image\/\"}}]}<\/script>\n<!-- \/ Yoast SEO plugin. -->","yoast_head_json":{"title":"DPO RGPD France - Viqtor","description":"Votre expert DPO RGPD France, Viqtor, vous propose une large gamme des services pour se mettre en conformit\u00e9 avec le rgpd.","robots":{"index":"index","follow":"follow","max-snippet":"max-snippet:-1","max-image-preview":"max-image-preview:large","max-video-preview":"max-video-preview:-1"},"canonical":"https:\/\/viqtor.eu\/sl\/dpo-rgpd-france\/","og_locale":"sl_SI","og_type":"article","og_title":"DPO RGPD France - Viqtor","og_description":"Votre expert DPO RGPD France, Viqtor, vous propose une large gamme des services pour se mettre en conformit\u00e9 avec le rgpd.","og_url":"https:\/\/viqtor.eu\/sl\/dpo-rgpd-france\/","og_site_name":"Viqtor","article_modified_time":"2023-08-31T15:21:04+00:00","og_image":[{"url":"https:\/\/viqtor.eu\/wp-content\/uploads\/2023\/05\/donnees-personnelles-RGPD-1024x647.png"}],"twitter_card":"summary_large_image","twitter_misc":{"Est. reading time":"3 minute"},"schema":{"@context":"https:\/\/schema.org","@graph":[{"@type":"WebPage","@id":"https:\/\/viqtor.eu\/dpo-rgpd-france\/","url":"https:\/\/viqtor.eu\/dpo-rgpd-france\/","name":"DPO RGPD France - Viqtor","isPartOf":{"@id":"https:\/\/viqtor.eu\/#website"},"primaryImageOfPage":{"@id":"https:\/\/viqtor.eu\/dpo-rgpd-france\/#primaryimage"},"image":{"@id":"https:\/\/viqtor.eu\/dpo-rgpd-france\/#primaryimage"},"thumbnailUrl":"https:\/\/viqtor.eu\/wp-content\/uploads\/2023\/05\/donnees-personnelles-RGPD-1024x647.png","datePublished":"2023-05-30T12:23:18+00:00","dateModified":"2023-08-31T15:21:04+00:00","description":"Votre expert DPO RGPD France, Viqtor, vous propose une large gamme des services pour se mettre en conformit\u00e9 avec le rgpd.","breadcrumb":{"@id":"https:\/\/viqtor.eu\/dpo-rgpd-france\/#breadcrumb"},"inLanguage":"sl-SI","potentialAction":[{"@type":"ReadAction","target":["https:\/\/viqtor.eu\/dpo-rgpd-france\/"]}]},{"@type":"ImageObject","inLanguage":"sl-SI","@id":"https:\/\/viqtor.eu\/dpo-rgpd-france\/#primaryimage","url":"https:\/\/viqtor.eu\/wp-content\/uploads\/2023\/05\/donnees-personnelles-RGPD-1024x647.png","contentUrl":"https:\/\/viqtor.eu\/wp-content\/uploads\/2023\/05\/donnees-personnelles-RGPD-1024x647.png"},{"@type":"BreadcrumbList","@id":"https:\/\/viqtor.eu\/dpo-rgpd-france\/#breadcrumb","itemListElement":[{"@type":"ListItem","position":1,"name":"Accueil","item":"https:\/\/viqtor.eu\/"},{"@type":"ListItem","position":2,"name":"&#8230; DPO RGPD France"}]},{"@type":"WebSite","@id":"https:\/\/viqtor.eu\/#website","url":"https:\/\/viqtor.eu\/","name":"Viqtor","description":"Faites du RGPD une opportunit\u00e9 pour votre entreprise.","publisher":{"@id":"https:\/\/viqtor.eu\/#organization"},"potentialAction":[{"@type":"SearchAction","target":{"@type":"EntryPoint","urlTemplate":"https:\/\/viqtor.eu\/?s={search_term_string}"},"query-input":{"@type":"PropertyValueSpecification","valueRequired":true,"valueName":"search_term_string"}}],"inLanguage":"sl-SI"},{"@type":"Organization","@id":"https:\/\/viqtor.eu\/#organization","name":"viqtor.eu","url":"https:\/\/viqtor.eu\/","logo":{"@type":"ImageObject","inLanguage":"sl-SI","@id":"https:\/\/viqtor.eu\/#\/schema\/logo\/image\/","url":"https:\/\/viqtor.eu\/wp-content\/uploads\/2023\/06\/favicon-noir.svg","contentUrl":"https:\/\/viqtor.eu\/wp-content\/uploads\/2023\/06\/favicon-noir.svg","width":108,"height":86,"caption":"viqtor.eu"},"image":{"@id":"https:\/\/viqtor.eu\/#\/schema\/logo\/image\/"}}]}},"_links":{"self":[{"href":"https:\/\/viqtor.eu\/sl\/wp-json\/wp\/v2\/pages\/7904","targetHints":{"allow":["GET"]}}],"collection":[{"href":"https:\/\/viqtor.eu\/sl\/wp-json\/wp\/v2\/pages"}],"about":[{"href":"https:\/\/viqtor.eu\/sl\/wp-json\/wp\/v2\/types\/page"}],"author":[{"embeddable":true,"href":"https:\/\/viqtor.eu\/sl\/wp-json\/wp\/v2\/users\/1"}],"replies":[{"embeddable":true,"href":"https:\/\/viqtor.eu\/sl\/wp-json\/wp\/v2\/comments?post=7904"}],"version-history":[{"count":14,"href":"https:\/\/viqtor.eu\/sl\/wp-json\/wp\/v2\/pages\/7904\/revisions"}],"predecessor-version":[{"id":9551,"href":"https:\/\/viqtor.eu\/sl\/wp-json\/wp\/v2\/pages\/7904\/revisions\/9551"}],"wp:attachment":[{"href":"https:\/\/viqtor.eu\/sl\/wp-json\/wp\/v2\/media?parent=7904"}],"curies":[{"name":"wp","href":"https:\/\/api.w.org\/{rel}","templated":true}]}}