{"id":6522,"date":"2023-05-10T15:50:27","date_gmt":"2023-05-10T15:50:27","guid":{"rendered":"https:\/\/viqtor.eu\/?page_id=6522"},"modified":"2023-07-24T10:19:18","modified_gmt":"2023-07-24T10:19:18","slug":"mentions-legales","status":"publish","type":"page","link":"https:\/\/viqtor.eu\/sl\/mentions-legales\/","title":{"rendered":"Pravna obvestila"},"content":{"rendered":"<div data-elementor-type=\"wp-page\" data-elementor-id=\"6522\" class=\"elementor elementor-6522\" data-elementor-post-type=\"page\">\n\t\t\t\t\t\t<section class=\"elementor-section elementor-top-section elementor-element elementor-element-747390f0 ot-traditional elementor-section-boxed elementor-section-height-default elementor-section-height-default\" data-id=\"747390f0\" data-element_type=\"section\">\n\t\t\t\t\t\t<div class=\"elementor-container elementor-column-gap-default\">\n\t\t\t\t\t<div class=\"elementor-column elementor-col-100 elementor-top-column elementor-element elementor-element-2fbcdc64 ot-flex-column-vertical\" data-id=\"2fbcdc64\" data-element_type=\"column\">\n\t\t\t<div class=\"elementor-widget-wrap elementor-element-populated\">\n\t\t\t\t\t\t<div class=\"elementor-element elementor-element-69294830 elementor-widget elementor-widget-text-editor\" data-id=\"69294830\" data-element_type=\"widget\" data-widget_type=\"text-editor.default\">\n\t\t\t\t<div class=\"elementor-widget-container\">\n\t\t\t\t\t\t\t<!-- wp:paragraph -->\n<p><\/p>\n<!-- \/wp:paragraph -->\n\n<!-- wp:list {\"ordered\":true} -->\n<ol><!-- wp:list-item -->\n<li><strong>PREDSTAVITEV SPLETNEGA MESTA.<\/strong><\/li>\n<!-- \/wp:list-item --><\/ol>\n<!-- \/wp:list -->\n\n<!-- wp:paragraph -->\n<p>V skladu s 6. \u010dlenom Zakona \u0161t. 2004-575 z dne 21. junija 2004 o zaupanju v digitalno gospodarstvo so uporabniki spletnega mesta https:\/\/viqtor.eu obve\u0161\u010deni o identiteti razli\u010dnih strank, ki sodelujejo pri njegovem ustvarjanju in spremljanju:<\/p>\n<!-- \/wp:paragraph -->\n\n<!-- wp:paragraph -->\n<p>Lastnik: DBWO<\/p>\n<!-- \/wp:paragraph -->\n\n<!-- wp:paragraph -->\n<p>Ustvarjalec: ACTIVATION \/ VENISE HBA, SAS s kapitalom 37.000 \u20ac RCS NANTERRE 350 130 019, 37\/41 rue Fernand PELLOUTIER \u2013 92100 BOULOGNE-BILLANCOURT<\/p>\n<!-- \/wp:paragraph -->\n\n<!-- wp:paragraph -->\n<p>Vodja publikacije: Bruno Dumay<\/p>\n<!-- \/wp:paragraph -->\n\n<!-- wp:paragraph -->\n<p>Gostitelj: OVH SAS s kapitalom 10.069.020 \u20ac \u2013 RCS Lille M\u00e9tropole 424 761 419 00045, 2 rue Kellermann \u2013 59100 Roubaix<\/p>\n<!-- \/wp:paragraph -->\n\n<!-- wp:list {\"ordered\":true,\"start\":2} -->\n<ol start=\"2\"><!-- wp:list-item -->\n<li><strong>SPLO\u0160NI POGOJI UPORABE SPLETNEGA MESTA IN PONUJENIH STORITEV.<\/strong><\/li>\n<!-- \/wp:list-item --><\/ol>\n<!-- \/wp:list -->\n\n<!-- wp:paragraph -->\n<p>Uporaba spletnega mesta https:\/\/viqtor.eu pomeni popolno sprejetje spodaj opisanih splo\u0161nih pogojev uporabe. Ti pogoji uporabe se lahko kadar koli spremenijo ali dopolnijo.<\/p>\n<!-- \/wp:paragraph -->\n\n<!-- wp:paragraph -->\n<p>To spletno mesto je obi\u010dajno uporabnikom dostopno ves \u010das. Vendar pa se lahko DBWO odlo\u010di, da spletno mesto prekine zaradi tehni\u010dnih vzdr\u017eevalnih razlogov, in si bo prizadeval, da uporabnike vnaprej obvesti o datumih in urah posega.<\/p>\n<!-- \/wp:paragraph -->\n\n<!-- wp:paragraph -->\n<p>Spletno mesto https:\/\/viqtor.eu redno posodablja DBWO. Prav tako se lahko pravna obvestila kadar koli spremenijo; vendar so za uporabnika zavezujo\u010da, zato ga vabimo, da jih \u010dim pogosteje prebere, da bi bil z njimi seznanjen.<\/p>\n<!-- \/wp:paragraph -->\n\n<!-- wp:list {\"ordered\":true,\"start\":3} -->\n<ol start=\"3\"><!-- wp:list-item -->\n<li><strong>OPIS OPRAVLJENIH STORITEV.<\/strong><\/li>\n<!-- \/wp:list-item --><\/ol>\n<!-- \/wp:list -->\n\n<!-- wp:paragraph -->\n<p>Namen spletnega mesta https:\/\/viqtor.eu je zagotavljanje informacij o vseh dejavnostih podjetja.<\/p>\n<!-- \/wp:paragraph -->\n\n<!-- wp:paragraph -->\n<p>DBWO si prizadeva zagotavljati \u010dim bolj to\u010dne informacije na spletni strani https:\/\/viqtor.eu. Vendar ne prevzema odgovornosti za opustitve, neto\u010dnosti ali pomanjkljivosti pri posodabljanju, ne glede na to, ali jih povzro\u010di sam ali pa jih povzro\u010dijo tretji partnerji, ki te informacije zagotavljajo.<\/p>\n<!-- \/wp:paragraph -->\n\n<!-- wp:paragraph -->\n<p>Vse informacije na spletni strani https:\/\/viqtor.eu so zgolj informativne narave in se lahko spremenijo. Poleg tega informacije na spletni strani https:\/\/viqtor.eu niso iz\u010drpne. Na voljo so le pod pogojem, da so se od objave na spletu morda spremenile.<\/p>\n<!-- \/wp:paragraph -->\n\n<!-- wp:list {\"ordered\":true,\"start\":4} -->\n<ol start=\"4\"><!-- wp:list-item -->\n<li><strong>POGODBENE OMEJITVE TEHNI\u010cNIH PODATKOV.<\/strong><\/li>\n<!-- \/wp:list-item --><\/ol>\n<!-- \/wp:list -->\n\n<!-- wp:paragraph -->\n<p>Spletno mesto uporablja tehnologijo: HTML\/CSS\/MsQL<\/p>\n<!-- \/wp:paragraph -->\n\n<!-- wp:paragraph -->\n<p>Spletno mesto ne odgovarja za materialno \u0161kodo, povezano z uporabo spletnega mesta. Poleg tega se uporabnik spletnega mesta strinja, da bo do spletnega mesta dostopal z uporabo sodobne opreme, ki ne vsebuje virusov, in s posodobljenim brskalnikom najnovej\u0161e generacije.<\/p>\n<!-- \/wp:paragraph -->\n\n<!-- wp:list {\"ordered\":true,\"start\":5} -->\n<ol start=\"5\"><!-- wp:list-item -->\n<li><strong>INTELEKTUALNA LASTNINA IN PONAREJANJE.<\/strong><\/li>\n<!-- \/wp:list-item --><\/ol>\n<!-- \/wp:list -->\n\n<!-- wp:paragraph -->\n<p>DBWO je lastnik pravic intelektualne lastnine ali ima pravice uporabe vseh elementov, ki so dostopni na spletnem mestu, zlasti besedil, slik, grafike, logotipov, ikon, zvokov, programske opreme.<\/p>\n<!-- \/wp:paragraph -->\n\n<!-- wp:paragraph -->\n<p>Kakr\u0161na koli reprodukcija, predstavitev, spreminjanje, objavljanje, prilagajanje vseh ali dela elementov spletnega mesta, ne glede na uporabljena sredstva ali postopek, je prepovedano, razen s predhodnim pisnim dovoljenjem DBWO.<\/p>\n<!-- \/wp:paragraph -->\n\n<!-- wp:paragraph -->\n<p>Vsaka nepoobla\u0161\u010dena uporaba spletnega mesta ali katerega koli elementa, ki ga vsebuje, se bo \u0161tela za kr\u0161itev in se bo preganjala v skladu z dolo\u010dbami \u010dlenov L.335-2 in naslednjih Zakonika o intelektualni lastnini.<\/p>\n<!-- \/wp:paragraph -->\n\n<!-- wp:list {\"ordered\":true,\"start\":6} -->\n<ol start=\"6\"><!-- wp:list-item -->\n<li><strong>OMEJITVE ODGOVORNOSTI.<\/strong><\/li>\n<!-- \/wp:list-item --><\/ol>\n<!-- \/wp:list -->\n\n<!-- wp:paragraph -->\n<p>DBWO ne odgovarja za neposredno ali posredno \u0161kodo, povzro\u010deno uporabnikovi opremi med dostopom do spletnega mesta, ki je posledica uporabe opreme, ki ne ustreza specifikacijam, navedenim v to\u010dki 4, ali pojava napake ali nezdru\u017eljivosti.<\/p>\n<!-- \/wp:paragraph -->\n\n<!-- wp:paragraph -->\n<p>DBWO ne odgovarja za posredno \u0161kodo (kot je izguba trga ali izguba prilo\u017enosti), ki bi nastala zaradi uporabe spletnega mesta www.dbwo.legal.<\/p>\n<!-- \/wp:paragraph -->\n\n<!-- wp:paragraph -->\n<p>Uporabnikom so na voljo interaktivni prostori (mo\u017enost postavljanja vpra\u0161anj v kontaktnem obmo\u010dju). DBWO si pridr\u017euje pravico, da brez predhodnega obvestila izbri\u0161e katero koli vsebino, objavljeno v tem prostoru, ki kr\u0161i veljavno zakonodajo v Franciji, zlasti dolo\u010dbe o varstvu podatkov. Kjer je to primerno, si DBWO pridr\u017euje tudi pravico, da uporabnika civilno in\/ali kazensko odgovarja, zlasti v primeru sporo\u010dil rasisti\u010dne, \u017ealjive, obrekljive ali pornografske narave, ne glede na uporabljeni medij (besedilo, fotografija itd.).<\/p>\n<!-- \/wp:paragraph -->\n\n<!-- wp:list {\"ordered\":true,\"start\":7} -->\n<ol start=\"7\"><!-- wp:list-item -->\n<li><strong>UPRAVLJANJE OSEBNIH PODATKOV.<\/strong><\/li>\n<!-- \/wp:list-item --><\/ol>\n<!-- \/wp:list -->\n\n<!-- wp:paragraph -->\n<p>V Franciji so osebni podatki za\u0161\u010diteni zlasti z zakonom \u0161t. 78-87 z dne 6. januarja 1978, zakonom \u0161t. 2004-801 z dne 6. avgusta 2004, \u010dlenom L. 226-13 kazenskega zakonika, uredbo o varstvu posameznikov pri obdelavi osebnih podatkov in prostem pretoku takih podatkov ter o razveljavitvi Direktive 95\/46\/ES (Splo\u0161na uredba o varstvu podatkov) in zakonom \u0161t. 2018-493 z dne 20. junija 2018 o varstvu osebnih podatkov.<\/p>\n<!-- \/wp:paragraph -->\n\n<!-- wp:paragraph -->\n<p>Pri uporabi spletnega mesta https:\/\/viqtor.eu se lahko zbirajo naslednji podatki: URL povezav, prek katerih je uporabnik dostopal do spletnega mesta https:\/\/viqtor.eu, uporabnikov ponudnik dostopa, uporabnikov internetni protokol (IP) naslov.<\/p>\n<!-- \/wp:paragraph -->\n\n<!-- wp:paragraph -->\n<p>V vsakem primeru DBWO zbira osebne podatke o uporabniku le za namene dolo\u010denih storitev, ki jih ponuja spletno mesto https:\/\/viqtor.eu. Uporabnik te podatke posreduje s popolnim zavedanjem dejstev, zlasti \u010de jih vnese sam. Uporabnik spletnega mesta https:\/\/viqtor.eu je nato obve\u0161\u010den, ali je dol\u017ean posredovati te podatke ali ne.<\/p>\n<!-- \/wp:paragraph -->\n\n<!-- wp:paragraph -->\n<p>V skladu z dolo\u010dbami 38. \u010dlena in naslednjih \u010dlenov Zakona 78-17 z dne 6. januarja 1978 o informacijski tehnologiji, datotekah in svobo\u0161\u010dinah ima vsak uporabnik pravico do dostopa, popravka in ugovora v zvezi z osebnimi podatki, ki se nanj nana\u0161ajo, tako da vlo\u017ei pisno in podpisano zahtevo, ki ji prilo\u017ei kopijo osebnega dokumenta s podpisom imetnika dokumenta, pri \u010demer navede naslov, na katerega je treba poslati odgovor.<\/p>\n<!-- \/wp:paragraph -->\n\n<!-- wp:paragraph -->\n<p>Nobeni osebni podatki uporabnika spletnega mesta https:\/\/viqtor.eu niso objavljeni, izmenjani, preneseni, dodeljeni ali prodani na kakr\u0161en koli na\u010din tretjim osebam brez uporabnikove vednosti.<\/p>\n<!-- \/wp:paragraph -->\n\n<!-- wp:paragraph -->\n<p>Podatkovne baze so za\u0161\u010ditene z dolo\u010dbami zakona z dne 1. julija 1998, ki prena\u0161a Direktivo 96\/9 z dne 11. marca 1996 o pravnem varstvu podatkovnih baz.<\/p>\n<!-- \/wp:paragraph -->\n\n<!-- wp:list {\"ordered\":true,\"start\":8} -->\n<ol start=\"8\"><!-- wp:list-item -->\n<li><strong>HIPERTEKSTNE POVEZAVE IN PI\u0160KOTKI.<\/strong><\/li>\n<!-- \/wp:list-item --><\/ol>\n<!-- \/wp:list -->\n\n<!-- wp:paragraph -->\n<p>Spletno mesto https:\/\/viqtor.eu vsebuje \u0161tevilne hiperpovezave do drugih spletnih mest, ki so bile vzpostavljene z dovoljenjem DBWO. Vendar DBWO ne more preveriti vsebine obiskanih spletnih mest in zato za to ne prevzema nobene odgovornosti.<\/p>\n<!-- \/wp:paragraph -->\n\n<!-- wp:paragraph -->\n<p>Brskanje po spletnem mestu https:\/\/viqtor.eu lahko povzro\u010di namestitev pi\u0161kotkov na uporabnikov ra\u010dunalnik. Pi\u0161kotek je majhna datoteka, ki ne omogo\u010da identifikacije uporabnika, vendar bele\u017ei informacije v zvezi z navigacijo ra\u010dunalnika po spletnem mestu. Tako pridobljeni podatki so namenjeni olaj\u0161anju nadaljnje navigacije po spletnem mestu in omogo\u010dajo tudi razli\u010dne meritve prometa.<\/p>\n<!-- \/wp:paragraph -->\n\n<!-- wp:paragraph -->\n<p>\u010ce zavrnete namestitev pi\u0161kotka, morda ne boste mogli dostopati do dolo\u010denih storitev. Vendar pa lahko uporabnik svoj ra\u010dunalnik konfigurira na naslednji na\u010din, da zavrne namestitev pi\u0161kotkov:<\/p>\n<!-- \/wp:paragraph -->\n\n<!-- wp:paragraph -->\n<p>V Internet Explorerju: zavihek Orodja (ikona zobnika v zgornjem desnem kotu) \/ internetne mo\u017enosti.<\/p>\n<!-- \/wp:paragraph -->\n\n<!-- wp:paragraph -->\n<p>Kliknite na Zasebnost in izberite Blokiraj vse pi\u0161kotke. Potrdite z V redu.<\/p>\n<!-- \/wp:paragraph -->\n\n<!-- wp:paragraph -->\n<p>V Firefoxu: Na vrhu okna brskalnika kliknite gumb Firefox in nato pojdite na zavihek Mo\u017enosti. Kliknite zavihek Zasebnost.<\/p>\n<!-- \/wp:paragraph -->\n\n<!-- wp:paragraph -->\n<p>Pravila hrambe nastavite na: Uporabi nastavitve po meri za zgodovino. Na koncu po\u010distite kljukico, da onemogo\u010dite pi\u0161kotke.<\/p>\n<!-- \/wp:paragraph -->\n\n<!-- wp:paragraph -->\n<p>V brskalniku Safari: V zgornjem desnem kotu brskalnika kliknite ikono menija (ki jo simbolizira zobnik). Izberite Nastavitve. Kliknite Prika\u017ei napredne nastavitve. V razdelku \u00bbZasebnost\u00ab kliknite Nastavitve vsebine. V razdelku \u00bbPi\u0161kotki\u00ab lahko blokirate pi\u0161kotke.<\/p>\n<!-- \/wp:paragraph -->\n\n<!-- wp:paragraph -->\n<p>V Chromu: Kliknite ikono menija (ki jo simbolizirajo tri vodoravne \u010drte) v zgornjem desnem kotu brskalnika. Izberite Nastavitve. Kliknite Prika\u017ei napredne nastavitve.<\/p>\n<!-- \/wp:paragraph -->\n\n<!-- wp:paragraph -->\n<p>V razdelku \u00bbZasebnost\u00ab kliknite Nastavitve. Na zavihku \u00bbZasebnost\u00ab lahko blokirate pi\u0161kotke.<\/p>\n<!-- \/wp:paragraph -->\n\n<!-- wp:list {\"ordered\":true,\"start\":9} -->\n<ol start=\"9\"><!-- wp:list-item -->\n<li><strong>VELJAVNA ZAKONODAJA IN PRISTOJNOST.<\/strong><\/li>\n<!-- \/wp:list-item --><\/ol>\n<!-- \/wp:list -->\n\n<!-- wp:paragraph -->\n<p>Za vse spore v zvezi z uporabo spletnega mesta https:\/\/viqtor.eu velja francosko pravo. V primeru spora s strokovnjakom so izklju\u010dno pristojna redna sodi\u0161\u010da in sodi\u0161\u010da v Angoul\u00eameu.<\/p>\n<!-- \/wp:paragraph -->\n\n<!-- wp:list {\"ordered\":true,\"start\":10} -->\n<ol start=\"10\"><!-- wp:list-item -->\n<li><strong>GLAVNI ZADEVNI ZAKONI.<\/strong><\/li>\n<!-- \/wp:list-item --><\/ol>\n<!-- \/wp:list -->\n\n<!-- wp:paragraph -->\n<p>Uredba o varstvu posameznikov pri obdelavi osebnih podatkov in o prostem pretoku takih podatkov ter o razveljavitvi Direktive 95\/46\/ES (Splo\u0161na uredba o varstvu podatkov)<\/p>\n<!-- \/wp:paragraph -->\n\n<!-- wp:paragraph -->\n<p>ZAKON \u0161t. 2018-493 z dne 20. junija 2018 o varstvu osebnih podatkov<\/p>\n<!-- \/wp:paragraph -->\n\n<!-- wp:paragraph -->\n<p>Zakon \u0161t. 78-87 z dne 6. januarja 1978, kakor je bil zlasti spremenjen z Zakonom \u0161t. 2004-801 z dne 6. avgusta 2004 o informacijski tehnologiji, datotekah in svobo\u0161\u010dinah.<\/p>\n<!-- \/wp:paragraph -->\n\n<!-- wp:paragraph -->\n<p>Zakon \u0161t. 2004-575 z dne 21. junija 2004 o zaupanju v digitalno gospodarstvo.<\/p>\n<!-- \/wp:paragraph -->\n\n<!-- wp:list {\"ordered\":true,\"start\":11} -->\n<ol start=\"11\"><!-- wp:list-item -->\n<li><strong>LEKSIKON.<\/strong><\/li>\n<!-- \/wp:list-item --><\/ol>\n<!-- \/wp:list -->\n\n<!-- wp:paragraph -->\n<p>Uporabnik: uporabnik interneta, ki se povezuje z zgoraj omenjenim spletnim mestom in ga uporablja.<\/p>\n<!-- \/wp:paragraph -->\n\n<!-- wp:paragraph -->\n<p>Osebni podatki: \u00bbinformacije, ki v kakr\u0161ni koli obliki, neposredno ali posredno, omogo\u010dajo identifikacijo posameznikov, na katere se nana\u0161ajo\u00ab (4. \u010dlen zakona \u0161t. 78-17 z dne 6. januarja 1978)<\/p>\n<!-- \/wp:paragraph -->\n\n<!-- wp:paragraph -->\n<p><\/p>\n<!-- \/wp:paragraph -->\t\t\t\t\t\t<\/div>\n\t\t\t\t<\/div>\n\t\t\t\t\t<\/div>\n\t\t<\/div>\n\t\t\t\t\t<\/div>\n\t\t<\/section>\n\t\t\t\t<\/div>","protected":false},"excerpt":{"rendered":"<p>En vertu de l\u2019article 6 de la loi n\u00b0 2004-575 du 21 juin 2004 pour la confiance dans l\u2019\u00e9conomie num\u00e9rique, il est pr\u00e9cis\u00e9 aux utilisateurs du site https:\/\/viqtor.eu l\u2019identit\u00e9 des diff\u00e9rents intervenants dans le cadre de sa r\u00e9alisation et de son suivi : Propri\u00e9taire : DBWO Cr\u00e9ateur : ACTIVATION \/ VENISE HBA, SAS au capital [&hellip;]<\/p>","protected":false},"author":1,"featured_media":0,"parent":0,"menu_order":0,"comment_status":"closed","ping_status":"closed","template":"","meta":{"_acf_changed":false,"footnotes":""},"class_list":["post-6522","page","type-page","status-publish","hentry"],"acf":[],"yoast_head":"<!-- This site is optimized with the Yoast SEO plugin v23.6 - https:\/\/yoast.com\/wordpress\/plugins\/seo\/ -->\n<title>Mentions l\u00e9gales - Viqtor<\/title>\n<meta name=\"robots\" content=\"noindex, nofollow\" \/>\n<meta property=\"og:locale\" content=\"sl_SI\" \/>\n<meta property=\"og:type\" content=\"article\" \/>\n<meta property=\"og:title\" content=\"Mentions l\u00e9gales - Viqtor\" \/>\n<meta property=\"og:description\" content=\"En vertu de l\u2019article 6 de la loi n\u00b0 2004-575 du 21 juin 2004 pour la confiance dans l\u2019\u00e9conomie num\u00e9rique, il est pr\u00e9cis\u00e9 aux utilisateurs du site https:\/\/viqtor.eu l\u2019identit\u00e9 des diff\u00e9rents intervenants dans le cadre de sa r\u00e9alisation et de son suivi : Propri\u00e9taire : DBWO Cr\u00e9ateur : ACTIVATION \/ VENISE HBA, SAS au capital [&hellip;]\" \/>\n<meta property=\"og:url\" content=\"https:\/\/viqtor.eu\/sl\/mentions-legales\/\" \/>\n<meta property=\"og:site_name\" content=\"Viqtor\" \/>\n<meta property=\"article:modified_time\" content=\"2023-07-24T10:19:18+00:00\" \/>\n<meta name=\"twitter:card\" content=\"summary_large_image\" \/>\n<meta name=\"twitter:label1\" content=\"Est. reading time\" \/>\n\t<meta name=\"twitter:data1\" content=\"8 minut\" \/>\n<script type=\"application\/ld+json\" class=\"yoast-schema-graph\">{\"@context\":\"https:\/\/schema.org\",\"@graph\":[{\"@type\":\"WebPage\",\"@id\":\"https:\/\/viqtor.eu\/mentions-legales\/\",\"url\":\"https:\/\/viqtor.eu\/mentions-legales\/\",\"name\":\"Mentions l\u00e9gales - Viqtor\",\"isPartOf\":{\"@id\":\"https:\/\/viqtor.eu\/#website\"},\"datePublished\":\"2023-05-10T15:50:27+00:00\",\"dateModified\":\"2023-07-24T10:19:18+00:00\",\"breadcrumb\":{\"@id\":\"https:\/\/viqtor.eu\/mentions-legales\/#breadcrumb\"},\"inLanguage\":\"sl-SI\",\"potentialAction\":[{\"@type\":\"ReadAction\",\"target\":[\"https:\/\/viqtor.eu\/mentions-legales\/\"]}]},{\"@type\":\"BreadcrumbList\",\"@id\":\"https:\/\/viqtor.eu\/mentions-legales\/#breadcrumb\",\"itemListElement\":[{\"@type\":\"ListItem\",\"position\":1,\"name\":\"Accueil\",\"item\":\"https:\/\/viqtor.eu\/\"},{\"@type\":\"ListItem\",\"position\":2,\"name\":\"Mentions l\u00e9gales\"}]},{\"@type\":\"WebSite\",\"@id\":\"https:\/\/viqtor.eu\/#website\",\"url\":\"https:\/\/viqtor.eu\/\",\"name\":\"Viqtor\",\"description\":\"Faites du RGPD une opportunit\u00e9 pour votre entreprise.\",\"publisher\":{\"@id\":\"https:\/\/viqtor.eu\/#organization\"},\"potentialAction\":[{\"@type\":\"SearchAction\",\"target\":{\"@type\":\"EntryPoint\",\"urlTemplate\":\"https:\/\/viqtor.eu\/?s={search_term_string}\"},\"query-input\":{\"@type\":\"PropertyValueSpecification\",\"valueRequired\":true,\"valueName\":\"search_term_string\"}}],\"inLanguage\":\"sl-SI\"},{\"@type\":\"Organization\",\"@id\":\"https:\/\/viqtor.eu\/#organization\",\"name\":\"viqtor.eu\",\"url\":\"https:\/\/viqtor.eu\/\",\"logo\":{\"@type\":\"ImageObject\",\"inLanguage\":\"sl-SI\",\"@id\":\"https:\/\/viqtor.eu\/#\/schema\/logo\/image\/\",\"url\":\"https:\/\/viqtor.eu\/wp-content\/uploads\/2023\/06\/favicon-noir.svg\",\"contentUrl\":\"https:\/\/viqtor.eu\/wp-content\/uploads\/2023\/06\/favicon-noir.svg\",\"width\":108,\"height\":86,\"caption\":\"viqtor.eu\"},\"image\":{\"@id\":\"https:\/\/viqtor.eu\/#\/schema\/logo\/image\/\"}}]}<\/script>\n<!-- \/ Yoast SEO plugin. -->","yoast_head_json":{"title":"Mentions l\u00e9gales - Viqtor","robots":{"index":"noindex","follow":"nofollow"},"og_locale":"sl_SI","og_type":"article","og_title":"Mentions l\u00e9gales - Viqtor","og_description":"En vertu de l\u2019article 6 de la loi n\u00b0 2004-575 du 21 juin 2004 pour la confiance dans l\u2019\u00e9conomie num\u00e9rique, il est pr\u00e9cis\u00e9 aux utilisateurs du site https:\/\/viqtor.eu l\u2019identit\u00e9 des diff\u00e9rents intervenants dans le cadre de sa r\u00e9alisation et de son suivi : Propri\u00e9taire : DBWO Cr\u00e9ateur : ACTIVATION \/ VENISE HBA, SAS au capital [&hellip;]","og_url":"https:\/\/viqtor.eu\/sl\/mentions-legales\/","og_site_name":"Viqtor","article_modified_time":"2023-07-24T10:19:18+00:00","twitter_card":"summary_large_image","twitter_misc":{"Est. reading time":"8 minut"},"schema":{"@context":"https:\/\/schema.org","@graph":[{"@type":"WebPage","@id":"https:\/\/viqtor.eu\/mentions-legales\/","url":"https:\/\/viqtor.eu\/mentions-legales\/","name":"Mentions l\u00e9gales - Viqtor","isPartOf":{"@id":"https:\/\/viqtor.eu\/#website"},"datePublished":"2023-05-10T15:50:27+00:00","dateModified":"2023-07-24T10:19:18+00:00","breadcrumb":{"@id":"https:\/\/viqtor.eu\/mentions-legales\/#breadcrumb"},"inLanguage":"sl-SI","potentialAction":[{"@type":"ReadAction","target":["https:\/\/viqtor.eu\/mentions-legales\/"]}]},{"@type":"BreadcrumbList","@id":"https:\/\/viqtor.eu\/mentions-legales\/#breadcrumb","itemListElement":[{"@type":"ListItem","position":1,"name":"Accueil","item":"https:\/\/viqtor.eu\/"},{"@type":"ListItem","position":2,"name":"Mentions l\u00e9gales"}]},{"@type":"WebSite","@id":"https:\/\/viqtor.eu\/#website","url":"https:\/\/viqtor.eu\/","name":"Viqtor","description":"Faites du RGPD une opportunit\u00e9 pour votre entreprise.","publisher":{"@id":"https:\/\/viqtor.eu\/#organization"},"potentialAction":[{"@type":"SearchAction","target":{"@type":"EntryPoint","urlTemplate":"https:\/\/viqtor.eu\/?s={search_term_string}"},"query-input":{"@type":"PropertyValueSpecification","valueRequired":true,"valueName":"search_term_string"}}],"inLanguage":"sl-SI"},{"@type":"Organization","@id":"https:\/\/viqtor.eu\/#organization","name":"viqtor.eu","url":"https:\/\/viqtor.eu\/","logo":{"@type":"ImageObject","inLanguage":"sl-SI","@id":"https:\/\/viqtor.eu\/#\/schema\/logo\/image\/","url":"https:\/\/viqtor.eu\/wp-content\/uploads\/2023\/06\/favicon-noir.svg","contentUrl":"https:\/\/viqtor.eu\/wp-content\/uploads\/2023\/06\/favicon-noir.svg","width":108,"height":86,"caption":"viqtor.eu"},"image":{"@id":"https:\/\/viqtor.eu\/#\/schema\/logo\/image\/"}}]}},"_links":{"self":[{"href":"https:\/\/viqtor.eu\/sl\/wp-json\/wp\/v2\/pages\/6522","targetHints":{"allow":["GET"]}}],"collection":[{"href":"https:\/\/viqtor.eu\/sl\/wp-json\/wp\/v2\/pages"}],"about":[{"href":"https:\/\/viqtor.eu\/sl\/wp-json\/wp\/v2\/types\/page"}],"author":[{"embeddable":true,"href":"https:\/\/viqtor.eu\/sl\/wp-json\/wp\/v2\/users\/1"}],"replies":[{"embeddable":true,"href":"https:\/\/viqtor.eu\/sl\/wp-json\/wp\/v2\/comments?post=6522"}],"version-history":[{"count":6,"href":"https:\/\/viqtor.eu\/sl\/wp-json\/wp\/v2\/pages\/6522\/revisions"}],"predecessor-version":[{"id":6532,"href":"https:\/\/viqtor.eu\/sl\/wp-json\/wp\/v2\/pages\/6522\/revisions\/6532"}],"wp:attachment":[{"href":"https:\/\/viqtor.eu\/sl\/wp-json\/wp\/v2\/media?parent=6522"}],"curies":[{"name":"wp","href":"https:\/\/api.w.org\/{rel}","templated":true}]}}