{"id":12719,"date":"2025-02-17T13:01:41","date_gmt":"2025-02-17T13:01:41","guid":{"rendered":"https:\/\/viqtor.eu\/?page_id=12719"},"modified":"2025-04-23T19:08:46","modified_gmt":"2025-04-23T19:08:46","slug":"guide-rgpd-et-site-web-quelles-obligations-respecter","status":"publish","type":"page","link":"https:\/\/viqtor.eu\/sl\/guide-rgpd-et-site-web-quelles-obligations-respecter\/","title":{"rendered":"Vodnik: GDPR in spletna stran: katere obveznosti je treba spo\u0161tovati?"},"content":{"rendered":"<div data-elementor-type=\"wp-page\" data-elementor-id=\"12719\" class=\"elementor elementor-12719\" data-elementor-post-type=\"page\">\n\t\t\t\t\t\t<section class=\"elementor-section elementor-top-section elementor-element elementor-element-487d106 elementor-section-content-middle ot-traditional elementor-section-boxed elementor-section-height-default elementor-section-height-default\" data-id=\"487d106\" data-element_type=\"section\" data-settings=\"{&quot;background_background&quot;:&quot;classic&quot;}\">\n\t\t\t\t\t\t\t<div class=\"elementor-background-overlay\"><\/div>\n\t\t\t\t\t\t\t<div class=\"elementor-container elementor-column-gap-default\">\n\t\t\t\t\t<div class=\"elementor-column elementor-col-100 elementor-top-column elementor-element elementor-element-7cb43dc ot-column-items-center ot-flex-column-vertical\" data-id=\"7cb43dc\" data-element_type=\"column\">\n\t\t\t<div class=\"elementor-widget-wrap elementor-element-populated\">\n\t\t\t\t\t\t<div class=\"elementor-element elementor-element-f174978 elementor-widget__width-initial elementor-widget elementor-widget-iheading\" data-id=\"f174978\" data-element_type=\"widget\" data-widget_type=\"iheading.default\">\n\t\t\t\t<div class=\"elementor-widget-container\">\n\t\t\t\t\t<div class=\"ot-heading\">\r\n\t        \t            <span>\/\/ Platforma Viqtor\u00ae<\/span>\r\n\t        <h1 class=\"main-heading\">Vodnik: GDPR in spletna stran: Katere obveznosti je treba spo\u0161tovati?<\/h1>\t    <\/div>\r\n\t    \t\t<\/div>\n\t\t\t\t<\/div>\n\t\t\t\t\t<\/div>\n\t\t<\/div>\n\t\t\t\t\t<\/div>\n\t\t<\/section>\n\t\t\t\t<section class=\"elementor-section elementor-top-section elementor-element elementor-element-6bfd0a4 ot-traditional elementor-section-boxed elementor-section-height-default elementor-section-height-default\" data-id=\"6bfd0a4\" data-element_type=\"section\">\n\t\t\t\t\t\t<div class=\"elementor-container elementor-column-gap-default\">\n\t\t\t\t\t<div class=\"elementor-column elementor-col-100 elementor-top-column elementor-element elementor-element-9e9d643 ot-flex-column-vertical\" data-id=\"9e9d643\" data-element_type=\"column\">\n\t\t\t<div class=\"elementor-widget-wrap elementor-element-populated\">\n\t\t\t\t\t\t<div class=\"elementor-element elementor-element-4ca1c81 elementor-widget elementor-widget-text-editor\" data-id=\"4ca1c81\" data-element_type=\"widget\" data-widget_type=\"text-editor.default\">\n\t\t\t\t<div class=\"elementor-widget-container\">\n\t\t\t\t\t\t\t<p data-pm-slice=\"1 1 []\">Splo\u0161na uredba o varstvu podatkov (GDPR) je evropska uredba, katere cilj je okrepiti varstvo osebnih podatkov dr\u017eavljanov Evropske unije. Vsako podjetje, ki zbira ali obdeluje osebne podatke na spletu, mora izpolnjevati njene zahteve, sicer se soo\u010da s kaznimi. V tem \u010dlanku podrobno opisujemo obveznosti, ki jih morate izpolnjevati, da bo va\u0161e spletno mesto skladno z GDPR. <strong>GDPR<\/strong>.<\/p><h2 data-pm-slice=\"1 1 []\">Kaj je GDPR?<\/h2><p>GDPR je za\u010del veljati 25. maja 2018 z namenom uskladitve zakonov o varstvu podatkov po vsej Evropi. Podjetjem, ki obdelujejo osebne podatke, nalaga stroge obveznosti.<\/p><h3>Na koga vpliva GDPR?<\/h3><p>Vsako podjetje ali organizacija, ne glede na to, ali ima sede\u017e v EU ali ne, ki zbira ali obdeluje podatke evropskih dr\u017eavljanov, mora upo\u0161tevati GDPR.<\/p><h3>Temeljna na\u010dela GDPR<\/h3><p>GDPR temelji na \u0161estih klju\u010dnih na\u010delih:<\/p><ul data-spread=\"false\"><li><p><strong>Zakonitost, zvestoba in preglednost<\/strong><\/p><\/li><li><p><strong>Omejitev namenov<\/strong><\/p><\/li><li><p><strong>Zmanj\u0161evanje podatkov<\/strong><\/p><\/li><li><p><strong>Natan\u010dnost<\/strong><\/p><\/li><li><p><strong>Omejitev hrambe<\/strong><\/p><\/li><li><p><strong>Integriteta in zaupnost<\/strong><\/p><\/li><\/ul><h4>Pravne obveznosti spletnih mest<\/h4><p>Spletna mesta morajo zagotoviti preglednost zbranih podatkov, pridobiti izrecno soglasje in zagotoviti varnost osebnih podatkov.<\/p><h4>Kako pridobiti veljavno soglasje?<\/h4><p>Privolitev mora biti svobodna in natan\u010dna<span class=\"sw\">,<\/span>\u00a0<span class=\"sw\">razsvetljen<\/span>\u00a0In\u00a0<span class=\"sw\">brez<\/span>\u00a0<span class=\"sw\">dvoumnost<\/span>Pasice za pi\u0161kotke bi morale uporabnikom omogo\u010dati enostavno sprejetje ali zavrnitev.<\/p><h4 data-pm-slice=\"1 1 []\">Pravilnik o zasebnosti<\/h4><p>Podrobno mora opredeliti, kako in zakaj se podatki zbirajo, shranjujejo in delijo.<\/p>\t\t\t\t\t\t<\/div>\n\t\t\t\t<\/div>\n\t\t\t\t\t<\/div>\n\t\t<\/div>\n\t\t\t\t\t<\/div>\n\t\t<\/section>\n\t\t\t\t<section class=\"elementor-section elementor-top-section elementor-element elementor-element-2373ae3 elementor-section-height-min-height ot-traditional elementor-section-boxed elementor-section-height-default elementor-section-items-middle\" data-id=\"2373ae3\" data-element_type=\"section\">\n\t\t\t\t\t\t<div class=\"elementor-container elementor-column-gap-default\">\n\t\t\t\t\t<div class=\"elementor-column elementor-col-100 elementor-top-column elementor-element elementor-element-fd1df0f ot-flex-column-vertical\" data-id=\"fd1df0f\" data-element_type=\"column\">\n\t\t\t<div class=\"elementor-widget-wrap elementor-element-populated\">\n\t\t\t\t\t\t<div class=\"elementor-element elementor-element-b37bc66 elementor-widget elementor-widget-image\" data-id=\"b37bc66\" data-element_type=\"widget\" data-widget_type=\"image.default\">\n\t\t\t\t<div class=\"elementor-widget-container\">\n\t\t\t\t\t\t\t\t\t\t\t\t\t<img fetchpriority=\"high\" decoding=\"async\" width=\"1024\" height=\"683\" src=\"https:\/\/viqtor.eu\/wp-content\/uploads\/2023\/05\/Les-etapes-principales-pour-la-mise-en-conformite-RGPD-1024x683.jpg\" class=\"attachment-large size-large wp-image-12252\" alt=\"Les \u00e9tapes principales pour la mise en conformit\u00e9 RGPD\" srcset=\"https:\/\/viqtor.eu\/wp-content\/uploads\/2023\/05\/Les-etapes-principales-pour-la-mise-en-conformite-RGPD-1024x683.jpg 1024w, https:\/\/viqtor.eu\/wp-content\/uploads\/2023\/05\/Les-etapes-principales-pour-la-mise-en-conformite-RGPD-300x200.jpg 300w, https:\/\/viqtor.eu\/wp-content\/uploads\/2023\/05\/Les-etapes-principales-pour-la-mise-en-conformite-RGPD-768x512.jpg 768w, https:\/\/viqtor.eu\/wp-content\/uploads\/2023\/05\/Les-etapes-principales-pour-la-mise-en-conformite-RGPD-1536x1024.jpg 1536w, https:\/\/viqtor.eu\/wp-content\/uploads\/2023\/05\/Les-etapes-principales-pour-la-mise-en-conformite-RGPD-720x480.jpg 720w, https:\/\/viqtor.eu\/wp-content\/uploads\/2023\/05\/Les-etapes-principales-pour-la-mise-en-conformite-RGPD.jpg 2048w\" sizes=\"(max-width: 1024px) 100vw, 1024px\" \/>\t\t\t\t\t\t\t\t\t\t\t\t\t<\/div>\n\t\t\t\t<\/div>\n\t\t\t\t\t<\/div>\n\t\t<\/div>\n\t\t\t\t\t<\/div>\n\t\t<\/section>\n\t\t\t\t<section class=\"elementor-section elementor-top-section elementor-element elementor-element-3a23f17 ot-traditional elementor-section-boxed elementor-section-height-default elementor-section-height-default\" data-id=\"3a23f17\" data-element_type=\"section\">\n\t\t\t\t\t\t<div class=\"elementor-container elementor-column-gap-default\">\n\t\t\t\t\t<div class=\"elementor-column elementor-col-100 elementor-top-column elementor-element elementor-element-cf1b7c9 ot-flex-column-vertical\" data-id=\"cf1b7c9\" data-element_type=\"column\">\n\t\t\t<div class=\"elementor-widget-wrap elementor-element-populated\">\n\t\t\t\t\t\t<div class=\"elementor-element elementor-element-3c94449 elementor-widget elementor-widget-text-editor\" data-id=\"3c94449\" data-element_type=\"widget\" data-widget_type=\"text-editor.default\">\n\t\t\t\t<div class=\"elementor-widget-container\">\n\t\t\t\t\t\t\t<h4 data-pm-slice=\"1 1 []\">Upravljanje pi\u0161kotkov<\/h4>\n<p>Spletna mesta morajo obiskovalce jasno obvestiti o uporabi pi\u0161kotkov in jim omogo\u010diti upravljanje svojih nastavitev.<\/p>\n<h4>Uporabni\u0161ke pravice<\/h4>\n<p>Uporabniki imajo pravico do dostopa, spreminjanja, brisanja in ugovora obdelavi svojih podatkov.<\/p>\n<h4>Varnost podatkov<\/h4>\n<p>Treba je izvajati varnostne ukrepe, kot sta \u0161ifriranje in mo\u010dna avtentikacija.<\/p>\n<h4>Imenovanje poobla\u0161\u010dene osebe za varstvo podatkov<\/h4>\n<p>Nekatera podjetja morajo imenovati poobla\u0161\u010deno osebo za varstvo podatkov, da zagotovijo skladnost z GDPR.<\/p>\n<h4>Posledice neskladnosti z GDPR<\/h4>\n<p>Kazni lahko zna\u0161ajo do 20 milijonov evrov ali 4 % letnega prometa.<\/p>\n<h3>Kako zagotoviti, da bo va\u0161e spletno mesto skladno s predpisi?<\/h3>\n<p>A <strong>GDPR revizija<\/strong> vam omogo\u010da, da prepoznate to\u010dke za popravke in uvedete dobre prakse.<\/p>\n<h4>Koristna orodja in viri<\/h4>\n<p>Orodja, kot sta Cookiebot in GDPR.eu, lahko pomagajo zagotoviti skladnost.<\/p>\n<p>Skladnost z GDPR je bistvenega pomena za zagotovitev zaupanja uporabnikov in prepre\u010devanje kazni. Z izvajanjem skladnih praks lahko va\u0161e spletno mesto zagotovi optimalno za\u0161\u010dito osebnih podatkov.<\/p>\n<h4>Pogosta vpra\u0161anja<\/h4>\n<h5>1. Ali naj moje spletno mesto prika\u017ee pasico za pi\u0161kotke?<\/h5>\n<p>Da, \u010de va\u0161e spletno mesto uporablja bistvene pi\u0161kotke.<\/p>\n<h5>2. Ali moram za vsak obrazec zbrati soglasje?<\/h5>\n<p>Da, razen \u010de je zbiranje podatkov nujno potrebno.<\/p>\n<h5>3. Kaj je poobla\u0161\u010dena oseba za varstvo podatkov in kdaj je obvezna?<\/h5>\n<p>DPO je strokovnjak za varstvo podatkov, ki ga potrebujejo dolo\u010dena podjetja, ki obravnavajo ob\u010dutljive podatke.<\/p>\n<h5>4. Kako lahko preverim skladnost svojega spletnega mesta?<\/h5>\n<p>Uporabite spletne preglede in se posvetujte s strokovnjakom za varstvo podatkov.<\/p>\n<h5>5. Ali naj redno posodabljam svojo politiko zasebnosti?<\/h5>\n<p>Da, odra\u017eati mora vse spremembe pri obdelavi podatkov.<\/p>\n<h5>6. Kaj storiti v primeru kr\u0161itve varnosti podatkov?<\/h5>\n<p>V 72 urah obvestite pristojne organe in opozorite prizadete uporabnike.<\/p>\t\t\t\t\t\t<\/div>\n\t\t\t\t<\/div>\n\t\t\t\t\t<\/div>\n\t\t<\/div>\n\t\t\t\t\t<\/div>\n\t\t<\/section>\n\t\t\t\t<section class=\"elementor-section elementor-top-section elementor-element elementor-element-77edb27 ot-traditional elementor-section-boxed elementor-section-height-default elementor-section-height-default\" data-id=\"77edb27\" data-element_type=\"section\">\n\t\t\t\t\t\t<div class=\"elementor-container elementor-column-gap-default\">\n\t\t\t\t\t<div class=\"elementor-column elementor-col-100 elementor-top-column elementor-element elementor-element-72942a8 ot-flex-column-vertical\" data-id=\"72942a8\" data-element_type=\"column\">\n\t\t\t<div class=\"elementor-widget-wrap elementor-element-populated\">\n\t\t\t\t\t\t<div class=\"elementor-element elementor-element-0fcf018 elementor-widget elementor-widget-text-editor\" data-id=\"0fcf018\" data-element_type=\"widget\" data-widget_type=\"text-editor.default\">\n\t\t\t\t<div class=\"elementor-widget-container\">\n\t\t\t\t\t\t\t<div><div><div><div><p style=\"text-align: center;\"><span style=\"color: #000000;\"><strong>Prenesite celoten priro\u010dnik brezpla\u010dno:<\/strong><\/span><\/p><\/div><\/div><\/div><\/div>\t\t\t\t\t\t<\/div>\n\t\t\t\t<\/div>\n\t\t\t\t\t<\/div>\n\t\t<\/div>\n\t\t\t\t\t<\/div>\n\t\t<\/section>\n\t\t\t\t<section class=\"elementor-section elementor-top-section elementor-element elementor-element-7f22e0c ot-traditional elementor-section-boxed elementor-section-height-default elementor-section-height-default\" data-id=\"7f22e0c\" data-element_type=\"section\">\n\t\t\t\t\t\t<div class=\"elementor-container elementor-column-gap-default\">\n\t\t\t\t\t<div class=\"elementor-column elementor-col-100 elementor-top-column elementor-element elementor-element-d89bd3c ot-flex-column-vertical\" data-id=\"d89bd3c\" data-element_type=\"column\">\n\t\t\t<div class=\"elementor-widget-wrap elementor-element-populated\">\n\t\t\t\t\t\t<div class=\"elementor-element elementor-element-6220207 elementor-widget elementor-widget-text-editor\" data-id=\"6220207\" data-element_type=\"widget\" data-widget_type=\"text-editor.default\">\n\t\t\t\t<div class=\"elementor-widget-container\">\n\t\t\t\t\t\t\t<p><p><form method=\"post\" action=\"https:\/\/viqtor.eu\/wp-admin\/admin-ajax.php?action=tnp&amp;na=s\" class=\"tnp-subscription\" style=\"\">\n<input type=\"hidden\" name=\"nlang\" value=\"\">\n <div class=\"tnp-field tnp-field-email\"><label for=\"tnp-1\">E-po\u0161ta<\/label>\n<input class=\"tnp-email\" type=\"email\" name=\"ne\" id=\"tnp-1\" value=\"\" placeholder=\"\" required><\/div>\n\u00a0<label> <input name=\"AGREE_TO_TERMS\" required=\"\" type=\"checkbox\" value=\"1\" \/> Sogla\u0161am z uporabo mojih osebnih podatkov izklju\u010dno za namen obdelave moje zahteve za prenos. Prepovedujemo kakr\u0161no koli drugo uporabo teh podatkov.<\/label> <label> <input name=\"AGREE_TO_TERMS\" required=\"\" type=\"checkbox\" value=\"1\" \/>Strinjam se s prejemanjem ob\u010dasnih informacij o ponudbah storitev Viqtor.<\/label>\u00a0 \u00a0 \u00a0 \u00a0 \u00a0 \u00a0 \u00a0 \u00a0 \u00a0 \u00a0 \u00a0 \u00a0 \u00a0 \u00a0 \u00a0 \u00a0 \u00a0 \u00a0 \u00a0 \u00a0 <div class=\"tnp-field tnp-field-button\" style=\"text-align: left\"><input class=\"tnp-submit\" type=\"submit\" value=\"Prejmite vodnik\" style=\"\">\n<\/div>\n<\/form><\/p><\/p>\t\t\t\t\t\t<\/div>\n\t\t\t\t<\/div>\n\t\t\t\t\t<\/div>\n\t\t<\/div>\n\t\t\t\t\t<\/div>\n\t\t<\/section>\n\t\t\t\t<\/div>","protected":false},"excerpt":{"rendered":"<p>\/\/ La plateforme Viqtor\u00ae Guide : RGPD et site web : Quelles obligations \u00e0 respecter ? Le R\u00e8glement G\u00e9n\u00e9ral sur la Protection des Donn\u00e9es (RGPD) est une r\u00e9glementation europ\u00e9enne visant \u00e0 renforcer la protection des donn\u00e9es personnelles des citoyens de l&rsquo;Union europ\u00e9enne. Toute entreprise collectant ou traitant des donn\u00e9es personnelles en ligne doit se conformer [&hellip;]<\/p>","protected":false},"author":1,"featured_media":0,"parent":0,"menu_order":0,"comment_status":"closed","ping_status":"closed","template":"","meta":{"_acf_changed":false,"footnotes":""},"class_list":["post-12719","page","type-page","status-publish","hentry"],"acf":[],"yoast_head":"<!-- This site is optimized with the Yoast SEO plugin v23.6 - https:\/\/yoast.com\/wordpress\/plugins\/seo\/ -->\n<title>Guide : RGPD et site web : Quelles obligations \u00e0 respecter ?<\/title>\n<meta name=\"description\" content=\"Assurez la conformit\u00e9 de votre site web au RGPD ! Quelles obligations \u00e0 respecter et quelles sanctions \u00e0 \u00e9viter gr\u00e2ce \u00e0 ce guide complet.\" \/>\n<meta name=\"robots\" content=\"index, follow, max-snippet:-1, max-image-preview:large, max-video-preview:-1\" \/>\n<link rel=\"canonical\" href=\"https:\/\/viqtor.eu\/sl\/guide-rgpd-et-site-web-quelles-obligations-respecter\/\" \/>\n<meta property=\"og:locale\" content=\"sl_SI\" \/>\n<meta property=\"og:type\" content=\"article\" \/>\n<meta property=\"og:title\" content=\"Guide : RGPD et site web : Quelles obligations \u00e0 respecter ?\" \/>\n<meta property=\"og:description\" content=\"Assurez la conformit\u00e9 de votre site web au RGPD ! Quelles obligations \u00e0 respecter et quelles sanctions \u00e0 \u00e9viter gr\u00e2ce \u00e0 ce guide complet.\" \/>\n<meta property=\"og:url\" content=\"https:\/\/viqtor.eu\/sl\/guide-rgpd-et-site-web-quelles-obligations-respecter\/\" \/>\n<meta property=\"og:site_name\" content=\"Viqtor\" \/>\n<meta property=\"article:modified_time\" content=\"2025-04-23T19:08:46+00:00\" \/>\n<meta property=\"og:image\" content=\"https:\/\/viqtor.eu\/wp-content\/uploads\/2023\/05\/Les-etapes-principales-pour-la-mise-en-conformite-RGPD-1024x683.jpg\" \/>\n<meta name=\"twitter:card\" content=\"summary_large_image\" \/>\n<meta name=\"twitter:label1\" content=\"Est. reading time\" \/>\n\t<meta name=\"twitter:data1\" content=\"4 minute\" \/>\n<script type=\"application\/ld+json\" class=\"yoast-schema-graph\">{\"@context\":\"https:\/\/schema.org\",\"@graph\":[{\"@type\":\"WebPage\",\"@id\":\"https:\/\/viqtor.eu\/guide-rgpd-et-site-web-quelles-obligations-respecter\/\",\"url\":\"https:\/\/viqtor.eu\/guide-rgpd-et-site-web-quelles-obligations-respecter\/\",\"name\":\"Guide : RGPD et site web : Quelles obligations \u00e0 respecter ?\",\"isPartOf\":{\"@id\":\"https:\/\/viqtor.eu\/#website\"},\"primaryImageOfPage\":{\"@id\":\"https:\/\/viqtor.eu\/guide-rgpd-et-site-web-quelles-obligations-respecter\/#primaryimage\"},\"image\":{\"@id\":\"https:\/\/viqtor.eu\/guide-rgpd-et-site-web-quelles-obligations-respecter\/#primaryimage\"},\"thumbnailUrl\":\"https:\/\/viqtor.eu\/wp-content\/uploads\/2023\/05\/Les-etapes-principales-pour-la-mise-en-conformite-RGPD-1024x683.jpg\",\"datePublished\":\"2025-02-17T13:01:41+00:00\",\"dateModified\":\"2025-04-23T19:08:46+00:00\",\"description\":\"Assurez la conformit\u00e9 de votre site web au RGPD ! Quelles obligations \u00e0 respecter et quelles sanctions \u00e0 \u00e9viter gr\u00e2ce \u00e0 ce guide complet.\",\"breadcrumb\":{\"@id\":\"https:\/\/viqtor.eu\/guide-rgpd-et-site-web-quelles-obligations-respecter\/#breadcrumb\"},\"inLanguage\":\"sl-SI\",\"potentialAction\":[{\"@type\":\"ReadAction\",\"target\":[\"https:\/\/viqtor.eu\/guide-rgpd-et-site-web-quelles-obligations-respecter\/\"]}]},{\"@type\":\"ImageObject\",\"inLanguage\":\"sl-SI\",\"@id\":\"https:\/\/viqtor.eu\/guide-rgpd-et-site-web-quelles-obligations-respecter\/#primaryimage\",\"url\":\"https:\/\/viqtor.eu\/wp-content\/uploads\/2023\/05\/Les-etapes-principales-pour-la-mise-en-conformite-RGPD-1024x683.jpg\",\"contentUrl\":\"https:\/\/viqtor.eu\/wp-content\/uploads\/2023\/05\/Les-etapes-principales-pour-la-mise-en-conformite-RGPD-1024x683.jpg\"},{\"@type\":\"BreadcrumbList\",\"@id\":\"https:\/\/viqtor.eu\/guide-rgpd-et-site-web-quelles-obligations-respecter\/#breadcrumb\",\"itemListElement\":[{\"@type\":\"ListItem\",\"position\":1,\"name\":\"Accueil\",\"item\":\"https:\/\/viqtor.eu\/\"},{\"@type\":\"ListItem\",\"position\":2,\"name\":\"Guide : RGPD et site web : quelles obligations respecter ?\"}]},{\"@type\":\"WebSite\",\"@id\":\"https:\/\/viqtor.eu\/#website\",\"url\":\"https:\/\/viqtor.eu\/\",\"name\":\"Viqtor\",\"description\":\"Faites du RGPD une opportunit\u00e9 pour votre entreprise.\",\"publisher\":{\"@id\":\"https:\/\/viqtor.eu\/#organization\"},\"potentialAction\":[{\"@type\":\"SearchAction\",\"target\":{\"@type\":\"EntryPoint\",\"urlTemplate\":\"https:\/\/viqtor.eu\/?s={search_term_string}\"},\"query-input\":{\"@type\":\"PropertyValueSpecification\",\"valueRequired\":true,\"valueName\":\"search_term_string\"}}],\"inLanguage\":\"sl-SI\"},{\"@type\":\"Organization\",\"@id\":\"https:\/\/viqtor.eu\/#organization\",\"name\":\"viqtor.eu\",\"url\":\"https:\/\/viqtor.eu\/\",\"logo\":{\"@type\":\"ImageObject\",\"inLanguage\":\"sl-SI\",\"@id\":\"https:\/\/viqtor.eu\/#\/schema\/logo\/image\/\",\"url\":\"https:\/\/viqtor.eu\/wp-content\/uploads\/2023\/06\/favicon-noir.svg\",\"contentUrl\":\"https:\/\/viqtor.eu\/wp-content\/uploads\/2023\/06\/favicon-noir.svg\",\"width\":108,\"height\":86,\"caption\":\"viqtor.eu\"},\"image\":{\"@id\":\"https:\/\/viqtor.eu\/#\/schema\/logo\/image\/\"}}]}<\/script>\n<!-- \/ Yoast SEO plugin. -->","yoast_head_json":{"title":"Guide : RGPD et site web : Quelles obligations \u00e0 respecter ?","description":"Assurez la conformit\u00e9 de votre site web au RGPD ! Quelles obligations \u00e0 respecter et quelles sanctions \u00e0 \u00e9viter gr\u00e2ce \u00e0 ce guide complet.","robots":{"index":"index","follow":"follow","max-snippet":"max-snippet:-1","max-image-preview":"max-image-preview:large","max-video-preview":"max-video-preview:-1"},"canonical":"https:\/\/viqtor.eu\/sl\/guide-rgpd-et-site-web-quelles-obligations-respecter\/","og_locale":"sl_SI","og_type":"article","og_title":"Guide : RGPD et site web : Quelles obligations \u00e0 respecter ?","og_description":"Assurez la conformit\u00e9 de votre site web au RGPD ! Quelles obligations \u00e0 respecter et quelles sanctions \u00e0 \u00e9viter gr\u00e2ce \u00e0 ce guide complet.","og_url":"https:\/\/viqtor.eu\/sl\/guide-rgpd-et-site-web-quelles-obligations-respecter\/","og_site_name":"Viqtor","article_modified_time":"2025-04-23T19:08:46+00:00","og_image":[{"url":"https:\/\/viqtor.eu\/wp-content\/uploads\/2023\/05\/Les-etapes-principales-pour-la-mise-en-conformite-RGPD-1024x683.jpg"}],"twitter_card":"summary_large_image","twitter_misc":{"Est. reading time":"4 minute"},"schema":{"@context":"https:\/\/schema.org","@graph":[{"@type":"WebPage","@id":"https:\/\/viqtor.eu\/guide-rgpd-et-site-web-quelles-obligations-respecter\/","url":"https:\/\/viqtor.eu\/guide-rgpd-et-site-web-quelles-obligations-respecter\/","name":"Guide : RGPD et site web : Quelles obligations \u00e0 respecter ?","isPartOf":{"@id":"https:\/\/viqtor.eu\/#website"},"primaryImageOfPage":{"@id":"https:\/\/viqtor.eu\/guide-rgpd-et-site-web-quelles-obligations-respecter\/#primaryimage"},"image":{"@id":"https:\/\/viqtor.eu\/guide-rgpd-et-site-web-quelles-obligations-respecter\/#primaryimage"},"thumbnailUrl":"https:\/\/viqtor.eu\/wp-content\/uploads\/2023\/05\/Les-etapes-principales-pour-la-mise-en-conformite-RGPD-1024x683.jpg","datePublished":"2025-02-17T13:01:41+00:00","dateModified":"2025-04-23T19:08:46+00:00","description":"Assurez la conformit\u00e9 de votre site web au RGPD ! Quelles obligations \u00e0 respecter et quelles sanctions \u00e0 \u00e9viter gr\u00e2ce \u00e0 ce guide complet.","breadcrumb":{"@id":"https:\/\/viqtor.eu\/guide-rgpd-et-site-web-quelles-obligations-respecter\/#breadcrumb"},"inLanguage":"sl-SI","potentialAction":[{"@type":"ReadAction","target":["https:\/\/viqtor.eu\/guide-rgpd-et-site-web-quelles-obligations-respecter\/"]}]},{"@type":"ImageObject","inLanguage":"sl-SI","@id":"https:\/\/viqtor.eu\/guide-rgpd-et-site-web-quelles-obligations-respecter\/#primaryimage","url":"https:\/\/viqtor.eu\/wp-content\/uploads\/2023\/05\/Les-etapes-principales-pour-la-mise-en-conformite-RGPD-1024x683.jpg","contentUrl":"https:\/\/viqtor.eu\/wp-content\/uploads\/2023\/05\/Les-etapes-principales-pour-la-mise-en-conformite-RGPD-1024x683.jpg"},{"@type":"BreadcrumbList","@id":"https:\/\/viqtor.eu\/guide-rgpd-et-site-web-quelles-obligations-respecter\/#breadcrumb","itemListElement":[{"@type":"ListItem","position":1,"name":"Accueil","item":"https:\/\/viqtor.eu\/"},{"@type":"ListItem","position":2,"name":"Guide : RGPD et site web : quelles obligations respecter ?"}]},{"@type":"WebSite","@id":"https:\/\/viqtor.eu\/#website","url":"https:\/\/viqtor.eu\/","name":"Viqtor","description":"Faites du RGPD une opportunit\u00e9 pour votre entreprise.","publisher":{"@id":"https:\/\/viqtor.eu\/#organization"},"potentialAction":[{"@type":"SearchAction","target":{"@type":"EntryPoint","urlTemplate":"https:\/\/viqtor.eu\/?s={search_term_string}"},"query-input":{"@type":"PropertyValueSpecification","valueRequired":true,"valueName":"search_term_string"}}],"inLanguage":"sl-SI"},{"@type":"Organization","@id":"https:\/\/viqtor.eu\/#organization","name":"viqtor.eu","url":"https:\/\/viqtor.eu\/","logo":{"@type":"ImageObject","inLanguage":"sl-SI","@id":"https:\/\/viqtor.eu\/#\/schema\/logo\/image\/","url":"https:\/\/viqtor.eu\/wp-content\/uploads\/2023\/06\/favicon-noir.svg","contentUrl":"https:\/\/viqtor.eu\/wp-content\/uploads\/2023\/06\/favicon-noir.svg","width":108,"height":86,"caption":"viqtor.eu"},"image":{"@id":"https:\/\/viqtor.eu\/#\/schema\/logo\/image\/"}}]}},"_links":{"self":[{"href":"https:\/\/viqtor.eu\/sl\/wp-json\/wp\/v2\/pages\/12719","targetHints":{"allow":["GET"]}}],"collection":[{"href":"https:\/\/viqtor.eu\/sl\/wp-json\/wp\/v2\/pages"}],"about":[{"href":"https:\/\/viqtor.eu\/sl\/wp-json\/wp\/v2\/types\/page"}],"author":[{"embeddable":true,"href":"https:\/\/viqtor.eu\/sl\/wp-json\/wp\/v2\/users\/1"}],"replies":[{"embeddable":true,"href":"https:\/\/viqtor.eu\/sl\/wp-json\/wp\/v2\/comments?post=12719"}],"version-history":[{"count":52,"href":"https:\/\/viqtor.eu\/sl\/wp-json\/wp\/v2\/pages\/12719\/revisions"}],"predecessor-version":[{"id":12994,"href":"https:\/\/viqtor.eu\/sl\/wp-json\/wp\/v2\/pages\/12719\/revisions\/12994"}],"wp:attachment":[{"href":"https:\/\/viqtor.eu\/sl\/wp-json\/wp\/v2\/media?parent=12719"}],"curies":[{"name":"wp","href":"https:\/\/api.w.org\/{rel}","templated":true}]}}