{"id":8661,"date":"2023-07-03T09:34:22","date_gmt":"2023-07-03T09:34:22","guid":{"rendered":"https:\/\/viqtor.eu\/?page_id=8661"},"modified":"2023-08-31T15:33:03","modified_gmt":"2023-08-31T15:33:03","slug":"registre-de-traitement-france","status":"publish","type":"page","link":"https:\/\/viqtor.eu\/sk\/registre-de-traitement-france\/","title":{"rendered":"&#8230; registre de traitement France"},"content":{"rendered":"<div data-elementor-type=\"wp-page\" data-elementor-id=\"8661\" class=\"elementor elementor-8661\" data-elementor-post-type=\"page\">\n\t\t\t\t\t\t<section class=\"elementor-section elementor-top-section elementor-element elementor-element-34b7207 ot-traditional elementor-section-boxed elementor-section-height-default elementor-section-height-default\" data-id=\"34b7207\" data-element_type=\"section\">\n\t\t\t\t\t\t<div class=\"elementor-container elementor-column-gap-default\">\n\t\t\t\t\t<div class=\"elementor-column elementor-col-100 elementor-top-column elementor-element elementor-element-aa25a7f ot-flex-column-vertical\" data-id=\"aa25a7f\" data-element_type=\"column\">\n\t\t\t<div class=\"elementor-widget-wrap elementor-element-populated\">\n\t\t\t\t\t\t<div class=\"elementor-element elementor-element-20a0eab elementor-widget elementor-widget-text-editor\" data-id=\"20a0eab\" data-element_type=\"widget\" data-widget_type=\"text-editor.default\">\n\t\t\t\t<div class=\"elementor-widget-container\">\n\t\t\t\t\t\t\t<h1 style=\"text-align: center;\"><span style=\"color: #000000;\"><strong>Viqtor\u00ae \u2013 Zjednodu\u0161te si s\u00falad s GDPR s na\u0161ou franc\u00fazskou slu\u017ebou registr\u00e1cie spracovania<\/strong><\/span><\/h1><p><span style=\"color: #000000;\">Chcete zabezpe\u010di\u0165, aby va\u0161a firma plne sp\u013a\u0148ala v\u0161eobecn\u00e9 nariadenie o ochrane \u00fadajov (GDPR)? U\u017e neh\u013eadajte! Na\u0161a platforma Viqtor\u00ae pre dodr\u017eiavanie s\u00faladu s GDPR pon\u00faka komplexn\u00e9 slu\u017eby. <strong>Register lie\u010dby vo Franc\u00fazsku<\/strong> komplexn\u00fa a efekt\u00edvnu ochranu \u00fadajov, ktor\u00e1 v\u00e1s v tomto k\u013e\u00fa\u010dovom procese podpor\u00ed. N\u00e1\u0161 t\u00edm odborn\u00edkov na ochranu \u00fadajov sa \u0161pecializuje na vytv\u00e1ranie a spr\u00e1vu z\u00e1znamov v s\u00falade s GDPR. Ch\u00e1peme d\u00f4le\u017eitos\u0165 dokumentovania v\u0161etk\u00e9ho spracovania \u00fadajov vo va\u0161ej organiz\u00e1cii, \u010di u\u017e ide o \u00fadaje o z\u00e1kazn\u00edkoch, osobn\u00e9 \u00fadaje zamestnancov alebo ak\u00e9ko\u013evek in\u00e9 citliv\u00e9 inform\u00e1cie.<\/span><\/p><p><span style=\"color: #000000;\">V\u010faka na\u0161ej slu\u017ebe <strong><span style=\"color: #000000;\"><a style=\"color: #000000;\" href=\"https:\/\/viqtor.eu\/sk\/registre-de-traitement\/\">register lie\u010dby<\/a><\/span> Franc\u00fazsko<\/strong> \u00fadajov, pon\u00fakame v\u00e1m nasleduj\u00face v\u00fdhody:<\/span><\/p>\t\t\t\t\t\t<\/div>\n\t\t\t\t<\/div>\n\t\t\t\t\t<\/div>\n\t\t<\/div>\n\t\t\t\t\t<\/div>\n\t\t<\/section>\n\t\t\t\t<section class=\"elementor-section elementor-top-section elementor-element elementor-element-30e8ba3 ot-traditional elementor-section-boxed elementor-section-height-default elementor-section-height-default\" data-id=\"30e8ba3\" data-element_type=\"section\">\n\t\t\t\t\t\t<div class=\"elementor-container elementor-column-gap-default\">\n\t\t\t\t\t<div class=\"elementor-column elementor-col-100 elementor-top-column elementor-element elementor-element-e72c199 ot-flex-column-vertical\" data-id=\"e72c199\" data-element_type=\"column\">\n\t\t\t<div class=\"elementor-widget-wrap elementor-element-populated\">\n\t\t\t\t\t\t<section class=\"elementor-section elementor-inner-section elementor-element elementor-element-eb9b6ef elementor-section-content-middle ot-traditional elementor-section-boxed elementor-section-height-default elementor-section-height-default\" data-id=\"eb9b6ef\" data-element_type=\"section\">\n\t\t\t\t\t\t<div class=\"elementor-container elementor-column-gap-default\">\n\t\t\t\t\t<div class=\"elementor-column elementor-col-50 elementor-inner-column elementor-element elementor-element-fec129d ot-flex-column-vertical\" data-id=\"fec129d\" data-element_type=\"column\">\n\t\t\t<div class=\"elementor-widget-wrap elementor-element-populated\">\n\t\t\t\t\t\t<div class=\"elementor-element elementor-element-914332b elementor-widget elementor-widget-text-editor\" data-id=\"914332b\" data-element_type=\"widget\" data-widget_type=\"text-editor.default\">\n\t\t\t\t<div class=\"elementor-widget-container\">\n\t\t\t\t\t\t\t<h6><span style=\"color: #000000;\">1. \u00dapln\u00fd s\u00falad: <\/span><\/h6><p><span style=\"color: #000000;\">Pom\u00f4\u017eeme v\u00e1m identifikova\u0165 a zdokumentova\u0165 v\u0161etky spracovania \u00fadajov vo va\u0161ej organiz\u00e1cii v s\u00falade s po\u017eiadavkami GDPR. N\u00e1\u0161 pr\u00edsny pr\u00edstup zabezpe\u010duje, \u017ee budete dodr\u017eiava\u0165 k\u013e\u00fa\u010dov\u00e9 z\u00e1sady nariadenia, ako s\u00fa z\u00e1konnos\u0165, transparentnos\u0165 a obmedzenie \u00fa\u010delu.<\/span><\/p><h6><span style=\"color: #000000;\">2. Zjednodu\u0161en\u00e1 spr\u00e1va: <\/span><\/h6><p><span style=\"color: #000000;\">Na\u0161a u\u017e\u00edvate\u013esky pr\u00edvetiv\u00e1 platforma v\u00e1m umo\u017e\u0148uje jednoducho centralizova\u0165 a spravova\u0165 v\u0161etky inform\u00e1cie t\u00fdkaj\u00face sa va\u0161ej <strong><span style=\"color: #000000;\"><a style=\"color: #000000;\" href=\"https:\/\/viqtor.eu\/sk\/registre-de-traitement\/\">register lie\u010dby<\/a><\/span> Franc\u00fazsko<\/strong>Z\u00e1znamy m\u00f4\u017eete prid\u00e1va\u0165, upravova\u0165 alebo maza\u0165 len nieko\u013ek\u00fdmi kliknutiami a kedyko\u013evek generova\u0165 podrobn\u00e9 spr\u00e1vy.<\/span><\/p>\t\t\t\t\t\t<\/div>\n\t\t\t\t<\/div>\n\t\t\t\t\t<\/div>\n\t\t<\/div>\n\t\t\t\t<div class=\"elementor-column elementor-col-50 elementor-inner-column elementor-element elementor-element-96f5aa0 ot-flex-column-vertical\" data-id=\"96f5aa0\" data-element_type=\"column\">\n\t\t\t<div class=\"elementor-widget-wrap elementor-element-populated\">\n\t\t\t\t\t\t<div class=\"elementor-element elementor-element-323deb6 elementor-widget__width-initial elementor-widget elementor-widget-image\" data-id=\"323deb6\" data-element_type=\"widget\" data-widget_type=\"image.default\">\n\t\t\t\t<div class=\"elementor-widget-container\">\n\t\t\t\t\t\t\t\t\t\t\t\t\t<img fetchpriority=\"high\" decoding=\"async\" width=\"1024\" height=\"1024\" src=\"https:\/\/viqtor.eu\/wp-content\/uploads\/2023\/07\/registre-de-traitement-1024x1024.jpg\" class=\"attachment-large size-large wp-image-8675\" alt=\"Registre de traitement RGPD France\" srcset=\"https:\/\/viqtor.eu\/wp-content\/uploads\/2023\/07\/registre-de-traitement-1024x1024.jpg 1024w, https:\/\/viqtor.eu\/wp-content\/uploads\/2023\/07\/registre-de-traitement-300x300.jpg 300w, https:\/\/viqtor.eu\/wp-content\/uploads\/2023\/07\/registre-de-traitement-150x150.jpg 150w, https:\/\/viqtor.eu\/wp-content\/uploads\/2023\/07\/registre-de-traitement-768x768.jpg 768w, https:\/\/viqtor.eu\/wp-content\/uploads\/2023\/07\/registre-de-traitement-1536x1536.jpg 1536w, https:\/\/viqtor.eu\/wp-content\/uploads\/2023\/07\/registre-de-traitement-2048x2048.jpg 2048w, https:\/\/viqtor.eu\/wp-content\/uploads\/2023\/07\/registre-de-traitement-720x720.jpg 720w\" sizes=\"(max-width: 1024px) 100vw, 1024px\" \/>\t\t\t\t\t\t\t\t\t\t\t\t\t<\/div>\n\t\t\t\t<\/div>\n\t\t\t\t\t<\/div>\n\t\t<\/div>\n\t\t\t\t\t<\/div>\n\t\t<\/section>\n\t\t\t\t\t<\/div>\n\t\t<\/div>\n\t\t\t\t\t<\/div>\n\t\t<\/section>\n\t\t\t\t<section class=\"elementor-section elementor-top-section elementor-element elementor-element-aa4b47d elementor-section-content-middle ot-traditional elementor-section-boxed elementor-section-height-default elementor-section-height-default\" data-id=\"aa4b47d\" data-element_type=\"section\">\n\t\t\t\t\t\t\t<div class=\"elementor-background-overlay\"><\/div>\n\t\t\t\t\t\t\t<div class=\"elementor-container elementor-column-gap-extended\">\n\t\t\t\t\t<div class=\"elementor-column elementor-col-50 elementor-top-column elementor-element elementor-element-8243aef elementor-hidden-tablet elementor-hidden-phone ot-column-items-top ot-flex-column-vertical\" data-id=\"8243aef\" data-element_type=\"column\" data-settings=\"{&quot;background_background&quot;:&quot;classic&quot;}\">\n\t\t\t<div class=\"elementor-widget-wrap elementor-element-populated\">\n\t\t\t\t\t\t<div class=\"elementor-element elementor-element-47e8a70 elementor-widget elementor-widget-image\" data-id=\"47e8a70\" data-element_type=\"widget\" data-widget_type=\"image.default\">\n\t\t\t\t<div class=\"elementor-widget-container\">\n\t\t\t\t\t\t\t\t\t\t\t\t\t<img decoding=\"async\" width=\"1024\" height=\"865\" src=\"https:\/\/viqtor.eu\/wp-content\/uploads\/2023\/07\/registre-de-traitement-des-donnees-1024x865.jpg\" class=\"attachment-large size-large wp-image-8676\" alt=\"registre de traitement\" srcset=\"https:\/\/viqtor.eu\/wp-content\/uploads\/2023\/07\/registre-de-traitement-des-donnees-1024x865.jpg 1024w, https:\/\/viqtor.eu\/wp-content\/uploads\/2023\/07\/registre-de-traitement-des-donnees-300x253.jpg 300w, https:\/\/viqtor.eu\/wp-content\/uploads\/2023\/07\/registre-de-traitement-des-donnees-768x649.jpg 768w, https:\/\/viqtor.eu\/wp-content\/uploads\/2023\/07\/registre-de-traitement-des-donnees-1536x1297.jpg 1536w, https:\/\/viqtor.eu\/wp-content\/uploads\/2023\/07\/registre-de-traitement-des-donnees-2048x1729.jpg 2048w, https:\/\/viqtor.eu\/wp-content\/uploads\/2023\/07\/registre-de-traitement-des-donnees-720x608.jpg 720w\" sizes=\"(max-width: 1024px) 100vw, 1024px\" \/>\t\t\t\t\t\t\t\t\t\t\t\t\t<\/div>\n\t\t\t\t<\/div>\n\t\t\t\t\t<\/div>\n\t\t<\/div>\n\t\t\t\t<div class=\"elementor-column elementor-col-50 elementor-top-column elementor-element elementor-element-5e7b92b ot-flex-column-vertical\" data-id=\"5e7b92b\" data-element_type=\"column\">\n\t\t\t<div class=\"elementor-widget-wrap elementor-element-populated\">\n\t\t\t\t\t\t<div class=\"elementor-element elementor-element-72485af elementor-widget__width-initial elementor-widget elementor-widget-text-editor\" data-id=\"72485af\" data-element_type=\"widget\" data-widget_type=\"text-editor.default\">\n\t\t\t\t<div class=\"elementor-widget-container\">\n\t\t\t\t\t\t\t<h6><span style=\"color: #000000;\">3. Monitorovanie v\u00fdvoja: <\/span><\/h6><p><span style=\"color: #000000;\">GDPR je neust\u00e1le sa vyv\u00edjaj\u00face nariadenie a my zabezpe\u010dujeme, aby va\u0161e z\u00e1znamy boli v\u017edy aktu\u00e1lne. Priebe\u017ene v\u00e1s informujeme o d\u00f4le\u017eit\u00fdch legislat\u00edvnych zmen\u00e1ch a nov\u00fdch povinnostiach v oblasti ochrany \u00fadajov, aby ste mohli v\u017edy dodr\u017eiava\u0165 predpisy.<\/span><\/p><h6><span style=\"color: #000000;\">4. D\u00f4vernos\u0165 a bezpe\u010dnos\u0165: <\/span><\/h6><p><span style=\"color: #000000;\">S\u00fakromie a bezpe\u010dnos\u0165 va\u0161ich \u00fadajov berieme ve\u013emi v\u00e1\u017ene. Na\u0161a platforma pou\u017e\u00edva pokro\u010dil\u00e9 \u0161ifrovacie protokoly a robustn\u00e9 z\u00e1ruky na zaistenie d\u00f4vernosti ulo\u017een\u00fdch inform\u00e1ci\u00ed.<\/span><\/p><h6>5. Odborn\u00e1 podpora:<\/h6><p><span style=\"color: #000000;\">N\u00e1\u0161 t\u00edm \u0161pecialistov je tu, aby odpovedal na v\u0161etky va\u0161e ot\u00e1zky a poskytol technick\u00fa a regula\u010dn\u00fa podporu. Sme odhodlan\u00ed v\u00e1s podporova\u0165 po\u010das celej va\u0161ej cesty k dodr\u017eiavaniu GDPR a pom\u00f4c\u0165 v\u00e1m prekona\u0165 v\u00fdzvy v oblasti ochrany \u00fadajov.<\/span><\/p>\t\t\t\t\t\t<\/div>\n\t\t\t\t<\/div>\n\t\t\t\t\t<\/div>\n\t\t<\/div>\n\t\t\t\t\t<\/div>\n\t\t<\/section>\n\t\t\t\t<section class=\"elementor-section elementor-top-section elementor-element elementor-element-f46331b elementor-section-content-middle ot-traditional elementor-section-boxed elementor-section-height-default elementor-section-height-default\" data-id=\"f46331b\" data-element_type=\"section\" data-settings=\"{&quot;background_background&quot;:&quot;classic&quot;}\">\n\t\t\t\t\t\t\t<div class=\"elementor-background-overlay\"><\/div>\n\t\t\t\t\t\t\t<div class=\"elementor-container elementor-column-gap-default\">\n\t\t\t\t\t<div class=\"elementor-column elementor-col-100 elementor-top-column elementor-element elementor-element-c1653f8 ot-column-items-center ot-flex-column-vertical\" data-id=\"c1653f8\" data-element_type=\"column\">\n\t\t\t<div class=\"elementor-widget-wrap elementor-element-populated\">\n\t\t\t\t\t\t<div class=\"elementor-element elementor-element-0b99088 elementor-widget__width-initial elementor-widget elementor-widget-iheading\" data-id=\"0b99088\" data-element_type=\"widget\" data-widget_type=\"iheading.default\">\n\t\t\t\t<div class=\"elementor-widget-container\">\n\t\t\t\t\t<div class=\"ot-heading\">\r\n\t        \t            <span>\/\/ S VIQTOR\u00ae<\/span>\r\n\t        <p class=\"main-heading\">Neriskujte s dodr\u017eiavan\u00edm GDPR. D\u00f4verujte na\u0161ej franc\u00fazskej slu\u017ebe registr\u00e1cie spracovania \u00fadajov, aby ste zabezpe\u010dili, \u017ee va\u0161a firma sp\u013a\u0148a najpr\u00edsnej\u0161ie po\u017eiadavky na ochranu \u00fadajov. Kontaktujte n\u00e1s e\u0161te dnes a dozviete sa viac a za\u010dnite svoju cestu k dosiahnutiu s\u00faladu s nariaden\u00edm.<\/p>\t    <\/div>\r\n\t    \t\t<\/div>\n\t\t\t\t<\/div>\n\t\t\t\t\t<\/div>\n\t\t<\/div>\n\t\t\t\t\t<\/div>\n\t\t<\/section>\n\t\t\t\t<section class=\"elementor-section elementor-top-section elementor-element elementor-element-c0ca5fe ot-traditional elementor-section-boxed elementor-section-height-default elementor-section-height-default\" data-id=\"c0ca5fe\" data-element_type=\"section\">\n\t\t\t\t\t\t<div class=\"elementor-container elementor-column-gap-default\">\n\t\t\t\t\t<div class=\"elementor-column elementor-col-100 elementor-top-column elementor-element elementor-element-de64556 ot-flex-column-vertical\" data-id=\"de64556\" data-element_type=\"column\">\n\t\t\t<div class=\"elementor-widget-wrap elementor-element-populated\">\n\t\t\t\t\t\t<div class=\"elementor-element elementor-element-31c9ab0 elementor-widget elementor-widget-text-editor\" data-id=\"31c9ab0\" data-element_type=\"widget\" data-widget_type=\"text-editor.default\">\n\t\t\t\t<div class=\"elementor-widget-container\">\n\t\t\t\t\t\t\t<p style=\"text-align: center;\"><a class=\"wp-block-button__link has-vivid-cyan-blue-background-color has-background has-text-align-center wp-element-button\" href=\"https:\/\/app.viqtor.eu\/\" target=\"_blank\" rel=\"noreferrer noopener\">Objavte Viktora<span style=\"color: #ffffff;\">\u00ae<\/span><\/a><\/p>\t\t\t\t\t\t<\/div>\n\t\t\t\t<\/div>\n\t\t\t\t\t<\/div>\n\t\t<\/div>\n\t\t\t\t\t<\/div>\n\t\t<\/section>\n\t\t\t\t<\/div>","protected":false},"excerpt":{"rendered":"<p>Viqtor\u00ae\u00a0 \u2013 Simplifiez votre mise en conformit\u00e9 RGPD avec notre service de registre de traitement France Vous souhaitez vous assurer que votre entreprise est pleinement conforme au r\u00e8glement g\u00e9n\u00e9ral sur la protection des donn\u00e9es (RGPD) ? Ne cherchez pas plus loin ! Notre plateforme de mise en conformit\u00e9 RGPD Viqtor\u00ae propose une prestation de registre [&hellip;]<\/p>","protected":false},"author":1,"featured_media":0,"parent":0,"menu_order":0,"comment_status":"closed","ping_status":"closed","template":"","meta":{"_acf_changed":false,"footnotes":""},"class_list":["post-8661","page","type-page","status-publish","hentry"],"acf":[],"yoast_head":"<!-- This site is optimized with the Yoast SEO plugin v23.6 - https:\/\/yoast.com\/wordpress\/plugins\/seo\/ -->\n<title>registre de traitement France - Viqtor<\/title>\n<meta name=\"description\" content=\"Simplifiez votre mise en conformit\u00e9 RGPD avec notre service de registre des traitements France des donn\u00e9es. D\u00e9couvrez la plateforme Viqtor.\" \/>\n<meta name=\"robots\" content=\"index, follow, max-snippet:-1, max-image-preview:large, max-video-preview:-1\" \/>\n<link rel=\"canonical\" href=\"https:\/\/viqtor.eu\/sk\/registre-de-traitement-france\/\" \/>\n<meta property=\"og:locale\" content=\"sk_SK\" \/>\n<meta property=\"og:type\" content=\"article\" \/>\n<meta property=\"og:title\" content=\"registre de traitement France - Viqtor\" \/>\n<meta property=\"og:description\" content=\"Simplifiez votre mise en conformit\u00e9 RGPD avec notre service de registre des traitements France des donn\u00e9es. D\u00e9couvrez la plateforme Viqtor.\" \/>\n<meta property=\"og:url\" content=\"https:\/\/viqtor.eu\/sk\/registre-de-traitement-france\/\" \/>\n<meta property=\"og:site_name\" content=\"Viqtor\" \/>\n<meta property=\"article:modified_time\" content=\"2023-08-31T15:33:03+00:00\" \/>\n<meta property=\"og:image\" content=\"https:\/\/viqtor.eu\/wp-content\/uploads\/2026\/04\/widget-viqtor.png\" \/>\n<meta name=\"twitter:card\" content=\"summary_large_image\" \/>\n<meta name=\"twitter:label1\" content=\"Predpokladan\u00fd \u010das \u010d\u00edtania\" \/>\n\t<meta name=\"twitter:data1\" content=\"3 min\u00faty\" \/>\n<script type=\"application\/ld+json\" class=\"yoast-schema-graph\">{\"@context\":\"https:\/\/schema.org\",\"@graph\":[{\"@type\":\"WebPage\",\"@id\":\"https:\/\/viqtor.eu\/registre-de-traitement-france\/\",\"url\":\"https:\/\/viqtor.eu\/registre-de-traitement-france\/\",\"name\":\"registre de traitement France - Viqtor\",\"isPartOf\":{\"@id\":\"https:\/\/viqtor.eu\/#website\"},\"primaryImageOfPage\":{\"@id\":\"https:\/\/viqtor.eu\/registre-de-traitement-france\/#primaryimage\"},\"image\":{\"@id\":\"https:\/\/viqtor.eu\/registre-de-traitement-france\/#primaryimage\"},\"thumbnailUrl\":\"https:\/\/viqtor.eu\/wp-content\/uploads\/2023\/07\/registre-de-traitement-1024x1024.jpg\",\"datePublished\":\"2023-07-03T09:34:22+00:00\",\"dateModified\":\"2023-08-31T15:33:03+00:00\",\"description\":\"Simplifiez votre mise en conformit\u00e9 RGPD avec notre service de registre des traitements France des donn\u00e9es. D\u00e9couvrez la plateforme Viqtor.\",\"breadcrumb\":{\"@id\":\"https:\/\/viqtor.eu\/registre-de-traitement-france\/#breadcrumb\"},\"inLanguage\":\"sk-SK\",\"potentialAction\":[{\"@type\":\"ReadAction\",\"target\":[\"https:\/\/viqtor.eu\/registre-de-traitement-france\/\"]}]},{\"@type\":\"ImageObject\",\"inLanguage\":\"sk-SK\",\"@id\":\"https:\/\/viqtor.eu\/registre-de-traitement-france\/#primaryimage\",\"url\":\"https:\/\/viqtor.eu\/wp-content\/uploads\/2023\/07\/registre-de-traitement-1024x1024.jpg\",\"contentUrl\":\"https:\/\/viqtor.eu\/wp-content\/uploads\/2023\/07\/registre-de-traitement-1024x1024.jpg\"},{\"@type\":\"BreadcrumbList\",\"@id\":\"https:\/\/viqtor.eu\/registre-de-traitement-france\/#breadcrumb\",\"itemListElement\":[{\"@type\":\"ListItem\",\"position\":1,\"name\":\"Accueil\",\"item\":\"https:\/\/viqtor.eu\/\"},{\"@type\":\"ListItem\",\"position\":2,\"name\":\"&#8230; registre de traitement France\"}]},{\"@type\":\"WebSite\",\"@id\":\"https:\/\/viqtor.eu\/#website\",\"url\":\"https:\/\/viqtor.eu\/\",\"name\":\"Viqtor\",\"description\":\"Faites du RGPD une opportunit\u00e9 pour votre entreprise.\",\"publisher\":{\"@id\":\"https:\/\/viqtor.eu\/#organization\"},\"potentialAction\":[{\"@type\":\"SearchAction\",\"target\":{\"@type\":\"EntryPoint\",\"urlTemplate\":\"https:\/\/viqtor.eu\/?s={search_term_string}\"},\"query-input\":{\"@type\":\"PropertyValueSpecification\",\"valueRequired\":true,\"valueName\":\"search_term_string\"}}],\"inLanguage\":\"sk-SK\"},{\"@type\":\"Organization\",\"@id\":\"https:\/\/viqtor.eu\/#organization\",\"name\":\"viqtor.eu\",\"url\":\"https:\/\/viqtor.eu\/\",\"logo\":{\"@type\":\"ImageObject\",\"inLanguage\":\"sk-SK\",\"@id\":\"https:\/\/viqtor.eu\/#\/schema\/logo\/image\/\",\"url\":\"https:\/\/viqtor.eu\/wp-content\/uploads\/2023\/06\/favicon-noir.svg\",\"contentUrl\":\"https:\/\/viqtor.eu\/wp-content\/uploads\/2023\/06\/favicon-noir.svg\",\"width\":108,\"height\":86,\"caption\":\"viqtor.eu\"},\"image\":{\"@id\":\"https:\/\/viqtor.eu\/#\/schema\/logo\/image\/\"}}]}<\/script>\n<!-- \/ Yoast SEO plugin. -->","yoast_head_json":{"title":"registre de traitement France - Viqtor","description":"Simplifiez votre mise en conformit\u00e9 RGPD avec notre service de registre des traitements France des donn\u00e9es. D\u00e9couvrez la plateforme Viqtor.","robots":{"index":"index","follow":"follow","max-snippet":"max-snippet:-1","max-image-preview":"max-image-preview:large","max-video-preview":"max-video-preview:-1"},"canonical":"https:\/\/viqtor.eu\/sk\/registre-de-traitement-france\/","og_locale":"sk_SK","og_type":"article","og_title":"registre de traitement France - Viqtor","og_description":"Simplifiez votre mise en conformit\u00e9 RGPD avec notre service de registre des traitements France des donn\u00e9es. D\u00e9couvrez la plateforme Viqtor.","og_url":"https:\/\/viqtor.eu\/sk\/registre-de-traitement-france\/","og_site_name":"Viqtor","article_modified_time":"2023-08-31T15:33:03+00:00","og_image":[{"url":"https:\/\/viqtor.eu\/wp-content\/uploads\/2026\/04\/widget-viqtor.png"}],"twitter_card":"summary_large_image","twitter_misc":{"Predpokladan\u00fd \u010das \u010d\u00edtania":"3 min\u00faty"},"schema":{"@context":"https:\/\/schema.org","@graph":[{"@type":"WebPage","@id":"https:\/\/viqtor.eu\/registre-de-traitement-france\/","url":"https:\/\/viqtor.eu\/registre-de-traitement-france\/","name":"registre de traitement France - Viqtor","isPartOf":{"@id":"https:\/\/viqtor.eu\/#website"},"primaryImageOfPage":{"@id":"https:\/\/viqtor.eu\/registre-de-traitement-france\/#primaryimage"},"image":{"@id":"https:\/\/viqtor.eu\/registre-de-traitement-france\/#primaryimage"},"thumbnailUrl":"https:\/\/viqtor.eu\/wp-content\/uploads\/2023\/07\/registre-de-traitement-1024x1024.jpg","datePublished":"2023-07-03T09:34:22+00:00","dateModified":"2023-08-31T15:33:03+00:00","description":"Simplifiez votre mise en conformit\u00e9 RGPD avec notre service de registre des traitements France des donn\u00e9es. D\u00e9couvrez la plateforme Viqtor.","breadcrumb":{"@id":"https:\/\/viqtor.eu\/registre-de-traitement-france\/#breadcrumb"},"inLanguage":"sk-SK","potentialAction":[{"@type":"ReadAction","target":["https:\/\/viqtor.eu\/registre-de-traitement-france\/"]}]},{"@type":"ImageObject","inLanguage":"sk-SK","@id":"https:\/\/viqtor.eu\/registre-de-traitement-france\/#primaryimage","url":"https:\/\/viqtor.eu\/wp-content\/uploads\/2023\/07\/registre-de-traitement-1024x1024.jpg","contentUrl":"https:\/\/viqtor.eu\/wp-content\/uploads\/2023\/07\/registre-de-traitement-1024x1024.jpg"},{"@type":"BreadcrumbList","@id":"https:\/\/viqtor.eu\/registre-de-traitement-france\/#breadcrumb","itemListElement":[{"@type":"ListItem","position":1,"name":"Accueil","item":"https:\/\/viqtor.eu\/"},{"@type":"ListItem","position":2,"name":"&#8230; registre de traitement France"}]},{"@type":"WebSite","@id":"https:\/\/viqtor.eu\/#website","url":"https:\/\/viqtor.eu\/","name":"Viqtor","description":"Faites du RGPD une opportunit\u00e9 pour votre entreprise.","publisher":{"@id":"https:\/\/viqtor.eu\/#organization"},"potentialAction":[{"@type":"SearchAction","target":{"@type":"EntryPoint","urlTemplate":"https:\/\/viqtor.eu\/?s={search_term_string}"},"query-input":{"@type":"PropertyValueSpecification","valueRequired":true,"valueName":"search_term_string"}}],"inLanguage":"sk-SK"},{"@type":"Organization","@id":"https:\/\/viqtor.eu\/#organization","name":"viqtor.eu","url":"https:\/\/viqtor.eu\/","logo":{"@type":"ImageObject","inLanguage":"sk-SK","@id":"https:\/\/viqtor.eu\/#\/schema\/logo\/image\/","url":"https:\/\/viqtor.eu\/wp-content\/uploads\/2023\/06\/favicon-noir.svg","contentUrl":"https:\/\/viqtor.eu\/wp-content\/uploads\/2023\/06\/favicon-noir.svg","width":108,"height":86,"caption":"viqtor.eu"},"image":{"@id":"https:\/\/viqtor.eu\/#\/schema\/logo\/image\/"}}]}},"_links":{"self":[{"href":"https:\/\/viqtor.eu\/sk\/wp-json\/wp\/v2\/pages\/8661","targetHints":{"allow":["GET"]}}],"collection":[{"href":"https:\/\/viqtor.eu\/sk\/wp-json\/wp\/v2\/pages"}],"about":[{"href":"https:\/\/viqtor.eu\/sk\/wp-json\/wp\/v2\/types\/page"}],"author":[{"embeddable":true,"href":"https:\/\/viqtor.eu\/sk\/wp-json\/wp\/v2\/users\/1"}],"replies":[{"embeddable":true,"href":"https:\/\/viqtor.eu\/sk\/wp-json\/wp\/v2\/comments?post=8661"}],"version-history":[{"count":16,"href":"https:\/\/viqtor.eu\/sk\/wp-json\/wp\/v2\/pages\/8661\/revisions"}],"predecessor-version":[{"id":9576,"href":"https:\/\/viqtor.eu\/sk\/wp-json\/wp\/v2\/pages\/8661\/revisions\/9576"}],"wp:attachment":[{"href":"https:\/\/viqtor.eu\/sk\/wp-json\/wp\/v2\/media?parent=8661"}],"curies":[{"name":"wp","href":"https:\/\/api.w.org\/{rel}","templated":true}]}}