{"id":8065,"date":"2023-06-02T11:44:17","date_gmt":"2023-06-02T11:44:17","guid":{"rendered":"https:\/\/viqtor.eu\/?page_id=8065"},"modified":"2024-09-18T14:42:18","modified_gmt":"2024-09-18T14:42:18","slug":"le-guide-viqtor-de-la-donnee-personnelle","status":"publish","type":"page","link":"https:\/\/viqtor.eu\/sk\/viktorov-sprievodca-osobnymi-udajmi\/","title":{"rendered":"Viqtorov sprievodca osobn\u00fdmi \u00fadajmi"},"content":{"rendered":"<div data-elementor-type=\"wp-page\" data-elementor-id=\"8065\" class=\"elementor elementor-8065\" data-elementor-post-type=\"page\">\n\t\t\t\t\t\t<section class=\"elementor-section elementor-top-section elementor-element elementor-element-487d106 elementor-section-content-middle ot-traditional elementor-section-boxed elementor-section-height-default elementor-section-height-default\" data-id=\"487d106\" data-element_type=\"section\" data-settings=\"{&quot;background_background&quot;:&quot;classic&quot;}\">\n\t\t\t\t\t\t\t<div class=\"elementor-background-overlay\"><\/div>\n\t\t\t\t\t\t\t<div class=\"elementor-container elementor-column-gap-default\">\n\t\t\t\t\t<div class=\"elementor-column elementor-col-100 elementor-top-column elementor-element elementor-element-7cb43dc ot-column-items-center ot-flex-column-vertical\" data-id=\"7cb43dc\" data-element_type=\"column\">\n\t\t\t<div class=\"elementor-widget-wrap elementor-element-populated\">\n\t\t\t\t\t\t<div class=\"elementor-element elementor-element-f174978 elementor-widget__width-initial elementor-widget elementor-widget-iheading\" data-id=\"f174978\" data-element_type=\"widget\" data-widget_type=\"iheading.default\">\n\t\t\t\t<div class=\"elementor-widget-container\">\n\t\t\t\t\t<div class=\"ot-heading\">\r\n\t        \t            <span>\/\/ Platforma Viqtor\u00ae<\/span>\r\n\t        <h1 class=\"main-heading\">\n\nSprievodca osobn\u00fdmi \u00fadajmi Viqtor\u00ae<\/h1>\t    <\/div>\r\n\t    \t\t<\/div>\n\t\t\t\t<\/div>\n\t\t\t\t\t<\/div>\n\t\t<\/div>\n\t\t\t\t\t<\/div>\n\t\t<\/section>\n\t\t\t\t<section class=\"elementor-section elementor-top-section elementor-element elementor-element-6bfd0a4 ot-traditional elementor-section-boxed elementor-section-height-default elementor-section-height-default\" data-id=\"6bfd0a4\" data-element_type=\"section\">\n\t\t\t\t\t\t<div class=\"elementor-container elementor-column-gap-default\">\n\t\t\t\t\t<div class=\"elementor-column elementor-col-100 elementor-top-column elementor-element elementor-element-9e9d643 ot-flex-column-vertical\" data-id=\"9e9d643\" data-element_type=\"column\">\n\t\t\t<div class=\"elementor-widget-wrap elementor-element-populated\">\n\t\t\t\t\t\t<div class=\"elementor-element elementor-element-4ca1c81 elementor-widget elementor-widget-text-editor\" data-id=\"4ca1c81\" data-element_type=\"widget\" data-widget_type=\"text-editor.default\">\n\t\t\t\t<div class=\"elementor-widget-container\">\n\t\t\t\t\t\t\t<p><span style=\"color: #3366ff;\"><strong><span style=\"text-decoration: underline;\">Predslov:<\/span> <\/strong><\/span><\/p><p><span style=\"color: #000000;\">Riadenie riz\u00edk v ochrane osobn\u00fdch \u00fadajov: Z\u00e1kladn\u00fd sprievodca pre optim\u00e1lny s\u00falad.<\/span><\/p><p><span style=\"color: #000000;\">Pokia\u013e ide o udr\u017eiavanie bezpe\u010dnosti \u00fadajov, riadenie riz\u00edk je nevyhnutn\u00e9. V s\u00falade s \u010dl\u00e1nkom 121 franc\u00fazskeho z\u00e1kona o ochrane \u00fadajov je nevyhnutn\u00e9 ur\u010di\u0165 prevent\u00edvne opatrenia, ktor\u00e9 sa maj\u00fa prija\u0165 na z\u00e1klade povahy \u00fadajov a riz\u00edk spojen\u00fdch so spracovan\u00edm. V\u0161eobecn\u00e9 nariadenie o ochrane \u00fadajov (GDPR) zd\u00f4raz\u0148uje d\u00f4le\u017eitos\u0165 implement\u00e1cie vhodn\u00fdch technick\u00fdch a organiza\u010dn\u00fdch opatren\u00ed na zabezpe\u010denie primeranej \u00farovne bezpe\u010dnosti.<\/span><\/p><p><span style=\"color: #000000;\">T\u00e1to po\u017eiadavka sa vz\u0165ahuje nielen na prev\u00e1dzkovate\u013ea osobn\u00fdch \u00fadajov, ale aj na zapojen\u00fdch spracovate\u013eov, ako je stanoven\u00e9 v \u010dl\u00e1nku 32 GDPR. Prijatie pr\u00edstupu k riadeniu riz\u00edk umo\u017e\u0148uje objekt\u00edvne rozhodovanie a implement\u00e1ciu opatren\u00ed, ktor\u00e9 s\u00fa nevyhnutne potrebn\u00e9 a prisp\u00f4soben\u00e9 konkr\u00e9tnemu kontextu.<\/span><\/p><p><span style=\"color: #000000;\">Implement\u00e1cia tak\u00e9hoto pr\u00edstupu a zabezpe\u010denie splnenia po\u017eiadaviek v\u0161ak m\u00f4\u017ee by\u0165 niekedy zlo\u017eit\u00e9, najm\u00e4 pre t\u00fdch, ktor\u00ed nie s\u00fa s t\u00fdmito met\u00f3dami obozn\u00e1men\u00ed.<\/span><\/p><p><span style=\"color: #000000;\">Preto v\u00e1m na\u0161a pr\u00edru\u010dka pon\u00faka cenn\u00fa podporu pri va\u0161om \u00fasil\u00ed o dodr\u017eiavanie predpisov. Na\u010drtneme z\u00e1kladn\u00e9 opatrenia, ktor\u00e9 by sa mali systematicky implementova\u0165. T\u00e1to pr\u00edru\u010dka, ur\u010den\u00e1 najm\u00e4 pre DPO (zodpovedn\u00fdch os\u00f4b pre ochranu \u00fadajov), CISO (mana\u017e\u00e9rov bezpe\u010dnosti informa\u010dn\u00fdch syst\u00e9mov) a IT odborn\u00edkov, poskytuje u\u017eito\u010dn\u00e9 inform\u00e1cie pre pr\u00e1vnych odborn\u00edkov.<\/span><\/p><p><span style=\"color: #000000;\">Sprievodca riaden\u00edm riz\u00edk s\u00favisiacich so spracovan\u00edm osobn\u00fdch \u00fadajov pre optim\u00e1lny s\u00falad s GDPR.<\/span><\/p><p><span style=\"color: #000000;\">Pokia\u013e ide o riadenie riz\u00edk s\u00favisiacich so spracovan\u00edm osobn\u00fdch \u00fadajov, je nevyhnutn\u00e9 zauja\u0165 proakt\u00edvny pr\u00edstup k zaisteniu bezpe\u010dnosti \u00fadajov a zabezpe\u010deniu s\u00faladu s po\u017eiadavkami v\u0161eobecn\u00e9ho nariadenia o ochrane \u00fadajov (GDPR). Ako SEO \u0161pecialista som ni\u017e\u0161ie poskytol podrobn\u00e9ho sprievodcu, ktor\u00fd sa zameriava na kroky, ktor\u00e9 m\u00f4\u017eete podnikn\u00fa\u0165 na optimaliz\u00e1ciu s\u00faladu s GDPR, ber\u00fac do \u00favahy osved\u010den\u00e9 postupy pre umiestnenie vo vyh\u013ead\u00e1van\u00ed Google.<\/span><\/p><p><strong><span style=\"color: #000000;\">Uve\u010fte spracovanie osobn\u00fdch \u00fadajov a pou\u017eit\u00e9 m\u00e9di\u00e1:<\/span><\/strong><\/p><p><span style=\"color: #000000;\">Jedn\u00fdm z prv\u00fdch krokov je identifik\u00e1cia v\u0161etk\u00fdch oper\u00e1ci\u00ed spracovania osobn\u00fdch \u00fadajov, \u010di u\u017e automatizovan\u00fdch alebo nie. Patria sem s\u00fabory z\u00e1kazn\u00edkov, zmluvy a \u010fal\u0161ie spracovan\u00e9 \u00fadaje. Je d\u00f4le\u017eit\u00e9 uvies\u0165 r\u00f4zne pou\u017eit\u00e9 m\u00e9di\u00e1, ako s\u00fa servery, notebooky, pevn\u00e9 disky, softv\u00e9r (opera\u010dn\u00e9 syst\u00e9my, podnikov\u00fd softv\u00e9r), komunika\u010dn\u00e9 kan\u00e1ly (optick\u00e9 vl\u00e1kna, Wi-Fi, internet, \u00fastna komunik\u00e1cia, kuri\u00e9ri), ako aj papierov\u00e9 m\u00e9di\u00e1 a fyzick\u00e9 priestory (po\u010d\u00edta\u010dov\u00e9 miestnosti, kancel\u00e1rie).<\/span><\/p>\t\t\t\t\t\t<\/div>\n\t\t\t\t<\/div>\n\t\t\t\t\t<\/div>\n\t\t<\/div>\n\t\t\t\t\t<\/div>\n\t\t<\/section>\n\t\t\t\t<section class=\"elementor-section elementor-top-section elementor-element elementor-element-35ba52a ot-traditional elementor-section-boxed elementor-section-height-default elementor-section-height-default\" data-id=\"35ba52a\" data-element_type=\"section\">\n\t\t\t\t\t\t<div class=\"elementor-container elementor-column-gap-default\">\n\t\t\t\t\t<div class=\"elementor-column elementor-col-100 elementor-top-column elementor-element elementor-element-0cf7b26 ot-flex-column-vertical\" data-id=\"0cf7b26\" data-element_type=\"column\">\n\t\t\t<div class=\"elementor-widget-wrap elementor-element-populated\">\n\t\t\t\t\t\t<div class=\"elementor-element elementor-element-3593ed7 elementor-widget elementor-widget-heading\" data-id=\"3593ed7\" data-element_type=\"widget\" data-widget_type=\"heading.default\">\n\t\t\t\t<div class=\"elementor-widget-container\">\n\t\t\t<h2 class=\"elementor-heading-title elementor-size-large\">Pos\u00fadenie riz\u00edk spojen\u00fdch s ka\u017edou lie\u010dbou:<\/h2>\t\t<\/div>\n\t\t\t\t<\/div>\n\t\t\t\t\t<\/div>\n\t\t<\/div>\n\t\t\t\t\t<\/div>\n\t\t<\/section>\n\t\t\t\t<section class=\"elementor-section elementor-top-section elementor-element elementor-element-3a23f17 ot-traditional elementor-section-boxed elementor-section-height-default elementor-section-height-default\" data-id=\"3a23f17\" data-element_type=\"section\">\n\t\t\t\t\t\t<div class=\"elementor-container elementor-column-gap-default\">\n\t\t\t\t\t<div class=\"elementor-column elementor-col-100 elementor-top-column elementor-element elementor-element-cf1b7c9 ot-flex-column-vertical\" data-id=\"cf1b7c9\" data-element_type=\"column\">\n\t\t\t<div class=\"elementor-widget-wrap elementor-element-populated\">\n\t\t\t\t\t\t<div class=\"elementor-element elementor-element-3c94449 elementor-widget elementor-widget-text-editor\" data-id=\"3c94449\" data-element_type=\"widget\" data-widget_type=\"text-editor.default\">\n\t\t\t\t<div class=\"elementor-widget-container\">\n\t\t\t\t\t\t\t<p><span style=\"color: #0000ff;\"><strong>a- Identifikujte potenci\u00e1lne vplyvy na pr\u00e1va a slobody dotknut\u00fdch os\u00f4b so zameran\u00edm na tri ob\u00e1van\u00e9 scen\u00e1re:<\/strong><\/span><\/p><p><span style=\"color: #000000;\"><strong>Neopr\u00e1vnen\u00fd pr\u00edstup k \u00fadajom<\/strong>\u00a0napr\u00edklad zverejnenie v\u00fdplatn\u00fdch p\u00e1sok v\u0161etk\u00fdch zamestnancov spolo\u010dnosti, \u010do vedie ku kr\u00e1de\u017ei identity.<\/span><\/p><p><span style=\"color: #000000;\"><strong>Ne\u017eiaduca \u00faprava \u00fadajov<\/strong>\u00a0napr\u00edklad \u00faprava pr\u00edstupov\u00fdch protokolov, ktor\u00e1 nespr\u00e1vne vedie k obvineniu z poru\u0161enia pravidiel alebo trestn\u00e9ho \u010dinu vo\u010di osobe.<\/span><\/p><p><span style=\"color: #000000;\"><strong>Zmiznutie \u00fadajov<\/strong>\u00a0napr\u00edklad nemo\u017enos\u0165 pr\u00edstupu k elektronick\u00e9mu s\u00faboru pacienta, \u010do m\u00e1 za n\u00e1sledok nezistenie liekovej interakcie.<\/span><\/p><p><span style=\"color: #000000;\"><strong>Riadenie riz\u00edk pom\u00e1ha ur\u010di\u0165 prevent\u00edvne opatrenia, ktor\u00e9 treba prija\u0165 na zachovanie bezpe\u010dnosti \u00fadajov<\/strong>, v s\u00falade s \u010dl\u00e1nkom 121 z\u00e1kona o ochrane \u00fadajov a \u010dl\u00e1nkom 32 GDPR. Je nevyhnutn\u00e9 pochopi\u0165 potenci\u00e1lne d\u00f4sledky t\u00fdchto riz\u00edk na pr\u00e1va a slobody dotknut\u00fdch os\u00f4b.<\/span><\/p><p><span style=\"color: #0000ff;\"><strong>b- Identifikujte zdroje rizika:<\/strong><\/span><\/p><p><span style=\"color: #000000;\">Pre ka\u017ed\u00fd ob\u00e1van\u00fd scen\u00e1r by sa mali identifikova\u0165 zdroje rizika, \u010di u\u017e \u013eudsk\u00e9 (intern\u00e9 alebo extern\u00e9) alebo ne\u013eudsk\u00e9. Patria sem faktory, ako s\u00fa IT administr\u00e1tori, pou\u017e\u00edvatelia, extern\u00ed \u00fato\u010dn\u00edci, konkurenti, ale aj prvky, ako je voda, epid\u00e9mie, nebezpe\u010dn\u00e9 materi\u00e1ly a necielen\u00e9 po\u010d\u00edta\u010dov\u00e9 v\u00edrusy.<\/span><\/p>\t\t\t\t\t\t<\/div>\n\t\t\t\t<\/div>\n\t\t\t\t\t<\/div>\n\t\t<\/div>\n\t\t\t\t\t<\/div>\n\t\t<\/section>\n\t\t\t\t<section class=\"elementor-section elementor-top-section elementor-element elementor-element-77edb27 ot-traditional elementor-section-boxed elementor-section-height-default elementor-section-height-default\" data-id=\"77edb27\" data-element_type=\"section\">\n\t\t\t\t\t\t<div class=\"elementor-container elementor-column-gap-default\">\n\t\t\t\t\t<div class=\"elementor-column elementor-col-100 elementor-top-column elementor-element elementor-element-72942a8 ot-flex-column-vertical\" data-id=\"72942a8\" data-element_type=\"column\">\n\t\t\t<div class=\"elementor-widget-wrap elementor-element-populated\">\n\t\t\t\t\t\t<div class=\"elementor-element elementor-element-0fcf018 elementor-widget elementor-widget-text-editor\" data-id=\"0fcf018\" data-element_type=\"widget\" data-widget_type=\"text-editor.default\">\n\t\t\t\t<div class=\"elementor-widget-container\">\n\t\t\t\t\t\t\t<div><div><div><div><p style=\"text-align: center;\"><span style=\"color: #000000;\"><strong>Stiahnite si kompletn\u00e9ho sprievodcu zadarmo:<\/strong><\/span><\/p><\/div><\/div><\/div><\/div>\t\t\t\t\t\t<\/div>\n\t\t\t\t<\/div>\n\t\t\t\t\t<\/div>\n\t\t<\/div>\n\t\t\t\t\t<\/div>\n\t\t<\/section>\n\t\t\t\t<section class=\"elementor-section elementor-top-section elementor-element elementor-element-7f22e0c ot-traditional elementor-section-boxed elementor-section-height-default elementor-section-height-default\" data-id=\"7f22e0c\" data-element_type=\"section\">\n\t\t\t\t\t\t<div class=\"elementor-container elementor-column-gap-default\">\n\t\t\t\t\t<div class=\"elementor-column elementor-col-100 elementor-top-column elementor-element elementor-element-d89bd3c ot-flex-column-vertical\" data-id=\"d89bd3c\" data-element_type=\"column\">\n\t\t\t<div class=\"elementor-widget-wrap elementor-element-populated\">\n\t\t\t\t\t\t<div class=\"elementor-element elementor-element-6220207 elementor-widget elementor-widget-text-editor\" data-id=\"6220207\" data-element_type=\"widget\" data-widget_type=\"text-editor.default\">\n\t\t\t\t<div class=\"elementor-widget-container\">\n\t\t\t\t\t\t\t<p><form method=\"post\" action=\"https:\/\/viqtor.eu\/wp-admin\/admin-ajax.php?action=tnp&amp;na=s\" class=\"tnp-subscription\" style=\"\">\n<input type=\"hidden\" name=\"nlang\" value=\"\">\n <div class=\"tnp-field tnp-field-email\"><label for=\"tnp-1\">E-mail<\/label>\n<input class=\"tnp-email\" type=\"email\" name=\"ne\" id=\"tnp-1\" value=\"\" placeholder=\"\" required><\/div>\n\u00a0<label> <input name=\"AGREE_TO_TERMS\" required=\"\" type=\"checkbox\" value=\"1\" \/> S\u00fahlas\u00edm s pou\u017eit\u00edm mojich osobn\u00fdch \u00fadajov v\u00fdlu\u010dne na \u00fa\u010dely spracovania mojej \u017eiadosti o stiahnutie. Ak\u00e9ko\u013evek in\u00e9 pou\u017eitie t\u00fdchto \u00fadajov zakazujeme.<\/label> <label> <input name=\"AGREE_TO_TERMS\" required=\"\" type=\"checkbox\" value=\"1\" \/>S\u00fahlas\u00edm s pravideln\u00fdm prij\u00edman\u00edm inform\u00e1ci\u00ed o ponuk\u00e1ch slu\u017eieb spolo\u010dnosti Viqtor.<\/label>\u00a0 \u00a0 \u00a0 \u00a0 \u00a0 \u00a0 \u00a0 \u00a0 \u00a0 \u00a0 \u00a0 \u00a0 \u00a0 \u00a0 \u00a0 \u00a0 \u00a0 \u00a0 \u00a0 \u00a0 <div class=\"tnp-field tnp-field-button\" style=\"text-align: left\"><input class=\"tnp-submit\" type=\"submit\" value=\"Z\u00edskajte sprievodcu\" style=\"\">\n<\/div>\n<\/form><\/p>\t\t\t\t\t\t<\/div>\n\t\t\t\t<\/div>\n\t\t\t\t\t<\/div>\n\t\t<\/div>\n\t\t\t\t\t<\/div>\n\t\t<\/section>\n\t\t\t\t<\/div>","protected":false},"excerpt":{"rendered":"<p>\/\/ La plateforme Viqtor\u00ae Le guide Viqtor\u00ae de la donn\u00e9e personnelle Avant propos\u00a0: La gestion des risques dans la protection des donn\u00e9es personnelles : Un guide essentiel pour une conformit\u00e9 optimale. Lorsqu&rsquo;il s&rsquo;agit de pr\u00e9server la s\u00e9curit\u00e9 des donn\u00e9es, la gestion des risques est essentielle. Conform\u00e9ment \u00e0 l&rsquo;article 121 de la loi Informatique et Libert\u00e9s, [&hellip;]<\/p>","protected":false},"author":1,"featured_media":0,"parent":0,"menu_order":0,"comment_status":"closed","ping_status":"closed","template":"","meta":{"_acf_changed":false,"footnotes":""},"class_list":["post-8065","page","type-page","status-publish","hentry"],"acf":[],"yoast_head":"<!-- This site is optimized with the Yoast SEO plugin v23.6 - https:\/\/yoast.com\/wordpress\/plugins\/seo\/ -->\n<title>Le guide Viqtor de la donn\u00e9e personnelle<\/title>\n<meta name=\"description\" content=\"La gestion des risques dans la protection des donn\u00e9es personnelles : Un guide essentiel pour une conformit\u00e9 optimale.\" \/>\n<meta name=\"robots\" content=\"index, follow, max-snippet:-1, max-image-preview:large, max-video-preview:-1\" \/>\n<link rel=\"canonical\" href=\"https:\/\/viqtor.eu\/sk\/viktorov-sprievodca-osobnymi-udajmi\/\" \/>\n<meta property=\"og:locale\" content=\"sk_SK\" \/>\n<meta property=\"og:type\" content=\"article\" \/>\n<meta property=\"og:title\" content=\"Le guide Viqtor de la donn\u00e9e personnelle\" \/>\n<meta property=\"og:description\" content=\"La gestion des risques dans la protection des donn\u00e9es personnelles : Un guide essentiel pour une conformit\u00e9 optimale.\" \/>\n<meta property=\"og:url\" content=\"https:\/\/viqtor.eu\/sk\/viktorov-sprievodca-osobnymi-udajmi\/\" \/>\n<meta property=\"og:site_name\" content=\"Viqtor\" \/>\n<meta property=\"article:modified_time\" content=\"2024-09-18T14:42:18+00:00\" \/>\n<meta name=\"twitter:card\" content=\"summary_large_image\" \/>\n<meta name=\"twitter:label1\" content=\"Predpokladan\u00fd \u010das \u010d\u00edtania\" \/>\n\t<meta name=\"twitter:data1\" content=\"4 min\u00faty\" \/>\n<script type=\"application\/ld+json\" class=\"yoast-schema-graph\">{\"@context\":\"https:\/\/schema.org\",\"@graph\":[{\"@type\":\"WebPage\",\"@id\":\"https:\/\/viqtor.eu\/le-guide-viqtor-de-la-donnee-personnelle\/\",\"url\":\"https:\/\/viqtor.eu\/le-guide-viqtor-de-la-donnee-personnelle\/\",\"name\":\"Le guide Viqtor de la donn\u00e9e personnelle\",\"isPartOf\":{\"@id\":\"https:\/\/viqtor.eu\/#website\"},\"datePublished\":\"2023-06-02T11:44:17+00:00\",\"dateModified\":\"2024-09-18T14:42:18+00:00\",\"description\":\"La gestion des risques dans la protection des donn\u00e9es personnelles : Un guide essentiel pour une conformit\u00e9 optimale.\",\"breadcrumb\":{\"@id\":\"https:\/\/viqtor.eu\/le-guide-viqtor-de-la-donnee-personnelle\/#breadcrumb\"},\"inLanguage\":\"sk-SK\",\"potentialAction\":[{\"@type\":\"ReadAction\",\"target\":[\"https:\/\/viqtor.eu\/le-guide-viqtor-de-la-donnee-personnelle\/\"]}]},{\"@type\":\"BreadcrumbList\",\"@id\":\"https:\/\/viqtor.eu\/le-guide-viqtor-de-la-donnee-personnelle\/#breadcrumb\",\"itemListElement\":[{\"@type\":\"ListItem\",\"position\":1,\"name\":\"Accueil\",\"item\":\"https:\/\/viqtor.eu\/\"},{\"@type\":\"ListItem\",\"position\":2,\"name\":\"Le guide Viqtor de la donn\u00e9e personnelle\"}]},{\"@type\":\"WebSite\",\"@id\":\"https:\/\/viqtor.eu\/#website\",\"url\":\"https:\/\/viqtor.eu\/\",\"name\":\"Viqtor\",\"description\":\"Faites du RGPD une opportunit\u00e9 pour votre entreprise.\",\"publisher\":{\"@id\":\"https:\/\/viqtor.eu\/#organization\"},\"potentialAction\":[{\"@type\":\"SearchAction\",\"target\":{\"@type\":\"EntryPoint\",\"urlTemplate\":\"https:\/\/viqtor.eu\/?s={search_term_string}\"},\"query-input\":{\"@type\":\"PropertyValueSpecification\",\"valueRequired\":true,\"valueName\":\"search_term_string\"}}],\"inLanguage\":\"sk-SK\"},{\"@type\":\"Organization\",\"@id\":\"https:\/\/viqtor.eu\/#organization\",\"name\":\"viqtor.eu\",\"url\":\"https:\/\/viqtor.eu\/\",\"logo\":{\"@type\":\"ImageObject\",\"inLanguage\":\"sk-SK\",\"@id\":\"https:\/\/viqtor.eu\/#\/schema\/logo\/image\/\",\"url\":\"https:\/\/viqtor.eu\/wp-content\/uploads\/2023\/06\/favicon-noir.svg\",\"contentUrl\":\"https:\/\/viqtor.eu\/wp-content\/uploads\/2023\/06\/favicon-noir.svg\",\"width\":108,\"height\":86,\"caption\":\"viqtor.eu\"},\"image\":{\"@id\":\"https:\/\/viqtor.eu\/#\/schema\/logo\/image\/\"}}]}<\/script>\n<!-- \/ Yoast SEO plugin. -->","yoast_head_json":{"title":"Le guide Viqtor de la donn\u00e9e personnelle","description":"La gestion des risques dans la protection des donn\u00e9es personnelles : Un guide essentiel pour une conformit\u00e9 optimale.","robots":{"index":"index","follow":"follow","max-snippet":"max-snippet:-1","max-image-preview":"max-image-preview:large","max-video-preview":"max-video-preview:-1"},"canonical":"https:\/\/viqtor.eu\/sk\/viktorov-sprievodca-osobnymi-udajmi\/","og_locale":"sk_SK","og_type":"article","og_title":"Le guide Viqtor de la donn\u00e9e personnelle","og_description":"La gestion des risques dans la protection des donn\u00e9es personnelles : Un guide essentiel pour une conformit\u00e9 optimale.","og_url":"https:\/\/viqtor.eu\/sk\/viktorov-sprievodca-osobnymi-udajmi\/","og_site_name":"Viqtor","article_modified_time":"2024-09-18T14:42:18+00:00","twitter_card":"summary_large_image","twitter_misc":{"Predpokladan\u00fd \u010das \u010d\u00edtania":"4 min\u00faty"},"schema":{"@context":"https:\/\/schema.org","@graph":[{"@type":"WebPage","@id":"https:\/\/viqtor.eu\/le-guide-viqtor-de-la-donnee-personnelle\/","url":"https:\/\/viqtor.eu\/le-guide-viqtor-de-la-donnee-personnelle\/","name":"Le guide Viqtor de la donn\u00e9e personnelle","isPartOf":{"@id":"https:\/\/viqtor.eu\/#website"},"datePublished":"2023-06-02T11:44:17+00:00","dateModified":"2024-09-18T14:42:18+00:00","description":"La gestion des risques dans la protection des donn\u00e9es personnelles : Un guide essentiel pour une conformit\u00e9 optimale.","breadcrumb":{"@id":"https:\/\/viqtor.eu\/le-guide-viqtor-de-la-donnee-personnelle\/#breadcrumb"},"inLanguage":"sk-SK","potentialAction":[{"@type":"ReadAction","target":["https:\/\/viqtor.eu\/le-guide-viqtor-de-la-donnee-personnelle\/"]}]},{"@type":"BreadcrumbList","@id":"https:\/\/viqtor.eu\/le-guide-viqtor-de-la-donnee-personnelle\/#breadcrumb","itemListElement":[{"@type":"ListItem","position":1,"name":"Accueil","item":"https:\/\/viqtor.eu\/"},{"@type":"ListItem","position":2,"name":"Le guide Viqtor de la donn\u00e9e personnelle"}]},{"@type":"WebSite","@id":"https:\/\/viqtor.eu\/#website","url":"https:\/\/viqtor.eu\/","name":"Viqtor","description":"Faites du RGPD une opportunit\u00e9 pour votre entreprise.","publisher":{"@id":"https:\/\/viqtor.eu\/#organization"},"potentialAction":[{"@type":"SearchAction","target":{"@type":"EntryPoint","urlTemplate":"https:\/\/viqtor.eu\/?s={search_term_string}"},"query-input":{"@type":"PropertyValueSpecification","valueRequired":true,"valueName":"search_term_string"}}],"inLanguage":"sk-SK"},{"@type":"Organization","@id":"https:\/\/viqtor.eu\/#organization","name":"viqtor.eu","url":"https:\/\/viqtor.eu\/","logo":{"@type":"ImageObject","inLanguage":"sk-SK","@id":"https:\/\/viqtor.eu\/#\/schema\/logo\/image\/","url":"https:\/\/viqtor.eu\/wp-content\/uploads\/2023\/06\/favicon-noir.svg","contentUrl":"https:\/\/viqtor.eu\/wp-content\/uploads\/2023\/06\/favicon-noir.svg","width":108,"height":86,"caption":"viqtor.eu"},"image":{"@id":"https:\/\/viqtor.eu\/#\/schema\/logo\/image\/"}}]}},"_links":{"self":[{"href":"https:\/\/viqtor.eu\/sk\/wp-json\/wp\/v2\/pages\/8065","targetHints":{"allow":["GET"]}}],"collection":[{"href":"https:\/\/viqtor.eu\/sk\/wp-json\/wp\/v2\/pages"}],"about":[{"href":"https:\/\/viqtor.eu\/sk\/wp-json\/wp\/v2\/types\/page"}],"author":[{"embeddable":true,"href":"https:\/\/viqtor.eu\/sk\/wp-json\/wp\/v2\/users\/1"}],"replies":[{"embeddable":true,"href":"https:\/\/viqtor.eu\/sk\/wp-json\/wp\/v2\/comments?post=8065"}],"version-history":[{"count":104,"href":"https:\/\/viqtor.eu\/sk\/wp-json\/wp\/v2\/pages\/8065\/revisions"}],"predecessor-version":[{"id":12452,"href":"https:\/\/viqtor.eu\/sk\/wp-json\/wp\/v2\/pages\/8065\/revisions\/12452"}],"wp:attachment":[{"href":"https:\/\/viqtor.eu\/sk\/wp-json\/wp\/v2\/media?parent=8065"}],"curies":[{"name":"wp","href":"https:\/\/api.w.org\/{rel}","templated":true}]}}