{"id":6522,"date":"2023-05-10T15:50:27","date_gmt":"2023-05-10T15:50:27","guid":{"rendered":"https:\/\/viqtor.eu\/?page_id=6522"},"modified":"2023-07-24T10:19:18","modified_gmt":"2023-07-24T10:19:18","slug":"mentions-legales","status":"publish","type":"page","link":"https:\/\/viqtor.eu\/sk\/pravne-oznamenia\/","title":{"rendered":"Pr\u00e1vne upozornenia"},"content":{"rendered":"<div data-elementor-type=\"wp-page\" data-elementor-id=\"6522\" class=\"elementor elementor-6522\" data-elementor-post-type=\"page\">\n\t\t\t\t\t\t<section class=\"elementor-section elementor-top-section elementor-element elementor-element-747390f0 ot-traditional elementor-section-boxed elementor-section-height-default elementor-section-height-default\" data-id=\"747390f0\" data-element_type=\"section\">\n\t\t\t\t\t\t<div class=\"elementor-container elementor-column-gap-default\">\n\t\t\t\t\t<div class=\"elementor-column elementor-col-100 elementor-top-column elementor-element elementor-element-2fbcdc64 ot-flex-column-vertical\" data-id=\"2fbcdc64\" data-element_type=\"column\">\n\t\t\t<div class=\"elementor-widget-wrap elementor-element-populated\">\n\t\t\t\t\t\t<div class=\"elementor-element elementor-element-69294830 elementor-widget elementor-widget-text-editor\" data-id=\"69294830\" data-element_type=\"widget\" data-widget_type=\"text-editor.default\">\n\t\t\t\t<div class=\"elementor-widget-container\">\n\t\t\t\t\t\t\t<!-- wp:paragraph -->\n<p><\/p>\n<!-- \/wp:paragraph -->\n\n<!-- wp:list {\"ordered\":true} -->\n<ol><!-- wp:list-item -->\n<li><strong>PREZENT\u00c1CIA STR\u00c1NKY.<\/strong><\/li>\n<!-- \/wp:list-item --><\/ol>\n<!-- \/wp:list -->\n\n<!-- wp:paragraph -->\n<p>V s\u00falade s \u010dl\u00e1nkom 6 z\u00e1kona \u010d. 2004-575 z 21. j\u00fana 2004 o d\u00f4vere v digit\u00e1lnu ekonomiku s\u00fa pou\u017e\u00edvatelia str\u00e1nky https:\/\/viqtor.eu informovan\u00ed o toto\u017enosti r\u00f4znych str\u00e1n zapojen\u00fdch do jej tvorby a monitorovania:<\/p>\n<!-- \/wp:paragraph -->\n\n<!-- wp:paragraph -->\n<p>Vlastn\u00edk: DBWO<\/p>\n<!-- \/wp:paragraph -->\n\n<!-- wp:paragraph -->\n<p>Autor: ACTIVATION \/ VENISE HBA, SAS s kapit\u00e1lom 37 000 \u20ac RCS NANTERRE 350 130 019, 37\/41 rue Fernand PELLOUTIER \u2013 92100 BOULOGNE-BILLANCOURT<\/p>\n<!-- \/wp:paragraph -->\n\n<!-- wp:paragraph -->\n<p>Ved\u00faci publik\u00e1cie: Bruno Dumay<\/p>\n<!-- \/wp:paragraph -->\n\n<!-- wp:paragraph -->\n<p>Hostite\u013e: OVH SAS s kapit\u00e1lom 10 069 020 EUR \u2013 RCS Lille M\u00e9tropole 424 761 419 00045, 2 rue Kellermann \u2013 59100 Roubaix<\/p>\n<!-- \/wp:paragraph -->\n\n<!-- wp:list {\"ordered\":true,\"start\":2} -->\n<ol start=\"2\"><!-- wp:list-item -->\n<li><strong>V\u0160EOBECN\u00c9 PODMIENKY POU\u017d\u00cdVANIA STR\u00c1NKY A PON\u00daKAN\u00ddCH SLU\u017dIEB.<\/strong><\/li>\n<!-- \/wp:list-item --><\/ol>\n<!-- \/wp:list -->\n\n<!-- wp:paragraph -->\n<p>Pou\u017e\u00edvan\u00edm str\u00e1nky https:\/\/viqtor.eu s\u00fahlas\u00edte s v\u0161eobecn\u00fdmi podmienkami pou\u017e\u00edvania op\u00edsan\u00fdmi ni\u017e\u0161ie. Tieto podmienky pou\u017e\u00edvania m\u00f4\u017eu by\u0165 kedyko\u013evek zmenen\u00e9 alebo doplnen\u00e9.<\/p>\n<!-- \/wp:paragraph -->\n\n<!-- wp:paragraph -->\n<p>T\u00e1to str\u00e1nka je be\u017ene pr\u00edstupn\u00e1 pou\u017e\u00edvate\u013eom kedyko\u013evek. Spolo\u010dnos\u0165 DBWO sa v\u0161ak m\u00f4\u017ee rozhodn\u00fa\u0165 preru\u0161i\u0165 prev\u00e1dzku str\u00e1nky z d\u00f4vodu technickej \u00fadr\u017eby a bude sa sna\u017ei\u0165 vopred informova\u0165 pou\u017e\u00edvate\u013eov o d\u00e1tumoch a \u010dasoch z\u00e1sahu.<\/p>\n<!-- \/wp:paragraph -->\n\n<!-- wp:paragraph -->\n<p>Webov\u00fa str\u00e1nku https:\/\/viqtor.eu pravidelne aktualizuje spolo\u010dnos\u0165 DBWO. Pr\u00e1vne upozornenia sa m\u00f4\u017eu kedyko\u013evek zmeni\u0165, s\u00fa v\u0161ak pre pou\u017e\u00edvate\u013ea z\u00e1v\u00e4zn\u00e9 a vyz\u00fdvame ho, aby sa s nimi \u010do naj\u010dastej\u0161ie obozn\u00e1mil.<\/p>\n<!-- \/wp:paragraph -->\n\n<!-- wp:list {\"ordered\":true,\"start\":3} -->\n<ol start=\"3\"><!-- wp:list-item -->\n<li><strong>POPIS POSKYTOVAN\u00ddCH SLU\u017dIEB.<\/strong><\/li>\n<!-- \/wp:list-item --><\/ol>\n<!-- \/wp:list -->\n\n<!-- wp:paragraph -->\n<p>\u00da\u010delom webovej str\u00e1nky https:\/\/viqtor.eu je poskytova\u0165 inform\u00e1cie t\u00fdkaj\u00face sa v\u0161etk\u00fdch aktiv\u00edt spolo\u010dnosti.<\/p>\n<!-- \/wp:paragraph -->\n\n<!-- wp:paragraph -->\n<p>Spolo\u010dnos\u0165 DBWO sa sna\u017e\u00ed poskytova\u0165 na webovej str\u00e1nke https:\/\/viqtor.eu \u010do najpresnej\u0161ie inform\u00e1cie. Nem\u00f4\u017ee v\u0161ak nies\u0165 zodpovednos\u0165 za opomenutia, nepresnosti alebo nedostatky v aktualiz\u00e1cii, \u010di u\u017e sp\u00f4soben\u00e9 \u0148ou samotnou alebo tret\u00edmi stranami, ktor\u00e9 tieto inform\u00e1cie poskytuj\u00fa.<\/p>\n<!-- \/wp:paragraph -->\n\n<!-- wp:paragraph -->\n<p>V\u0161etky inform\u00e1cie uveden\u00e9 na webovej str\u00e1nke https:\/\/viqtor.eu sl\u00fa\u017eia len na informa\u010dn\u00e9 \u00fa\u010dely a m\u00f4\u017eu sa zmeni\u0165. Okrem toho inform\u00e1cie na webovej str\u00e1nke https:\/\/viqtor.eu nie s\u00fa vy\u010derp\u00e1vaj\u00face. S\u00fa poskytovan\u00e9 s v\u00fdhradou zmien, ktor\u00e9 mohli by\u0165 vykonan\u00e9 od ich zverejnenia online.<\/p>\n<!-- \/wp:paragraph -->\n\n<!-- wp:list {\"ordered\":true,\"start\":4} -->\n<ol start=\"4\"><!-- wp:list-item -->\n<li><strong>ZMLUVN\u00c9 OBMEDZENIA TECHNICK\u00ddCH \u00daDAJOV.<\/strong><\/li>\n<!-- \/wp:list-item --><\/ol>\n<!-- \/wp:list -->\n\n<!-- wp:paragraph -->\n<p>Str\u00e1nka pou\u017e\u00edva technol\u00f3gie: HTML\/CSS\/MsQL<\/p>\n<!-- \/wp:paragraph -->\n\n<!-- wp:paragraph -->\n<p>Webov\u00e1 str\u00e1nka nezodpoved\u00e1 za materi\u00e1lne \u0161kody s\u00favisiace s pou\u017e\u00edvan\u00edm str\u00e1nky. Okrem toho pou\u017e\u00edvate\u013e str\u00e1nky s\u00fahlas\u00ed s pr\u00edstupom na str\u00e1nku pomocou modern\u00e9ho zariadenia, ktor\u00e9 neobsahuje v\u00edrusy a m\u00e1 aktualizovan\u00fd prehliada\u010d najnov\u0161ej gener\u00e1cie.<\/p>\n<!-- \/wp:paragraph -->\n\n<!-- wp:list {\"ordered\":true,\"start\":5} -->\n<ol start=\"5\"><!-- wp:list-item -->\n<li><strong>DU\u0160EVN\u00c9 VLASTN\u00cdCTVO A FAL\u0160OVANIE.<\/strong><\/li>\n<!-- \/wp:list-item --><\/ol>\n<!-- \/wp:list -->\n\n<!-- wp:paragraph -->\n<p>Spolo\u010dnos\u0165 DBWO vlastn\u00ed pr\u00e1va du\u0161evn\u00e9ho vlastn\u00edctva alebo m\u00e1 pr\u00e1va na pou\u017e\u00edvanie v\u0161etk\u00fdch prvkov pr\u00edstupn\u00fdch na str\u00e1nke, najm\u00e4 textov, obr\u00e1zkov, grafiky, log, ikon, zvukov a softv\u00e9ru.<\/p>\n<!-- \/wp:paragraph -->\n\n<!-- wp:paragraph -->\n<p>Ak\u00e1ko\u013evek reprodukcia, zn\u00e1zornenie, \u00faprava, publikovanie, prisp\u00f4sobenie v\u0161etk\u00fdch alebo \u010dasti prvkov str\u00e1nky, bez oh\u013eadu na pou\u017eit\u00e9 prostriedky alebo proces, je zak\u00e1zan\u00e9, s v\u00fdnimkou predch\u00e1dzaj\u00faceho p\u00edsomn\u00e9ho s\u00fahlasu spolo\u010dnosti DBWO.<\/p>\n<!-- \/wp:paragraph -->\n\n<!-- wp:paragraph -->\n<p>Ak\u00e9ko\u013evek neopr\u00e1vnen\u00e9 pou\u017eitie str\u00e1nky alebo ak\u00fdchko\u013evek prvkov, ktor\u00e9 obsahuje, bude pova\u017eovan\u00e9 za poru\u0161enie a bude st\u00edhan\u00e9 v s\u00falade s ustanoveniami \u010dl\u00e1nkov L.335-2 a nasl. Z\u00e1kona o du\u0161evnom vlastn\u00edctve.<\/p>\n<!-- \/wp:paragraph -->\n\n<!-- wp:list {\"ordered\":true,\"start\":6} -->\n<ol start=\"6\"><!-- wp:list-item -->\n<li><strong>OBMEDZENIA ZODPOVEDNOSTI.<\/strong><\/li>\n<!-- \/wp:list-item --><\/ol>\n<!-- \/wp:list -->\n\n<!-- wp:paragraph -->\n<p>Spolo\u010dnos\u0165 DBWO nenesie zodpovednos\u0165 za priame alebo nepriame \u0161kody sp\u00f4soben\u00e9 na zariaden\u00ed pou\u017e\u00edvate\u013ea pri pr\u00edstupe na str\u00e1nku, a to bu\u010f v d\u00f4sledku pou\u017e\u00edvania zariadenia, ktor\u00e9 nesp\u013a\u0148a \u0161pecifik\u00e1cie uveden\u00e9 v bode 4, alebo v d\u00f4sledku v\u00fdskytu chyby alebo nekompatibility.<\/p>\n<!-- \/wp:paragraph -->\n\n<!-- wp:paragraph -->\n<p>Spolo\u010dnos\u0165 DBWO nenesie zodpovednos\u0165 za nepriame \u0161kody (ako je strata trhu alebo strata pr\u00edle\u017eitost\u00ed) vypl\u00fdvaj\u00face z pou\u017e\u00edvania str\u00e1nky www.dbwo.legal.<\/p>\n<!-- \/wp:paragraph -->\n\n<!-- wp:paragraph -->\n<p>Pou\u017e\u00edvate\u013eom s\u00fa k dispoz\u00edcii interakt\u00edvne priestory (mo\u017enos\u0165 kl\u00e1s\u0165 ot\u00e1zky v kontaktnej sekcii). DBWO si vyhradzuje pr\u00e1vo bez predch\u00e1dzaj\u00faceho upozornenia vymaza\u0165 ak\u00fdko\u013evek obsah uverejnen\u00fd v tomto priestore, ktor\u00fd je v rozpore s platn\u00fdmi pr\u00e1vnymi predpismi vo Franc\u00fazsku, najm\u00e4 s ustanoveniami t\u00fdkaj\u00facimi sa ochrany \u00fadajov. V pr\u00edpade potreby si DBWO tie\u017e vyhradzuje pr\u00e1vo bra\u0165 pou\u017e\u00edvate\u013ea na ob\u010dianskopr\u00e1vnu a\/alebo trestnopr\u00e1vnu zodpovednos\u0165, najm\u00e4 v pr\u00edpade spr\u00e1v rasistickej, ur\u00e1\u017elivej, hanlivej alebo pornografickej povahy, bez oh\u013eadu na pou\u017eit\u00e9 m\u00e9dium (text, fotografia at\u010f.).<\/p>\n<!-- \/wp:paragraph -->\n\n<!-- wp:list {\"ordered\":true,\"start\":7} -->\n<ol start=\"7\"><!-- wp:list-item -->\n<li><strong>SPR\u00c1VA OSOBN\u00ddCH \u00daDAJOV.<\/strong><\/li>\n<!-- \/wp:list-item --><\/ol>\n<!-- \/wp:list -->\n\n<!-- wp:paragraph -->\n<p>Vo Franc\u00fazsku s\u00fa osobn\u00e9 \u00fadaje chr\u00e1nen\u00e9 najm\u00e4 z\u00e1konom \u010d. 78-87 zo 6. janu\u00e1ra 1978, z\u00e1konom \u010d. 2004-801 zo 6. augusta 2004, \u010dl\u00e1nkom L. 226-13 trestn\u00e9ho z\u00e1konn\u00edka, nariaden\u00edm o ochrane fyzick\u00fdch os\u00f4b pri spracovan\u00ed osobn\u00fdch \u00fadajov a vo\u013enom pohybe tak\u00fdchto \u00fadajov, ktor\u00fdm sa zru\u0161uje smernica 95\/46\/ES (v\u0161eobecn\u00e9 nariadenie o ochrane \u00fadajov), a z\u00e1konom \u010d. 2018-493 z 20. j\u00fana 2018 o ochrane osobn\u00fdch \u00fadajov.<\/p>\n<!-- \/wp:paragraph -->\n\n<!-- wp:paragraph -->\n<p>Pri pou\u017e\u00edvan\u00ed str\u00e1nky https:\/\/viqtor.eu m\u00f4\u017eu by\u0165 zhroma\u017e\u010fovan\u00e9 nasleduj\u00face \u00fadaje: URL adresa odkazov, cez ktor\u00e9 pou\u017e\u00edvate\u013e pristupoval na str\u00e1nku https:\/\/viqtor.eu, poskytovate\u013e pr\u00edstupu pou\u017e\u00edvate\u013ea, adresa internetov\u00e9ho protokolu (IP) pou\u017e\u00edvate\u013ea.<\/p>\n<!-- \/wp:paragraph -->\n\n<!-- wp:paragraph -->\n<p>V ka\u017edom pr\u00edpade spolo\u010dnos\u0165 DBWO zhroma\u017e\u010fuje osobn\u00e9 \u00fadaje o pou\u017e\u00edvate\u013eovi iba na \u00fa\u010dely ur\u010dit\u00fdch slu\u017eieb pon\u00fakan\u00fdch str\u00e1nkou https:\/\/viqtor.eu. Pou\u017e\u00edvate\u013e poskytuje tieto inform\u00e1cie s plnou znalos\u0165ou skuto\u010dnost\u00ed, najm\u00e4 ak ich zad\u00e1va s\u00e1m. Pou\u017e\u00edvate\u013e str\u00e1nky https:\/\/viqtor.eu je n\u00e1sledne informovan\u00fd o tom, \u010di je povinn\u00fd tieto inform\u00e1cie poskytn\u00fa\u0165 alebo nie.<\/p>\n<!-- \/wp:paragraph -->\n\n<!-- wp:paragraph -->\n<p>V s\u00falade s ustanoveniami \u010dl\u00e1nkov 38 a nasleduj\u00facich \u010dl\u00e1nkov z\u00e1kona 78-17 zo 6. janu\u00e1ra 1978 o informa\u010dn\u00fdch technol\u00f3gi\u00e1ch, s\u00faboroch a slobod\u00e1ch m\u00e1 ka\u017ed\u00fd pou\u017e\u00edvate\u013e pr\u00e1vo na pr\u00edstup k osobn\u00fdm \u00fadajom, ktor\u00e9 sa ho t\u00fdkaj\u00fa, na ich opravu a namietanie vo\u010di nim, a to podan\u00edm p\u00edsomnej a podp\u00edsanej \u017eiadosti, ku ktorej je prilo\u017een\u00e1 k\u00f3pia dokladu toto\u017enosti s podpisom dr\u017eite\u013ea dokladu s uveden\u00edm adresy, na ktor\u00fa sa m\u00e1 odpove\u010f zasla\u0165.<\/p>\n<!-- \/wp:paragraph -->\n\n<!-- wp:paragraph -->\n<p>\u017diadne osobn\u00e9 \u00fadaje pou\u017e\u00edvate\u013ea str\u00e1nky https:\/\/viqtor.eu nie s\u00fa zverej\u0148ovan\u00e9 bez vedomia pou\u017e\u00edvate\u013ea, vymie\u0148an\u00e9, pren\u00e1\u0161an\u00e9, post\u00fapen\u00e9 ani pred\u00e1van\u00e9 na akomko\u013evek m\u00e9diu tret\u00edm stran\u00e1m.<\/p>\n<!-- \/wp:paragraph -->\n\n<!-- wp:paragraph -->\n<p>Datab\u00e1zy s\u00fa chr\u00e1nen\u00e9 ustanoveniami z\u00e1kona z 1. j\u00fala 1998, ktor\u00fdm sa transponuje smernica 96\/9 z 11. marca 1996 o pr\u00e1vnej ochrane datab\u00e1z.<\/p>\n<!-- \/wp:paragraph -->\n\n<!-- wp:list {\"ordered\":true,\"start\":8} -->\n<ol start=\"8\"><!-- wp:list-item -->\n<li><strong>HYPERTEXTOV\u00c9 ODKAZY A S\u00daBORY COOKIES.<\/strong><\/li>\n<!-- \/wp:list-item --><\/ol>\n<!-- \/wp:list -->\n\n<!-- wp:paragraph -->\n<p>Str\u00e1nka https:\/\/viqtor.eu obsahuje mno\u017estvo hypertextov\u00fdch odkazov na in\u00e9 str\u00e1nky, ktor\u00e9 boli vytvoren\u00e9 s povolen\u00edm spolo\u010dnosti DBWO. Spolo\u010dnos\u0165 DBWO v\u0161ak nie je schopn\u00e1 overi\u0165 obsah nav\u0161t\u00edven\u00fdch str\u00e1nok, a preto za ne nepreber\u00e1 \u017eiadnu zodpovednos\u0165.<\/p>\n<!-- \/wp:paragraph -->\n\n<!-- wp:paragraph -->\n<p>Prehliadanie str\u00e1nky https:\/\/viqtor.eu m\u00f4\u017ee vies\u0165 k in\u0161tal\u00e1cii s\u00faborov cookie na po\u010d\u00edta\u010di pou\u017e\u00edvate\u013ea. S\u00fabor cookie je mal\u00fd s\u00fabor, ktor\u00fd neumo\u017e\u0148uje identifik\u00e1ciu pou\u017e\u00edvate\u013ea, ale zaznamen\u00e1va inform\u00e1cie t\u00fdkaj\u00face sa navig\u00e1cie po\u010d\u00edta\u010da na str\u00e1nke. Takto z\u00edskan\u00e9 \u00fadaje sl\u00fa\u017eia na u\u013eah\u010denie n\u00e1slednej navig\u00e1cie na str\u00e1nke a tie\u017e na umo\u017enenie r\u00f4znych meran\u00ed n\u00e1v\u0161tevnosti.<\/p>\n<!-- \/wp:paragraph -->\n\n<!-- wp:paragraph -->\n<p>Odmietnutie in\u0161tal\u00e1cie s\u00faborov cookie m\u00f4\u017ee znemo\u017eni\u0165 pr\u00edstup k ur\u010dit\u00fdm slu\u017eb\u00e1m. Pou\u017e\u00edvate\u013e v\u0161ak m\u00f4\u017ee nakonfigurova\u0165 svoj po\u010d\u00edta\u010d nasledovne, aby odmietol in\u0161tal\u00e1ciu s\u00faborov cookie:<\/p>\n<!-- \/wp:paragraph -->\n\n<!-- wp:paragraph -->\n<p>V programe Internet Explorer: karta N\u00e1stroje (ikona ozuben\u00e9ho kolieska v pravom hornom rohu) \/ mo\u017enosti internetu.<\/p>\n<!-- \/wp:paragraph -->\n\n<!-- wp:paragraph -->\n<p>Kliknite na S\u00fakromie a vyberte mo\u017enos\u0165 Blokova\u0165 v\u0161etky s\u00fabory cookie. Potvr\u010fte tla\u010didlom OK.<\/p>\n<!-- \/wp:paragraph -->\n\n<!-- wp:paragraph -->\n<p>Vo Firefoxe: V hornej \u010dasti okna prehliada\u010da kliknite na tla\u010didlo Firefox a potom prejdite na kartu Mo\u017enosti. Kliknite na kartu S\u00fakromie.<\/p>\n<!-- \/wp:paragraph -->\n\n<!-- wp:paragraph -->\n<p>Nastavte pravidl\u00e1 uchov\u00e1vania na: Pou\u017ei\u0165 vlastn\u00e9 nastavenia pre hist\u00f3riu. Nakoniec zru\u0161te za\u010diarknutie, aby ste zak\u00e1zali s\u00fabory cookie.<\/p>\n<!-- \/wp:paragraph -->\n\n<!-- wp:paragraph -->\n<p>V prehliada\u010di Safari: Kliknite na ikonu ponuky (symbolizovan\u00fa ozuben\u00fdm kolieskom) v pravom hornom rohu prehliada\u010da. Vyberte Nastavenia. Kliknite na Zobrazi\u0165 roz\u0161\u00edren\u00e9 nastavenia. V sekcii \u201eS\u00fakromie\u201c kliknite na Nastavenia obsahu. V sekcii \u201eS\u00fabory cookie\u201c m\u00f4\u017eete s\u00fabory cookie zablokova\u0165.<\/p>\n<!-- \/wp:paragraph -->\n\n<!-- wp:paragraph -->\n<p>V prehliada\u010di Chrome: Kliknite na ikonu ponuky (symbolizovan\u00fa tromi vodorovn\u00fdmi \u010diarami) v pravom hornom rohu prehliada\u010da. Vyberte polo\u017eku Nastavenia. Kliknite na polo\u017eku Zobrazi\u0165 roz\u0161\u00edren\u00e9 nastavenia.<\/p>\n<!-- \/wp:paragraph -->\n\n<!-- wp:paragraph -->\n<p>V sekcii \u201eOchrana osobn\u00fdch \u00fadajov\u201c kliknite na polo\u017eku Nastavenia. Na karte \u201eOchrana osobn\u00fdch \u00fadajov\u201c m\u00f4\u017eete zablokova\u0165 s\u00fabory cookie.<\/p>\n<!-- \/wp:paragraph -->\n\n<!-- wp:list {\"ordered\":true,\"start\":9} -->\n<ol start=\"9\"><!-- wp:list-item -->\n<li><strong>PR\u00cdSLU\u0160N\u00c9 PR\u00c1VO A JURISDIKCIA.<\/strong><\/li>\n<!-- \/wp:list-item --><\/ol>\n<!-- \/wp:list -->\n\n<!-- wp:paragraph -->\n<p>Ak\u00fdko\u013evek spor t\u00fdkaj\u00faci sa pou\u017e\u00edvania str\u00e1nky https:\/\/viqtor.eu podlieha franc\u00fazskemu pr\u00e1vu. V pr\u00edpade sporu s podnikate\u013eom maj\u00fa v\u00fdlu\u010dn\u00fa pr\u00e1vomoc v\u0161eobecn\u00e9 s\u00fady a s\u00fady v Angoul\u00eame.<\/p>\n<!-- \/wp:paragraph -->\n\n<!-- wp:list {\"ordered\":true,\"start\":10} -->\n<ol start=\"10\"><!-- wp:list-item -->\n<li><strong>HLAVN\u00c9 PR\u00cdSLU\u0160N\u00c9 Z\u00c1KONY.<\/strong><\/li>\n<!-- \/wp:list-item --><\/ol>\n<!-- \/wp:list -->\n\n<!-- wp:paragraph -->\n<p>Nariadenie o ochrane fyzick\u00fdch os\u00f4b pri spracovan\u00ed osobn\u00fdch \u00fadajov a o vo\u013enom pohybe tak\u00fdchto \u00fadajov, ktor\u00fdm sa zru\u0161uje smernica 95\/46\/ES (v\u0161eobecn\u00e9 nariadenie o ochrane \u00fadajov)<\/p>\n<!-- \/wp:paragraph -->\n\n<!-- wp:paragraph -->\n<p>Z\u00c1KON \u010d. 2018-493 z 20. j\u00fana 2018 o ochrane osobn\u00fdch \u00fadajov<\/p>\n<!-- \/wp:paragraph -->\n\n<!-- wp:paragraph -->\n<p>Z\u00e1kon \u010d. 78-87 zo 6. janu\u00e1ra 1978, najm\u00e4 zmenen\u00fd a doplnen\u00fd z\u00e1konom \u010d. 2004-801 zo 6. augusta 2004, ktor\u00fd sa t\u00fdka informa\u010dn\u00fdch technol\u00f3gi\u00ed, s\u00faborov a slob\u00f4d.<\/p>\n<!-- \/wp:paragraph -->\n\n<!-- wp:paragraph -->\n<p>Z\u00e1kon \u010d. 2004-575 z 21. j\u00fana 2004 o d\u00f4vere v digit\u00e1lnu ekonomiku.<\/p>\n<!-- \/wp:paragraph -->\n\n<!-- wp:list {\"ordered\":true,\"start\":11} -->\n<ol start=\"11\"><!-- wp:list-item -->\n<li><strong>LEXIK\u00d3N.<\/strong><\/li>\n<!-- \/wp:list-item --><\/ol>\n<!-- \/wp:list -->\n\n<!-- wp:paragraph -->\n<p>Pou\u017e\u00edvate\u013e: Pou\u017e\u00edvate\u013e internetu, ktor\u00fd sa prip\u00e1ja na vy\u0161\u0161ie uveden\u00fa str\u00e1nku a pou\u017e\u00edva ju.<\/p>\n<!-- \/wp:paragraph -->\n\n<!-- wp:paragraph -->\n<p>Osobn\u00e9 \u00fadaje: \u201einform\u00e1cie, ktor\u00e9 umo\u017e\u0148uj\u00fa v akejko\u013evek forme, priamo alebo nepriamo, identifik\u00e1ciu fyzick\u00fdch os\u00f4b, na ktor\u00e9 sa vz\u0165ahuj\u00fa\u201c (\u010dl\u00e1nok 4 z\u00e1kona \u010d. 78-17 zo 6. janu\u00e1ra 1978)<\/p>\n<!-- \/wp:paragraph -->\n\n<!-- wp:paragraph -->\n<p><\/p>\n<!-- \/wp:paragraph -->\t\t\t\t\t\t<\/div>\n\t\t\t\t<\/div>\n\t\t\t\t\t<\/div>\n\t\t<\/div>\n\t\t\t\t\t<\/div>\n\t\t<\/section>\n\t\t\t\t<\/div>","protected":false},"excerpt":{"rendered":"<p>En vertu de l\u2019article 6 de la loi n\u00b0 2004-575 du 21 juin 2004 pour la confiance dans l\u2019\u00e9conomie num\u00e9rique, il est pr\u00e9cis\u00e9 aux utilisateurs du site https:\/\/viqtor.eu l\u2019identit\u00e9 des diff\u00e9rents intervenants dans le cadre de sa r\u00e9alisation et de son suivi : Propri\u00e9taire : DBWO Cr\u00e9ateur : ACTIVATION \/ VENISE HBA, SAS au capital [&hellip;]<\/p>","protected":false},"author":1,"featured_media":0,"parent":0,"menu_order":0,"comment_status":"closed","ping_status":"closed","template":"","meta":{"_acf_changed":false,"footnotes":""},"class_list":["post-6522","page","type-page","status-publish","hentry"],"acf":[],"yoast_head":"<!-- This site is optimized with the Yoast SEO plugin v23.6 - https:\/\/yoast.com\/wordpress\/plugins\/seo\/ -->\n<title>Mentions l\u00e9gales - Viqtor<\/title>\n<meta name=\"robots\" content=\"noindex, nofollow\" \/>\n<meta property=\"og:locale\" content=\"sk_SK\" \/>\n<meta property=\"og:type\" content=\"article\" \/>\n<meta property=\"og:title\" content=\"Mentions l\u00e9gales - Viqtor\" \/>\n<meta property=\"og:description\" content=\"En vertu de l\u2019article 6 de la loi n\u00b0 2004-575 du 21 juin 2004 pour la confiance dans l\u2019\u00e9conomie num\u00e9rique, il est pr\u00e9cis\u00e9 aux utilisateurs du site https:\/\/viqtor.eu l\u2019identit\u00e9 des diff\u00e9rents intervenants dans le cadre de sa r\u00e9alisation et de son suivi : Propri\u00e9taire : DBWO Cr\u00e9ateur : ACTIVATION \/ VENISE HBA, SAS au capital [&hellip;]\" \/>\n<meta property=\"og:url\" content=\"https:\/\/viqtor.eu\/sk\/pravne-oznamenia\/\" \/>\n<meta property=\"og:site_name\" content=\"Viqtor\" \/>\n<meta property=\"article:modified_time\" content=\"2023-07-24T10:19:18+00:00\" \/>\n<meta name=\"twitter:card\" content=\"summary_large_image\" \/>\n<meta name=\"twitter:label1\" content=\"Predpokladan\u00fd \u010das \u010d\u00edtania\" \/>\n\t<meta name=\"twitter:data1\" content=\"8 min\u00fat\" \/>\n<script type=\"application\/ld+json\" class=\"yoast-schema-graph\">{\"@context\":\"https:\/\/schema.org\",\"@graph\":[{\"@type\":\"WebPage\",\"@id\":\"https:\/\/viqtor.eu\/mentions-legales\/\",\"url\":\"https:\/\/viqtor.eu\/mentions-legales\/\",\"name\":\"Mentions l\u00e9gales - Viqtor\",\"isPartOf\":{\"@id\":\"https:\/\/viqtor.eu\/#website\"},\"datePublished\":\"2023-05-10T15:50:27+00:00\",\"dateModified\":\"2023-07-24T10:19:18+00:00\",\"breadcrumb\":{\"@id\":\"https:\/\/viqtor.eu\/mentions-legales\/#breadcrumb\"},\"inLanguage\":\"sk-SK\",\"potentialAction\":[{\"@type\":\"ReadAction\",\"target\":[\"https:\/\/viqtor.eu\/mentions-legales\/\"]}]},{\"@type\":\"BreadcrumbList\",\"@id\":\"https:\/\/viqtor.eu\/mentions-legales\/#breadcrumb\",\"itemListElement\":[{\"@type\":\"ListItem\",\"position\":1,\"name\":\"Accueil\",\"item\":\"https:\/\/viqtor.eu\/\"},{\"@type\":\"ListItem\",\"position\":2,\"name\":\"Mentions l\u00e9gales\"}]},{\"@type\":\"WebSite\",\"@id\":\"https:\/\/viqtor.eu\/#website\",\"url\":\"https:\/\/viqtor.eu\/\",\"name\":\"Viqtor\",\"description\":\"Faites du RGPD une opportunit\u00e9 pour votre entreprise.\",\"publisher\":{\"@id\":\"https:\/\/viqtor.eu\/#organization\"},\"potentialAction\":[{\"@type\":\"SearchAction\",\"target\":{\"@type\":\"EntryPoint\",\"urlTemplate\":\"https:\/\/viqtor.eu\/?s={search_term_string}\"},\"query-input\":{\"@type\":\"PropertyValueSpecification\",\"valueRequired\":true,\"valueName\":\"search_term_string\"}}],\"inLanguage\":\"sk-SK\"},{\"@type\":\"Organization\",\"@id\":\"https:\/\/viqtor.eu\/#organization\",\"name\":\"viqtor.eu\",\"url\":\"https:\/\/viqtor.eu\/\",\"logo\":{\"@type\":\"ImageObject\",\"inLanguage\":\"sk-SK\",\"@id\":\"https:\/\/viqtor.eu\/#\/schema\/logo\/image\/\",\"url\":\"https:\/\/viqtor.eu\/wp-content\/uploads\/2023\/06\/favicon-noir.svg\",\"contentUrl\":\"https:\/\/viqtor.eu\/wp-content\/uploads\/2023\/06\/favicon-noir.svg\",\"width\":108,\"height\":86,\"caption\":\"viqtor.eu\"},\"image\":{\"@id\":\"https:\/\/viqtor.eu\/#\/schema\/logo\/image\/\"}}]}<\/script>\n<!-- \/ Yoast SEO plugin. -->","yoast_head_json":{"title":"Mentions l\u00e9gales - Viqtor","robots":{"index":"noindex","follow":"nofollow"},"og_locale":"sk_SK","og_type":"article","og_title":"Mentions l\u00e9gales - Viqtor","og_description":"En vertu de l\u2019article 6 de la loi n\u00b0 2004-575 du 21 juin 2004 pour la confiance dans l\u2019\u00e9conomie num\u00e9rique, il est pr\u00e9cis\u00e9 aux utilisateurs du site https:\/\/viqtor.eu l\u2019identit\u00e9 des diff\u00e9rents intervenants dans le cadre de sa r\u00e9alisation et de son suivi : Propri\u00e9taire : DBWO Cr\u00e9ateur : ACTIVATION \/ VENISE HBA, SAS au capital [&hellip;]","og_url":"https:\/\/viqtor.eu\/sk\/pravne-oznamenia\/","og_site_name":"Viqtor","article_modified_time":"2023-07-24T10:19:18+00:00","twitter_card":"summary_large_image","twitter_misc":{"Predpokladan\u00fd \u010das \u010d\u00edtania":"8 min\u00fat"},"schema":{"@context":"https:\/\/schema.org","@graph":[{"@type":"WebPage","@id":"https:\/\/viqtor.eu\/mentions-legales\/","url":"https:\/\/viqtor.eu\/mentions-legales\/","name":"Mentions l\u00e9gales - Viqtor","isPartOf":{"@id":"https:\/\/viqtor.eu\/#website"},"datePublished":"2023-05-10T15:50:27+00:00","dateModified":"2023-07-24T10:19:18+00:00","breadcrumb":{"@id":"https:\/\/viqtor.eu\/mentions-legales\/#breadcrumb"},"inLanguage":"sk-SK","potentialAction":[{"@type":"ReadAction","target":["https:\/\/viqtor.eu\/mentions-legales\/"]}]},{"@type":"BreadcrumbList","@id":"https:\/\/viqtor.eu\/mentions-legales\/#breadcrumb","itemListElement":[{"@type":"ListItem","position":1,"name":"Accueil","item":"https:\/\/viqtor.eu\/"},{"@type":"ListItem","position":2,"name":"Mentions l\u00e9gales"}]},{"@type":"WebSite","@id":"https:\/\/viqtor.eu\/#website","url":"https:\/\/viqtor.eu\/","name":"Viqtor","description":"Faites du RGPD une opportunit\u00e9 pour votre entreprise.","publisher":{"@id":"https:\/\/viqtor.eu\/#organization"},"potentialAction":[{"@type":"SearchAction","target":{"@type":"EntryPoint","urlTemplate":"https:\/\/viqtor.eu\/?s={search_term_string}"},"query-input":{"@type":"PropertyValueSpecification","valueRequired":true,"valueName":"search_term_string"}}],"inLanguage":"sk-SK"},{"@type":"Organization","@id":"https:\/\/viqtor.eu\/#organization","name":"viqtor.eu","url":"https:\/\/viqtor.eu\/","logo":{"@type":"ImageObject","inLanguage":"sk-SK","@id":"https:\/\/viqtor.eu\/#\/schema\/logo\/image\/","url":"https:\/\/viqtor.eu\/wp-content\/uploads\/2023\/06\/favicon-noir.svg","contentUrl":"https:\/\/viqtor.eu\/wp-content\/uploads\/2023\/06\/favicon-noir.svg","width":108,"height":86,"caption":"viqtor.eu"},"image":{"@id":"https:\/\/viqtor.eu\/#\/schema\/logo\/image\/"}}]}},"_links":{"self":[{"href":"https:\/\/viqtor.eu\/sk\/wp-json\/wp\/v2\/pages\/6522","targetHints":{"allow":["GET"]}}],"collection":[{"href":"https:\/\/viqtor.eu\/sk\/wp-json\/wp\/v2\/pages"}],"about":[{"href":"https:\/\/viqtor.eu\/sk\/wp-json\/wp\/v2\/types\/page"}],"author":[{"embeddable":true,"href":"https:\/\/viqtor.eu\/sk\/wp-json\/wp\/v2\/users\/1"}],"replies":[{"embeddable":true,"href":"https:\/\/viqtor.eu\/sk\/wp-json\/wp\/v2\/comments?post=6522"}],"version-history":[{"count":6,"href":"https:\/\/viqtor.eu\/sk\/wp-json\/wp\/v2\/pages\/6522\/revisions"}],"predecessor-version":[{"id":6532,"href":"https:\/\/viqtor.eu\/sk\/wp-json\/wp\/v2\/pages\/6522\/revisions\/6532"}],"wp:attachment":[{"href":"https:\/\/viqtor.eu\/sk\/wp-json\/wp\/v2\/media?parent=6522"}],"curies":[{"name":"wp","href":"https:\/\/api.w.org\/{rel}","templated":true}]}}