{"id":8869,"date":"2023-07-24T10:33:08","date_gmt":"2023-07-24T10:33:08","guid":{"rendered":"https:\/\/viqtor.eu\/?page_id=8869"},"modified":"2023-09-20T10:54:39","modified_gmt":"2023-09-20T10:54:39","slug":"politique-generale-de-protection-des-donnees-a-caractere-personnel","status":"publish","type":"page","link":"https:\/\/viqtor.eu\/pt\/politique-generale-de-protection-des-donnees-a-caractere-personnel\/","title":{"rendered":"Pol\u00edtica geral de prote\u00e7\u00e3o de dados pessoais"},"content":{"rendered":"<div data-elementor-type=\"wp-page\" data-elementor-id=\"8869\" class=\"elementor elementor-8869\" data-elementor-post-type=\"page\">\n\t\t\t\t\t\t<section class=\"elementor-section elementor-top-section elementor-element elementor-element-747390f0 ot-traditional elementor-section-boxed elementor-section-height-default elementor-section-height-default\" data-id=\"747390f0\" data-element_type=\"section\">\n\t\t\t\t\t\t<div class=\"elementor-container elementor-column-gap-default\">\n\t\t\t\t\t<div class=\"elementor-column elementor-col-100 elementor-top-column elementor-element elementor-element-2fbcdc64 ot-flex-column-vertical\" data-id=\"2fbcdc64\" data-element_type=\"column\">\n\t\t\t<div class=\"elementor-widget-wrap elementor-element-populated\">\n\t\t\t\t\t\t<div class=\"elementor-element elementor-element-69294830 elementor-widget elementor-widget-text-editor\" data-id=\"69294830\" data-element_type=\"widget\" data-widget_type=\"text-editor.default\">\n\t\t\t\t<div class=\"elementor-widget-container\">\n\t\t\t\t\t\t\t<p>O respeito pela privacidade e pela prote\u00e7\u00e3o dos dados pessoais constitui um fator de confian\u00e7a, um valor ao qual a DBWO est\u00e1 particularmente apegada, atribuindo import\u00e2ncia ao respeito pelas liberdades e direitos fundamentais de cada indiv\u00edduo.<\/p>\n<p>Esta pol\u00edtica de prote\u00e7\u00e3o de dados pessoais demonstra os compromissos implementados pela DBWO no contexto de suas atividades di\u00e1rias para o uso respons\u00e1vel de dados pessoais.<\/p>\n<p>\u00a0<\/p>\n<p><b>Um Encarregado da Prote\u00e7\u00e3o de Dados (RPD)<\/b><\/p>\n<p>Para preservar a privacidade e a prote\u00e7\u00e3o dos dados pessoais de todos, o DBWO nomeou, em 2020, um Encarregado da Prote\u00e7\u00e3o de Dados (DPO) que exerce suas fun\u00e7\u00f5es em todas as suas estruturas.<\/p>\n<p>O Encarregado da Prote\u00e7\u00e3o de Dados \u00e9 um representante de confian\u00e7a. Especialista em prote\u00e7\u00e3o de dados pessoais, respons\u00e1vel por garantir a preserva\u00e7\u00e3o da privacidade e a correta aplica\u00e7\u00e3o das normas de prote\u00e7\u00e3o de dados pessoais, sendo o principal contato da Comiss\u00e3o Nacional Francesa de Inform\u00e1tica e Liberdades Civis (CNIL) e de todas as pessoas envolvidas na coleta ou no tratamento de dados pessoais.<\/p>\n<p>Para entrar em contato com nosso Diretor de Prote\u00e7\u00e3o de Dados:<\/p>\n<p>DPO@DBWO.FR<\/p>\n<p>A DBWO \u00e9 a editora da plataforma Viqtor\u00ae.<\/p>\n<p>Esta plataforma \u201cCompliance as a Service\u201d \u00e9 um conjunto de software que visa facilitar a implementa\u00e7\u00e3o e o monitoramento da conformidade das organiza\u00e7\u00f5es com o Regulamento Geral de Prote\u00e7\u00e3o de Dados.<\/p>\n<p>\u00a0<\/p>\n<p><b>Dados pessoais processados pela DBWO<\/b><\/p>\n<p><strong>Como parte de sua pol\u00edtica de recrutamento<\/strong>t, o DBWO recebe solicita\u00e7\u00f5es acompanhadas de curr\u00edculos ou mesmo complementadas com dados pessoais que permitam a cria\u00e7\u00e3o de um arquivo de entrevista de emprego comunicado pelos candidatos, que ser\u00e1 conservado por dois anos ap\u00f3s o recebimento, a menos que seja contratado ou solicitado pelo interessado.<\/p>\n<p><strong>No contexto da execu\u00e7\u00e3o dos contratos de trabalho dos seus empregados ou dos contratos de presta\u00e7\u00e3o de servi\u00e7os dos seus prestadores de servi\u00e7os individuais <\/strong>A DBWO processa dados pessoais necess\u00e1rios para a organiza\u00e7\u00e3o de sua miss\u00e3o ou para suas obriga\u00e7\u00f5es legais (dados de estado civil, dados financeiros, dados relativos \u00e0 vida pessoal, diplomas e autoriza\u00e7\u00f5es, dados de comunica\u00e7\u00e3o, etc.). Os dados s\u00e3o mantidos durante toda a rela\u00e7\u00e3o contratual e, em parte, prorrogados por prazos determinados devido a requisitos legais ou fiscais.\u00a0 \u00a0<\/p>\n<p><strong>Como parte de seus esfor\u00e7os comerciais<\/strong> Exclusivamente para profissionais do seu setor, a DBWO tamb\u00e9m \u00e9 obrigada a processar dados pessoais como nome, nome, empresa, cargo, n\u00famero de telefone e endere\u00e7o de e-mail, obtidos diretamente durante trocas em feiras ou eventos, solicita\u00e7\u00f5es expressas aos seus servi\u00e7os ou por meio de seu website por clientes em potencial, ou indiretamente de empresas especializadas na cria\u00e7\u00e3o de bancos de dados profissionais setorizados. O processamento desses dados se baseia, em parte, no interesse leg\u00edtimo (solicita\u00e7\u00e3o de informa\u00e7\u00f5es, troca de dados de contato) e, em parte, no consentimento. A pessoa em quest\u00e3o pode, a qualquer momento, solicitar a exclus\u00e3o de seus dados.<\/p>\n<p><strong>No contexto da execu\u00e7\u00e3o dos seus contratos, <\/strong>A DBWO processa os dados pessoais de contatos e correspondentes designados por seus clientes ou subcontratados e ret\u00e9m esses dados (sobrenome, nome, endere\u00e7o de e-mail, n\u00famero de telefone, cargo, empresa) durante todo o relacionamento contratual, a menos que receba instru\u00e7\u00f5es da Empresa para excluir o contato de seus bancos de dados.<\/p>\n<p>\u00a0<\/p>\n<p><b>Princ\u00edpios aplic\u00e1veis \u00e0 prote\u00e7\u00e3o de dados pessoais<\/b><\/p>\n<p>A DBWO aplica os princ\u00edpios definidos pela Privacy by Design em todos os seus projetos e implementa uma pol\u00edtica de informa\u00e7\u00e3o e sensibiliza\u00e7\u00e3o das suas equipas relativamente ao cumprimento dos princ\u00edpios previstos no Regulamento Geral sobre a Prote\u00e7\u00e3o de Dados.<\/p>\n<p>Oferece aos seus clientes softwares compat\u00edveis com todos os requisitos do Regulamento Geral de Prote\u00e7\u00e3o de Dados.<\/p>\n<p>1. Finalidade espec\u00edfica, expl\u00edcita e leg\u00edtima do tratamento:<\/p>\n<p>Quando dados pessoais s\u00e3o coletados, eles s\u00e3o coletados para objetivos espec\u00edficos (finalidades) definidos pelas necessidades de processamento de nossos clientes.<\/p>\n<p>2. Propor\u00e7\u00e3o e relev\u00e2ncia dos dados coletados:<\/p>\n<p>Os dados pessoais coletados s\u00e3o estritamente necess\u00e1rios para a finalidade da coleta. O design do Software DBWO busca minimizar os dados coletados.<\/p>\n<p>3. Per\u00edodo de reten\u00e7\u00e3o limitado de dados pessoais:<\/p>\n<p>Os dados pessoais quando hospedados sob a responsabilidade do DBWO s\u00e3o mantidos por um per\u00edodo limitado que n\u00e3o excede o per\u00edodo necess\u00e1rio para os prop\u00f3sitos da coleta.<\/p>\n<p>4. Confidencialidade \/ Seguran\u00e7a de Dados:\u00a0<\/p>\n<p>S\u00e3o implementadas Pol\u00edticas de Prote\u00e7\u00e3o de Sistemas de Informa\u00e7\u00e3o (PSSI), adaptadas \u00e0 natureza dos dados tratados e ao seu tratamento.<\/p>\n<p>Medidas de seguran\u00e7a f\u00edsicas, l\u00f3gicas e organizacionais apropriadas est\u00e3o em vigor para garantir a confidencialidade dos dados, incluindo a preven\u00e7\u00e3o de acesso n\u00e3o autorizado.<\/p>\n<p>O DBWO tamb\u00e9m exige que qualquer subcontratado forne\u00e7a salvaguardas adequadas para garantir a seguran\u00e7a e a confidencialidade dos dados pessoais.<\/p>\n<p>5. Direitos dos indiv\u00edduos:<\/p>\n<p>No que diz respeito ao processamento realizado sob a responsabilidade do DBWO<\/p>\n<ul>\n<li style=\"list-style-type: none;\">\n<ul><!-- wp:list-item --><\/ul>\n<\/li>\n<\/ul>\n<ul>\n<li style=\"list-style-type: none;\">\n<ul>\n<li>S\u00e3o implementados todos os meios necess\u00e1rios para garantir a efetividade dos direitos dos titulares dos dados pessoais.<\/li>\n<\/ul>\n<\/li>\n<\/ul>\n<p><!-- \/wp:list-item --> <!-- wp:list-item --><\/p>\n<ul>\n<li style=\"list-style-type: none;\">\n<ul>\n<li>Os dados pessoais s\u00e3o coletados de forma justa; nenhuma coleta \u00e9 realizada sem o conhecimento dos indiv\u00edduos ou sem que eles sejam informados.<\/li>\n<\/ul>\n<\/li>\n<\/ul>\n<p><!-- \/wp:list-item --> <!-- wp:list-item --><\/p>\n<ul>\n<li style=\"list-style-type: none;\">\n<ul>\n<li>Os dados pessoais coletados s\u00e3o levados ao conhecimento das pessoas envolvidas.<\/li>\n<\/ul>\n<\/li>\n<\/ul>\n<p><!-- \/wp:list-item --> <!-- wp:list-item --><\/p>\n<ul>\n<li style=\"list-style-type: none;\">\n<ul>\n<li>Os dados coletados n\u00e3o ser\u00e3o posteriormente utilizados de forma incompat\u00edvel com essas finalidades.<\/li>\n<\/ul>\n<\/li>\n<\/ul>\n<p><!-- \/wp:list-item --> <!-- wp:list-item --><\/p>\n<ul>\n<li style=\"list-style-type: none;\">\n<ul>\n<li>Os dados pessoais s\u00e3o mantidos precisos e atualizados.<\/li>\n<\/ul>\n<\/li>\n<\/ul>\n<p><!-- \/wp:list-item --> <!-- wp:list-item --><\/p>\n<ul>\n<li style=\"list-style-type: none;\">\n<ul>\n<li>Os per\u00edodos de reten\u00e7\u00e3o de dados s\u00e3o levados ao conhecimento dos indiv\u00edduos e variam dependendo da natureza dos dados, da finalidade do processamento ou de requisitos legais ou regulat\u00f3rios.<\/li>\n<\/ul>\n<\/li>\n<\/ul>\n<p><!-- \/wp:list-item --> <!-- wp:list-item --><\/p>\n<ul>\n<li style=\"list-style-type: none;\">\n<ul>\n<li>Se dados pessoais fossem transferidos para pa\u00edses localizados na Uni\u00e3o Europeia ou fora da Uni\u00e3o Europeia, as pessoas envolvidas seriam especificamente informadas e medidas espec\u00edficas seriam tomadas para regular essas transfer\u00eancias.<\/li>\n<\/ul>\n<\/li>\n<\/ul>\n<p><!-- \/wp:list-item --> <!-- wp:list-item --><\/p>\n<ul>\n<li style=\"list-style-type: none;\">\n<ul>\n<li>S\u00e3o implementados os meios necess\u00e1rios para garantir a efic\u00e1cia dos direitos dos titulares dos dados pessoais sobre os seus dados, nomeadamente atrav\u00e9s de informa\u00e7\u00e3o clara e completa sobre os tratamentos de dados efetuados, facilmente acess\u00edvel e compreens\u00edvel por todos.<\/li>\n<\/ul>\n<\/li>\n<\/ul>\n<p><!-- \/wp:list-item --> <!-- wp:list-item --><\/p>\n<ul>\n<li style=\"list-style-type: none;\">\n<ul>\n<li>Todos t\u00eam direitos sobre seus dados pessoais, que podem ser exercidos a qualquer momento e gratuitamente, mediante comprova\u00e7\u00e3o de sua identidade. Portanto, os indiv\u00edduos podem acessar seus dados pessoais e, em certos casos, solicitar sua retifica\u00e7\u00e3o, exclus\u00e3o ou se opor ao seu processamento.<\/li>\n<\/ul>\n<\/li>\n<\/ul>\n<p><!-- \/wp:list-item --><\/p>\n<p><b>No que diz respeito ao processamento realizado sob a responsabilidade dos usu\u00e1rios do software DBWO<\/b><\/p>\n<ul>\n<li style=\"list-style-type: none;\">\n<ul><!-- wp:list-item --><\/ul>\n<\/li>\n<\/ul>\n<ul>\n<li style=\"list-style-type: none;\">\n<ul>\n<li>O DBWO conscientiza e treina todos os seus funcion\u00e1rios que entram em contato com dados privados como parte das opera\u00e7\u00f5es de manuten\u00e7\u00e3o sobre os princ\u00edpios estabelecidos pelo GDPR.<\/li>\n<\/ul>\n<\/li>\n<\/ul>\n<p><!-- \/wp:list-item --> <!-- wp:list-item --><\/p>\n<ul>\n<li style=\"list-style-type: none;\">\n<ul>\n<li>O DBWO informa os usu\u00e1rios de seu software sobre as regras essenciais que determinam a legalidade do processamento de dados privados.<\/li>\n<\/ul>\n<\/li>\n<\/ul>\n<p><!-- \/wp:list-item --> <!-- wp:list-item --><\/p>\n<ul>\n<li style=\"list-style-type: none;\">\n<ul>\n<li>O DBWO informa os usu\u00e1rios de seu software sobre as precau\u00e7\u00f5es necess\u00e1rias para proteger os dados pessoais coletados.<\/li>\n<\/ul>\n<\/li>\n<\/ul>\n<p><!-- \/wp:list-item --> <!-- wp:list-item --><\/p>\n<ul>\n<li style=\"list-style-type: none;\">\n<ul>\n<li>O software DBWO fornece ferramentas para proteger esses dados (registro, pseudonimiza\u00e7\u00e3o, criptografia, etc.)<\/li>\n<\/ul>\n<\/li>\n<\/ul>\n<p><!-- \/wp:list-item --> <!-- wp:list-item --><\/p>\n<ul>\n<li style=\"list-style-type: none;\">\n<ul>\n<li><a href=\"https:\/\/app.viqtor.eu\/gdpr-rights-exercise\">Acesso a estes direitos<\/a> (acesso, retifica\u00e7\u00e3o, exclus\u00e3o, oposi\u00e7\u00e3o) \u00e9 facilitado pelas funcionalidades do software utilizado pelo DBWO.<br \/><br \/><\/li>\n<\/ul>\n<\/li>\n<\/ul>\n<p><!-- \/wp:list-item --><\/p>\n<p>6. Direitos decorrentes da Lei da Rep\u00fablica Digital.<\/p>\n<p>O novo Artigo 40-1 da Lei de Prote\u00e7\u00e3o de Dados permite que indiv\u00edduos d\u00eaem instru\u00e7\u00f5es relacionadas \u00e0 reten\u00e7\u00e3o, exclus\u00e3o e comunica\u00e7\u00e3o de seus dados ap\u00f3s sua morte.<\/p>\n<p>Uma pessoa pode ser designada para executar essas instru\u00e7\u00f5es. Essa pessoa ter\u00e1 autoridade, em caso de falecimento, para tomar conhecimento das instru\u00e7\u00f5es e solicitar sua implementa\u00e7\u00e3o aos controladores de dados envolvidos.<\/p>\n<p>Na aus\u00eancia de instru\u00e7\u00f5es dadas pela pessoa em vida, os herdeiros ter\u00e3o a possibilidade de exercer certos direitos, nomeadamente:<\/p>\n<ul>\n<li style=\"list-style-type: none;\">\n<ul><!-- wp:list-item --><\/ul>\n<\/li>\n<\/ul>\n<ul>\n<li style=\"list-style-type: none;\">\n<ul>\n<li>O direito de acesso, se necess\u00e1rio para a liquida\u00e7\u00e3o do esp\u00f3lio do falecido;<\/li>\n<\/ul>\n<\/li>\n<\/ul>\n<p><!-- \/wp:list-item --> <!-- wp:list-item --><\/p>\n<ul>\n<li style=\"list-style-type: none;\">\n<ul>\n<li>O direito de se opor ao encerramento das contas de usu\u00e1rio do falecido e ao processamento de seus dados.<\/li>\n<\/ul>\n<\/li>\n<\/ul>\n<p><!-- \/wp:list-item --><\/p>\n<p><b>Monitoramento da Pol\u00edtica de Prote\u00e7\u00e3o de Dados Pessoais.<\/b><\/p>\n<p>Esta pol\u00edtica \u00e9 atualizada regularmente para levar em conta os desenvolvimentos legislativos e regulat\u00f3rios, e quaisquer mudan\u00e7as na organiza\u00e7\u00e3o do DBWO ou nas ofertas, produtos e servi\u00e7os propostos.<\/p>\t\t\t\t\t\t<\/div>\n\t\t\t\t<\/div>\n\t\t\t\t\t<\/div>\n\t\t<\/div>\n\t\t\t\t\t<\/div>\n\t\t<\/section>\n\t\t\t\t<\/div>","protected":false},"excerpt":{"rendered":"<p>Le respect de la vie priv\u00e9e et de la protection des donn\u00e9es \u00e0 caract\u00e8re personnel constitue un facteur de confiance, valeur \u00e0 laquelle tient particuli\u00e8rement DBWO, en s\u2019attachant au respect des libert\u00e9s et droits fondamentaux de chacun. La pr\u00e9sente politique de protection des donn\u00e9es \u00e0 caract\u00e8re personnel t\u00e9moigne des engagements mis en \u0153uvre par DBWO [&hellip;]<\/p>","protected":false},"author":1,"featured_media":0,"parent":0,"menu_order":0,"comment_status":"closed","ping_status":"closed","template":"","meta":{"_acf_changed":false,"footnotes":""},"class_list":["post-8869","page","type-page","status-publish","hentry"],"acf":[],"yoast_head":"<!-- This site is optimized with the Yoast SEO plugin v23.6 - https:\/\/yoast.com\/wordpress\/plugins\/seo\/ -->\n<title>Politique g\u00e9n\u00e9rale de protection des donn\u00e9es \u00e0 caract\u00e8re personnel - Viqtor<\/title>\n<meta name=\"robots\" content=\"noindex, nofollow\" \/>\n<meta property=\"og:locale\" content=\"pt_PT\" \/>\n<meta property=\"og:type\" content=\"article\" \/>\n<meta property=\"og:title\" content=\"Politique g\u00e9n\u00e9rale de protection des donn\u00e9es \u00e0 caract\u00e8re personnel - Viqtor\" \/>\n<meta property=\"og:description\" content=\"Le respect de la vie priv\u00e9e et de la protection des donn\u00e9es \u00e0 caract\u00e8re personnel constitue un facteur de confiance, valeur \u00e0 laquelle tient particuli\u00e8rement DBWO, en s\u2019attachant au respect des libert\u00e9s et droits fondamentaux de chacun. La pr\u00e9sente politique de protection des donn\u00e9es \u00e0 caract\u00e8re personnel t\u00e9moigne des engagements mis en \u0153uvre par DBWO [&hellip;]\" \/>\n<meta property=\"og:url\" content=\"https:\/\/viqtor.eu\/pt\/politique-generale-de-protection-des-donnees-a-caractere-personnel\/\" \/>\n<meta property=\"og:site_name\" content=\"Viqtor\" \/>\n<meta property=\"article:modified_time\" content=\"2023-09-20T10:54:39+00:00\" \/>\n<meta name=\"twitter:card\" content=\"summary_large_image\" \/>\n<meta name=\"twitter:label1\" content=\"Tempo estimado de leitura\" \/>\n\t<meta name=\"twitter:data1\" content=\"7 minutos\" \/>\n<script type=\"application\/ld+json\" class=\"yoast-schema-graph\">{\"@context\":\"https:\/\/schema.org\",\"@graph\":[{\"@type\":\"WebPage\",\"@id\":\"https:\/\/viqtor.eu\/politique-generale-de-protection-des-donnees-a-caractere-personnel\/\",\"url\":\"https:\/\/viqtor.eu\/politique-generale-de-protection-des-donnees-a-caractere-personnel\/\",\"name\":\"Politique g\u00e9n\u00e9rale de protection des donn\u00e9es \u00e0 caract\u00e8re personnel - Viqtor\",\"isPartOf\":{\"@id\":\"https:\/\/viqtor.eu\/#website\"},\"datePublished\":\"2023-07-24T10:33:08+00:00\",\"dateModified\":\"2023-09-20T10:54:39+00:00\",\"breadcrumb\":{\"@id\":\"https:\/\/viqtor.eu\/politique-generale-de-protection-des-donnees-a-caractere-personnel\/#breadcrumb\"},\"inLanguage\":\"pt-PT\",\"potentialAction\":[{\"@type\":\"ReadAction\",\"target\":[\"https:\/\/viqtor.eu\/politique-generale-de-protection-des-donnees-a-caractere-personnel\/\"]}]},{\"@type\":\"BreadcrumbList\",\"@id\":\"https:\/\/viqtor.eu\/politique-generale-de-protection-des-donnees-a-caractere-personnel\/#breadcrumb\",\"itemListElement\":[{\"@type\":\"ListItem\",\"position\":1,\"name\":\"Accueil\",\"item\":\"https:\/\/viqtor.eu\/\"},{\"@type\":\"ListItem\",\"position\":2,\"name\":\"Politique g\u00e9n\u00e9rale de protection des donn\u00e9es \u00e0 caract\u00e8re personnel\"}]},{\"@type\":\"WebSite\",\"@id\":\"https:\/\/viqtor.eu\/#website\",\"url\":\"https:\/\/viqtor.eu\/\",\"name\":\"Viqtor\",\"description\":\"Faites du RGPD une opportunit\u00e9 pour votre entreprise.\",\"publisher\":{\"@id\":\"https:\/\/viqtor.eu\/#organization\"},\"potentialAction\":[{\"@type\":\"SearchAction\",\"target\":{\"@type\":\"EntryPoint\",\"urlTemplate\":\"https:\/\/viqtor.eu\/?s={search_term_string}\"},\"query-input\":{\"@type\":\"PropertyValueSpecification\",\"valueRequired\":true,\"valueName\":\"search_term_string\"}}],\"inLanguage\":\"pt-PT\"},{\"@type\":\"Organization\",\"@id\":\"https:\/\/viqtor.eu\/#organization\",\"name\":\"viqtor.eu\",\"url\":\"https:\/\/viqtor.eu\/\",\"logo\":{\"@type\":\"ImageObject\",\"inLanguage\":\"pt-PT\",\"@id\":\"https:\/\/viqtor.eu\/#\/schema\/logo\/image\/\",\"url\":\"https:\/\/viqtor.eu\/wp-content\/uploads\/2023\/06\/favicon-noir.svg\",\"contentUrl\":\"https:\/\/viqtor.eu\/wp-content\/uploads\/2023\/06\/favicon-noir.svg\",\"width\":108,\"height\":86,\"caption\":\"viqtor.eu\"},\"image\":{\"@id\":\"https:\/\/viqtor.eu\/#\/schema\/logo\/image\/\"}}]}<\/script>\n<!-- \/ Yoast SEO plugin. -->","yoast_head_json":{"title":"Politique g\u00e9n\u00e9rale de protection des donn\u00e9es \u00e0 caract\u00e8re personnel - Viqtor","robots":{"index":"noindex","follow":"nofollow"},"og_locale":"pt_PT","og_type":"article","og_title":"Politique g\u00e9n\u00e9rale de protection des donn\u00e9es \u00e0 caract\u00e8re personnel - Viqtor","og_description":"Le respect de la vie priv\u00e9e et de la protection des donn\u00e9es \u00e0 caract\u00e8re personnel constitue un facteur de confiance, valeur \u00e0 laquelle tient particuli\u00e8rement DBWO, en s\u2019attachant au respect des libert\u00e9s et droits fondamentaux de chacun. La pr\u00e9sente politique de protection des donn\u00e9es \u00e0 caract\u00e8re personnel t\u00e9moigne des engagements mis en \u0153uvre par DBWO [&hellip;]","og_url":"https:\/\/viqtor.eu\/pt\/politique-generale-de-protection-des-donnees-a-caractere-personnel\/","og_site_name":"Viqtor","article_modified_time":"2023-09-20T10:54:39+00:00","twitter_card":"summary_large_image","twitter_misc":{"Tempo estimado de leitura":"7 minutos"},"schema":{"@context":"https:\/\/schema.org","@graph":[{"@type":"WebPage","@id":"https:\/\/viqtor.eu\/politique-generale-de-protection-des-donnees-a-caractere-personnel\/","url":"https:\/\/viqtor.eu\/politique-generale-de-protection-des-donnees-a-caractere-personnel\/","name":"Politique g\u00e9n\u00e9rale de protection des donn\u00e9es \u00e0 caract\u00e8re personnel - Viqtor","isPartOf":{"@id":"https:\/\/viqtor.eu\/#website"},"datePublished":"2023-07-24T10:33:08+00:00","dateModified":"2023-09-20T10:54:39+00:00","breadcrumb":{"@id":"https:\/\/viqtor.eu\/politique-generale-de-protection-des-donnees-a-caractere-personnel\/#breadcrumb"},"inLanguage":"pt-PT","potentialAction":[{"@type":"ReadAction","target":["https:\/\/viqtor.eu\/politique-generale-de-protection-des-donnees-a-caractere-personnel\/"]}]},{"@type":"BreadcrumbList","@id":"https:\/\/viqtor.eu\/politique-generale-de-protection-des-donnees-a-caractere-personnel\/#breadcrumb","itemListElement":[{"@type":"ListItem","position":1,"name":"Accueil","item":"https:\/\/viqtor.eu\/"},{"@type":"ListItem","position":2,"name":"Politique g\u00e9n\u00e9rale de protection des donn\u00e9es \u00e0 caract\u00e8re personnel"}]},{"@type":"WebSite","@id":"https:\/\/viqtor.eu\/#website","url":"https:\/\/viqtor.eu\/","name":"Viqtor","description":"Faites du RGPD une opportunit\u00e9 pour votre entreprise.","publisher":{"@id":"https:\/\/viqtor.eu\/#organization"},"potentialAction":[{"@type":"SearchAction","target":{"@type":"EntryPoint","urlTemplate":"https:\/\/viqtor.eu\/?s={search_term_string}"},"query-input":{"@type":"PropertyValueSpecification","valueRequired":true,"valueName":"search_term_string"}}],"inLanguage":"pt-PT"},{"@type":"Organization","@id":"https:\/\/viqtor.eu\/#organization","name":"viqtor.eu","url":"https:\/\/viqtor.eu\/","logo":{"@type":"ImageObject","inLanguage":"pt-PT","@id":"https:\/\/viqtor.eu\/#\/schema\/logo\/image\/","url":"https:\/\/viqtor.eu\/wp-content\/uploads\/2023\/06\/favicon-noir.svg","contentUrl":"https:\/\/viqtor.eu\/wp-content\/uploads\/2023\/06\/favicon-noir.svg","width":108,"height":86,"caption":"viqtor.eu"},"image":{"@id":"https:\/\/viqtor.eu\/#\/schema\/logo\/image\/"}}]}},"_links":{"self":[{"href":"https:\/\/viqtor.eu\/pt\/wp-json\/wp\/v2\/pages\/8869","targetHints":{"allow":["GET"]}}],"collection":[{"href":"https:\/\/viqtor.eu\/pt\/wp-json\/wp\/v2\/pages"}],"about":[{"href":"https:\/\/viqtor.eu\/pt\/wp-json\/wp\/v2\/types\/page"}],"author":[{"embeddable":true,"href":"https:\/\/viqtor.eu\/pt\/wp-json\/wp\/v2\/users\/1"}],"replies":[{"embeddable":true,"href":"https:\/\/viqtor.eu\/pt\/wp-json\/wp\/v2\/comments?post=8869"}],"version-history":[{"count":12,"href":"https:\/\/viqtor.eu\/pt\/wp-json\/wp\/v2\/pages\/8869\/revisions"}],"predecessor-version":[{"id":9625,"href":"https:\/\/viqtor.eu\/pt\/wp-json\/wp\/v2\/pages\/8869\/revisions\/9625"}],"wp:attachment":[{"href":"https:\/\/viqtor.eu\/pt\/wp-json\/wp\/v2\/media?parent=8869"}],"curies":[{"name":"wp","href":"https:\/\/api.w.org\/{rel}","templated":true}]}}