{"id":8065,"date":"2023-06-02T11:44:17","date_gmt":"2023-06-02T11:44:17","guid":{"rendered":"https:\/\/viqtor.eu\/?page_id=8065"},"modified":"2024-09-18T14:42:18","modified_gmt":"2024-09-18T14:42:18","slug":"le-guide-viqtor-de-la-donnee-personnelle","status":"publish","type":"page","link":"https:\/\/viqtor.eu\/pt\/le-guide-viqtor-de-la-donnee-personnelle\/","title":{"rendered":"Guia Viqtor para Dados Pessoais"},"content":{"rendered":"<div data-elementor-type=\"wp-page\" data-elementor-id=\"8065\" class=\"elementor elementor-8065\" data-elementor-post-type=\"page\">\n\t\t\t\t\t\t<section class=\"elementor-section elementor-top-section elementor-element elementor-element-487d106 elementor-section-content-middle ot-traditional elementor-section-boxed elementor-section-height-default elementor-section-height-default\" data-id=\"487d106\" data-element_type=\"section\" data-settings=\"{&quot;background_background&quot;:&quot;classic&quot;}\">\n\t\t\t\t\t\t\t<div class=\"elementor-background-overlay\"><\/div>\n\t\t\t\t\t\t\t<div class=\"elementor-container elementor-column-gap-default\">\n\t\t\t\t\t<div class=\"elementor-column elementor-col-100 elementor-top-column elementor-element elementor-element-7cb43dc ot-column-items-center ot-flex-column-vertical\" data-id=\"7cb43dc\" data-element_type=\"column\">\n\t\t\t<div class=\"elementor-widget-wrap elementor-element-populated\">\n\t\t\t\t\t\t<div class=\"elementor-element elementor-element-f174978 elementor-widget__width-initial elementor-widget elementor-widget-iheading\" data-id=\"f174978\" data-element_type=\"widget\" data-widget_type=\"iheading.default\">\n\t\t\t\t<div class=\"elementor-widget-container\">\n\t\t\t\t\t<div class=\"ot-heading\">\r\n\t        \t            <span>\/\/ A plataforma Viqtor\u00ae<\/span>\r\n\t        <h1 class=\"main-heading\">\n\nGuia Viqtor\u00ae para Dados Pessoais<\/h1>\t    <\/div>\r\n\t    \t\t<\/div>\n\t\t\t\t<\/div>\n\t\t\t\t\t<\/div>\n\t\t<\/div>\n\t\t\t\t\t<\/div>\n\t\t<\/section>\n\t\t\t\t<section class=\"elementor-section elementor-top-section elementor-element elementor-element-6bfd0a4 ot-traditional elementor-section-boxed elementor-section-height-default elementor-section-height-default\" data-id=\"6bfd0a4\" data-element_type=\"section\">\n\t\t\t\t\t\t<div class=\"elementor-container elementor-column-gap-default\">\n\t\t\t\t\t<div class=\"elementor-column elementor-col-100 elementor-top-column elementor-element elementor-element-9e9d643 ot-flex-column-vertical\" data-id=\"9e9d643\" data-element_type=\"column\">\n\t\t\t<div class=\"elementor-widget-wrap elementor-element-populated\">\n\t\t\t\t\t\t<div class=\"elementor-element elementor-element-4ca1c81 elementor-widget elementor-widget-text-editor\" data-id=\"4ca1c81\" data-element_type=\"widget\" data-widget_type=\"text-editor.default\">\n\t\t\t\t<div class=\"elementor-widget-container\">\n\t\t\t\t\t\t\t<p><span style=\"color: #3366ff;\"><strong><span style=\"text-decoration: underline;\">Pref\u00e1cio:<\/span> <\/strong><\/span><\/p><p><span style=\"color: #000000;\">Gest\u00e3o de Riscos na Prote\u00e7\u00e3o de Dados Pessoais: Um Guia Essencial para Conformidade Ideal.<\/span><\/p><p><span style=\"color: #000000;\">Quando se trata de manter a seguran\u00e7a dos dados, a gest\u00e3o de riscos \u00e9 essencial. De acordo com o Artigo 121 da Lei Francesa de Prote\u00e7\u00e3o de Dados, \u00e9 essencial determinar as precau\u00e7\u00f5es a serem tomadas com base na natureza dos dados e nos riscos associados ao seu processamento. O Regulamento Geral sobre a Prote\u00e7\u00e3o de Dados (RGPD) enfatiza a import\u00e2ncia da implementa\u00e7\u00e3o de medidas t\u00e9cnicas e organizacionais adequadas para garantir um n\u00edvel adequado de seguran\u00e7a.<\/span><\/p><p><span style=\"color: #000000;\">Este requisito aplica-se n\u00e3o apenas ao controlador de dados pessoais, mas tamb\u00e9m aos subcontratantes envolvidos, conforme estabelecido no Artigo 32 do GDPR. A ado\u00e7\u00e3o de uma abordagem de gest\u00e3o de riscos permite a tomada de decis\u00f5es objetivas e a implementa\u00e7\u00e3o de medidas estritamente necess\u00e1rias e adaptadas ao contexto espec\u00edfico.<\/span><\/p><p><span style=\"color: #000000;\">No entanto, implementar essa abordagem e garantir que os requisitos sejam atendidos pode, \u00e0s vezes, ser complexo, especialmente para aqueles que n\u00e3o est\u00e3o familiarizados com esses m\u00e9todos.<\/span><\/p><p><span style=\"color: #000000;\">\u00c9 por isso que nosso guia oferece suporte valioso em seus esfor\u00e7os de conformidade. Descrevemos as precau\u00e7\u00f5es b\u00e1sicas que devem ser implementadas sistematicamente. Destinado especialmente a DPOs (encarregados de prote\u00e7\u00e3o de dados), CISOs (gerentes de seguran\u00e7a de sistemas de informa\u00e7\u00e3o) e profissionais de TI, este guia fornece informa\u00e7\u00f5es \u00fateis para profissionais do direito.<\/span><\/p><p><span style=\"color: #000000;\">Guia para gerenciamento de riscos relacionados ao processamento de dados pessoais para conformidade ideal com o GDPR.<\/span><\/p><p><span style=\"color: #000000;\">Quando se trata de gerenciar riscos relacionados ao processamento de dados pessoais, \u00e9 essencial adotar uma abordagem proativa para garantir a seguran\u00e7a dos dados e a conformidade com os requisitos do Regulamento Geral sobre a Prote\u00e7\u00e3o de Dados (RGPD). Como especialista em SEO, forneci abaixo um guia detalhado que aborda as etapas que voc\u00ea pode seguir para otimizar sua conformidade com o RGPD, levando em considera\u00e7\u00e3o as pr\u00e1ticas recomendadas para ranqueamento no Google.<\/span><\/p><p><strong><span style=\"color: #000000;\">Listar o tratamento de dados pessoais e os meios utilizados:<\/span><\/strong><\/p><p><span style=\"color: #000000;\">Um dos primeiros passos \u00e9 identificar todas as opera\u00e7\u00f5es de processamento de dados pessoais, automatizadas ou n\u00e3o. Isso inclui arquivos de clientes, contratos e outros dados processados. \u00c9 importante listar os diversos meios utilizados, como servidores, laptops, discos r\u00edgidos, softwares (sistemas operacionais, softwares empresariais), canais de comunica\u00e7\u00e3o (fibra \u00f3tica, Wi-Fi, internet, trocas verbais, entregadores), bem como meios impressos e instala\u00e7\u00f5es f\u00edsicas (salas de inform\u00e1tica, escrit\u00f3rios).<\/span><\/p>\t\t\t\t\t\t<\/div>\n\t\t\t\t<\/div>\n\t\t\t\t\t<\/div>\n\t\t<\/div>\n\t\t\t\t\t<\/div>\n\t\t<\/section>\n\t\t\t\t<section class=\"elementor-section elementor-top-section elementor-element elementor-element-35ba52a ot-traditional elementor-section-boxed elementor-section-height-default elementor-section-height-default\" data-id=\"35ba52a\" data-element_type=\"section\">\n\t\t\t\t\t\t<div class=\"elementor-container elementor-column-gap-default\">\n\t\t\t\t\t<div class=\"elementor-column elementor-col-100 elementor-top-column elementor-element elementor-element-0cf7b26 ot-flex-column-vertical\" data-id=\"0cf7b26\" data-element_type=\"column\">\n\t\t\t<div class=\"elementor-widget-wrap elementor-element-populated\">\n\t\t\t\t\t\t<div class=\"elementor-element elementor-element-3593ed7 elementor-widget elementor-widget-heading\" data-id=\"3593ed7\" data-element_type=\"widget\" data-widget_type=\"heading.default\">\n\t\t\t\t<div class=\"elementor-widget-container\">\n\t\t\t<h2 class=\"elementor-heading-title elementor-size-large\">Avalia\u00e7\u00e3o dos riscos associados a cada tratamento:<\/h2>\t\t<\/div>\n\t\t\t\t<\/div>\n\t\t\t\t\t<\/div>\n\t\t<\/div>\n\t\t\t\t\t<\/div>\n\t\t<\/section>\n\t\t\t\t<section class=\"elementor-section elementor-top-section elementor-element elementor-element-3a23f17 ot-traditional elementor-section-boxed elementor-section-height-default elementor-section-height-default\" data-id=\"3a23f17\" data-element_type=\"section\">\n\t\t\t\t\t\t<div class=\"elementor-container elementor-column-gap-default\">\n\t\t\t\t\t<div class=\"elementor-column elementor-col-100 elementor-top-column elementor-element elementor-element-cf1b7c9 ot-flex-column-vertical\" data-id=\"cf1b7c9\" data-element_type=\"column\">\n\t\t\t<div class=\"elementor-widget-wrap elementor-element-populated\">\n\t\t\t\t\t\t<div class=\"elementor-element elementor-element-3c94449 elementor-widget elementor-widget-text-editor\" data-id=\"3c94449\" data-element_type=\"widget\" data-widget_type=\"text-editor.default\">\n\t\t\t\t<div class=\"elementor-widget-container\">\n\t\t\t\t\t\t\t<p><span style=\"color: #0000ff;\"><strong>a- Identificar os potenciais impactos nos direitos e liberdades das pessoas em causa, centrando-se em tr\u00eas cen\u00e1rios temidos:<\/strong><\/span><\/p><p><span style=\"color: #000000;\"><strong>Acesso ileg\u00edtimo aos dados<\/strong>\u00a0: por exemplo, a divulga\u00e7\u00e3o dos recibos de pagamento de todos os funcion\u00e1rios de uma empresa, resultando em roubo de identidade.<\/span><\/p><p><span style=\"color: #000000;\"><strong>Modifica\u00e7\u00e3o indesejada de dados<\/strong>\u00a0: por exemplo, a modifica\u00e7\u00e3o de registros de acesso que indevidamente leva a uma acusa\u00e7\u00e3o de m\u00e1 conduta ou crime contra uma pessoa.<\/span><\/p><p><span style=\"color: #000000;\"><strong>Desaparecimento de dados<\/strong>\u00a0: por exemplo, a incapacidade de acessar o prontu\u00e1rio eletr\u00f4nico de um paciente, resultando na n\u00e3o detec\u00e7\u00e3o de uma intera\u00e7\u00e3o medicamentosa.<\/span><\/p><p><span style=\"color: #000000;\"><strong>A gest\u00e3o de riscos ajuda a determinar as precau\u00e7\u00f5es a tomar para manter a seguran\u00e7a dos dados<\/strong>, de acordo com o Artigo 121 da Lei de Prote\u00e7\u00e3o de Dados e o Artigo 32 do GDPR. \u00c9 essencial compreender as potenciais consequ\u00eancias desses riscos para os direitos e liberdades dos indiv\u00edduos envolvidos.<\/span><\/p><p><span style=\"color: #0000ff;\"><strong>b- Identificar fontes de risco:<\/strong><\/span><\/p><p><span style=\"color: #000000;\">Para cada cen\u00e1rio temido, as fontes de risco devem ser identificadas, sejam elas humanas (internas ou externas) ou n\u00e3o humanas. Isso inclui fatores como administradores de TI, usu\u00e1rios, invasores externos, concorrentes, mas tamb\u00e9m elementos como \u00e1gua, epidemias, materiais perigosos e v\u00edrus de computador n\u00e3o direcionados.<\/span><\/p>\t\t\t\t\t\t<\/div>\n\t\t\t\t<\/div>\n\t\t\t\t\t<\/div>\n\t\t<\/div>\n\t\t\t\t\t<\/div>\n\t\t<\/section>\n\t\t\t\t<section class=\"elementor-section elementor-top-section elementor-element elementor-element-77edb27 ot-traditional elementor-section-boxed elementor-section-height-default elementor-section-height-default\" data-id=\"77edb27\" data-element_type=\"section\">\n\t\t\t\t\t\t<div class=\"elementor-container elementor-column-gap-default\">\n\t\t\t\t\t<div class=\"elementor-column elementor-col-100 elementor-top-column elementor-element elementor-element-72942a8 ot-flex-column-vertical\" data-id=\"72942a8\" data-element_type=\"column\">\n\t\t\t<div class=\"elementor-widget-wrap elementor-element-populated\">\n\t\t\t\t\t\t<div class=\"elementor-element elementor-element-0fcf018 elementor-widget elementor-widget-text-editor\" data-id=\"0fcf018\" data-element_type=\"widget\" data-widget_type=\"text-editor.default\">\n\t\t\t\t<div class=\"elementor-widget-container\">\n\t\t\t\t\t\t\t<div><div><div><div><p style=\"text-align: center;\"><span style=\"color: #000000;\"><strong>Baixe o guia completo gratuitamente:<\/strong><\/span><\/p><\/div><\/div><\/div><\/div>\t\t\t\t\t\t<\/div>\n\t\t\t\t<\/div>\n\t\t\t\t\t<\/div>\n\t\t<\/div>\n\t\t\t\t\t<\/div>\n\t\t<\/section>\n\t\t\t\t<section class=\"elementor-section elementor-top-section elementor-element elementor-element-7f22e0c ot-traditional elementor-section-boxed elementor-section-height-default elementor-section-height-default\" data-id=\"7f22e0c\" data-element_type=\"section\">\n\t\t\t\t\t\t<div class=\"elementor-container elementor-column-gap-default\">\n\t\t\t\t\t<div class=\"elementor-column elementor-col-100 elementor-top-column elementor-element elementor-element-d89bd3c ot-flex-column-vertical\" data-id=\"d89bd3c\" data-element_type=\"column\">\n\t\t\t<div class=\"elementor-widget-wrap elementor-element-populated\">\n\t\t\t\t\t\t<div class=\"elementor-element elementor-element-6220207 elementor-widget elementor-widget-text-editor\" data-id=\"6220207\" data-element_type=\"widget\" data-widget_type=\"text-editor.default\">\n\t\t\t\t<div class=\"elementor-widget-container\">\n\t\t\t\t\t\t\t<p><form method=\"post\" action=\"https:\/\/viqtor.eu\/wp-admin\/admin-ajax.php?action=tnp&amp;na=s\" class=\"tnp-subscription\" style=\"\">\n<input type=\"hidden\" name=\"nlang\" value=\"\">\n <div class=\"tnp-field tnp-field-email\"><label for=\"tnp-1\">E-mail<\/label>\n<input class=\"tnp-email\" type=\"email\" name=\"ne\" id=\"tnp-1\" value=\"\" placeholder=\"\" required><\/div>\n\u00a0<label> <input name=\"AGREE_TO_TERMS\" required=\"\" type=\"checkbox\" value=\"1\" \/> Autorizo o uso dos meus dados pessoais exclusivamente para o processamento da minha solicita\u00e7\u00e3o de download. Proibimos qualquer outro uso desses dados.<\/label> <label> <input name=\"AGREE_TO_TERMS\" required=\"\" type=\"checkbox\" value=\"1\" \/>Concordo em receber informa\u00e7\u00f5es peri\u00f3dicas sobre as ofertas de servi\u00e7os da Viqtor.<\/label>\u00a0 \u00a0 \u00a0 \u00a0 \u00a0 \u00a0 \u00a0 \u00a0 \u00a0 \u00a0 \u00a0 \u00a0 \u00a0 \u00a0 \u00a0 \u00a0 \u00a0 \u00a0 \u00a0 \u00a0 <div class=\"tnp-field tnp-field-button\" style=\"text-align: left\"><input class=\"tnp-submit\" type=\"submit\" value=\"Receba o guia\" style=\"\">\n<\/div>\n<\/form><\/p>\t\t\t\t\t\t<\/div>\n\t\t\t\t<\/div>\n\t\t\t\t\t<\/div>\n\t\t<\/div>\n\t\t\t\t\t<\/div>\n\t\t<\/section>\n\t\t\t\t<\/div>","protected":false},"excerpt":{"rendered":"<p>\/\/ La plateforme Viqtor\u00ae Le guide Viqtor\u00ae de la donn\u00e9e personnelle Avant propos\u00a0: La gestion des risques dans la protection des donn\u00e9es personnelles : Un guide essentiel pour une conformit\u00e9 optimale. Lorsqu&rsquo;il s&rsquo;agit de pr\u00e9server la s\u00e9curit\u00e9 des donn\u00e9es, la gestion des risques est essentielle. Conform\u00e9ment \u00e0 l&rsquo;article 121 de la loi Informatique et Libert\u00e9s, [&hellip;]<\/p>","protected":false},"author":1,"featured_media":0,"parent":0,"menu_order":0,"comment_status":"closed","ping_status":"closed","template":"","meta":{"_acf_changed":false,"footnotes":""},"class_list":["post-8065","page","type-page","status-publish","hentry"],"acf":[],"yoast_head":"<!-- This site is optimized with the Yoast SEO plugin v23.6 - https:\/\/yoast.com\/wordpress\/plugins\/seo\/ -->\n<title>Le guide Viqtor de la donn\u00e9e personnelle<\/title>\n<meta name=\"description\" content=\"La gestion des risques dans la protection des donn\u00e9es personnelles : Un guide essentiel pour une conformit\u00e9 optimale.\" \/>\n<meta name=\"robots\" content=\"index, follow, max-snippet:-1, max-image-preview:large, max-video-preview:-1\" \/>\n<link rel=\"canonical\" href=\"https:\/\/viqtor.eu\/pt\/le-guide-viqtor-de-la-donnee-personnelle\/\" \/>\n<meta property=\"og:locale\" content=\"pt_PT\" \/>\n<meta property=\"og:type\" content=\"article\" \/>\n<meta property=\"og:title\" content=\"Le guide Viqtor de la donn\u00e9e personnelle\" \/>\n<meta property=\"og:description\" content=\"La gestion des risques dans la protection des donn\u00e9es personnelles : Un guide essentiel pour une conformit\u00e9 optimale.\" \/>\n<meta property=\"og:url\" content=\"https:\/\/viqtor.eu\/pt\/le-guide-viqtor-de-la-donnee-personnelle\/\" \/>\n<meta property=\"og:site_name\" content=\"Viqtor\" \/>\n<meta property=\"article:modified_time\" content=\"2024-09-18T14:42:18+00:00\" \/>\n<meta name=\"twitter:card\" content=\"summary_large_image\" \/>\n<meta name=\"twitter:label1\" content=\"Tempo estimado de leitura\" \/>\n\t<meta name=\"twitter:data1\" content=\"4 minutos\" \/>\n<script type=\"application\/ld+json\" class=\"yoast-schema-graph\">{\"@context\":\"https:\/\/schema.org\",\"@graph\":[{\"@type\":\"WebPage\",\"@id\":\"https:\/\/viqtor.eu\/le-guide-viqtor-de-la-donnee-personnelle\/\",\"url\":\"https:\/\/viqtor.eu\/le-guide-viqtor-de-la-donnee-personnelle\/\",\"name\":\"Le guide Viqtor de la donn\u00e9e personnelle\",\"isPartOf\":{\"@id\":\"https:\/\/viqtor.eu\/#website\"},\"datePublished\":\"2023-06-02T11:44:17+00:00\",\"dateModified\":\"2024-09-18T14:42:18+00:00\",\"description\":\"La gestion des risques dans la protection des donn\u00e9es personnelles : Un guide essentiel pour une conformit\u00e9 optimale.\",\"breadcrumb\":{\"@id\":\"https:\/\/viqtor.eu\/le-guide-viqtor-de-la-donnee-personnelle\/#breadcrumb\"},\"inLanguage\":\"pt-PT\",\"potentialAction\":[{\"@type\":\"ReadAction\",\"target\":[\"https:\/\/viqtor.eu\/le-guide-viqtor-de-la-donnee-personnelle\/\"]}]},{\"@type\":\"BreadcrumbList\",\"@id\":\"https:\/\/viqtor.eu\/le-guide-viqtor-de-la-donnee-personnelle\/#breadcrumb\",\"itemListElement\":[{\"@type\":\"ListItem\",\"position\":1,\"name\":\"Accueil\",\"item\":\"https:\/\/viqtor.eu\/\"},{\"@type\":\"ListItem\",\"position\":2,\"name\":\"Le guide Viqtor de la donn\u00e9e personnelle\"}]},{\"@type\":\"WebSite\",\"@id\":\"https:\/\/viqtor.eu\/#website\",\"url\":\"https:\/\/viqtor.eu\/\",\"name\":\"Viqtor\",\"description\":\"Faites du RGPD une opportunit\u00e9 pour votre entreprise.\",\"publisher\":{\"@id\":\"https:\/\/viqtor.eu\/#organization\"},\"potentialAction\":[{\"@type\":\"SearchAction\",\"target\":{\"@type\":\"EntryPoint\",\"urlTemplate\":\"https:\/\/viqtor.eu\/?s={search_term_string}\"},\"query-input\":{\"@type\":\"PropertyValueSpecification\",\"valueRequired\":true,\"valueName\":\"search_term_string\"}}],\"inLanguage\":\"pt-PT\"},{\"@type\":\"Organization\",\"@id\":\"https:\/\/viqtor.eu\/#organization\",\"name\":\"viqtor.eu\",\"url\":\"https:\/\/viqtor.eu\/\",\"logo\":{\"@type\":\"ImageObject\",\"inLanguage\":\"pt-PT\",\"@id\":\"https:\/\/viqtor.eu\/#\/schema\/logo\/image\/\",\"url\":\"https:\/\/viqtor.eu\/wp-content\/uploads\/2023\/06\/favicon-noir.svg\",\"contentUrl\":\"https:\/\/viqtor.eu\/wp-content\/uploads\/2023\/06\/favicon-noir.svg\",\"width\":108,\"height\":86,\"caption\":\"viqtor.eu\"},\"image\":{\"@id\":\"https:\/\/viqtor.eu\/#\/schema\/logo\/image\/\"}}]}<\/script>\n<!-- \/ Yoast SEO plugin. -->","yoast_head_json":{"title":"Le guide Viqtor de la donn\u00e9e personnelle","description":"La gestion des risques dans la protection des donn\u00e9es personnelles : Un guide essentiel pour une conformit\u00e9 optimale.","robots":{"index":"index","follow":"follow","max-snippet":"max-snippet:-1","max-image-preview":"max-image-preview:large","max-video-preview":"max-video-preview:-1"},"canonical":"https:\/\/viqtor.eu\/pt\/le-guide-viqtor-de-la-donnee-personnelle\/","og_locale":"pt_PT","og_type":"article","og_title":"Le guide Viqtor de la donn\u00e9e personnelle","og_description":"La gestion des risques dans la protection des donn\u00e9es personnelles : Un guide essentiel pour une conformit\u00e9 optimale.","og_url":"https:\/\/viqtor.eu\/pt\/le-guide-viqtor-de-la-donnee-personnelle\/","og_site_name":"Viqtor","article_modified_time":"2024-09-18T14:42:18+00:00","twitter_card":"summary_large_image","twitter_misc":{"Tempo estimado de leitura":"4 minutos"},"schema":{"@context":"https:\/\/schema.org","@graph":[{"@type":"WebPage","@id":"https:\/\/viqtor.eu\/le-guide-viqtor-de-la-donnee-personnelle\/","url":"https:\/\/viqtor.eu\/le-guide-viqtor-de-la-donnee-personnelle\/","name":"Le guide Viqtor de la donn\u00e9e personnelle","isPartOf":{"@id":"https:\/\/viqtor.eu\/#website"},"datePublished":"2023-06-02T11:44:17+00:00","dateModified":"2024-09-18T14:42:18+00:00","description":"La gestion des risques dans la protection des donn\u00e9es personnelles : Un guide essentiel pour une conformit\u00e9 optimale.","breadcrumb":{"@id":"https:\/\/viqtor.eu\/le-guide-viqtor-de-la-donnee-personnelle\/#breadcrumb"},"inLanguage":"pt-PT","potentialAction":[{"@type":"ReadAction","target":["https:\/\/viqtor.eu\/le-guide-viqtor-de-la-donnee-personnelle\/"]}]},{"@type":"BreadcrumbList","@id":"https:\/\/viqtor.eu\/le-guide-viqtor-de-la-donnee-personnelle\/#breadcrumb","itemListElement":[{"@type":"ListItem","position":1,"name":"Accueil","item":"https:\/\/viqtor.eu\/"},{"@type":"ListItem","position":2,"name":"Le guide Viqtor de la donn\u00e9e personnelle"}]},{"@type":"WebSite","@id":"https:\/\/viqtor.eu\/#website","url":"https:\/\/viqtor.eu\/","name":"Viqtor","description":"Faites du RGPD une opportunit\u00e9 pour votre entreprise.","publisher":{"@id":"https:\/\/viqtor.eu\/#organization"},"potentialAction":[{"@type":"SearchAction","target":{"@type":"EntryPoint","urlTemplate":"https:\/\/viqtor.eu\/?s={search_term_string}"},"query-input":{"@type":"PropertyValueSpecification","valueRequired":true,"valueName":"search_term_string"}}],"inLanguage":"pt-PT"},{"@type":"Organization","@id":"https:\/\/viqtor.eu\/#organization","name":"viqtor.eu","url":"https:\/\/viqtor.eu\/","logo":{"@type":"ImageObject","inLanguage":"pt-PT","@id":"https:\/\/viqtor.eu\/#\/schema\/logo\/image\/","url":"https:\/\/viqtor.eu\/wp-content\/uploads\/2023\/06\/favicon-noir.svg","contentUrl":"https:\/\/viqtor.eu\/wp-content\/uploads\/2023\/06\/favicon-noir.svg","width":108,"height":86,"caption":"viqtor.eu"},"image":{"@id":"https:\/\/viqtor.eu\/#\/schema\/logo\/image\/"}}]}},"_links":{"self":[{"href":"https:\/\/viqtor.eu\/pt\/wp-json\/wp\/v2\/pages\/8065","targetHints":{"allow":["GET"]}}],"collection":[{"href":"https:\/\/viqtor.eu\/pt\/wp-json\/wp\/v2\/pages"}],"about":[{"href":"https:\/\/viqtor.eu\/pt\/wp-json\/wp\/v2\/types\/page"}],"author":[{"embeddable":true,"href":"https:\/\/viqtor.eu\/pt\/wp-json\/wp\/v2\/users\/1"}],"replies":[{"embeddable":true,"href":"https:\/\/viqtor.eu\/pt\/wp-json\/wp\/v2\/comments?post=8065"}],"version-history":[{"count":104,"href":"https:\/\/viqtor.eu\/pt\/wp-json\/wp\/v2\/pages\/8065\/revisions"}],"predecessor-version":[{"id":12452,"href":"https:\/\/viqtor.eu\/pt\/wp-json\/wp\/v2\/pages\/8065\/revisions\/12452"}],"wp:attachment":[{"href":"https:\/\/viqtor.eu\/pt\/wp-json\/wp\/v2\/media?parent=8065"}],"curies":[{"name":"wp","href":"https:\/\/api.w.org\/{rel}","templated":true}]}}