{"id":6522,"date":"2023-05-10T15:50:27","date_gmt":"2023-05-10T15:50:27","guid":{"rendered":"https:\/\/viqtor.eu\/?page_id=6522"},"modified":"2023-07-24T10:19:18","modified_gmt":"2023-07-24T10:19:18","slug":"mentions-legales","status":"publish","type":"page","link":"https:\/\/viqtor.eu\/pt\/mentions-legales\/","title":{"rendered":"Avisos legais"},"content":{"rendered":"<div data-elementor-type=\"wp-page\" data-elementor-id=\"6522\" class=\"elementor elementor-6522\" data-elementor-post-type=\"page\">\n\t\t\t\t\t\t<section class=\"elementor-section elementor-top-section elementor-element elementor-element-747390f0 ot-traditional elementor-section-boxed elementor-section-height-default elementor-section-height-default\" data-id=\"747390f0\" data-element_type=\"section\">\n\t\t\t\t\t\t<div class=\"elementor-container elementor-column-gap-default\">\n\t\t\t\t\t<div class=\"elementor-column elementor-col-100 elementor-top-column elementor-element elementor-element-2fbcdc64 ot-flex-column-vertical\" data-id=\"2fbcdc64\" data-element_type=\"column\">\n\t\t\t<div class=\"elementor-widget-wrap elementor-element-populated\">\n\t\t\t\t\t\t<div class=\"elementor-element elementor-element-69294830 elementor-widget elementor-widget-text-editor\" data-id=\"69294830\" data-element_type=\"widget\" data-widget_type=\"text-editor.default\">\n\t\t\t\t<div class=\"elementor-widget-container\">\n\t\t\t\t\t\t\t<!-- wp:paragraph -->\n<p><\/p>\n<!-- \/wp:paragraph -->\n\n<!-- wp:list {\"ordered\":true} -->\n<ol><!-- wp:list-item -->\n<li><strong>APRESENTA\u00c7\u00c3O DO SITE.<\/strong><\/li>\n<!-- \/wp:list-item --><\/ol>\n<!-- \/wp:list -->\n\n<!-- wp:paragraph -->\n<p>Nos termos do artigo 6.\u00ba da Lei n.\u00ba 2004-575 de 21 de junho de 2004 sobre a confian\u00e7a na economia digital, os utilizadores do site https:\/\/viqtor.eu s\u00e3o informados da identidade das v\u00e1rias partes envolvidas na sua cria\u00e7\u00e3o e monitoriza\u00e7\u00e3o:<\/p>\n<!-- \/wp:paragraph -->\n\n<!-- wp:paragraph -->\n<p>Propriet\u00e1rio: DBWO<\/p>\n<!-- \/wp:paragraph -->\n\n<!-- wp:paragraph -->\n<p>Criador: ACTIVATION \/ VENISE HBA, SAS com capital de 37.000\u20ac RCS NANTERRE 350 130 019, 37\/41 rue Fernand PELLOUTIER \u2013 92100 BOULOGNE-BILLANCOURT<\/p>\n<!-- \/wp:paragraph -->\n\n<!-- wp:paragraph -->\n<p>Gerente de publica\u00e7\u00e3o: Bruno Dumay<\/p>\n<!-- \/wp:paragraph -->\n\n<!-- wp:paragraph -->\n<p>Sede: OVH SAS com capital de \u20ac 10.069.020 \u2013 RCS Lille M\u00e9tropole 424 761 419 00045, 2 rue Kellermann \u2013 59100 Roubaix<\/p>\n<!-- \/wp:paragraph -->\n\n<!-- wp:list {\"ordered\":true,\"start\":2} -->\n<ol start=\"2\"><!-- wp:list-item -->\n<li><strong>CONDI\u00c7\u00d5ES GERAIS DE UTILIZA\u00c7\u00c3O DO SITE E DOS SERVI\u00c7OS OFERECIDOS.<\/strong><\/li>\n<!-- \/wp:list-item --><\/ol>\n<!-- \/wp:list -->\n\n<!-- wp:paragraph -->\n<p>A utiliza\u00e7\u00e3o do site https:\/\/viqtor.eu implica a aceita\u00e7\u00e3o integral das condi\u00e7\u00f5es gerais de utiliza\u00e7\u00e3o descritas abaixo. Estas condi\u00e7\u00f5es de utiliza\u00e7\u00e3o podem ser alteradas ou complementadas a qualquer momento.<\/p>\n<!-- \/wp:paragraph -->\n\n<!-- wp:paragraph -->\n<p>Este site est\u00e1 normalmente acess\u00edvel aos usu\u00e1rios a qualquer momento. No entanto, o DBWO poder\u00e1 decidir interromper o site por motivos de manuten\u00e7\u00e3o t\u00e9cnica e se esfor\u00e7ar\u00e1 para informar os usu\u00e1rios com anteced\u00eancia sobre as datas e hor\u00e1rios da interven\u00e7\u00e3o.<\/p>\n<!-- \/wp:paragraph -->\n\n<!-- wp:paragraph -->\n<p>O site https:\/\/viqtor.eu \u00e9 atualizado regularmente pela DBWO. Da mesma forma, os avisos legais podem ser alterados a qualquer momento; no entanto, s\u00e3o vinculativos para o usu\u00e1rio, que \u00e9 convidado a consult\u00e1-los com a maior frequ\u00eancia poss\u00edvel para se manter informado.<\/p>\n<!-- \/wp:paragraph -->\n\n<!-- wp:list {\"ordered\":true,\"start\":3} -->\n<ol start=\"3\"><!-- wp:list-item -->\n<li><strong>DESCRI\u00c7\u00c3O DOS SERVI\u00c7OS PRESTADOS.<\/strong><\/li>\n<!-- \/wp:list-item --><\/ol>\n<!-- \/wp:list -->\n\n<!-- wp:paragraph -->\n<p>O objetivo do site https:\/\/viqtor.eu \u00e9 fornecer informa\u00e7\u00f5es sobre todas as atividades da empresa.<\/p>\n<!-- \/wp:paragraph -->\n\n<!-- wp:paragraph -->\n<p>A DBWO se esfor\u00e7a para fornecer informa\u00e7\u00f5es no site https:\/\/viqtor.eu o mais precisas poss\u00edvel. No entanto, n\u00e3o pode ser responsabilizada por omiss\u00f5es, imprecis\u00f5es ou defici\u00eancias na atualiza\u00e7\u00e3o, sejam elas causadas por ela pr\u00f3pria ou por parceiros terceirizados que fornecem essas informa\u00e7\u00f5es.<\/p>\n<!-- \/wp:paragraph -->\n\n<!-- wp:paragraph -->\n<p>Todas as informa\u00e7\u00f5es disponibilizadas no site https:\/\/viqtor.eu s\u00e3o fornecidas apenas para fins informativos e est\u00e3o sujeitas a altera\u00e7\u00f5es. Al\u00e9m disso, as informa\u00e7\u00f5es no site https:\/\/viqtor.eu n\u00e3o s\u00e3o exaustivas. S\u00e3o fornecidas sujeitas a altera\u00e7\u00f5es que possam ter sido efetuadas desde a sua publica\u00e7\u00e3o online.<\/p>\n<!-- \/wp:paragraph -->\n\n<!-- wp:list {\"ordered\":true,\"start\":4} -->\n<ol start=\"4\"><!-- wp:list-item -->\n<li><strong>LIMITA\u00c7\u00d5ES CONTRATUAIS SOBRE DADOS T\u00c9CNICOS.<\/strong><\/li>\n<!-- \/wp:list-item --><\/ol>\n<!-- \/wp:list -->\n\n<!-- wp:paragraph -->\n<p>O site utiliza a tecnologia: HTML\/CSS\/Msql<\/p>\n<!-- \/wp:paragraph -->\n\n<!-- wp:paragraph -->\n<p>O site n\u00e3o se responsabiliza por danos materiais relacionados \u00e0 sua utiliza\u00e7\u00e3o. Al\u00e9m disso, o usu\u00e1rio concorda em acess\u00e1-lo utilizando equipamentos modernos, livres de v\u00edrus e com um navegador de \u00faltima gera\u00e7\u00e3o atualizado.<\/p>\n<!-- \/wp:paragraph -->\n\n<!-- wp:list {\"ordered\":true,\"start\":5} -->\n<ol start=\"5\"><!-- wp:list-item -->\n<li><strong>PROPRIEDADE INTELECTUAL E FALSIFICA\u00c7\u00c3O.<\/strong><\/li>\n<!-- \/wp:list-item --><\/ol>\n<!-- \/wp:list -->\n\n<!-- wp:paragraph -->\n<p>A DBWO \u00e9 titular dos direitos de propriedade intelectual ou det\u00e9m os direitos de uso sobre todos os elementos acess\u00edveis no site, em particular textos, imagens, gr\u00e1ficos, logotipos, \u00edcones, sons, software.<\/p>\n<!-- \/wp:paragraph -->\n\n<!-- wp:paragraph -->\n<p>Qualquer reprodu\u00e7\u00e3o, representa\u00e7\u00e3o, modifica\u00e7\u00e3o, publica\u00e7\u00e3o, adapta\u00e7\u00e3o de todo ou parte dos elementos do site, qualquer que seja o meio ou processo utilizado, \u00e9 proibida, exceto com a autoriza\u00e7\u00e3o pr\u00e9via por escrito do DBWO.<\/p>\n<!-- \/wp:paragraph -->\n\n<!-- wp:paragraph -->\n<p>Qualquer uso n\u00e3o autorizado do site ou de qualquer um dos elementos nele contidos ser\u00e1 considerado uma infra\u00e7\u00e3o e ser\u00e1 processado de acordo com as disposi\u00e7\u00f5es dos artigos L.335-2 e seguintes do C\u00f3digo de Propriedade Intelectual.<\/p>\n<!-- \/wp:paragraph -->\n\n<!-- wp:list {\"ordered\":true,\"start\":6} -->\n<ol start=\"6\"><!-- wp:list-item -->\n<li><strong>LIMITA\u00c7\u00d5ES DE RESPONSABILIDADE.<\/strong><\/li>\n<!-- \/wp:list-item --><\/ol>\n<!-- \/wp:list -->\n\n<!-- wp:paragraph -->\n<p>A DBWO n\u00e3o poder\u00e1 ser responsabilizada por danos diretos ou indiretos causados ao equipamento do usu\u00e1rio ao acessar o site, decorrentes seja da utiliza\u00e7\u00e3o de equipamentos que n\u00e3o atendam \u00e0s especifica\u00e7\u00f5es indicadas no ponto 4, seja do aparecimento de bug ou incompatibilidade.<\/p>\n<!-- \/wp:paragraph -->\n\n<!-- wp:paragraph -->\n<p>O DBWO n\u00e3o pode ser responsabilizado por danos indiretos (como perda de mercado ou perda de oportunidade) resultantes do uso do site www.dbwo.legal.<\/p>\n<!-- \/wp:paragraph -->\n\n<!-- wp:paragraph -->\n<p>Espa\u00e7os interativos (possibilidade de fazer perguntas na \u00e1rea de contato) est\u00e3o dispon\u00edveis para os usu\u00e1rios. A DBWO reserva-se o direito de excluir, sem aviso pr\u00e9vio, qualquer conte\u00fado publicado neste espa\u00e7o que viole a legisla\u00e7\u00e3o aplic\u00e1vel na Fran\u00e7a, em particular as disposi\u00e7\u00f5es relativas \u00e0 prote\u00e7\u00e3o de dados. Se aplic\u00e1vel, a DBWO tamb\u00e9m se reserva o direito de responsabilizar o usu\u00e1rio civil e\/ou criminalmente, especialmente em caso de mensagens de natureza racista, insultuosa, difamat\u00f3ria ou pornogr\u00e1fica, independentemente do meio utilizado (texto, fotografia, etc.).<\/p>\n<!-- \/wp:paragraph -->\n\n<!-- wp:list {\"ordered\":true,\"start\":7} -->\n<ol start=\"7\"><!-- wp:list-item -->\n<li><strong>GEST\u00c3O DE DADOS PESSOAIS.<\/strong><\/li>\n<!-- \/wp:list-item --><\/ol>\n<!-- \/wp:list -->\n\n<!-- wp:paragraph -->\n<p>Na Fran\u00e7a, os dados pessoais s\u00e3o protegidos, em particular, pela Lei n\u00ba 78-87 de 6 de janeiro de 1978, pela Lei n\u00ba 2004-801 de 6 de agosto de 2004, pelo artigo L. 226-13 do C\u00f3digo Penal, pelo Regulamento relativo \u00e0 prote\u00e7\u00e3o das pessoas singulares no que diz respeito ao tratamento de dados pessoais e \u00e0 livre circula\u00e7\u00e3o desses dados, e que revoga a Diretiva 95\/46\/CE (Regulamento Geral sobre a Prote\u00e7\u00e3o de Dados) e pela Lei n\u00ba 2018-493 de 20 de junho de 2018 relativa \u00e0 prote\u00e7\u00e3o de dados pessoais.<\/p>\n<!-- \/wp:paragraph -->\n\n<!-- wp:paragraph -->\n<p>Ao utilizar o site https:\/\/viqtor.eu, poder\u00e3o ser recolhidos: o URL dos links atrav\u00e9s dos quais o utilizador acedeu ao site https:\/\/viqtor.eu, o fornecedor de acesso do utilizador, o endere\u00e7o de Protocolo de Internet (IP) do utilizador.<\/p>\n<!-- \/wp:paragraph -->\n\n<!-- wp:paragraph -->\n<p>Em qualquer caso, a DBWO coleta informa\u00e7\u00f5es pessoais sobre o usu\u00e1rio apenas para fins de determinados servi\u00e7os oferecidos pelo site https:\/\/viqtor.eu. O usu\u00e1rio fornece essas informa\u00e7\u00f5es com pleno conhecimento de causa, principalmente quando as insere por conta pr\u00f3pria. O usu\u00e1rio do site https:\/\/viqtor.eu \u00e9 ent\u00e3o informado se \u00e9 ou n\u00e3o obrigado a fornecer essas informa\u00e7\u00f5es.<\/p>\n<!-- \/wp:paragraph -->\n\n<!-- wp:paragraph -->\n<p>De acordo com o disposto nos artigos 38 e seguintes da Lei 78-17 de 6 de janeiro de 1978 relativa \u00e0 inform\u00e1tica, aos arquivos e \u00e0s liberdades, qualquer usu\u00e1rio tem o direito de acesso, retifica\u00e7\u00e3o e oposi\u00e7\u00e3o aos dados pessoais que lhe dizem respeito, fazendo sua solicita\u00e7\u00e3o por escrito e assinada, acompanhada de uma c\u00f3pia do documento de identidade com a assinatura do titular do documento, especificando o endere\u00e7o para o qual a resposta deve ser enviada.<\/p>\n<!-- \/wp:paragraph -->\n\n<!-- wp:paragraph -->\n<p>Nenhuma informa\u00e7\u00e3o pessoal do usu\u00e1rio do site https:\/\/viqtor.eu \u00e9 publicada sem o conhecimento do usu\u00e1rio, trocada, transferida, cedida ou vendida em qualquer meio a terceiros.<\/p>\n<!-- \/wp:paragraph -->\n\n<!-- wp:paragraph -->\n<p>As bases de dados est\u00e3o protegidas pelas disposi\u00e7\u00f5es da lei de 1 de julho de 1998 que transp\u00f5e a Diretiva 96\/9 de 11 de mar\u00e7o de 1996 relativa \u00e0 prote\u00e7\u00e3o jur\u00eddica das bases de dados.<\/p>\n<!-- \/wp:paragraph -->\n\n<!-- wp:list {\"ordered\":true,\"start\":8} -->\n<ol start=\"8\"><!-- wp:list-item -->\n<li><strong>LINKS DE HIPERTEXTO E COOKIES.<\/strong><\/li>\n<!-- \/wp:list-item --><\/ol>\n<!-- \/wp:list -->\n\n<!-- wp:paragraph -->\n<p>O site https:\/\/viqtor.eu cont\u00e9m diversos hiperlinks para outros sites, criados com a autoriza\u00e7\u00e3o da DBWO. No entanto, a DBWO n\u00e3o pode verificar o conte\u00fado dos sites visitados e, portanto, n\u00e3o assume qualquer responsabilidade por isso.<\/p>\n<!-- \/wp:paragraph -->\n\n<!-- wp:paragraph -->\n<p>A navega\u00e7\u00e3o no site https:\/\/viqtor.eu pode resultar na instala\u00e7\u00e3o de cookie(s) no computador do usu\u00e1rio. Um cookie \u00e9 um pequeno arquivo que n\u00e3o permite a identifica\u00e7\u00e3o do usu\u00e1rio, mas que registra informa\u00e7\u00f5es relacionadas \u00e0 navega\u00e7\u00e3o de um computador em um site. Os dados assim obtidos visam facilitar a navega\u00e7\u00e3o subsequente no site e tamb\u00e9m permitir diversas medi\u00e7\u00f5es de tr\u00e1fego.<\/p>\n<!-- \/wp:paragraph -->\n\n<!-- wp:paragraph -->\n<p>A recusa da instala\u00e7\u00e3o de um cookie pode impossibilitar o acesso a determinados servi\u00e7os. No entanto, o usu\u00e1rio pode configurar seu computador da seguinte forma para recusar a instala\u00e7\u00e3o de cookies:<\/p>\n<!-- \/wp:paragraph -->\n\n<!-- wp:paragraph -->\n<p>No Internet Explorer: aba ferramentas (\u00edcone de engrenagem no canto superior direito) \/ op\u00e7\u00f5es de internet.<\/p>\n<!-- \/wp:paragraph -->\n\n<!-- wp:paragraph -->\n<p>Clique em Privacidade e escolha Bloquear todos os cookies. Confirme com OK.<\/p>\n<!-- \/wp:paragraph -->\n\n<!-- wp:paragraph -->\n<p>No Firefox: Na parte superior da janela do navegador, clique no bot\u00e3o Firefox e acesse a aba Op\u00e7\u00f5es. Clique na aba Privacidade.<\/p>\n<!-- \/wp:paragraph -->\n\n<!-- wp:paragraph -->\n<p>Defina as Regras de Reten\u00e7\u00e3o como: Usar configura\u00e7\u00f5es personalizadas para o hist\u00f3rico. Por fim, desmarque a op\u00e7\u00e3o para desativar os cookies.<\/p>\n<!-- \/wp:paragraph -->\n\n<!-- wp:paragraph -->\n<p>No Safari: Clique no \u00edcone de menu (simbolizado por uma engrenagem) no canto superior direito do navegador. Selecione Configura\u00e7\u00f5es. Clique em Mostrar configura\u00e7\u00f5es avan\u00e7adas. Na se\u00e7\u00e3o &quot;Privacidade&quot;, clique em Configura\u00e7\u00f5es de conte\u00fado. Na se\u00e7\u00e3o &quot;Cookies&quot;, voc\u00ea pode bloquear cookies.<\/p>\n<!-- \/wp:paragraph -->\n\n<!-- wp:paragraph -->\n<p>No Chrome: Clique no \u00edcone de menu (simbolizado por tr\u00eas linhas horizontais) no canto superior direito do navegador. Selecione Configura\u00e7\u00f5es. Clique em Mostrar configura\u00e7\u00f5es avan\u00e7adas.<\/p>\n<!-- \/wp:paragraph -->\n\n<!-- wp:paragraph -->\n<p>Na se\u00e7\u00e3o &quot;Privacidade&quot;, clique em Prefer\u00eancias. Na aba &quot;Privacidade&quot;, voc\u00ea pode bloquear cookies.<\/p>\n<!-- \/wp:paragraph -->\n\n<!-- wp:list {\"ordered\":true,\"start\":9} -->\n<ol start=\"9\"><!-- wp:list-item -->\n<li><strong>LEI APLIC\u00c1VEL E JURISDI\u00c7\u00c3O.<\/strong><\/li>\n<!-- \/wp:list-item --><\/ol>\n<!-- \/wp:list -->\n\n<!-- wp:paragraph -->\n<p>Qualquer lit\u00edgio relacionado com a utiliza\u00e7\u00e3o do site https:\/\/viqtor.eu est\u00e1 sujeito \u00e0 legisla\u00e7\u00e3o francesa. Os tribunais comuns e os tribunais de Angoul\u00eame t\u00eam jurisdi\u00e7\u00e3o exclusiva em caso de lit\u00edgio com um profissional.<\/p>\n<!-- \/wp:paragraph -->\n\n<!-- wp:list {\"ordered\":true,\"start\":10} -->\n<ol start=\"10\"><!-- wp:list-item -->\n<li><strong>AS PRINCIPAIS LEIS EM CAUSA.<\/strong><\/li>\n<!-- \/wp:list-item --><\/ol>\n<!-- \/wp:list -->\n\n<!-- wp:paragraph -->\n<p>Regulamento relativo \u00e0 prote\u00e7\u00e3o das pessoas singulares no que diz respeito ao tratamento de dados pessoais e \u00e0 livre circula\u00e7\u00e3o desses dados e que revoga a Diretiva 95\/46\/CE (Regulamento Geral sobre a Prote\u00e7\u00e3o de Dados)<\/p>\n<!-- \/wp:paragraph -->\n\n<!-- wp:paragraph -->\n<p>LEI N\u00ba 2018-493 de 20 de junho de 2018 relativa \u00e0 prote\u00e7\u00e3o de dados pessoais<\/p>\n<!-- \/wp:paragraph -->\n\n<!-- wp:paragraph -->\n<p>Lei n.\u00ba 78-87 de 6 de janeiro de 1978, notadamente alterada pela Lei n.\u00ba 2004-801 de 6 de agosto de 2004 relativa \u00e0 tecnologia da informa\u00e7\u00e3o, arquivos e liberdades.<\/p>\n<!-- \/wp:paragraph -->\n\n<!-- wp:paragraph -->\n<p>Lei n.\u00ba 2004-575 de 21 de junho de 2004 sobre confian\u00e7a na economia digital.<\/p>\n<!-- \/wp:paragraph -->\n\n<!-- wp:list {\"ordered\":true,\"start\":11} -->\n<ol start=\"11\"><!-- wp:list-item -->\n<li><strong>L\u00c9XICO.<\/strong><\/li>\n<!-- \/wp:list-item --><\/ol>\n<!-- \/wp:list -->\n\n<!-- wp:paragraph -->\n<p>Usu\u00e1rio: Internauta que se conecta e utiliza o site acima mencionado.<\/p>\n<!-- \/wp:paragraph -->\n\n<!-- wp:paragraph -->\n<p>Dados pessoais: \u201cinforma\u00e7\u00f5es que permitem, sob qualquer forma, direta ou indiretamente, a identifica\u00e7\u00e3o das pessoas f\u00edsicas a quem se aplicam\u201d (artigo 4\u00ba da lei n.\u00ba 78-17 de 6 de janeiro de 1978)<\/p>\n<!-- \/wp:paragraph -->\n\n<!-- wp:paragraph -->\n<p><\/p>\n<!-- \/wp:paragraph -->\t\t\t\t\t\t<\/div>\n\t\t\t\t<\/div>\n\t\t\t\t\t<\/div>\n\t\t<\/div>\n\t\t\t\t\t<\/div>\n\t\t<\/section>\n\t\t\t\t<\/div>","protected":false},"excerpt":{"rendered":"<p>En vertu de l\u2019article 6 de la loi n\u00b0 2004-575 du 21 juin 2004 pour la confiance dans l\u2019\u00e9conomie num\u00e9rique, il est pr\u00e9cis\u00e9 aux utilisateurs du site https:\/\/viqtor.eu l\u2019identit\u00e9 des diff\u00e9rents intervenants dans le cadre de sa r\u00e9alisation et de son suivi : Propri\u00e9taire : DBWO Cr\u00e9ateur : ACTIVATION \/ VENISE HBA, SAS au capital [&hellip;]<\/p>","protected":false},"author":1,"featured_media":0,"parent":0,"menu_order":0,"comment_status":"closed","ping_status":"closed","template":"","meta":{"_acf_changed":false,"footnotes":""},"class_list":["post-6522","page","type-page","status-publish","hentry"],"acf":[],"yoast_head":"<!-- This site is optimized with the Yoast SEO plugin v23.6 - https:\/\/yoast.com\/wordpress\/plugins\/seo\/ -->\n<title>Mentions l\u00e9gales - Viqtor<\/title>\n<meta name=\"robots\" content=\"noindex, nofollow\" \/>\n<meta property=\"og:locale\" content=\"pt_PT\" \/>\n<meta property=\"og:type\" content=\"article\" \/>\n<meta property=\"og:title\" content=\"Mentions l\u00e9gales - Viqtor\" \/>\n<meta property=\"og:description\" content=\"En vertu de l\u2019article 6 de la loi n\u00b0 2004-575 du 21 juin 2004 pour la confiance dans l\u2019\u00e9conomie num\u00e9rique, il est pr\u00e9cis\u00e9 aux utilisateurs du site https:\/\/viqtor.eu l\u2019identit\u00e9 des diff\u00e9rents intervenants dans le cadre de sa r\u00e9alisation et de son suivi : Propri\u00e9taire : DBWO Cr\u00e9ateur : ACTIVATION \/ VENISE HBA, SAS au capital [&hellip;]\" \/>\n<meta property=\"og:url\" content=\"https:\/\/viqtor.eu\/pt\/mentions-legales\/\" \/>\n<meta property=\"og:site_name\" content=\"Viqtor\" \/>\n<meta property=\"article:modified_time\" content=\"2023-07-24T10:19:18+00:00\" \/>\n<meta name=\"twitter:card\" content=\"summary_large_image\" \/>\n<meta name=\"twitter:label1\" content=\"Tempo estimado de leitura\" \/>\n\t<meta name=\"twitter:data1\" content=\"8 minutos\" \/>\n<script type=\"application\/ld+json\" class=\"yoast-schema-graph\">{\"@context\":\"https:\/\/schema.org\",\"@graph\":[{\"@type\":\"WebPage\",\"@id\":\"https:\/\/viqtor.eu\/mentions-legales\/\",\"url\":\"https:\/\/viqtor.eu\/mentions-legales\/\",\"name\":\"Mentions l\u00e9gales - Viqtor\",\"isPartOf\":{\"@id\":\"https:\/\/viqtor.eu\/#website\"},\"datePublished\":\"2023-05-10T15:50:27+00:00\",\"dateModified\":\"2023-07-24T10:19:18+00:00\",\"breadcrumb\":{\"@id\":\"https:\/\/viqtor.eu\/mentions-legales\/#breadcrumb\"},\"inLanguage\":\"pt-PT\",\"potentialAction\":[{\"@type\":\"ReadAction\",\"target\":[\"https:\/\/viqtor.eu\/mentions-legales\/\"]}]},{\"@type\":\"BreadcrumbList\",\"@id\":\"https:\/\/viqtor.eu\/mentions-legales\/#breadcrumb\",\"itemListElement\":[{\"@type\":\"ListItem\",\"position\":1,\"name\":\"Accueil\",\"item\":\"https:\/\/viqtor.eu\/\"},{\"@type\":\"ListItem\",\"position\":2,\"name\":\"Mentions l\u00e9gales\"}]},{\"@type\":\"WebSite\",\"@id\":\"https:\/\/viqtor.eu\/#website\",\"url\":\"https:\/\/viqtor.eu\/\",\"name\":\"Viqtor\",\"description\":\"Faites du RGPD une opportunit\u00e9 pour votre entreprise.\",\"publisher\":{\"@id\":\"https:\/\/viqtor.eu\/#organization\"},\"potentialAction\":[{\"@type\":\"SearchAction\",\"target\":{\"@type\":\"EntryPoint\",\"urlTemplate\":\"https:\/\/viqtor.eu\/?s={search_term_string}\"},\"query-input\":{\"@type\":\"PropertyValueSpecification\",\"valueRequired\":true,\"valueName\":\"search_term_string\"}}],\"inLanguage\":\"pt-PT\"},{\"@type\":\"Organization\",\"@id\":\"https:\/\/viqtor.eu\/#organization\",\"name\":\"viqtor.eu\",\"url\":\"https:\/\/viqtor.eu\/\",\"logo\":{\"@type\":\"ImageObject\",\"inLanguage\":\"pt-PT\",\"@id\":\"https:\/\/viqtor.eu\/#\/schema\/logo\/image\/\",\"url\":\"https:\/\/viqtor.eu\/wp-content\/uploads\/2023\/06\/favicon-noir.svg\",\"contentUrl\":\"https:\/\/viqtor.eu\/wp-content\/uploads\/2023\/06\/favicon-noir.svg\",\"width\":108,\"height\":86,\"caption\":\"viqtor.eu\"},\"image\":{\"@id\":\"https:\/\/viqtor.eu\/#\/schema\/logo\/image\/\"}}]}<\/script>\n<!-- \/ Yoast SEO plugin. -->","yoast_head_json":{"title":"Mentions l\u00e9gales - Viqtor","robots":{"index":"noindex","follow":"nofollow"},"og_locale":"pt_PT","og_type":"article","og_title":"Mentions l\u00e9gales - Viqtor","og_description":"En vertu de l\u2019article 6 de la loi n\u00b0 2004-575 du 21 juin 2004 pour la confiance dans l\u2019\u00e9conomie num\u00e9rique, il est pr\u00e9cis\u00e9 aux utilisateurs du site https:\/\/viqtor.eu l\u2019identit\u00e9 des diff\u00e9rents intervenants dans le cadre de sa r\u00e9alisation et de son suivi : Propri\u00e9taire : DBWO Cr\u00e9ateur : ACTIVATION \/ VENISE HBA, SAS au capital [&hellip;]","og_url":"https:\/\/viqtor.eu\/pt\/mentions-legales\/","og_site_name":"Viqtor","article_modified_time":"2023-07-24T10:19:18+00:00","twitter_card":"summary_large_image","twitter_misc":{"Tempo estimado de leitura":"8 minutos"},"schema":{"@context":"https:\/\/schema.org","@graph":[{"@type":"WebPage","@id":"https:\/\/viqtor.eu\/mentions-legales\/","url":"https:\/\/viqtor.eu\/mentions-legales\/","name":"Mentions l\u00e9gales - Viqtor","isPartOf":{"@id":"https:\/\/viqtor.eu\/#website"},"datePublished":"2023-05-10T15:50:27+00:00","dateModified":"2023-07-24T10:19:18+00:00","breadcrumb":{"@id":"https:\/\/viqtor.eu\/mentions-legales\/#breadcrumb"},"inLanguage":"pt-PT","potentialAction":[{"@type":"ReadAction","target":["https:\/\/viqtor.eu\/mentions-legales\/"]}]},{"@type":"BreadcrumbList","@id":"https:\/\/viqtor.eu\/mentions-legales\/#breadcrumb","itemListElement":[{"@type":"ListItem","position":1,"name":"Accueil","item":"https:\/\/viqtor.eu\/"},{"@type":"ListItem","position":2,"name":"Mentions l\u00e9gales"}]},{"@type":"WebSite","@id":"https:\/\/viqtor.eu\/#website","url":"https:\/\/viqtor.eu\/","name":"Viqtor","description":"Faites du RGPD une opportunit\u00e9 pour votre entreprise.","publisher":{"@id":"https:\/\/viqtor.eu\/#organization"},"potentialAction":[{"@type":"SearchAction","target":{"@type":"EntryPoint","urlTemplate":"https:\/\/viqtor.eu\/?s={search_term_string}"},"query-input":{"@type":"PropertyValueSpecification","valueRequired":true,"valueName":"search_term_string"}}],"inLanguage":"pt-PT"},{"@type":"Organization","@id":"https:\/\/viqtor.eu\/#organization","name":"viqtor.eu","url":"https:\/\/viqtor.eu\/","logo":{"@type":"ImageObject","inLanguage":"pt-PT","@id":"https:\/\/viqtor.eu\/#\/schema\/logo\/image\/","url":"https:\/\/viqtor.eu\/wp-content\/uploads\/2023\/06\/favicon-noir.svg","contentUrl":"https:\/\/viqtor.eu\/wp-content\/uploads\/2023\/06\/favicon-noir.svg","width":108,"height":86,"caption":"viqtor.eu"},"image":{"@id":"https:\/\/viqtor.eu\/#\/schema\/logo\/image\/"}}]}},"_links":{"self":[{"href":"https:\/\/viqtor.eu\/pt\/wp-json\/wp\/v2\/pages\/6522","targetHints":{"allow":["GET"]}}],"collection":[{"href":"https:\/\/viqtor.eu\/pt\/wp-json\/wp\/v2\/pages"}],"about":[{"href":"https:\/\/viqtor.eu\/pt\/wp-json\/wp\/v2\/types\/page"}],"author":[{"embeddable":true,"href":"https:\/\/viqtor.eu\/pt\/wp-json\/wp\/v2\/users\/1"}],"replies":[{"embeddable":true,"href":"https:\/\/viqtor.eu\/pt\/wp-json\/wp\/v2\/comments?post=6522"}],"version-history":[{"count":6,"href":"https:\/\/viqtor.eu\/pt\/wp-json\/wp\/v2\/pages\/6522\/revisions"}],"predecessor-version":[{"id":6532,"href":"https:\/\/viqtor.eu\/pt\/wp-json\/wp\/v2\/pages\/6522\/revisions\/6532"}],"wp:attachment":[{"href":"https:\/\/viqtor.eu\/pt\/wp-json\/wp\/v2\/media?parent=6522"}],"curies":[{"name":"wp","href":"https:\/\/api.w.org\/{rel}","templated":true}]}}