{"id":12636,"date":"2025-02-11T12:29:59","date_gmt":"2025-02-11T12:29:59","guid":{"rendered":"https:\/\/viqtor.eu\/?page_id=12636"},"modified":"2025-02-17T12:23:40","modified_gmt":"2025-02-17T12:23:40","slug":"guide-sur-laudit-de-conformite-rgpd","status":"publish","type":"page","link":"https:\/\/viqtor.eu\/pt\/guide-sur-laudit-de-conformite-rgpd\/","title":{"rendered":"Guia de Auditoria de Conformidade com o RGPD"},"content":{"rendered":"<div data-elementor-type=\"wp-page\" data-elementor-id=\"12636\" class=\"elementor elementor-12636\" data-elementor-post-type=\"page\">\n\t\t\t\t\t\t<section class=\"elementor-section elementor-top-section elementor-element elementor-element-487d106 elementor-section-content-middle ot-traditional elementor-section-boxed elementor-section-height-default elementor-section-height-default\" data-id=\"487d106\" data-element_type=\"section\" data-settings=\"{&quot;background_background&quot;:&quot;classic&quot;}\">\n\t\t\t\t\t\t\t<div class=\"elementor-background-overlay\"><\/div>\n\t\t\t\t\t\t\t<div class=\"elementor-container elementor-column-gap-default\">\n\t\t\t\t\t<div class=\"elementor-column elementor-col-100 elementor-top-column elementor-element elementor-element-7cb43dc ot-column-items-center ot-flex-column-vertical\" data-id=\"7cb43dc\" data-element_type=\"column\">\n\t\t\t<div class=\"elementor-widget-wrap elementor-element-populated\">\n\t\t\t\t\t\t<div class=\"elementor-element elementor-element-f174978 elementor-widget__width-initial elementor-widget elementor-widget-iheading\" data-id=\"f174978\" data-element_type=\"widget\" data-widget_type=\"iheading.default\">\n\t\t\t\t<div class=\"elementor-widget-container\">\n\t\t\t\t\t<div class=\"ot-heading\">\r\n\t        \t            <span>\/\/ A plataforma Viqtor\u00ae<\/span>\r\n\t        <h1 class=\"main-heading\">\n\nViqtor\u00ae: Guia completo para auditoria de conformidade com o GDPR\n\n<\/h1>\t    <\/div>\r\n\t    \t\t<\/div>\n\t\t\t\t<\/div>\n\t\t\t\t\t<\/div>\n\t\t<\/div>\n\t\t\t\t\t<\/div>\n\t\t<\/section>\n\t\t\t\t<section class=\"elementor-section elementor-top-section elementor-element elementor-element-6bfd0a4 ot-traditional elementor-section-boxed elementor-section-height-default elementor-section-height-default\" data-id=\"6bfd0a4\" data-element_type=\"section\">\n\t\t\t\t\t\t<div class=\"elementor-container elementor-column-gap-default\">\n\t\t\t\t\t<div class=\"elementor-column elementor-col-100 elementor-top-column elementor-element elementor-element-9e9d643 ot-flex-column-vertical\" data-id=\"9e9d643\" data-element_type=\"column\">\n\t\t\t<div class=\"elementor-widget-wrap elementor-element-populated\">\n\t\t\t\t\t\t<div class=\"elementor-element elementor-element-4ca1c81 elementor-widget elementor-widget-text-editor\" data-id=\"4ca1c81\" data-element_type=\"widget\" data-widget_type=\"text-editor.default\">\n\t\t\t\t<div class=\"elementor-widget-container\">\n\t\t\t\t\t\t\t<p>O Regulamento Geral sobre a Prote\u00e7\u00e3o de Dados (RGPD) \u00e9 uma estrutura legal que exige que empresas e organiza\u00e7\u00f5es garantam a prote\u00e7\u00e3o dos dados pessoais dos cidad\u00e3os da Uni\u00e3o Europeia. A realiza\u00e7\u00e3o de uma auditoria de conformidade com o RGPD \u00e9 uma etapa essencial para garantir que sua empresa cumpra essas obriga\u00e7\u00f5es legais.<\/p><p>Neste guia, exploraremos as principais etapas de um <strong>Auditoria de conformidade com o RGPD<\/strong>, erros comuns a evitar, bem como conselhos pr\u00e1ticos para garantir a conformidade efetiva.<\/p><h2>O que \u00e9 uma auditoria de conformidade com o GDPR?<\/h2><p>Uma auditoria de conformidade com o GDPR \u00e9 um processo de avalia\u00e7\u00e3o que visa identificar lacunas entre as pr\u00e1ticas atuais de uma organiza\u00e7\u00e3o e os requisitos do GDPR. Seus objetivos s\u00e3o:<\/p><ul><li>Analisar o processamento de dados pessoais.<\/li><li>Identificar riscos de prote\u00e7\u00e3o de dados.<\/li><li>Implementar medidas corretivas para garantir a conformidade.<\/li><\/ul><p>A auditoria pode ser realizada internamente por um DPO (encarregado da prote\u00e7\u00e3o de dados) ou por um especialista externo.<\/p><hr \/><h2>2. Etapas de uma auditoria de conformidade com o GDPR<\/h2><p><strong>Identifica\u00e7\u00e3o do processamento de dados<\/strong><\/p><ul><li>Liste todos os dados pessoais coletados, armazenados e processados.<\/li><li>Determinar as bases legais para esses tratamentos (consentimento, obriga\u00e7\u00e3o legal, execu\u00e7\u00e3o contratual, etc.).<\/li><li>Verifique as finalidades para as quais os dados s\u00e3o utilizados.<\/li><\/ul><p><strong>Verifica\u00e7\u00e3o de bases legais<\/strong><\/p><ul><li>Garantir que cada processamento de dados seja baseado em uma base legal v\u00e1lida.<\/li><li>Garanta que o consentimento do usu\u00e1rio seja coletado explicitamente quando necess\u00e1rio.<\/li><\/ul><p><strong>An\u00e1lise dos direitos humanos<\/strong><\/p><ul><li>Verifique se as pessoas em causa podem exercer facilmente os seus direitos (acesso, retifica\u00e7\u00e3o, elimina\u00e7\u00e3o, portabilidade, etc.).<\/li><li>Certifique-se de que sua pol\u00edtica de privacidade seja clara e acess\u00edvel.<\/li><\/ul><p><strong>Seguran\u00e7a de dados<\/strong><\/p><ul><li>Avalie as medidas de seguran\u00e7a implementadas para proteger os dados (criptografia, pseudonimiza\u00e7\u00e3o, controle de acesso, etc.).<\/li><li>Teste a robustez dos seus protocolos de seguran\u00e7a para evitar viola\u00e7\u00f5es de dados.<\/li><\/ul><p><strong>Documenta\u00e7\u00e3o e conformidade<\/strong><\/p><ul><li>Manter um registro de processamento de dados atualizado.<\/li><li>Verifique se h\u00e1 um plano de resposta a incidentes de seguran\u00e7a em vigor.<\/li><li>Garantir que os contratos com subcontratados estejam em conformidade com o GDPR.<\/li><\/ul><p><strong>Conscientiza\u00e7\u00e3o e treinamento<\/strong><\/p><ul><li>Treine suas equipes em boas pr\u00e1ticas de prote\u00e7\u00e3o de dados.<\/li><li>Certifique-se de que os funcion\u00e1rios conhe\u00e7am suas responsabilidades em rela\u00e7\u00e3o ao GDPR.<\/li><\/ul>\t\t\t\t\t\t<\/div>\n\t\t\t\t<\/div>\n\t\t\t\t\t<\/div>\n\t\t<\/div>\n\t\t\t\t\t<\/div>\n\t\t<\/section>\n\t\t\t\t<section class=\"elementor-section elementor-top-section elementor-element elementor-element-e58c8b9 ot-traditional elementor-section-boxed elementor-section-height-default elementor-section-height-default\" data-id=\"e58c8b9\" data-element_type=\"section\">\n\t\t\t\t\t\t<div class=\"elementor-container elementor-column-gap-default\">\n\t\t\t\t\t<div class=\"elementor-column elementor-col-50 elementor-top-column elementor-element elementor-element-2ec2fea ot-flex-column-vertical\" data-id=\"2ec2fea\" data-element_type=\"column\">\n\t\t\t<div class=\"elementor-widget-wrap elementor-element-populated\">\n\t\t\t\t\t\t<div class=\"elementor-element elementor-element-b96b62f elementor-widget elementor-widget-image\" data-id=\"b96b62f\" data-element_type=\"widget\" data-widget_type=\"image.default\">\n\t\t\t\t<div class=\"elementor-widget-container\">\n\t\t\t\t\t\t\t\t\t\t\t\t\t<img fetchpriority=\"high\" decoding=\"async\" width=\"1024\" height=\"584\" src=\"https:\/\/viqtor.eu\/wp-content\/uploads\/2024\/06\/Dashboard-copie-1024x584.png\" class=\"attachment-large size-large wp-image-11131\" alt=\"home viqtor\" srcset=\"https:\/\/viqtor.eu\/wp-content\/uploads\/2024\/06\/Dashboard-copie-1024x584.png 1024w, https:\/\/viqtor.eu\/wp-content\/uploads\/2024\/06\/Dashboard-copie-300x171.png 300w, https:\/\/viqtor.eu\/wp-content\/uploads\/2024\/06\/Dashboard-copie-768x438.png 768w, https:\/\/viqtor.eu\/wp-content\/uploads\/2024\/06\/Dashboard-copie-1536x876.png 1536w, https:\/\/viqtor.eu\/wp-content\/uploads\/2024\/06\/Dashboard-copie-2048x1168.png 2048w, https:\/\/viqtor.eu\/wp-content\/uploads\/2024\/06\/Dashboard-copie-720x411.png 720w\" sizes=\"(max-width: 1024px) 100vw, 1024px\" \/>\t\t\t\t\t\t\t\t\t\t\t\t\t<\/div>\n\t\t\t\t<\/div>\n\t\t\t\t\t<\/div>\n\t\t<\/div>\n\t\t\t\t<div class=\"elementor-column elementor-col-50 elementor-top-column elementor-element elementor-element-5e6ca7a ot-flex-column-vertical\" data-id=\"5e6ca7a\" data-element_type=\"column\">\n\t\t\t<div class=\"elementor-widget-wrap elementor-element-populated\">\n\t\t\t\t\t\t<div class=\"elementor-element elementor-element-fc70a7e elementor-widget elementor-widget-image\" data-id=\"fc70a7e\" data-element_type=\"widget\" data-widget_type=\"image.default\">\n\t\t\t\t<div class=\"elementor-widget-container\">\n\t\t\t\t\t\t\t\t\t\t\t\t\t<img decoding=\"async\" width=\"646\" height=\"386\" src=\"https:\/\/viqtor.eu\/wp-content\/uploads\/2024\/03\/pika-1711032360924-1x-removebg-preview.png\" class=\"attachment-large size-large wp-image-10834\" alt=\"Logiciel RGPD\" srcset=\"https:\/\/viqtor.eu\/wp-content\/uploads\/2024\/03\/pika-1711032360924-1x-removebg-preview.png 646w, https:\/\/viqtor.eu\/wp-content\/uploads\/2024\/03\/pika-1711032360924-1x-removebg-preview-300x179.png 300w\" sizes=\"(max-width: 646px) 100vw, 646px\" \/>\t\t\t\t\t\t\t\t\t\t\t\t\t<\/div>\n\t\t\t\t<\/div>\n\t\t\t\t\t<\/div>\n\t\t<\/div>\n\t\t\t\t\t<\/div>\n\t\t<\/section>\n\t\t\t\t<section class=\"elementor-section elementor-top-section elementor-element elementor-element-35ba52a ot-traditional elementor-section-boxed elementor-section-height-default elementor-section-height-default\" data-id=\"35ba52a\" data-element_type=\"section\">\n\t\t\t\t\t\t<div class=\"elementor-container elementor-column-gap-default\">\n\t\t\t\t\t<div class=\"elementor-column elementor-col-100 elementor-top-column elementor-element elementor-element-0cf7b26 ot-flex-column-vertical\" data-id=\"0cf7b26\" data-element_type=\"column\">\n\t\t\t<div class=\"elementor-widget-wrap elementor-element-populated\">\n\t\t\t\t\t\t<div class=\"elementor-element elementor-element-3593ed7 elementor-widget elementor-widget-heading\" data-id=\"3593ed7\" data-element_type=\"widget\" data-widget_type=\"heading.default\">\n\t\t\t\t<div class=\"elementor-widget-container\">\n\t\t\t<h2 class=\"elementor-heading-title elementor-size-large\">3. Erros comuns a evitar<\/h2>\t\t<\/div>\n\t\t\t\t<\/div>\n\t\t\t\t\t<\/div>\n\t\t<\/div>\n\t\t\t\t\t<\/div>\n\t\t<\/section>\n\t\t\t\t<section class=\"elementor-section elementor-top-section elementor-element elementor-element-3a23f17 ot-traditional elementor-section-boxed elementor-section-height-default elementor-section-height-default\" data-id=\"3a23f17\" data-element_type=\"section\">\n\t\t\t\t\t\t<div class=\"elementor-container elementor-column-gap-default\">\n\t\t\t\t\t<div class=\"elementor-column elementor-col-100 elementor-top-column elementor-element elementor-element-cf1b7c9 ot-flex-column-vertical\" data-id=\"cf1b7c9\" data-element_type=\"column\">\n\t\t\t<div class=\"elementor-widget-wrap elementor-element-populated\">\n\t\t\t\t\t\t<div class=\"elementor-element elementor-element-3c94449 elementor-widget elementor-widget-text-editor\" data-id=\"3c94449\" data-element_type=\"widget\" data-widget_type=\"text-editor.default\">\n\t\t\t\t<div class=\"elementor-widget-container\">\n\t\t\t\t\t\t\t<ul><li>Neglig\u00eancia<strong> mapeamento de processamento de dados<\/strong> : o conhecimento deficiente dos dados coletados pode levar a n\u00e3o conformidades.<\/li><li><strong>Esque\u00e7a os subcontratados<\/strong> : certifique-se de que todos os seus parceiros tamb\u00e9m estejam em conformidade com o GDPR.<\/li><li><strong>N\u00e3o manter o registro de tratamento atualizado<\/strong> : um registro obsoleto pode causar san\u00e7\u00f5es em caso de fiscaliza\u00e7\u00e3o.<\/li><li><strong>Falta de transpar\u00eancia com os usu\u00e1rios<\/strong> :Uma pol\u00edtica de privacidade incompleta ou dif\u00edcil de entender pode ser problem\u00e1tica.<\/li><li><strong>Ignorar medidas de seguran\u00e7a<\/strong> : a falta de prote\u00e7\u00e3o de dados pode levar a viola\u00e7\u00f5es e penalidades.<\/li><\/ul><hr \/><h3>4. Dicas pr\u00e1ticas para garantir a conformidade efetiva<\/h3><ul><li><strong>Use uma ferramenta dedicada como o Viqtor\u00ae<\/strong> : uma plataforma GDPR permite automatizar auditorias e monitorar a conformidade em tempo real.<\/li><li><strong>Coloque um plano de a\u00e7\u00e3o em pr\u00e1tica<\/strong> : corrigir os desvios identificados durante a auditoria priorizando os riscos mais cr\u00edticos.<\/li><li><strong>Realizar auditorias regulares<\/strong> :A conformidade com o GDPR n\u00e3o \u00e9 um estado fixo, mas um processo cont\u00ednuo.<\/li><li><strong>Aumente a conscientiza\u00e7\u00e3o e envolva suas equipes<\/strong> : o treinamento dos funcion\u00e1rios \u00e9 fundamental para evitar erros humanos.<\/li><li><strong>Antecipar mudan\u00e7as regulat\u00f3rias<\/strong> : O GDPR est\u00e1 evoluindo e sua empresa precisa se adaptar constantemente.<\/li><\/ul><p>UM <b>Auditoria de conformidade com o RGPD<\/b> \u00e9 um passo essencial para garantir a prote\u00e7\u00e3o dos dados pessoais e evitar san\u00e7\u00f5es. Gra\u00e7as a uma <strong>Plataforma GDPR<\/strong> Com um especialista como a Viqtor\u00ae, voc\u00ea pode simplificar esse processo e garantir o monitoramento ideal da sua conformidade.<\/p><p>Precisa de suporte personalizado para o seu <b>Auditoria GDPR<\/b> ? Contato <b>Viqtor\u00ae<\/b> agora para se beneficiar de uma solu\u00e7\u00e3o personalizada.<\/p>\t\t\t\t\t\t<\/div>\n\t\t\t\t<\/div>\n\t\t\t\t\t<\/div>\n\t\t<\/div>\n\t\t\t\t\t<\/div>\n\t\t<\/section>\n\t\t\t\t<section class=\"elementor-section elementor-top-section elementor-element elementor-element-77edb27 ot-traditional elementor-section-boxed elementor-section-height-default elementor-section-height-default\" data-id=\"77edb27\" data-element_type=\"section\">\n\t\t\t\t\t\t<div class=\"elementor-container elementor-column-gap-default\">\n\t\t\t\t\t<div class=\"elementor-column elementor-col-100 elementor-top-column elementor-element elementor-element-72942a8 ot-flex-column-vertical\" data-id=\"72942a8\" data-element_type=\"column\">\n\t\t\t<div class=\"elementor-widget-wrap elementor-element-populated\">\n\t\t\t\t\t\t<div class=\"elementor-element elementor-element-0fcf018 elementor-widget elementor-widget-text-editor\" data-id=\"0fcf018\" data-element_type=\"widget\" data-widget_type=\"text-editor.default\">\n\t\t\t\t<div class=\"elementor-widget-container\">\n\t\t\t\t\t\t\t<div><div><div><div><p style=\"text-align: center;\"><span style=\"color: #000000;\"><strong>Baixe o guia completo gratuitamente:<\/strong><\/span><\/p><\/div><\/div><\/div><\/div>\t\t\t\t\t\t<\/div>\n\t\t\t\t<\/div>\n\t\t\t\t\t<\/div>\n\t\t<\/div>\n\t\t\t\t\t<\/div>\n\t\t<\/section>\n\t\t\t\t<section class=\"elementor-section elementor-top-section elementor-element elementor-element-7f22e0c ot-traditional elementor-section-boxed elementor-section-height-default elementor-section-height-default\" data-id=\"7f22e0c\" data-element_type=\"section\">\n\t\t\t\t\t\t<div class=\"elementor-container elementor-column-gap-default\">\n\t\t\t\t\t<div class=\"elementor-column elementor-col-100 elementor-top-column elementor-element elementor-element-d89bd3c ot-flex-column-vertical\" data-id=\"d89bd3c\" data-element_type=\"column\">\n\t\t\t<div class=\"elementor-widget-wrap elementor-element-populated\">\n\t\t\t\t\t\t<div class=\"elementor-element elementor-element-6220207 elementor-widget elementor-widget-text-editor\" data-id=\"6220207\" data-element_type=\"widget\" data-widget_type=\"text-editor.default\">\n\t\t\t\t<div class=\"elementor-widget-container\">\n\t\t\t\t\t\t\t<p><p><form method=\"post\" action=\"https:\/\/viqtor.eu\/wp-admin\/admin-ajax.php?action=tnp&amp;na=s\" class=\"tnp-subscription\" style=\"\">\n<input type=\"hidden\" name=\"nlang\" value=\"\">\n <div class=\"tnp-field tnp-field-email\"><label for=\"tnp-1\">E-mail<\/label>\n<input class=\"tnp-email\" type=\"email\" name=\"ne\" id=\"tnp-1\" value=\"\" placeholder=\"\" required><\/div>\n\u00a0<label> <input name=\"AGREE_TO_TERMS\" required=\"\" type=\"checkbox\" value=\"1\" \/> Autorizo o uso dos meus dados pessoais exclusivamente para o processamento da minha solicita\u00e7\u00e3o de download. Proibimos qualquer outro uso desses dados.<\/label> <label> <input name=\"AGREE_TO_TERMS\" required=\"\" type=\"checkbox\" value=\"1\" \/>Concordo em receber informa\u00e7\u00f5es peri\u00f3dicas sobre as ofertas de servi\u00e7os da Viqtor.<\/label>\u00a0 \u00a0 \u00a0 \u00a0 \u00a0 \u00a0 \u00a0 \u00a0 \u00a0 \u00a0 \u00a0 \u00a0 \u00a0 \u00a0 \u00a0 \u00a0 \u00a0 \u00a0 \u00a0 \u00a0 <div class=\"tnp-field tnp-field-button\" style=\"text-align: left\"><input class=\"tnp-submit\" type=\"submit\" value=\"Receba o guia\" style=\"\">\n<\/div>\n<\/form><\/p><\/p>\t\t\t\t\t\t<\/div>\n\t\t\t\t<\/div>\n\t\t\t\t\t<\/div>\n\t\t<\/div>\n\t\t\t\t\t<\/div>\n\t\t<\/section>\n\t\t\t\t<\/div>","protected":false},"excerpt":{"rendered":"<p>\/\/ La plateforme Viqtor\u00ae Viqtor\u00ae : guide complet sur l\u2019audit de conformit\u00e9 RGPD Le R\u00e8glement g\u00e9n\u00e9ral sur la protection des donn\u00e9es (RGPD) est un cadre juridique qui impose aux entreprises et organisations de garantir la protection des donn\u00e9es personnelles des citoyens de l&rsquo;Union europ\u00e9enne. R\u00e9aliser un audit de conformit\u00e9 RGPD est une \u00e9tape essentielle pour [&hellip;]<\/p>","protected":false},"author":1,"featured_media":0,"parent":0,"menu_order":0,"comment_status":"closed","ping_status":"closed","template":"","meta":{"_acf_changed":false,"footnotes":""},"class_list":["post-12636","page","type-page","status-publish","hentry"],"acf":[],"yoast_head":"<!-- This site is optimized with the Yoast SEO plugin v23.6 - https:\/\/yoast.com\/wordpress\/plugins\/seo\/ -->\n<title>Guide sur l\u2019audit de conformit\u00e9 RGPD - Viqtor<\/title>\n<meta name=\"description\" content=\"Guide complet sur l\u2019audit de conformit\u00e9 RGPD : \u00e9tapes cl\u00e9s, bonnes pratiques et conseils pour assurer la protection des donn\u00e9es et la conformit\u00e9 RGPD.\" \/>\n<meta name=\"robots\" content=\"index, follow, max-snippet:-1, max-image-preview:large, max-video-preview:-1\" \/>\n<link rel=\"canonical\" href=\"https:\/\/viqtor.eu\/pt\/guide-sur-laudit-de-conformite-rgpd\/\" \/>\n<meta property=\"og:locale\" content=\"pt_PT\" \/>\n<meta property=\"og:type\" content=\"article\" \/>\n<meta property=\"og:title\" content=\"Guide sur l\u2019audit de conformit\u00e9 RGPD - Viqtor\" \/>\n<meta property=\"og:description\" content=\"Guide complet sur l\u2019audit de conformit\u00e9 RGPD : \u00e9tapes cl\u00e9s, bonnes pratiques et conseils pour assurer la protection des donn\u00e9es et la conformit\u00e9 RGPD.\" \/>\n<meta property=\"og:url\" content=\"https:\/\/viqtor.eu\/pt\/guide-sur-laudit-de-conformite-rgpd\/\" \/>\n<meta property=\"og:site_name\" content=\"Viqtor\" \/>\n<meta property=\"article:modified_time\" content=\"2025-02-17T12:23:40+00:00\" \/>\n<meta property=\"og:image\" content=\"https:\/\/viqtor.eu\/wp-content\/uploads\/2026\/04\/widget-viqtor.png\" \/>\n\t<meta property=\"og:image:width\" content=\"2880\" \/>\n\t<meta property=\"og:image:height\" content=\"1642\" \/>\n\t<meta property=\"og:image:type\" content=\"image\/png\" \/>\n<meta name=\"twitter:card\" content=\"summary_large_image\" \/>\n<meta name=\"twitter:label1\" content=\"Tempo estimado de leitura\" \/>\n\t<meta name=\"twitter:data1\" content=\"4 minutos\" \/>\n<script type=\"application\/ld+json\" class=\"yoast-schema-graph\">{\"@context\":\"https:\/\/schema.org\",\"@graph\":[{\"@type\":\"WebPage\",\"@id\":\"https:\/\/viqtor.eu\/guide-sur-laudit-de-conformite-rgpd\/\",\"url\":\"https:\/\/viqtor.eu\/guide-sur-laudit-de-conformite-rgpd\/\",\"name\":\"Guide sur l\u2019audit de conformit\u00e9 RGPD - Viqtor\",\"isPartOf\":{\"@id\":\"https:\/\/viqtor.eu\/#website\"},\"primaryImageOfPage\":{\"@id\":\"https:\/\/viqtor.eu\/guide-sur-laudit-de-conformite-rgpd\/#primaryimage\"},\"image\":{\"@id\":\"https:\/\/viqtor.eu\/guide-sur-laudit-de-conformite-rgpd\/#primaryimage\"},\"thumbnailUrl\":\"https:\/\/viqtor.eu\/wp-content\/uploads\/2024\/06\/Dashboard-copie-1024x584.png\",\"datePublished\":\"2025-02-11T12:29:59+00:00\",\"dateModified\":\"2025-02-17T12:23:40+00:00\",\"description\":\"Guide complet sur l\u2019audit de conformit\u00e9 RGPD : \u00e9tapes cl\u00e9s, bonnes pratiques et conseils pour assurer la protection des donn\u00e9es et la conformit\u00e9 RGPD.\",\"breadcrumb\":{\"@id\":\"https:\/\/viqtor.eu\/guide-sur-laudit-de-conformite-rgpd\/#breadcrumb\"},\"inLanguage\":\"pt-PT\",\"potentialAction\":[{\"@type\":\"ReadAction\",\"target\":[\"https:\/\/viqtor.eu\/guide-sur-laudit-de-conformite-rgpd\/\"]}]},{\"@type\":\"ImageObject\",\"inLanguage\":\"pt-PT\",\"@id\":\"https:\/\/viqtor.eu\/guide-sur-laudit-de-conformite-rgpd\/#primaryimage\",\"url\":\"https:\/\/viqtor.eu\/wp-content\/uploads\/2024\/06\/Dashboard-copie-1024x584.png\",\"contentUrl\":\"https:\/\/viqtor.eu\/wp-content\/uploads\/2024\/06\/Dashboard-copie-1024x584.png\"},{\"@type\":\"BreadcrumbList\",\"@id\":\"https:\/\/viqtor.eu\/guide-sur-laudit-de-conformite-rgpd\/#breadcrumb\",\"itemListElement\":[{\"@type\":\"ListItem\",\"position\":1,\"name\":\"Accueil\",\"item\":\"https:\/\/viqtor.eu\/\"},{\"@type\":\"ListItem\",\"position\":2,\"name\":\"Guide sur l\u2019audit de conformit\u00e9 RGPD\"}]},{\"@type\":\"WebSite\",\"@id\":\"https:\/\/viqtor.eu\/#website\",\"url\":\"https:\/\/viqtor.eu\/\",\"name\":\"Viqtor\",\"description\":\"Faites du RGPD une opportunit\u00e9 pour votre entreprise.\",\"publisher\":{\"@id\":\"https:\/\/viqtor.eu\/#organization\"},\"potentialAction\":[{\"@type\":\"SearchAction\",\"target\":{\"@type\":\"EntryPoint\",\"urlTemplate\":\"https:\/\/viqtor.eu\/?s={search_term_string}\"},\"query-input\":{\"@type\":\"PropertyValueSpecification\",\"valueRequired\":true,\"valueName\":\"search_term_string\"}}],\"inLanguage\":\"pt-PT\"},{\"@type\":\"Organization\",\"@id\":\"https:\/\/viqtor.eu\/#organization\",\"name\":\"viqtor.eu\",\"url\":\"https:\/\/viqtor.eu\/\",\"logo\":{\"@type\":\"ImageObject\",\"inLanguage\":\"pt-PT\",\"@id\":\"https:\/\/viqtor.eu\/#\/schema\/logo\/image\/\",\"url\":\"https:\/\/viqtor.eu\/wp-content\/uploads\/2023\/06\/favicon-noir.svg\",\"contentUrl\":\"https:\/\/viqtor.eu\/wp-content\/uploads\/2023\/06\/favicon-noir.svg\",\"width\":108,\"height\":86,\"caption\":\"viqtor.eu\"},\"image\":{\"@id\":\"https:\/\/viqtor.eu\/#\/schema\/logo\/image\/\"}}]}<\/script>\n<!-- \/ Yoast SEO plugin. -->","yoast_head_json":{"title":"Guide sur l\u2019audit de conformit\u00e9 RGPD - Viqtor","description":"Guide complet sur l\u2019audit de conformit\u00e9 RGPD : \u00e9tapes cl\u00e9s, bonnes pratiques et conseils pour assurer la protection des donn\u00e9es et la conformit\u00e9 RGPD.","robots":{"index":"index","follow":"follow","max-snippet":"max-snippet:-1","max-image-preview":"max-image-preview:large","max-video-preview":"max-video-preview:-1"},"canonical":"https:\/\/viqtor.eu\/pt\/guide-sur-laudit-de-conformite-rgpd\/","og_locale":"pt_PT","og_type":"article","og_title":"Guide sur l\u2019audit de conformit\u00e9 RGPD - Viqtor","og_description":"Guide complet sur l\u2019audit de conformit\u00e9 RGPD : \u00e9tapes cl\u00e9s, bonnes pratiques et conseils pour assurer la protection des donn\u00e9es et la conformit\u00e9 RGPD.","og_url":"https:\/\/viqtor.eu\/pt\/guide-sur-laudit-de-conformite-rgpd\/","og_site_name":"Viqtor","article_modified_time":"2025-02-17T12:23:40+00:00","og_image":[{"width":2880,"height":1642,"url":"https:\/\/viqtor.eu\/wp-content\/uploads\/2026\/04\/widget-viqtor.png","type":"image\/png"}],"twitter_card":"summary_large_image","twitter_misc":{"Tempo estimado de leitura":"4 minutos"},"schema":{"@context":"https:\/\/schema.org","@graph":[{"@type":"WebPage","@id":"https:\/\/viqtor.eu\/guide-sur-laudit-de-conformite-rgpd\/","url":"https:\/\/viqtor.eu\/guide-sur-laudit-de-conformite-rgpd\/","name":"Guide sur l\u2019audit de conformit\u00e9 RGPD - Viqtor","isPartOf":{"@id":"https:\/\/viqtor.eu\/#website"},"primaryImageOfPage":{"@id":"https:\/\/viqtor.eu\/guide-sur-laudit-de-conformite-rgpd\/#primaryimage"},"image":{"@id":"https:\/\/viqtor.eu\/guide-sur-laudit-de-conformite-rgpd\/#primaryimage"},"thumbnailUrl":"https:\/\/viqtor.eu\/wp-content\/uploads\/2024\/06\/Dashboard-copie-1024x584.png","datePublished":"2025-02-11T12:29:59+00:00","dateModified":"2025-02-17T12:23:40+00:00","description":"Guide complet sur l\u2019audit de conformit\u00e9 RGPD : \u00e9tapes cl\u00e9s, bonnes pratiques et conseils pour assurer la protection des donn\u00e9es et la conformit\u00e9 RGPD.","breadcrumb":{"@id":"https:\/\/viqtor.eu\/guide-sur-laudit-de-conformite-rgpd\/#breadcrumb"},"inLanguage":"pt-PT","potentialAction":[{"@type":"ReadAction","target":["https:\/\/viqtor.eu\/guide-sur-laudit-de-conformite-rgpd\/"]}]},{"@type":"ImageObject","inLanguage":"pt-PT","@id":"https:\/\/viqtor.eu\/guide-sur-laudit-de-conformite-rgpd\/#primaryimage","url":"https:\/\/viqtor.eu\/wp-content\/uploads\/2024\/06\/Dashboard-copie-1024x584.png","contentUrl":"https:\/\/viqtor.eu\/wp-content\/uploads\/2024\/06\/Dashboard-copie-1024x584.png"},{"@type":"BreadcrumbList","@id":"https:\/\/viqtor.eu\/guide-sur-laudit-de-conformite-rgpd\/#breadcrumb","itemListElement":[{"@type":"ListItem","position":1,"name":"Accueil","item":"https:\/\/viqtor.eu\/"},{"@type":"ListItem","position":2,"name":"Guide sur l\u2019audit de conformit\u00e9 RGPD"}]},{"@type":"WebSite","@id":"https:\/\/viqtor.eu\/#website","url":"https:\/\/viqtor.eu\/","name":"Viqtor","description":"Faites du RGPD une opportunit\u00e9 pour votre entreprise.","publisher":{"@id":"https:\/\/viqtor.eu\/#organization"},"potentialAction":[{"@type":"SearchAction","target":{"@type":"EntryPoint","urlTemplate":"https:\/\/viqtor.eu\/?s={search_term_string}"},"query-input":{"@type":"PropertyValueSpecification","valueRequired":true,"valueName":"search_term_string"}}],"inLanguage":"pt-PT"},{"@type":"Organization","@id":"https:\/\/viqtor.eu\/#organization","name":"viqtor.eu","url":"https:\/\/viqtor.eu\/","logo":{"@type":"ImageObject","inLanguage":"pt-PT","@id":"https:\/\/viqtor.eu\/#\/schema\/logo\/image\/","url":"https:\/\/viqtor.eu\/wp-content\/uploads\/2023\/06\/favicon-noir.svg","contentUrl":"https:\/\/viqtor.eu\/wp-content\/uploads\/2023\/06\/favicon-noir.svg","width":108,"height":86,"caption":"viqtor.eu"},"image":{"@id":"https:\/\/viqtor.eu\/#\/schema\/logo\/image\/"}}]}},"_links":{"self":[{"href":"https:\/\/viqtor.eu\/pt\/wp-json\/wp\/v2\/pages\/12636","targetHints":{"allow":["GET"]}}],"collection":[{"href":"https:\/\/viqtor.eu\/pt\/wp-json\/wp\/v2\/pages"}],"about":[{"href":"https:\/\/viqtor.eu\/pt\/wp-json\/wp\/v2\/types\/page"}],"author":[{"embeddable":true,"href":"https:\/\/viqtor.eu\/pt\/wp-json\/wp\/v2\/users\/1"}],"replies":[{"embeddable":true,"href":"https:\/\/viqtor.eu\/pt\/wp-json\/wp\/v2\/comments?post=12636"}],"version-history":[{"count":30,"href":"https:\/\/viqtor.eu\/pt\/wp-json\/wp\/v2\/pages\/12636\/revisions"}],"predecessor-version":[{"id":12721,"href":"https:\/\/viqtor.eu\/pt\/wp-json\/wp\/v2\/pages\/12636\/revisions\/12721"}],"wp:attachment":[{"href":"https:\/\/viqtor.eu\/pt\/wp-json\/wp\/v2\/media?parent=12636"}],"curies":[{"name":"wp","href":"https:\/\/api.w.org\/{rel}","templated":true}]}}