{"id":8681,"date":"2023-07-04T11:16:49","date_gmt":"2023-07-04T11:16:49","guid":{"rendered":"https:\/\/viqtor.eu\/?page_id=8681"},"modified":"2023-08-31T15:34:24","modified_gmt":"2023-08-31T15:34:24","slug":"role-du-dpo","status":"publish","type":"page","link":"https:\/\/viqtor.eu\/nl\/role-du-dpo\/","title":{"rendered":"&#8230; r\u00f4le du dpo"},"content":{"rendered":"<div data-elementor-type=\"wp-page\" data-elementor-id=\"8681\" class=\"elementor elementor-8681\" data-elementor-post-type=\"page\">\n\t\t\t\t\t\t<section class=\"elementor-section elementor-top-section elementor-element elementor-element-34b7207 ot-traditional elementor-section-boxed elementor-section-height-default elementor-section-height-default\" data-id=\"34b7207\" data-element_type=\"section\">\n\t\t\t\t\t\t<div class=\"elementor-container elementor-column-gap-default\">\n\t\t\t\t\t<div class=\"elementor-column elementor-col-100 elementor-top-column elementor-element elementor-element-aa25a7f ot-flex-column-vertical\" data-id=\"aa25a7f\" data-element_type=\"column\">\n\t\t\t<div class=\"elementor-widget-wrap elementor-element-populated\">\n\t\t\t\t\t\t<div class=\"elementor-element elementor-element-20a0eab elementor-widget elementor-widget-text-editor\" data-id=\"20a0eab\" data-element_type=\"widget\" data-widget_type=\"text-editor.default\">\n\t\t\t\t<div class=\"elementor-widget-container\">\n\t\t\t\t\t\t\t<h1 style=\"text-align: center;\">De rol van de DPO: Garant voor de bescherming van persoonsgegevens<\/h1><p><span style=\"color: #000000;\">Op grond van de Algemene Verordening Gegevensbescherming (AVG) is de<a style=\"color: #000000;\" href=\"https:\/\/viqtor.eu\/nl\/mes-processus-rgpd\/\"> Functionaris voor gegevensbescherming<\/a> De functionaris voor gegevensbescherming (FG) bekleedt een cruciale positie. De FG is verantwoordelijk voor het waarborgen van de naleving van de privacywetgeving bij de verwerking van persoonsgegevens binnen een organisatie. In dit artikel gaan we dieper in op de essenti\u00eble rol van de FG, zijn\/haar belangrijkste verantwoordelijkheden en de impact ervan op de bescherming van persoonsgegevens.<\/span><\/p>\t\t\t\t\t\t<\/div>\n\t\t\t\t<\/div>\n\t\t\t\t\t<\/div>\n\t\t<\/div>\n\t\t\t\t\t<\/div>\n\t\t<\/section>\n\t\t\t\t<section class=\"elementor-section elementor-top-section elementor-element elementor-element-30e8ba3 ot-traditional elementor-section-boxed elementor-section-height-default elementor-section-height-default\" data-id=\"30e8ba3\" data-element_type=\"section\">\n\t\t\t\t\t\t<div class=\"elementor-container elementor-column-gap-default\">\n\t\t\t\t\t<div class=\"elementor-column elementor-col-100 elementor-top-column elementor-element elementor-element-e72c199 ot-flex-column-vertical\" data-id=\"e72c199\" data-element_type=\"column\">\n\t\t\t<div class=\"elementor-widget-wrap elementor-element-populated\">\n\t\t\t\t\t\t<section class=\"elementor-section elementor-inner-section elementor-element elementor-element-eb9b6ef elementor-section-content-middle ot-traditional elementor-section-boxed elementor-section-height-default elementor-section-height-default\" data-id=\"eb9b6ef\" data-element_type=\"section\">\n\t\t\t\t\t\t<div class=\"elementor-container elementor-column-gap-default\">\n\t\t\t\t\t<div class=\"elementor-column elementor-col-50 elementor-inner-column elementor-element elementor-element-fec129d ot-flex-column-vertical\" data-id=\"fec129d\" data-element_type=\"column\">\n\t\t\t<div class=\"elementor-widget-wrap elementor-element-populated\">\n\t\t\t\t\t\t<div class=\"elementor-element elementor-element-914332b elementor-widget elementor-widget-text-editor\" data-id=\"914332b\" data-element_type=\"widget\" data-widget_type=\"text-editor.default\">\n\t\t\t\t<div class=\"elementor-widget-container\">\n\t\t\t\t\t\t\t<h2>I. De DPO: een expert op het gebied van gegevensbescherming:<\/h2><p><span style=\"color: #000000;\">De DPO is een professional op het gebied van gegevensbescherming. Hij of zij beschikt over uitgebreide expertise op het gebied van wet- en regelgeving inzake gegevensbescherming, waaronder de AVG. De DPO adviseert de organisatie over best practices voor gegevensbescherming en zorgt voor continue naleving.<\/span><\/p>\t\t\t\t\t\t<\/div>\n\t\t\t\t<\/div>\n\t\t\t\t\t<\/div>\n\t\t<\/div>\n\t\t\t\t<div class=\"elementor-column elementor-col-50 elementor-inner-column elementor-element elementor-element-96f5aa0 ot-flex-column-vertical\" data-id=\"96f5aa0\" data-element_type=\"column\">\n\t\t\t<div class=\"elementor-widget-wrap elementor-element-populated\">\n\t\t\t\t\t\t<div class=\"elementor-element elementor-element-323deb6 elementor-widget__width-initial elementor-widget elementor-widget-image\" data-id=\"323deb6\" data-element_type=\"widget\" data-widget_type=\"image.default\">\n\t\t\t\t<div class=\"elementor-widget-container\">\n\t\t\t\t\t\t\t\t\t\t\t\t\t<img decoding=\"async\" src=\"https:\/\/viqtor.eu\/wp-content\/uploads\/2023\/07\/dpo-eu.jpg\" title=\"\" alt=\"DPO\" loading=\"lazy\" \/>\t\t\t\t\t\t\t\t\t\t\t\t\t<\/div>\n\t\t\t\t<\/div>\n\t\t\t\t\t<\/div>\n\t\t<\/div>\n\t\t\t\t\t<\/div>\n\t\t<\/section>\n\t\t\t\t\t<\/div>\n\t\t<\/div>\n\t\t\t\t\t<\/div>\n\t\t<\/section>\n\t\t\t\t<section class=\"elementor-section elementor-top-section elementor-element elementor-element-aa4b47d elementor-section-content-middle ot-traditional elementor-section-boxed elementor-section-height-default elementor-section-height-default\" data-id=\"aa4b47d\" data-element_type=\"section\">\n\t\t\t\t\t\t\t<div class=\"elementor-background-overlay\"><\/div>\n\t\t\t\t\t\t\t<div class=\"elementor-container elementor-column-gap-extended\">\n\t\t\t\t\t<div class=\"elementor-column elementor-col-100 elementor-top-column elementor-element elementor-element-5e7b92b ot-flex-column-vertical\" data-id=\"5e7b92b\" data-element_type=\"column\">\n\t\t\t<div class=\"elementor-widget-wrap elementor-element-populated\">\n\t\t\t\t\t\t<div class=\"elementor-element elementor-element-72485af elementor-widget__width-initial elementor-widget elementor-widget-text-editor\" data-id=\"72485af\" data-element_type=\"widget\" data-widget_type=\"text-editor.default\">\n\t\t\t\t<div class=\"elementor-widget-container\">\n\t\t\t\t\t\t\t<h3><span style=\"color: #000000;\">II. Belangrijkste verantwoordelijkheden van de DPO:<\/span><\/h3><p><span style=\"color: #000000;\">De DPO heeft verschillende belangrijke verantwoordelijkheden om de bescherming van persoonsgegevens binnen een organisatie te waarborgen. Ten eerste zijn zij verantwoordelijk voor het vergroten van het bewustzijn en het trainen van personeel over verplichtingen en best practices op het gebied van gegevensbescherming. Dit omvat het trainen van medewerkers in het verzamelen, verwerken en <a style=\"color: #000000;\" href=\"https:\/\/viqtor.eu\/nl\/mes-processus-rgpd\/\">bewaring van persoonsgegevens<\/a>.<\/span><\/p><p><span style=\"color: #000000;\">De DPO is vervolgens verantwoordelijk voor het adviseren van de organisatie over Data Protection Impact Assessments (DPIA&#039;s). Deze beoordelingen helpen bij het identificeren en beoordelen van risico&#039;s met betrekking tot gegevensverwerking en het implementeren van passende beveiligingsmaatregelen.<\/span><\/p><p><span style=\"color: #000000;\">De DPO speelt ook een centrale rol bij het beheer van beveiligingsincidenten en datalekken. Hij of zij is verantwoordelijk voor het melden van datalekken aan de relevante toezichthoudende autoriteiten binnen de vereiste termijn en het samenwerken met hen om deze datalekken aan te pakken.<\/span><\/p><p><span style=\"color: #000000;\">Ten slotte is de FG het eerste aanspreekpunt voor betrokkenen bij de gegevensverwerking. Hij\/zij is verantwoordelijk voor het waarborgen van de uitoefening van de rechten van betrokkenen, zoals het recht op inzage, het recht op rectificatie en het recht op gegevenswissing.<\/span><\/p><h4><span style=\"color: #000000;\">III. De impact van de DPO op de bescherming van persoonsgegevens:<\/span><\/h4><p><span style=\"color: #000000;\">De rol van de DPO heeft een aanzienlijke impact op de bescherming van persoonsgegevens binnen een organisatie. Ten eerste toont de aanwezigheid van een DPO de toewijding van de organisatie aan gegevensbescherming en schept het vertrouwen tussen individuen. Het geeft individuen een geruststellend gevoel te weten dat er iemand is die zich inzet voor de beveiliging van hun gegevens.<\/span><\/p><p><span style=\"color: #000000;\">Daarnaast speelt de DPO een belangrijke rol bij het voorkomen van datalekken. Met zijn of haar expertise kan de DPO potenti\u00eble risico&#039;s identificeren en passende beveiligingsmaatregelen nemen om deze te beperken. Dit verkleint het risico op datalekken aanzienlijk en beperkt de bijbehorende negatieve gevolgen.<\/span><\/p><p><span style=\"color: #000000;\">De DPO speelt ook een sleutelrol bij audits en inspecties van gegevensbeschermingsautoriteiten. Met zijn of haar expertise kan de DPO de communicatie met autoriteiten vergemakkelijken, op hun verzoeken reageren en de naleving van de regelgeving door de organisatie aantonen.<\/span><\/p><p><span style=\"color: #000000;\">Ten slotte is de DPO een strategische partner voor de organisatie. Hij of zij werkt nauw samen met verschillende interne stakeholders, zoals IT-, juridische en marketingteams, om ervoor te zorgen dat alle gegevensverwerkingsactiviteiten correct verlopen. <a style=\"color: #000000;\" href=\"https:\/\/viqtor.eu\/nl\/mes-processus-rgpd\/\">voldoet aan de AVG-vereisten<\/a>.<\/span><\/p>\t\t\t\t\t\t<\/div>\n\t\t\t\t<\/div>\n\t\t\t\t\t<\/div>\n\t\t<\/div>\n\t\t\t\t\t<\/div>\n\t\t<\/section>\n\t\t\t\t<section class=\"elementor-section elementor-top-section elementor-element elementor-element-f46331b elementor-section-content-middle ot-traditional elementor-section-boxed elementor-section-height-default elementor-section-height-default\" data-id=\"f46331b\" data-element_type=\"section\" data-settings=\"{&quot;background_background&quot;:&quot;classic&quot;}\">\n\t\t\t\t\t\t\t<div class=\"elementor-background-overlay\"><\/div>\n\t\t\t\t\t\t\t<div class=\"elementor-container elementor-column-gap-default\">\n\t\t\t\t\t<div class=\"elementor-column elementor-col-100 elementor-top-column elementor-element elementor-element-c1653f8 ot-column-items-center ot-flex-column-vertical\" data-id=\"c1653f8\" data-element_type=\"column\">\n\t\t\t<div class=\"elementor-widget-wrap elementor-element-populated\">\n\t\t\t\t\t\t<div class=\"elementor-element elementor-element-0b99088 elementor-widget__width-initial elementor-widget elementor-widget-iheading\" data-id=\"0b99088\" data-element_type=\"widget\" data-widget_type=\"iheading.default\">\n\t\t\t\t<div class=\"elementor-widget-container\">\n\t\t\t\t\t<div class=\"ot-heading\">\r\n\t        \t            <span>\/\/ MET VIQTOR\u00ae<\/span>\r\n\t        <p class=\"main-heading\">De rol van de DPO is essentieel voor het waarborgen van de bescherming van persoonsgegevens binnen een organisatie. Als expert op het gebied van gegevensbescherming speelt de DPO een sleutelrol in bewustwording, naleving en datarisicobeheer. Met zijn of haar specialistische vaardigheden helpt de DPO bij het opbouwen van individueel vertrouwen, het voorkomen van datalekken en het waarborgen van naleving van de regelgeving. Door een gekwalificeerde DPO aan te stellen en hem of haar de juiste verantwoordelijkheden te geven, kunnen organisaties ervoor zorgen dat de bescherming van persoonsgegevens een topprioriteit is.<\/p>\t    <\/div>\r\n\t    \t\t<\/div>\n\t\t\t\t<\/div>\n\t\t\t\t\t<\/div>\n\t\t<\/div>\n\t\t\t\t\t<\/div>\n\t\t<\/section>\n\t\t\t\t<section class=\"elementor-section elementor-top-section elementor-element elementor-element-c0ca5fe ot-traditional elementor-section-boxed elementor-section-height-default elementor-section-height-default\" data-id=\"c0ca5fe\" data-element_type=\"section\">\n\t\t\t\t\t\t<div class=\"elementor-container elementor-column-gap-default\">\n\t\t\t\t\t<div class=\"elementor-column elementor-col-100 elementor-top-column elementor-element elementor-element-de64556 ot-flex-column-vertical\" data-id=\"de64556\" data-element_type=\"column\">\n\t\t\t<div class=\"elementor-widget-wrap elementor-element-populated\">\n\t\t\t\t\t\t<div class=\"elementor-element elementor-element-31c9ab0 elementor-widget elementor-widget-text-editor\" data-id=\"31c9ab0\" data-element_type=\"widget\" data-widget_type=\"text-editor.default\">\n\t\t\t\t<div class=\"elementor-widget-container\">\n\t\t\t\t\t\t\t<p style=\"text-align: center;\"><a class=\"wp-block-button__link has-vivid-cyan-blue-background-color has-background has-text-align-center wp-element-button\" href=\"https:\/\/app.viqtor.eu\/\" target=\"_blank\" rel=\"noreferrer noopener\">Ontdek Viqtor<span style=\"color: #ffffff;\">\u00ae<\/span><\/a><\/p>\t\t\t\t\t\t<\/div>\n\t\t\t\t<\/div>\n\t\t\t\t\t<\/div>\n\t\t<\/div>\n\t\t\t\t\t<\/div>\n\t\t<\/section>\n\t\t\t\t<\/div>","protected":false},"excerpt":{"rendered":"<p>Le r\u00f4le du DPO : Garant de la protection des donn\u00e9es personnelles Dans le cadre du R\u00e8glement g\u00e9n\u00e9ral sur la protection des donn\u00e9es (RGPD), le Data Protection Officer (DPO) occupe une place cruciale. Le DPO est responsable de veiller \u00e0 la conformit\u00e9 des activit\u00e9s de traitement des donn\u00e9es personnelles au sein d&rsquo;une organisation. Dans cet [&hellip;]<\/p>","protected":false},"author":1,"featured_media":0,"parent":0,"menu_order":0,"comment_status":"closed","ping_status":"closed","template":"","meta":{"_acf_changed":false,"footnotes":""},"class_list":["post-8681","page","type-page","status-publish","hentry"],"acf":[],"yoast_head":"<!-- This site is optimized with the Yoast SEO plugin v23.6 - https:\/\/yoast.com\/wordpress\/plugins\/seo\/ -->\n<title>r\u00f4le du dpo - Viqtor<\/title>\n<meta name=\"description\" content=\"Le r\u00f4le du DPO : Garant de la protection des donn\u00e9es personnelles. D\u00e9couvrez la plateforme de mise en conformit\u00e9 RGPD Viqtor.\" \/>\n<meta name=\"robots\" content=\"index, follow, max-snippet:-1, max-image-preview:large, max-video-preview:-1\" \/>\n<link rel=\"canonical\" href=\"https:\/\/viqtor.eu\/nl\/role-du-dpo\/\" \/>\n<meta property=\"og:locale\" content=\"nl_NL\" \/>\n<meta property=\"og:type\" content=\"article\" \/>\n<meta property=\"og:title\" content=\"r\u00f4le du dpo - Viqtor\" \/>\n<meta property=\"og:description\" content=\"Le r\u00f4le du DPO : Garant de la protection des donn\u00e9es personnelles. D\u00e9couvrez la plateforme de mise en conformit\u00e9 RGPD Viqtor.\" \/>\n<meta property=\"og:url\" content=\"https:\/\/viqtor.eu\/nl\/role-du-dpo\/\" \/>\n<meta property=\"og:site_name\" content=\"Viqtor\" \/>\n<meta property=\"article:modified_time\" content=\"2023-08-31T15:34:24+00:00\" \/>\n<meta property=\"og:image\" content=\"https:\/\/viqtor.eu\/wp-content\/uploads\/2023\/07\/dpo-eu.jpg\" \/>\n<meta name=\"twitter:card\" content=\"summary_large_image\" \/>\n<meta name=\"twitter:label1\" content=\"Verwachte leestijd\" \/>\n\t<meta name=\"twitter:data1\" content=\"4 minuten\" \/>\n<script type=\"application\/ld+json\" class=\"yoast-schema-graph\">{\"@context\":\"https:\/\/schema.org\",\"@graph\":[{\"@type\":\"WebPage\",\"@id\":\"https:\/\/viqtor.eu\/role-du-dpo\/\",\"url\":\"https:\/\/viqtor.eu\/role-du-dpo\/\",\"name\":\"r\u00f4le du dpo - Viqtor\",\"isPartOf\":{\"@id\":\"https:\/\/viqtor.eu\/#website\"},\"primaryImageOfPage\":{\"@id\":\"https:\/\/viqtor.eu\/role-du-dpo\/#primaryimage\"},\"image\":{\"@id\":\"https:\/\/viqtor.eu\/role-du-dpo\/#primaryimage\"},\"thumbnailUrl\":\"https:\/\/viqtor.eu\/wp-content\/uploads\/2023\/07\/dpo-eu.jpg\",\"datePublished\":\"2023-07-04T11:16:49+00:00\",\"dateModified\":\"2023-08-31T15:34:24+00:00\",\"description\":\"Le r\u00f4le du DPO : Garant de la protection des donn\u00e9es personnelles. D\u00e9couvrez la plateforme de mise en conformit\u00e9 RGPD Viqtor.\",\"breadcrumb\":{\"@id\":\"https:\/\/viqtor.eu\/role-du-dpo\/#breadcrumb\"},\"inLanguage\":\"nl-NL\",\"potentialAction\":[{\"@type\":\"ReadAction\",\"target\":[\"https:\/\/viqtor.eu\/role-du-dpo\/\"]}]},{\"@type\":\"ImageObject\",\"inLanguage\":\"nl-NL\",\"@id\":\"https:\/\/viqtor.eu\/role-du-dpo\/#primaryimage\",\"url\":\"https:\/\/viqtor.eu\/wp-content\/uploads\/2023\/07\/dpo-eu.jpg\",\"contentUrl\":\"https:\/\/viqtor.eu\/wp-content\/uploads\/2023\/07\/dpo-eu.jpg\"},{\"@type\":\"BreadcrumbList\",\"@id\":\"https:\/\/viqtor.eu\/role-du-dpo\/#breadcrumb\",\"itemListElement\":[{\"@type\":\"ListItem\",\"position\":1,\"name\":\"Accueil\",\"item\":\"https:\/\/viqtor.eu\/\"},{\"@type\":\"ListItem\",\"position\":2,\"name\":\"&#8230; r\u00f4le du dpo\"}]},{\"@type\":\"WebSite\",\"@id\":\"https:\/\/viqtor.eu\/#website\",\"url\":\"https:\/\/viqtor.eu\/\",\"name\":\"Viqtor\",\"description\":\"Faites du RGPD une opportunit\u00e9 pour votre entreprise.\",\"publisher\":{\"@id\":\"https:\/\/viqtor.eu\/#organization\"},\"potentialAction\":[{\"@type\":\"SearchAction\",\"target\":{\"@type\":\"EntryPoint\",\"urlTemplate\":\"https:\/\/viqtor.eu\/?s={search_term_string}\"},\"query-input\":{\"@type\":\"PropertyValueSpecification\",\"valueRequired\":true,\"valueName\":\"search_term_string\"}}],\"inLanguage\":\"nl-NL\"},{\"@type\":\"Organization\",\"@id\":\"https:\/\/viqtor.eu\/#organization\",\"name\":\"viqtor.eu\",\"url\":\"https:\/\/viqtor.eu\/\",\"logo\":{\"@type\":\"ImageObject\",\"inLanguage\":\"nl-NL\",\"@id\":\"https:\/\/viqtor.eu\/#\/schema\/logo\/image\/\",\"url\":\"https:\/\/viqtor.eu\/wp-content\/uploads\/2023\/06\/favicon-noir.svg\",\"contentUrl\":\"https:\/\/viqtor.eu\/wp-content\/uploads\/2023\/06\/favicon-noir.svg\",\"width\":108,\"height\":86,\"caption\":\"viqtor.eu\"},\"image\":{\"@id\":\"https:\/\/viqtor.eu\/#\/schema\/logo\/image\/\"}}]}<\/script>\n<!-- \/ Yoast SEO plugin. -->","yoast_head_json":{"title":"r\u00f4le du dpo - Viqtor","description":"Le r\u00f4le du DPO : Garant de la protection des donn\u00e9es personnelles. D\u00e9couvrez la plateforme de mise en conformit\u00e9 RGPD Viqtor.","robots":{"index":"index","follow":"follow","max-snippet":"max-snippet:-1","max-image-preview":"max-image-preview:large","max-video-preview":"max-video-preview:-1"},"canonical":"https:\/\/viqtor.eu\/nl\/role-du-dpo\/","og_locale":"nl_NL","og_type":"article","og_title":"r\u00f4le du dpo - Viqtor","og_description":"Le r\u00f4le du DPO : Garant de la protection des donn\u00e9es personnelles. D\u00e9couvrez la plateforme de mise en conformit\u00e9 RGPD Viqtor.","og_url":"https:\/\/viqtor.eu\/nl\/role-du-dpo\/","og_site_name":"Viqtor","article_modified_time":"2023-08-31T15:34:24+00:00","og_image":[{"url":"https:\/\/viqtor.eu\/wp-content\/uploads\/2023\/07\/dpo-eu.jpg"}],"twitter_card":"summary_large_image","twitter_misc":{"Verwachte leestijd":"4 minuten"},"schema":{"@context":"https:\/\/schema.org","@graph":[{"@type":"WebPage","@id":"https:\/\/viqtor.eu\/role-du-dpo\/","url":"https:\/\/viqtor.eu\/role-du-dpo\/","name":"r\u00f4le du dpo - Viqtor","isPartOf":{"@id":"https:\/\/viqtor.eu\/#website"},"primaryImageOfPage":{"@id":"https:\/\/viqtor.eu\/role-du-dpo\/#primaryimage"},"image":{"@id":"https:\/\/viqtor.eu\/role-du-dpo\/#primaryimage"},"thumbnailUrl":"https:\/\/viqtor.eu\/wp-content\/uploads\/2023\/07\/dpo-eu.jpg","datePublished":"2023-07-04T11:16:49+00:00","dateModified":"2023-08-31T15:34:24+00:00","description":"Le r\u00f4le du DPO : Garant de la protection des donn\u00e9es personnelles. D\u00e9couvrez la plateforme de mise en conformit\u00e9 RGPD Viqtor.","breadcrumb":{"@id":"https:\/\/viqtor.eu\/role-du-dpo\/#breadcrumb"},"inLanguage":"nl-NL","potentialAction":[{"@type":"ReadAction","target":["https:\/\/viqtor.eu\/role-du-dpo\/"]}]},{"@type":"ImageObject","inLanguage":"nl-NL","@id":"https:\/\/viqtor.eu\/role-du-dpo\/#primaryimage","url":"https:\/\/viqtor.eu\/wp-content\/uploads\/2023\/07\/dpo-eu.jpg","contentUrl":"https:\/\/viqtor.eu\/wp-content\/uploads\/2023\/07\/dpo-eu.jpg"},{"@type":"BreadcrumbList","@id":"https:\/\/viqtor.eu\/role-du-dpo\/#breadcrumb","itemListElement":[{"@type":"ListItem","position":1,"name":"Accueil","item":"https:\/\/viqtor.eu\/"},{"@type":"ListItem","position":2,"name":"&#8230; r\u00f4le du dpo"}]},{"@type":"WebSite","@id":"https:\/\/viqtor.eu\/#website","url":"https:\/\/viqtor.eu\/","name":"Viqtor","description":"Faites du RGPD une opportunit\u00e9 pour votre entreprise.","publisher":{"@id":"https:\/\/viqtor.eu\/#organization"},"potentialAction":[{"@type":"SearchAction","target":{"@type":"EntryPoint","urlTemplate":"https:\/\/viqtor.eu\/?s={search_term_string}"},"query-input":{"@type":"PropertyValueSpecification","valueRequired":true,"valueName":"search_term_string"}}],"inLanguage":"nl-NL"},{"@type":"Organization","@id":"https:\/\/viqtor.eu\/#organization","name":"viqtor.eu","url":"https:\/\/viqtor.eu\/","logo":{"@type":"ImageObject","inLanguage":"nl-NL","@id":"https:\/\/viqtor.eu\/#\/schema\/logo\/image\/","url":"https:\/\/viqtor.eu\/wp-content\/uploads\/2023\/06\/favicon-noir.svg","contentUrl":"https:\/\/viqtor.eu\/wp-content\/uploads\/2023\/06\/favicon-noir.svg","width":108,"height":86,"caption":"viqtor.eu"},"image":{"@id":"https:\/\/viqtor.eu\/#\/schema\/logo\/image\/"}}]}},"_links":{"self":[{"href":"https:\/\/viqtor.eu\/nl\/wp-json\/wp\/v2\/pages\/8681","targetHints":{"allow":["GET"]}}],"collection":[{"href":"https:\/\/viqtor.eu\/nl\/wp-json\/wp\/v2\/pages"}],"about":[{"href":"https:\/\/viqtor.eu\/nl\/wp-json\/wp\/v2\/types\/page"}],"author":[{"embeddable":true,"href":"https:\/\/viqtor.eu\/nl\/wp-json\/wp\/v2\/users\/1"}],"replies":[{"embeddable":true,"href":"https:\/\/viqtor.eu\/nl\/wp-json\/wp\/v2\/comments?post=8681"}],"version-history":[{"count":13,"href":"https:\/\/viqtor.eu\/nl\/wp-json\/wp\/v2\/pages\/8681\/revisions"}],"predecessor-version":[{"id":9582,"href":"https:\/\/viqtor.eu\/nl\/wp-json\/wp\/v2\/pages\/8681\/revisions\/9582"}],"wp:attachment":[{"href":"https:\/\/viqtor.eu\/nl\/wp-json\/wp\/v2\/media?parent=8681"}],"curies":[{"name":"wp","href":"https:\/\/api.w.org\/{rel}","templated":true}]}}