{"id":8661,"date":"2023-07-03T09:34:22","date_gmt":"2023-07-03T09:34:22","guid":{"rendered":"https:\/\/viqtor.eu\/?page_id=8661"},"modified":"2023-08-31T15:33:03","modified_gmt":"2023-08-31T15:33:03","slug":"registre-de-traitement-france","status":"publish","type":"page","link":"https:\/\/viqtor.eu\/nl\/registre-de-traitement-france\/","title":{"rendered":"&#8230; registre de traitement France"},"content":{"rendered":"<div data-elementor-type=\"wp-page\" data-elementor-id=\"8661\" class=\"elementor elementor-8661\" data-elementor-post-type=\"page\">\n\t\t\t\t\t\t<section class=\"elementor-section elementor-top-section elementor-element elementor-element-34b7207 ot-traditional elementor-section-boxed elementor-section-height-default elementor-section-height-default\" data-id=\"34b7207\" data-element_type=\"section\">\n\t\t\t\t\t\t<div class=\"elementor-container elementor-column-gap-default\">\n\t\t\t\t\t<div class=\"elementor-column elementor-col-100 elementor-top-column elementor-element elementor-element-aa25a7f ot-flex-column-vertical\" data-id=\"aa25a7f\" data-element_type=\"column\">\n\t\t\t<div class=\"elementor-widget-wrap elementor-element-populated\">\n\t\t\t\t\t\t<div class=\"elementor-element elementor-element-20a0eab elementor-widget elementor-widget-text-editor\" data-id=\"20a0eab\" data-element_type=\"widget\" data-widget_type=\"text-editor.default\">\n\t\t\t\t<div class=\"elementor-widget-container\">\n\t\t\t\t\t\t\t<h1 style=\"text-align: center;\"><span style=\"color: #000000;\"><strong>Viqtor\u00ae \u2013 Vereenvoudig uw AVG-naleving met onze Franse verwerkingsregisterservice<\/strong><\/span><\/h1><p><span style=\"color: #000000;\">Wilt u ervoor zorgen dat uw bedrijf volledig voldoet aan de Algemene Verordening Gegevensbescherming (AVG)? Zoek niet verder! Ons Viqtor\u00ae AVG-complianceplatform biedt een uitgebreide service. <strong>Frankrijk behandelingsregister<\/strong> Uitgebreide en effici\u00ebnte gegevensbescherming om u te ondersteunen in dit cruciale proces. Ons team van gegevensbeschermingsexperts is gespecialiseerd in het aanmaken en beheren van AVG-conforme dossiers. Wij begrijpen hoe belangrijk het is om alle gegevensverwerking binnen uw organisatie te documenteren, of het nu gaat om klantgegevens, persoonsgegevens van werknemers of andere gevoelige informatie.<\/span><\/p><p><span style=\"color: #000000;\">Dankzij onze service van <strong><span style=\"color: #000000;\"><a style=\"color: #000000;\" href=\"https:\/\/viqtor.eu\/nl\/registre-de-traitement\/\">behandelregister<\/a><\/span> Frankrijk<\/strong> gegevens, bieden wij u de volgende voordelen:<\/span><\/p>\t\t\t\t\t\t<\/div>\n\t\t\t\t<\/div>\n\t\t\t\t\t<\/div>\n\t\t<\/div>\n\t\t\t\t\t<\/div>\n\t\t<\/section>\n\t\t\t\t<section class=\"elementor-section elementor-top-section elementor-element elementor-element-30e8ba3 ot-traditional elementor-section-boxed elementor-section-height-default elementor-section-height-default\" data-id=\"30e8ba3\" data-element_type=\"section\">\n\t\t\t\t\t\t<div class=\"elementor-container elementor-column-gap-default\">\n\t\t\t\t\t<div class=\"elementor-column elementor-col-100 elementor-top-column elementor-element elementor-element-e72c199 ot-flex-column-vertical\" data-id=\"e72c199\" data-element_type=\"column\">\n\t\t\t<div class=\"elementor-widget-wrap elementor-element-populated\">\n\t\t\t\t\t\t<section class=\"elementor-section elementor-inner-section elementor-element elementor-element-eb9b6ef elementor-section-content-middle ot-traditional elementor-section-boxed elementor-section-height-default elementor-section-height-default\" data-id=\"eb9b6ef\" data-element_type=\"section\">\n\t\t\t\t\t\t<div class=\"elementor-container elementor-column-gap-default\">\n\t\t\t\t\t<div class=\"elementor-column elementor-col-50 elementor-inner-column elementor-element elementor-element-fec129d ot-flex-column-vertical\" data-id=\"fec129d\" data-element_type=\"column\">\n\t\t\t<div class=\"elementor-widget-wrap elementor-element-populated\">\n\t\t\t\t\t\t<div class=\"elementor-element elementor-element-914332b elementor-widget elementor-widget-text-editor\" data-id=\"914332b\" data-element_type=\"widget\" data-widget_type=\"text-editor.default\">\n\t\t\t\t<div class=\"elementor-widget-container\">\n\t\t\t\t\t\t\t<h6><span style=\"color: #000000;\">1. Volledige naleving: <\/span><\/h6><p><span style=\"color: #000000;\">Wij helpen u bij het identificeren en documenteren van alle gegevensverwerkingen binnen uw organisatie, conform de AVG-vereisten. Onze rigoureuze aanpak zorgt ervoor dat u voldoet aan de belangrijkste beginselen van de verordening, zoals rechtmatigheid, transparantie en doelbinding.<\/span><\/p><h6><span style=\"color: #000000;\">2. Vereenvoudigd beheer: <\/span><\/h6><p><span style=\"color: #000000;\">Met ons gebruiksvriendelijke platform kunt u alle informatie met betrekking tot uw bedrijf eenvoudig centraliseren en beheren. <strong><span style=\"color: #000000;\"><a style=\"color: #000000;\" href=\"https:\/\/viqtor.eu\/nl\/registre-de-traitement\/\">behandelregister<\/a><\/span> Frankrijk<\/strong>Met een paar klikken kunt u records toevoegen, bewerken of verwijderen en op elk gewenst moment gedetailleerde rapporten genereren.<\/span><\/p>\t\t\t\t\t\t<\/div>\n\t\t\t\t<\/div>\n\t\t\t\t\t<\/div>\n\t\t<\/div>\n\t\t\t\t<div class=\"elementor-column elementor-col-50 elementor-inner-column elementor-element elementor-element-96f5aa0 ot-flex-column-vertical\" data-id=\"96f5aa0\" data-element_type=\"column\">\n\t\t\t<div class=\"elementor-widget-wrap elementor-element-populated\">\n\t\t\t\t\t\t<div class=\"elementor-element elementor-element-323deb6 elementor-widget__width-initial elementor-widget elementor-widget-image\" data-id=\"323deb6\" data-element_type=\"widget\" data-widget_type=\"image.default\">\n\t\t\t\t<div class=\"elementor-widget-container\">\n\t\t\t\t\t\t\t\t\t\t\t\t\t<img fetchpriority=\"high\" decoding=\"async\" width=\"1024\" height=\"1024\" src=\"https:\/\/viqtor.eu\/wp-content\/uploads\/2023\/07\/registre-de-traitement-1024x1024.jpg\" class=\"attachment-large size-large wp-image-8675\" alt=\"Registre de traitement RGPD France\" srcset=\"https:\/\/viqtor.eu\/wp-content\/uploads\/2023\/07\/registre-de-traitement-1024x1024.jpg 1024w, https:\/\/viqtor.eu\/wp-content\/uploads\/2023\/07\/registre-de-traitement-300x300.jpg 300w, https:\/\/viqtor.eu\/wp-content\/uploads\/2023\/07\/registre-de-traitement-150x150.jpg 150w, https:\/\/viqtor.eu\/wp-content\/uploads\/2023\/07\/registre-de-traitement-768x768.jpg 768w, https:\/\/viqtor.eu\/wp-content\/uploads\/2023\/07\/registre-de-traitement-1536x1536.jpg 1536w, https:\/\/viqtor.eu\/wp-content\/uploads\/2023\/07\/registre-de-traitement-2048x2048.jpg 2048w, https:\/\/viqtor.eu\/wp-content\/uploads\/2023\/07\/registre-de-traitement-720x720.jpg 720w\" sizes=\"(max-width: 1024px) 100vw, 1024px\" \/>\t\t\t\t\t\t\t\t\t\t\t\t\t<\/div>\n\t\t\t\t<\/div>\n\t\t\t\t\t<\/div>\n\t\t<\/div>\n\t\t\t\t\t<\/div>\n\t\t<\/section>\n\t\t\t\t\t<\/div>\n\t\t<\/div>\n\t\t\t\t\t<\/div>\n\t\t<\/section>\n\t\t\t\t<section class=\"elementor-section elementor-top-section elementor-element elementor-element-aa4b47d elementor-section-content-middle ot-traditional elementor-section-boxed elementor-section-height-default elementor-section-height-default\" data-id=\"aa4b47d\" data-element_type=\"section\">\n\t\t\t\t\t\t\t<div class=\"elementor-background-overlay\"><\/div>\n\t\t\t\t\t\t\t<div class=\"elementor-container elementor-column-gap-extended\">\n\t\t\t\t\t<div class=\"elementor-column elementor-col-50 elementor-top-column elementor-element elementor-element-8243aef elementor-hidden-tablet elementor-hidden-phone ot-column-items-top ot-flex-column-vertical\" data-id=\"8243aef\" data-element_type=\"column\" data-settings=\"{&quot;background_background&quot;:&quot;classic&quot;}\">\n\t\t\t<div class=\"elementor-widget-wrap elementor-element-populated\">\n\t\t\t\t\t\t<div class=\"elementor-element elementor-element-47e8a70 elementor-widget elementor-widget-image\" data-id=\"47e8a70\" data-element_type=\"widget\" data-widget_type=\"image.default\">\n\t\t\t\t<div class=\"elementor-widget-container\">\n\t\t\t\t\t\t\t\t\t\t\t\t\t<img decoding=\"async\" width=\"1024\" height=\"865\" src=\"https:\/\/viqtor.eu\/wp-content\/uploads\/2023\/07\/registre-de-traitement-des-donnees-1024x865.jpg\" class=\"attachment-large size-large wp-image-8676\" alt=\"registre de traitement\" srcset=\"https:\/\/viqtor.eu\/wp-content\/uploads\/2023\/07\/registre-de-traitement-des-donnees-1024x865.jpg 1024w, https:\/\/viqtor.eu\/wp-content\/uploads\/2023\/07\/registre-de-traitement-des-donnees-300x253.jpg 300w, https:\/\/viqtor.eu\/wp-content\/uploads\/2023\/07\/registre-de-traitement-des-donnees-768x649.jpg 768w, https:\/\/viqtor.eu\/wp-content\/uploads\/2023\/07\/registre-de-traitement-des-donnees-1536x1297.jpg 1536w, https:\/\/viqtor.eu\/wp-content\/uploads\/2023\/07\/registre-de-traitement-des-donnees-2048x1729.jpg 2048w, https:\/\/viqtor.eu\/wp-content\/uploads\/2023\/07\/registre-de-traitement-des-donnees-720x608.jpg 720w\" sizes=\"(max-width: 1024px) 100vw, 1024px\" \/>\t\t\t\t\t\t\t\t\t\t\t\t\t<\/div>\n\t\t\t\t<\/div>\n\t\t\t\t\t<\/div>\n\t\t<\/div>\n\t\t\t\t<div class=\"elementor-column elementor-col-50 elementor-top-column elementor-element elementor-element-5e7b92b ot-flex-column-vertical\" data-id=\"5e7b92b\" data-element_type=\"column\">\n\t\t\t<div class=\"elementor-widget-wrap elementor-element-populated\">\n\t\t\t\t\t\t<div class=\"elementor-element elementor-element-72485af elementor-widget__width-initial elementor-widget elementor-widget-text-editor\" data-id=\"72485af\" data-element_type=\"widget\" data-widget_type=\"text-editor.default\">\n\t\t\t\t<div class=\"elementor-widget-container\">\n\t\t\t\t\t\t\t<h6><span style=\"color: #000000;\">3. Monitoring van de ontwikkelingen: <\/span><\/h6><p><span style=\"color: #000000;\">De AVG is een regelgeving die voortdurend evolueert en wij zorgen ervoor dat uw gegevens altijd up-to-date zijn. We houden u op de hoogte van belangrijke wetswijzigingen en nieuwe verplichtingen inzake gegevensbescherming, zodat u te allen tijde aan de regelgeving kunt voldoen.<\/span><\/p><h6><span style=\"color: #000000;\">4. Vertrouwelijkheid en veiligheid: <\/span><\/h6><p><span style=\"color: #000000;\">Wij nemen de privacy en veiligheid van uw gegevens zeer serieus. Ons platform maakt gebruik van geavanceerde encryptieprotocollen en robuuste beveiligingen om de vertrouwelijkheid van opgeslagen informatie te waarborgen.<\/span><\/p><h6>5. Deskundige ondersteuning:<\/h6><p><span style=\"color: #000000;\">Ons team van specialisten staat klaar om al uw vragen te beantwoorden en technische en wettelijke ondersteuning te bieden. We zetten ons in om u te ondersteunen tijdens uw AVG-naleving en u te helpen bij het overwinnen van uitdagingen op het gebied van gegevensbescherming.<\/span><\/p>\t\t\t\t\t\t<\/div>\n\t\t\t\t<\/div>\n\t\t\t\t\t<\/div>\n\t\t<\/div>\n\t\t\t\t\t<\/div>\n\t\t<\/section>\n\t\t\t\t<section class=\"elementor-section elementor-top-section elementor-element elementor-element-f46331b elementor-section-content-middle ot-traditional elementor-section-boxed elementor-section-height-default elementor-section-height-default\" data-id=\"f46331b\" data-element_type=\"section\" data-settings=\"{&quot;background_background&quot;:&quot;classic&quot;}\">\n\t\t\t\t\t\t\t<div class=\"elementor-background-overlay\"><\/div>\n\t\t\t\t\t\t\t<div class=\"elementor-container elementor-column-gap-default\">\n\t\t\t\t\t<div class=\"elementor-column elementor-col-100 elementor-top-column elementor-element elementor-element-c1653f8 ot-column-items-center ot-flex-column-vertical\" data-id=\"c1653f8\" data-element_type=\"column\">\n\t\t\t<div class=\"elementor-widget-wrap elementor-element-populated\">\n\t\t\t\t\t\t<div class=\"elementor-element elementor-element-0b99088 elementor-widget__width-initial elementor-widget elementor-widget-iheading\" data-id=\"0b99088\" data-element_type=\"widget\" data-widget_type=\"iheading.default\">\n\t\t\t\t<div class=\"elementor-widget-container\">\n\t\t\t\t\t<div class=\"ot-heading\">\r\n\t        \t            <span>\/\/ MET VIQTOR\u00ae<\/span>\r\n\t        <p class=\"main-heading\">Neem geen enkel risico met AVG-naleving. Vertrouw op onze Franse dienst voor gegevensverwerkingsregistratie om ervoor te zorgen dat uw bedrijf voldoet aan de strengste eisen op het gebied van gegevensbescherming. Neem vandaag nog contact met ons op voor meer informatie en om te beginnen met uw nalevingstraject.<\/p>\t    <\/div>\r\n\t    \t\t<\/div>\n\t\t\t\t<\/div>\n\t\t\t\t\t<\/div>\n\t\t<\/div>\n\t\t\t\t\t<\/div>\n\t\t<\/section>\n\t\t\t\t<section class=\"elementor-section elementor-top-section elementor-element elementor-element-c0ca5fe ot-traditional elementor-section-boxed elementor-section-height-default elementor-section-height-default\" data-id=\"c0ca5fe\" data-element_type=\"section\">\n\t\t\t\t\t\t<div class=\"elementor-container elementor-column-gap-default\">\n\t\t\t\t\t<div class=\"elementor-column elementor-col-100 elementor-top-column elementor-element elementor-element-de64556 ot-flex-column-vertical\" data-id=\"de64556\" data-element_type=\"column\">\n\t\t\t<div class=\"elementor-widget-wrap elementor-element-populated\">\n\t\t\t\t\t\t<div class=\"elementor-element elementor-element-31c9ab0 elementor-widget elementor-widget-text-editor\" data-id=\"31c9ab0\" data-element_type=\"widget\" data-widget_type=\"text-editor.default\">\n\t\t\t\t<div class=\"elementor-widget-container\">\n\t\t\t\t\t\t\t<p style=\"text-align: center;\"><a class=\"wp-block-button__link has-vivid-cyan-blue-background-color has-background has-text-align-center wp-element-button\" href=\"https:\/\/app.viqtor.eu\/\" target=\"_blank\" rel=\"noreferrer noopener\">Ontdek Viqtor<span style=\"color: #ffffff;\">\u00ae<\/span><\/a><\/p>\t\t\t\t\t\t<\/div>\n\t\t\t\t<\/div>\n\t\t\t\t\t<\/div>\n\t\t<\/div>\n\t\t\t\t\t<\/div>\n\t\t<\/section>\n\t\t\t\t<\/div>","protected":false},"excerpt":{"rendered":"<p>Viqtor\u00ae\u00a0 \u2013 Simplifiez votre mise en conformit\u00e9 RGPD avec notre service de registre de traitement France Vous souhaitez vous assurer que votre entreprise est pleinement conforme au r\u00e8glement g\u00e9n\u00e9ral sur la protection des donn\u00e9es (RGPD) ? Ne cherchez pas plus loin ! Notre plateforme de mise en conformit\u00e9 RGPD Viqtor\u00ae propose une prestation de registre [&hellip;]<\/p>","protected":false},"author":1,"featured_media":0,"parent":0,"menu_order":0,"comment_status":"closed","ping_status":"closed","template":"","meta":{"_acf_changed":false,"footnotes":""},"class_list":["post-8661","page","type-page","status-publish","hentry"],"acf":[],"yoast_head":"<!-- This site is optimized with the Yoast SEO plugin v23.6 - https:\/\/yoast.com\/wordpress\/plugins\/seo\/ -->\n<title>registre de traitement France - Viqtor<\/title>\n<meta name=\"description\" content=\"Simplifiez votre mise en conformit\u00e9 RGPD avec notre service de registre des traitements France des donn\u00e9es. D\u00e9couvrez la plateforme Viqtor.\" \/>\n<meta name=\"robots\" content=\"index, follow, max-snippet:-1, max-image-preview:large, max-video-preview:-1\" \/>\n<link rel=\"canonical\" href=\"https:\/\/viqtor.eu\/nl\/registre-de-traitement-france\/\" \/>\n<meta property=\"og:locale\" content=\"nl_NL\" \/>\n<meta property=\"og:type\" content=\"article\" \/>\n<meta property=\"og:title\" content=\"registre de traitement France - Viqtor\" \/>\n<meta property=\"og:description\" content=\"Simplifiez votre mise en conformit\u00e9 RGPD avec notre service de registre des traitements France des donn\u00e9es. D\u00e9couvrez la plateforme Viqtor.\" \/>\n<meta property=\"og:url\" content=\"https:\/\/viqtor.eu\/nl\/registre-de-traitement-france\/\" \/>\n<meta property=\"og:site_name\" content=\"Viqtor\" \/>\n<meta property=\"article:modified_time\" content=\"2023-08-31T15:33:03+00:00\" \/>\n<meta property=\"og:image\" content=\"https:\/\/viqtor.eu\/wp-content\/uploads\/2026\/04\/widget-viqtor.png\" \/>\n<meta name=\"twitter:card\" content=\"summary_large_image\" \/>\n<meta name=\"twitter:label1\" content=\"Verwachte leestijd\" \/>\n\t<meta name=\"twitter:data1\" content=\"3 minuten\" \/>\n<script type=\"application\/ld+json\" class=\"yoast-schema-graph\">{\"@context\":\"https:\/\/schema.org\",\"@graph\":[{\"@type\":\"WebPage\",\"@id\":\"https:\/\/viqtor.eu\/registre-de-traitement-france\/\",\"url\":\"https:\/\/viqtor.eu\/registre-de-traitement-france\/\",\"name\":\"registre de traitement France - Viqtor\",\"isPartOf\":{\"@id\":\"https:\/\/viqtor.eu\/#website\"},\"primaryImageOfPage\":{\"@id\":\"https:\/\/viqtor.eu\/registre-de-traitement-france\/#primaryimage\"},\"image\":{\"@id\":\"https:\/\/viqtor.eu\/registre-de-traitement-france\/#primaryimage\"},\"thumbnailUrl\":\"https:\/\/viqtor.eu\/wp-content\/uploads\/2023\/07\/registre-de-traitement-1024x1024.jpg\",\"datePublished\":\"2023-07-03T09:34:22+00:00\",\"dateModified\":\"2023-08-31T15:33:03+00:00\",\"description\":\"Simplifiez votre mise en conformit\u00e9 RGPD avec notre service de registre des traitements France des donn\u00e9es. D\u00e9couvrez la plateforme Viqtor.\",\"breadcrumb\":{\"@id\":\"https:\/\/viqtor.eu\/registre-de-traitement-france\/#breadcrumb\"},\"inLanguage\":\"nl-NL\",\"potentialAction\":[{\"@type\":\"ReadAction\",\"target\":[\"https:\/\/viqtor.eu\/registre-de-traitement-france\/\"]}]},{\"@type\":\"ImageObject\",\"inLanguage\":\"nl-NL\",\"@id\":\"https:\/\/viqtor.eu\/registre-de-traitement-france\/#primaryimage\",\"url\":\"https:\/\/viqtor.eu\/wp-content\/uploads\/2023\/07\/registre-de-traitement-1024x1024.jpg\",\"contentUrl\":\"https:\/\/viqtor.eu\/wp-content\/uploads\/2023\/07\/registre-de-traitement-1024x1024.jpg\"},{\"@type\":\"BreadcrumbList\",\"@id\":\"https:\/\/viqtor.eu\/registre-de-traitement-france\/#breadcrumb\",\"itemListElement\":[{\"@type\":\"ListItem\",\"position\":1,\"name\":\"Accueil\",\"item\":\"https:\/\/viqtor.eu\/\"},{\"@type\":\"ListItem\",\"position\":2,\"name\":\"&#8230; registre de traitement France\"}]},{\"@type\":\"WebSite\",\"@id\":\"https:\/\/viqtor.eu\/#website\",\"url\":\"https:\/\/viqtor.eu\/\",\"name\":\"Viqtor\",\"description\":\"Faites du RGPD une opportunit\u00e9 pour votre entreprise.\",\"publisher\":{\"@id\":\"https:\/\/viqtor.eu\/#organization\"},\"potentialAction\":[{\"@type\":\"SearchAction\",\"target\":{\"@type\":\"EntryPoint\",\"urlTemplate\":\"https:\/\/viqtor.eu\/?s={search_term_string}\"},\"query-input\":{\"@type\":\"PropertyValueSpecification\",\"valueRequired\":true,\"valueName\":\"search_term_string\"}}],\"inLanguage\":\"nl-NL\"},{\"@type\":\"Organization\",\"@id\":\"https:\/\/viqtor.eu\/#organization\",\"name\":\"viqtor.eu\",\"url\":\"https:\/\/viqtor.eu\/\",\"logo\":{\"@type\":\"ImageObject\",\"inLanguage\":\"nl-NL\",\"@id\":\"https:\/\/viqtor.eu\/#\/schema\/logo\/image\/\",\"url\":\"https:\/\/viqtor.eu\/wp-content\/uploads\/2023\/06\/favicon-noir.svg\",\"contentUrl\":\"https:\/\/viqtor.eu\/wp-content\/uploads\/2023\/06\/favicon-noir.svg\",\"width\":108,\"height\":86,\"caption\":\"viqtor.eu\"},\"image\":{\"@id\":\"https:\/\/viqtor.eu\/#\/schema\/logo\/image\/\"}}]}<\/script>\n<!-- \/ Yoast SEO plugin. -->","yoast_head_json":{"title":"registre de traitement France - Viqtor","description":"Simplifiez votre mise en conformit\u00e9 RGPD avec notre service de registre des traitements France des donn\u00e9es. D\u00e9couvrez la plateforme Viqtor.","robots":{"index":"index","follow":"follow","max-snippet":"max-snippet:-1","max-image-preview":"max-image-preview:large","max-video-preview":"max-video-preview:-1"},"canonical":"https:\/\/viqtor.eu\/nl\/registre-de-traitement-france\/","og_locale":"nl_NL","og_type":"article","og_title":"registre de traitement France - Viqtor","og_description":"Simplifiez votre mise en conformit\u00e9 RGPD avec notre service de registre des traitements France des donn\u00e9es. D\u00e9couvrez la plateforme Viqtor.","og_url":"https:\/\/viqtor.eu\/nl\/registre-de-traitement-france\/","og_site_name":"Viqtor","article_modified_time":"2023-08-31T15:33:03+00:00","og_image":[{"url":"https:\/\/viqtor.eu\/wp-content\/uploads\/2026\/04\/widget-viqtor.png"}],"twitter_card":"summary_large_image","twitter_misc":{"Verwachte leestijd":"3 minuten"},"schema":{"@context":"https:\/\/schema.org","@graph":[{"@type":"WebPage","@id":"https:\/\/viqtor.eu\/registre-de-traitement-france\/","url":"https:\/\/viqtor.eu\/registre-de-traitement-france\/","name":"registre de traitement France - Viqtor","isPartOf":{"@id":"https:\/\/viqtor.eu\/#website"},"primaryImageOfPage":{"@id":"https:\/\/viqtor.eu\/registre-de-traitement-france\/#primaryimage"},"image":{"@id":"https:\/\/viqtor.eu\/registre-de-traitement-france\/#primaryimage"},"thumbnailUrl":"https:\/\/viqtor.eu\/wp-content\/uploads\/2023\/07\/registre-de-traitement-1024x1024.jpg","datePublished":"2023-07-03T09:34:22+00:00","dateModified":"2023-08-31T15:33:03+00:00","description":"Simplifiez votre mise en conformit\u00e9 RGPD avec notre service de registre des traitements France des donn\u00e9es. D\u00e9couvrez la plateforme Viqtor.","breadcrumb":{"@id":"https:\/\/viqtor.eu\/registre-de-traitement-france\/#breadcrumb"},"inLanguage":"nl-NL","potentialAction":[{"@type":"ReadAction","target":["https:\/\/viqtor.eu\/registre-de-traitement-france\/"]}]},{"@type":"ImageObject","inLanguage":"nl-NL","@id":"https:\/\/viqtor.eu\/registre-de-traitement-france\/#primaryimage","url":"https:\/\/viqtor.eu\/wp-content\/uploads\/2023\/07\/registre-de-traitement-1024x1024.jpg","contentUrl":"https:\/\/viqtor.eu\/wp-content\/uploads\/2023\/07\/registre-de-traitement-1024x1024.jpg"},{"@type":"BreadcrumbList","@id":"https:\/\/viqtor.eu\/registre-de-traitement-france\/#breadcrumb","itemListElement":[{"@type":"ListItem","position":1,"name":"Accueil","item":"https:\/\/viqtor.eu\/"},{"@type":"ListItem","position":2,"name":"&#8230; registre de traitement France"}]},{"@type":"WebSite","@id":"https:\/\/viqtor.eu\/#website","url":"https:\/\/viqtor.eu\/","name":"Viqtor","description":"Faites du RGPD une opportunit\u00e9 pour votre entreprise.","publisher":{"@id":"https:\/\/viqtor.eu\/#organization"},"potentialAction":[{"@type":"SearchAction","target":{"@type":"EntryPoint","urlTemplate":"https:\/\/viqtor.eu\/?s={search_term_string}"},"query-input":{"@type":"PropertyValueSpecification","valueRequired":true,"valueName":"search_term_string"}}],"inLanguage":"nl-NL"},{"@type":"Organization","@id":"https:\/\/viqtor.eu\/#organization","name":"viqtor.eu","url":"https:\/\/viqtor.eu\/","logo":{"@type":"ImageObject","inLanguage":"nl-NL","@id":"https:\/\/viqtor.eu\/#\/schema\/logo\/image\/","url":"https:\/\/viqtor.eu\/wp-content\/uploads\/2023\/06\/favicon-noir.svg","contentUrl":"https:\/\/viqtor.eu\/wp-content\/uploads\/2023\/06\/favicon-noir.svg","width":108,"height":86,"caption":"viqtor.eu"},"image":{"@id":"https:\/\/viqtor.eu\/#\/schema\/logo\/image\/"}}]}},"_links":{"self":[{"href":"https:\/\/viqtor.eu\/nl\/wp-json\/wp\/v2\/pages\/8661","targetHints":{"allow":["GET"]}}],"collection":[{"href":"https:\/\/viqtor.eu\/nl\/wp-json\/wp\/v2\/pages"}],"about":[{"href":"https:\/\/viqtor.eu\/nl\/wp-json\/wp\/v2\/types\/page"}],"author":[{"embeddable":true,"href":"https:\/\/viqtor.eu\/nl\/wp-json\/wp\/v2\/users\/1"}],"replies":[{"embeddable":true,"href":"https:\/\/viqtor.eu\/nl\/wp-json\/wp\/v2\/comments?post=8661"}],"version-history":[{"count":16,"href":"https:\/\/viqtor.eu\/nl\/wp-json\/wp\/v2\/pages\/8661\/revisions"}],"predecessor-version":[{"id":9576,"href":"https:\/\/viqtor.eu\/nl\/wp-json\/wp\/v2\/pages\/8661\/revisions\/9576"}],"wp:attachment":[{"href":"https:\/\/viqtor.eu\/nl\/wp-json\/wp\/v2\/media?parent=8661"}],"curies":[{"name":"wp","href":"https:\/\/api.w.org\/{rel}","templated":true}]}}