{"id":7879,"date":"2023-05-30T11:01:00","date_gmt":"2023-05-30T11:01:00","guid":{"rendered":"https:\/\/viqtor.eu\/?page_id=7879"},"modified":"2023-08-31T15:28:28","modified_gmt":"2023-08-31T15:28:28","slug":"logiciel-rgpd-france","status":"publish","type":"page","link":"https:\/\/viqtor.eu\/nl\/logiciel-rgpd-france\/","title":{"rendered":"&#8230; logiciel RGPD France"},"content":{"rendered":"<div data-elementor-type=\"wp-page\" data-elementor-id=\"7879\" class=\"elementor elementor-7879\" data-elementor-post-type=\"page\">\n\t\t\t\t\t\t<section class=\"elementor-section elementor-top-section elementor-element elementor-element-82adcc4 ot-traditional elementor-section-boxed elementor-section-height-default elementor-section-height-default\" data-id=\"82adcc4\" data-element_type=\"section\">\n\t\t\t\t\t\t<div class=\"elementor-container elementor-column-gap-default\">\n\t\t\t\t\t<div class=\"elementor-column elementor-col-100 elementor-top-column elementor-element elementor-element-9bcd946 ot-flex-column-vertical\" data-id=\"9bcd946\" data-element_type=\"column\">\n\t\t\t<div class=\"elementor-widget-wrap elementor-element-populated\">\n\t\t\t\t\t\t<div class=\"elementor-element elementor-element-6dbd4d2 elementor-widget elementor-widget-text-editor\" data-id=\"6dbd4d2\" data-element_type=\"widget\" data-widget_type=\"text-editor.default\">\n\t\t\t\t<div class=\"elementor-widget-container\">\n\t\t\t\t\t\t\t<h1 style=\"text-align: center;\"><strong><span style=\"color: #000000;\">Viqtor\u00ae \u2013 uw toonaangevende AVG-software in Frankrijk<\/span> <\/strong><\/h1><p><span style=\"color: #000000;\">U zoekt een <strong>AVG-software<\/strong> <strong>Frankrijk<\/strong> Het Viqtor\u00ae-platform biedt u al jarenlang een breed scala aan diensten, namelijk: governance, verwerkingsregister, in kaart brengen van het data-ecosysteem, GDPR e-learning en onderaanneming... Omdat uw tevredenheid onze verantwoordelijkheid is, garanderen wij u een service die aan uw verwachtingen voldoet.<\/span><\/p><p><span style=\"color: #000000;\">Wij hebben alles wat u nodig hebt om succesvol te voldoen aan de regelgeving.<\/span><\/p><p><span style=\"color: #000000;\">Dankzij de nauwe relatie die we met onze klanten onderhouden, kunnen we uw behoeften en verwachtingen begrijpen en beter dan onze concurrenten perfect op uw verzoeken inspelen. <a style=\"color: #000000;\" href=\"https:\/\/viqtor.eu\/nl\/gouvernance-des-donnees\/\"><strong>AVG-software<\/strong><\/a> <strong>Frankrijk<\/strong> voor eenvoudige naleving.<\/span><\/p><p><span style=\"color: #000000;\">Wilt u meer weten over onze <strong>AVG-software Frankrijk<\/strong>Bel ons op <a href=\"tel:+33 1 89 71 16 20\">+33 1 89 71 16 20<\/a> Of vul het contactformulier in. We nemen zo snel mogelijk contact met u op.<\/span><\/p>\t\t\t\t\t\t<\/div>\n\t\t\t\t<\/div>\n\t\t\t\t\t<\/div>\n\t\t<\/div>\n\t\t\t\t\t<\/div>\n\t\t<\/section>\n\t\t\t\t<section class=\"elementor-section elementor-top-section elementor-element elementor-element-e3dd23d ot-traditional elementor-section-boxed elementor-section-height-default elementor-section-height-default\" data-id=\"e3dd23d\" data-element_type=\"section\" data-settings=\"{&quot;background_background&quot;:&quot;gradient&quot;}\">\n\t\t\t\t\t\t<div class=\"elementor-container elementor-column-gap-default\">\n\t\t\t\t\t<div class=\"elementor-column elementor-col-100 elementor-top-column elementor-element elementor-element-88f329a ot-flex-column-vertical\" data-id=\"88f329a\" data-element_type=\"column\">\n\t\t\t<div class=\"elementor-widget-wrap elementor-element-populated\">\n\t\t\t\t\t\t<div class=\"elementor-element elementor-element-f288187 elementor-widget elementor-widget-heading\" data-id=\"f288187\" data-element_type=\"widget\" data-widget_type=\"heading.default\">\n\t\t\t\t<div class=\"elementor-widget-container\">\n\t\t\t<h2 class=\"elementor-heading-title elementor-size-xl\">Vraag de expertise van onze GDPR Frankrijk software aan <\/h2>\t\t<\/div>\n\t\t\t\t<\/div>\n\t\t\t\t\t<\/div>\n\t\t<\/div>\n\t\t\t\t\t<\/div>\n\t\t<\/section>\n\t\t\t\t<section class=\"elementor-section elementor-top-section elementor-element elementor-element-30e8ba3 ot-traditional elementor-section-boxed elementor-section-height-default elementor-section-height-default\" data-id=\"30e8ba3\" data-element_type=\"section\">\n\t\t\t\t\t\t<div class=\"elementor-container elementor-column-gap-default\">\n\t\t\t\t\t<div class=\"elementor-column elementor-col-100 elementor-top-column elementor-element elementor-element-e72c199 ot-flex-column-vertical\" data-id=\"e72c199\" data-element_type=\"column\">\n\t\t\t<div class=\"elementor-widget-wrap elementor-element-populated\">\n\t\t\t\t\t\t<section class=\"elementor-section elementor-inner-section elementor-element elementor-element-eb9b6ef elementor-section-content-middle ot-traditional elementor-section-boxed elementor-section-height-default elementor-section-height-default\" data-id=\"eb9b6ef\" data-element_type=\"section\">\n\t\t\t\t\t\t<div class=\"elementor-container elementor-column-gap-default\">\n\t\t\t\t\t<div class=\"elementor-column elementor-col-50 elementor-inner-column elementor-element elementor-element-fec129d ot-flex-column-vertical\" data-id=\"fec129d\" data-element_type=\"column\">\n\t\t\t<div class=\"elementor-widget-wrap elementor-element-populated\">\n\t\t\t\t\t\t<div class=\"elementor-element elementor-element-914332b elementor-widget elementor-widget-text-editor\" data-id=\"914332b\" data-element_type=\"widget\" data-widget_type=\"text-editor.default\">\n\t\t\t\t<div class=\"elementor-widget-container\">\n\t\t\t\t\t\t\t<p><span style=\"color: #000000;\">Ontdekken <a style=\"color: #000000;\" href=\"https:\/\/app.viqtor.eu\/\">Viqtor\u00ae<\/a>, ons platform gewijd aan AVG-compliance. Onze ge\u00efntegreerde data governance-service biedt u een complete oplossing om volledige compliance en effici\u00ebnt beheer van uw data te garanderen!<\/span><\/p><p><span style=\"color: #000000;\">Wij zijn ons volledig bewust van het belang van gegevensbescherming en de uitdagingen waarmee bedrijven worden geconfronteerd bij het naleven van de Algemene Verordening Gegevensbescherming (AVG).<\/span><\/p><p><span style=\"color: #000000;\">.<\/span><\/p>\t\t\t\t\t\t<\/div>\n\t\t\t\t<\/div>\n\t\t\t\t\t<\/div>\n\t\t<\/div>\n\t\t\t\t<div class=\"elementor-column elementor-col-50 elementor-inner-column elementor-element elementor-element-96f5aa0 ot-flex-column-vertical\" data-id=\"96f5aa0\" data-element_type=\"column\">\n\t\t\t<div class=\"elementor-widget-wrap elementor-element-populated\">\n\t\t\t\t\t\t<div class=\"elementor-element elementor-element-323deb6 elementor-widget__width-initial elementor-widget elementor-widget-image\" data-id=\"323deb6\" data-element_type=\"widget\" data-widget_type=\"image.default\">\n\t\t\t\t<div class=\"elementor-widget-container\">\n\t\t\t\t\t\t\t\t\t\t\t\t\t<img decoding=\"async\" src=\"https:\/\/viqtor.eu\/wp-content\/uploads\/2023\/05\/pika-1684408645905-1x.png\" title=\"\" alt=\"la gouvernance  RGPD\" loading=\"lazy\" \/>\t\t\t\t\t\t\t\t\t\t\t\t\t<\/div>\n\t\t\t\t<\/div>\n\t\t\t\t\t<\/div>\n\t\t<\/div>\n\t\t\t\t\t<\/div>\n\t\t<\/section>\n\t\t\t\t<div class=\"elementor-element elementor-element-44435ae elementor-widget elementor-widget-text-editor\" data-id=\"44435ae\" data-element_type=\"widget\" data-widget_type=\"text-editor.default\">\n\t\t\t\t<div class=\"elementor-widget-container\">\n\t\t\t\t\t\t\t<p style=\"text-align: center;\"><a class=\"wp-block-button__link has-vivid-cyan-blue-background-color has-background has-text-align-center wp-element-button\" href=\"https:\/\/app.viqtor.eu\/\" target=\"_blank\" rel=\"noreferrer noopener\">Ontdek Viqtor<span style=\"color: #ffffff;\">\u00ae<\/span><\/a><\/p>\t\t\t\t\t\t<\/div>\n\t\t\t\t<\/div>\n\t\t\t\t\t<\/div>\n\t\t<\/div>\n\t\t\t\t\t<\/div>\n\t\t<\/section>\n\t\t\t\t<section class=\"elementor-section elementor-top-section elementor-element elementor-element-aa4b47d elementor-section-content-middle ot-traditional elementor-section-boxed elementor-section-height-default elementor-section-height-default\" data-id=\"aa4b47d\" data-element_type=\"section\">\n\t\t\t\t\t\t\t<div class=\"elementor-background-overlay\"><\/div>\n\t\t\t\t\t\t\t<div class=\"elementor-container elementor-column-gap-extended\">\n\t\t\t\t\t<div class=\"elementor-column elementor-col-50 elementor-top-column elementor-element elementor-element-8243aef elementor-hidden-tablet elementor-hidden-phone ot-column-items-top ot-flex-column-vertical\" data-id=\"8243aef\" data-element_type=\"column\" data-settings=\"{&quot;background_background&quot;:&quot;classic&quot;}\">\n\t\t\t<div class=\"elementor-widget-wrap elementor-element-populated\">\n\t\t\t\t\t\t<div class=\"elementor-element elementor-element-47e8a70 elementor-widget elementor-widget-image\" data-id=\"47e8a70\" data-element_type=\"widget\" data-widget_type=\"image.default\">\n\t\t\t\t<div class=\"elementor-widget-container\">\n\t\t\t\t\t\t\t\t\t\t\t\t\t<img fetchpriority=\"high\" decoding=\"async\" width=\"1020\" height=\"1024\" src=\"https:\/\/viqtor.eu\/wp-content\/uploads\/2023\/05\/politiques-de-confidentialite-RGPD-1020x1024.jpg\" class=\"attachment-large size-large wp-image-7860\" alt=\"politiques de confidentialit\u00e9\" srcset=\"https:\/\/viqtor.eu\/wp-content\/uploads\/2023\/05\/politiques-de-confidentialite-RGPD-1020x1024.jpg 1020w, https:\/\/viqtor.eu\/wp-content\/uploads\/2023\/05\/politiques-de-confidentialite-RGPD-300x300.jpg 300w, https:\/\/viqtor.eu\/wp-content\/uploads\/2023\/05\/politiques-de-confidentialite-RGPD-150x150.jpg 150w, https:\/\/viqtor.eu\/wp-content\/uploads\/2023\/05\/politiques-de-confidentialite-RGPD-768x771.jpg 768w, https:\/\/viqtor.eu\/wp-content\/uploads\/2023\/05\/politiques-de-confidentialite-RGPD-1530x1536.jpg 1530w, https:\/\/viqtor.eu\/wp-content\/uploads\/2023\/05\/politiques-de-confidentialite-RGPD-720x723.jpg 720w, https:\/\/viqtor.eu\/wp-content\/uploads\/2023\/05\/politiques-de-confidentialite-RGPD.jpg 1968w\" sizes=\"(max-width: 1020px) 100vw, 1020px\" \/>\t\t\t\t\t\t\t\t\t\t\t\t\t<\/div>\n\t\t\t\t<\/div>\n\t\t\t\t\t<\/div>\n\t\t<\/div>\n\t\t\t\t<div class=\"elementor-column elementor-col-50 elementor-top-column elementor-element elementor-element-5e7b92b ot-flex-column-vertical\" data-id=\"5e7b92b\" data-element_type=\"column\">\n\t\t\t<div class=\"elementor-widget-wrap elementor-element-populated\">\n\t\t\t\t\t\t<div class=\"elementor-element elementor-element-55cca91 elementor-widget__width-initial elementor-widget elementor-widget-iheading\" data-id=\"55cca91\" data-element_type=\"widget\" data-widget_type=\"iheading.default\">\n\t\t\t\t<div class=\"elementor-widget-container\">\n\t\t\t\t\t<div class=\"ot-heading\">\r\n\t        <h2 class=\"main-heading\">Vertrouw op onze AVG-software <\/h2>\t    <\/div>\r\n\t    \t\t<\/div>\n\t\t\t\t<\/div>\n\t\t\t\t<div class=\"elementor-element elementor-element-72485af elementor-widget__width-initial elementor-widget elementor-widget-text-editor\" data-id=\"72485af\" data-element_type=\"widget\" data-widget_type=\"text-editor.default\">\n\t\t\t\t<div class=\"elementor-widget-container\">\n\t\t\t\t\t\t\t<p><span style=\"color: #000000;\">Onze governance-service geeft u volledige controle over uw gevoelige gegevens. Met ons Viqtor\u00ae-platform kunt u elke fase van de gegevenscyclus volledig beheren, van verzameling tot opslag en verwijdering. U kunt een AVG-conform gegevensretentiebeleid opstellen, zodat gegevens alleen worden bewaard gedurende de noodzakelijke en wettelijk toegestane periode.<\/span><\/p>\t\t\t\t\t\t<\/div>\n\t\t\t\t<\/div>\n\t\t\t\t\t<\/div>\n\t\t<\/div>\n\t\t\t\t\t<\/div>\n\t\t<\/section>\n\t\t\t\t<section class=\"elementor-section elementor-top-section elementor-element elementor-element-f46331b elementor-section-content-middle ot-traditional elementor-section-boxed elementor-section-height-default elementor-section-height-default\" data-id=\"f46331b\" data-element_type=\"section\" data-settings=\"{&quot;background_background&quot;:&quot;classic&quot;}\">\n\t\t\t\t\t\t\t<div class=\"elementor-background-overlay\"><\/div>\n\t\t\t\t\t\t\t<div class=\"elementor-container elementor-column-gap-default\">\n\t\t\t\t\t<div class=\"elementor-column elementor-col-100 elementor-top-column elementor-element elementor-element-c1653f8 ot-column-items-center ot-flex-column-vertical\" data-id=\"c1653f8\" data-element_type=\"column\">\n\t\t\t<div class=\"elementor-widget-wrap elementor-element-populated\">\n\t\t\t\t\t\t<div class=\"elementor-element elementor-element-0b99088 elementor-widget__width-initial elementor-widget elementor-widget-iheading\" data-id=\"0b99088\" data-element_type=\"widget\" data-widget_type=\"iheading.default\">\n\t\t\t\t<div class=\"elementor-widget-container\">\n\t\t\t\t\t<div class=\"ot-heading\">\r\n\t        \t            <span>\/\/ MET VIQTOR\u00ae<\/span>\r\n\t        <h2 class=\"main-heading\">Wij ondersteunen u bij elke stap in het complianceproces, zodat u vol vertrouwen door het voortdurend veranderende regelgevingslandschap kunt navigeren.<\/h2>\t    <\/div>\r\n\t    \t\t<\/div>\n\t\t\t\t<\/div>\n\t\t\t\t\t<\/div>\n\t\t<\/div>\n\t\t\t\t\t<\/div>\n\t\t<\/section>\n\t\t\t\t<\/div>","protected":false},"excerpt":{"rendered":"<p>Viqtor\u00ae\u00a0 \u2013 votre logiciel RGPD France de r\u00e9f\u00e9rence Vous \u00eates \u00e0 la recherche d\u2019un logiciel RGPD France ? Depuis plusieurs ann\u00e9es, la plateforme Viqtor\u00ae vous propose une large gamme de services, \u00e0 savoir : la gouvernance, le registre de traitement, la cartographie de l\u2019\u00e9cosyst\u00e8me de la donn\u00e9e, le E-learning RGPD et le sous-traitant\u2026 Parce que [&hellip;]<\/p>","protected":false},"author":1,"featured_media":0,"parent":0,"menu_order":0,"comment_status":"closed","ping_status":"closed","template":"","meta":{"_acf_changed":false,"footnotes":""},"class_list":["post-7879","page","type-page","status-publish","hentry"],"acf":[],"yoast_head":"<!-- This site is optimized with the Yoast SEO plugin v23.6 - https:\/\/yoast.com\/wordpress\/plugins\/seo\/ -->\n<title>Votre logiciel RGPD France - Viqtor<\/title>\n<meta name=\"description\" content=\"Faites appel \u00e0 la plateforme Viqtor, votre logiciel DPO RGPD France de mise en conformit\u00e9, et profitez d\u2019un service irr\u00e9prochable.\" \/>\n<meta name=\"robots\" content=\"index, follow, max-snippet:-1, max-image-preview:large, max-video-preview:-1\" \/>\n<link rel=\"canonical\" href=\"https:\/\/viqtor.eu\/nl\/logiciel-rgpd-france\/\" \/>\n<meta property=\"og:locale\" content=\"nl_NL\" \/>\n<meta property=\"og:type\" content=\"article\" \/>\n<meta property=\"og:title\" content=\"Votre logiciel RGPD France - Viqtor\" \/>\n<meta property=\"og:description\" content=\"Faites appel \u00e0 la plateforme Viqtor, votre logiciel DPO RGPD France de mise en conformit\u00e9, et profitez d\u2019un service irr\u00e9prochable.\" \/>\n<meta property=\"og:url\" content=\"https:\/\/viqtor.eu\/nl\/logiciel-rgpd-france\/\" \/>\n<meta property=\"og:site_name\" content=\"Viqtor\" \/>\n<meta property=\"article:modified_time\" content=\"2023-08-31T15:28:28+00:00\" \/>\n<meta property=\"og:image\" content=\"https:\/\/viqtor.eu\/wp-content\/uploads\/2026\/04\/widget-viqtor.png\" \/>\n<meta name=\"twitter:card\" content=\"summary_large_image\" \/>\n<meta name=\"twitter:label1\" content=\"Verwachte leestijd\" \/>\n\t<meta name=\"twitter:data1\" content=\"3 minuten\" \/>\n<script type=\"application\/ld+json\" class=\"yoast-schema-graph\">{\"@context\":\"https:\/\/schema.org\",\"@graph\":[{\"@type\":\"WebPage\",\"@id\":\"https:\/\/viqtor.eu\/logiciel-rgpd-france\/\",\"url\":\"https:\/\/viqtor.eu\/logiciel-rgpd-france\/\",\"name\":\"Votre logiciel RGPD France - Viqtor\",\"isPartOf\":{\"@id\":\"https:\/\/viqtor.eu\/#website\"},\"primaryImageOfPage\":{\"@id\":\"https:\/\/viqtor.eu\/logiciel-rgpd-france\/#primaryimage\"},\"image\":{\"@id\":\"https:\/\/viqtor.eu\/logiciel-rgpd-france\/#primaryimage\"},\"thumbnailUrl\":\"https:\/\/viqtor.eu\/wp-content\/uploads\/2023\/05\/pika-1684408645905-1x.png\",\"datePublished\":\"2023-05-30T11:01:00+00:00\",\"dateModified\":\"2023-08-31T15:28:28+00:00\",\"description\":\"Faites appel \u00e0 la plateforme Viqtor, votre logiciel DPO RGPD France de mise en conformit\u00e9, et profitez d\u2019un service irr\u00e9prochable.\",\"breadcrumb\":{\"@id\":\"https:\/\/viqtor.eu\/logiciel-rgpd-france\/#breadcrumb\"},\"inLanguage\":\"nl-NL\",\"potentialAction\":[{\"@type\":\"ReadAction\",\"target\":[\"https:\/\/viqtor.eu\/logiciel-rgpd-france\/\"]}]},{\"@type\":\"ImageObject\",\"inLanguage\":\"nl-NL\",\"@id\":\"https:\/\/viqtor.eu\/logiciel-rgpd-france\/#primaryimage\",\"url\":\"https:\/\/viqtor.eu\/wp-content\/uploads\/2023\/05\/pika-1684408645905-1x.png\",\"contentUrl\":\"https:\/\/viqtor.eu\/wp-content\/uploads\/2023\/05\/pika-1684408645905-1x.png\"},{\"@type\":\"BreadcrumbList\",\"@id\":\"https:\/\/viqtor.eu\/logiciel-rgpd-france\/#breadcrumb\",\"itemListElement\":[{\"@type\":\"ListItem\",\"position\":1,\"name\":\"Accueil\",\"item\":\"https:\/\/viqtor.eu\/\"},{\"@type\":\"ListItem\",\"position\":2,\"name\":\"&#8230; logiciel RGPD France\"}]},{\"@type\":\"WebSite\",\"@id\":\"https:\/\/viqtor.eu\/#website\",\"url\":\"https:\/\/viqtor.eu\/\",\"name\":\"Viqtor\",\"description\":\"Faites du RGPD une opportunit\u00e9 pour votre entreprise.\",\"publisher\":{\"@id\":\"https:\/\/viqtor.eu\/#organization\"},\"potentialAction\":[{\"@type\":\"SearchAction\",\"target\":{\"@type\":\"EntryPoint\",\"urlTemplate\":\"https:\/\/viqtor.eu\/?s={search_term_string}\"},\"query-input\":{\"@type\":\"PropertyValueSpecification\",\"valueRequired\":true,\"valueName\":\"search_term_string\"}}],\"inLanguage\":\"nl-NL\"},{\"@type\":\"Organization\",\"@id\":\"https:\/\/viqtor.eu\/#organization\",\"name\":\"viqtor.eu\",\"url\":\"https:\/\/viqtor.eu\/\",\"logo\":{\"@type\":\"ImageObject\",\"inLanguage\":\"nl-NL\",\"@id\":\"https:\/\/viqtor.eu\/#\/schema\/logo\/image\/\",\"url\":\"https:\/\/viqtor.eu\/wp-content\/uploads\/2023\/06\/favicon-noir.svg\",\"contentUrl\":\"https:\/\/viqtor.eu\/wp-content\/uploads\/2023\/06\/favicon-noir.svg\",\"width\":108,\"height\":86,\"caption\":\"viqtor.eu\"},\"image\":{\"@id\":\"https:\/\/viqtor.eu\/#\/schema\/logo\/image\/\"}}]}<\/script>\n<!-- \/ Yoast SEO plugin. -->","yoast_head_json":{"title":"Votre logiciel RGPD France - Viqtor","description":"Faites appel \u00e0 la plateforme Viqtor, votre logiciel DPO RGPD France de mise en conformit\u00e9, et profitez d\u2019un service irr\u00e9prochable.","robots":{"index":"index","follow":"follow","max-snippet":"max-snippet:-1","max-image-preview":"max-image-preview:large","max-video-preview":"max-video-preview:-1"},"canonical":"https:\/\/viqtor.eu\/nl\/logiciel-rgpd-france\/","og_locale":"nl_NL","og_type":"article","og_title":"Votre logiciel RGPD France - Viqtor","og_description":"Faites appel \u00e0 la plateforme Viqtor, votre logiciel DPO RGPD France de mise en conformit\u00e9, et profitez d\u2019un service irr\u00e9prochable.","og_url":"https:\/\/viqtor.eu\/nl\/logiciel-rgpd-france\/","og_site_name":"Viqtor","article_modified_time":"2023-08-31T15:28:28+00:00","og_image":[{"url":"https:\/\/viqtor.eu\/wp-content\/uploads\/2026\/04\/widget-viqtor.png"}],"twitter_card":"summary_large_image","twitter_misc":{"Verwachte leestijd":"3 minuten"},"schema":{"@context":"https:\/\/schema.org","@graph":[{"@type":"WebPage","@id":"https:\/\/viqtor.eu\/logiciel-rgpd-france\/","url":"https:\/\/viqtor.eu\/logiciel-rgpd-france\/","name":"Votre logiciel RGPD France - Viqtor","isPartOf":{"@id":"https:\/\/viqtor.eu\/#website"},"primaryImageOfPage":{"@id":"https:\/\/viqtor.eu\/logiciel-rgpd-france\/#primaryimage"},"image":{"@id":"https:\/\/viqtor.eu\/logiciel-rgpd-france\/#primaryimage"},"thumbnailUrl":"https:\/\/viqtor.eu\/wp-content\/uploads\/2023\/05\/pika-1684408645905-1x.png","datePublished":"2023-05-30T11:01:00+00:00","dateModified":"2023-08-31T15:28:28+00:00","description":"Faites appel \u00e0 la plateforme Viqtor, votre logiciel DPO RGPD France de mise en conformit\u00e9, et profitez d\u2019un service irr\u00e9prochable.","breadcrumb":{"@id":"https:\/\/viqtor.eu\/logiciel-rgpd-france\/#breadcrumb"},"inLanguage":"nl-NL","potentialAction":[{"@type":"ReadAction","target":["https:\/\/viqtor.eu\/logiciel-rgpd-france\/"]}]},{"@type":"ImageObject","inLanguage":"nl-NL","@id":"https:\/\/viqtor.eu\/logiciel-rgpd-france\/#primaryimage","url":"https:\/\/viqtor.eu\/wp-content\/uploads\/2023\/05\/pika-1684408645905-1x.png","contentUrl":"https:\/\/viqtor.eu\/wp-content\/uploads\/2023\/05\/pika-1684408645905-1x.png"},{"@type":"BreadcrumbList","@id":"https:\/\/viqtor.eu\/logiciel-rgpd-france\/#breadcrumb","itemListElement":[{"@type":"ListItem","position":1,"name":"Accueil","item":"https:\/\/viqtor.eu\/"},{"@type":"ListItem","position":2,"name":"&#8230; logiciel RGPD France"}]},{"@type":"WebSite","@id":"https:\/\/viqtor.eu\/#website","url":"https:\/\/viqtor.eu\/","name":"Viqtor","description":"Faites du RGPD une opportunit\u00e9 pour votre entreprise.","publisher":{"@id":"https:\/\/viqtor.eu\/#organization"},"potentialAction":[{"@type":"SearchAction","target":{"@type":"EntryPoint","urlTemplate":"https:\/\/viqtor.eu\/?s={search_term_string}"},"query-input":{"@type":"PropertyValueSpecification","valueRequired":true,"valueName":"search_term_string"}}],"inLanguage":"nl-NL"},{"@type":"Organization","@id":"https:\/\/viqtor.eu\/#organization","name":"viqtor.eu","url":"https:\/\/viqtor.eu\/","logo":{"@type":"ImageObject","inLanguage":"nl-NL","@id":"https:\/\/viqtor.eu\/#\/schema\/logo\/image\/","url":"https:\/\/viqtor.eu\/wp-content\/uploads\/2023\/06\/favicon-noir.svg","contentUrl":"https:\/\/viqtor.eu\/wp-content\/uploads\/2023\/06\/favicon-noir.svg","width":108,"height":86,"caption":"viqtor.eu"},"image":{"@id":"https:\/\/viqtor.eu\/#\/schema\/logo\/image\/"}}]}},"_links":{"self":[{"href":"https:\/\/viqtor.eu\/nl\/wp-json\/wp\/v2\/pages\/7879","targetHints":{"allow":["GET"]}}],"collection":[{"href":"https:\/\/viqtor.eu\/nl\/wp-json\/wp\/v2\/pages"}],"about":[{"href":"https:\/\/viqtor.eu\/nl\/wp-json\/wp\/v2\/types\/page"}],"author":[{"embeddable":true,"href":"https:\/\/viqtor.eu\/nl\/wp-json\/wp\/v2\/users\/1"}],"replies":[{"embeddable":true,"href":"https:\/\/viqtor.eu\/nl\/wp-json\/wp\/v2\/comments?post=7879"}],"version-history":[{"count":14,"href":"https:\/\/viqtor.eu\/nl\/wp-json\/wp\/v2\/pages\/7879\/revisions"}],"predecessor-version":[{"id":9566,"href":"https:\/\/viqtor.eu\/nl\/wp-json\/wp\/v2\/pages\/7879\/revisions\/9566"}],"wp:attachment":[{"href":"https:\/\/viqtor.eu\/nl\/wp-json\/wp\/v2\/media?parent=7879"}],"curies":[{"name":"wp","href":"https:\/\/api.w.org\/{rel}","templated":true}]}}