{"id":6522,"date":"2023-05-10T15:50:27","date_gmt":"2023-05-10T15:50:27","guid":{"rendered":"https:\/\/viqtor.eu\/?page_id=6522"},"modified":"2023-07-24T10:19:18","modified_gmt":"2023-07-24T10:19:18","slug":"mentions-legales","status":"publish","type":"page","link":"https:\/\/viqtor.eu\/nl\/mentions-legales\/","title":{"rendered":"Juridische mededelingen"},"content":{"rendered":"<div data-elementor-type=\"wp-page\" data-elementor-id=\"6522\" class=\"elementor elementor-6522\" data-elementor-post-type=\"page\">\n\t\t\t\t\t\t<section class=\"elementor-section elementor-top-section elementor-element elementor-element-747390f0 ot-traditional elementor-section-boxed elementor-section-height-default elementor-section-height-default\" data-id=\"747390f0\" data-element_type=\"section\">\n\t\t\t\t\t\t<div class=\"elementor-container elementor-column-gap-default\">\n\t\t\t\t\t<div class=\"elementor-column elementor-col-100 elementor-top-column elementor-element elementor-element-2fbcdc64 ot-flex-column-vertical\" data-id=\"2fbcdc64\" data-element_type=\"column\">\n\t\t\t<div class=\"elementor-widget-wrap elementor-element-populated\">\n\t\t\t\t\t\t<div class=\"elementor-element elementor-element-69294830 elementor-widget elementor-widget-text-editor\" data-id=\"69294830\" data-element_type=\"widget\" data-widget_type=\"text-editor.default\">\n\t\t\t\t<div class=\"elementor-widget-container\">\n\t\t\t\t\t\t\t<!-- wp:paragraph -->\n<p><\/p>\n<!-- \/wp:paragraph -->\n\n<!-- wp:list {\"ordered\":true} -->\n<ol><!-- wp:list-item -->\n<li><strong>PRESENTATIE VAN DE SITE.<\/strong><\/li>\n<!-- \/wp:list-item --><\/ol>\n<!-- \/wp:list -->\n\n<!-- wp:paragraph -->\n<p>Overeenkomstig artikel 6 van Wet nr. 2004-575 van 21 juni 2004 betreffende het vertrouwen in de digitale economie worden de gebruikers van de site https:\/\/viqtor.eu ge\u00efnformeerd over de identiteit van de verschillende partijen die betrokken zijn bij de creatie en het toezicht ervan:<\/p>\n<!-- \/wp:paragraph -->\n\n<!-- wp:paragraph -->\n<p>Eigenaar: DBWO<\/p>\n<!-- \/wp:paragraph -->\n\n<!-- wp:paragraph -->\n<p>Schepper: ACTIVATION \/ VENISE HBA, SAS met een kapitaal van \u20ac 37.000 RCS NANTERRE 350 130 019, 37\/41 rue Fernand PELLOUTIER \u2013 92100 BOULOGNE-BILLANCOURT<\/p>\n<!-- \/wp:paragraph -->\n\n<!-- wp:paragraph -->\n<p>Publicatiemanager: Bruno Dumay<\/p>\n<!-- \/wp:paragraph -->\n\n<!-- wp:paragraph -->\n<p>Gastheer: OVH SAS met een kapitaal van \u20ac 10.069.020 \u2013 RCS Lille M\u00e9tropole 424 761 419 00045, 2 rue Kellermann \u2013 59100 Roubaix<\/p>\n<!-- \/wp:paragraph -->\n\n<!-- wp:list {\"ordered\":true,\"start\":2} -->\n<ol start=\"2\"><!-- wp:list-item -->\n<li><strong>ALGEMENE GEBRUIKSVOORWAARDEN VAN DE SITE EN DE AANGEBODEN DIENSTEN.<\/strong><\/li>\n<!-- \/wp:list-item --><\/ol>\n<!-- \/wp:list -->\n\n<!-- wp:paragraph -->\n<p>Gebruik van de website https:\/\/viqtor.eu impliceert de volledige aanvaarding van de hieronder beschreven algemene gebruiksvoorwaarden. Deze gebruiksvoorwaarden kunnen te allen tijde worden gewijzigd of aangevuld.<\/p>\n<!-- \/wp:paragraph -->\n\n<!-- wp:paragraph -->\n<p>Deze site is normaal gesproken te allen tijde toegankelijk voor gebruikers. DBWO kan echter besluiten de site te onderbreken vanwege technisch onderhoud en zal ernaar streven gebruikers vooraf te informeren over de data en tijden van de interventie.<\/p>\n<!-- \/wp:paragraph -->\n\n<!-- wp:paragraph -->\n<p>De website https:\/\/viqtor.eu wordt regelmatig bijgewerkt door DBWO. De wettelijke vermeldingen kunnen eveneens te allen tijde worden gewijzigd; ze zijn echter bindend voor de gebruiker, die wordt verzocht ze zo vaak mogelijk te raadplegen om ervan op de hoogte te zijn.<\/p>\n<!-- \/wp:paragraph -->\n\n<!-- wp:list {\"ordered\":true,\"start\":3} -->\n<ol start=\"3\"><!-- wp:list-item -->\n<li><strong>OMSCHRIJVING VAN DE GELEVERDE DIENSTEN.<\/strong><\/li>\n<!-- \/wp:list-item --><\/ol>\n<!-- \/wp:list -->\n\n<!-- wp:paragraph -->\n<p>Het doel van de website https:\/\/viqtor.eu is om informatie te verstrekken over alle activiteiten van het bedrijf.<\/p>\n<!-- \/wp:paragraph -->\n\n<!-- wp:paragraph -->\n<p>DBWO streeft ernaar om de informatie op de website https:\/\/viqtor.eu zo nauwkeurig mogelijk te maken. DBWO kan echter niet aansprakelijk worden gesteld voor omissies, onjuistheden of tekortkomingen in de actualisering, ongeacht of deze door haarzelf of door externe partners die deze informatie verstrekken, worden veroorzaakt.<\/p>\n<!-- \/wp:paragraph -->\n\n<!-- wp:paragraph -->\n<p>Alle informatie op de website https:\/\/viqtor.eu is uitsluitend bedoeld ter informatie en kan worden gewijzigd. Bovendien is de informatie op de website https:\/\/viqtor.eu niet uitputtend. De informatie wordt verstrekt onder voorbehoud van wijzigingen die mogelijk zijn aangebracht sinds de online publicatie.<\/p>\n<!-- \/wp:paragraph -->\n\n<!-- wp:list {\"ordered\":true,\"start\":4} -->\n<ol start=\"4\"><!-- wp:list-item -->\n<li><strong>CONTRACTUELE BEPERKINGEN OP TECHNISCHE GEGEVENS.<\/strong><\/li>\n<!-- \/wp:list-item --><\/ol>\n<!-- \/wp:list -->\n\n<!-- wp:paragraph -->\n<p>De site maakt gebruik van de technologie: HTML\/CSS\/MsQL<\/p>\n<!-- \/wp:paragraph -->\n\n<!-- wp:paragraph -->\n<p>De website kan niet aansprakelijk worden gesteld voor materi\u00eble schade die verband houdt met het gebruik van de site. Bovendien stemt de gebruiker van de site ermee in de site te bezoeken met behulp van recente apparatuur, die vrij is van virussen en een bijgewerkte browser van de nieuwste generatie.<\/p>\n<!-- \/wp:paragraph -->\n\n<!-- wp:list {\"ordered\":true,\"start\":5} -->\n<ol start=\"5\"><!-- wp:list-item -->\n<li><strong>INTELLECTUEEL EIGENDOM EN VERVALSING.<\/strong><\/li>\n<!-- \/wp:list-item --><\/ol>\n<!-- \/wp:list -->\n\n<!-- wp:paragraph -->\n<p>DBWO bezit de intellectuele eigendomsrechten of behoudt de gebruiksrechten op alle op de site toegankelijke elementen, met name teksten, afbeeldingen, grafieken, logo&#039;s, iconen, geluiden en software.<\/p>\n<!-- \/wp:paragraph -->\n\n<!-- wp:paragraph -->\n<p>Elke reproductie, weergave, wijziging, publicatie, aanpassing van het geheel of een deel van de elementen van de site, ongeacht het gebruikte middel of proced\u00e9, is verboden, tenzij met de voorafgaande schriftelijke toestemming van DBWO.<\/p>\n<!-- \/wp:paragraph -->\n\n<!-- wp:paragraph -->\n<p>Elk ongeoorloofd gebruik van de site of van de elementen die deze bevat, wordt beschouwd als een inbreuk en zal worden vervolgd overeenkomstig de bepalingen van de artikelen L.335-2 en volgende van het Wetboek van Intellectuele Eigendom.<\/p>\n<!-- \/wp:paragraph -->\n\n<!-- wp:list {\"ordered\":true,\"start\":6} -->\n<ol start=\"6\"><!-- wp:list-item -->\n<li><strong>BEPERKING VAN AANSPRAKELIJKHEID.<\/strong><\/li>\n<!-- \/wp:list-item --><\/ol>\n<!-- \/wp:list -->\n\n<!-- wp:paragraph -->\n<p>DBWO kan niet aansprakelijk worden gesteld voor directe of indirecte schade aan de apparatuur van de gebruiker bij het bezoeken van de site, en die voortvloeit uit het gebruik van apparatuur die niet voldoet aan de specificaties vermeld in punt 4, of uit het optreden van een bug of incompatibiliteit.<\/p>\n<!-- \/wp:paragraph -->\n\n<!-- wp:paragraph -->\n<p>DBWO kan niet aansprakelijk worden gesteld voor indirecte schade (zoals verlies van marktwaarde of verlies van kansen) die voortvloeit uit het gebruik van de site www.dbwo.legal.<\/p>\n<!-- \/wp:paragraph -->\n\n<!-- wp:paragraph -->\n<p>Interactieve ruimtes (mogelijkheid om vragen te stellen in het contactgedeelte) zijn beschikbaar voor gebruikers. DBWO behoudt zich het recht voor om zonder voorafgaande kennisgeving alle inhoud die in deze ruimte wordt geplaatst en die in strijd is met de in Frankrijk geldende wetgeving, met name de bepalingen inzake gegevensbescherming, te verwijderen. DBWO behoudt zich tevens het recht voor om de gebruiker, indien van toepassing, civielrechtelijk en\/of strafrechtelijk aansprakelijk te stellen, met name in geval van berichten met een racistisch, beledigend, lasterlijk of pornografisch karakter, ongeacht het gebruikte medium (tekst, foto&#039;s, enz.).<\/p>\n<!-- \/wp:paragraph -->\n\n<!-- wp:list {\"ordered\":true,\"start\":7} -->\n<ol start=\"7\"><!-- wp:list-item -->\n<li><strong>BEHEER VAN PERSOONSGEGEVENS.<\/strong><\/li>\n<!-- \/wp:list-item --><\/ol>\n<!-- \/wp:list -->\n\n<!-- wp:paragraph -->\n<p>In Frankrijk worden persoonsgegevens met name beschermd door wet nr. 78-87 van 6 januari 1978, wet nr. 2004-801 van 6 augustus 2004, artikel L. 226-13 van het Wetboek van Strafrecht, de Verordening betreffende de bescherming van natuurlijke personen in verband met de verwerking van persoonsgegevens en het vrije verkeer van die gegevens, en tot intrekking van Richtlijn 95\/46\/EG (Algemene Verordening Gegevensbescherming) en wet nr. 2018-493 van 20 juni 2018 betreffende de bescherming van persoonsgegevens<\/p>\n<!-- \/wp:paragraph -->\n\n<!-- wp:paragraph -->\n<p>Bij gebruik van de site https:\/\/viqtor.eu kunnen de volgende gegevens worden verzameld: de URL van de links via welke de gebruiker op de site https:\/\/viqtor.eu terecht is gekomen, de internetprovider van de gebruiker en het internetprotocol (IP)-adres van de gebruiker.<\/p>\n<!-- \/wp:paragraph -->\n\n<!-- wp:paragraph -->\n<p>DBWO verzamelt in ieder geval uitsluitend persoonsgegevens van de gebruiker ten behoeve van bepaalde diensten die de website https:\/\/viqtor.eu aanbiedt. De gebruiker verstrekt deze gegevens met volledige kennis van zaken, met name wanneer hij\/zij deze zelf invoert. De gebruiker van de website https:\/\/viqtor.eu wordt vervolgens ge\u00efnformeerd of hij\/zij deze gegevens al dan niet moet verstrekken.<\/p>\n<!-- \/wp:paragraph -->\n\n<!-- wp:paragraph -->\n<p>Overeenkomstig de bepalingen van de artikelen 38 en volgende van de Wet 78-17 van 6 januari 1978 betreffende de informatica, de bestanden en de vrijheden, heeft iedere gebruiker recht op toegang, rectificatie en verzet met betrekking tot de hem betreffende persoonsgegevens. Dit kan door een schriftelijk en ondertekend verzoek in te dienen, vergezeld van een kopie van het identiteitsbewijs met de handtekening van de houder van het document, en met vermelding van het adres waarnaar het antwoord moet worden verzonden.<\/p>\n<!-- \/wp:paragraph -->\n\n<!-- wp:paragraph -->\n<p>Er worden geen persoonlijke gegevens van de gebruiker van de site https:\/\/viqtor.eu zonder medeweten van de gebruiker gepubliceerd, uitgewisseld, overgedragen, toegewezen of verkocht op welke drager dan ook aan derden.<\/p>\n<!-- \/wp:paragraph -->\n\n<!-- wp:paragraph -->\n<p>De databanken worden beschermd door de bepalingen van de wet van 1 juli 1998 tot omzetting van Richtlijn 96\/9 van 11 maart 1996 betreffende de rechtsbescherming van databanken.<\/p>\n<!-- \/wp:paragraph -->\n\n<!-- wp:list {\"ordered\":true,\"start\":8} -->\n<ol start=\"8\"><!-- wp:list-item -->\n<li><strong>HYPERTEKSTLINKS EN COOKIES.<\/strong><\/li>\n<!-- \/wp:list-item --><\/ol>\n<!-- \/wp:list -->\n\n<!-- wp:paragraph -->\n<p>De site https:\/\/viqtor.eu bevat een aantal hyperlinks naar andere sites, geplaatst met toestemming van DBWO. DBWO heeft echter geen controle over de inhoud van de bezochte sites en aanvaardt hiervoor dan ook geen enkele verantwoordelijkheid.<\/p>\n<!-- \/wp:paragraph -->\n\n<!-- wp:paragraph -->\n<p>Surfen op de website https:\/\/viqtor.eu kan leiden tot de installatie van cookies op de computer van de gebruiker. Een cookie is een klein bestand waarmee de gebruiker niet kan worden ge\u00efdentificeerd, maar dat informatie registreert over de navigatie van een computer op een website. De aldus verkregen gegevens zijn bedoeld om de verdere navigatie op de website te vergemakkelijken en om diverse verkeersmetingen mogelijk te maken.<\/p>\n<!-- \/wp:paragraph -->\n\n<!-- wp:paragraph -->\n<p>Het weigeren van een cookie kan ertoe leiden dat bepaalde diensten niet toegankelijk zijn. De gebruiker kan zijn computer echter als volgt configureren om de installatie van cookies te weigeren:<\/p>\n<!-- \/wp:paragraph -->\n\n<!-- wp:paragraph -->\n<p>In Internet Explorer: tabblad Extra (tandwielpictogram in de rechterbovenhoek) \/ internetopties.<\/p>\n<!-- \/wp:paragraph -->\n\n<!-- wp:paragraph -->\n<p>Klik op Privacy en kies Alle cookies blokkeren. Bevestig met OK.<\/p>\n<!-- \/wp:paragraph -->\n\n<!-- wp:paragraph -->\n<p>In Firefox: Klik bovenaan het browservenster op de Firefox-knop en ga vervolgens naar het tabblad Opties. Klik op het tabblad Privacy.<\/p>\n<!-- \/wp:paragraph -->\n\n<!-- wp:paragraph -->\n<p>Stel de bewaarregels in op: Gebruik aangepaste instellingen voor geschiedenis. Schakel het vinkje uit om cookies uit te schakelen.<\/p>\n<!-- \/wp:paragraph -->\n\n<!-- wp:paragraph -->\n<p>In Safari: Klik op het menupictogram (gesymboliseerd door een tandwiel) in de rechterbovenhoek van de browser. Selecteer Instellingen. Klik op Geavanceerde instellingen weergeven. Klik in het gedeelte &#039;Privacy&#039; op Instellingen voor inhoud. In het gedeelte &#039;Cookies&#039; kunt u cookies blokkeren.<\/p>\n<!-- \/wp:paragraph -->\n\n<!-- wp:paragraph -->\n<p>In Chrome: Klik op het menupictogram (gesymboliseerd door drie horizontale lijnen) in de rechterbovenhoek van de browser. Selecteer Instellingen. Klik op Geavanceerde instellingen weergeven.<\/p>\n<!-- \/wp:paragraph -->\n\n<!-- wp:paragraph -->\n<p>Klik in het gedeelte &#039;Privacy&#039; op &#039;Voorkeuren&#039;. Op het tabblad &#039;Privacy&#039; kunt u cookies blokkeren.<\/p>\n<!-- \/wp:paragraph -->\n\n<!-- wp:list {\"ordered\":true,\"start\":9} -->\n<ol start=\"9\"><!-- wp:list-item -->\n<li><strong>TOEPASSELIJK RECHT EN JURISDICTIE.<\/strong><\/li>\n<!-- \/wp:list-item --><\/ol>\n<!-- \/wp:list -->\n\n<!-- wp:paragraph -->\n<p>Elk geschil met betrekking tot het gebruik van de website https:\/\/viqtor.eu is onderworpen aan het Franse recht. De gewone rechtbanken en de rechtbanken van Angoul\u00eame zijn exclusief bevoegd in geval van een geschil met een professional.<\/p>\n<!-- \/wp:paragraph -->\n\n<!-- wp:list {\"ordered\":true,\"start\":10} -->\n<ol start=\"10\"><!-- wp:list-item -->\n<li><strong>DE BELANGRIJKSTE WETTEN DIE HIERIN BETREKKING HEBBEN.<\/strong><\/li>\n<!-- \/wp:list-item --><\/ol>\n<!-- \/wp:list -->\n\n<!-- wp:paragraph -->\n<p>Verordening betreffende de bescherming van natuurlijke personen in verband met de verwerking van persoonsgegevens en betreffende het vrije verkeer van die gegevens en tot intrekking van Richtlijn 95\/46\/EG (Algemene Verordening Gegevensbescherming)<\/p>\n<!-- \/wp:paragraph -->\n\n<!-- wp:paragraph -->\n<p>WET nr. 2018-493 van 20 juni 2018 betreffende de bescherming van persoonsgegevens<\/p>\n<!-- \/wp:paragraph -->\n\n<!-- wp:paragraph -->\n<p>Wet nr. 78-87 van 6 januari 1978, met name gewijzigd door Wet nr. 2004-801 van 6 augustus 2004 betreffende de informatica, de bestanden en de vrijheden.<\/p>\n<!-- \/wp:paragraph -->\n\n<!-- wp:paragraph -->\n<p>Wet nr. 2004-575 van 21 juni 2004 betreffende het vertrouwen in de digitale economie.<\/p>\n<!-- \/wp:paragraph -->\n\n<!-- wp:list {\"ordered\":true,\"start\":11} -->\n<ol start=\"11\"><!-- wp:list-item -->\n<li><strong>LEXICON.<\/strong><\/li>\n<!-- \/wp:list-item --><\/ol>\n<!-- \/wp:list -->\n\n<!-- wp:paragraph -->\n<p>Gebruiker: internetgebruiker die verbinding maakt met de bovengenoemde site en deze gebruikt.<\/p>\n<!-- \/wp:paragraph -->\n\n<!-- wp:paragraph -->\n<p>Persoonsgegevens: \u201cgegevens die, in welke vorm dan ook, direct of indirect, de identificatie mogelijk maken van de natuurlijke personen op wie zij van toepassing is\u201d (artikel 4 van wet nr. 78-17 van 6 januari 1978)<\/p>\n<!-- \/wp:paragraph -->\n\n<!-- wp:paragraph -->\n<p><\/p>\n<!-- \/wp:paragraph -->\t\t\t\t\t\t<\/div>\n\t\t\t\t<\/div>\n\t\t\t\t\t<\/div>\n\t\t<\/div>\n\t\t\t\t\t<\/div>\n\t\t<\/section>\n\t\t\t\t<\/div>","protected":false},"excerpt":{"rendered":"<p>En vertu de l\u2019article 6 de la loi n\u00b0 2004-575 du 21 juin 2004 pour la confiance dans l\u2019\u00e9conomie num\u00e9rique, il est pr\u00e9cis\u00e9 aux utilisateurs du site https:\/\/viqtor.eu l\u2019identit\u00e9 des diff\u00e9rents intervenants dans le cadre de sa r\u00e9alisation et de son suivi : Propri\u00e9taire : DBWO Cr\u00e9ateur : ACTIVATION \/ VENISE HBA, SAS au capital [&hellip;]<\/p>","protected":false},"author":1,"featured_media":0,"parent":0,"menu_order":0,"comment_status":"closed","ping_status":"closed","template":"","meta":{"_acf_changed":false,"footnotes":""},"class_list":["post-6522","page","type-page","status-publish","hentry"],"acf":[],"yoast_head":"<!-- This site is optimized with the Yoast SEO plugin v23.6 - https:\/\/yoast.com\/wordpress\/plugins\/seo\/ -->\n<title>Mentions l\u00e9gales - Viqtor<\/title>\n<meta name=\"robots\" content=\"noindex, nofollow\" \/>\n<meta property=\"og:locale\" content=\"nl_NL\" \/>\n<meta property=\"og:type\" content=\"article\" \/>\n<meta property=\"og:title\" content=\"Mentions l\u00e9gales - Viqtor\" \/>\n<meta property=\"og:description\" content=\"En vertu de l\u2019article 6 de la loi n\u00b0 2004-575 du 21 juin 2004 pour la confiance dans l\u2019\u00e9conomie num\u00e9rique, il est pr\u00e9cis\u00e9 aux utilisateurs du site https:\/\/viqtor.eu l\u2019identit\u00e9 des diff\u00e9rents intervenants dans le cadre de sa r\u00e9alisation et de son suivi : Propri\u00e9taire : DBWO Cr\u00e9ateur : ACTIVATION \/ VENISE HBA, SAS au capital [&hellip;]\" \/>\n<meta property=\"og:url\" content=\"https:\/\/viqtor.eu\/nl\/mentions-legales\/\" \/>\n<meta property=\"og:site_name\" content=\"Viqtor\" \/>\n<meta property=\"article:modified_time\" content=\"2023-07-24T10:19:18+00:00\" \/>\n<meta name=\"twitter:card\" content=\"summary_large_image\" \/>\n<meta name=\"twitter:label1\" content=\"Verwachte leestijd\" \/>\n\t<meta name=\"twitter:data1\" content=\"8 minuten\" \/>\n<script type=\"application\/ld+json\" class=\"yoast-schema-graph\">{\"@context\":\"https:\/\/schema.org\",\"@graph\":[{\"@type\":\"WebPage\",\"@id\":\"https:\/\/viqtor.eu\/mentions-legales\/\",\"url\":\"https:\/\/viqtor.eu\/mentions-legales\/\",\"name\":\"Mentions l\u00e9gales - Viqtor\",\"isPartOf\":{\"@id\":\"https:\/\/viqtor.eu\/#website\"},\"datePublished\":\"2023-05-10T15:50:27+00:00\",\"dateModified\":\"2023-07-24T10:19:18+00:00\",\"breadcrumb\":{\"@id\":\"https:\/\/viqtor.eu\/mentions-legales\/#breadcrumb\"},\"inLanguage\":\"nl-NL\",\"potentialAction\":[{\"@type\":\"ReadAction\",\"target\":[\"https:\/\/viqtor.eu\/mentions-legales\/\"]}]},{\"@type\":\"BreadcrumbList\",\"@id\":\"https:\/\/viqtor.eu\/mentions-legales\/#breadcrumb\",\"itemListElement\":[{\"@type\":\"ListItem\",\"position\":1,\"name\":\"Accueil\",\"item\":\"https:\/\/viqtor.eu\/\"},{\"@type\":\"ListItem\",\"position\":2,\"name\":\"Mentions l\u00e9gales\"}]},{\"@type\":\"WebSite\",\"@id\":\"https:\/\/viqtor.eu\/#website\",\"url\":\"https:\/\/viqtor.eu\/\",\"name\":\"Viqtor\",\"description\":\"Faites du RGPD une opportunit\u00e9 pour votre entreprise.\",\"publisher\":{\"@id\":\"https:\/\/viqtor.eu\/#organization\"},\"potentialAction\":[{\"@type\":\"SearchAction\",\"target\":{\"@type\":\"EntryPoint\",\"urlTemplate\":\"https:\/\/viqtor.eu\/?s={search_term_string}\"},\"query-input\":{\"@type\":\"PropertyValueSpecification\",\"valueRequired\":true,\"valueName\":\"search_term_string\"}}],\"inLanguage\":\"nl-NL\"},{\"@type\":\"Organization\",\"@id\":\"https:\/\/viqtor.eu\/#organization\",\"name\":\"viqtor.eu\",\"url\":\"https:\/\/viqtor.eu\/\",\"logo\":{\"@type\":\"ImageObject\",\"inLanguage\":\"nl-NL\",\"@id\":\"https:\/\/viqtor.eu\/#\/schema\/logo\/image\/\",\"url\":\"https:\/\/viqtor.eu\/wp-content\/uploads\/2023\/06\/favicon-noir.svg\",\"contentUrl\":\"https:\/\/viqtor.eu\/wp-content\/uploads\/2023\/06\/favicon-noir.svg\",\"width\":108,\"height\":86,\"caption\":\"viqtor.eu\"},\"image\":{\"@id\":\"https:\/\/viqtor.eu\/#\/schema\/logo\/image\/\"}}]}<\/script>\n<!-- \/ Yoast SEO plugin. -->","yoast_head_json":{"title":"Mentions l\u00e9gales - Viqtor","robots":{"index":"noindex","follow":"nofollow"},"og_locale":"nl_NL","og_type":"article","og_title":"Mentions l\u00e9gales - Viqtor","og_description":"En vertu de l\u2019article 6 de la loi n\u00b0 2004-575 du 21 juin 2004 pour la confiance dans l\u2019\u00e9conomie num\u00e9rique, il est pr\u00e9cis\u00e9 aux utilisateurs du site https:\/\/viqtor.eu l\u2019identit\u00e9 des diff\u00e9rents intervenants dans le cadre de sa r\u00e9alisation et de son suivi : Propri\u00e9taire : DBWO Cr\u00e9ateur : ACTIVATION \/ VENISE HBA, SAS au capital [&hellip;]","og_url":"https:\/\/viqtor.eu\/nl\/mentions-legales\/","og_site_name":"Viqtor","article_modified_time":"2023-07-24T10:19:18+00:00","twitter_card":"summary_large_image","twitter_misc":{"Verwachte leestijd":"8 minuten"},"schema":{"@context":"https:\/\/schema.org","@graph":[{"@type":"WebPage","@id":"https:\/\/viqtor.eu\/mentions-legales\/","url":"https:\/\/viqtor.eu\/mentions-legales\/","name":"Mentions l\u00e9gales - Viqtor","isPartOf":{"@id":"https:\/\/viqtor.eu\/#website"},"datePublished":"2023-05-10T15:50:27+00:00","dateModified":"2023-07-24T10:19:18+00:00","breadcrumb":{"@id":"https:\/\/viqtor.eu\/mentions-legales\/#breadcrumb"},"inLanguage":"nl-NL","potentialAction":[{"@type":"ReadAction","target":["https:\/\/viqtor.eu\/mentions-legales\/"]}]},{"@type":"BreadcrumbList","@id":"https:\/\/viqtor.eu\/mentions-legales\/#breadcrumb","itemListElement":[{"@type":"ListItem","position":1,"name":"Accueil","item":"https:\/\/viqtor.eu\/"},{"@type":"ListItem","position":2,"name":"Mentions l\u00e9gales"}]},{"@type":"WebSite","@id":"https:\/\/viqtor.eu\/#website","url":"https:\/\/viqtor.eu\/","name":"Viqtor","description":"Faites du RGPD une opportunit\u00e9 pour votre entreprise.","publisher":{"@id":"https:\/\/viqtor.eu\/#organization"},"potentialAction":[{"@type":"SearchAction","target":{"@type":"EntryPoint","urlTemplate":"https:\/\/viqtor.eu\/?s={search_term_string}"},"query-input":{"@type":"PropertyValueSpecification","valueRequired":true,"valueName":"search_term_string"}}],"inLanguage":"nl-NL"},{"@type":"Organization","@id":"https:\/\/viqtor.eu\/#organization","name":"viqtor.eu","url":"https:\/\/viqtor.eu\/","logo":{"@type":"ImageObject","inLanguage":"nl-NL","@id":"https:\/\/viqtor.eu\/#\/schema\/logo\/image\/","url":"https:\/\/viqtor.eu\/wp-content\/uploads\/2023\/06\/favicon-noir.svg","contentUrl":"https:\/\/viqtor.eu\/wp-content\/uploads\/2023\/06\/favicon-noir.svg","width":108,"height":86,"caption":"viqtor.eu"},"image":{"@id":"https:\/\/viqtor.eu\/#\/schema\/logo\/image\/"}}]}},"_links":{"self":[{"href":"https:\/\/viqtor.eu\/nl\/wp-json\/wp\/v2\/pages\/6522","targetHints":{"allow":["GET"]}}],"collection":[{"href":"https:\/\/viqtor.eu\/nl\/wp-json\/wp\/v2\/pages"}],"about":[{"href":"https:\/\/viqtor.eu\/nl\/wp-json\/wp\/v2\/types\/page"}],"author":[{"embeddable":true,"href":"https:\/\/viqtor.eu\/nl\/wp-json\/wp\/v2\/users\/1"}],"replies":[{"embeddable":true,"href":"https:\/\/viqtor.eu\/nl\/wp-json\/wp\/v2\/comments?post=6522"}],"version-history":[{"count":6,"href":"https:\/\/viqtor.eu\/nl\/wp-json\/wp\/v2\/pages\/6522\/revisions"}],"predecessor-version":[{"id":6532,"href":"https:\/\/viqtor.eu\/nl\/wp-json\/wp\/v2\/pages\/6522\/revisions\/6532"}],"wp:attachment":[{"href":"https:\/\/viqtor.eu\/nl\/wp-json\/wp\/v2\/media?parent=6522"}],"curies":[{"name":"wp","href":"https:\/\/api.w.org\/{rel}","templated":true}]}}