{"id":12719,"date":"2025-02-17T13:01:41","date_gmt":"2025-02-17T13:01:41","guid":{"rendered":"https:\/\/viqtor.eu\/?page_id=12719"},"modified":"2025-04-23T19:08:46","modified_gmt":"2025-04-23T19:08:46","slug":"guide-rgpd-et-site-web-quelles-obligations-respecter","status":"publish","type":"page","link":"https:\/\/viqtor.eu\/nl\/guide-rgpd-et-site-web-quelles-obligations-respecter\/","title":{"rendered":"Gids: AVG en website: welke verplichtingen moeten worden nageleefd?"},"content":{"rendered":"<div data-elementor-type=\"wp-page\" data-elementor-id=\"12719\" class=\"elementor elementor-12719\" data-elementor-post-type=\"page\">\n\t\t\t\t\t\t<section class=\"elementor-section elementor-top-section elementor-element elementor-element-487d106 elementor-section-content-middle ot-traditional elementor-section-boxed elementor-section-height-default elementor-section-height-default\" data-id=\"487d106\" data-element_type=\"section\" data-settings=\"{&quot;background_background&quot;:&quot;classic&quot;}\">\n\t\t\t\t\t\t\t<div class=\"elementor-background-overlay\"><\/div>\n\t\t\t\t\t\t\t<div class=\"elementor-container elementor-column-gap-default\">\n\t\t\t\t\t<div class=\"elementor-column elementor-col-100 elementor-top-column elementor-element elementor-element-7cb43dc ot-column-items-center ot-flex-column-vertical\" data-id=\"7cb43dc\" data-element_type=\"column\">\n\t\t\t<div class=\"elementor-widget-wrap elementor-element-populated\">\n\t\t\t\t\t\t<div class=\"elementor-element elementor-element-f174978 elementor-widget__width-initial elementor-widget elementor-widget-iheading\" data-id=\"f174978\" data-element_type=\"widget\" data-widget_type=\"iheading.default\">\n\t\t\t\t<div class=\"elementor-widget-container\">\n\t\t\t\t\t<div class=\"ot-heading\">\r\n\t        \t            <span>\/\/ Het Viqtor\u00ae-platform<\/span>\r\n\t        <h1 class=\"main-heading\">Gids: AVG en website: Aan welke verplichtingen moet worden voldaan?<\/h1>\t    <\/div>\r\n\t    \t\t<\/div>\n\t\t\t\t<\/div>\n\t\t\t\t\t<\/div>\n\t\t<\/div>\n\t\t\t\t\t<\/div>\n\t\t<\/section>\n\t\t\t\t<section class=\"elementor-section elementor-top-section elementor-element elementor-element-6bfd0a4 ot-traditional elementor-section-boxed elementor-section-height-default elementor-section-height-default\" data-id=\"6bfd0a4\" data-element_type=\"section\">\n\t\t\t\t\t\t<div class=\"elementor-container elementor-column-gap-default\">\n\t\t\t\t\t<div class=\"elementor-column elementor-col-100 elementor-top-column elementor-element elementor-element-9e9d643 ot-flex-column-vertical\" data-id=\"9e9d643\" data-element_type=\"column\">\n\t\t\t<div class=\"elementor-widget-wrap elementor-element-populated\">\n\t\t\t\t\t\t<div class=\"elementor-element elementor-element-4ca1c81 elementor-widget elementor-widget-text-editor\" data-id=\"4ca1c81\" data-element_type=\"widget\" data-widget_type=\"text-editor.default\">\n\t\t\t\t<div class=\"elementor-widget-container\">\n\t\t\t\t\t\t\t<p data-pm-slice=\"1 1 []\">De Algemene Verordening Gegevensbescherming (AVG) is een Europese verordening die gericht is op het versterken van de bescherming van persoonsgegevens van burgers van de Europese Unie. Elk bedrijf dat online persoonsgegevens verzamelt of verwerkt, moet aan de AVG-vereisten voldoen, anders riskeert het sancties. In dit artikel beschrijven we de verplichtingen waaraan u moet voldoen om uw website te laten voldoen aan de AVG. <strong>AVG<\/strong>.<\/p><h2 data-pm-slice=\"1 1 []\">Wat is AVG?<\/h2><p>De AVG is op 25 mei 2018 in werking getreden om de wetgeving inzake gegevensbescherming in heel Europa te harmoniseren. De AVG legt strenge verplichtingen op aan bedrijven die persoonsgegevens verwerken.<\/p><h3>Op wie is de AVG van toepassing?<\/h3><p>Elk bedrijf of elke organisatie, ongeacht of deze zich in de EU bevindt of daarbuiten, die gegevens van Europese burgers verzamelt of verwerkt, moet zich aan de AVG houden.<\/p><h3>Fundamentele principes van de AVG<\/h3><p>De AVG is gebaseerd op zes kernprincipes:<\/p><ul data-spread=\"false\"><li><p><strong>Legaliteit, loyaliteit en transparantie<\/strong><\/p><\/li><li><p><strong>Beperking van doeleinden<\/strong><\/p><\/li><li><p><strong>Gegevensminimalisatie<\/strong><\/p><\/li><li><p><strong>Nauwkeurigheid<\/strong><\/p><\/li><li><p><strong>Beperking van de retentie<\/strong><\/p><\/li><li><p><strong>Integriteit en vertrouwelijkheid<\/strong><\/p><\/li><\/ul><h4>Wettelijke verplichtingen van websites<\/h4><p>Websites moeten transparant zijn over de verzamelde gegevens, expliciete toestemming verkrijgen en de veiligheid van persoonlijke informatie garanderen.<\/p><h4>Hoe verkrijg ik geldige toestemming?<\/h4><p>Toestemming moet vrij en precies zijn<span class=\"sw\">,<\/span>\u00a0<span class=\"sw\">verlicht<\/span>\u00a0En\u00a0<span class=\"sw\">zonder<\/span>\u00a0<span class=\"sw\">meerduidigheid<\/span>Cookiebanners moeten het voor gebruikers eenvoudig maken om cookies te accepteren of te weigeren.<\/p><h4 data-pm-slice=\"1 1 []\">Privacybeleid<\/h4><p>Er moet gedetailleerd worden beschreven hoe en waarom gegevens worden verzameld, opgeslagen en gedeeld.<\/p>\t\t\t\t\t\t<\/div>\n\t\t\t\t<\/div>\n\t\t\t\t\t<\/div>\n\t\t<\/div>\n\t\t\t\t\t<\/div>\n\t\t<\/section>\n\t\t\t\t<section class=\"elementor-section elementor-top-section elementor-element elementor-element-2373ae3 elementor-section-height-min-height ot-traditional elementor-section-boxed elementor-section-height-default elementor-section-items-middle\" data-id=\"2373ae3\" data-element_type=\"section\">\n\t\t\t\t\t\t<div class=\"elementor-container elementor-column-gap-default\">\n\t\t\t\t\t<div class=\"elementor-column elementor-col-100 elementor-top-column elementor-element elementor-element-fd1df0f ot-flex-column-vertical\" data-id=\"fd1df0f\" data-element_type=\"column\">\n\t\t\t<div class=\"elementor-widget-wrap elementor-element-populated\">\n\t\t\t\t\t\t<div class=\"elementor-element elementor-element-b37bc66 elementor-widget elementor-widget-image\" data-id=\"b37bc66\" data-element_type=\"widget\" data-widget_type=\"image.default\">\n\t\t\t\t<div class=\"elementor-widget-container\">\n\t\t\t\t\t\t\t\t\t\t\t\t\t<img fetchpriority=\"high\" decoding=\"async\" width=\"1024\" height=\"683\" src=\"https:\/\/viqtor.eu\/wp-content\/uploads\/2023\/05\/Les-etapes-principales-pour-la-mise-en-conformite-RGPD-1024x683.jpg\" class=\"attachment-large size-large wp-image-12252\" alt=\"Les \u00e9tapes principales pour la mise en conformit\u00e9 RGPD\" srcset=\"https:\/\/viqtor.eu\/wp-content\/uploads\/2023\/05\/Les-etapes-principales-pour-la-mise-en-conformite-RGPD-1024x683.jpg 1024w, https:\/\/viqtor.eu\/wp-content\/uploads\/2023\/05\/Les-etapes-principales-pour-la-mise-en-conformite-RGPD-300x200.jpg 300w, https:\/\/viqtor.eu\/wp-content\/uploads\/2023\/05\/Les-etapes-principales-pour-la-mise-en-conformite-RGPD-768x512.jpg 768w, https:\/\/viqtor.eu\/wp-content\/uploads\/2023\/05\/Les-etapes-principales-pour-la-mise-en-conformite-RGPD-1536x1024.jpg 1536w, https:\/\/viqtor.eu\/wp-content\/uploads\/2023\/05\/Les-etapes-principales-pour-la-mise-en-conformite-RGPD-720x480.jpg 720w, https:\/\/viqtor.eu\/wp-content\/uploads\/2023\/05\/Les-etapes-principales-pour-la-mise-en-conformite-RGPD.jpg 2048w\" sizes=\"(max-width: 1024px) 100vw, 1024px\" \/>\t\t\t\t\t\t\t\t\t\t\t\t\t<\/div>\n\t\t\t\t<\/div>\n\t\t\t\t\t<\/div>\n\t\t<\/div>\n\t\t\t\t\t<\/div>\n\t\t<\/section>\n\t\t\t\t<section class=\"elementor-section elementor-top-section elementor-element elementor-element-3a23f17 ot-traditional elementor-section-boxed elementor-section-height-default elementor-section-height-default\" data-id=\"3a23f17\" data-element_type=\"section\">\n\t\t\t\t\t\t<div class=\"elementor-container elementor-column-gap-default\">\n\t\t\t\t\t<div class=\"elementor-column elementor-col-100 elementor-top-column elementor-element elementor-element-cf1b7c9 ot-flex-column-vertical\" data-id=\"cf1b7c9\" data-element_type=\"column\">\n\t\t\t<div class=\"elementor-widget-wrap elementor-element-populated\">\n\t\t\t\t\t\t<div class=\"elementor-element elementor-element-3c94449 elementor-widget elementor-widget-text-editor\" data-id=\"3c94449\" data-element_type=\"widget\" data-widget_type=\"text-editor.default\">\n\t\t\t\t<div class=\"elementor-widget-container\">\n\t\t\t\t\t\t\t<h4 data-pm-slice=\"1 1 []\">Cookiebeheer<\/h4>\n<p>Websites moeten bezoekers duidelijk informeren over het gebruik van cookies en hen de mogelijkheid bieden hun voorkeuren te beheren.<\/p>\n<h4>Gebruikersrechten<\/h4>\n<p>Gebruikers hebben het recht om hun gegevens in te zien, te wijzigen, te verwijderen en bezwaar te maken tegen de verwerking ervan.<\/p>\n<h4>Gegevensbeveiliging<\/h4>\n<p>Het is noodzakelijk om veiligheidsmaatregelen te implementeren, zoals encryptie en sterke authenticatie.<\/p>\n<h4>De aanstelling van een DPO<\/h4>\n<p>Sommige bedrijven moeten een functionaris voor gegevensbescherming aanstellen om naleving van de AVG te waarborgen.<\/p>\n<h4>De gevolgen van het niet naleven van de AVG<\/h4>\n<p>De boetes kunnen oplopen tot 20 miljoen euro of 4 % van de jaaromzet.<\/p>\n<h3>Hoe zorgt u ervoor dat uw site voldoet aan de eisen?<\/h3>\n<p>A <strong>AVG-audit<\/strong> Hiermee kunt u verbeterpunten identificeren en goede praktijken implementeren.<\/p>\n<h4>Nuttige hulpmiddelen en bronnen<\/h4>\n<p>Hulpmiddelen zoals Cookiebot en GDPR.eu kunnen helpen bij het waarborgen van naleving.<\/p>\n<p>Naleving van de AVG is essentieel om het vertrouwen van gebruikers te behouden en boetes te voorkomen. Door naleving van de AVG kan uw website optimale bescherming van persoonsgegevens garanderen.<\/p>\n<h4>Veelgestelde vragen<\/h4>\n<h5>1. Moet mijn site een cookiebanner weergeven?<\/h5>\n<p>Ja, als uw site essenti\u00eble cookies gebruikt.<\/p>\n<h5>2. Moet ik voor elk formulier toestemming vragen?<\/h5>\n<p>Ja, tenzij het verzamelen van gegevens strikt noodzakelijk is.<\/p>\n<h5>3. Wat is een DPO en wanneer is deze verplicht?<\/h5>\n<p>Een DPO is een expert op het gebied van gegevensbescherming die vereist is voor bepaalde bedrijven die gevoelige gegevens verwerken.<\/p>\n<h5>4. Hoe kan ik controleren of mijn site aan de regels voldoet?<\/h5>\n<p>Maak gebruik van online audits en raadpleeg een expert op het gebied van gegevensbescherming.<\/p>\n<h5>5. Moet ik mijn privacybeleid regelmatig bijwerken?<\/h5>\n<p>Ja, eventuele wijzigingen in de gegevensverwerking moeten hierin worden verwerkt.<\/p>\n<h5>6. Wat te doen bij een datalek?<\/h5>\n<p>Informeer binnen 72 uur de bevoegde autoriteiten en waarschuw de getroffen gebruikers.<\/p>\t\t\t\t\t\t<\/div>\n\t\t\t\t<\/div>\n\t\t\t\t\t<\/div>\n\t\t<\/div>\n\t\t\t\t\t<\/div>\n\t\t<\/section>\n\t\t\t\t<section class=\"elementor-section elementor-top-section elementor-element elementor-element-77edb27 ot-traditional elementor-section-boxed elementor-section-height-default elementor-section-height-default\" data-id=\"77edb27\" data-element_type=\"section\">\n\t\t\t\t\t\t<div class=\"elementor-container elementor-column-gap-default\">\n\t\t\t\t\t<div class=\"elementor-column elementor-col-100 elementor-top-column elementor-element elementor-element-72942a8 ot-flex-column-vertical\" data-id=\"72942a8\" data-element_type=\"column\">\n\t\t\t<div class=\"elementor-widget-wrap elementor-element-populated\">\n\t\t\t\t\t\t<div class=\"elementor-element elementor-element-0fcf018 elementor-widget elementor-widget-text-editor\" data-id=\"0fcf018\" data-element_type=\"widget\" data-widget_type=\"text-editor.default\">\n\t\t\t\t<div class=\"elementor-widget-container\">\n\t\t\t\t\t\t\t<div><div><div><div><p style=\"text-align: center;\"><span style=\"color: #000000;\"><strong>Download de complete gids gratis:<\/strong><\/span><\/p><\/div><\/div><\/div><\/div>\t\t\t\t\t\t<\/div>\n\t\t\t\t<\/div>\n\t\t\t\t\t<\/div>\n\t\t<\/div>\n\t\t\t\t\t<\/div>\n\t\t<\/section>\n\t\t\t\t<section class=\"elementor-section elementor-top-section elementor-element elementor-element-7f22e0c ot-traditional elementor-section-boxed elementor-section-height-default elementor-section-height-default\" data-id=\"7f22e0c\" data-element_type=\"section\">\n\t\t\t\t\t\t<div class=\"elementor-container elementor-column-gap-default\">\n\t\t\t\t\t<div class=\"elementor-column elementor-col-100 elementor-top-column elementor-element elementor-element-d89bd3c ot-flex-column-vertical\" data-id=\"d89bd3c\" data-element_type=\"column\">\n\t\t\t<div class=\"elementor-widget-wrap elementor-element-populated\">\n\t\t\t\t\t\t<div class=\"elementor-element elementor-element-6220207 elementor-widget elementor-widget-text-editor\" data-id=\"6220207\" data-element_type=\"widget\" data-widget_type=\"text-editor.default\">\n\t\t\t\t<div class=\"elementor-widget-container\">\n\t\t\t\t\t\t\t<p><p><form method=\"post\" action=\"https:\/\/viqtor.eu\/wp-admin\/admin-ajax.php?action=tnp&amp;na=s\" class=\"tnp-subscription\" style=\"\">\n<input type=\"hidden\" name=\"nlang\" value=\"\">\n <div class=\"tnp-field tnp-field-email\"><label for=\"tnp-1\">E-mail<\/label>\n<input class=\"tnp-email\" type=\"email\" name=\"ne\" id=\"tnp-1\" value=\"\" placeholder=\"\" required><\/div>\n\u00a0<label> <input name=\"AGREE_TO_TERMS\" required=\"\" type=\"checkbox\" value=\"1\" \/> Ik geef toestemming voor het gebruik van mijn persoonsgegevens uitsluitend voor het verwerken van mijn downloadverzoek. Wij verbieden elk ander gebruik van deze gegevens.<\/label> <label> <input name=\"AGREE_TO_TERMS\" required=\"\" type=\"checkbox\" value=\"1\" \/>Ik ga ermee akkoord om periodiek informatie te ontvangen over serviceaanbiedingen van Viqtor.<\/label>\u00a0 \u00a0 \u00a0 \u00a0 \u00a0 \u00a0 \u00a0 \u00a0 \u00a0 \u00a0 \u00a0 \u00a0 \u00a0 \u00a0 \u00a0 \u00a0 \u00a0 \u00a0 \u00a0 \u00a0 <div class=\"tnp-field tnp-field-button\" style=\"text-align: left\"><input class=\"tnp-submit\" type=\"submit\" value=\"Ontvang de gids\" style=\"\">\n<\/div>\n<\/form><\/p><\/p>\t\t\t\t\t\t<\/div>\n\t\t\t\t<\/div>\n\t\t\t\t\t<\/div>\n\t\t<\/div>\n\t\t\t\t\t<\/div>\n\t\t<\/section>\n\t\t\t\t<\/div>","protected":false},"excerpt":{"rendered":"<p>\/\/ La plateforme Viqtor\u00ae Guide : RGPD et site web : Quelles obligations \u00e0 respecter ? Le R\u00e8glement G\u00e9n\u00e9ral sur la Protection des Donn\u00e9es (RGPD) est une r\u00e9glementation europ\u00e9enne visant \u00e0 renforcer la protection des donn\u00e9es personnelles des citoyens de l&rsquo;Union europ\u00e9enne. Toute entreprise collectant ou traitant des donn\u00e9es personnelles en ligne doit se conformer [&hellip;]<\/p>","protected":false},"author":1,"featured_media":0,"parent":0,"menu_order":0,"comment_status":"closed","ping_status":"closed","template":"","meta":{"_acf_changed":false,"footnotes":""},"class_list":["post-12719","page","type-page","status-publish","hentry"],"acf":[],"yoast_head":"<!-- This site is optimized with the Yoast SEO plugin v23.6 - https:\/\/yoast.com\/wordpress\/plugins\/seo\/ -->\n<title>Guide : RGPD et site web : Quelles obligations \u00e0 respecter ?<\/title>\n<meta name=\"description\" content=\"Assurez la conformit\u00e9 de votre site web au RGPD ! Quelles obligations \u00e0 respecter et quelles sanctions \u00e0 \u00e9viter gr\u00e2ce \u00e0 ce guide complet.\" \/>\n<meta name=\"robots\" content=\"index, follow, max-snippet:-1, max-image-preview:large, max-video-preview:-1\" \/>\n<link rel=\"canonical\" href=\"https:\/\/viqtor.eu\/nl\/guide-rgpd-et-site-web-quelles-obligations-respecter\/\" \/>\n<meta property=\"og:locale\" content=\"nl_NL\" \/>\n<meta property=\"og:type\" content=\"article\" \/>\n<meta property=\"og:title\" content=\"Guide : RGPD et site web : Quelles obligations \u00e0 respecter ?\" \/>\n<meta property=\"og:description\" content=\"Assurez la conformit\u00e9 de votre site web au RGPD ! Quelles obligations \u00e0 respecter et quelles sanctions \u00e0 \u00e9viter gr\u00e2ce \u00e0 ce guide complet.\" \/>\n<meta property=\"og:url\" content=\"https:\/\/viqtor.eu\/nl\/guide-rgpd-et-site-web-quelles-obligations-respecter\/\" \/>\n<meta property=\"og:site_name\" content=\"Viqtor\" \/>\n<meta property=\"article:modified_time\" content=\"2025-04-23T19:08:46+00:00\" \/>\n<meta property=\"og:image\" content=\"https:\/\/viqtor.eu\/wp-content\/uploads\/2026\/04\/widget-viqtor.png\" \/>\n<meta name=\"twitter:card\" content=\"summary_large_image\" \/>\n<meta name=\"twitter:label1\" content=\"Verwachte leestijd\" \/>\n\t<meta name=\"twitter:data1\" content=\"4 minuten\" \/>\n<script type=\"application\/ld+json\" class=\"yoast-schema-graph\">{\"@context\":\"https:\/\/schema.org\",\"@graph\":[{\"@type\":\"WebPage\",\"@id\":\"https:\/\/viqtor.eu\/guide-rgpd-et-site-web-quelles-obligations-respecter\/\",\"url\":\"https:\/\/viqtor.eu\/guide-rgpd-et-site-web-quelles-obligations-respecter\/\",\"name\":\"Guide : RGPD et site web : Quelles obligations \u00e0 respecter ?\",\"isPartOf\":{\"@id\":\"https:\/\/viqtor.eu\/#website\"},\"primaryImageOfPage\":{\"@id\":\"https:\/\/viqtor.eu\/guide-rgpd-et-site-web-quelles-obligations-respecter\/#primaryimage\"},\"image\":{\"@id\":\"https:\/\/viqtor.eu\/guide-rgpd-et-site-web-quelles-obligations-respecter\/#primaryimage\"},\"thumbnailUrl\":\"https:\/\/viqtor.eu\/wp-content\/uploads\/2023\/05\/Les-etapes-principales-pour-la-mise-en-conformite-RGPD-1024x683.jpg\",\"datePublished\":\"2025-02-17T13:01:41+00:00\",\"dateModified\":\"2025-04-23T19:08:46+00:00\",\"description\":\"Assurez la conformit\u00e9 de votre site web au RGPD ! Quelles obligations \u00e0 respecter et quelles sanctions \u00e0 \u00e9viter gr\u00e2ce \u00e0 ce guide complet.\",\"breadcrumb\":{\"@id\":\"https:\/\/viqtor.eu\/guide-rgpd-et-site-web-quelles-obligations-respecter\/#breadcrumb\"},\"inLanguage\":\"nl-NL\",\"potentialAction\":[{\"@type\":\"ReadAction\",\"target\":[\"https:\/\/viqtor.eu\/guide-rgpd-et-site-web-quelles-obligations-respecter\/\"]}]},{\"@type\":\"ImageObject\",\"inLanguage\":\"nl-NL\",\"@id\":\"https:\/\/viqtor.eu\/guide-rgpd-et-site-web-quelles-obligations-respecter\/#primaryimage\",\"url\":\"https:\/\/viqtor.eu\/wp-content\/uploads\/2023\/05\/Les-etapes-principales-pour-la-mise-en-conformite-RGPD-1024x683.jpg\",\"contentUrl\":\"https:\/\/viqtor.eu\/wp-content\/uploads\/2023\/05\/Les-etapes-principales-pour-la-mise-en-conformite-RGPD-1024x683.jpg\"},{\"@type\":\"BreadcrumbList\",\"@id\":\"https:\/\/viqtor.eu\/guide-rgpd-et-site-web-quelles-obligations-respecter\/#breadcrumb\",\"itemListElement\":[{\"@type\":\"ListItem\",\"position\":1,\"name\":\"Accueil\",\"item\":\"https:\/\/viqtor.eu\/\"},{\"@type\":\"ListItem\",\"position\":2,\"name\":\"Guide : RGPD et site web : quelles obligations respecter ?\"}]},{\"@type\":\"WebSite\",\"@id\":\"https:\/\/viqtor.eu\/#website\",\"url\":\"https:\/\/viqtor.eu\/\",\"name\":\"Viqtor\",\"description\":\"Faites du RGPD une opportunit\u00e9 pour votre entreprise.\",\"publisher\":{\"@id\":\"https:\/\/viqtor.eu\/#organization\"},\"potentialAction\":[{\"@type\":\"SearchAction\",\"target\":{\"@type\":\"EntryPoint\",\"urlTemplate\":\"https:\/\/viqtor.eu\/?s={search_term_string}\"},\"query-input\":{\"@type\":\"PropertyValueSpecification\",\"valueRequired\":true,\"valueName\":\"search_term_string\"}}],\"inLanguage\":\"nl-NL\"},{\"@type\":\"Organization\",\"@id\":\"https:\/\/viqtor.eu\/#organization\",\"name\":\"viqtor.eu\",\"url\":\"https:\/\/viqtor.eu\/\",\"logo\":{\"@type\":\"ImageObject\",\"inLanguage\":\"nl-NL\",\"@id\":\"https:\/\/viqtor.eu\/#\/schema\/logo\/image\/\",\"url\":\"https:\/\/viqtor.eu\/wp-content\/uploads\/2023\/06\/favicon-noir.svg\",\"contentUrl\":\"https:\/\/viqtor.eu\/wp-content\/uploads\/2023\/06\/favicon-noir.svg\",\"width\":108,\"height\":86,\"caption\":\"viqtor.eu\"},\"image\":{\"@id\":\"https:\/\/viqtor.eu\/#\/schema\/logo\/image\/\"}}]}<\/script>\n<!-- \/ Yoast SEO plugin. -->","yoast_head_json":{"title":"Guide : RGPD et site web : Quelles obligations \u00e0 respecter ?","description":"Assurez la conformit\u00e9 de votre site web au RGPD ! Quelles obligations \u00e0 respecter et quelles sanctions \u00e0 \u00e9viter gr\u00e2ce \u00e0 ce guide complet.","robots":{"index":"index","follow":"follow","max-snippet":"max-snippet:-1","max-image-preview":"max-image-preview:large","max-video-preview":"max-video-preview:-1"},"canonical":"https:\/\/viqtor.eu\/nl\/guide-rgpd-et-site-web-quelles-obligations-respecter\/","og_locale":"nl_NL","og_type":"article","og_title":"Guide : RGPD et site web : Quelles obligations \u00e0 respecter ?","og_description":"Assurez la conformit\u00e9 de votre site web au RGPD ! Quelles obligations \u00e0 respecter et quelles sanctions \u00e0 \u00e9viter gr\u00e2ce \u00e0 ce guide complet.","og_url":"https:\/\/viqtor.eu\/nl\/guide-rgpd-et-site-web-quelles-obligations-respecter\/","og_site_name":"Viqtor","article_modified_time":"2025-04-23T19:08:46+00:00","og_image":[{"url":"https:\/\/viqtor.eu\/wp-content\/uploads\/2026\/04\/widget-viqtor.png"}],"twitter_card":"summary_large_image","twitter_misc":{"Verwachte leestijd":"4 minuten"},"schema":{"@context":"https:\/\/schema.org","@graph":[{"@type":"WebPage","@id":"https:\/\/viqtor.eu\/guide-rgpd-et-site-web-quelles-obligations-respecter\/","url":"https:\/\/viqtor.eu\/guide-rgpd-et-site-web-quelles-obligations-respecter\/","name":"Guide : RGPD et site web : Quelles obligations \u00e0 respecter ?","isPartOf":{"@id":"https:\/\/viqtor.eu\/#website"},"primaryImageOfPage":{"@id":"https:\/\/viqtor.eu\/guide-rgpd-et-site-web-quelles-obligations-respecter\/#primaryimage"},"image":{"@id":"https:\/\/viqtor.eu\/guide-rgpd-et-site-web-quelles-obligations-respecter\/#primaryimage"},"thumbnailUrl":"https:\/\/viqtor.eu\/wp-content\/uploads\/2023\/05\/Les-etapes-principales-pour-la-mise-en-conformite-RGPD-1024x683.jpg","datePublished":"2025-02-17T13:01:41+00:00","dateModified":"2025-04-23T19:08:46+00:00","description":"Assurez la conformit\u00e9 de votre site web au RGPD ! Quelles obligations \u00e0 respecter et quelles sanctions \u00e0 \u00e9viter gr\u00e2ce \u00e0 ce guide complet.","breadcrumb":{"@id":"https:\/\/viqtor.eu\/guide-rgpd-et-site-web-quelles-obligations-respecter\/#breadcrumb"},"inLanguage":"nl-NL","potentialAction":[{"@type":"ReadAction","target":["https:\/\/viqtor.eu\/guide-rgpd-et-site-web-quelles-obligations-respecter\/"]}]},{"@type":"ImageObject","inLanguage":"nl-NL","@id":"https:\/\/viqtor.eu\/guide-rgpd-et-site-web-quelles-obligations-respecter\/#primaryimage","url":"https:\/\/viqtor.eu\/wp-content\/uploads\/2023\/05\/Les-etapes-principales-pour-la-mise-en-conformite-RGPD-1024x683.jpg","contentUrl":"https:\/\/viqtor.eu\/wp-content\/uploads\/2023\/05\/Les-etapes-principales-pour-la-mise-en-conformite-RGPD-1024x683.jpg"},{"@type":"BreadcrumbList","@id":"https:\/\/viqtor.eu\/guide-rgpd-et-site-web-quelles-obligations-respecter\/#breadcrumb","itemListElement":[{"@type":"ListItem","position":1,"name":"Accueil","item":"https:\/\/viqtor.eu\/"},{"@type":"ListItem","position":2,"name":"Guide : RGPD et site web : quelles obligations respecter ?"}]},{"@type":"WebSite","@id":"https:\/\/viqtor.eu\/#website","url":"https:\/\/viqtor.eu\/","name":"Viqtor","description":"Faites du RGPD une opportunit\u00e9 pour votre entreprise.","publisher":{"@id":"https:\/\/viqtor.eu\/#organization"},"potentialAction":[{"@type":"SearchAction","target":{"@type":"EntryPoint","urlTemplate":"https:\/\/viqtor.eu\/?s={search_term_string}"},"query-input":{"@type":"PropertyValueSpecification","valueRequired":true,"valueName":"search_term_string"}}],"inLanguage":"nl-NL"},{"@type":"Organization","@id":"https:\/\/viqtor.eu\/#organization","name":"viqtor.eu","url":"https:\/\/viqtor.eu\/","logo":{"@type":"ImageObject","inLanguage":"nl-NL","@id":"https:\/\/viqtor.eu\/#\/schema\/logo\/image\/","url":"https:\/\/viqtor.eu\/wp-content\/uploads\/2023\/06\/favicon-noir.svg","contentUrl":"https:\/\/viqtor.eu\/wp-content\/uploads\/2023\/06\/favicon-noir.svg","width":108,"height":86,"caption":"viqtor.eu"},"image":{"@id":"https:\/\/viqtor.eu\/#\/schema\/logo\/image\/"}}]}},"_links":{"self":[{"href":"https:\/\/viqtor.eu\/nl\/wp-json\/wp\/v2\/pages\/12719","targetHints":{"allow":["GET"]}}],"collection":[{"href":"https:\/\/viqtor.eu\/nl\/wp-json\/wp\/v2\/pages"}],"about":[{"href":"https:\/\/viqtor.eu\/nl\/wp-json\/wp\/v2\/types\/page"}],"author":[{"embeddable":true,"href":"https:\/\/viqtor.eu\/nl\/wp-json\/wp\/v2\/users\/1"}],"replies":[{"embeddable":true,"href":"https:\/\/viqtor.eu\/nl\/wp-json\/wp\/v2\/comments?post=12719"}],"version-history":[{"count":52,"href":"https:\/\/viqtor.eu\/nl\/wp-json\/wp\/v2\/pages\/12719\/revisions"}],"predecessor-version":[{"id":12994,"href":"https:\/\/viqtor.eu\/nl\/wp-json\/wp\/v2\/pages\/12719\/revisions\/12994"}],"wp:attachment":[{"href":"https:\/\/viqtor.eu\/nl\/wp-json\/wp\/v2\/media?parent=12719"}],"curies":[{"name":"wp","href":"https:\/\/api.w.org\/{rel}","templated":true}]}}