{"id":12636,"date":"2025-02-11T12:29:59","date_gmt":"2025-02-11T12:29:59","guid":{"rendered":"https:\/\/viqtor.eu\/?page_id=12636"},"modified":"2025-02-17T12:23:40","modified_gmt":"2025-02-17T12:23:40","slug":"guide-sur-laudit-de-conformite-rgpd","status":"publish","type":"page","link":"https:\/\/viqtor.eu\/nl\/guide-sur-laudit-de-conformite-rgpd\/","title":{"rendered":"Gids voor AVG-nalevingsaudits"},"content":{"rendered":"<div data-elementor-type=\"wp-page\" data-elementor-id=\"12636\" class=\"elementor elementor-12636\" data-elementor-post-type=\"page\">\n\t\t\t\t\t\t<section class=\"elementor-section elementor-top-section elementor-element elementor-element-487d106 elementor-section-content-middle ot-traditional elementor-section-boxed elementor-section-height-default elementor-section-height-default\" data-id=\"487d106\" data-element_type=\"section\" data-settings=\"{&quot;background_background&quot;:&quot;classic&quot;}\">\n\t\t\t\t\t\t\t<div class=\"elementor-background-overlay\"><\/div>\n\t\t\t\t\t\t\t<div class=\"elementor-container elementor-column-gap-default\">\n\t\t\t\t\t<div class=\"elementor-column elementor-col-100 elementor-top-column elementor-element elementor-element-7cb43dc ot-column-items-center ot-flex-column-vertical\" data-id=\"7cb43dc\" data-element_type=\"column\">\n\t\t\t<div class=\"elementor-widget-wrap elementor-element-populated\">\n\t\t\t\t\t\t<div class=\"elementor-element elementor-element-f174978 elementor-widget__width-initial elementor-widget elementor-widget-iheading\" data-id=\"f174978\" data-element_type=\"widget\" data-widget_type=\"iheading.default\">\n\t\t\t\t<div class=\"elementor-widget-container\">\n\t\t\t\t\t<div class=\"ot-heading\">\r\n\t        \t            <span>\/\/ Het Viqtor\u00ae-platform<\/span>\r\n\t        <h1 class=\"main-heading\">\n\nViqtor\u00ae: Complete gids voor AVG-nalevingsaudits\n\n<\/h1>\t    <\/div>\r\n\t    \t\t<\/div>\n\t\t\t\t<\/div>\n\t\t\t\t\t<\/div>\n\t\t<\/div>\n\t\t\t\t\t<\/div>\n\t\t<\/section>\n\t\t\t\t<section class=\"elementor-section elementor-top-section elementor-element elementor-element-6bfd0a4 ot-traditional elementor-section-boxed elementor-section-height-default elementor-section-height-default\" data-id=\"6bfd0a4\" data-element_type=\"section\">\n\t\t\t\t\t\t<div class=\"elementor-container elementor-column-gap-default\">\n\t\t\t\t\t<div class=\"elementor-column elementor-col-100 elementor-top-column elementor-element elementor-element-9e9d643 ot-flex-column-vertical\" data-id=\"9e9d643\" data-element_type=\"column\">\n\t\t\t<div class=\"elementor-widget-wrap elementor-element-populated\">\n\t\t\t\t\t\t<div class=\"elementor-element elementor-element-4ca1c81 elementor-widget elementor-widget-text-editor\" data-id=\"4ca1c81\" data-element_type=\"widget\" data-widget_type=\"text-editor.default\">\n\t\t\t\t<div class=\"elementor-widget-container\">\n\t\t\t\t\t\t\t<p>De Algemene Verordening Gegevensbescherming (AVG) is een wettelijk kader dat bedrijven en organisaties verplicht de bescherming van de persoonsgegevens van burgers van de Europese Unie te waarborgen. Het uitvoeren van een AVG-nalevingsaudit is een essenti\u00eble stap om ervoor te zorgen dat uw bedrijf aan deze wettelijke verplichtingen voldoet.<\/p><p>In deze gids zullen we de belangrijkste stappen van een <strong>AVG-nalevingsaudit<\/strong>, veelvoorkomende fouten die u moet vermijden, en praktisch advies om effectieve naleving te garanderen.<\/p><h2>Wat is een AVG-nalevingsaudit?<\/h2><p>Een AVG-nalevingsaudit is een beoordelingsproces om hiaten te identificeren tussen de huidige praktijken van een organisatie en de AVG-vereisten. Het doel is om:<\/p><ul><li>Analyseer de verwerking van persoonsgegevens.<\/li><li>Identificeer risico&#039;s voor gegevensbescherming.<\/li><li>Voer corrigerende maatregelen uit om naleving te garanderen.<\/li><\/ul><p>De audit kan intern worden uitgevoerd door een DPO (functionaris voor gegevensbescherming) of een gespecialiseerde externe deskundige.<\/p><hr \/><h2>2. Stappen van een AVG-nalevingsaudit<\/h2><p><strong>Identificatie van gegevensverwerking<\/strong><\/p><ul><li>Maak een lijst van alle persoonlijke gegevens die verzameld, opgeslagen en verwerkt zijn.<\/li><li>Bepaal de wettelijke grondslagen voor deze verwerkingen (toestemming, wettelijke verplichting, contractuele uitvoering, enz.).<\/li><li>Controleer voor welke doeleinden de gegevens worden gebruikt.<\/li><\/ul><p><strong>Verificatie van rechtsgrondslagen<\/strong><\/p><ul><li>Zorg ervoor dat elke gegevensverwerking gebaseerd is op een geldige wettelijke basis.<\/li><li>Zorg ervoor dat expliciet toestemming van de gebruiker wordt gevraagd wanneer dat nodig is.<\/li><\/ul><p><strong>Analyse van mensenrechten<\/strong><\/p><ul><li>Controleer of de betrokkenen hun rechten (inzage, rectificatie, verwijdering, overdraagbaarheid, enz.) gemakkelijk kunnen uitoefenen.<\/li><li>Zorg ervoor dat uw privacybeleid duidelijk en toegankelijk is.<\/li><\/ul><p><strong>Gegevensbeveiliging<\/strong><\/p><ul><li>Evalueer de beveiligingsmaatregelen die zijn ge\u00efmplementeerd om gegevens te beschermen (versleuteling, pseudonimisering, toegangscontrole, enz.).<\/li><li>Test de robuustheid van uw beveiligingsprotocollen om datalekken te voorkomen.<\/li><\/ul><p><strong>Documentatie en naleving<\/strong><\/p><ul><li>Houd een actueel register voor gegevensverwerking bij.<\/li><li>Controleer of er een plan is om te reageren op beveiligingsincidenten.<\/li><li>Zorg ervoor dat contracten met onderaannemers voldoen aan de AVG.<\/li><\/ul><p><strong>Bewustwording en training<\/strong><\/p><ul><li>Train uw teams in goede praktijken op het gebied van gegevensbescherming.<\/li><li>Zorg ervoor dat medewerkers op de hoogte zijn van hun AVG-verantwoordelijkheden.<\/li><\/ul>\t\t\t\t\t\t<\/div>\n\t\t\t\t<\/div>\n\t\t\t\t\t<\/div>\n\t\t<\/div>\n\t\t\t\t\t<\/div>\n\t\t<\/section>\n\t\t\t\t<section class=\"elementor-section elementor-top-section elementor-element elementor-element-e58c8b9 ot-traditional elementor-section-boxed elementor-section-height-default elementor-section-height-default\" data-id=\"e58c8b9\" data-element_type=\"section\">\n\t\t\t\t\t\t<div class=\"elementor-container elementor-column-gap-default\">\n\t\t\t\t\t<div class=\"elementor-column elementor-col-50 elementor-top-column elementor-element elementor-element-2ec2fea ot-flex-column-vertical\" data-id=\"2ec2fea\" data-element_type=\"column\">\n\t\t\t<div class=\"elementor-widget-wrap elementor-element-populated\">\n\t\t\t\t\t\t<div class=\"elementor-element elementor-element-b96b62f elementor-widget elementor-widget-image\" data-id=\"b96b62f\" data-element_type=\"widget\" data-widget_type=\"image.default\">\n\t\t\t\t<div class=\"elementor-widget-container\">\n\t\t\t\t\t\t\t\t\t\t\t\t\t<img fetchpriority=\"high\" decoding=\"async\" width=\"1024\" height=\"584\" src=\"https:\/\/viqtor.eu\/wp-content\/uploads\/2024\/06\/Dashboard-copie-1024x584.png\" class=\"attachment-large size-large wp-image-11131\" alt=\"home viqtor\" srcset=\"https:\/\/viqtor.eu\/wp-content\/uploads\/2024\/06\/Dashboard-copie-1024x584.png 1024w, https:\/\/viqtor.eu\/wp-content\/uploads\/2024\/06\/Dashboard-copie-300x171.png 300w, https:\/\/viqtor.eu\/wp-content\/uploads\/2024\/06\/Dashboard-copie-768x438.png 768w, https:\/\/viqtor.eu\/wp-content\/uploads\/2024\/06\/Dashboard-copie-1536x876.png 1536w, https:\/\/viqtor.eu\/wp-content\/uploads\/2024\/06\/Dashboard-copie-2048x1168.png 2048w, https:\/\/viqtor.eu\/wp-content\/uploads\/2024\/06\/Dashboard-copie-720x411.png 720w\" sizes=\"(max-width: 1024px) 100vw, 1024px\" \/>\t\t\t\t\t\t\t\t\t\t\t\t\t<\/div>\n\t\t\t\t<\/div>\n\t\t\t\t\t<\/div>\n\t\t<\/div>\n\t\t\t\t<div class=\"elementor-column elementor-col-50 elementor-top-column elementor-element elementor-element-5e6ca7a ot-flex-column-vertical\" data-id=\"5e6ca7a\" data-element_type=\"column\">\n\t\t\t<div class=\"elementor-widget-wrap elementor-element-populated\">\n\t\t\t\t\t\t<div class=\"elementor-element elementor-element-fc70a7e elementor-widget elementor-widget-image\" data-id=\"fc70a7e\" data-element_type=\"widget\" data-widget_type=\"image.default\">\n\t\t\t\t<div class=\"elementor-widget-container\">\n\t\t\t\t\t\t\t\t\t\t\t\t\t<img decoding=\"async\" width=\"646\" height=\"386\" src=\"https:\/\/viqtor.eu\/wp-content\/uploads\/2024\/03\/pika-1711032360924-1x-removebg-preview.png\" class=\"attachment-large size-large wp-image-10834\" alt=\"Logiciel RGPD\" srcset=\"https:\/\/viqtor.eu\/wp-content\/uploads\/2024\/03\/pika-1711032360924-1x-removebg-preview.png 646w, https:\/\/viqtor.eu\/wp-content\/uploads\/2024\/03\/pika-1711032360924-1x-removebg-preview-300x179.png 300w\" sizes=\"(max-width: 646px) 100vw, 646px\" \/>\t\t\t\t\t\t\t\t\t\t\t\t\t<\/div>\n\t\t\t\t<\/div>\n\t\t\t\t\t<\/div>\n\t\t<\/div>\n\t\t\t\t\t<\/div>\n\t\t<\/section>\n\t\t\t\t<section class=\"elementor-section elementor-top-section elementor-element elementor-element-35ba52a ot-traditional elementor-section-boxed elementor-section-height-default elementor-section-height-default\" data-id=\"35ba52a\" data-element_type=\"section\">\n\t\t\t\t\t\t<div class=\"elementor-container elementor-column-gap-default\">\n\t\t\t\t\t<div class=\"elementor-column elementor-col-100 elementor-top-column elementor-element elementor-element-0cf7b26 ot-flex-column-vertical\" data-id=\"0cf7b26\" data-element_type=\"column\">\n\t\t\t<div class=\"elementor-widget-wrap elementor-element-populated\">\n\t\t\t\t\t\t<div class=\"elementor-element elementor-element-3593ed7 elementor-widget elementor-widget-heading\" data-id=\"3593ed7\" data-element_type=\"widget\" data-widget_type=\"heading.default\">\n\t\t\t\t<div class=\"elementor-widget-container\">\n\t\t\t<h2 class=\"elementor-heading-title elementor-size-large\">3. Veelvoorkomende fouten om te vermijden<\/h2>\t\t<\/div>\n\t\t\t\t<\/div>\n\t\t\t\t\t<\/div>\n\t\t<\/div>\n\t\t\t\t\t<\/div>\n\t\t<\/section>\n\t\t\t\t<section class=\"elementor-section elementor-top-section elementor-element elementor-element-3a23f17 ot-traditional elementor-section-boxed elementor-section-height-default elementor-section-height-default\" data-id=\"3a23f17\" data-element_type=\"section\">\n\t\t\t\t\t\t<div class=\"elementor-container elementor-column-gap-default\">\n\t\t\t\t\t<div class=\"elementor-column elementor-col-100 elementor-top-column elementor-element elementor-element-cf1b7c9 ot-flex-column-vertical\" data-id=\"cf1b7c9\" data-element_type=\"column\">\n\t\t\t<div class=\"elementor-widget-wrap elementor-element-populated\">\n\t\t\t\t\t\t<div class=\"elementor-element elementor-element-3c94449 elementor-widget elementor-widget-text-editor\" data-id=\"3c94449\" data-element_type=\"widget\" data-widget_type=\"text-editor.default\">\n\t\t\t\t<div class=\"elementor-widget-container\">\n\t\t\t\t\t\t\t<ul><li>Verwaarlozen<strong> gegevensverwerking mapping<\/strong> : een gebrekkige kennis van de verzamelde gegevens kan leiden tot non-conformiteiten.<\/li><li><strong>Vergeet de onderaannemers<\/strong> : zorg ervoor dat al uw partners ook AVG-conform zijn.<\/li><li><strong>Het niet up-to-date houden van het behandelregister<\/strong> :een verouderd register kan bij een inspectie tot sancties leiden.<\/li><li><strong>Gebrek aan transparantie met gebruikers<\/strong> :Een onvolledig of moeilijk te begrijpen privacybeleid kan problematisch zijn.<\/li><li><strong>Negeer veiligheidsmaatregelen<\/strong> : een gebrek aan gegevensbescherming kan leiden tot overtredingen en sancties.<\/li><\/ul><hr \/><h3>4. Praktische tips voor het garanderen van effectieve naleving<\/h3><ul><li><strong>Gebruik een speciaal hulpmiddel zoals Viqtor\u00ae<\/strong> : met een AVG-platform kunt u audits automatiseren en de naleving in realtime bewaken.<\/li><li><strong>Stel een actieplan op<\/strong> : corrigeer de afwijkingen die tijdens de audit zijn ge\u00efdentificeerd door prioriteit te geven aan de meest kritieke risico&#039;s.<\/li><li><strong>Regelmatig audits uitvoeren<\/strong> :Voldoen aan de AVG is geen vaststaand gegeven, maar een continu proces.<\/li><li><strong>Cre\u00eber bewustzijn en betrek uw teams<\/strong> :Het opleiden van werknemers is essentieel om menselijke fouten te voorkomen.<\/li><li><strong>Anticipeer op wetswijzigingen<\/strong> :De AVG is voortdurend in ontwikkeling en uw bedrijf moet zich voortdurend aanpassen.<\/li><\/ul><p>A <b>AVG-nalevingsaudit<\/b> is een essenti\u00eble stap om de bescherming van persoonsgegevens te waarborgen en sancties te voorkomen. Dankzij een <strong>AVG-platform<\/strong> Met een specialist als Viqtor\u00ae kunt u dit proces vereenvoudigen en uw compliance optimaal monitoren.<\/p><p>Heeft u persoonlijke ondersteuning nodig voor uw <b>AVG-audit<\/b> ? Contact <b>Viqtor\u00ae<\/b> profiteer nu van een oplossing op maat.<\/p>\t\t\t\t\t\t<\/div>\n\t\t\t\t<\/div>\n\t\t\t\t\t<\/div>\n\t\t<\/div>\n\t\t\t\t\t<\/div>\n\t\t<\/section>\n\t\t\t\t<section class=\"elementor-section elementor-top-section elementor-element elementor-element-77edb27 ot-traditional elementor-section-boxed elementor-section-height-default elementor-section-height-default\" data-id=\"77edb27\" data-element_type=\"section\">\n\t\t\t\t\t\t<div class=\"elementor-container elementor-column-gap-default\">\n\t\t\t\t\t<div class=\"elementor-column elementor-col-100 elementor-top-column elementor-element elementor-element-72942a8 ot-flex-column-vertical\" data-id=\"72942a8\" data-element_type=\"column\">\n\t\t\t<div class=\"elementor-widget-wrap elementor-element-populated\">\n\t\t\t\t\t\t<div class=\"elementor-element elementor-element-0fcf018 elementor-widget elementor-widget-text-editor\" data-id=\"0fcf018\" data-element_type=\"widget\" data-widget_type=\"text-editor.default\">\n\t\t\t\t<div class=\"elementor-widget-container\">\n\t\t\t\t\t\t\t<div><div><div><div><p style=\"text-align: center;\"><span style=\"color: #000000;\"><strong>Download de complete gids gratis:<\/strong><\/span><\/p><\/div><\/div><\/div><\/div>\t\t\t\t\t\t<\/div>\n\t\t\t\t<\/div>\n\t\t\t\t\t<\/div>\n\t\t<\/div>\n\t\t\t\t\t<\/div>\n\t\t<\/section>\n\t\t\t\t<section class=\"elementor-section elementor-top-section elementor-element elementor-element-7f22e0c ot-traditional elementor-section-boxed elementor-section-height-default elementor-section-height-default\" data-id=\"7f22e0c\" data-element_type=\"section\">\n\t\t\t\t\t\t<div class=\"elementor-container elementor-column-gap-default\">\n\t\t\t\t\t<div class=\"elementor-column elementor-col-100 elementor-top-column elementor-element elementor-element-d89bd3c ot-flex-column-vertical\" data-id=\"d89bd3c\" data-element_type=\"column\">\n\t\t\t<div class=\"elementor-widget-wrap elementor-element-populated\">\n\t\t\t\t\t\t<div class=\"elementor-element elementor-element-6220207 elementor-widget elementor-widget-text-editor\" data-id=\"6220207\" data-element_type=\"widget\" data-widget_type=\"text-editor.default\">\n\t\t\t\t<div class=\"elementor-widget-container\">\n\t\t\t\t\t\t\t<p><p><form method=\"post\" action=\"https:\/\/viqtor.eu\/wp-admin\/admin-ajax.php?action=tnp&amp;na=s\" class=\"tnp-subscription\" style=\"\">\n<input type=\"hidden\" name=\"nlang\" value=\"\">\n <div class=\"tnp-field tnp-field-email\"><label for=\"tnp-1\">E-mail<\/label>\n<input class=\"tnp-email\" type=\"email\" name=\"ne\" id=\"tnp-1\" value=\"\" placeholder=\"\" required><\/div>\n\u00a0<label> <input name=\"AGREE_TO_TERMS\" required=\"\" type=\"checkbox\" value=\"1\" \/> Ik geef toestemming voor het gebruik van mijn persoonsgegevens uitsluitend voor het verwerken van mijn downloadverzoek. Wij verbieden elk ander gebruik van deze gegevens.<\/label> <label> <input name=\"AGREE_TO_TERMS\" required=\"\" type=\"checkbox\" value=\"1\" \/>Ik ga ermee akkoord om periodiek informatie te ontvangen over serviceaanbiedingen van Viqtor.<\/label>\u00a0 \u00a0 \u00a0 \u00a0 \u00a0 \u00a0 \u00a0 \u00a0 \u00a0 \u00a0 \u00a0 \u00a0 \u00a0 \u00a0 \u00a0 \u00a0 \u00a0 \u00a0 \u00a0 \u00a0 <div class=\"tnp-field tnp-field-button\" style=\"text-align: left\"><input class=\"tnp-submit\" type=\"submit\" value=\"Ontvang de gids\" style=\"\">\n<\/div>\n<\/form><\/p><\/p>\t\t\t\t\t\t<\/div>\n\t\t\t\t<\/div>\n\t\t\t\t\t<\/div>\n\t\t<\/div>\n\t\t\t\t\t<\/div>\n\t\t<\/section>\n\t\t\t\t<\/div>","protected":false},"excerpt":{"rendered":"<p>\/\/ La plateforme Viqtor\u00ae Viqtor\u00ae : guide complet sur l\u2019audit de conformit\u00e9 RGPD Le R\u00e8glement g\u00e9n\u00e9ral sur la protection des donn\u00e9es (RGPD) est un cadre juridique qui impose aux entreprises et organisations de garantir la protection des donn\u00e9es personnelles des citoyens de l&rsquo;Union europ\u00e9enne. R\u00e9aliser un audit de conformit\u00e9 RGPD est une \u00e9tape essentielle pour [&hellip;]<\/p>","protected":false},"author":1,"featured_media":0,"parent":0,"menu_order":0,"comment_status":"closed","ping_status":"closed","template":"","meta":{"_acf_changed":false,"footnotes":""},"class_list":["post-12636","page","type-page","status-publish","hentry"],"acf":[],"yoast_head":"<!-- This site is optimized with the Yoast SEO plugin v23.6 - https:\/\/yoast.com\/wordpress\/plugins\/seo\/ -->\n<title>Guide sur l\u2019audit de conformit\u00e9 RGPD - Viqtor<\/title>\n<meta name=\"description\" content=\"Guide complet sur l\u2019audit de conformit\u00e9 RGPD : \u00e9tapes cl\u00e9s, bonnes pratiques et conseils pour assurer la protection des donn\u00e9es et la conformit\u00e9 RGPD.\" \/>\n<meta name=\"robots\" content=\"index, follow, max-snippet:-1, max-image-preview:large, max-video-preview:-1\" \/>\n<link rel=\"canonical\" href=\"https:\/\/viqtor.eu\/nl\/guide-sur-laudit-de-conformite-rgpd\/\" \/>\n<meta property=\"og:locale\" content=\"nl_NL\" \/>\n<meta property=\"og:type\" content=\"article\" \/>\n<meta property=\"og:title\" content=\"Guide sur l\u2019audit de conformit\u00e9 RGPD - Viqtor\" \/>\n<meta property=\"og:description\" content=\"Guide complet sur l\u2019audit de conformit\u00e9 RGPD : \u00e9tapes cl\u00e9s, bonnes pratiques et conseils pour assurer la protection des donn\u00e9es et la conformit\u00e9 RGPD.\" \/>\n<meta property=\"og:url\" content=\"https:\/\/viqtor.eu\/nl\/guide-sur-laudit-de-conformite-rgpd\/\" \/>\n<meta property=\"og:site_name\" content=\"Viqtor\" \/>\n<meta property=\"article:modified_time\" content=\"2025-02-17T12:23:40+00:00\" \/>\n<meta property=\"og:image\" content=\"https:\/\/viqtor.eu\/wp-content\/uploads\/2026\/04\/widget-viqtor.png\" \/>\n\t<meta property=\"og:image:width\" content=\"2880\" \/>\n\t<meta property=\"og:image:height\" content=\"1642\" \/>\n\t<meta property=\"og:image:type\" content=\"image\/png\" \/>\n<meta name=\"twitter:card\" content=\"summary_large_image\" \/>\n<meta name=\"twitter:label1\" content=\"Verwachte leestijd\" \/>\n\t<meta name=\"twitter:data1\" content=\"4 minuten\" \/>\n<script type=\"application\/ld+json\" class=\"yoast-schema-graph\">{\"@context\":\"https:\/\/schema.org\",\"@graph\":[{\"@type\":\"WebPage\",\"@id\":\"https:\/\/viqtor.eu\/guide-sur-laudit-de-conformite-rgpd\/\",\"url\":\"https:\/\/viqtor.eu\/guide-sur-laudit-de-conformite-rgpd\/\",\"name\":\"Guide sur l\u2019audit de conformit\u00e9 RGPD - Viqtor\",\"isPartOf\":{\"@id\":\"https:\/\/viqtor.eu\/#website\"},\"primaryImageOfPage\":{\"@id\":\"https:\/\/viqtor.eu\/guide-sur-laudit-de-conformite-rgpd\/#primaryimage\"},\"image\":{\"@id\":\"https:\/\/viqtor.eu\/guide-sur-laudit-de-conformite-rgpd\/#primaryimage\"},\"thumbnailUrl\":\"https:\/\/viqtor.eu\/wp-content\/uploads\/2024\/06\/Dashboard-copie-1024x584.png\",\"datePublished\":\"2025-02-11T12:29:59+00:00\",\"dateModified\":\"2025-02-17T12:23:40+00:00\",\"description\":\"Guide complet sur l\u2019audit de conformit\u00e9 RGPD : \u00e9tapes cl\u00e9s, bonnes pratiques et conseils pour assurer la protection des donn\u00e9es et la conformit\u00e9 RGPD.\",\"breadcrumb\":{\"@id\":\"https:\/\/viqtor.eu\/guide-sur-laudit-de-conformite-rgpd\/#breadcrumb\"},\"inLanguage\":\"nl-NL\",\"potentialAction\":[{\"@type\":\"ReadAction\",\"target\":[\"https:\/\/viqtor.eu\/guide-sur-laudit-de-conformite-rgpd\/\"]}]},{\"@type\":\"ImageObject\",\"inLanguage\":\"nl-NL\",\"@id\":\"https:\/\/viqtor.eu\/guide-sur-laudit-de-conformite-rgpd\/#primaryimage\",\"url\":\"https:\/\/viqtor.eu\/wp-content\/uploads\/2024\/06\/Dashboard-copie-1024x584.png\",\"contentUrl\":\"https:\/\/viqtor.eu\/wp-content\/uploads\/2024\/06\/Dashboard-copie-1024x584.png\"},{\"@type\":\"BreadcrumbList\",\"@id\":\"https:\/\/viqtor.eu\/guide-sur-laudit-de-conformite-rgpd\/#breadcrumb\",\"itemListElement\":[{\"@type\":\"ListItem\",\"position\":1,\"name\":\"Accueil\",\"item\":\"https:\/\/viqtor.eu\/\"},{\"@type\":\"ListItem\",\"position\":2,\"name\":\"Guide sur l\u2019audit de conformit\u00e9 RGPD\"}]},{\"@type\":\"WebSite\",\"@id\":\"https:\/\/viqtor.eu\/#website\",\"url\":\"https:\/\/viqtor.eu\/\",\"name\":\"Viqtor\",\"description\":\"Faites du RGPD une opportunit\u00e9 pour votre entreprise.\",\"publisher\":{\"@id\":\"https:\/\/viqtor.eu\/#organization\"},\"potentialAction\":[{\"@type\":\"SearchAction\",\"target\":{\"@type\":\"EntryPoint\",\"urlTemplate\":\"https:\/\/viqtor.eu\/?s={search_term_string}\"},\"query-input\":{\"@type\":\"PropertyValueSpecification\",\"valueRequired\":true,\"valueName\":\"search_term_string\"}}],\"inLanguage\":\"nl-NL\"},{\"@type\":\"Organization\",\"@id\":\"https:\/\/viqtor.eu\/#organization\",\"name\":\"viqtor.eu\",\"url\":\"https:\/\/viqtor.eu\/\",\"logo\":{\"@type\":\"ImageObject\",\"inLanguage\":\"nl-NL\",\"@id\":\"https:\/\/viqtor.eu\/#\/schema\/logo\/image\/\",\"url\":\"https:\/\/viqtor.eu\/wp-content\/uploads\/2023\/06\/favicon-noir.svg\",\"contentUrl\":\"https:\/\/viqtor.eu\/wp-content\/uploads\/2023\/06\/favicon-noir.svg\",\"width\":108,\"height\":86,\"caption\":\"viqtor.eu\"},\"image\":{\"@id\":\"https:\/\/viqtor.eu\/#\/schema\/logo\/image\/\"}}]}<\/script>\n<!-- \/ Yoast SEO plugin. -->","yoast_head_json":{"title":"Guide sur l\u2019audit de conformit\u00e9 RGPD - Viqtor","description":"Guide complet sur l\u2019audit de conformit\u00e9 RGPD : \u00e9tapes cl\u00e9s, bonnes pratiques et conseils pour assurer la protection des donn\u00e9es et la conformit\u00e9 RGPD.","robots":{"index":"index","follow":"follow","max-snippet":"max-snippet:-1","max-image-preview":"max-image-preview:large","max-video-preview":"max-video-preview:-1"},"canonical":"https:\/\/viqtor.eu\/nl\/guide-sur-laudit-de-conformite-rgpd\/","og_locale":"nl_NL","og_type":"article","og_title":"Guide sur l\u2019audit de conformit\u00e9 RGPD - Viqtor","og_description":"Guide complet sur l\u2019audit de conformit\u00e9 RGPD : \u00e9tapes cl\u00e9s, bonnes pratiques et conseils pour assurer la protection des donn\u00e9es et la conformit\u00e9 RGPD.","og_url":"https:\/\/viqtor.eu\/nl\/guide-sur-laudit-de-conformite-rgpd\/","og_site_name":"Viqtor","article_modified_time":"2025-02-17T12:23:40+00:00","og_image":[{"width":2880,"height":1642,"url":"https:\/\/viqtor.eu\/wp-content\/uploads\/2026\/04\/widget-viqtor.png","type":"image\/png"}],"twitter_card":"summary_large_image","twitter_misc":{"Verwachte leestijd":"4 minuten"},"schema":{"@context":"https:\/\/schema.org","@graph":[{"@type":"WebPage","@id":"https:\/\/viqtor.eu\/guide-sur-laudit-de-conformite-rgpd\/","url":"https:\/\/viqtor.eu\/guide-sur-laudit-de-conformite-rgpd\/","name":"Guide sur l\u2019audit de conformit\u00e9 RGPD - Viqtor","isPartOf":{"@id":"https:\/\/viqtor.eu\/#website"},"primaryImageOfPage":{"@id":"https:\/\/viqtor.eu\/guide-sur-laudit-de-conformite-rgpd\/#primaryimage"},"image":{"@id":"https:\/\/viqtor.eu\/guide-sur-laudit-de-conformite-rgpd\/#primaryimage"},"thumbnailUrl":"https:\/\/viqtor.eu\/wp-content\/uploads\/2024\/06\/Dashboard-copie-1024x584.png","datePublished":"2025-02-11T12:29:59+00:00","dateModified":"2025-02-17T12:23:40+00:00","description":"Guide complet sur l\u2019audit de conformit\u00e9 RGPD : \u00e9tapes cl\u00e9s, bonnes pratiques et conseils pour assurer la protection des donn\u00e9es et la conformit\u00e9 RGPD.","breadcrumb":{"@id":"https:\/\/viqtor.eu\/guide-sur-laudit-de-conformite-rgpd\/#breadcrumb"},"inLanguage":"nl-NL","potentialAction":[{"@type":"ReadAction","target":["https:\/\/viqtor.eu\/guide-sur-laudit-de-conformite-rgpd\/"]}]},{"@type":"ImageObject","inLanguage":"nl-NL","@id":"https:\/\/viqtor.eu\/guide-sur-laudit-de-conformite-rgpd\/#primaryimage","url":"https:\/\/viqtor.eu\/wp-content\/uploads\/2024\/06\/Dashboard-copie-1024x584.png","contentUrl":"https:\/\/viqtor.eu\/wp-content\/uploads\/2024\/06\/Dashboard-copie-1024x584.png"},{"@type":"BreadcrumbList","@id":"https:\/\/viqtor.eu\/guide-sur-laudit-de-conformite-rgpd\/#breadcrumb","itemListElement":[{"@type":"ListItem","position":1,"name":"Accueil","item":"https:\/\/viqtor.eu\/"},{"@type":"ListItem","position":2,"name":"Guide sur l\u2019audit de conformit\u00e9 RGPD"}]},{"@type":"WebSite","@id":"https:\/\/viqtor.eu\/#website","url":"https:\/\/viqtor.eu\/","name":"Viqtor","description":"Faites du RGPD une opportunit\u00e9 pour votre entreprise.","publisher":{"@id":"https:\/\/viqtor.eu\/#organization"},"potentialAction":[{"@type":"SearchAction","target":{"@type":"EntryPoint","urlTemplate":"https:\/\/viqtor.eu\/?s={search_term_string}"},"query-input":{"@type":"PropertyValueSpecification","valueRequired":true,"valueName":"search_term_string"}}],"inLanguage":"nl-NL"},{"@type":"Organization","@id":"https:\/\/viqtor.eu\/#organization","name":"viqtor.eu","url":"https:\/\/viqtor.eu\/","logo":{"@type":"ImageObject","inLanguage":"nl-NL","@id":"https:\/\/viqtor.eu\/#\/schema\/logo\/image\/","url":"https:\/\/viqtor.eu\/wp-content\/uploads\/2023\/06\/favicon-noir.svg","contentUrl":"https:\/\/viqtor.eu\/wp-content\/uploads\/2023\/06\/favicon-noir.svg","width":108,"height":86,"caption":"viqtor.eu"},"image":{"@id":"https:\/\/viqtor.eu\/#\/schema\/logo\/image\/"}}]}},"_links":{"self":[{"href":"https:\/\/viqtor.eu\/nl\/wp-json\/wp\/v2\/pages\/12636","targetHints":{"allow":["GET"]}}],"collection":[{"href":"https:\/\/viqtor.eu\/nl\/wp-json\/wp\/v2\/pages"}],"about":[{"href":"https:\/\/viqtor.eu\/nl\/wp-json\/wp\/v2\/types\/page"}],"author":[{"embeddable":true,"href":"https:\/\/viqtor.eu\/nl\/wp-json\/wp\/v2\/users\/1"}],"replies":[{"embeddable":true,"href":"https:\/\/viqtor.eu\/nl\/wp-json\/wp\/v2\/comments?post=12636"}],"version-history":[{"count":30,"href":"https:\/\/viqtor.eu\/nl\/wp-json\/wp\/v2\/pages\/12636\/revisions"}],"predecessor-version":[{"id":12721,"href":"https:\/\/viqtor.eu\/nl\/wp-json\/wp\/v2\/pages\/12636\/revisions\/12721"}],"wp:attachment":[{"href":"https:\/\/viqtor.eu\/nl\/wp-json\/wp\/v2\/media?parent=12636"}],"curies":[{"name":"wp","href":"https:\/\/api.w.org\/{rel}","templated":true}]}}