{"id":9655,"date":"2023-09-26T16:22:19","date_gmt":"2023-09-26T16:22:19","guid":{"rendered":"https:\/\/viqtor.eu\/?page_id=9655"},"modified":"2024-09-18T14:43:59","modified_gmt":"2024-09-18T14:43:59","slug":"les-nouveautes","status":"publish","type":"page","link":"https:\/\/viqtor.eu\/lv\/les-nouveautes\/","title":{"rendered":"Kas jauns"},"content":{"rendered":"<div data-elementor-type=\"wp-page\" data-elementor-id=\"9655\" class=\"elementor elementor-9655\" data-elementor-post-type=\"page\">\n\t\t\t\t\t\t<section class=\"elementor-section elementor-top-section elementor-element elementor-element-487d106 elementor-section-content-middle ot-traditional elementor-section-boxed elementor-section-height-default elementor-section-height-default\" data-id=\"487d106\" data-element_type=\"section\" data-settings=\"{&quot;background_background&quot;:&quot;classic&quot;}\">\n\t\t\t\t\t\t\t<div class=\"elementor-background-overlay\"><\/div>\n\t\t\t\t\t\t\t<div class=\"elementor-container elementor-column-gap-default\">\n\t\t\t\t\t<div class=\"elementor-column elementor-col-100 elementor-top-column elementor-element elementor-element-7cb43dc ot-column-items-center ot-flex-column-vertical\" data-id=\"7cb43dc\" data-element_type=\"column\">\n\t\t\t<div class=\"elementor-widget-wrap elementor-element-populated\">\n\t\t\t\t\t\t<div class=\"elementor-element elementor-element-f174978 elementor-widget__width-initial elementor-widget elementor-widget-iheading\" data-id=\"f174978\" data-element_type=\"widget\" data-widget_type=\"iheading.default\">\n\t\t\t\t<div class=\"elementor-widget-container\">\n\t\t\t\t\t<div class=\"ot-heading\">\r\n\t        \t            <span>Kas jauns<\/span>\r\n\t        <h1 class=\"main-heading\">\n\nVisas jaun\u0101k\u0101s zi\u0146as Viqtor\u00ae platform\u0101<\/h1>\t    <\/div>\r\n\t    \t\t<\/div>\n\t\t\t\t<\/div>\n\t\t\t\t\t<\/div>\n\t\t<\/div>\n\t\t\t\t\t<\/div>\n\t\t<\/section>\n\t\t\t\t<section class=\"elementor-section elementor-top-section elementor-element elementor-element-35ba52a ot-traditional elementor-section-boxed elementor-section-height-default elementor-section-height-default\" data-id=\"35ba52a\" data-element_type=\"section\">\n\t\t\t\t\t\t<div class=\"elementor-container elementor-column-gap-default\">\n\t\t\t\t\t<div class=\"elementor-column elementor-col-100 elementor-top-column elementor-element elementor-element-0cf7b26 ot-flex-column-vertical\" data-id=\"0cf7b26\" data-element_type=\"column\">\n\t\t\t<div class=\"elementor-widget-wrap elementor-element-populated\">\n\t\t\t\t\t\t<div class=\"elementor-element elementor-element-3593ed7 elementor-widget elementor-widget-heading\" data-id=\"3593ed7\" data-element_type=\"widget\" data-widget_type=\"heading.default\">\n\t\t\t\t<div class=\"elementor-widget-container\">\n\t\t\t<h2 class=\"elementor-heading-title elementor-size-large\">2.0.2. versija<\/h2>\t\t<\/div>\n\t\t\t\t<\/div>\n\t\t\t\t\t<\/div>\n\t\t<\/div>\n\t\t\t\t\t<\/div>\n\t\t<\/section>\n\t\t\t\t<section class=\"elementor-section elementor-top-section elementor-element elementor-element-3a23f17 ot-traditional elementor-section-boxed elementor-section-height-default elementor-section-height-default\" data-id=\"3a23f17\" data-element_type=\"section\">\n\t\t\t\t\t\t<div class=\"elementor-container elementor-column-gap-default\">\n\t\t\t\t\t<div class=\"elementor-column elementor-col-100 elementor-top-column elementor-element elementor-element-cf1b7c9 ot-flex-column-vertical\" data-id=\"cf1b7c9\" data-element_type=\"column\">\n\t\t\t<div class=\"elementor-widget-wrap elementor-element-populated\">\n\t\t\t\t\t\t<div class=\"elementor-element elementor-element-3c94449 elementor-widget elementor-widget-text-editor\" data-id=\"3c94449\" data-element_type=\"widget\" data-widget_type=\"text-editor.default\">\n\t\t\t\t<div class=\"elementor-widget-container\">\n\t\t\t\t\t\t\t<p>Kas jauns \u0161aj\u0101 atjaunin\u0101jum\u0101?<\/p><p>P\u0101rvald\u012bbas modulis: Dro\u0161\u012bbas labojumi<\/p><p>Atjaunin\u0101ts saturs: Esam p\u0101rskat\u012bju\u0161i un atjaunin\u0101ju\u0161i m\u016bsu lapu saturu, lai pal\u012bdz\u0113tu lietot\u0101jiem lab\u0101k izprast GDPR bag\u0101t\u012bgo kontekstu. Atjaunin\u0101tu inform\u0101ciju atrad\u012bsiet m\u016bsu da\u017e\u0101dajos modu\u013cos.<\/p><p>Mobil\u0101 optimiz\u0101cija: optimiz\u0113ta vienm\u0113r\u012bgai p\u0101rl\u016bko\u0161anas pieredzei vis\u0101s ier\u012bc\u0113s \u2014 gan galddator\u0101, gan plan\u0161etdator\u0101, gan viedt\u0101lrun\u012b.<\/p><p>Uzlabota dro\u0161\u012bba: Esam uzlaboju\u0161i m\u016bsu vietnes dro\u0161\u012bbu, lai aizsarg\u0101tu j\u016bsu datus un nodro\u0161in\u0101tu dro\u0161u tie\u0161saistes pieredzi. J\u016bs varat p\u0101rl\u016bkot vietni ar p\u0101rliec\u012bbu.<\/p>\t\t\t\t\t\t<\/div>\n\t\t\t\t<\/div>\n\t\t\t\t\t<\/div>\n\t\t<\/div>\n\t\t\t\t\t<\/div>\n\t\t<\/section>\n\t\t\t\t<section class=\"elementor-section elementor-top-section elementor-element elementor-element-acd8718 ot-traditional elementor-section-boxed elementor-section-height-default elementor-section-height-default\" data-id=\"acd8718\" data-element_type=\"section\">\n\t\t\t\t\t\t<div class=\"elementor-container elementor-column-gap-default\">\n\t\t\t\t\t<div class=\"elementor-column elementor-col-100 elementor-top-column elementor-element elementor-element-1ffd073 ot-flex-column-vertical\" data-id=\"1ffd073\" data-element_type=\"column\">\n\t\t\t<div class=\"elementor-widget-wrap elementor-element-populated\">\n\t\t\t\t\t\t<div class=\"elementor-element elementor-element-be946c3 elementor-widget-divider--view-line elementor-widget elementor-widget-divider\" data-id=\"be946c3\" data-element_type=\"widget\" data-widget_type=\"divider.default\">\n\t\t\t\t<div class=\"elementor-widget-container\">\n\t\t\t\t\t<div class=\"elementor-divider\">\n\t\t\t<span class=\"elementor-divider-separator\">\n\t\t\t\t\t\t<\/span>\n\t\t<\/div>\n\t\t\t\t<\/div>\n\t\t\t\t<\/div>\n\t\t\t\t\t<\/div>\n\t\t<\/div>\n\t\t\t\t\t<\/div>\n\t\t<\/section>\n\t\t\t\t<section class=\"elementor-section elementor-top-section elementor-element elementor-element-323ce08 ot-traditional elementor-section-boxed elementor-section-height-default elementor-section-height-default\" data-id=\"323ce08\" data-element_type=\"section\">\n\t\t\t\t\t\t<div class=\"elementor-container elementor-column-gap-default\">\n\t\t\t\t\t<div class=\"elementor-column elementor-col-100 elementor-top-column elementor-element elementor-element-2648a2e ot-flex-column-vertical\" data-id=\"2648a2e\" data-element_type=\"column\">\n\t\t\t<div class=\"elementor-widget-wrap elementor-element-populated\">\n\t\t\t\t\t\t<div class=\"elementor-element elementor-element-3b8cccd elementor-widget elementor-widget-heading\" data-id=\"3b8cccd\" data-element_type=\"widget\" data-widget_type=\"heading.default\">\n\t\t\t\t<div class=\"elementor-widget-container\">\n\t\t\t<h3 class=\"elementor-heading-title elementor-size-default\">2.0.1 versija<\/h3>\t\t<\/div>\n\t\t\t\t<\/div>\n\t\t\t\t\t<\/div>\n\t\t<\/div>\n\t\t\t\t\t<\/div>\n\t\t<\/section>\n\t\t\t\t<section class=\"elementor-section elementor-top-section elementor-element elementor-element-39db8f0 ot-traditional elementor-section-boxed elementor-section-height-default elementor-section-height-default\" data-id=\"39db8f0\" data-element_type=\"section\">\n\t\t\t\t\t\t<div class=\"elementor-container elementor-column-gap-default\">\n\t\t\t\t\t<div class=\"elementor-column elementor-col-100 elementor-top-column elementor-element elementor-element-a1a7062 ot-flex-column-vertical\" data-id=\"a1a7062\" data-element_type=\"column\">\n\t\t\t<div class=\"elementor-widget-wrap elementor-element-populated\">\n\t\t\t\t\t\t<div class=\"elementor-element elementor-element-24c824d elementor-widget elementor-widget-text-editor\" data-id=\"24c824d\" data-element_type=\"widget\" data-widget_type=\"text-editor.default\">\n\t\t\t\t<div class=\"elementor-widget-container\">\n\t\t\t\t\t\t\t<p style=\"text-align: justify;\">Kas jauns \u0161aj\u0101 atjaunin\u0101jum\u0101?<\/p>\n<p style=\"text-align: justify;\">Juridisko atsau\u010du modulis: Pievienots jauns modulis par&nbsp;<span style=\"white-space-collapse: preserve; color: var( --e-global-color-text ); font-weight: var( --e-global-typography-text-font-weight );\">iek\u0161\u0113jie meh\u0101nismi un proced\u016bras, lai pier\u0101d\u012btu atbilst\u012bbu datu aizsardz\u012bbas noteikumiem.<\/span><\/p><span data-metadata=\"<!--(figmeta)eyJmaWxlS2V5IjoiSDdxT1c4Q2QxMGlXbXVEVDRPeGJBVSIsInBhc3RlSUQiOjEyODkxNTkyODUsImRhdGFUeXBlIjoic2NlbmUifQo=(\/figmeta)-->\u00ab\u00a0><\/span><p style=\"text-align: justify;\">Atjaunin\u0101ts saturs: Esam p\u0101rskat\u012bju\u0161i un atjaunin\u0101ju\u0161i m\u016bsu lapu saturu, lai pal\u012bdz\u0113tu lietot\u0101jiem lab\u0101k izprast GDPR bag\u0101t\u012bgo kontekstu. Atjaunin\u0101tu inform\u0101ciju atrad\u012bsiet m\u016bsu da\u017e\u0101dajos modu\u013cos.<\/p>\n<p style=\"text-align: justify;\">Mobil\u0101 optimiz\u0101cija: optimiz\u0113ta vienm\u0113r\u012bgai p\u0101rl\u016bko\u0161anas pieredzei vis\u0101s ier\u012bc\u0113s \u2014 gan galddator\u0101, gan plan\u0161etdator\u0101, gan viedt\u0101lrun\u012b.<\/p>\n<p style=\"text-align: justify;\">Uzlabota dro\u0161\u012bba: Esam uzlaboju\u0161i m\u016bsu vietnes dro\u0161\u012bbu, lai aizsarg\u0101tu j\u016bsu datus un nodro\u0161in\u0101tu dro\u0161u tie\u0161saistes pieredzi. J\u016bs varat p\u0101rl\u016bkot vietni ar p\u0101rliec\u012bbu.<\/p>\t\t\t\t\t\t<\/div>\n\t\t\t\t<\/div>\n\t\t\t\t\t<\/div>\n\t\t<\/div>\n\t\t\t\t\t<\/div>\n\t\t<\/section>\n\t\t\t\t<\/div>","protected":false},"excerpt":{"rendered":"<p>What&rsquo;s new Toutes les nouveaut\u00e9s sur la plateforme Viqtor\u00ae Version 2.0.2 Quoi de neuf dans cette mise \u00e0 jour ? Module de gouvernance : Correctifs de s\u00e9curit\u00e9 Contenu Actualis\u00e9 : Nous avons revu et mis \u00e0 jour le contenu de nos pages pour permettre aux utilisateurs de mieux appr\u00e9hender le contexte riche du RGPD. Vous [&hellip;]<\/p>","protected":false},"author":1,"featured_media":0,"parent":0,"menu_order":0,"comment_status":"closed","ping_status":"closed","template":"","meta":{"_acf_changed":false,"footnotes":""},"class_list":["post-9655","page","type-page","status-publish","hentry"],"acf":[],"yoast_head":"<!-- This site is optimized with the Yoast SEO plugin v23.6 - https:\/\/yoast.com\/wordpress\/plugins\/seo\/ -->\n<title>Les nouveaut\u00e9s sur le RGPD<\/title>\n<meta name=\"description\" content=\"Les nouveaut\u00e9s sur la plateforme Viqtor\u00ae de mise en conformit\u00e9 RGPD\" \/>\n<meta name=\"robots\" content=\"index, follow, max-snippet:-1, max-image-preview:large, max-video-preview:-1\" \/>\n<link rel=\"canonical\" href=\"https:\/\/viqtor.eu\/lv\/les-nouveautes\/\" \/>\n<meta property=\"og:locale\" content=\"lv_LV\" \/>\n<meta property=\"og:type\" content=\"article\" \/>\n<meta property=\"og:title\" content=\"Les nouveaut\u00e9s sur le RGPD\" \/>\n<meta property=\"og:description\" content=\"Les nouveaut\u00e9s sur la plateforme Viqtor\u00ae de mise en conformit\u00e9 RGPD\" \/>\n<meta property=\"og:url\" content=\"https:\/\/viqtor.eu\/lv\/les-nouveautes\/\" \/>\n<meta property=\"og:site_name\" content=\"Viqtor\" \/>\n<meta property=\"article:modified_time\" content=\"2024-09-18T14:43:59+00:00\" \/>\n<meta name=\"twitter:card\" content=\"summary_large_image\" \/>\n<meta name=\"twitter:label1\" content=\"Est. reading time\" \/>\n\t<meta name=\"twitter:data1\" content=\"2 min\u016btes\" \/>\n<script type=\"application\/ld+json\" class=\"yoast-schema-graph\">{\"@context\":\"https:\/\/schema.org\",\"@graph\":[{\"@type\":\"WebPage\",\"@id\":\"https:\/\/viqtor.eu\/les-nouveautes\/\",\"url\":\"https:\/\/viqtor.eu\/les-nouveautes\/\",\"name\":\"Les nouveaut\u00e9s sur le RGPD\",\"isPartOf\":{\"@id\":\"https:\/\/viqtor.eu\/#website\"},\"datePublished\":\"2023-09-26T16:22:19+00:00\",\"dateModified\":\"2024-09-18T14:43:59+00:00\",\"description\":\"Les nouveaut\u00e9s sur la plateforme Viqtor\u00ae de mise en conformit\u00e9 RGPD\",\"breadcrumb\":{\"@id\":\"https:\/\/viqtor.eu\/les-nouveautes\/#breadcrumb\"},\"inLanguage\":\"lv-LV\",\"potentialAction\":[{\"@type\":\"ReadAction\",\"target\":[\"https:\/\/viqtor.eu\/les-nouveautes\/\"]}]},{\"@type\":\"BreadcrumbList\",\"@id\":\"https:\/\/viqtor.eu\/les-nouveautes\/#breadcrumb\",\"itemListElement\":[{\"@type\":\"ListItem\",\"position\":1,\"name\":\"Accueil\",\"item\":\"https:\/\/viqtor.eu\/\"},{\"@type\":\"ListItem\",\"position\":2,\"name\":\"Les nouveaut\u00e9s\"}]},{\"@type\":\"WebSite\",\"@id\":\"https:\/\/viqtor.eu\/#website\",\"url\":\"https:\/\/viqtor.eu\/\",\"name\":\"Viqtor\",\"description\":\"Faites du RGPD une opportunit\u00e9 pour votre entreprise.\",\"publisher\":{\"@id\":\"https:\/\/viqtor.eu\/#organization\"},\"potentialAction\":[{\"@type\":\"SearchAction\",\"target\":{\"@type\":\"EntryPoint\",\"urlTemplate\":\"https:\/\/viqtor.eu\/?s={search_term_string}\"},\"query-input\":{\"@type\":\"PropertyValueSpecification\",\"valueRequired\":true,\"valueName\":\"search_term_string\"}}],\"inLanguage\":\"lv-LV\"},{\"@type\":\"Organization\",\"@id\":\"https:\/\/viqtor.eu\/#organization\",\"name\":\"viqtor.eu\",\"url\":\"https:\/\/viqtor.eu\/\",\"logo\":{\"@type\":\"ImageObject\",\"inLanguage\":\"lv-LV\",\"@id\":\"https:\/\/viqtor.eu\/#\/schema\/logo\/image\/\",\"url\":\"https:\/\/viqtor.eu\/wp-content\/uploads\/2023\/06\/favicon-noir.svg\",\"contentUrl\":\"https:\/\/viqtor.eu\/wp-content\/uploads\/2023\/06\/favicon-noir.svg\",\"width\":108,\"height\":86,\"caption\":\"viqtor.eu\"},\"image\":{\"@id\":\"https:\/\/viqtor.eu\/#\/schema\/logo\/image\/\"}}]}<\/script>\n<!-- \/ Yoast SEO plugin. -->","yoast_head_json":{"title":"Les nouveaut\u00e9s sur le RGPD","description":"Les nouveaut\u00e9s sur la plateforme Viqtor\u00ae de mise en conformit\u00e9 RGPD","robots":{"index":"index","follow":"follow","max-snippet":"max-snippet:-1","max-image-preview":"max-image-preview:large","max-video-preview":"max-video-preview:-1"},"canonical":"https:\/\/viqtor.eu\/lv\/les-nouveautes\/","og_locale":"lv_LV","og_type":"article","og_title":"Les nouveaut\u00e9s sur le RGPD","og_description":"Les nouveaut\u00e9s sur la plateforme Viqtor\u00ae de mise en conformit\u00e9 RGPD","og_url":"https:\/\/viqtor.eu\/lv\/les-nouveautes\/","og_site_name":"Viqtor","article_modified_time":"2024-09-18T14:43:59+00:00","twitter_card":"summary_large_image","twitter_misc":{"Est. reading time":"2 min\u016btes"},"schema":{"@context":"https:\/\/schema.org","@graph":[{"@type":"WebPage","@id":"https:\/\/viqtor.eu\/les-nouveautes\/","url":"https:\/\/viqtor.eu\/les-nouveautes\/","name":"Les nouveaut\u00e9s sur le RGPD","isPartOf":{"@id":"https:\/\/viqtor.eu\/#website"},"datePublished":"2023-09-26T16:22:19+00:00","dateModified":"2024-09-18T14:43:59+00:00","description":"Les nouveaut\u00e9s sur la plateforme Viqtor\u00ae de mise en conformit\u00e9 RGPD","breadcrumb":{"@id":"https:\/\/viqtor.eu\/les-nouveautes\/#breadcrumb"},"inLanguage":"lv-LV","potentialAction":[{"@type":"ReadAction","target":["https:\/\/viqtor.eu\/les-nouveautes\/"]}]},{"@type":"BreadcrumbList","@id":"https:\/\/viqtor.eu\/les-nouveautes\/#breadcrumb","itemListElement":[{"@type":"ListItem","position":1,"name":"Accueil","item":"https:\/\/viqtor.eu\/"},{"@type":"ListItem","position":2,"name":"Les nouveaut\u00e9s"}]},{"@type":"WebSite","@id":"https:\/\/viqtor.eu\/#website","url":"https:\/\/viqtor.eu\/","name":"Viqtor","description":"Faites du RGPD une opportunit\u00e9 pour votre entreprise.","publisher":{"@id":"https:\/\/viqtor.eu\/#organization"},"potentialAction":[{"@type":"SearchAction","target":{"@type":"EntryPoint","urlTemplate":"https:\/\/viqtor.eu\/?s={search_term_string}"},"query-input":{"@type":"PropertyValueSpecification","valueRequired":true,"valueName":"search_term_string"}}],"inLanguage":"lv-LV"},{"@type":"Organization","@id":"https:\/\/viqtor.eu\/#organization","name":"viqtor.eu","url":"https:\/\/viqtor.eu\/","logo":{"@type":"ImageObject","inLanguage":"lv-LV","@id":"https:\/\/viqtor.eu\/#\/schema\/logo\/image\/","url":"https:\/\/viqtor.eu\/wp-content\/uploads\/2023\/06\/favicon-noir.svg","contentUrl":"https:\/\/viqtor.eu\/wp-content\/uploads\/2023\/06\/favicon-noir.svg","width":108,"height":86,"caption":"viqtor.eu"},"image":{"@id":"https:\/\/viqtor.eu\/#\/schema\/logo\/image\/"}}]}},"_links":{"self":[{"href":"https:\/\/viqtor.eu\/lv\/wp-json\/wp\/v2\/pages\/9655","targetHints":{"allow":["GET"]}}],"collection":[{"href":"https:\/\/viqtor.eu\/lv\/wp-json\/wp\/v2\/pages"}],"about":[{"href":"https:\/\/viqtor.eu\/lv\/wp-json\/wp\/v2\/types\/page"}],"author":[{"embeddable":true,"href":"https:\/\/viqtor.eu\/lv\/wp-json\/wp\/v2\/users\/1"}],"replies":[{"embeddable":true,"href":"https:\/\/viqtor.eu\/lv\/wp-json\/wp\/v2\/comments?post=9655"}],"version-history":[{"count":19,"href":"https:\/\/viqtor.eu\/lv\/wp-json\/wp\/v2\/pages\/9655\/revisions"}],"predecessor-version":[{"id":12455,"href":"https:\/\/viqtor.eu\/lv\/wp-json\/wp\/v2\/pages\/9655\/revisions\/12455"}],"wp:attachment":[{"href":"https:\/\/viqtor.eu\/lv\/wp-json\/wp\/v2\/media?parent=9655"}],"curies":[{"name":"wp","href":"https:\/\/api.w.org\/{rel}","templated":true}]}}