{"id":8869,"date":"2023-07-24T10:33:08","date_gmt":"2023-07-24T10:33:08","guid":{"rendered":"https:\/\/viqtor.eu\/?page_id=8869"},"modified":"2023-09-20T10:54:39","modified_gmt":"2023-09-20T10:54:39","slug":"politique-generale-de-protection-des-donnees-a-caractere-personnel","status":"publish","type":"page","link":"https:\/\/viqtor.eu\/lv\/politique-generale-de-protection-des-donnees-a-caractere-personnel\/","title":{"rendered":"Visp\u0101r\u012bg\u0101 personas datu aizsardz\u012bbas politika"},"content":{"rendered":"<div data-elementor-type=\"wp-page\" data-elementor-id=\"8869\" class=\"elementor elementor-8869\" data-elementor-post-type=\"page\">\n\t\t\t\t\t\t<section class=\"elementor-section elementor-top-section elementor-element elementor-element-747390f0 ot-traditional elementor-section-boxed elementor-section-height-default elementor-section-height-default\" data-id=\"747390f0\" data-element_type=\"section\">\n\t\t\t\t\t\t<div class=\"elementor-container elementor-column-gap-default\">\n\t\t\t\t\t<div class=\"elementor-column elementor-col-100 elementor-top-column elementor-element elementor-element-2fbcdc64 ot-flex-column-vertical\" data-id=\"2fbcdc64\" data-element_type=\"column\">\n\t\t\t<div class=\"elementor-widget-wrap elementor-element-populated\">\n\t\t\t\t\t\t<div class=\"elementor-element elementor-element-69294830 elementor-widget elementor-widget-text-editor\" data-id=\"69294830\" data-element_type=\"widget\" data-widget_type=\"text-editor.default\">\n\t\t\t\t<div class=\"elementor-widget-container\">\n\t\t\t\t\t\t\t<p>Priv\u0101tuma un personas datu aizsardz\u012bbas iev\u0113ro\u0161ana ir uztic\u012bbas faktors, v\u0113rt\u012bba, kurai DBWO pie\u0161\u0137ir \u012bpa\u0161u noz\u012bmi, pie\u0161\u0137irot noz\u012bmi katra indiv\u012bda pamatbr\u012bv\u012bbu un ties\u012bbu iev\u0113ro\u0161anai.<\/p>\n<p>\u0160\u012b personas datu aizsardz\u012bbas politika atspogu\u013co DBWO \u012bstenot\u0101s saist\u012bbas atbild\u012bgi izmantot personas datus ikdienas darb\u012bb\u0101s.<\/p>\n<p>\u00a0<\/p>\n<p><b>Datu aizsardz\u012bbas speci\u0101lists (DPO)<\/b><\/p>\n<p>Lai saglab\u0101tu ikviena personas datu priv\u0101tumu un aizsardz\u012bbu, DBWO 2020. gad\u0101 iec\u0113la datu aizsardz\u012bbas speci\u0101listu (DPO), kur\u0161 pilda savus pien\u0101kumus vis\u0101s t\u0101s strukt\u016br\u0101s.<\/p>\n<p>Datu aizsardz\u012bbas speci\u0101lists ir uzticams p\u0101rst\u0101vis. Personas datu aizsardz\u012bbas speci\u0101lists, kas ir atbild\u012bgs par priv\u0101tuma saglab\u0101\u0161anu un personas datu aizsardz\u012bbas noteikumu pareizu piem\u0113ro\u0161anu, galvenais kontaktpunkts Francijas Nacion\u0101lajai inform\u0101cijas tehnolo\u0123iju un pilsonisko br\u012bv\u012bbu komisijai (CNIL) un vis\u0101m person\u0101m, uz kur\u0101m attiecas personas datu v\u0101k\u0161ana vai apstr\u0101de.<\/p>\n<p>Lai sazin\u0101tos ar m\u016bsu datu aizsardz\u012bbas speci\u0101listu:<\/p>\n<p>DPO@DBWO.FR<\/p>\n<p>DBWO ir Viqtor\u00ae platformas izdev\u0113js.<\/p>\n<p>\u0160\u012b \u201cAtbilst\u012bba k\u0101 pakalpojums\u201d platforma ir programmat\u016bras komplekts, kura m\u0113r\u0137is ir atvieglot organiz\u0101ciju atbilst\u012bbas Visp\u0101r\u012bgajai datu aizsardz\u012bbas regulai ievie\u0161anu un uzraudz\u012bbu.<\/p>\n<p>\u00a0<\/p>\n<p><b>DBWO apstr\u0101d\u0101tie personas dati<\/b><\/p>\n<p><strong>K\u0101 da\u013ca no t\u0101s darb\u0101 pie\u0146em\u0161anas politikas<\/strong>t.i., DBWO sa\u0146em piepras\u012bjumus, kuriem pievienoti CV vai pat aizpild\u012bti ar kandid\u0101tu iesniegtiem personas datiem, kas \u013cauj izveidot darba intervijas failu, un kas tiks glab\u0101ts divus gadus p\u0113c sa\u0146em\u0161anas, ja vien attiec\u012bg\u0101 persona netiks pie\u0146emta darb\u0101 vai to nepiepras\u012bs.<\/p>\n<p><strong>Saist\u012bb\u0101 ar savu darbinieku darba l\u012bgumu vai atsevi\u0161\u0137u pakalpojumu sniedz\u0113ju pakalpojumu l\u012bgumu izpildi <\/strong>DBWO apstr\u0101d\u0101 personas datus, kas nepiecie\u0161ami vi\u0146u misijas organiz\u0113\u0161anai vai juridisko pien\u0101kumu izpildei (civilst\u0101vok\u013ca dati, finan\u0161u dati, dati par person\u012bgo dz\u012bvi, diplomi un at\u013caujas, sazi\u0146as dati utt.). Dati tiek glab\u0101ti vis\u0101 l\u012bgumattiec\u012bbu laik\u0101, un da\u013ca no tiem tiek pagarin\u0101ti juridisko vai nodok\u013cu pras\u012bbu d\u0113\u013c.\u00a0 \u00a0<\/p>\n<p><strong>K\u0101 da\u013ca no t\u0101s komerci\u0101lajiem centieniem<\/strong> DBWO ir paredz\u0113ts tikai savas nozares profesion\u0101\u013ciem, un tam ir j\u0101apstr\u0101d\u0101 ar\u012b t\u0101di personas dati k\u0101 v\u0101rds, uzv\u0101rds, uz\u0146\u0113mums, amats, t\u0101lru\u0146a numurs, e-pasta adrese, ko tas ieg\u016bst tie\u0161i tirdzniec\u012bbas izst\u0101\u017eu vai pas\u0101kumu laik\u0101, no potenci\u0101lo klientu piepras\u012bjumiem, kas izteikti t\u0101 pakalpojumiem vai izmantojot t\u0101 t\u012bmek\u013ca vietni, vai netie\u0161i no uz\u0146\u0113mumiem, kas specializ\u0113jas nozaru profesion\u0101lo datub\u0101zu izveid\u0113. \u0160o datu apstr\u0101de da\u013c\u0113ji balst\u0101s uz likum\u012bg\u0101m interes\u0113m (inform\u0101cijas piepras\u012bjums, kontaktinform\u0101cijas apmai\u0146a), bet da\u013c\u0113ji uz piekri\u0161anu. Datu subjekts jebkur\u0101 laik\u0101 var piepras\u012bt savu datu dz\u0113\u0161anu.<\/p>\n<p><strong>Saist\u012bb\u0101 ar savu l\u012bgumu izpildi, <\/strong>DBWO apstr\u0101d\u0101 savu klientu vai apak\u0161uz\u0146\u0113m\u0113ju nor\u0101d\u012bto kontaktpersonu un korespondentu personas datus un saglab\u0101 \u0161os datus (uzv\u0101rdu, v\u0101rdu, e-pasta adresi, t\u0101lru\u0146a numuru, amatu, uz\u0146\u0113mumu) visu l\u012bgumattiec\u012bbu laiku, ja vien tas nesa\u0146em no Sabiedr\u012bbas nor\u0101d\u012bjumus dz\u0113st kontaktpersonu no sav\u0101m datub\u0101z\u0113m.<\/p>\n<p>\u00a0<\/p>\n<p><b>Personas datu aizsardz\u012bbas principi<\/b><\/p>\n<p>DBWO visos savos projektos piem\u0113ro integr\u0113t\u0101s priv\u0101tuma aizsardz\u012bbas principus un \u012bsteno politiku, kas paredz inform\u0113t un veicin\u0101t izpratni savu komandu vid\u016b par atbilst\u012bbu Visp\u0101r\u012bgaj\u0101 datu aizsardz\u012bbas regul\u0101 noteiktajiem principiem.<\/p>\n<p>Tas saviem klientiem pied\u0101v\u0101 programmat\u016bru, kas ir sader\u012bga ar vis\u0101m Visp\u0101r\u012bg\u0101s datu aizsardz\u012bbas regulas pras\u012bb\u0101m.<\/p>\n<p>1. Konkr\u0113ts, nep\u0101rprotams un likum\u012bgs apstr\u0101des m\u0113r\u0137is:<\/p>\n<p>Kad personas dati tiek v\u0101kti, tie tiek v\u0101kti konkr\u0113tiem m\u0113r\u0137iem (nol\u016bkiem), ko nosaka m\u016bsu klientu apstr\u0101des vajadz\u012bbas.<\/p>\n<p>2. Apkopoto datu \u012bpatsvars un atbilst\u012bba:<\/p>\n<p>Apkopotie personas dati ir absol\u016bti nepiecie\u0161ami apkopo\u0161anas m\u0113r\u0137im. DBWO programmat\u016bras dizains ir veidots t\u0101, lai samazin\u0101tu apkopoto datu apjomu.<\/p>\n<p>3. Ierobe\u017eots personas datu glab\u0101\u0161anas periods:<\/p>\n<p>Personas dati, kas tiek glab\u0101ti DBWO p\u0101rzi\u0146\u0101, tiek glab\u0101ti ierobe\u017eotu laiku, kas nep\u0101rsniedz datu v\u0101k\u0161anas nol\u016bkos nepiecie\u0161amo laiku.<\/p>\n<p>4. Konfidencialit\u0101te\/datu dro\u0161\u012bba:\u00a0<\/p>\n<p>Tiek ieviestas inform\u0101cijas sist\u0113mu aizsardz\u012bbas politikas (PSSI), kas ir piel\u0101gotas apstr\u0101d\u0101jamo datu veidam un to apstr\u0101dei.<\/p>\n<p>Ir ieviesti atbilsto\u0161i fiziski, lo\u0123iski un organizatoriski dro\u0161\u012bbas pas\u0101kumi, lai nodro\u0161in\u0101tu datu konfidencialit\u0101ti, tostarp nov\u0113rstu nesankcion\u0113tu piek\u013cuvi.<\/p>\n<p>DBWO ar\u012b pieprasa, lai jebkur\u0161 apak\u0161uz\u0146\u0113m\u0113js nodro\u0161in\u0101tu atbilsto\u0161us dro\u0161\u012bbas pas\u0101kumus, lai nodro\u0161in\u0101tu personas datu dro\u0161\u012bbu un konfidencialit\u0101ti.<\/p>\n<p>5. Personu ties\u012bbas:<\/p>\n<p>Attiec\u012bb\u0101 uz apstr\u0101di, kas tiek veikta DBWO atbild\u012bb\u0101<\/p>\n<ul>\n<li style=\"list-style-type: none;\">\n<ul><!-- wp:list-item --><\/ul>\n<\/li>\n<\/ul>\n<ul>\n<li style=\"list-style-type: none;\">\n<ul>\n<li>Tiek \u012bstenoti visi nepiecie\u0161amie l\u012bdzek\u013ci, lai garant\u0113tu personu ties\u012bbu uz vi\u0146u personas datiem efektivit\u0101ti.<\/li>\n<\/ul>\n<\/li>\n<\/ul>\n<p><!-- \/wp:list-item --> <!-- wp:list-item --><\/p>\n<ul>\n<li style=\"list-style-type: none;\">\n<ul>\n<li>Personas dati tiek v\u0101kti godpr\u0101t\u012bgi; nek\u0101da v\u0101k\u0161ana netiek veikta bez personu zi\u0146as vai bez to inform\u0113\u0161anas.<\/li>\n<\/ul>\n<\/li>\n<\/ul>\n<p><!-- \/wp:list-item --> <!-- wp:list-item --><\/p>\n<ul>\n<li style=\"list-style-type: none;\">\n<ul>\n<li>Apkopotie personas dati tiek dar\u012bti zin\u0101mi attiec\u012bgaj\u0101m person\u0101m.<\/li>\n<\/ul>\n<\/li>\n<\/ul>\n<p><!-- \/wp:list-item --> <!-- wp:list-item --><\/p>\n<ul>\n<li style=\"list-style-type: none;\">\n<ul>\n<li>Apkopotie dati p\u0113c tam netiek izmantoti veid\u0101, kas nav savienojams ar \u0161iem m\u0113r\u0137iem.<\/li>\n<\/ul>\n<\/li>\n<\/ul>\n<p><!-- \/wp:list-item --> <!-- wp:list-item --><\/p>\n<ul>\n<li style=\"list-style-type: none;\">\n<ul>\n<li>Personas dati tiek uztur\u0113ti prec\u012bzi un atjaunin\u0101ti.<\/li>\n<\/ul>\n<\/li>\n<\/ul>\n<p><!-- \/wp:list-item --> <!-- wp:list-item --><\/p>\n<ul>\n<li style=\"list-style-type: none;\">\n<ul>\n<li>Datu glab\u0101\u0161anas periodi tiek dar\u012bti zin\u0101mi person\u0101m, un tie at\u0161\u0137iras atkar\u012bb\u0101 no datu veida, apstr\u0101des m\u0113r\u0137a vai juridiskaj\u0101m vai normat\u012bvaj\u0101m pras\u012bb\u0101m.<\/li>\n<\/ul>\n<\/li>\n<\/ul>\n<p><!-- \/wp:list-item --> <!-- wp:list-item --><\/p>\n<ul>\n<li style=\"list-style-type: none;\">\n<ul>\n<li>Ja personas dati tiktu p\u0101rs\u016bt\u012bti uz valst\u012bm, kas atrodas Eiropas Savien\u012bb\u0101 vai \u0101rpus t\u0101s, attiec\u012bg\u0101s personas tiktu \u012bpa\u0161i inform\u0113tas, un tiktu veikti \u012bpa\u0161i pas\u0101kumi, lai regul\u0113tu \u0161o p\u0101rs\u016bt\u012b\u0161anu.<\/li>\n<\/ul>\n<\/li>\n<\/ul>\n<p><!-- \/wp:list-item --> <!-- wp:list-item --><\/p>\n<ul>\n<li style=\"list-style-type: none;\">\n<ul>\n<li>Tiek \u012bstenoti l\u012bdzek\u013ci, kas nepiecie\u0161ami, lai garant\u0113tu personu ties\u012bbu uz vi\u0146u personas datiem efektivit\u0101ti, jo \u012bpa\u0161i sniedzot skaidru un piln\u012bgu inform\u0101ciju par \u012bstenoto datu apstr\u0101di, kas ir viegli pieejama un saprotama ikvienam.<\/li>\n<\/ul>\n<\/li>\n<\/ul>\n<p><!-- \/wp:list-item --> <!-- wp:list-item --><\/p>\n<ul>\n<li style=\"list-style-type: none;\">\n<ul>\n<li>Ikvienam ir ties\u012bbas uz saviem personas datiem, kuras vi\u0146\u0161 var \u012bstenot jebkur\u0101 laik\u0101 un bez maksas, iesniedzot savu identit\u0101tes apliecin\u0101jumu. T\u0101d\u0113\u013c personas var piek\u013c\u016bt saviem personas datiem un noteiktos gad\u012bjumos pan\u0101kt to labo\u0161anu, dz\u0113\u0161anu vai iebilst pret to apstr\u0101di.<\/li>\n<\/ul>\n<\/li>\n<\/ul>\n<p><!-- \/wp:list-item --><\/p>\n<p><b>Attiec\u012bb\u0101 uz apstr\u0101di, kas veikta DBWO programmat\u016bras lietot\u0101ju atbild\u012bb\u0101<\/b><\/p>\n<ul>\n<li style=\"list-style-type: none;\">\n<ul><!-- wp:list-item --><\/ul>\n<\/li>\n<\/ul>\n<ul>\n<li style=\"list-style-type: none;\">\n<ul>\n<li>DBWO veicina izpratni un apm\u0101ca visus savus darbiniekus, kuri apkopes darb\u012bbu ietvaros non\u0101k saskar\u0113 ar priv\u0101tiem datiem, par GDPR noteiktajiem principiem.<\/li>\n<\/ul>\n<\/li>\n<\/ul>\n<p><!-- \/wp:list-item --> <!-- wp:list-item --><\/p>\n<ul>\n<li style=\"list-style-type: none;\">\n<ul>\n<li>DBWO inform\u0113 savas programmat\u016bras lietot\u0101jus par b\u016btiskajiem noteikumiem, kas nosaka priv\u0101to datu apstr\u0101des likum\u012bbu.<\/li>\n<\/ul>\n<\/li>\n<\/ul>\n<p><!-- \/wp:list-item --> <!-- wp:list-item --><\/p>\n<ul>\n<li style=\"list-style-type: none;\">\n<ul>\n<li>DBWO inform\u0113 savas programmat\u016bras lietot\u0101jus par piesardz\u012bbas pas\u0101kumiem, kas nepiecie\u0161ami apkopoto personas datu aizsardz\u012bbai.<\/li>\n<\/ul>\n<\/li>\n<\/ul>\n<p><!-- \/wp:list-item --> <!-- wp:list-item --><\/p>\n<ul>\n<li style=\"list-style-type: none;\">\n<ul>\n<li>DBWO programmat\u016bra nodro\u0161ina r\u012bkus \u0161o datu aizsardz\u012bbai (re\u0123istr\u0113\u0161ana, pseidonimiz\u0101cija, \u0161ifr\u0113\u0161ana utt.).<\/li>\n<\/ul>\n<\/li>\n<\/ul>\n<p><!-- \/wp:list-item --> <!-- wp:list-item --><\/p>\n<ul>\n<li style=\"list-style-type: none;\">\n<ul>\n<li><a href=\"https:\/\/app.viqtor.eu\/gdpr-rights-exercise\">Piek\u013cuve \u0161\u012bm ties\u012bb\u0101m<\/a> (piek\u013cuve, labo\u0161ana, dz\u0113\u0161ana, iebildumi) tiek atvieglota, pateicoties DBWO izmantot\u0101s programmat\u016bras funkcij\u0101m.<br \/><br \/><\/li>\n<\/ul>\n<\/li>\n<\/ul>\n<p><!-- \/wp:list-item --><\/p>\n<p>6. Ties\u012bbas, kas izriet no Digit\u0101l\u0101s republikas likuma.<\/p>\n<p>Datu aizsardz\u012bbas likuma jaunais 40.-1. pants \u013cauj person\u0101m sniegt nor\u0101d\u012bjumus par vi\u0146u datu saglab\u0101\u0161anu, dz\u0113\u0161anu un pazi\u0146o\u0161anu p\u0113c vi\u0146u n\u0101ves.<\/p>\n<p>Var tikt nor\u012bkota persona, kas izpild\u012bs \u0161os nor\u0101d\u012bjumus. \u0160ai personai p\u0113c personas n\u0101ves ir ties\u012bbas iepaz\u012bties ar nor\u0101d\u012bjumiem un piepras\u012bt to izpildi no attiec\u012bgajiem datu p\u0101rzi\u0146iem.<\/p>\n<p>Ja persona dz\u012bves laik\u0101 nav devusi nor\u0101d\u012bjumus, mantiniekiem b\u016bs iesp\u0113ja \u012bstenot noteiktas ties\u012bbas, jo \u012bpa\u0161i:<\/p>\n<ul>\n<li style=\"list-style-type: none;\">\n<ul><!-- wp:list-item --><\/ul>\n<\/li>\n<\/ul>\n<ul>\n<li style=\"list-style-type: none;\">\n<ul>\n<li>Ties\u012bbas uz piek\u013cuvi, ja tas nepiecie\u0161ams miru\u0161\u0101 mantojuma jaut\u0101jumu risin\u0101\u0161anai;<\/li>\n<\/ul>\n<\/li>\n<\/ul>\n<p><!-- \/wp:list-item --> <!-- wp:list-item --><\/p>\n<ul>\n<li style=\"list-style-type: none;\">\n<ul>\n<li>Ties\u012bbas iebilst pret miru\u0161\u0101 lietot\u0101ja kontu sl\u0113g\u0161anu un vi\u0146a datu apstr\u0101di.<\/li>\n<\/ul>\n<\/li>\n<\/ul>\n<p><!-- \/wp:list-item --><\/p>\n<p><b>Personas datu aizsardz\u012bbas politikas uzraudz\u012bba.<\/b><\/p>\n<p>\u0160\u012b politika tiek regul\u0101ri atjaunin\u0101ta, lai \u0146emtu v\u0113r\u0101 likumdo\u0161anas un normat\u012bvo aktu izmai\u0146as, k\u0101 ar\u012b jebk\u0101das izmai\u0146as DBWO organiz\u0101cij\u0101 vai pied\u0101v\u0101tajos pied\u0101v\u0101jumos, produktos un pakalpojumos.<\/p>\t\t\t\t\t\t<\/div>\n\t\t\t\t<\/div>\n\t\t\t\t\t<\/div>\n\t\t<\/div>\n\t\t\t\t\t<\/div>\n\t\t<\/section>\n\t\t\t\t<\/div>","protected":false},"excerpt":{"rendered":"<p>Le respect de la vie priv\u00e9e et de la protection des donn\u00e9es \u00e0 caract\u00e8re personnel constitue un facteur de confiance, valeur \u00e0 laquelle tient particuli\u00e8rement DBWO, en s\u2019attachant au respect des libert\u00e9s et droits fondamentaux de chacun. La pr\u00e9sente politique de protection des donn\u00e9es \u00e0 caract\u00e8re personnel t\u00e9moigne des engagements mis en \u0153uvre par DBWO [&hellip;]<\/p>","protected":false},"author":1,"featured_media":0,"parent":0,"menu_order":0,"comment_status":"closed","ping_status":"closed","template":"","meta":{"_acf_changed":false,"footnotes":""},"class_list":["post-8869","page","type-page","status-publish","hentry"],"acf":[],"yoast_head":"<!-- This site is optimized with the Yoast SEO plugin v23.6 - https:\/\/yoast.com\/wordpress\/plugins\/seo\/ -->\n<title>Politique g\u00e9n\u00e9rale de protection des donn\u00e9es \u00e0 caract\u00e8re personnel - Viqtor<\/title>\n<meta name=\"robots\" content=\"noindex, nofollow\" \/>\n<meta property=\"og:locale\" content=\"lv_LV\" \/>\n<meta property=\"og:type\" content=\"article\" \/>\n<meta property=\"og:title\" content=\"Politique g\u00e9n\u00e9rale de protection des donn\u00e9es \u00e0 caract\u00e8re personnel - Viqtor\" \/>\n<meta property=\"og:description\" content=\"Le respect de la vie priv\u00e9e et de la protection des donn\u00e9es \u00e0 caract\u00e8re personnel constitue un facteur de confiance, valeur \u00e0 laquelle tient particuli\u00e8rement DBWO, en s\u2019attachant au respect des libert\u00e9s et droits fondamentaux de chacun. La pr\u00e9sente politique de protection des donn\u00e9es \u00e0 caract\u00e8re personnel t\u00e9moigne des engagements mis en \u0153uvre par DBWO [&hellip;]\" \/>\n<meta property=\"og:url\" content=\"https:\/\/viqtor.eu\/lv\/politique-generale-de-protection-des-donnees-a-caractere-personnel\/\" \/>\n<meta property=\"og:site_name\" content=\"Viqtor\" \/>\n<meta property=\"article:modified_time\" content=\"2023-09-20T10:54:39+00:00\" \/>\n<meta name=\"twitter:card\" content=\"summary_large_image\" \/>\n<meta name=\"twitter:label1\" content=\"Est. reading time\" \/>\n\t<meta name=\"twitter:data1\" content=\"7 min\u016btes\" \/>\n<script type=\"application\/ld+json\" class=\"yoast-schema-graph\">{\"@context\":\"https:\/\/schema.org\",\"@graph\":[{\"@type\":\"WebPage\",\"@id\":\"https:\/\/viqtor.eu\/politique-generale-de-protection-des-donnees-a-caractere-personnel\/\",\"url\":\"https:\/\/viqtor.eu\/politique-generale-de-protection-des-donnees-a-caractere-personnel\/\",\"name\":\"Politique g\u00e9n\u00e9rale de protection des donn\u00e9es \u00e0 caract\u00e8re personnel - Viqtor\",\"isPartOf\":{\"@id\":\"https:\/\/viqtor.eu\/#website\"},\"datePublished\":\"2023-07-24T10:33:08+00:00\",\"dateModified\":\"2023-09-20T10:54:39+00:00\",\"breadcrumb\":{\"@id\":\"https:\/\/viqtor.eu\/politique-generale-de-protection-des-donnees-a-caractere-personnel\/#breadcrumb\"},\"inLanguage\":\"lv-LV\",\"potentialAction\":[{\"@type\":\"ReadAction\",\"target\":[\"https:\/\/viqtor.eu\/politique-generale-de-protection-des-donnees-a-caractere-personnel\/\"]}]},{\"@type\":\"BreadcrumbList\",\"@id\":\"https:\/\/viqtor.eu\/politique-generale-de-protection-des-donnees-a-caractere-personnel\/#breadcrumb\",\"itemListElement\":[{\"@type\":\"ListItem\",\"position\":1,\"name\":\"Accueil\",\"item\":\"https:\/\/viqtor.eu\/\"},{\"@type\":\"ListItem\",\"position\":2,\"name\":\"Politique g\u00e9n\u00e9rale de protection des donn\u00e9es \u00e0 caract\u00e8re personnel\"}]},{\"@type\":\"WebSite\",\"@id\":\"https:\/\/viqtor.eu\/#website\",\"url\":\"https:\/\/viqtor.eu\/\",\"name\":\"Viqtor\",\"description\":\"Faites du RGPD une opportunit\u00e9 pour votre entreprise.\",\"publisher\":{\"@id\":\"https:\/\/viqtor.eu\/#organization\"},\"potentialAction\":[{\"@type\":\"SearchAction\",\"target\":{\"@type\":\"EntryPoint\",\"urlTemplate\":\"https:\/\/viqtor.eu\/?s={search_term_string}\"},\"query-input\":{\"@type\":\"PropertyValueSpecification\",\"valueRequired\":true,\"valueName\":\"search_term_string\"}}],\"inLanguage\":\"lv-LV\"},{\"@type\":\"Organization\",\"@id\":\"https:\/\/viqtor.eu\/#organization\",\"name\":\"viqtor.eu\",\"url\":\"https:\/\/viqtor.eu\/\",\"logo\":{\"@type\":\"ImageObject\",\"inLanguage\":\"lv-LV\",\"@id\":\"https:\/\/viqtor.eu\/#\/schema\/logo\/image\/\",\"url\":\"https:\/\/viqtor.eu\/wp-content\/uploads\/2023\/06\/favicon-noir.svg\",\"contentUrl\":\"https:\/\/viqtor.eu\/wp-content\/uploads\/2023\/06\/favicon-noir.svg\",\"width\":108,\"height\":86,\"caption\":\"viqtor.eu\"},\"image\":{\"@id\":\"https:\/\/viqtor.eu\/#\/schema\/logo\/image\/\"}}]}<\/script>\n<!-- \/ Yoast SEO plugin. -->","yoast_head_json":{"title":"Politique g\u00e9n\u00e9rale de protection des donn\u00e9es \u00e0 caract\u00e8re personnel - Viqtor","robots":{"index":"noindex","follow":"nofollow"},"og_locale":"lv_LV","og_type":"article","og_title":"Politique g\u00e9n\u00e9rale de protection des donn\u00e9es \u00e0 caract\u00e8re personnel - Viqtor","og_description":"Le respect de la vie priv\u00e9e et de la protection des donn\u00e9es \u00e0 caract\u00e8re personnel constitue un facteur de confiance, valeur \u00e0 laquelle tient particuli\u00e8rement DBWO, en s\u2019attachant au respect des libert\u00e9s et droits fondamentaux de chacun. La pr\u00e9sente politique de protection des donn\u00e9es \u00e0 caract\u00e8re personnel t\u00e9moigne des engagements mis en \u0153uvre par DBWO [&hellip;]","og_url":"https:\/\/viqtor.eu\/lv\/politique-generale-de-protection-des-donnees-a-caractere-personnel\/","og_site_name":"Viqtor","article_modified_time":"2023-09-20T10:54:39+00:00","twitter_card":"summary_large_image","twitter_misc":{"Est. reading time":"7 min\u016btes"},"schema":{"@context":"https:\/\/schema.org","@graph":[{"@type":"WebPage","@id":"https:\/\/viqtor.eu\/politique-generale-de-protection-des-donnees-a-caractere-personnel\/","url":"https:\/\/viqtor.eu\/politique-generale-de-protection-des-donnees-a-caractere-personnel\/","name":"Politique g\u00e9n\u00e9rale de protection des donn\u00e9es \u00e0 caract\u00e8re personnel - Viqtor","isPartOf":{"@id":"https:\/\/viqtor.eu\/#website"},"datePublished":"2023-07-24T10:33:08+00:00","dateModified":"2023-09-20T10:54:39+00:00","breadcrumb":{"@id":"https:\/\/viqtor.eu\/politique-generale-de-protection-des-donnees-a-caractere-personnel\/#breadcrumb"},"inLanguage":"lv-LV","potentialAction":[{"@type":"ReadAction","target":["https:\/\/viqtor.eu\/politique-generale-de-protection-des-donnees-a-caractere-personnel\/"]}]},{"@type":"BreadcrumbList","@id":"https:\/\/viqtor.eu\/politique-generale-de-protection-des-donnees-a-caractere-personnel\/#breadcrumb","itemListElement":[{"@type":"ListItem","position":1,"name":"Accueil","item":"https:\/\/viqtor.eu\/"},{"@type":"ListItem","position":2,"name":"Politique g\u00e9n\u00e9rale de protection des donn\u00e9es \u00e0 caract\u00e8re personnel"}]},{"@type":"WebSite","@id":"https:\/\/viqtor.eu\/#website","url":"https:\/\/viqtor.eu\/","name":"Viqtor","description":"Faites du RGPD une opportunit\u00e9 pour votre entreprise.","publisher":{"@id":"https:\/\/viqtor.eu\/#organization"},"potentialAction":[{"@type":"SearchAction","target":{"@type":"EntryPoint","urlTemplate":"https:\/\/viqtor.eu\/?s={search_term_string}"},"query-input":{"@type":"PropertyValueSpecification","valueRequired":true,"valueName":"search_term_string"}}],"inLanguage":"lv-LV"},{"@type":"Organization","@id":"https:\/\/viqtor.eu\/#organization","name":"viqtor.eu","url":"https:\/\/viqtor.eu\/","logo":{"@type":"ImageObject","inLanguage":"lv-LV","@id":"https:\/\/viqtor.eu\/#\/schema\/logo\/image\/","url":"https:\/\/viqtor.eu\/wp-content\/uploads\/2023\/06\/favicon-noir.svg","contentUrl":"https:\/\/viqtor.eu\/wp-content\/uploads\/2023\/06\/favicon-noir.svg","width":108,"height":86,"caption":"viqtor.eu"},"image":{"@id":"https:\/\/viqtor.eu\/#\/schema\/logo\/image\/"}}]}},"_links":{"self":[{"href":"https:\/\/viqtor.eu\/lv\/wp-json\/wp\/v2\/pages\/8869","targetHints":{"allow":["GET"]}}],"collection":[{"href":"https:\/\/viqtor.eu\/lv\/wp-json\/wp\/v2\/pages"}],"about":[{"href":"https:\/\/viqtor.eu\/lv\/wp-json\/wp\/v2\/types\/page"}],"author":[{"embeddable":true,"href":"https:\/\/viqtor.eu\/lv\/wp-json\/wp\/v2\/users\/1"}],"replies":[{"embeddable":true,"href":"https:\/\/viqtor.eu\/lv\/wp-json\/wp\/v2\/comments?post=8869"}],"version-history":[{"count":12,"href":"https:\/\/viqtor.eu\/lv\/wp-json\/wp\/v2\/pages\/8869\/revisions"}],"predecessor-version":[{"id":9625,"href":"https:\/\/viqtor.eu\/lv\/wp-json\/wp\/v2\/pages\/8869\/revisions\/9625"}],"wp:attachment":[{"href":"https:\/\/viqtor.eu\/lv\/wp-json\/wp\/v2\/media?parent=8869"}],"curies":[{"name":"wp","href":"https:\/\/api.w.org\/{rel}","templated":true}]}}