{"id":8661,"date":"2023-07-03T09:34:22","date_gmt":"2023-07-03T09:34:22","guid":{"rendered":"https:\/\/viqtor.eu\/?page_id=8661"},"modified":"2023-08-31T15:33:03","modified_gmt":"2023-08-31T15:33:03","slug":"registre-de-traitement-france","status":"publish","type":"page","link":"https:\/\/viqtor.eu\/lv\/registre-de-traitement-france\/","title":{"rendered":"&#8230; registre de traitement France"},"content":{"rendered":"<div data-elementor-type=\"wp-page\" data-elementor-id=\"8661\" class=\"elementor elementor-8661\" data-elementor-post-type=\"page\">\n\t\t\t\t\t\t<section class=\"elementor-section elementor-top-section elementor-element elementor-element-34b7207 ot-traditional elementor-section-boxed elementor-section-height-default elementor-section-height-default\" data-id=\"34b7207\" data-element_type=\"section\">\n\t\t\t\t\t\t<div class=\"elementor-container elementor-column-gap-default\">\n\t\t\t\t\t<div class=\"elementor-column elementor-col-100 elementor-top-column elementor-element elementor-element-aa25a7f ot-flex-column-vertical\" data-id=\"aa25a7f\" data-element_type=\"column\">\n\t\t\t<div class=\"elementor-widget-wrap elementor-element-populated\">\n\t\t\t\t\t\t<div class=\"elementor-element elementor-element-20a0eab elementor-widget elementor-widget-text-editor\" data-id=\"20a0eab\" data-element_type=\"widget\" data-widget_type=\"text-editor.default\">\n\t\t\t\t<div class=\"elementor-widget-container\">\n\t\t\t\t\t\t\t<h1 style=\"text-align: center;\"><span style=\"color: #000000;\"><strong>Viqtor\u00ae \u2013 Vienk\u0101r\u0161ojiet atbilst\u012bbu GDPR pras\u012bb\u0101m ar m\u016bsu Francijas apstr\u0101des re\u0123istra pakalpojumu<\/strong><\/span><\/h1><p><span style=\"color: #000000;\">Vai v\u0113laties nodro\u0161in\u0101t, lai j\u016bsu uz\u0146\u0113mums piln\u012bb\u0101 atbilstu Visp\u0101r\u012bgajai datu aizsardz\u012bbas regulai (VDAR)? J\u016bs esat \u012bstaj\u0101 viet\u0101! M\u016bsu Viqtor\u00ae VDAR atbilst\u012bbas platforma pied\u0101v\u0101 visaptvero\u0161u pakalpojumu. <strong>Francijas \u0101rst\u0113\u0161anas re\u0123istrs<\/strong> visaptvero\u0161u un efekt\u012bvu datu aizsardz\u012bbu, lai atbalst\u012btu j\u016bs \u0161aj\u0101 svar\u012bgaj\u0101 proces\u0101. M\u016bsu datu aizsardz\u012bbas ekspertu komanda specializ\u0113jas GDPR atbilsto\u0161u ierakstu izveid\u0113 un p\u0101rvald\u012bb\u0101. M\u0113s saprotam, cik svar\u012bgi ir dokument\u0113t visu datu apstr\u0101di j\u016bsu organiz\u0101cij\u0101 neatkar\u012bgi no t\u0101, vai t\u0101 ietver klientu datus, darbinieku personas datus vai jebkuru citu sensit\u012bvu inform\u0101ciju.<\/span><\/p><p><span style=\"color: #000000;\">Pateicoties m\u016bsu pakalpojumam <strong><span style=\"color: #000000;\"><a style=\"color: #000000;\" href=\"https:\/\/viqtor.eu\/lv\/registre-de-traitement\/\">\u0101rst\u0113\u0161anas re\u0123istrs<\/a><\/span> Francija<\/strong> datus, m\u0113s pied\u0101v\u0101jam Jums \u0161\u0101das priek\u0161roc\u012bbas:<\/span><\/p>\t\t\t\t\t\t<\/div>\n\t\t\t\t<\/div>\n\t\t\t\t\t<\/div>\n\t\t<\/div>\n\t\t\t\t\t<\/div>\n\t\t<\/section>\n\t\t\t\t<section class=\"elementor-section elementor-top-section elementor-element elementor-element-30e8ba3 ot-traditional elementor-section-boxed elementor-section-height-default elementor-section-height-default\" data-id=\"30e8ba3\" data-element_type=\"section\">\n\t\t\t\t\t\t<div class=\"elementor-container elementor-column-gap-default\">\n\t\t\t\t\t<div class=\"elementor-column elementor-col-100 elementor-top-column elementor-element elementor-element-e72c199 ot-flex-column-vertical\" data-id=\"e72c199\" data-element_type=\"column\">\n\t\t\t<div class=\"elementor-widget-wrap elementor-element-populated\">\n\t\t\t\t\t\t<section class=\"elementor-section elementor-inner-section elementor-element elementor-element-eb9b6ef elementor-section-content-middle ot-traditional elementor-section-boxed elementor-section-height-default elementor-section-height-default\" data-id=\"eb9b6ef\" data-element_type=\"section\">\n\t\t\t\t\t\t<div class=\"elementor-container elementor-column-gap-default\">\n\t\t\t\t\t<div class=\"elementor-column elementor-col-50 elementor-inner-column elementor-element elementor-element-fec129d ot-flex-column-vertical\" data-id=\"fec129d\" data-element_type=\"column\">\n\t\t\t<div class=\"elementor-widget-wrap elementor-element-populated\">\n\t\t\t\t\t\t<div class=\"elementor-element elementor-element-914332b elementor-widget elementor-widget-text-editor\" data-id=\"914332b\" data-element_type=\"widget\" data-widget_type=\"text-editor.default\">\n\t\t\t\t<div class=\"elementor-widget-container\">\n\t\t\t\t\t\t\t<h6><span style=\"color: #000000;\">1. Piln\u012bga atbilst\u012bba: <\/span><\/h6><p><span style=\"color: #000000;\">M\u0113s pal\u012bdzam jums identific\u0113t un dokument\u0113t visu datu apstr\u0101di j\u016bsu organiz\u0101cij\u0101 saska\u0146\u0101 ar GDPR pras\u012bb\u0101m. M\u016bsu stingr\u0101 pieeja nodro\u0161ina atbilst\u012bbu regulas galvenajiem principiem, piem\u0113ram, likum\u012bbai, p\u0101rredzam\u012bbai un m\u0113r\u0137u ierobe\u017eojumam.<\/span><\/p><h6><span style=\"color: #000000;\">2. Vienk\u0101r\u0161ota p\u0101rvald\u012bba: <\/span><\/h6><p><span style=\"color: #000000;\">M\u016bsu lietot\u0101jam draudz\u012bg\u0101 platforma \u013cauj jums viegli centraliz\u0113t un p\u0101rvald\u012bt visu inform\u0101ciju, kas saist\u012bta ar j\u016bsu <strong><span style=\"color: #000000;\"><a style=\"color: #000000;\" href=\"https:\/\/viqtor.eu\/lv\/registre-de-traitement\/\">\u0101rst\u0113\u0161anas re\u0123istrs<\/a><\/span> Francija<\/strong>Ierakstus var pievienot, redi\u0123\u0113t vai dz\u0113st tikai ar da\u017eiem klik\u0161\u0137iem un jebkur\u0101 laik\u0101 \u0123ener\u0113t detaliz\u0113tus p\u0101rskatus.<\/span><\/p>\t\t\t\t\t\t<\/div>\n\t\t\t\t<\/div>\n\t\t\t\t\t<\/div>\n\t\t<\/div>\n\t\t\t\t<div class=\"elementor-column elementor-col-50 elementor-inner-column elementor-element elementor-element-96f5aa0 ot-flex-column-vertical\" data-id=\"96f5aa0\" data-element_type=\"column\">\n\t\t\t<div class=\"elementor-widget-wrap elementor-element-populated\">\n\t\t\t\t\t\t<div class=\"elementor-element elementor-element-323deb6 elementor-widget__width-initial elementor-widget elementor-widget-image\" data-id=\"323deb6\" data-element_type=\"widget\" data-widget_type=\"image.default\">\n\t\t\t\t<div class=\"elementor-widget-container\">\n\t\t\t\t\t\t\t\t\t\t\t\t\t<img fetchpriority=\"high\" decoding=\"async\" width=\"1024\" height=\"1024\" src=\"https:\/\/viqtor.eu\/wp-content\/uploads\/2023\/07\/registre-de-traitement-1024x1024.jpg\" class=\"attachment-large size-large wp-image-8675\" alt=\"Registre de traitement RGPD France\" srcset=\"https:\/\/viqtor.eu\/wp-content\/uploads\/2023\/07\/registre-de-traitement-1024x1024.jpg 1024w, https:\/\/viqtor.eu\/wp-content\/uploads\/2023\/07\/registre-de-traitement-300x300.jpg 300w, https:\/\/viqtor.eu\/wp-content\/uploads\/2023\/07\/registre-de-traitement-150x150.jpg 150w, https:\/\/viqtor.eu\/wp-content\/uploads\/2023\/07\/registre-de-traitement-768x768.jpg 768w, https:\/\/viqtor.eu\/wp-content\/uploads\/2023\/07\/registre-de-traitement-1536x1536.jpg 1536w, https:\/\/viqtor.eu\/wp-content\/uploads\/2023\/07\/registre-de-traitement-2048x2048.jpg 2048w, https:\/\/viqtor.eu\/wp-content\/uploads\/2023\/07\/registre-de-traitement-720x720.jpg 720w\" sizes=\"(max-width: 1024px) 100vw, 1024px\" \/>\t\t\t\t\t\t\t\t\t\t\t\t\t<\/div>\n\t\t\t\t<\/div>\n\t\t\t\t\t<\/div>\n\t\t<\/div>\n\t\t\t\t\t<\/div>\n\t\t<\/section>\n\t\t\t\t\t<\/div>\n\t\t<\/div>\n\t\t\t\t\t<\/div>\n\t\t<\/section>\n\t\t\t\t<section class=\"elementor-section elementor-top-section elementor-element elementor-element-aa4b47d elementor-section-content-middle ot-traditional elementor-section-boxed elementor-section-height-default elementor-section-height-default\" data-id=\"aa4b47d\" data-element_type=\"section\">\n\t\t\t\t\t\t\t<div class=\"elementor-background-overlay\"><\/div>\n\t\t\t\t\t\t\t<div class=\"elementor-container elementor-column-gap-extended\">\n\t\t\t\t\t<div class=\"elementor-column elementor-col-50 elementor-top-column elementor-element elementor-element-8243aef elementor-hidden-tablet elementor-hidden-phone ot-column-items-top ot-flex-column-vertical\" data-id=\"8243aef\" data-element_type=\"column\" data-settings=\"{&quot;background_background&quot;:&quot;classic&quot;}\">\n\t\t\t<div class=\"elementor-widget-wrap elementor-element-populated\">\n\t\t\t\t\t\t<div class=\"elementor-element elementor-element-47e8a70 elementor-widget elementor-widget-image\" data-id=\"47e8a70\" data-element_type=\"widget\" data-widget_type=\"image.default\">\n\t\t\t\t<div class=\"elementor-widget-container\">\n\t\t\t\t\t\t\t\t\t\t\t\t\t<img decoding=\"async\" width=\"1024\" height=\"865\" src=\"https:\/\/viqtor.eu\/wp-content\/uploads\/2023\/07\/registre-de-traitement-des-donnees-1024x865.jpg\" class=\"attachment-large size-large wp-image-8676\" alt=\"registre de traitement\" srcset=\"https:\/\/viqtor.eu\/wp-content\/uploads\/2023\/07\/registre-de-traitement-des-donnees-1024x865.jpg 1024w, https:\/\/viqtor.eu\/wp-content\/uploads\/2023\/07\/registre-de-traitement-des-donnees-300x253.jpg 300w, https:\/\/viqtor.eu\/wp-content\/uploads\/2023\/07\/registre-de-traitement-des-donnees-768x649.jpg 768w, https:\/\/viqtor.eu\/wp-content\/uploads\/2023\/07\/registre-de-traitement-des-donnees-1536x1297.jpg 1536w, https:\/\/viqtor.eu\/wp-content\/uploads\/2023\/07\/registre-de-traitement-des-donnees-2048x1729.jpg 2048w, https:\/\/viqtor.eu\/wp-content\/uploads\/2023\/07\/registre-de-traitement-des-donnees-720x608.jpg 720w\" sizes=\"(max-width: 1024px) 100vw, 1024px\" \/>\t\t\t\t\t\t\t\t\t\t\t\t\t<\/div>\n\t\t\t\t<\/div>\n\t\t\t\t\t<\/div>\n\t\t<\/div>\n\t\t\t\t<div class=\"elementor-column elementor-col-50 elementor-top-column elementor-element elementor-element-5e7b92b ot-flex-column-vertical\" data-id=\"5e7b92b\" data-element_type=\"column\">\n\t\t\t<div class=\"elementor-widget-wrap elementor-element-populated\">\n\t\t\t\t\t\t<div class=\"elementor-element elementor-element-72485af elementor-widget__width-initial elementor-widget elementor-widget-text-editor\" data-id=\"72485af\" data-element_type=\"widget\" data-widget_type=\"text-editor.default\">\n\t\t\t\t<div class=\"elementor-widget-container\">\n\t\t\t\t\t\t\t<h6><span style=\"color: #000000;\">3. Norises uzraudz\u012bba: <\/span><\/h6><p><span style=\"color: #000000;\">GDPR ir past\u0101v\u012bgi main\u012bga regula, un m\u0113s nodro\u0161in\u0101m, ka j\u016bsu ieraksti vienm\u0113r ir atjaunin\u0101ti. M\u0113s j\u016bs inform\u0113jam par svar\u012bg\u0101m likumdo\u0161anas izmai\u0146\u0101m un jaun\u0101m datu aizsardz\u012bbas saist\u012bb\u0101m, lai j\u016bs vienm\u0113r var\u0113tu iev\u0113rot noteikumus.<\/span><\/p><h6><span style=\"color: #000000;\">4. Konfidencialit\u0101te un dro\u0161\u012bba: <\/span><\/h6><p><span style=\"color: #000000;\">M\u0113s \u013coti nopietni uztveram j\u016bsu datu priv\u0101tumu un dro\u0161\u012bbu. M\u016bsu platforma izmanto uzlabotus \u0161ifr\u0113\u0161anas protokolus un sp\u0113c\u012bgus dro\u0161\u012bbas pas\u0101kumus, lai nodro\u0161in\u0101tu saglab\u0101t\u0101s inform\u0101cijas konfidencialit\u0101ti.<\/span><\/p><h6>5. Ekspertu atbalsts:<\/h6><p><span style=\"color: #000000;\">M\u016bsu speci\u0101listu komanda ir gatava atbild\u0113t uz visiem j\u016bsu jaut\u0101jumiem un sniegt tehnisku un normat\u012bvo atbalstu. M\u0113s esam ap\u0146\u0113mu\u0161ies atbalst\u012bt j\u016bs vis\u0101 j\u016bsu GDPR atbilst\u012bbas proces\u0101 un pal\u012bdz\u0113t p\u0101rvar\u0113t datu aizsardz\u012bbas izaicin\u0101jumus.<\/span><\/p>\t\t\t\t\t\t<\/div>\n\t\t\t\t<\/div>\n\t\t\t\t\t<\/div>\n\t\t<\/div>\n\t\t\t\t\t<\/div>\n\t\t<\/section>\n\t\t\t\t<section class=\"elementor-section elementor-top-section elementor-element elementor-element-f46331b elementor-section-content-middle ot-traditional elementor-section-boxed elementor-section-height-default elementor-section-height-default\" data-id=\"f46331b\" data-element_type=\"section\" data-settings=\"{&quot;background_background&quot;:&quot;classic&quot;}\">\n\t\t\t\t\t\t\t<div class=\"elementor-background-overlay\"><\/div>\n\t\t\t\t\t\t\t<div class=\"elementor-container elementor-column-gap-default\">\n\t\t\t\t\t<div class=\"elementor-column elementor-col-100 elementor-top-column elementor-element elementor-element-c1653f8 ot-column-items-center ot-flex-column-vertical\" data-id=\"c1653f8\" data-element_type=\"column\">\n\t\t\t<div class=\"elementor-widget-wrap elementor-element-populated\">\n\t\t\t\t\t\t<div class=\"elementor-element elementor-element-0b99088 elementor-widget__width-initial elementor-widget elementor-widget-iheading\" data-id=\"0b99088\" data-element_type=\"widget\" data-widget_type=\"iheading.default\">\n\t\t\t\t<div class=\"elementor-widget-container\">\n\t\t\t\t\t<div class=\"ot-heading\">\r\n\t        \t            <span>\/\/ AR VIQTOR\u00ae<\/span>\r\n\t        <p class=\"main-heading\">Nerisk\u0113jiet ar atbilst\u012bbu GDPR. Uzticieties m\u016bsu Francijas datu apstr\u0101des re\u0123istra pakalpojumam, lai nodro\u0161in\u0101tu, ka j\u016bsu uz\u0146\u0113mums atbilst visstingr\u0101kaj\u0101m datu aizsardz\u012bbas pras\u012bb\u0101m. Sazinieties ar mums jau \u0161odien, lai uzzin\u0101tu vair\u0101k un s\u0101ktu savu atbilst\u012bbas ce\u013cojumu.<\/p>\t    <\/div>\r\n\t    \t\t<\/div>\n\t\t\t\t<\/div>\n\t\t\t\t\t<\/div>\n\t\t<\/div>\n\t\t\t\t\t<\/div>\n\t\t<\/section>\n\t\t\t\t<section class=\"elementor-section elementor-top-section elementor-element elementor-element-c0ca5fe ot-traditional elementor-section-boxed elementor-section-height-default elementor-section-height-default\" data-id=\"c0ca5fe\" data-element_type=\"section\">\n\t\t\t\t\t\t<div class=\"elementor-container elementor-column-gap-default\">\n\t\t\t\t\t<div class=\"elementor-column elementor-col-100 elementor-top-column elementor-element elementor-element-de64556 ot-flex-column-vertical\" data-id=\"de64556\" data-element_type=\"column\">\n\t\t\t<div class=\"elementor-widget-wrap elementor-element-populated\">\n\t\t\t\t\t\t<div class=\"elementor-element elementor-element-31c9ab0 elementor-widget elementor-widget-text-editor\" data-id=\"31c9ab0\" data-element_type=\"widget\" data-widget_type=\"text-editor.default\">\n\t\t\t\t<div class=\"elementor-widget-container\">\n\t\t\t\t\t\t\t<p style=\"text-align: center;\"><a class=\"wp-block-button__link has-vivid-cyan-blue-background-color has-background has-text-align-center wp-element-button\" href=\"https:\/\/app.viqtor.eu\/\" target=\"_blank\" rel=\"noreferrer noopener\">Atkl\u0101jiet Viktoru<span style=\"color: #ffffff;\">\u00ae<\/span><\/a><\/p>\t\t\t\t\t\t<\/div>\n\t\t\t\t<\/div>\n\t\t\t\t\t<\/div>\n\t\t<\/div>\n\t\t\t\t\t<\/div>\n\t\t<\/section>\n\t\t\t\t<\/div>","protected":false},"excerpt":{"rendered":"<p>Viqtor\u00ae\u00a0 \u2013 Simplifiez votre mise en conformit\u00e9 RGPD avec notre service de registre de traitement France Vous souhaitez vous assurer que votre entreprise est pleinement conforme au r\u00e8glement g\u00e9n\u00e9ral sur la protection des donn\u00e9es (RGPD) ? Ne cherchez pas plus loin ! Notre plateforme de mise en conformit\u00e9 RGPD Viqtor\u00ae propose une prestation de registre [&hellip;]<\/p>","protected":false},"author":1,"featured_media":0,"parent":0,"menu_order":0,"comment_status":"closed","ping_status":"closed","template":"","meta":{"_acf_changed":false,"footnotes":""},"class_list":["post-8661","page","type-page","status-publish","hentry"],"acf":[],"yoast_head":"<!-- This site is optimized with the Yoast SEO plugin v23.6 - https:\/\/yoast.com\/wordpress\/plugins\/seo\/ -->\n<title>registre de traitement France - Viqtor<\/title>\n<meta name=\"description\" content=\"Simplifiez votre mise en conformit\u00e9 RGPD avec notre service de registre des traitements France des donn\u00e9es. D\u00e9couvrez la plateforme Viqtor.\" \/>\n<meta name=\"robots\" content=\"index, follow, max-snippet:-1, max-image-preview:large, max-video-preview:-1\" \/>\n<link rel=\"canonical\" href=\"https:\/\/viqtor.eu\/lv\/registre-de-traitement-france\/\" \/>\n<meta property=\"og:locale\" content=\"lv_LV\" \/>\n<meta property=\"og:type\" content=\"article\" \/>\n<meta property=\"og:title\" content=\"registre de traitement France - Viqtor\" \/>\n<meta property=\"og:description\" content=\"Simplifiez votre mise en conformit\u00e9 RGPD avec notre service de registre des traitements France des donn\u00e9es. D\u00e9couvrez la plateforme Viqtor.\" \/>\n<meta property=\"og:url\" content=\"https:\/\/viqtor.eu\/lv\/registre-de-traitement-france\/\" \/>\n<meta property=\"og:site_name\" content=\"Viqtor\" \/>\n<meta property=\"article:modified_time\" content=\"2023-08-31T15:33:03+00:00\" \/>\n<meta property=\"og:image\" content=\"https:\/\/viqtor.eu\/wp-content\/uploads\/2026\/04\/widget-viqtor.png\" \/>\n<meta name=\"twitter:card\" content=\"summary_large_image\" \/>\n<meta name=\"twitter:label1\" content=\"Est. reading time\" \/>\n\t<meta name=\"twitter:data1\" content=\"3 min\u016btes\" \/>\n<script type=\"application\/ld+json\" class=\"yoast-schema-graph\">{\"@context\":\"https:\/\/schema.org\",\"@graph\":[{\"@type\":\"WebPage\",\"@id\":\"https:\/\/viqtor.eu\/registre-de-traitement-france\/\",\"url\":\"https:\/\/viqtor.eu\/registre-de-traitement-france\/\",\"name\":\"registre de traitement France - Viqtor\",\"isPartOf\":{\"@id\":\"https:\/\/viqtor.eu\/#website\"},\"primaryImageOfPage\":{\"@id\":\"https:\/\/viqtor.eu\/registre-de-traitement-france\/#primaryimage\"},\"image\":{\"@id\":\"https:\/\/viqtor.eu\/registre-de-traitement-france\/#primaryimage\"},\"thumbnailUrl\":\"https:\/\/viqtor.eu\/wp-content\/uploads\/2023\/07\/registre-de-traitement-1024x1024.jpg\",\"datePublished\":\"2023-07-03T09:34:22+00:00\",\"dateModified\":\"2023-08-31T15:33:03+00:00\",\"description\":\"Simplifiez votre mise en conformit\u00e9 RGPD avec notre service de registre des traitements France des donn\u00e9es. D\u00e9couvrez la plateforme Viqtor.\",\"breadcrumb\":{\"@id\":\"https:\/\/viqtor.eu\/registre-de-traitement-france\/#breadcrumb\"},\"inLanguage\":\"lv-LV\",\"potentialAction\":[{\"@type\":\"ReadAction\",\"target\":[\"https:\/\/viqtor.eu\/registre-de-traitement-france\/\"]}]},{\"@type\":\"ImageObject\",\"inLanguage\":\"lv-LV\",\"@id\":\"https:\/\/viqtor.eu\/registre-de-traitement-france\/#primaryimage\",\"url\":\"https:\/\/viqtor.eu\/wp-content\/uploads\/2023\/07\/registre-de-traitement-1024x1024.jpg\",\"contentUrl\":\"https:\/\/viqtor.eu\/wp-content\/uploads\/2023\/07\/registre-de-traitement-1024x1024.jpg\"},{\"@type\":\"BreadcrumbList\",\"@id\":\"https:\/\/viqtor.eu\/registre-de-traitement-france\/#breadcrumb\",\"itemListElement\":[{\"@type\":\"ListItem\",\"position\":1,\"name\":\"Accueil\",\"item\":\"https:\/\/viqtor.eu\/\"},{\"@type\":\"ListItem\",\"position\":2,\"name\":\"&#8230; registre de traitement France\"}]},{\"@type\":\"WebSite\",\"@id\":\"https:\/\/viqtor.eu\/#website\",\"url\":\"https:\/\/viqtor.eu\/\",\"name\":\"Viqtor\",\"description\":\"Faites du RGPD une opportunit\u00e9 pour votre entreprise.\",\"publisher\":{\"@id\":\"https:\/\/viqtor.eu\/#organization\"},\"potentialAction\":[{\"@type\":\"SearchAction\",\"target\":{\"@type\":\"EntryPoint\",\"urlTemplate\":\"https:\/\/viqtor.eu\/?s={search_term_string}\"},\"query-input\":{\"@type\":\"PropertyValueSpecification\",\"valueRequired\":true,\"valueName\":\"search_term_string\"}}],\"inLanguage\":\"lv-LV\"},{\"@type\":\"Organization\",\"@id\":\"https:\/\/viqtor.eu\/#organization\",\"name\":\"viqtor.eu\",\"url\":\"https:\/\/viqtor.eu\/\",\"logo\":{\"@type\":\"ImageObject\",\"inLanguage\":\"lv-LV\",\"@id\":\"https:\/\/viqtor.eu\/#\/schema\/logo\/image\/\",\"url\":\"https:\/\/viqtor.eu\/wp-content\/uploads\/2023\/06\/favicon-noir.svg\",\"contentUrl\":\"https:\/\/viqtor.eu\/wp-content\/uploads\/2023\/06\/favicon-noir.svg\",\"width\":108,\"height\":86,\"caption\":\"viqtor.eu\"},\"image\":{\"@id\":\"https:\/\/viqtor.eu\/#\/schema\/logo\/image\/\"}}]}<\/script>\n<!-- \/ Yoast SEO plugin. -->","yoast_head_json":{"title":"registre de traitement France - Viqtor","description":"Simplifiez votre mise en conformit\u00e9 RGPD avec notre service de registre des traitements France des donn\u00e9es. D\u00e9couvrez la plateforme Viqtor.","robots":{"index":"index","follow":"follow","max-snippet":"max-snippet:-1","max-image-preview":"max-image-preview:large","max-video-preview":"max-video-preview:-1"},"canonical":"https:\/\/viqtor.eu\/lv\/registre-de-traitement-france\/","og_locale":"lv_LV","og_type":"article","og_title":"registre de traitement France - Viqtor","og_description":"Simplifiez votre mise en conformit\u00e9 RGPD avec notre service de registre des traitements France des donn\u00e9es. D\u00e9couvrez la plateforme Viqtor.","og_url":"https:\/\/viqtor.eu\/lv\/registre-de-traitement-france\/","og_site_name":"Viqtor","article_modified_time":"2023-08-31T15:33:03+00:00","og_image":[{"url":"https:\/\/viqtor.eu\/wp-content\/uploads\/2026\/04\/widget-viqtor.png"}],"twitter_card":"summary_large_image","twitter_misc":{"Est. reading time":"3 min\u016btes"},"schema":{"@context":"https:\/\/schema.org","@graph":[{"@type":"WebPage","@id":"https:\/\/viqtor.eu\/registre-de-traitement-france\/","url":"https:\/\/viqtor.eu\/registre-de-traitement-france\/","name":"registre de traitement France - Viqtor","isPartOf":{"@id":"https:\/\/viqtor.eu\/#website"},"primaryImageOfPage":{"@id":"https:\/\/viqtor.eu\/registre-de-traitement-france\/#primaryimage"},"image":{"@id":"https:\/\/viqtor.eu\/registre-de-traitement-france\/#primaryimage"},"thumbnailUrl":"https:\/\/viqtor.eu\/wp-content\/uploads\/2023\/07\/registre-de-traitement-1024x1024.jpg","datePublished":"2023-07-03T09:34:22+00:00","dateModified":"2023-08-31T15:33:03+00:00","description":"Simplifiez votre mise en conformit\u00e9 RGPD avec notre service de registre des traitements France des donn\u00e9es. D\u00e9couvrez la plateforme Viqtor.","breadcrumb":{"@id":"https:\/\/viqtor.eu\/registre-de-traitement-france\/#breadcrumb"},"inLanguage":"lv-LV","potentialAction":[{"@type":"ReadAction","target":["https:\/\/viqtor.eu\/registre-de-traitement-france\/"]}]},{"@type":"ImageObject","inLanguage":"lv-LV","@id":"https:\/\/viqtor.eu\/registre-de-traitement-france\/#primaryimage","url":"https:\/\/viqtor.eu\/wp-content\/uploads\/2023\/07\/registre-de-traitement-1024x1024.jpg","contentUrl":"https:\/\/viqtor.eu\/wp-content\/uploads\/2023\/07\/registre-de-traitement-1024x1024.jpg"},{"@type":"BreadcrumbList","@id":"https:\/\/viqtor.eu\/registre-de-traitement-france\/#breadcrumb","itemListElement":[{"@type":"ListItem","position":1,"name":"Accueil","item":"https:\/\/viqtor.eu\/"},{"@type":"ListItem","position":2,"name":"&#8230; registre de traitement France"}]},{"@type":"WebSite","@id":"https:\/\/viqtor.eu\/#website","url":"https:\/\/viqtor.eu\/","name":"Viqtor","description":"Faites du RGPD une opportunit\u00e9 pour votre entreprise.","publisher":{"@id":"https:\/\/viqtor.eu\/#organization"},"potentialAction":[{"@type":"SearchAction","target":{"@type":"EntryPoint","urlTemplate":"https:\/\/viqtor.eu\/?s={search_term_string}"},"query-input":{"@type":"PropertyValueSpecification","valueRequired":true,"valueName":"search_term_string"}}],"inLanguage":"lv-LV"},{"@type":"Organization","@id":"https:\/\/viqtor.eu\/#organization","name":"viqtor.eu","url":"https:\/\/viqtor.eu\/","logo":{"@type":"ImageObject","inLanguage":"lv-LV","@id":"https:\/\/viqtor.eu\/#\/schema\/logo\/image\/","url":"https:\/\/viqtor.eu\/wp-content\/uploads\/2023\/06\/favicon-noir.svg","contentUrl":"https:\/\/viqtor.eu\/wp-content\/uploads\/2023\/06\/favicon-noir.svg","width":108,"height":86,"caption":"viqtor.eu"},"image":{"@id":"https:\/\/viqtor.eu\/#\/schema\/logo\/image\/"}}]}},"_links":{"self":[{"href":"https:\/\/viqtor.eu\/lv\/wp-json\/wp\/v2\/pages\/8661","targetHints":{"allow":["GET"]}}],"collection":[{"href":"https:\/\/viqtor.eu\/lv\/wp-json\/wp\/v2\/pages"}],"about":[{"href":"https:\/\/viqtor.eu\/lv\/wp-json\/wp\/v2\/types\/page"}],"author":[{"embeddable":true,"href":"https:\/\/viqtor.eu\/lv\/wp-json\/wp\/v2\/users\/1"}],"replies":[{"embeddable":true,"href":"https:\/\/viqtor.eu\/lv\/wp-json\/wp\/v2\/comments?post=8661"}],"version-history":[{"count":16,"href":"https:\/\/viqtor.eu\/lv\/wp-json\/wp\/v2\/pages\/8661\/revisions"}],"predecessor-version":[{"id":9576,"href":"https:\/\/viqtor.eu\/lv\/wp-json\/wp\/v2\/pages\/8661\/revisions\/9576"}],"wp:attachment":[{"href":"https:\/\/viqtor.eu\/lv\/wp-json\/wp\/v2\/media?parent=8661"}],"curies":[{"name":"wp","href":"https:\/\/api.w.org\/{rel}","templated":true}]}}