{"id":8578,"date":"2023-06-13T11:30:59","date_gmt":"2023-06-13T11:30:59","guid":{"rendered":"https:\/\/viqtor.eu\/?page_id=8578"},"modified":"2023-10-10T12:38:00","modified_gmt":"2023-10-10T12:38:00","slug":"backlinks-liens-de-retours","status":"publish","type":"page","link":"https:\/\/viqtor.eu\/lv\/backlinks-liens-de-retours\/","title":{"rendered":"Atpaka\u013csaites"},"content":{"rendered":"<div data-elementor-type=\"wp-page\" data-elementor-id=\"8578\" class=\"elementor elementor-8578\" data-elementor-post-type=\"page\">\n\t\t\t\t\t\t<section class=\"elementor-section elementor-top-section elementor-element elementor-element-24dee8b4 ot-traditional elementor-section-boxed elementor-section-height-default elementor-section-height-default\" data-id=\"24dee8b4\" data-element_type=\"section\">\n\t\t\t\t\t\t<div class=\"elementor-container elementor-column-gap-default\">\n\t\t\t\t\t<div class=\"elementor-column elementor-col-100 elementor-top-column elementor-element elementor-element-1bbd78e9 ot-flex-column-vertical\" data-id=\"1bbd78e9\" data-element_type=\"column\">\n\t\t\t<div class=\"elementor-widget-wrap elementor-element-populated\">\n\t\t\t\t\t\t<div class=\"elementor-element elementor-element-51ea47cb elementor-widget elementor-widget-text-editor\" data-id=\"51ea47cb\" data-element_type=\"widget\" data-widget_type=\"text-editor.default\">\n\t\t\t\t<div class=\"elementor-widget-container\">\n\t\t\t\t\t\t\t<p><a title=\"proksimeo\" href=\"http:\/\/proximeo.com\">Noda\u013cu direktorijs<\/a><\/p>\n<p><a title=\"Re\u0123ion\u0101lais direktorijs\" href=\"http:\/\/annuaire-regional.com\">Re\u0123ion\u0101lais direktorijs<\/a><\/p>\n<p><a title=\"Atrodiet profesion\u0101li\" href=\"http:\/\/trouver-un-professionnel.com\">Profesion\u0101lais direktorijs<\/a><\/p>\n<a href=\"https:\/\/www.toplien.fr\/\">direktorijs<\/a> <a href=\"https:\/\/www.toplien.fr\/informatique\/logiciel\/gestion\/\">Vad\u012bbas programmat\u016bra<\/a>\t\t\t\t\t\t<\/div>\n\t\t\t\t<\/div>\n\t\t\t\t\t<\/div>\n\t\t<\/div>\n\t\t\t\t\t<\/div>\n\t\t<\/section>\n\t\t\t\t<section class=\"elementor-section elementor-top-section elementor-element elementor-element-25874d7 ot-traditional elementor-section-boxed elementor-section-height-default elementor-section-height-default\" data-id=\"25874d7\" data-element_type=\"section\">\n\t\t\t\t\t\t<div class=\"elementor-container elementor-column-gap-default\">\n\t\t\t\t\t<div class=\"elementor-column elementor-col-100 elementor-top-column elementor-element elementor-element-3f50749 ot-flex-column-vertical\" data-id=\"3f50749\" data-element_type=\"column\">\n\t\t\t<div class=\"elementor-widget-wrap elementor-element-populated\">\n\t\t\t\t\t\t<div class=\"elementor-element elementor-element-6bd1d94 elementor-widget elementor-widget-text-editor\" data-id=\"6bd1d94\" data-element_type=\"widget\" data-widget_type=\"text-editor.default\">\n\t\t\t\t<div class=\"elementor-widget-container\">\n\t\t\t\t\t\t\t<p><a href=\"http:\/\/www.nova-2000.fr\" target=\"_blank\" rel=\"noopener\"> Nova 2000 direktorijs<\/a><\/p><p><a href=\"https:\/\/www.ladenise.com\/\">www.ladenise.com<\/a><\/p><p>http:\/\/www.boostersite.com<\/p><p>\u00a0<\/p>\t\t\t\t\t\t<\/div>\n\t\t\t\t<\/div>\n\t\t\t\t\t<\/div>\n\t\t<\/div>\n\t\t\t\t\t<\/div>\n\t\t<\/section>\n\t\t\t\t<section class=\"elementor-section elementor-top-section elementor-element elementor-element-16595cb ot-traditional elementor-section-boxed elementor-section-height-default elementor-section-height-default\" data-id=\"16595cb\" data-element_type=\"section\">\n\t\t\t\t\t\t<div class=\"elementor-container elementor-column-gap-default\">\n\t\t\t\t\t<div class=\"elementor-column elementor-col-100 elementor-top-column elementor-element elementor-element-00ec7d4 ot-flex-column-vertical\" data-id=\"00ec7d4\" data-element_type=\"column\">\n\t\t\t<div class=\"elementor-widget-wrap elementor-element-populated\">\n\t\t\t\t\t\t<div class=\"elementor-element elementor-element-bac1901 elementor-widget elementor-widget-image\" data-id=\"bac1901\" data-element_type=\"widget\" data-widget_type=\"image.default\">\n\t\t\t\t<div class=\"elementor-widget-container\">\n\t\t\t\t\t\t\t\t\t\t\t\t\t<img decoding=\"async\" width=\"200\" height=\"80\" src=\"https:\/\/viqtor.eu\/wp-content\/uploads\/2023\/08\/boostersite-logo.gif\" class=\"attachment-large size-large wp-image-9090\" alt=\"\" \/>\t\t\t\t\t\t\t\t\t\t\t\t\t<\/div>\n\t\t\t\t<\/div>\n\t\t\t\t\t<\/div>\n\t\t<\/div>\n\t\t\t\t\t<\/div>\n\t\t<\/section>\n\t\t\t\t<section class=\"elementor-section elementor-top-section elementor-element elementor-element-ccc893d ot-traditional elementor-section-boxed elementor-section-height-default elementor-section-height-default\" data-id=\"ccc893d\" data-element_type=\"section\">\n\t\t\t\t\t\t<div class=\"elementor-container elementor-column-gap-default\">\n\t\t\t\t\t<div class=\"elementor-column elementor-col-100 elementor-top-column elementor-element elementor-element-204fafd ot-flex-column-vertical\" data-id=\"204fafd\" data-element_type=\"column\">\n\t\t\t<div class=\"elementor-widget-wrap elementor-element-populated\">\n\t\t\t\t\t\t<div class=\"elementor-element elementor-element-d07139a elementor-widget elementor-widget-text-editor\" data-id=\"d07139a\" data-element_type=\"widget\" data-widget_type=\"text-editor.default\">\n\t\t\t\t<div class=\"elementor-widget-container\">\n\t\t\t\t\t\t\t<p><span style=\"color: #000000;\"><a style=\"color: #000000;\" href=\"https:\/\/annuaire.secous.com\/\">sakrat\u012bta direktorija<\/a><\/span><\/p>\t\t\t\t\t\t<\/div>\n\t\t\t\t<\/div>\n\t\t\t\t\t<\/div>\n\t\t<\/div>\n\t\t\t\t\t<\/div>\n\t\t<\/section>\n\t\t\t\t<section class=\"elementor-section elementor-top-section elementor-element elementor-element-c083406 ot-traditional elementor-section-boxed elementor-section-height-default elementor-section-height-default\" data-id=\"c083406\" data-element_type=\"section\">\n\t\t\t\t\t\t<div class=\"elementor-container elementor-column-gap-default\">\n\t\t\t\t\t<div class=\"elementor-column elementor-col-100 elementor-top-column elementor-element elementor-element-9defc80 ot-flex-column-vertical\" data-id=\"9defc80\" data-element_type=\"column\">\n\t\t\t<div class=\"elementor-widget-wrap elementor-element-populated\">\n\t\t\t\t\t\t<div class=\"elementor-element elementor-element-0e125f2 elementor-widget elementor-widget-text-editor\" data-id=\"0e125f2\" data-element_type=\"widget\" data-widget_type=\"text-editor.default\">\n\t\t\t\t<div class=\"elementor-widget-container\">\n\t\t\t\t\t\t\t<a title=\"T\u012bkla izv\u0113le \u2014 visp\u0101r\u0113js interneta viet\u0146u direktorijs.\" href=\"http:\/\/www.choixdunet.fr\/annuaire.php\" target=\"_blank\" rel=\"noopener\">Visp\u0101r\u012bgs t\u012bmek\u013ca viet\u0146u katalogs<\/a>\n\n <a href=\"https:\/\/www.empreintesduweb.com\" title=\"Visp\u0101r\u012bgs katalogs ar manu\u0101lu valid\u0101ciju, lai bez maksas uzlabotu j\u016bsu pozicion\u0113\u0161anu un SEO \">Bezmaksas SEO<\/a> \t\t\t\t\t\t<\/div>\n\t\t\t\t<\/div>\n\t\t\t\t\t<\/div>\n\t\t<\/div>\n\t\t\t\t\t<\/div>\n\t\t<\/section>\n\t\t\t\t<\/div>","protected":false},"excerpt":{"rendered":"<p>Annuaire d\u00e9partemental Annuaire r\u00e9gional Annuaire professionnel annuaire Logiciels de Gestion Annuaire Nova 2000 www.ladenise.com http:\/\/www.boostersite.com \u00a0 annuaire secous Un annuaire g\u00e9n\u00e9raliste de sites web Referencement gratuit<\/p>","protected":false},"author":1,"featured_media":0,"parent":0,"menu_order":0,"comment_status":"closed","ping_status":"closed","template":"","meta":{"_acf_changed":false,"footnotes":""},"class_list":["post-8578","page","type-page","status-publish","hentry"],"acf":[],"yoast_head":"<!-- This site is optimized with the Yoast SEO plugin v23.6 - https:\/\/yoast.com\/wordpress\/plugins\/seo\/ -->\n<title>Backlinks Liens de retours - Viqtor<\/title>\n<meta name=\"robots\" content=\"index, follow, max-snippet:-1, max-image-preview:large, max-video-preview:-1\" \/>\n<link rel=\"canonical\" href=\"https:\/\/viqtor.eu\/lv\/backlinks-liens-de-retours\/\" \/>\n<meta property=\"og:locale\" content=\"lv_LV\" \/>\n<meta property=\"og:type\" content=\"article\" \/>\n<meta property=\"og:title\" content=\"Backlinks Liens de retours - Viqtor\" \/>\n<meta property=\"og:description\" content=\"Annuaire d\u00e9partemental Annuaire r\u00e9gional Annuaire professionnel annuaire Logiciels de Gestion Annuaire Nova 2000 www.ladenise.com http:\/\/www.boostersite.com \u00a0 annuaire secous Un annuaire g\u00e9n\u00e9raliste de sites web Referencement gratuit\" \/>\n<meta property=\"og:url\" content=\"https:\/\/viqtor.eu\/lv\/backlinks-liens-de-retours\/\" \/>\n<meta property=\"og:site_name\" content=\"Viqtor\" \/>\n<meta property=\"article:modified_time\" content=\"2023-10-10T12:38:00+00:00\" \/>\n<meta property=\"og:image\" content=\"https:\/\/viqtor.eu\/wp-content\/uploads\/2026\/04\/widget-viqtor.png\" \/>\n<meta name=\"twitter:card\" content=\"summary_large_image\" \/>\n<meta name=\"twitter:label1\" content=\"Est. reading time\" \/>\n\t<meta name=\"twitter:data1\" content=\"1 min\u016bte\" \/>\n<script type=\"application\/ld+json\" class=\"yoast-schema-graph\">{\"@context\":\"https:\/\/schema.org\",\"@graph\":[{\"@type\":\"WebPage\",\"@id\":\"https:\/\/viqtor.eu\/backlinks-liens-de-retours\/\",\"url\":\"https:\/\/viqtor.eu\/backlinks-liens-de-retours\/\",\"name\":\"Backlinks Liens de retours - Viqtor\",\"isPartOf\":{\"@id\":\"https:\/\/viqtor.eu\/#website\"},\"primaryImageOfPage\":{\"@id\":\"https:\/\/viqtor.eu\/backlinks-liens-de-retours\/#primaryimage\"},\"image\":{\"@id\":\"https:\/\/viqtor.eu\/backlinks-liens-de-retours\/#primaryimage\"},\"thumbnailUrl\":\"https:\/\/viqtor.eu\/wp-content\/uploads\/2023\/08\/boostersite-logo.gif\",\"datePublished\":\"2023-06-13T11:30:59+00:00\",\"dateModified\":\"2023-10-10T12:38:00+00:00\",\"breadcrumb\":{\"@id\":\"https:\/\/viqtor.eu\/backlinks-liens-de-retours\/#breadcrumb\"},\"inLanguage\":\"lv-LV\",\"potentialAction\":[{\"@type\":\"ReadAction\",\"target\":[\"https:\/\/viqtor.eu\/backlinks-liens-de-retours\/\"]}]},{\"@type\":\"ImageObject\",\"inLanguage\":\"lv-LV\",\"@id\":\"https:\/\/viqtor.eu\/backlinks-liens-de-retours\/#primaryimage\",\"url\":\"https:\/\/viqtor.eu\/wp-content\/uploads\/2023\/08\/boostersite-logo.gif\",\"contentUrl\":\"https:\/\/viqtor.eu\/wp-content\/uploads\/2023\/08\/boostersite-logo.gif\"},{\"@type\":\"BreadcrumbList\",\"@id\":\"https:\/\/viqtor.eu\/backlinks-liens-de-retours\/#breadcrumb\",\"itemListElement\":[{\"@type\":\"ListItem\",\"position\":1,\"name\":\"Accueil\",\"item\":\"https:\/\/viqtor.eu\/\"},{\"@type\":\"ListItem\",\"position\":2,\"name\":\"Backlinks Liens de retours\"}]},{\"@type\":\"WebSite\",\"@id\":\"https:\/\/viqtor.eu\/#website\",\"url\":\"https:\/\/viqtor.eu\/\",\"name\":\"Viqtor\",\"description\":\"Faites du RGPD une opportunit\u00e9 pour votre entreprise.\",\"publisher\":{\"@id\":\"https:\/\/viqtor.eu\/#organization\"},\"potentialAction\":[{\"@type\":\"SearchAction\",\"target\":{\"@type\":\"EntryPoint\",\"urlTemplate\":\"https:\/\/viqtor.eu\/?s={search_term_string}\"},\"query-input\":{\"@type\":\"PropertyValueSpecification\",\"valueRequired\":true,\"valueName\":\"search_term_string\"}}],\"inLanguage\":\"lv-LV\"},{\"@type\":\"Organization\",\"@id\":\"https:\/\/viqtor.eu\/#organization\",\"name\":\"viqtor.eu\",\"url\":\"https:\/\/viqtor.eu\/\",\"logo\":{\"@type\":\"ImageObject\",\"inLanguage\":\"lv-LV\",\"@id\":\"https:\/\/viqtor.eu\/#\/schema\/logo\/image\/\",\"url\":\"https:\/\/viqtor.eu\/wp-content\/uploads\/2023\/06\/favicon-noir.svg\",\"contentUrl\":\"https:\/\/viqtor.eu\/wp-content\/uploads\/2023\/06\/favicon-noir.svg\",\"width\":108,\"height\":86,\"caption\":\"viqtor.eu\"},\"image\":{\"@id\":\"https:\/\/viqtor.eu\/#\/schema\/logo\/image\/\"}}]}<\/script>\n<!-- \/ Yoast SEO plugin. -->","yoast_head_json":{"title":"Backlinks Liens de retours - Viqtor","robots":{"index":"index","follow":"follow","max-snippet":"max-snippet:-1","max-image-preview":"max-image-preview:large","max-video-preview":"max-video-preview:-1"},"canonical":"https:\/\/viqtor.eu\/lv\/backlinks-liens-de-retours\/","og_locale":"lv_LV","og_type":"article","og_title":"Backlinks Liens de retours - Viqtor","og_description":"Annuaire d\u00e9partemental Annuaire r\u00e9gional Annuaire professionnel annuaire Logiciels de Gestion Annuaire Nova 2000 www.ladenise.com http:\/\/www.boostersite.com \u00a0 annuaire secous Un annuaire g\u00e9n\u00e9raliste de sites web Referencement gratuit","og_url":"https:\/\/viqtor.eu\/lv\/backlinks-liens-de-retours\/","og_site_name":"Viqtor","article_modified_time":"2023-10-10T12:38:00+00:00","og_image":[{"url":"https:\/\/viqtor.eu\/wp-content\/uploads\/2026\/04\/widget-viqtor.png"}],"twitter_card":"summary_large_image","twitter_misc":{"Est. reading time":"1 min\u016bte"},"schema":{"@context":"https:\/\/schema.org","@graph":[{"@type":"WebPage","@id":"https:\/\/viqtor.eu\/backlinks-liens-de-retours\/","url":"https:\/\/viqtor.eu\/backlinks-liens-de-retours\/","name":"Backlinks Liens de retours - Viqtor","isPartOf":{"@id":"https:\/\/viqtor.eu\/#website"},"primaryImageOfPage":{"@id":"https:\/\/viqtor.eu\/backlinks-liens-de-retours\/#primaryimage"},"image":{"@id":"https:\/\/viqtor.eu\/backlinks-liens-de-retours\/#primaryimage"},"thumbnailUrl":"https:\/\/viqtor.eu\/wp-content\/uploads\/2023\/08\/boostersite-logo.gif","datePublished":"2023-06-13T11:30:59+00:00","dateModified":"2023-10-10T12:38:00+00:00","breadcrumb":{"@id":"https:\/\/viqtor.eu\/backlinks-liens-de-retours\/#breadcrumb"},"inLanguage":"lv-LV","potentialAction":[{"@type":"ReadAction","target":["https:\/\/viqtor.eu\/backlinks-liens-de-retours\/"]}]},{"@type":"ImageObject","inLanguage":"lv-LV","@id":"https:\/\/viqtor.eu\/backlinks-liens-de-retours\/#primaryimage","url":"https:\/\/viqtor.eu\/wp-content\/uploads\/2023\/08\/boostersite-logo.gif","contentUrl":"https:\/\/viqtor.eu\/wp-content\/uploads\/2023\/08\/boostersite-logo.gif"},{"@type":"BreadcrumbList","@id":"https:\/\/viqtor.eu\/backlinks-liens-de-retours\/#breadcrumb","itemListElement":[{"@type":"ListItem","position":1,"name":"Accueil","item":"https:\/\/viqtor.eu\/"},{"@type":"ListItem","position":2,"name":"Backlinks Liens de retours"}]},{"@type":"WebSite","@id":"https:\/\/viqtor.eu\/#website","url":"https:\/\/viqtor.eu\/","name":"Viqtor","description":"Faites du RGPD une opportunit\u00e9 pour votre entreprise.","publisher":{"@id":"https:\/\/viqtor.eu\/#organization"},"potentialAction":[{"@type":"SearchAction","target":{"@type":"EntryPoint","urlTemplate":"https:\/\/viqtor.eu\/?s={search_term_string}"},"query-input":{"@type":"PropertyValueSpecification","valueRequired":true,"valueName":"search_term_string"}}],"inLanguage":"lv-LV"},{"@type":"Organization","@id":"https:\/\/viqtor.eu\/#organization","name":"viqtor.eu","url":"https:\/\/viqtor.eu\/","logo":{"@type":"ImageObject","inLanguage":"lv-LV","@id":"https:\/\/viqtor.eu\/#\/schema\/logo\/image\/","url":"https:\/\/viqtor.eu\/wp-content\/uploads\/2023\/06\/favicon-noir.svg","contentUrl":"https:\/\/viqtor.eu\/wp-content\/uploads\/2023\/06\/favicon-noir.svg","width":108,"height":86,"caption":"viqtor.eu"},"image":{"@id":"https:\/\/viqtor.eu\/#\/schema\/logo\/image\/"}}]}},"_links":{"self":[{"href":"https:\/\/viqtor.eu\/lv\/wp-json\/wp\/v2\/pages\/8578","targetHints":{"allow":["GET"]}}],"collection":[{"href":"https:\/\/viqtor.eu\/lv\/wp-json\/wp\/v2\/pages"}],"about":[{"href":"https:\/\/viqtor.eu\/lv\/wp-json\/wp\/v2\/types\/page"}],"author":[{"embeddable":true,"href":"https:\/\/viqtor.eu\/lv\/wp-json\/wp\/v2\/users\/1"}],"replies":[{"embeddable":true,"href":"https:\/\/viqtor.eu\/lv\/wp-json\/wp\/v2\/comments?post=8578"}],"version-history":[{"count":37,"href":"https:\/\/viqtor.eu\/lv\/wp-json\/wp\/v2\/pages\/8578\/revisions"}],"predecessor-version":[{"id":9705,"href":"https:\/\/viqtor.eu\/lv\/wp-json\/wp\/v2\/pages\/8578\/revisions\/9705"}],"wp:attachment":[{"href":"https:\/\/viqtor.eu\/lv\/wp-json\/wp\/v2\/media?parent=8578"}],"curies":[{"name":"wp","href":"https:\/\/api.w.org\/{rel}","templated":true}]}}