{"id":8065,"date":"2023-06-02T11:44:17","date_gmt":"2023-06-02T11:44:17","guid":{"rendered":"https:\/\/viqtor.eu\/?page_id=8065"},"modified":"2024-09-18T14:42:18","modified_gmt":"2024-09-18T14:42:18","slug":"le-guide-viqtor-de-la-donnee-personnelle","status":"publish","type":"page","link":"https:\/\/viqtor.eu\/lv\/le-guide-viqtor-de-la-donnee-personnelle\/","title":{"rendered":"Viktora ce\u013cvedis personas datu jom\u0101"},"content":{"rendered":"<div data-elementor-type=\"wp-page\" data-elementor-id=\"8065\" class=\"elementor elementor-8065\" data-elementor-post-type=\"page\">\n\t\t\t\t\t\t<section class=\"elementor-section elementor-top-section elementor-element elementor-element-487d106 elementor-section-content-middle ot-traditional elementor-section-boxed elementor-section-height-default elementor-section-height-default\" data-id=\"487d106\" data-element_type=\"section\" data-settings=\"{&quot;background_background&quot;:&quot;classic&quot;}\">\n\t\t\t\t\t\t\t<div class=\"elementor-background-overlay\"><\/div>\n\t\t\t\t\t\t\t<div class=\"elementor-container elementor-column-gap-default\">\n\t\t\t\t\t<div class=\"elementor-column elementor-col-100 elementor-top-column elementor-element elementor-element-7cb43dc ot-column-items-center ot-flex-column-vertical\" data-id=\"7cb43dc\" data-element_type=\"column\">\n\t\t\t<div class=\"elementor-widget-wrap elementor-element-populated\">\n\t\t\t\t\t\t<div class=\"elementor-element elementor-element-f174978 elementor-widget__width-initial elementor-widget elementor-widget-iheading\" data-id=\"f174978\" data-element_type=\"widget\" data-widget_type=\"iheading.default\">\n\t\t\t\t<div class=\"elementor-widget-container\">\n\t\t\t\t\t<div class=\"ot-heading\">\r\n\t        \t            <span>\/\/ Viqtor\u00ae platforma<\/span>\r\n\t        <h1 class=\"main-heading\">\n\nViqtor\u00ae ce\u013cvedis personas datu jom\u0101<\/h1>\t    <\/div>\r\n\t    \t\t<\/div>\n\t\t\t\t<\/div>\n\t\t\t\t\t<\/div>\n\t\t<\/div>\n\t\t\t\t\t<\/div>\n\t\t<\/section>\n\t\t\t\t<section class=\"elementor-section elementor-top-section elementor-element elementor-element-6bfd0a4 ot-traditional elementor-section-boxed elementor-section-height-default elementor-section-height-default\" data-id=\"6bfd0a4\" data-element_type=\"section\">\n\t\t\t\t\t\t<div class=\"elementor-container elementor-column-gap-default\">\n\t\t\t\t\t<div class=\"elementor-column elementor-col-100 elementor-top-column elementor-element elementor-element-9e9d643 ot-flex-column-vertical\" data-id=\"9e9d643\" data-element_type=\"column\">\n\t\t\t<div class=\"elementor-widget-wrap elementor-element-populated\">\n\t\t\t\t\t\t<div class=\"elementor-element elementor-element-4ca1c81 elementor-widget elementor-widget-text-editor\" data-id=\"4ca1c81\" data-element_type=\"widget\" data-widget_type=\"text-editor.default\">\n\t\t\t\t<div class=\"elementor-widget-container\">\n\t\t\t\t\t\t\t<p><span style=\"color: #3366ff;\"><strong><span style=\"text-decoration: underline;\">Priek\u0161v\u0101rds:<\/span> <\/strong><\/span><\/p><p><span style=\"color: #000000;\">Risku p\u0101rvald\u012bba personas datu aizsardz\u012bb\u0101: b\u016btisks ce\u013cvedis optim\u0101lai atbilst\u012bbai.<\/span><\/p><p><span style=\"color: #000000;\">Run\u0101jot par datu dro\u0161\u012bbas uztur\u0113\u0161anu, b\u016btiska ir risku p\u0101rvald\u012bba. Saska\u0146\u0101 ar Francijas Datu aizsardz\u012bbas likuma 121. pantu ir svar\u012bgi noteikt piesardz\u012bbas pas\u0101kumus, kas j\u0101veic, pamatojoties uz datu raksturu un ar apstr\u0101di saist\u012btajiem riskiem. Visp\u0101r\u012bg\u0101 datu aizsardz\u012bbas regula (VDAR) uzsver atbilsto\u0161u tehnisko un organizatorisko pas\u0101kumu ievie\u0161anas noz\u012bmi, lai nodro\u0161in\u0101tu atbilsto\u0161u dro\u0161\u012bbas l\u012bmeni.<\/span><\/p><p><span style=\"color: #000000;\">\u0160\u012b pras\u012bba attiecas ne tikai uz personas datu p\u0101rzini, bet ar\u012b uz iesaist\u012btajiem apstr\u0101d\u0101t\u0101jiem, k\u0101 noteikts GDPR 32. pant\u0101. Riska p\u0101rvald\u012bbas pieejas pie\u0146em\u0161ana \u013cauj pie\u0146emt objekt\u012bvus l\u0113mumus un \u012bstenot pas\u0101kumus, kas ir absol\u016bti nepiecie\u0161ami un piel\u0101goti konkr\u0113tajam kontekstam.<\/span><\/p><p><span style=\"color: #000000;\">Tom\u0113r \u0161\u0101das pieejas ievie\u0161ana un pras\u012bbu izpildes nodro\u0161in\u0101\u0161ana da\u017ek\u0101rt var b\u016bt sare\u017e\u0123\u012bta, \u012bpa\u0161i tiem, kas nav paz\u012bstami ar \u0161\u012bm metod\u0113m.<\/span><\/p><p><span style=\"color: #000000;\">T\u0101p\u0113c m\u016bsu ce\u013cvedis pied\u0101v\u0101 v\u0113rt\u012bgu atbalstu j\u016bsu atbilst\u012bbas nodro\u0161in\u0101\u0161anas centienos. M\u0113s ieskic\u0113jam pamata piesardz\u012bbas pas\u0101kumus, kas sistem\u0101tiski j\u0101ievie\u0161. \u0160is ce\u013cvedis, kas \u012bpa\u0161i paredz\u0113ts DPO (datu aizsardz\u012bbas speci\u0101listiem), CISO (inform\u0101cijas sist\u0113mu dro\u0161\u012bbas p\u0101rvaldniekiem) un IT speci\u0101listiem, sniedz noder\u012bgu inform\u0101ciju juristiem.<\/span><\/p><p><span style=\"color: #000000;\">Rokasgr\u0101mata par ar personas datu apstr\u0101di saist\u012bto risku p\u0101rvald\u012bbu, lai optim\u0101li iev\u0113rotu GDPR.<\/span><\/p><p><span style=\"color: #000000;\">Run\u0101jot par ar personas datu apstr\u0101di saist\u012bto risku p\u0101rvald\u012bbu, ir svar\u012bgi \u012bstenot proakt\u012bvu pieeju datu dro\u0161\u012bbas nodro\u0161in\u0101\u0161anai un atbilst\u012bbas nodro\u0161in\u0101\u0161anai Visp\u0101r\u012bg\u0101s datu aizsardz\u012bbas regulas (VDAR) pras\u012bb\u0101m. K\u0101 SEO speci\u0101lists esmu sniedzis detaliz\u0113tu rokasgr\u0101matu, kur\u0101 galven\u0101 uzman\u012bba piev\u0113rsta darb\u012bb\u0101m, ko varat veikt, lai optimiz\u0113tu atbilst\u012bbu VDAR, \u0146emot v\u0113r\u0101 lab\u0101ko praksi ran\u017e\u0113\u0161anai Google mekl\u0113t\u0101j\u0101.<\/span><\/p><p><strong><span style=\"color: #000000;\">Uzskaitiet personas datu apstr\u0101di un izmantotos datu nes\u0113jus:<\/span><\/strong><\/p><p><span style=\"color: #000000;\">Viens no pirmajiem so\u013ciem ir identific\u0113t visas personas datu apstr\u0101des darb\u012bbas neatkar\u012bgi no t\u0101, vai t\u0101s ir automatiz\u0113tas vai n\u0113. Tas ietver klientu failus, l\u012bgumus un citus apstr\u0101d\u0101tos datus. Ir svar\u012bgi uzskait\u012bt da\u017e\u0101dos izmantotos datu nes\u0113jus, piem\u0113ram, serverus, kl\u0113pjdatorus, cietos diskus, programmat\u016bru (oper\u0113t\u0101jsist\u0113mas, biznesa programmat\u016bru), sazi\u0146as kan\u0101lus (optisko \u0161\u0137iedru, Wi-Fi, internetu, mutisku sazi\u0146u, kurjerus), k\u0101 ar\u012b pap\u012bra datu nes\u0113jus un fizisk\u0101s telpas (datortelpas, birojus).<\/span><\/p>\t\t\t\t\t\t<\/div>\n\t\t\t\t<\/div>\n\t\t\t\t\t<\/div>\n\t\t<\/div>\n\t\t\t\t\t<\/div>\n\t\t<\/section>\n\t\t\t\t<section class=\"elementor-section elementor-top-section elementor-element elementor-element-35ba52a ot-traditional elementor-section-boxed elementor-section-height-default elementor-section-height-default\" data-id=\"35ba52a\" data-element_type=\"section\">\n\t\t\t\t\t\t<div class=\"elementor-container elementor-column-gap-default\">\n\t\t\t\t\t<div class=\"elementor-column elementor-col-100 elementor-top-column elementor-element elementor-element-0cf7b26 ot-flex-column-vertical\" data-id=\"0cf7b26\" data-element_type=\"column\">\n\t\t\t<div class=\"elementor-widget-wrap elementor-element-populated\">\n\t\t\t\t\t\t<div class=\"elementor-element elementor-element-3593ed7 elementor-widget elementor-widget-heading\" data-id=\"3593ed7\" data-element_type=\"widget\" data-widget_type=\"heading.default\">\n\t\t\t\t<div class=\"elementor-widget-container\">\n\t\t\t<h2 class=\"elementor-heading-title elementor-size-large\">Ar katru \u0101rst\u0113\u0161anas metodi saist\u012bto risku nov\u0113rt\u0113jums:<\/h2>\t\t<\/div>\n\t\t\t\t<\/div>\n\t\t\t\t\t<\/div>\n\t\t<\/div>\n\t\t\t\t\t<\/div>\n\t\t<\/section>\n\t\t\t\t<section class=\"elementor-section elementor-top-section elementor-element elementor-element-3a23f17 ot-traditional elementor-section-boxed elementor-section-height-default elementor-section-height-default\" data-id=\"3a23f17\" data-element_type=\"section\">\n\t\t\t\t\t\t<div class=\"elementor-container elementor-column-gap-default\">\n\t\t\t\t\t<div class=\"elementor-column elementor-col-100 elementor-top-column elementor-element elementor-element-cf1b7c9 ot-flex-column-vertical\" data-id=\"cf1b7c9\" data-element_type=\"column\">\n\t\t\t<div class=\"elementor-widget-wrap elementor-element-populated\">\n\t\t\t\t\t\t<div class=\"elementor-element elementor-element-3c94449 elementor-widget elementor-widget-text-editor\" data-id=\"3c94449\" data-element_type=\"widget\" data-widget_type=\"text-editor.default\">\n\t\t\t\t<div class=\"elementor-widget-container\">\n\t\t\t\t\t\t\t<p><span style=\"color: #0000ff;\"><strong>a. Nosakiet iesp\u0113jamo ietekmi uz attiec\u012bgo personu ties\u012bb\u0101m un br\u012bv\u012bb\u0101m, koncentr\u0113joties uz trim ba\u017e\u012bg\u0101kajiem scen\u0101rijiem:<\/strong><\/span><\/p><p><span style=\"color: #000000;\"><strong>Nelikum\u012bga piek\u013cuve datiem<\/strong>\u00a0piem\u0113ram, visu uz\u0146\u0113muma darbinieku algas lapu izpau\u0161ana, k\u0101 rezult\u0101t\u0101 tiek nozagta identit\u0101te.<\/span><\/p><p><span style=\"color: #000000;\"><strong>Nev\u0113lama datu modific\u0113\u0161ana<\/strong>\u00a0piem\u0113ram, piek\u013cuves \u017eurn\u0101lu modific\u0113\u0161ana, kas k\u013c\u016bdaini noved pie aps\u016bdz\u012bbas par personas p\u0101rk\u0101pumu vai noziegumu.<\/span><\/p><p><span style=\"color: #000000;\"><strong>Datu pazu\u0161ana<\/strong>\u00a0piem\u0113ram, nesp\u0113ja piek\u013c\u016bt pacienta elektroniskajai lietai, k\u0101 rezult\u0101t\u0101 netiek atkl\u0101ta z\u0101\u013cu mijiedarb\u012bba.<\/span><\/p><p><span style=\"color: #000000;\"><strong>Risku p\u0101rvald\u012bba pal\u012bdz noteikt piesardz\u012bbas pas\u0101kumus, kas j\u0101veic, lai saglab\u0101tu datu dro\u0161\u012bbu<\/strong>saska\u0146\u0101 ar Datu aizsardz\u012bbas likuma 121. pantu un VDAR 32. pantu. Ir svar\u012bgi izprast \u0161o risku iesp\u0113jam\u0101s sekas uz attiec\u012bgo personu ties\u012bb\u0101m un br\u012bv\u012bb\u0101m.<\/span><\/p><p><span style=\"color: #0000ff;\"><strong>b- Riska avotu identific\u0113\u0161ana:<\/strong><\/span><\/p><p><span style=\"color: #000000;\">Katram b\u012bstamajam scen\u0101rijam j\u0101identific\u0113 riska avoti, neatkar\u012bgi no t\u0101, vai tie ir cilv\u0113ciski (iek\u0161\u0113ji vai \u0101r\u0113ji) vai necilv\u0113ciski. Tas ietver t\u0101dus faktorus k\u0101 IT administratori, lietot\u0101ji, \u0101r\u0113jie uzbruc\u0113ji, konkurenti, k\u0101 ar\u012b t\u0101dus elementus k\u0101 \u016bdens, epid\u0113mijas, b\u012bstami materi\u0101li un nem\u0113r\u0137tiec\u012bgi datorv\u012brusi.<\/span><\/p>\t\t\t\t\t\t<\/div>\n\t\t\t\t<\/div>\n\t\t\t\t\t<\/div>\n\t\t<\/div>\n\t\t\t\t\t<\/div>\n\t\t<\/section>\n\t\t\t\t<section class=\"elementor-section elementor-top-section elementor-element elementor-element-77edb27 ot-traditional elementor-section-boxed elementor-section-height-default elementor-section-height-default\" data-id=\"77edb27\" data-element_type=\"section\">\n\t\t\t\t\t\t<div class=\"elementor-container elementor-column-gap-default\">\n\t\t\t\t\t<div class=\"elementor-column elementor-col-100 elementor-top-column elementor-element elementor-element-72942a8 ot-flex-column-vertical\" data-id=\"72942a8\" data-element_type=\"column\">\n\t\t\t<div class=\"elementor-widget-wrap elementor-element-populated\">\n\t\t\t\t\t\t<div class=\"elementor-element elementor-element-0fcf018 elementor-widget elementor-widget-text-editor\" data-id=\"0fcf018\" data-element_type=\"widget\" data-widget_type=\"text-editor.default\">\n\t\t\t\t<div class=\"elementor-widget-container\">\n\t\t\t\t\t\t\t<div><div><div><div><p style=\"text-align: center;\"><span style=\"color: #000000;\"><strong>Lejupiel\u0101d\u0113jiet pilnu rokasgr\u0101matu bez maksas:<\/strong><\/span><\/p><\/div><\/div><\/div><\/div>\t\t\t\t\t\t<\/div>\n\t\t\t\t<\/div>\n\t\t\t\t\t<\/div>\n\t\t<\/div>\n\t\t\t\t\t<\/div>\n\t\t<\/section>\n\t\t\t\t<section class=\"elementor-section elementor-top-section elementor-element elementor-element-7f22e0c ot-traditional elementor-section-boxed elementor-section-height-default elementor-section-height-default\" data-id=\"7f22e0c\" data-element_type=\"section\">\n\t\t\t\t\t\t<div class=\"elementor-container elementor-column-gap-default\">\n\t\t\t\t\t<div class=\"elementor-column elementor-col-100 elementor-top-column elementor-element elementor-element-d89bd3c ot-flex-column-vertical\" data-id=\"d89bd3c\" data-element_type=\"column\">\n\t\t\t<div class=\"elementor-widget-wrap elementor-element-populated\">\n\t\t\t\t\t\t<div class=\"elementor-element elementor-element-6220207 elementor-widget elementor-widget-text-editor\" data-id=\"6220207\" data-element_type=\"widget\" data-widget_type=\"text-editor.default\">\n\t\t\t\t<div class=\"elementor-widget-container\">\n\t\t\t\t\t\t\t<p><form method=\"post\" action=\"https:\/\/viqtor.eu\/wp-admin\/admin-ajax.php?action=tnp&amp;na=s\" class=\"tnp-subscription\" style=\"\">\n<input type=\"hidden\" name=\"nlang\" value=\"\">\n <div class=\"tnp-field tnp-field-email\"><label for=\"tnp-1\">E-pasts<\/label>\n<input class=\"tnp-email\" type=\"email\" name=\"ne\" id=\"tnp-1\" value=\"\" placeholder=\"\" required><\/div>\n\u00a0<label> <input name=\"AGREE_TO_TERMS\" required=\"\" type=\"checkbox\" value=\"1\" \/> Es piekr\u012btu savu personas datu izmanto\u0161anai tikai un vien\u012bgi mana lejupiel\u0101des piepras\u012bjuma apstr\u0101dei. M\u0113s aizliedzam jebk\u0101du citu \u0161o datu izmanto\u0161anu.<\/label> <label> <input name=\"AGREE_TO_TERMS\" required=\"\" type=\"checkbox\" value=\"1\" \/>Es piekr\u012btu sa\u0146emt periodisku inform\u0101ciju par Viqtor pakalpojumu pied\u0101v\u0101jumiem.<\/label>\u00a0 \u00a0 \u00a0 \u00a0 \u00a0 \u00a0 \u00a0 \u00a0 \u00a0 \u00a0 \u00a0 \u00a0 \u00a0 \u00a0 \u00a0 \u00a0 \u00a0 \u00a0 \u00a0 \u00a0 <div class=\"tnp-field tnp-field-button\" style=\"text-align: left\"><input class=\"tnp-submit\" type=\"submit\" value=\"Sa\u0146emiet ce\u013cvedi\" style=\"\">\n<\/div>\n<\/form><\/p>\t\t\t\t\t\t<\/div>\n\t\t\t\t<\/div>\n\t\t\t\t\t<\/div>\n\t\t<\/div>\n\t\t\t\t\t<\/div>\n\t\t<\/section>\n\t\t\t\t<\/div>","protected":false},"excerpt":{"rendered":"<p>\/\/ La plateforme Viqtor\u00ae Le guide Viqtor\u00ae de la donn\u00e9e personnelle Avant propos\u00a0: La gestion des risques dans la protection des donn\u00e9es personnelles : Un guide essentiel pour une conformit\u00e9 optimale. Lorsqu&rsquo;il s&rsquo;agit de pr\u00e9server la s\u00e9curit\u00e9 des donn\u00e9es, la gestion des risques est essentielle. Conform\u00e9ment \u00e0 l&rsquo;article 121 de la loi Informatique et Libert\u00e9s, [&hellip;]<\/p>","protected":false},"author":1,"featured_media":0,"parent":0,"menu_order":0,"comment_status":"closed","ping_status":"closed","template":"","meta":{"_acf_changed":false,"footnotes":""},"class_list":["post-8065","page","type-page","status-publish","hentry"],"acf":[],"yoast_head":"<!-- This site is optimized with the Yoast SEO plugin v23.6 - https:\/\/yoast.com\/wordpress\/plugins\/seo\/ -->\n<title>Le guide Viqtor de la donn\u00e9e personnelle<\/title>\n<meta name=\"description\" content=\"La gestion des risques dans la protection des donn\u00e9es personnelles : Un guide essentiel pour une conformit\u00e9 optimale.\" \/>\n<meta name=\"robots\" content=\"index, follow, max-snippet:-1, max-image-preview:large, max-video-preview:-1\" \/>\n<link rel=\"canonical\" href=\"https:\/\/viqtor.eu\/lv\/le-guide-viqtor-de-la-donnee-personnelle\/\" \/>\n<meta property=\"og:locale\" content=\"lv_LV\" \/>\n<meta property=\"og:type\" content=\"article\" \/>\n<meta property=\"og:title\" content=\"Le guide Viqtor de la donn\u00e9e personnelle\" \/>\n<meta property=\"og:description\" content=\"La gestion des risques dans la protection des donn\u00e9es personnelles : Un guide essentiel pour une conformit\u00e9 optimale.\" \/>\n<meta property=\"og:url\" content=\"https:\/\/viqtor.eu\/lv\/le-guide-viqtor-de-la-donnee-personnelle\/\" \/>\n<meta property=\"og:site_name\" content=\"Viqtor\" \/>\n<meta property=\"article:modified_time\" content=\"2024-09-18T14:42:18+00:00\" \/>\n<meta name=\"twitter:card\" content=\"summary_large_image\" \/>\n<meta name=\"twitter:label1\" content=\"Est. reading time\" \/>\n\t<meta name=\"twitter:data1\" content=\"4 min\u016btes\" \/>\n<script type=\"application\/ld+json\" class=\"yoast-schema-graph\">{\"@context\":\"https:\/\/schema.org\",\"@graph\":[{\"@type\":\"WebPage\",\"@id\":\"https:\/\/viqtor.eu\/le-guide-viqtor-de-la-donnee-personnelle\/\",\"url\":\"https:\/\/viqtor.eu\/le-guide-viqtor-de-la-donnee-personnelle\/\",\"name\":\"Le guide Viqtor de la donn\u00e9e personnelle\",\"isPartOf\":{\"@id\":\"https:\/\/viqtor.eu\/#website\"},\"datePublished\":\"2023-06-02T11:44:17+00:00\",\"dateModified\":\"2024-09-18T14:42:18+00:00\",\"description\":\"La gestion des risques dans la protection des donn\u00e9es personnelles : Un guide essentiel pour une conformit\u00e9 optimale.\",\"breadcrumb\":{\"@id\":\"https:\/\/viqtor.eu\/le-guide-viqtor-de-la-donnee-personnelle\/#breadcrumb\"},\"inLanguage\":\"lv-LV\",\"potentialAction\":[{\"@type\":\"ReadAction\",\"target\":[\"https:\/\/viqtor.eu\/le-guide-viqtor-de-la-donnee-personnelle\/\"]}]},{\"@type\":\"BreadcrumbList\",\"@id\":\"https:\/\/viqtor.eu\/le-guide-viqtor-de-la-donnee-personnelle\/#breadcrumb\",\"itemListElement\":[{\"@type\":\"ListItem\",\"position\":1,\"name\":\"Accueil\",\"item\":\"https:\/\/viqtor.eu\/\"},{\"@type\":\"ListItem\",\"position\":2,\"name\":\"Le guide Viqtor de la donn\u00e9e personnelle\"}]},{\"@type\":\"WebSite\",\"@id\":\"https:\/\/viqtor.eu\/#website\",\"url\":\"https:\/\/viqtor.eu\/\",\"name\":\"Viqtor\",\"description\":\"Faites du RGPD une opportunit\u00e9 pour votre entreprise.\",\"publisher\":{\"@id\":\"https:\/\/viqtor.eu\/#organization\"},\"potentialAction\":[{\"@type\":\"SearchAction\",\"target\":{\"@type\":\"EntryPoint\",\"urlTemplate\":\"https:\/\/viqtor.eu\/?s={search_term_string}\"},\"query-input\":{\"@type\":\"PropertyValueSpecification\",\"valueRequired\":true,\"valueName\":\"search_term_string\"}}],\"inLanguage\":\"lv-LV\"},{\"@type\":\"Organization\",\"@id\":\"https:\/\/viqtor.eu\/#organization\",\"name\":\"viqtor.eu\",\"url\":\"https:\/\/viqtor.eu\/\",\"logo\":{\"@type\":\"ImageObject\",\"inLanguage\":\"lv-LV\",\"@id\":\"https:\/\/viqtor.eu\/#\/schema\/logo\/image\/\",\"url\":\"https:\/\/viqtor.eu\/wp-content\/uploads\/2023\/06\/favicon-noir.svg\",\"contentUrl\":\"https:\/\/viqtor.eu\/wp-content\/uploads\/2023\/06\/favicon-noir.svg\",\"width\":108,\"height\":86,\"caption\":\"viqtor.eu\"},\"image\":{\"@id\":\"https:\/\/viqtor.eu\/#\/schema\/logo\/image\/\"}}]}<\/script>\n<!-- \/ Yoast SEO plugin. -->","yoast_head_json":{"title":"Le guide Viqtor de la donn\u00e9e personnelle","description":"La gestion des risques dans la protection des donn\u00e9es personnelles : Un guide essentiel pour une conformit\u00e9 optimale.","robots":{"index":"index","follow":"follow","max-snippet":"max-snippet:-1","max-image-preview":"max-image-preview:large","max-video-preview":"max-video-preview:-1"},"canonical":"https:\/\/viqtor.eu\/lv\/le-guide-viqtor-de-la-donnee-personnelle\/","og_locale":"lv_LV","og_type":"article","og_title":"Le guide Viqtor de la donn\u00e9e personnelle","og_description":"La gestion des risques dans la protection des donn\u00e9es personnelles : Un guide essentiel pour une conformit\u00e9 optimale.","og_url":"https:\/\/viqtor.eu\/lv\/le-guide-viqtor-de-la-donnee-personnelle\/","og_site_name":"Viqtor","article_modified_time":"2024-09-18T14:42:18+00:00","twitter_card":"summary_large_image","twitter_misc":{"Est. reading time":"4 min\u016btes"},"schema":{"@context":"https:\/\/schema.org","@graph":[{"@type":"WebPage","@id":"https:\/\/viqtor.eu\/le-guide-viqtor-de-la-donnee-personnelle\/","url":"https:\/\/viqtor.eu\/le-guide-viqtor-de-la-donnee-personnelle\/","name":"Le guide Viqtor de la donn\u00e9e personnelle","isPartOf":{"@id":"https:\/\/viqtor.eu\/#website"},"datePublished":"2023-06-02T11:44:17+00:00","dateModified":"2024-09-18T14:42:18+00:00","description":"La gestion des risques dans la protection des donn\u00e9es personnelles : Un guide essentiel pour une conformit\u00e9 optimale.","breadcrumb":{"@id":"https:\/\/viqtor.eu\/le-guide-viqtor-de-la-donnee-personnelle\/#breadcrumb"},"inLanguage":"lv-LV","potentialAction":[{"@type":"ReadAction","target":["https:\/\/viqtor.eu\/le-guide-viqtor-de-la-donnee-personnelle\/"]}]},{"@type":"BreadcrumbList","@id":"https:\/\/viqtor.eu\/le-guide-viqtor-de-la-donnee-personnelle\/#breadcrumb","itemListElement":[{"@type":"ListItem","position":1,"name":"Accueil","item":"https:\/\/viqtor.eu\/"},{"@type":"ListItem","position":2,"name":"Le guide Viqtor de la donn\u00e9e personnelle"}]},{"@type":"WebSite","@id":"https:\/\/viqtor.eu\/#website","url":"https:\/\/viqtor.eu\/","name":"Viqtor","description":"Faites du RGPD une opportunit\u00e9 pour votre entreprise.","publisher":{"@id":"https:\/\/viqtor.eu\/#organization"},"potentialAction":[{"@type":"SearchAction","target":{"@type":"EntryPoint","urlTemplate":"https:\/\/viqtor.eu\/?s={search_term_string}"},"query-input":{"@type":"PropertyValueSpecification","valueRequired":true,"valueName":"search_term_string"}}],"inLanguage":"lv-LV"},{"@type":"Organization","@id":"https:\/\/viqtor.eu\/#organization","name":"viqtor.eu","url":"https:\/\/viqtor.eu\/","logo":{"@type":"ImageObject","inLanguage":"lv-LV","@id":"https:\/\/viqtor.eu\/#\/schema\/logo\/image\/","url":"https:\/\/viqtor.eu\/wp-content\/uploads\/2023\/06\/favicon-noir.svg","contentUrl":"https:\/\/viqtor.eu\/wp-content\/uploads\/2023\/06\/favicon-noir.svg","width":108,"height":86,"caption":"viqtor.eu"},"image":{"@id":"https:\/\/viqtor.eu\/#\/schema\/logo\/image\/"}}]}},"_links":{"self":[{"href":"https:\/\/viqtor.eu\/lv\/wp-json\/wp\/v2\/pages\/8065","targetHints":{"allow":["GET"]}}],"collection":[{"href":"https:\/\/viqtor.eu\/lv\/wp-json\/wp\/v2\/pages"}],"about":[{"href":"https:\/\/viqtor.eu\/lv\/wp-json\/wp\/v2\/types\/page"}],"author":[{"embeddable":true,"href":"https:\/\/viqtor.eu\/lv\/wp-json\/wp\/v2\/users\/1"}],"replies":[{"embeddable":true,"href":"https:\/\/viqtor.eu\/lv\/wp-json\/wp\/v2\/comments?post=8065"}],"version-history":[{"count":104,"href":"https:\/\/viqtor.eu\/lv\/wp-json\/wp\/v2\/pages\/8065\/revisions"}],"predecessor-version":[{"id":12452,"href":"https:\/\/viqtor.eu\/lv\/wp-json\/wp\/v2\/pages\/8065\/revisions\/12452"}],"wp:attachment":[{"href":"https:\/\/viqtor.eu\/lv\/wp-json\/wp\/v2\/media?parent=8065"}],"curies":[{"name":"wp","href":"https:\/\/api.w.org\/{rel}","templated":true}]}}