{"id":6522,"date":"2023-05-10T15:50:27","date_gmt":"2023-05-10T15:50:27","guid":{"rendered":"https:\/\/viqtor.eu\/?page_id=6522"},"modified":"2023-07-24T10:19:18","modified_gmt":"2023-07-24T10:19:18","slug":"mentions-legales","status":"publish","type":"page","link":"https:\/\/viqtor.eu\/lv\/mentions-legales\/","title":{"rendered":"Juridiskie pazi\u0146ojumi"},"content":{"rendered":"<div data-elementor-type=\"wp-page\" data-elementor-id=\"6522\" class=\"elementor elementor-6522\" data-elementor-post-type=\"page\">\n\t\t\t\t\t\t<section class=\"elementor-section elementor-top-section elementor-element elementor-element-747390f0 ot-traditional elementor-section-boxed elementor-section-height-default elementor-section-height-default\" data-id=\"747390f0\" data-element_type=\"section\">\n\t\t\t\t\t\t<div class=\"elementor-container elementor-column-gap-default\">\n\t\t\t\t\t<div class=\"elementor-column elementor-col-100 elementor-top-column elementor-element elementor-element-2fbcdc64 ot-flex-column-vertical\" data-id=\"2fbcdc64\" data-element_type=\"column\">\n\t\t\t<div class=\"elementor-widget-wrap elementor-element-populated\">\n\t\t\t\t\t\t<div class=\"elementor-element elementor-element-69294830 elementor-widget elementor-widget-text-editor\" data-id=\"69294830\" data-element_type=\"widget\" data-widget_type=\"text-editor.default\">\n\t\t\t\t<div class=\"elementor-widget-container\">\n\t\t\t\t\t\t\t<!-- wp:paragraph -->\n<p><\/p>\n<!-- \/wp:paragraph -->\n\n<!-- wp:list {\"ordered\":true} -->\n<ol><!-- wp:list-item -->\n<li><strong>VIETNES PREZENT\u0100CIJA.<\/strong><\/li>\n<!-- \/wp:list-item --><\/ol>\n<!-- \/wp:list -->\n\n<!-- wp:paragraph -->\n<p>Saska\u0146\u0101 ar 2004. gada 21. j\u016bnija likuma Nr. 2004-575 par uztic\u0113\u0161anos digit\u0101lajai ekonomikai 6. pantu vietnes https:\/\/viqtor.eu lietot\u0101ji tiek inform\u0113ti par to da\u017e\u0101do pu\u0161u identit\u0101ti, kas iesaist\u012btas t\u0101s izveid\u0113 un uzraudz\u012bb\u0101:<\/p>\n<!-- \/wp:paragraph -->\n\n<!-- wp:paragraph -->\n<p>\u012apa\u0161nieks: DBWO<\/p>\n<!-- \/wp:paragraph -->\n\n<!-- wp:paragraph -->\n<p>Rad\u012bt\u0101js: ACTIVATION \/ VENISE HBA, SAS ar kapit\u0101lu 37 000\u00a0\u20ac RCS NANTERRE 350 130 019, 37\/41 rue Fernand PELLOUTIER \u2013 92100 BOULOGNE-BILLANCOURT<\/p>\n<!-- \/wp:paragraph -->\n\n<!-- wp:paragraph -->\n<p>Publik\u0101cijas vad\u012bt\u0101js: Bruno Dumay<\/p>\n<!-- \/wp:paragraph -->\n\n<!-- wp:paragraph -->\n<p>Saimnieks: OVH SAS ar kapit\u0101lu 10 069 020 eiro \u2013 RCS Lille M\u00e9tropole 424 761 419 00045, 2 rue Kellermann \u2013 59100 Roubaix<\/p>\n<!-- \/wp:paragraph -->\n\n<!-- wp:list {\"ordered\":true,\"start\":2} -->\n<ol start=\"2\"><!-- wp:list-item -->\n<li><strong>VISP\u0100R\u012aGIE VIETNES UN PIED\u0100V\u0100TO PAKALPOJUMU LIETO\u0160ANAS NOTEIKUMI.<\/strong><\/li>\n<!-- \/wp:list-item --><\/ol>\n<!-- \/wp:list -->\n\n<!-- wp:paragraph -->\n<p>Vietnes https:\/\/viqtor.eu lieto\u0161ana noz\u012bm\u0113 piln\u012bgu piekri\u0161anu t\u0101l\u0101k aprakst\u012btajiem visp\u0101r\u012bgajiem lieto\u0161anas noteikumiem. \u0160ie lieto\u0161anas noteikumi var tikt main\u012bti vai papildin\u0101ti jebkur\u0101 laik\u0101.<\/p>\n<!-- \/wp:paragraph -->\n\n<!-- wp:paragraph -->\n<p>\u0160\u012b vietne parasti ir pieejama lietot\u0101jiem visu laiku. Tom\u0113r DBWO var nolemt p\u0101rtraukt vietnes darb\u012bbu tehnisku apsv\u0113rumu d\u0113\u013c un cent\u012bsies iepriek\u0161 inform\u0113t lietot\u0101jus par iejauk\u0161an\u0101s datumiem un laikiem.<\/p>\n<!-- \/wp:paragraph -->\n\n<!-- wp:paragraph -->\n<p>T\u012bmek\u013ca vietni https:\/\/viqtor.eu regul\u0101ri atjaunina DBWO. L\u012bdz\u012bgi ar\u012b juridiskie pazi\u0146ojumi var tikt main\u012bti jebkur\u0101 laik\u0101; tom\u0113r tie ir saisto\u0161i lietot\u0101jam, kur\u0161 tiek aicin\u0101ts tos p\u0101rskat\u012bt p\u0113c iesp\u0113jas bie\u017e\u0101k, lai b\u016btu ar tiem inform\u0113ts.<\/p>\n<!-- \/wp:paragraph -->\n\n<!-- wp:list {\"ordered\":true,\"start\":3} -->\n<ol start=\"3\"><!-- wp:list-item -->\n<li><strong>SNIEDZAM\u0100 PAKALPOJUMA APRAKSTS.<\/strong><\/li>\n<!-- \/wp:list-item --><\/ol>\n<!-- \/wp:list -->\n\n<!-- wp:paragraph -->\n<p>T\u012bmek\u013ca vietnes https:\/\/viqtor.eu m\u0113r\u0137is ir sniegt inform\u0101ciju par vis\u0101m uz\u0146\u0113muma darb\u012bb\u0101m.<\/p>\n<!-- \/wp:paragraph -->\n\n<!-- wp:paragraph -->\n<p>DBWO cen\u0161as sniegt p\u0113c iesp\u0113jas prec\u012bz\u0101ku inform\u0101ciju t\u012bmek\u013ca vietn\u0113 https:\/\/viqtor.eu. Tom\u0113r t\u0101 neuz\u0146emas atbild\u012bbu par nepiln\u012bb\u0101m, neprecizit\u0101t\u0113m vai atjaunin\u0101\u0161anas nepiln\u012bb\u0101m, ko izrais\u012bjusi pati DBWO vai tre\u0161o pu\u0161u partneri, kas sniedz \u0161o inform\u0101ciju.<\/p>\n<!-- \/wp:paragraph -->\n\n<!-- wp:paragraph -->\n<p>Visa inform\u0101cija, kas sniegta t\u012bmek\u013ca vietn\u0113 https:\/\/viqtor.eu, ir sniegta tikai informat\u012bvos nol\u016bkos un var tikt main\u012bta. Turkl\u0101t inform\u0101cija t\u012bmek\u013ca vietn\u0113 https:\/\/viqtor.eu nav piln\u012bga. T\u0101 tiek sniegta ar nosac\u012bjumu, ka taj\u0101 var b\u016bt veiktas izmai\u0146as kop\u0161 t\u0101s public\u0113\u0161anas tie\u0161saist\u0113.<\/p>\n<!-- \/wp:paragraph -->\n\n<!-- wp:list {\"ordered\":true,\"start\":4} -->\n<ol start=\"4\"><!-- wp:list-item -->\n<li><strong>L\u012aGUMSIEROBE\u017dOJUMI ATTIEC\u012aB\u0100 UZ TEHNISKAJIEM DATIEM.<\/strong><\/li>\n<!-- \/wp:list-item --><\/ol>\n<!-- \/wp:list -->\n\n<!-- wp:paragraph -->\n<p>Vietne izmanto tehnolo\u0123iju: HTML\/CSS\/MsQL<\/p>\n<!-- \/wp:paragraph -->\n\n<!-- wp:paragraph -->\n<p>T\u012bmek\u013ca vietne neatbild par materi\u0101lajiem zaud\u0113jumiem, kas saist\u012bti ar vietnes lieto\u0161anu. Turkl\u0101t vietnes lietot\u0101js piekr\u012bt piek\u013c\u016bt vietnei, izmantojot jaun\u0101k\u0101s paaudzes p\u0101rl\u016bkprogrammu un jaun\u0101k\u0101s tehnolo\u0123ijas iek\u0101rtas, kas nesatur v\u012brusus.<\/p>\n<!-- \/wp:paragraph -->\n\n<!-- wp:list {\"ordered\":true,\"start\":5} -->\n<ol start=\"5\"><!-- wp:list-item -->\n<li><strong>INTELEKTU\u0100LAIS \u012aPA\u0160UMS UN VILTO\u0160ANA.<\/strong><\/li>\n<!-- \/wp:list-item --><\/ol>\n<!-- \/wp:list -->\n\n<!-- wp:paragraph -->\n<p>DBWO pieder intelektu\u0101l\u0101 \u012bpa\u0161uma ties\u012bbas vai lieto\u0161anas ties\u012bbas uz visiem vietn\u0113 pieejamajiem elementiem, jo \u012bpa\u0161i tekstiem, att\u0113liem, grafik\u0101m, logotipiem, ikon\u0101m, ska\u0146\u0101m un programmat\u016bru.<\/p>\n<!-- \/wp:paragraph -->\n\n<!-- wp:paragraph -->\n<p>Jebkura vietnes elementu vai to da\u013cas reproduc\u0113\u0161ana, att\u0113lo\u0161ana, modific\u0113\u0161ana, public\u0113\u0161ana, piel\u0101go\u0161ana neatkar\u012bgi no izmantotajiem l\u012bdzek\u013ciem vai procesa ir aizliegta, iz\u0146emot ar DBWO iepriek\u0161\u0113ju rakstisku at\u013cauju.<\/p>\n<!-- \/wp:paragraph -->\n\n<!-- wp:paragraph -->\n<p>Jebkura neat\u013cauta vietnes vai jebkura t\u0101s elementa izmanto\u0161ana tiks uzskat\u012bta par p\u0101rk\u0101pumu un tiks saukta pie atbild\u012bbas saska\u0146\u0101 ar Intelektu\u0101l\u0101 \u012bpa\u0161uma kodeksa L.335-2. panta un turpm\u0101ko pantu noteikumiem.<\/p>\n<!-- \/wp:paragraph -->\n\n<!-- wp:list {\"ordered\":true,\"start\":6} -->\n<ol start=\"6\"><!-- wp:list-item -->\n<li><strong>ATBILD\u012aBAS IEROBE\u017dOJUMI.<\/strong><\/li>\n<!-- \/wp:list-item --><\/ol>\n<!-- \/wp:list -->\n\n<!-- wp:paragraph -->\n<p>DBWO neuz\u0146emas atbild\u012bbu par tie\u0161iem vai netie\u0161iem boj\u0101jumiem, kas radu\u0161ies lietot\u0101ja apr\u012bkojumam, piek\u013c\u016bstot vietnei, un kas radu\u0161ies vai nu t\u0101da apr\u012bkojuma lieto\u0161anas rezult\u0101t\u0101, kas neatbilst 4. punkt\u0101 nor\u0101d\u012btaj\u0101m specifik\u0101cij\u0101m, vai k\u013c\u016bdas vai nesader\u012bbas par\u0101d\u012b\u0161an\u0101s rezult\u0101t\u0101.<\/p>\n<!-- \/wp:paragraph -->\n\n<!-- wp:paragraph -->\n<p>DBWO neuz\u0146emas atbild\u012bbu par netie\u0161iem zaud\u0113jumiem (piem\u0113ram, tirgus zaud\u0113\u0161anu vai iesp\u0113ju zaud\u0113\u0161anu), kas radu\u0161ies vietnes www.dbwo.legal lieto\u0161anas rezult\u0101t\u0101.<\/p>\n<!-- \/wp:paragraph -->\n\n<!-- wp:paragraph -->\n<p>Lietot\u0101jiem ir pieejamas interakt\u012bvas telpas (iesp\u0113ja uzdot jaut\u0101jumus kontaktu sada\u013c\u0101). DBWO patur ties\u012bbas bez iepriek\u0161\u0113ja br\u012bdin\u0101juma dz\u0113st jebk\u0101du \u0161aj\u0101 telp\u0101 ievietotu saturu, kas ir pretrun\u0101 ar Francij\u0101 piem\u0113rojamajiem ties\u012bbu aktiem, jo \u012bpa\u0161i noteikumiem par datu aizsardz\u012bbu. Attiec\u012bg\u0101 gad\u012bjum\u0101 DBWO patur ties\u012bbas saukt lietot\u0101ju pie civiltiesisk\u0101s un\/vai krimin\u0101latbild\u012bbas, jo \u012bpa\u0161i rasistiska, aizskaro\u0161a, apmelojo\u0161a vai pornogr\u0101fiska rakstura zi\u0146ojumu gad\u012bjum\u0101 neatkar\u012bgi no izmantot\u0101 medija (teksts, fotogr\u0101fija utt.).<\/p>\n<!-- \/wp:paragraph -->\n\n<!-- wp:list {\"ordered\":true,\"start\":7} -->\n<ol start=\"7\"><!-- wp:list-item -->\n<li><strong>PERSONAS DATU P\u0100RVALD\u012aBA.<\/strong><\/li>\n<!-- \/wp:list-item --><\/ol>\n<!-- \/wp:list -->\n\n<!-- wp:paragraph -->\n<p>Francij\u0101 personas datus jo \u012bpa\u0161i aizsarg\u0101 1978.\u00a0gada 6.\u00a0janv\u0101ra likums Nr.\u00a078-87, 2004.\u00a0gada 6.\u00a0augusta likums Nr.\u00a02004-801, Krimin\u0101lkodeksa L.\u00a0226-13.\u00a0pants, Regula par personu aizsardz\u012bbu attiec\u012bb\u0101 uz personas datu apstr\u0101di un \u0161\u0101du datu br\u012bvu apriti un ar ko atce\u013c Direkt\u012bvu 95\/46\/EK (Visp\u0101r\u012bg\u0101 datu aizsardz\u012bbas regula), un 2018.\u00a0gada 20.\u00a0j\u016bnija likums Nr.\u00a02018-493 par personas datu aizsardz\u012bbu.<\/p>\n<!-- \/wp:paragraph -->\n\n<!-- wp:paragraph -->\n<p>Izmantojot vietni https:\/\/viqtor.eu, var tikt apkopota \u0161\u0101da inform\u0101cija: sai\u0161u URL, caur kur\u0101m lietot\u0101js piek\u013cuva vietnei https:\/\/viqtor.eu, lietot\u0101ja piek\u013cuves nodro\u0161in\u0101t\u0101js, lietot\u0101ja interneta protokola (IP) adrese.<\/p>\n<!-- \/wp:paragraph -->\n\n<!-- wp:paragraph -->\n<p>Jebkur\u0101 gad\u012bjum\u0101 DBWO v\u0101c lietot\u0101ja personas inform\u0101ciju tikai noteiktu vietnes https:\/\/viqtor.eu pied\u0101v\u0101to pakalpojumu snieg\u0161anas nol\u016bkos. Lietot\u0101js sniedz \u0161o inform\u0101ciju, piln\u012bb\u0101 zinot faktus, jo \u012bpa\u0161i, ja vi\u0146\u0161 to ievada pats. P\u0113c tam vietnes https:\/\/viqtor.eu lietot\u0101js tiek inform\u0113ts, vai vi\u0146am ir pien\u0101kums sniegt \u0161o inform\u0101ciju.<\/p>\n<!-- \/wp:paragraph -->\n\n<!-- wp:paragraph -->\n<p>Saska\u0146\u0101 ar 1978. gada 6. janv\u0101ra likuma Nr. 78-17 par inform\u0101cijas tehnolo\u0123ij\u0101m, datn\u0113m un br\u012bv\u012bb\u0101m 38. un turpm\u0101kajiem pantiem ikvienam lietot\u0101jam ir ties\u012bbas piek\u013c\u016bt saviem personas datiem, tos labot un iebilst pret to, iesniedzot rakstisku un parakst\u012btu piepras\u012bjumu, kam pievienota personu apliecino\u0161a dokumenta kopija ar dokumenta tur\u0113t\u0101ja parakstu, nor\u0101dot adresi, uz kuru j\u0101nos\u016bta atbilde.<\/p>\n<!-- \/wp:paragraph -->\n\n<!-- wp:paragraph -->\n<p>Nek\u0101da vietnes https:\/\/viqtor.eu lietot\u0101ja person\u012bg\u0101 inform\u0101cija netiek public\u0113ta bez lietot\u0101ja zi\u0146as, apmain\u012bta, nodota, pie\u0161\u0137irta vai p\u0101rdota tre\u0161aj\u0101m person\u0101m jebk\u0101d\u0101 veid\u0101.<\/p>\n<!-- \/wp:paragraph -->\n\n<!-- wp:paragraph -->\n<p>Datub\u0101zes aizsarg\u0101 1998. gada 1. j\u016blija likuma noteikumi, ar kuriem transpon\u0113ta 1996. gada 11. marta Direkt\u012bva 96\/9 par datub\u0101zu tiesisko aizsardz\u012bbu.<\/p>\n<!-- \/wp:paragraph -->\n\n<!-- wp:list {\"ordered\":true,\"start\":8} -->\n<ol start=\"8\"><!-- wp:list-item -->\n<li><strong>HIPERTEKSTA SAITES UN S\u012aKFAILI.<\/strong><\/li>\n<!-- \/wp:list-item --><\/ol>\n<!-- \/wp:list -->\n\n<!-- wp:paragraph -->\n<p>Vietn\u0113 https:\/\/viqtor.eu ir vair\u0101kas hipersaites uz cit\u0101m vietn\u0113m, kas izveidotas ar DBWO at\u013cauju. Tom\u0113r DBWO nevar p\u0101rbaud\u012bt apmekl\u0113to viet\u0146u saturu un t\u0101p\u0113c neuz\u0146emas nek\u0101du atbild\u012bbu par to.<\/p>\n<!-- \/wp:paragraph -->\n\n<!-- wp:paragraph -->\n<p>P\u0101rl\u016bkojot vietni https:\/\/viqtor.eu, lietot\u0101ja dator\u0101 var tikt instal\u0113ta(-as) s\u012bkdatne(-s). S\u012bkdatne ir neliels fails, kas ne\u013cauj identific\u0113t lietot\u0101ju, bet gan re\u0123istr\u0113 inform\u0101ciju par datora navig\u0101ciju vietn\u0113. T\u0101d\u0113j\u0101di ieg\u016btie dati ir paredz\u0113ti, lai atvieglotu turpm\u0101ku navig\u0101ciju vietn\u0113, k\u0101 ar\u012b lai veiktu da\u017e\u0101dus datpl\u016bsmas m\u0113r\u012bjumus.<\/p>\n<!-- \/wp:paragraph -->\n\n<!-- wp:paragraph -->\n<p>Atteik\u0161an\u0101s no s\u012bkfaila instal\u0113\u0161anas var liegt piek\u013cuvi noteiktiem pakalpojumiem. Tom\u0113r lietot\u0101js var konfigur\u0113t savu datoru \u0161\u0101di, lai atteiktos no s\u012bkfailu instal\u0113\u0161anas:<\/p>\n<!-- \/wp:paragraph -->\n\n<!-- wp:paragraph -->\n<p>P\u0101rl\u016bkprogramm\u0101 Internet Explorer: cilne \u201cR\u012bki\u201d (zobrata ikona aug\u0161\u0113j\u0101 labaj\u0101 st\u016br\u012b) \/ interneta opcijas.<\/p>\n<!-- \/wp:paragraph -->\n\n<!-- wp:paragraph -->\n<p>Noklik\u0161\u0137iniet uz Konfidencialit\u0101te un izv\u0113lieties Blo\u0137\u0113t visas s\u012bkdatnes. Apstipriniet, noklik\u0161\u0137inot uz Labi.<\/p>\n<!-- \/wp:paragraph -->\n\n<!-- wp:paragraph -->\n<p>P\u0101rl\u016bkprogramm\u0101 Firefox: p\u0101rl\u016bkprogrammas loga aug\u0161da\u013c\u0101 noklik\u0161\u0137iniet uz pogas Firefox un p\u0113c tam dodieties uz cilni Opcijas. Noklik\u0161\u0137iniet uz cilnes Konfidencialit\u0101te.<\/p>\n<!-- \/wp:paragraph -->\n\n<!-- wp:paragraph -->\n<p>Iestatiet saglab\u0101\u0161anas noteikumus uz: Izmantot piel\u0101gotus v\u0113stures iestat\u012bjumus. Visbeidzot, no\u0146emiet atz\u012bmi, lai atsp\u0113jotu s\u012bkfailus.<\/p>\n<!-- \/wp:paragraph -->\n\n<!-- wp:paragraph -->\n<p>Safari p\u0101rl\u016bkprogramm\u0101: noklik\u0161\u0137iniet uz izv\u0113lnes ikonas (ko simboliz\u0113 zobrats) p\u0101rl\u016bkprogrammas aug\u0161\u0113j\u0101 labaj\u0101 st\u016br\u012b. Atlasiet Iestat\u012bjumi. Noklik\u0161\u0137iniet uz R\u0101d\u012bt papildu iestat\u012bjumus. Sada\u013c\u0101 \u201cPriv\u0101tums\u201d noklik\u0161\u0137iniet uz Satura iestat\u012bjumi. Sada\u013c\u0101 \u201cS\u012bkfaili\u201d varat blo\u0137\u0113t s\u012bkfailus.<\/p>\n<!-- \/wp:paragraph -->\n\n<!-- wp:paragraph -->\n<p>P\u0101rl\u016bk\u0101 Chrome: noklik\u0161\u0137iniet uz izv\u0113lnes ikonas (ko simboliz\u0113 tr\u012bs horizont\u0101las l\u012bnijas) p\u0101rl\u016bkprogrammas aug\u0161\u0113j\u0101 labaj\u0101 st\u016br\u012b. Atlasiet Iestat\u012bjumi. Noklik\u0161\u0137iniet uz R\u0101d\u012bt papildu iestat\u012bjumus.<\/p>\n<!-- \/wp:paragraph -->\n\n<!-- wp:paragraph -->\n<p>Sada\u013c\u0101 \u201cPriv\u0101tums\u201d noklik\u0161\u0137iniet uz \u201cPreferences\u201d. Ciln\u0113 \u201cPriv\u0101tums\u201d varat blo\u0137\u0113t s\u012bkfailus.<\/p>\n<!-- \/wp:paragraph -->\n\n<!-- wp:list {\"ordered\":true,\"start\":9} -->\n<ol start=\"9\"><!-- wp:list-item -->\n<li><strong>PIEM\u0112ROJAMIE TIES\u012aBU AKTI UN JURISDIKCIJA.<\/strong><\/li>\n<!-- \/wp:list-item --><\/ol>\n<!-- \/wp:list -->\n\n<!-- wp:paragraph -->\n<p>Jebkur\u0161 str\u012bds, kas saist\u012bts ar vietnes https:\/\/viqtor.eu lieto\u0161anu, ir pak\u013cauts Francijas ties\u012bbu aktiem. Str\u012bda gad\u012bjum\u0101 ar profesion\u0101li ekskluz\u012bva jurisdikcija ir visp\u0101r\u0113j\u0101m ties\u0101m un Angul\u0113mas ties\u0101m.<\/p>\n<!-- \/wp:paragraph -->\n\n<!-- wp:list {\"ordered\":true,\"start\":10} -->\n<ol start=\"10\"><!-- wp:list-item -->\n<li><strong>GALVENIE ATTIEC\u012aGIE LIKUMI.<\/strong><\/li>\n<!-- \/wp:list-item --><\/ol>\n<!-- \/wp:list -->\n\n<!-- wp:paragraph -->\n<p>Regula par fizisku personu aizsardz\u012bbu attiec\u012bb\u0101 uz personas datu apstr\u0101di un \u0161\u0101du datu br\u012bvu apriti un ar ko atce\u013c Direkt\u012bvu 95\/46\/EK (Visp\u0101r\u012bg\u0101 datu aizsardz\u012bbas regula)<\/p>\n<!-- \/wp:paragraph -->\n\n<!-- wp:paragraph -->\n<p>2018. gada 20. j\u016bnija LIKUMS Nr. 2018-493 par personas datu aizsardz\u012bbu<\/p>\n<!-- \/wp:paragraph -->\n\n<!-- wp:paragraph -->\n<p>1978.\u00a0gada 6.\u00a0janv\u0101ra likums Nr.\u00a078-87, kas iev\u0113rojami groz\u012bts ar 2004.\u00a0gada 6.\u00a0augusta likumu Nr.\u00a02004-801 par inform\u0101cijas tehnolo\u0123ij\u0101m, datn\u0113m un br\u012bv\u012bb\u0101m.<\/p>\n<!-- \/wp:paragraph -->\n\n<!-- wp:paragraph -->\n<p>2004. gada 21. j\u016bnija likums Nr. 2004-575 par uztic\u0113\u0161anos digit\u0101lajai ekonomikai.<\/p>\n<!-- \/wp:paragraph -->\n\n<!-- wp:list {\"ordered\":true,\"start\":11} -->\n<ol start=\"11\"><!-- wp:list-item -->\n<li><strong>LEKSIKONS.<\/strong><\/li>\n<!-- \/wp:list-item --><\/ol>\n<!-- \/wp:list -->\n\n<!-- wp:paragraph -->\n<p>Lietot\u0101js: interneta lietot\u0101js, kas piesl\u0113dzas iepriek\u0161min\u0113tajai vietnei un to izmanto.<\/p>\n<!-- \/wp:paragraph -->\n\n<!-- wp:paragraph -->\n<p>Personas dati: \u201cinform\u0101cija, kas jebk\u0101d\u0101 veid\u0101, tie\u0161i vai netie\u0161i \u013cauj identific\u0113t fizisk\u0101s personas, uz kur\u0101m t\u0101 attiecas\u201d (1978. gada 6. janv\u0101ra likuma Nr. 78-17 4. pants)<\/p>\n<!-- \/wp:paragraph -->\n\n<!-- wp:paragraph -->\n<p><\/p>\n<!-- \/wp:paragraph -->\t\t\t\t\t\t<\/div>\n\t\t\t\t<\/div>\n\t\t\t\t\t<\/div>\n\t\t<\/div>\n\t\t\t\t\t<\/div>\n\t\t<\/section>\n\t\t\t\t<\/div>","protected":false},"excerpt":{"rendered":"<p>En vertu de l\u2019article 6 de la loi n\u00b0 2004-575 du 21 juin 2004 pour la confiance dans l\u2019\u00e9conomie num\u00e9rique, il est pr\u00e9cis\u00e9 aux utilisateurs du site https:\/\/viqtor.eu l\u2019identit\u00e9 des diff\u00e9rents intervenants dans le cadre de sa r\u00e9alisation et de son suivi : Propri\u00e9taire : DBWO Cr\u00e9ateur : ACTIVATION \/ VENISE HBA, SAS au capital [&hellip;]<\/p>","protected":false},"author":1,"featured_media":0,"parent":0,"menu_order":0,"comment_status":"closed","ping_status":"closed","template":"","meta":{"_acf_changed":false,"footnotes":""},"class_list":["post-6522","page","type-page","status-publish","hentry"],"acf":[],"yoast_head":"<!-- This site is optimized with the Yoast SEO plugin v23.6 - https:\/\/yoast.com\/wordpress\/plugins\/seo\/ -->\n<title>Mentions l\u00e9gales - Viqtor<\/title>\n<meta name=\"robots\" content=\"noindex, nofollow\" \/>\n<meta property=\"og:locale\" content=\"lv_LV\" \/>\n<meta property=\"og:type\" content=\"article\" \/>\n<meta property=\"og:title\" content=\"Mentions l\u00e9gales - Viqtor\" \/>\n<meta property=\"og:description\" content=\"En vertu de l\u2019article 6 de la loi n\u00b0 2004-575 du 21 juin 2004 pour la confiance dans l\u2019\u00e9conomie num\u00e9rique, il est pr\u00e9cis\u00e9 aux utilisateurs du site https:\/\/viqtor.eu l\u2019identit\u00e9 des diff\u00e9rents intervenants dans le cadre de sa r\u00e9alisation et de son suivi : Propri\u00e9taire : DBWO Cr\u00e9ateur : ACTIVATION \/ VENISE HBA, SAS au capital [&hellip;]\" \/>\n<meta property=\"og:url\" content=\"https:\/\/viqtor.eu\/lv\/mentions-legales\/\" \/>\n<meta property=\"og:site_name\" content=\"Viqtor\" \/>\n<meta property=\"article:modified_time\" content=\"2023-07-24T10:19:18+00:00\" \/>\n<meta name=\"twitter:card\" content=\"summary_large_image\" \/>\n<meta name=\"twitter:label1\" content=\"Est. reading time\" \/>\n\t<meta name=\"twitter:data1\" content=\"8 min\u016btes\" \/>\n<script type=\"application\/ld+json\" class=\"yoast-schema-graph\">{\"@context\":\"https:\/\/schema.org\",\"@graph\":[{\"@type\":\"WebPage\",\"@id\":\"https:\/\/viqtor.eu\/mentions-legales\/\",\"url\":\"https:\/\/viqtor.eu\/mentions-legales\/\",\"name\":\"Mentions l\u00e9gales - Viqtor\",\"isPartOf\":{\"@id\":\"https:\/\/viqtor.eu\/#website\"},\"datePublished\":\"2023-05-10T15:50:27+00:00\",\"dateModified\":\"2023-07-24T10:19:18+00:00\",\"breadcrumb\":{\"@id\":\"https:\/\/viqtor.eu\/mentions-legales\/#breadcrumb\"},\"inLanguage\":\"lv-LV\",\"potentialAction\":[{\"@type\":\"ReadAction\",\"target\":[\"https:\/\/viqtor.eu\/mentions-legales\/\"]}]},{\"@type\":\"BreadcrumbList\",\"@id\":\"https:\/\/viqtor.eu\/mentions-legales\/#breadcrumb\",\"itemListElement\":[{\"@type\":\"ListItem\",\"position\":1,\"name\":\"Accueil\",\"item\":\"https:\/\/viqtor.eu\/\"},{\"@type\":\"ListItem\",\"position\":2,\"name\":\"Mentions l\u00e9gales\"}]},{\"@type\":\"WebSite\",\"@id\":\"https:\/\/viqtor.eu\/#website\",\"url\":\"https:\/\/viqtor.eu\/\",\"name\":\"Viqtor\",\"description\":\"Faites du RGPD une opportunit\u00e9 pour votre entreprise.\",\"publisher\":{\"@id\":\"https:\/\/viqtor.eu\/#organization\"},\"potentialAction\":[{\"@type\":\"SearchAction\",\"target\":{\"@type\":\"EntryPoint\",\"urlTemplate\":\"https:\/\/viqtor.eu\/?s={search_term_string}\"},\"query-input\":{\"@type\":\"PropertyValueSpecification\",\"valueRequired\":true,\"valueName\":\"search_term_string\"}}],\"inLanguage\":\"lv-LV\"},{\"@type\":\"Organization\",\"@id\":\"https:\/\/viqtor.eu\/#organization\",\"name\":\"viqtor.eu\",\"url\":\"https:\/\/viqtor.eu\/\",\"logo\":{\"@type\":\"ImageObject\",\"inLanguage\":\"lv-LV\",\"@id\":\"https:\/\/viqtor.eu\/#\/schema\/logo\/image\/\",\"url\":\"https:\/\/viqtor.eu\/wp-content\/uploads\/2023\/06\/favicon-noir.svg\",\"contentUrl\":\"https:\/\/viqtor.eu\/wp-content\/uploads\/2023\/06\/favicon-noir.svg\",\"width\":108,\"height\":86,\"caption\":\"viqtor.eu\"},\"image\":{\"@id\":\"https:\/\/viqtor.eu\/#\/schema\/logo\/image\/\"}}]}<\/script>\n<!-- \/ Yoast SEO plugin. -->","yoast_head_json":{"title":"Mentions l\u00e9gales - Viqtor","robots":{"index":"noindex","follow":"nofollow"},"og_locale":"lv_LV","og_type":"article","og_title":"Mentions l\u00e9gales - Viqtor","og_description":"En vertu de l\u2019article 6 de la loi n\u00b0 2004-575 du 21 juin 2004 pour la confiance dans l\u2019\u00e9conomie num\u00e9rique, il est pr\u00e9cis\u00e9 aux utilisateurs du site https:\/\/viqtor.eu l\u2019identit\u00e9 des diff\u00e9rents intervenants dans le cadre de sa r\u00e9alisation et de son suivi : Propri\u00e9taire : DBWO Cr\u00e9ateur : ACTIVATION \/ VENISE HBA, SAS au capital [&hellip;]","og_url":"https:\/\/viqtor.eu\/lv\/mentions-legales\/","og_site_name":"Viqtor","article_modified_time":"2023-07-24T10:19:18+00:00","twitter_card":"summary_large_image","twitter_misc":{"Est. reading time":"8 min\u016btes"},"schema":{"@context":"https:\/\/schema.org","@graph":[{"@type":"WebPage","@id":"https:\/\/viqtor.eu\/mentions-legales\/","url":"https:\/\/viqtor.eu\/mentions-legales\/","name":"Mentions l\u00e9gales - Viqtor","isPartOf":{"@id":"https:\/\/viqtor.eu\/#website"},"datePublished":"2023-05-10T15:50:27+00:00","dateModified":"2023-07-24T10:19:18+00:00","breadcrumb":{"@id":"https:\/\/viqtor.eu\/mentions-legales\/#breadcrumb"},"inLanguage":"lv-LV","potentialAction":[{"@type":"ReadAction","target":["https:\/\/viqtor.eu\/mentions-legales\/"]}]},{"@type":"BreadcrumbList","@id":"https:\/\/viqtor.eu\/mentions-legales\/#breadcrumb","itemListElement":[{"@type":"ListItem","position":1,"name":"Accueil","item":"https:\/\/viqtor.eu\/"},{"@type":"ListItem","position":2,"name":"Mentions l\u00e9gales"}]},{"@type":"WebSite","@id":"https:\/\/viqtor.eu\/#website","url":"https:\/\/viqtor.eu\/","name":"Viqtor","description":"Faites du RGPD une opportunit\u00e9 pour votre entreprise.","publisher":{"@id":"https:\/\/viqtor.eu\/#organization"},"potentialAction":[{"@type":"SearchAction","target":{"@type":"EntryPoint","urlTemplate":"https:\/\/viqtor.eu\/?s={search_term_string}"},"query-input":{"@type":"PropertyValueSpecification","valueRequired":true,"valueName":"search_term_string"}}],"inLanguage":"lv-LV"},{"@type":"Organization","@id":"https:\/\/viqtor.eu\/#organization","name":"viqtor.eu","url":"https:\/\/viqtor.eu\/","logo":{"@type":"ImageObject","inLanguage":"lv-LV","@id":"https:\/\/viqtor.eu\/#\/schema\/logo\/image\/","url":"https:\/\/viqtor.eu\/wp-content\/uploads\/2023\/06\/favicon-noir.svg","contentUrl":"https:\/\/viqtor.eu\/wp-content\/uploads\/2023\/06\/favicon-noir.svg","width":108,"height":86,"caption":"viqtor.eu"},"image":{"@id":"https:\/\/viqtor.eu\/#\/schema\/logo\/image\/"}}]}},"_links":{"self":[{"href":"https:\/\/viqtor.eu\/lv\/wp-json\/wp\/v2\/pages\/6522","targetHints":{"allow":["GET"]}}],"collection":[{"href":"https:\/\/viqtor.eu\/lv\/wp-json\/wp\/v2\/pages"}],"about":[{"href":"https:\/\/viqtor.eu\/lv\/wp-json\/wp\/v2\/types\/page"}],"author":[{"embeddable":true,"href":"https:\/\/viqtor.eu\/lv\/wp-json\/wp\/v2\/users\/1"}],"replies":[{"embeddable":true,"href":"https:\/\/viqtor.eu\/lv\/wp-json\/wp\/v2\/comments?post=6522"}],"version-history":[{"count":6,"href":"https:\/\/viqtor.eu\/lv\/wp-json\/wp\/v2\/pages\/6522\/revisions"}],"predecessor-version":[{"id":6532,"href":"https:\/\/viqtor.eu\/lv\/wp-json\/wp\/v2\/pages\/6522\/revisions\/6532"}],"wp:attachment":[{"href":"https:\/\/viqtor.eu\/lv\/wp-json\/wp\/v2\/media?parent=6522"}],"curies":[{"name":"wp","href":"https:\/\/api.w.org\/{rel}","templated":true}]}}