{"id":10519,"date":"2024-03-12T10:36:21","date_gmt":"2024-03-12T10:36:21","guid":{"rendered":"https:\/\/viqtor.eu\/?page_id=10519"},"modified":"2025-03-13T14:42:55","modified_gmt":"2025-03-13T14:42:55","slug":"demander-une-demo","status":"publish","type":"page","link":"https:\/\/viqtor.eu\/lv\/demander-une-demo\/","title":{"rendered":"Piepras\u012bt demonstr\u0101ciju"},"content":{"rendered":"<div data-elementor-type=\"wp-page\" data-elementor-id=\"10519\" class=\"elementor elementor-10519\" data-elementor-post-type=\"page\">\n\t\t\t\t\t\t<section class=\"elementor-section elementor-top-section elementor-element elementor-element-e42432f ot-traditional elementor-section-boxed elementor-section-height-default elementor-section-height-default\" data-id=\"e42432f\" data-element_type=\"section\" data-settings=\"{&quot;background_background&quot;:&quot;classic&quot;}\">\n\t\t\t\t\t\t<div class=\"elementor-container elementor-column-gap-default\">\n\t\t\t\t\t<div class=\"elementor-column elementor-col-100 elementor-top-column elementor-element elementor-element-a8ca767 ot-flex-column-vertical\" data-id=\"a8ca767\" data-element_type=\"column\">\n\t\t\t<div class=\"elementor-widget-wrap elementor-element-populated\">\n\t\t\t\t\t\t<div class=\"elementor-element elementor-element-7c1b2d3 elementor-widget elementor-widget-heading\" data-id=\"7c1b2d3\" data-element_type=\"widget\" data-widget_type=\"heading.default\">\n\t\t\t\t<div class=\"elementor-widget-container\">\n\t\t\t<h1 class=\"elementor-heading-title elementor-size-default\">Atkl\u0101jiet Viqtor piln\u012bgo GDPR risin\u0101jumu, lai vienk\u0101r\u0161otu atbilst\u012bbu j\u016bsu \u013coti maziem uz\u0146\u0113mumiem (VSU), maziem un vid\u0113jiem uz\u0146\u0113mumiem (MMI), maziem un vid\u0113jiem uz\u0146\u0113mumiem (MVU) utt.<\/h1>\t\t<\/div>\n\t\t\t\t<\/div>\n\t\t\t\t<div class=\"elementor-element elementor-element-d0193aa elementor-widget__width-initial elementor-widget elementor-widget-text-editor\" data-id=\"d0193aa\" data-element_type=\"widget\" data-widget_type=\"text-editor.default\">\n\t\t\t\t<div class=\"elementor-widget-container\">\n\t\t\t\t\t\t\t<p><strong><span style=\"color: #7768d8;\">M\u016bsu platforma ir j\u016bsu galven\u0101 adrese vis\u0101m j\u016bsu GDPR atbilst\u012bbas vajadz\u012bb\u0101m!<\/span><\/strong><\/p>\n<p>Aizpildiet zem\u0101k eso\u0161o veidlapu, un viens no m\u016bsu speci\u0101listiem sazin\u0101sies ar jums, lai p\u0101rrun\u0101tu j\u016bsu vajadz\u012bbas un norun\u0101tu tik\u0161anos atbilsto\u0161i j\u016bsu grafikam.<\/p>\t\t\t\t\t\t<\/div>\n\t\t\t\t<\/div>\n\t\t\t\t\t<\/div>\n\t\t<\/div>\n\t\t\t\t\t<\/div>\n\t\t<\/section>\n\t\t\t\t<section class=\"elementor-section elementor-top-section elementor-element elementor-element-0e870af ot-traditional elementor-section-boxed elementor-section-height-default elementor-section-height-default\" data-id=\"0e870af\" data-element_type=\"section\" data-settings=\"{&quot;background_background&quot;:&quot;classic&quot;}\">\n\t\t\t\t\t\t<div class=\"elementor-container elementor-column-gap-default\">\n\t\t\t\t\t<div class=\"elementor-column elementor-col-50 elementor-top-column elementor-element elementor-element-70b6f9c ot-flex-column-vertical\" data-id=\"70b6f9c\" data-element_type=\"column\">\n\t\t\t<div class=\"elementor-widget-wrap elementor-element-populated\">\n\t\t\t\t\t\t<div class=\"elementor-element elementor-element-d1aa584 elementor-button-align-center elementor-widget elementor-widget-form\" data-id=\"d1aa584\" data-element_type=\"widget\" data-settings=\"{&quot;step_next_label&quot;:&quot;Next&quot;,&quot;step_previous_label&quot;:&quot;Previous&quot;,&quot;button_width&quot;:&quot;100&quot;,&quot;step_type&quot;:&quot;number_text&quot;,&quot;step_icon_shape&quot;:&quot;circle&quot;}\" data-widget_type=\"form.default\">\n\t\t\t\t<div class=\"elementor-widget-container\">\n\t\t\t\t\t<form class=\"elementor-form\" method=\"post\" name=\"New Form\" action=\"\">\n\t\t\t<input type=\"hidden\" name=\"post_id\" value=\"10519\"\/>\n\t\t\t<input type=\"hidden\" name=\"form_id\" value=\"d1aa584\"\/>\n\t\t\t<input type=\"hidden\" name=\"referer_title\" value=\"Viqtor\" \/>\n\n\t\t\t\n\t\t\t<div class=\"elementor-form-fields-wrapper elementor-labels-above\">\n\t\t\t\t\t\t\t\t<div class=\"elementor-field-type-text elementor-field-group elementor-column elementor-field-group-name elementor-col-50 elementor-field-required\">\n\t\t\t\t\t\t\t\t\t\t\t\t<label for=\"form-field-name\" class=\"elementor-field-label\">\n\t\t\t\t\t\t\t\tV\u0101rds\t\t\t\t\t\t\t<\/label>\n\t\t\t\t\t\t\t\t\t\t\t\t\t\t<input size=\"1\" type=\"text\" name=\"form_fields[name]\" id=\"form-field-name\" class=\"elementor-field elementor-size-sm  elementor-field-textual\" required=\"required\" aria-required=\"true\">\n\t\t\t\t\t\t\t\t\t\t\t<\/div>\n\t\t\t\t\t\t\t\t<div class=\"elementor-field-type-text elementor-field-group elementor-column elementor-field-group-field_55f6a8b elementor-col-50 elementor-field-required\">\n\t\t\t\t\t\t\t\t\t\t\t\t<label for=\"form-field-field_55f6a8b\" class=\"elementor-field-label\">\n\t\t\t\t\t\t\t\tV\u0101rds\t\t\t\t\t\t\t<\/label>\n\t\t\t\t\t\t\t\t\t\t\t\t\t\t<input size=\"1\" type=\"text\" name=\"form_fields[field_55f6a8b]\" id=\"form-field-field_55f6a8b\" class=\"elementor-field elementor-size-sm  elementor-field-textual\" required=\"required\" aria-required=\"true\">\n\t\t\t\t\t\t\t\t\t\t\t<\/div>\n\t\t\t\t\t\t\t\t<div class=\"elementor-field-type-text elementor-field-group elementor-column elementor-field-group-field_b5537df elementor-col-50 elementor-field-required\">\n\t\t\t\t\t\t\t\t\t\t\t\t<label for=\"form-field-field_b5537df\" class=\"elementor-field-label\">\n\t\t\t\t\t\t\t\tFunkcija\t\t\t\t\t\t\t<\/label>\n\t\t\t\t\t\t\t\t\t\t\t\t\t\t<input size=\"1\" type=\"text\" name=\"form_fields[field_b5537df]\" id=\"form-field-field_b5537df\" class=\"elementor-field elementor-size-sm  elementor-field-textual\" required=\"required\" aria-required=\"true\">\n\t\t\t\t\t\t\t\t\t\t\t<\/div>\n\t\t\t\t\t\t\t\t<div class=\"elementor-field-type-tel elementor-field-group elementor-column elementor-field-group-field_caa3bde elementor-col-50 elementor-field-required\">\n\t\t\t\t\t\t\t\t\t\t\t\t<label for=\"form-field-field_caa3bde\" class=\"elementor-field-label\">\n\t\t\t\t\t\t\t\tT\u0101lrunis\t\t\t\t\t\t\t<\/label>\n\t\t\t\t\t\t\t\t<input size=\"1\" type=\"tel\" name=\"form_fields[field_caa3bde]\" id=\"form-field-field_caa3bde\" class=\"elementor-field elementor-size-sm  elementor-field-textual\" required=\"required\" aria-required=\"true\" pattern=\"[0-9()#&amp;+*-=.]+\" title=\"Only numbers and phone characters (#, -, *, etc) are accepted.\">\n\n\t\t\t\t\t\t<\/div>\n\t\t\t\t\t\t\t\t<div class=\"elementor-field-type-email elementor-field-group elementor-column elementor-field-group-field_858640d elementor-col-50 elementor-field-required\">\n\t\t\t\t\t\t\t\t\t\t\t\t<label for=\"form-field-field_858640d\" class=\"elementor-field-label\">\n\t\t\t\t\t\t\t\tE-pasts\t\t\t\t\t\t\t<\/label>\n\t\t\t\t\t\t\t\t\t\t\t\t\t\t<input size=\"1\" type=\"email\" name=\"form_fields[field_858640d]\" id=\"form-field-field_858640d\" class=\"elementor-field elementor-size-sm  elementor-field-textual\" required=\"required\" aria-required=\"true\">\n\t\t\t\t\t\t\t\t\t\t\t<\/div>\n\t\t\t\t\t\t\t\t<div class=\"elementor-field-type-text elementor-field-group elementor-column elementor-field-group-field_bb7036a elementor-col-50 elementor-field-required\">\n\t\t\t\t\t\t\t\t\t\t\t\t<label for=\"form-field-field_bb7036a\" class=\"elementor-field-label\">\n\t\t\t\t\t\t\t\tUz\u0146\u0113muma nosaukums\t\t\t\t\t\t\t<\/label>\n\t\t\t\t\t\t\t\t\t\t\t\t\t\t<input size=\"1\" type=\"text\" name=\"form_fields[field_bb7036a]\" id=\"form-field-field_bb7036a\" class=\"elementor-field elementor-size-sm  elementor-field-textual\" required=\"required\" aria-required=\"true\">\n\t\t\t\t\t\t\t\t\t\t\t<\/div>\n\t\t\t\t\t\t\t\t<div class=\"elementor-field-type-select elementor-field-group elementor-column elementor-field-group-field_3450b42 elementor-col-50\">\n\t\t\t\t\t\t\t\t\t\t\t\t<label for=\"form-field-field_3450b42\" class=\"elementor-field-label\">\n\t\t\t\t\t\t\t\tUz\u0146\u0113muma darbasp\u0113ks\t\t\t\t\t\t\t<\/label>\n\t\t\t\t\t\t\t\t<div class=\"elementor-field elementor-select-wrapper remove-before\">\n\t\t\t<div class=\"select-caret-down-wrapper\">\n\t\t\t\t<i aria-hidden=\"true\" class=\"eicon-caret-down\"><\/i>\t\t\t<\/div>\n\t\t\t<select name=\"form_fields[field_3450b42]\" id=\"form-field-field_3450b42\" class=\"elementor-field-textual elementor-size-sm\">\n\t\t\t\t\t\t\t\t\t<option value=\"-None-\">-Neviens-<\/option>\n\t\t\t\t\t\t\t\t\t<option value=\"Moins de 50 collaborateurs\">Maz\u0101k nek\u0101 50 darbinieku<\/option>\n\t\t\t\t\t\t\t\t\t<option value=\"Entre 50 et 250 collaborateurs\">No 50 l\u012bdz 250 darbiniekiem<\/option>\n\t\t\t\t\t\t\t\t\t<option value=\"Entre 250 et 1000 collaborateurs\">No 250 l\u012bdz 1000 darbiniekiem<\/option>\n\t\t\t\t\t\t\t\t\t<option value=\"Plus de 1000 collaborateurs\">Vair\u0101k nek\u0101 1000 darbinieku<\/option>\n\t\t\t\t\t\t\t<\/select>\n\t\t<\/div>\n\t\t\t\t\t\t<\/div>\n\t\t\t\t\t\t\t\t<div class=\"elementor-field-type-acceptance elementor-field-group elementor-column elementor-field-group-field_981c4e7 elementor-col-100 elementor-field-required\">\n\t\t\t\t\t\t\t<div class=\"elementor-field-subgroup\">\n\t\t\t<span class=\"elementor-field-option\">\n\t\t\t\t<input type=\"checkbox\" name=\"form_fields[field_981c4e7]\" id=\"form-field-field_981c4e7\" class=\"elementor-field elementor-size-sm  elementor-acceptance-field\" required=\"required\" aria-required=\"true\">\n\t\t\t\t<label for=\"form-field-field_981c4e7\">Es piekr\u012btu savu personas datu izmanto\u0161anai tikai sazi\u0146as piepras\u012bjuma apstr\u0101dei.<\/label>\t\t\t<\/span>\n\t\t<\/div>\n\t\t\t\t\t\t<\/div>\n\t\t\t\t\t\t\t\t<div class=\"elementor-field-group elementor-column elementor-field-type-submit elementor-col-100 e-form__buttons\">\n\t\t\t\t\t<button type=\"submit\" class=\"elementor-button elementor-size-md\">\n\t\t\t\t\t\t<span >\n\t\t\t\t\t\t\t\t\t\t\t\t\t\t\t<span class=\"elementor-button-icon\">\n\t\t\t\t\t\t\t\t\t\t\t\t\t\t\t\t\t\t\t\t\t\t\t\t\t\t<\/span>\n\t\t\t\t\t\t\t\t\t\t\t\t\t\t\t\t\t\t\t\t\t\t<span class=\"elementor-button-text\">S\u016bt\u012bt<\/span>\n\t\t\t\t\t\t\t\t\t\t\t\t\t<\/span>\n\t\t\t\t\t<\/button>\n\t\t\t\t<\/div>\n\t\t\t<\/div>\n\t\t<input type=\"hidden\" name=\"trp-form-language\" value=\"lv\"\/><\/form>\n\t\t\t\t<\/div>\n\t\t\t\t<\/div>\n\t\t\t\t\t<\/div>\n\t\t<\/div>\n\t\t\t\t<div class=\"elementor-column elementor-col-50 elementor-top-column elementor-element elementor-element-972c05b ot-flex-column-vertical\" data-id=\"972c05b\" data-element_type=\"column\">\n\t\t\t<div class=\"elementor-widget-wrap elementor-element-populated\">\n\t\t\t\t\t\t<div class=\"elementor-element elementor-element-44070c0 e-transform elementor-widget elementor-widget-image\" data-id=\"44070c0\" data-element_type=\"widget\" data-settings=\"{&quot;_transform_rotateZ_effect&quot;:{&quot;unit&quot;:&quot;px&quot;,&quot;size&quot;:-20,&quot;sizes&quot;:[]},&quot;_transform_rotateZ_effect_tablet&quot;:{&quot;unit&quot;:&quot;deg&quot;,&quot;size&quot;:&quot;&quot;,&quot;sizes&quot;:[]},&quot;_transform_rotateZ_effect_mobile&quot;:{&quot;unit&quot;:&quot;deg&quot;,&quot;size&quot;:&quot;&quot;,&quot;sizes&quot;:[]}}\" data-widget_type=\"image.default\">\n\t\t\t\t<div class=\"elementor-widget-container\">\n\t\t\t\t\t\t\t\t\t\t\t\t\t<img fetchpriority=\"high\" decoding=\"async\" width=\"1024\" height=\"549\" src=\"https:\/\/viqtor.eu\/wp-content\/uploads\/2024\/03\/8095fcb0577627df4f26dd6492cf403b-1024x549.png\" class=\"attachment-large size-large wp-image-10595\" alt=\"Viqtor logiciel RGPD\" srcset=\"https:\/\/viqtor.eu\/wp-content\/uploads\/2024\/03\/8095fcb0577627df4f26dd6492cf403b-1024x549.png 1024w, https:\/\/viqtor.eu\/wp-content\/uploads\/2024\/03\/8095fcb0577627df4f26dd6492cf403b-300x161.png 300w, https:\/\/viqtor.eu\/wp-content\/uploads\/2024\/03\/8095fcb0577627df4f26dd6492cf403b-768x411.png 768w, https:\/\/viqtor.eu\/wp-content\/uploads\/2024\/03\/8095fcb0577627df4f26dd6492cf403b-1536x823.png 1536w, https:\/\/viqtor.eu\/wp-content\/uploads\/2024\/03\/8095fcb0577627df4f26dd6492cf403b-2048x1097.png 2048w, https:\/\/viqtor.eu\/wp-content\/uploads\/2024\/03\/8095fcb0577627df4f26dd6492cf403b-720x386.png 720w\" sizes=\"(max-width: 1024px) 100vw, 1024px\" \/>\t\t\t\t\t\t\t\t\t\t\t\t\t<\/div>\n\t\t\t\t<\/div>\n\t\t\t\t\t<\/div>\n\t\t<\/div>\n\t\t\t\t\t<\/div>\n\t\t<\/section>\n\t\t\t\t<\/div>","protected":false},"excerpt":{"rendered":"<p>D\u00e9couvrez les solution compl\u00e8te RGPD de Viqtor pour simplifier la conformit\u00e9 de votre TPE, PMI, PME&#8230; Notre plateforme est votre adresse de r\u00e9f\u00e9rence pour tous vos besoins en conformit\u00e9 RGPD ! Remplissez le formulaire ci-dessous et l&rsquo;un de nos sp\u00e9cialistes vous contactera pour discuter de vos besoins et organiser un rendez-vous en fonction de votre [&hellip;]<\/p>","protected":false},"author":1,"featured_media":0,"parent":0,"menu_order":0,"comment_status":"closed","ping_status":"closed","template":"","meta":{"_acf_changed":false,"footnotes":""},"class_list":["post-10519","page","type-page","status-publish","hentry"],"acf":[],"yoast_head":"<!-- This site is optimized with the Yoast SEO plugin v23.6 - https:\/\/yoast.com\/wordpress\/plugins\/seo\/ -->\n<title>Demander une d\u00e9mo - Viqtor<\/title>\n<meta name=\"description\" content=\"D\u00e9couvrez les solution compl\u00e8te RGPD de Viqtor pour simplifier la conformit\u00e9 de votre TPE, PMI, PME... demander une demo.\" \/>\n<meta name=\"robots\" content=\"index, follow, max-snippet:-1, max-image-preview:large, max-video-preview:-1\" \/>\n<link rel=\"canonical\" href=\"https:\/\/viqtor.eu\/lv\/demander-une-demo\/\" \/>\n<meta property=\"og:locale\" content=\"lv_LV\" \/>\n<meta property=\"og:type\" content=\"article\" \/>\n<meta property=\"og:title\" content=\"Demander une d\u00e9mo - Viqtor\" \/>\n<meta property=\"og:description\" content=\"D\u00e9couvrez les solution compl\u00e8te RGPD de Viqtor pour simplifier la conformit\u00e9 de votre TPE, PMI, PME... demander une demo.\" \/>\n<meta property=\"og:url\" content=\"https:\/\/viqtor.eu\/lv\/demander-une-demo\/\" \/>\n<meta property=\"og:site_name\" content=\"Viqtor\" \/>\n<meta property=\"article:modified_time\" content=\"2025-03-13T14:42:55+00:00\" \/>\n<meta property=\"og:image\" content=\"https:\/\/viqtor.eu\/wp-content\/uploads\/2024\/03\/8095fcb0577627df4f26dd6492cf403b.png\" \/>\n\t<meta property=\"og:image:width\" content=\"3840\" \/>\n\t<meta property=\"og:image:height\" content=\"2057\" \/>\n\t<meta property=\"og:image:type\" content=\"image\/png\" \/>\n<meta name=\"twitter:card\" content=\"summary_large_image\" \/>\n<meta name=\"twitter:label1\" content=\"Est. reading time\" \/>\n\t<meta name=\"twitter:data1\" content=\"1 min\u016bte\" \/>\n<script type=\"application\/ld+json\" class=\"yoast-schema-graph\">{\"@context\":\"https:\/\/schema.org\",\"@graph\":[{\"@type\":\"WebPage\",\"@id\":\"https:\/\/viqtor.eu\/demander-une-demo\/\",\"url\":\"https:\/\/viqtor.eu\/demander-une-demo\/\",\"name\":\"Demander une d\u00e9mo - Viqtor\",\"isPartOf\":{\"@id\":\"https:\/\/viqtor.eu\/#website\"},\"primaryImageOfPage\":{\"@id\":\"https:\/\/viqtor.eu\/demander-une-demo\/#primaryimage\"},\"image\":{\"@id\":\"https:\/\/viqtor.eu\/demander-une-demo\/#primaryimage\"},\"thumbnailUrl\":\"https:\/\/viqtor.eu\/wp-content\/uploads\/2024\/03\/8095fcb0577627df4f26dd6492cf403b-1024x549.png\",\"datePublished\":\"2024-03-12T10:36:21+00:00\",\"dateModified\":\"2025-03-13T14:42:55+00:00\",\"description\":\"D\u00e9couvrez les solution compl\u00e8te RGPD de Viqtor pour simplifier la conformit\u00e9 de votre TPE, PMI, PME... demander une demo.\",\"breadcrumb\":{\"@id\":\"https:\/\/viqtor.eu\/demander-une-demo\/#breadcrumb\"},\"inLanguage\":\"lv-LV\",\"potentialAction\":[{\"@type\":\"ReadAction\",\"target\":[\"https:\/\/viqtor.eu\/demander-une-demo\/\"]}]},{\"@type\":\"ImageObject\",\"inLanguage\":\"lv-LV\",\"@id\":\"https:\/\/viqtor.eu\/demander-une-demo\/#primaryimage\",\"url\":\"https:\/\/viqtor.eu\/wp-content\/uploads\/2024\/03\/8095fcb0577627df4f26dd6492cf403b-1024x549.png\",\"contentUrl\":\"https:\/\/viqtor.eu\/wp-content\/uploads\/2024\/03\/8095fcb0577627df4f26dd6492cf403b-1024x549.png\"},{\"@type\":\"BreadcrumbList\",\"@id\":\"https:\/\/viqtor.eu\/demander-une-demo\/#breadcrumb\",\"itemListElement\":[{\"@type\":\"ListItem\",\"position\":1,\"name\":\"Accueil\",\"item\":\"https:\/\/viqtor.eu\/\"},{\"@type\":\"ListItem\",\"position\":2,\"name\":\"Demander une d\u00e9mo\"}]},{\"@type\":\"WebSite\",\"@id\":\"https:\/\/viqtor.eu\/#website\",\"url\":\"https:\/\/viqtor.eu\/\",\"name\":\"Viqtor\",\"description\":\"Faites du RGPD une opportunit\u00e9 pour votre entreprise.\",\"publisher\":{\"@id\":\"https:\/\/viqtor.eu\/#organization\"},\"potentialAction\":[{\"@type\":\"SearchAction\",\"target\":{\"@type\":\"EntryPoint\",\"urlTemplate\":\"https:\/\/viqtor.eu\/?s={search_term_string}\"},\"query-input\":{\"@type\":\"PropertyValueSpecification\",\"valueRequired\":true,\"valueName\":\"search_term_string\"}}],\"inLanguage\":\"lv-LV\"},{\"@type\":\"Organization\",\"@id\":\"https:\/\/viqtor.eu\/#organization\",\"name\":\"viqtor.eu\",\"url\":\"https:\/\/viqtor.eu\/\",\"logo\":{\"@type\":\"ImageObject\",\"inLanguage\":\"lv-LV\",\"@id\":\"https:\/\/viqtor.eu\/#\/schema\/logo\/image\/\",\"url\":\"https:\/\/viqtor.eu\/wp-content\/uploads\/2023\/06\/favicon-noir.svg\",\"contentUrl\":\"https:\/\/viqtor.eu\/wp-content\/uploads\/2023\/06\/favicon-noir.svg\",\"width\":108,\"height\":86,\"caption\":\"viqtor.eu\"},\"image\":{\"@id\":\"https:\/\/viqtor.eu\/#\/schema\/logo\/image\/\"}}]}<\/script>\n<!-- \/ Yoast SEO plugin. -->","yoast_head_json":{"title":"Demander une d\u00e9mo - Viqtor","description":"D\u00e9couvrez les solution compl\u00e8te RGPD de Viqtor pour simplifier la conformit\u00e9 de votre TPE, PMI, PME... demander une demo.","robots":{"index":"index","follow":"follow","max-snippet":"max-snippet:-1","max-image-preview":"max-image-preview:large","max-video-preview":"max-video-preview:-1"},"canonical":"https:\/\/viqtor.eu\/lv\/demander-une-demo\/","og_locale":"lv_LV","og_type":"article","og_title":"Demander une d\u00e9mo - Viqtor","og_description":"D\u00e9couvrez les solution compl\u00e8te RGPD de Viqtor pour simplifier la conformit\u00e9 de votre TPE, PMI, PME... demander une demo.","og_url":"https:\/\/viqtor.eu\/lv\/demander-une-demo\/","og_site_name":"Viqtor","article_modified_time":"2025-03-13T14:42:55+00:00","og_image":[{"width":3840,"height":2057,"url":"https:\/\/viqtor.eu\/wp-content\/uploads\/2024\/03\/8095fcb0577627df4f26dd6492cf403b.png","type":"image\/png"}],"twitter_card":"summary_large_image","twitter_misc":{"Est. reading time":"1 min\u016bte"},"schema":{"@context":"https:\/\/schema.org","@graph":[{"@type":"WebPage","@id":"https:\/\/viqtor.eu\/demander-une-demo\/","url":"https:\/\/viqtor.eu\/demander-une-demo\/","name":"Demander une d\u00e9mo - Viqtor","isPartOf":{"@id":"https:\/\/viqtor.eu\/#website"},"primaryImageOfPage":{"@id":"https:\/\/viqtor.eu\/demander-une-demo\/#primaryimage"},"image":{"@id":"https:\/\/viqtor.eu\/demander-une-demo\/#primaryimage"},"thumbnailUrl":"https:\/\/viqtor.eu\/wp-content\/uploads\/2024\/03\/8095fcb0577627df4f26dd6492cf403b-1024x549.png","datePublished":"2024-03-12T10:36:21+00:00","dateModified":"2025-03-13T14:42:55+00:00","description":"D\u00e9couvrez les solution compl\u00e8te RGPD de Viqtor pour simplifier la conformit\u00e9 de votre TPE, PMI, PME... demander une demo.","breadcrumb":{"@id":"https:\/\/viqtor.eu\/demander-une-demo\/#breadcrumb"},"inLanguage":"lv-LV","potentialAction":[{"@type":"ReadAction","target":["https:\/\/viqtor.eu\/demander-une-demo\/"]}]},{"@type":"ImageObject","inLanguage":"lv-LV","@id":"https:\/\/viqtor.eu\/demander-une-demo\/#primaryimage","url":"https:\/\/viqtor.eu\/wp-content\/uploads\/2024\/03\/8095fcb0577627df4f26dd6492cf403b-1024x549.png","contentUrl":"https:\/\/viqtor.eu\/wp-content\/uploads\/2024\/03\/8095fcb0577627df4f26dd6492cf403b-1024x549.png"},{"@type":"BreadcrumbList","@id":"https:\/\/viqtor.eu\/demander-une-demo\/#breadcrumb","itemListElement":[{"@type":"ListItem","position":1,"name":"Accueil","item":"https:\/\/viqtor.eu\/"},{"@type":"ListItem","position":2,"name":"Demander une d\u00e9mo"}]},{"@type":"WebSite","@id":"https:\/\/viqtor.eu\/#website","url":"https:\/\/viqtor.eu\/","name":"Viqtor","description":"Faites du RGPD une opportunit\u00e9 pour votre entreprise.","publisher":{"@id":"https:\/\/viqtor.eu\/#organization"},"potentialAction":[{"@type":"SearchAction","target":{"@type":"EntryPoint","urlTemplate":"https:\/\/viqtor.eu\/?s={search_term_string}"},"query-input":{"@type":"PropertyValueSpecification","valueRequired":true,"valueName":"search_term_string"}}],"inLanguage":"lv-LV"},{"@type":"Organization","@id":"https:\/\/viqtor.eu\/#organization","name":"viqtor.eu","url":"https:\/\/viqtor.eu\/","logo":{"@type":"ImageObject","inLanguage":"lv-LV","@id":"https:\/\/viqtor.eu\/#\/schema\/logo\/image\/","url":"https:\/\/viqtor.eu\/wp-content\/uploads\/2023\/06\/favicon-noir.svg","contentUrl":"https:\/\/viqtor.eu\/wp-content\/uploads\/2023\/06\/favicon-noir.svg","width":108,"height":86,"caption":"viqtor.eu"},"image":{"@id":"https:\/\/viqtor.eu\/#\/schema\/logo\/image\/"}}]}},"_links":{"self":[{"href":"https:\/\/viqtor.eu\/lv\/wp-json\/wp\/v2\/pages\/10519","targetHints":{"allow":["GET"]}}],"collection":[{"href":"https:\/\/viqtor.eu\/lv\/wp-json\/wp\/v2\/pages"}],"about":[{"href":"https:\/\/viqtor.eu\/lv\/wp-json\/wp\/v2\/types\/page"}],"author":[{"embeddable":true,"href":"https:\/\/viqtor.eu\/lv\/wp-json\/wp\/v2\/users\/1"}],"replies":[{"embeddable":true,"href":"https:\/\/viqtor.eu\/lv\/wp-json\/wp\/v2\/comments?post=10519"}],"version-history":[{"count":49,"href":"https:\/\/viqtor.eu\/lv\/wp-json\/wp\/v2\/pages\/10519\/revisions"}],"predecessor-version":[{"id":12833,"href":"https:\/\/viqtor.eu\/lv\/wp-json\/wp\/v2\/pages\/10519\/revisions\/12833"}],"wp:attachment":[{"href":"https:\/\/viqtor.eu\/lv\/wp-json\/wp\/v2\/media?parent=10519"}],"curies":[{"name":"wp","href":"https:\/\/api.w.org\/{rel}","templated":true}]}}