{"id":8661,"date":"2023-07-03T09:34:22","date_gmt":"2023-07-03T09:34:22","guid":{"rendered":"https:\/\/viqtor.eu\/?page_id=8661"},"modified":"2023-08-31T15:33:03","modified_gmt":"2023-08-31T15:33:03","slug":"registre-de-traitement-france","status":"publish","type":"page","link":"https:\/\/viqtor.eu\/lt\/registre-de-traitement-france\/","title":{"rendered":"&#8230; registre de traitement France"},"content":{"rendered":"<div data-elementor-type=\"wp-page\" data-elementor-id=\"8661\" class=\"elementor elementor-8661\" data-elementor-post-type=\"page\">\n\t\t\t\t\t\t<section class=\"elementor-section elementor-top-section elementor-element elementor-element-34b7207 ot-traditional elementor-section-boxed elementor-section-height-default elementor-section-height-default\" data-id=\"34b7207\" data-element_type=\"section\">\n\t\t\t\t\t\t<div class=\"elementor-container elementor-column-gap-default\">\n\t\t\t\t\t<div class=\"elementor-column elementor-col-100 elementor-top-column elementor-element elementor-element-aa25a7f ot-flex-column-vertical\" data-id=\"aa25a7f\" data-element_type=\"column\">\n\t\t\t<div class=\"elementor-widget-wrap elementor-element-populated\">\n\t\t\t\t\t\t<div class=\"elementor-element elementor-element-20a0eab elementor-widget elementor-widget-text-editor\" data-id=\"20a0eab\" data-element_type=\"widget\" data-widget_type=\"text-editor.default\">\n\t\t\t\t<div class=\"elementor-widget-container\">\n\t\t\t\t\t\t\t<h1 style=\"text-align: center;\"><span style=\"color: #000000;\"><strong>\u201eViqtor\u00ae\u201c \u2013 supaprastinkite atitikt\u012f BDAR reikalavimams su m\u016bs\u0173 Pranc\u016bzijos duomen\u0173 tvarkymo registro paslauga<\/strong><\/span><\/h1><p><span style=\"color: #000000;\">Norite u\u017etikrinti, kad j\u016bs\u0173 verslas visi\u0161kai atitikt\u0173 Bendr\u0105j\u012f duomen\u0173 apsaugos reglament\u0105 (BDAR)? Daugiau neie\u0161kokite! M\u016bs\u0173 \u201eViqtor\u00ae\u201c BDAR atitikties platforma si\u016blo i\u0161samias paslaugas. <strong>Pranc\u016bzijos gydymo registras<\/strong> i\u0161sami ir efektyvi duomen\u0173 apsauga, pad\u0117sianti jums \u0161iame svarbiame procese. M\u016bs\u0173 duomen\u0173 apsaugos ekspert\u0173 komanda specializuojasi BDAR reikalavimus atitinkan\u010di\u0173 \u012fra\u0161\u0173 k\u016brime ir tvarkyme. Suprantame, kaip svarbu dokumentuoti vis\u0105 duomen\u0173 tvarkym\u0105 j\u016bs\u0173 organizacijoje, nesvarbu, ar tai susij\u0119 su klient\u0173 duomenimis, darbuotoj\u0173 asmens duomenimis ar bet kokia kita neskelbtina informacija.<\/span><\/p><p><span style=\"color: #000000;\">D\u0117ka m\u016bs\u0173 paslaugos <strong><span style=\"color: #000000;\"><a style=\"color: #000000;\" href=\"https:\/\/viqtor.eu\/lt\/registre-de-traitement\/\">gydymo registras<\/a><\/span> Pranc\u016bzija<\/strong> duomenis, si\u016blome Jums \u0161iuos privalumus:<\/span><\/p>\t\t\t\t\t\t<\/div>\n\t\t\t\t<\/div>\n\t\t\t\t\t<\/div>\n\t\t<\/div>\n\t\t\t\t\t<\/div>\n\t\t<\/section>\n\t\t\t\t<section class=\"elementor-section elementor-top-section elementor-element elementor-element-30e8ba3 ot-traditional elementor-section-boxed elementor-section-height-default elementor-section-height-default\" data-id=\"30e8ba3\" data-element_type=\"section\">\n\t\t\t\t\t\t<div class=\"elementor-container elementor-column-gap-default\">\n\t\t\t\t\t<div class=\"elementor-column elementor-col-100 elementor-top-column elementor-element elementor-element-e72c199 ot-flex-column-vertical\" data-id=\"e72c199\" data-element_type=\"column\">\n\t\t\t<div class=\"elementor-widget-wrap elementor-element-populated\">\n\t\t\t\t\t\t<section class=\"elementor-section elementor-inner-section elementor-element elementor-element-eb9b6ef elementor-section-content-middle ot-traditional elementor-section-boxed elementor-section-height-default elementor-section-height-default\" data-id=\"eb9b6ef\" data-element_type=\"section\">\n\t\t\t\t\t\t<div class=\"elementor-container elementor-column-gap-default\">\n\t\t\t\t\t<div class=\"elementor-column elementor-col-50 elementor-inner-column elementor-element elementor-element-fec129d ot-flex-column-vertical\" data-id=\"fec129d\" data-element_type=\"column\">\n\t\t\t<div class=\"elementor-widget-wrap elementor-element-populated\">\n\t\t\t\t\t\t<div class=\"elementor-element elementor-element-914332b elementor-widget elementor-widget-text-editor\" data-id=\"914332b\" data-element_type=\"widget\" data-widget_type=\"text-editor.default\">\n\t\t\t\t<div class=\"elementor-widget-container\">\n\t\t\t\t\t\t\t<h6><span style=\"color: #000000;\">1. Visi\u0161kas atitikimas: <\/span><\/h6><p><span style=\"color: #000000;\">Padedame jums identifikuoti ir dokumentuoti vis\u0105 duomen\u0173 tvarkym\u0105 j\u016bs\u0173 organizacijoje pagal BDAR reikalavimus. M\u016bs\u0173 grie\u017etas po\u017ei\u016bris u\u017etikrina, kad laikytum\u0117t\u0117s pagrindini\u0173 reglamento princip\u0173, toki\u0173 kaip teis\u0117tumas, skaidrumas ir tikslo apribojimas.<\/span><\/p><h6><span style=\"color: #000000;\">2. Supaprastintas valdymas: <\/span><\/h6><p><span style=\"color: #000000;\">M\u016bs\u0173 patogi naudoti platforma leid\u017eia lengvai centralizuoti ir valdyti vis\u0105 su j\u016bs\u0173 susijusi\u0105 informacij\u0105. <strong><span style=\"color: #000000;\"><a style=\"color: #000000;\" href=\"https:\/\/viqtor.eu\/lt\/registre-de-traitement\/\">gydymo registras<\/a><\/span> Pranc\u016bzija<\/strong>Vos keliais paspaudimais galite prid\u0117ti, redaguoti arba i\u0161trinti \u012fra\u0161us ir bet kuriuo metu generuoti i\u0161samias ataskaitas.<\/span><\/p>\t\t\t\t\t\t<\/div>\n\t\t\t\t<\/div>\n\t\t\t\t\t<\/div>\n\t\t<\/div>\n\t\t\t\t<div class=\"elementor-column elementor-col-50 elementor-inner-column elementor-element elementor-element-96f5aa0 ot-flex-column-vertical\" data-id=\"96f5aa0\" data-element_type=\"column\">\n\t\t\t<div class=\"elementor-widget-wrap elementor-element-populated\">\n\t\t\t\t\t\t<div class=\"elementor-element elementor-element-323deb6 elementor-widget__width-initial elementor-widget elementor-widget-image\" data-id=\"323deb6\" data-element_type=\"widget\" data-widget_type=\"image.default\">\n\t\t\t\t<div class=\"elementor-widget-container\">\n\t\t\t\t\t\t\t\t\t\t\t\t\t<img fetchpriority=\"high\" decoding=\"async\" width=\"1024\" height=\"1024\" src=\"https:\/\/viqtor.eu\/wp-content\/uploads\/2023\/07\/registre-de-traitement-1024x1024.jpg\" class=\"attachment-large size-large wp-image-8675\" alt=\"Registre de traitement RGPD France\" srcset=\"https:\/\/viqtor.eu\/wp-content\/uploads\/2023\/07\/registre-de-traitement-1024x1024.jpg 1024w, https:\/\/viqtor.eu\/wp-content\/uploads\/2023\/07\/registre-de-traitement-300x300.jpg 300w, https:\/\/viqtor.eu\/wp-content\/uploads\/2023\/07\/registre-de-traitement-150x150.jpg 150w, https:\/\/viqtor.eu\/wp-content\/uploads\/2023\/07\/registre-de-traitement-768x768.jpg 768w, https:\/\/viqtor.eu\/wp-content\/uploads\/2023\/07\/registre-de-traitement-1536x1536.jpg 1536w, https:\/\/viqtor.eu\/wp-content\/uploads\/2023\/07\/registre-de-traitement-2048x2048.jpg 2048w, https:\/\/viqtor.eu\/wp-content\/uploads\/2023\/07\/registre-de-traitement-720x720.jpg 720w\" sizes=\"(max-width: 1024px) 100vw, 1024px\" \/>\t\t\t\t\t\t\t\t\t\t\t\t\t<\/div>\n\t\t\t\t<\/div>\n\t\t\t\t\t<\/div>\n\t\t<\/div>\n\t\t\t\t\t<\/div>\n\t\t<\/section>\n\t\t\t\t\t<\/div>\n\t\t<\/div>\n\t\t\t\t\t<\/div>\n\t\t<\/section>\n\t\t\t\t<section class=\"elementor-section elementor-top-section elementor-element elementor-element-aa4b47d elementor-section-content-middle ot-traditional elementor-section-boxed elementor-section-height-default elementor-section-height-default\" data-id=\"aa4b47d\" data-element_type=\"section\">\n\t\t\t\t\t\t\t<div class=\"elementor-background-overlay\"><\/div>\n\t\t\t\t\t\t\t<div class=\"elementor-container elementor-column-gap-extended\">\n\t\t\t\t\t<div class=\"elementor-column elementor-col-50 elementor-top-column elementor-element elementor-element-8243aef elementor-hidden-tablet elementor-hidden-phone ot-column-items-top ot-flex-column-vertical\" data-id=\"8243aef\" data-element_type=\"column\" data-settings=\"{&quot;background_background&quot;:&quot;classic&quot;}\">\n\t\t\t<div class=\"elementor-widget-wrap elementor-element-populated\">\n\t\t\t\t\t\t<div class=\"elementor-element elementor-element-47e8a70 elementor-widget elementor-widget-image\" data-id=\"47e8a70\" data-element_type=\"widget\" data-widget_type=\"image.default\">\n\t\t\t\t<div class=\"elementor-widget-container\">\n\t\t\t\t\t\t\t\t\t\t\t\t\t<img decoding=\"async\" width=\"1024\" height=\"865\" src=\"https:\/\/viqtor.eu\/wp-content\/uploads\/2023\/07\/registre-de-traitement-des-donnees-1024x865.jpg\" class=\"attachment-large size-large wp-image-8676\" alt=\"registre de traitement\" srcset=\"https:\/\/viqtor.eu\/wp-content\/uploads\/2023\/07\/registre-de-traitement-des-donnees-1024x865.jpg 1024w, https:\/\/viqtor.eu\/wp-content\/uploads\/2023\/07\/registre-de-traitement-des-donnees-300x253.jpg 300w, https:\/\/viqtor.eu\/wp-content\/uploads\/2023\/07\/registre-de-traitement-des-donnees-768x649.jpg 768w, https:\/\/viqtor.eu\/wp-content\/uploads\/2023\/07\/registre-de-traitement-des-donnees-1536x1297.jpg 1536w, https:\/\/viqtor.eu\/wp-content\/uploads\/2023\/07\/registre-de-traitement-des-donnees-2048x1729.jpg 2048w, https:\/\/viqtor.eu\/wp-content\/uploads\/2023\/07\/registre-de-traitement-des-donnees-720x608.jpg 720w\" sizes=\"(max-width: 1024px) 100vw, 1024px\" \/>\t\t\t\t\t\t\t\t\t\t\t\t\t<\/div>\n\t\t\t\t<\/div>\n\t\t\t\t\t<\/div>\n\t\t<\/div>\n\t\t\t\t<div class=\"elementor-column elementor-col-50 elementor-top-column elementor-element elementor-element-5e7b92b ot-flex-column-vertical\" data-id=\"5e7b92b\" data-element_type=\"column\">\n\t\t\t<div class=\"elementor-widget-wrap elementor-element-populated\">\n\t\t\t\t\t\t<div class=\"elementor-element elementor-element-72485af elementor-widget__width-initial elementor-widget elementor-widget-text-editor\" data-id=\"72485af\" data-element_type=\"widget\" data-widget_type=\"text-editor.default\">\n\t\t\t\t<div class=\"elementor-widget-container\">\n\t\t\t\t\t\t\t<h6><span style=\"color: #000000;\">3. Poky\u010di\u0173 steb\u0117sena: <\/span><\/h6><p><span style=\"color: #000000;\">BDAR yra nuolat besikei\u010diantis reglamentas, tod\u0117l u\u017etikriname, kad j\u016bs\u0173 \u012fra\u0161ai visada b\u016bt\u0173 atnaujinti. Informuojame jus apie svarbius teis\u0117s akt\u0173 pakeitimus ir naujus duomen\u0173 apsaugos \u012fsipareigojimus, kad gal\u0117tum\u0117te visada j\u0173 laikytis.<\/span><\/p><h6><span style=\"color: #000000;\">4. Konfidencialumas ir saugumas: <\/span><\/h6><p><span style=\"color: #000000;\">Mes labai rimtai \u017ei\u016brime \u012f j\u016bs\u0173 duomen\u0173 privatum\u0105 ir saugum\u0105. M\u016bs\u0173 platforma naudoja pa\u017eangius \u0161ifravimo protokolus ir patikimas apsaugos priemones, kad u\u017etikrint\u0173 saugomos informacijos konfidencialum\u0105.<\/span><\/p><h6>5. Ekspert\u0173 pagalba:<\/h6><p><span style=\"color: #000000;\">M\u016bs\u0173 specialist\u0173 komanda pasiruo\u0161usi atsakyti \u012f visus j\u016bs\u0173 klausimus ir suteikti technin\u0119 bei reguliavimo pagalb\u0105. Esame \u012fsipareigoj\u0119 jus palaikyti visame BDAR atitikties procese ir pad\u0117ti \u012fveikti duomen\u0173 apsaugos i\u0161\u0161\u016bkius.<\/span><\/p>\t\t\t\t\t\t<\/div>\n\t\t\t\t<\/div>\n\t\t\t\t\t<\/div>\n\t\t<\/div>\n\t\t\t\t\t<\/div>\n\t\t<\/section>\n\t\t\t\t<section class=\"elementor-section elementor-top-section elementor-element elementor-element-f46331b elementor-section-content-middle ot-traditional elementor-section-boxed elementor-section-height-default elementor-section-height-default\" data-id=\"f46331b\" data-element_type=\"section\" data-settings=\"{&quot;background_background&quot;:&quot;classic&quot;}\">\n\t\t\t\t\t\t\t<div class=\"elementor-background-overlay\"><\/div>\n\t\t\t\t\t\t\t<div class=\"elementor-container elementor-column-gap-default\">\n\t\t\t\t\t<div class=\"elementor-column elementor-col-100 elementor-top-column elementor-element elementor-element-c1653f8 ot-column-items-center ot-flex-column-vertical\" data-id=\"c1653f8\" data-element_type=\"column\">\n\t\t\t<div class=\"elementor-widget-wrap elementor-element-populated\">\n\t\t\t\t\t\t<div class=\"elementor-element elementor-element-0b99088 elementor-widget__width-initial elementor-widget elementor-widget-iheading\" data-id=\"0b99088\" data-element_type=\"widget\" data-widget_type=\"iheading.default\">\n\t\t\t\t<div class=\"elementor-widget-container\">\n\t\t\t\t\t<div class=\"ot-heading\">\r\n\t        \t            <span>\/\/ SU VIQTOR\u00ae<\/span>\r\n\t        <p class=\"main-heading\">Nerizikuokite laikydamiesi BDAR reikalavim\u0173. Pasitik\u0117kite m\u016bs\u0173 Pranc\u016bzijos duomen\u0173 tvarkymo registro paslauga, kuri u\u017etikrins, kad j\u016bs\u0173 verslas atitikt\u0173 grie\u017e\u010diausius duomen\u0173 apsaugos reikalavimus. Susisiekite su mumis \u0161iandien, kad su\u017einotum\u0117te daugiau ir prad\u0117tum\u0117te savo atitikties kelion\u0119.<\/p>\t    <\/div>\r\n\t    \t\t<\/div>\n\t\t\t\t<\/div>\n\t\t\t\t\t<\/div>\n\t\t<\/div>\n\t\t\t\t\t<\/div>\n\t\t<\/section>\n\t\t\t\t<section class=\"elementor-section elementor-top-section elementor-element elementor-element-c0ca5fe ot-traditional elementor-section-boxed elementor-section-height-default elementor-section-height-default\" data-id=\"c0ca5fe\" data-element_type=\"section\">\n\t\t\t\t\t\t<div class=\"elementor-container elementor-column-gap-default\">\n\t\t\t\t\t<div class=\"elementor-column elementor-col-100 elementor-top-column elementor-element elementor-element-de64556 ot-flex-column-vertical\" data-id=\"de64556\" data-element_type=\"column\">\n\t\t\t<div class=\"elementor-widget-wrap elementor-element-populated\">\n\t\t\t\t\t\t<div class=\"elementor-element elementor-element-31c9ab0 elementor-widget elementor-widget-text-editor\" data-id=\"31c9ab0\" data-element_type=\"widget\" data-widget_type=\"text-editor.default\">\n\t\t\t\t<div class=\"elementor-widget-container\">\n\t\t\t\t\t\t\t<p style=\"text-align: center;\"><a class=\"wp-block-button__link has-vivid-cyan-blue-background-color has-background has-text-align-center wp-element-button\" href=\"https:\/\/app.viqtor.eu\/\" target=\"_blank\" rel=\"noreferrer noopener\">Atraskite Viktor\u0105<span style=\"color: #ffffff;\">\u00ae<\/span><\/a><\/p>\t\t\t\t\t\t<\/div>\n\t\t\t\t<\/div>\n\t\t\t\t\t<\/div>\n\t\t<\/div>\n\t\t\t\t\t<\/div>\n\t\t<\/section>\n\t\t\t\t<\/div>","protected":false},"excerpt":{"rendered":"<p>Viqtor\u00ae\u00a0 \u2013 Simplifiez votre mise en conformit\u00e9 RGPD avec notre service de registre de traitement France Vous souhaitez vous assurer que votre entreprise est pleinement conforme au r\u00e8glement g\u00e9n\u00e9ral sur la protection des donn\u00e9es (RGPD) ? Ne cherchez pas plus loin ! Notre plateforme de mise en conformit\u00e9 RGPD Viqtor\u00ae propose une prestation de registre [&hellip;]<\/p>","protected":false},"author":1,"featured_media":0,"parent":0,"menu_order":0,"comment_status":"closed","ping_status":"closed","template":"","meta":{"_acf_changed":false,"footnotes":""},"class_list":["post-8661","page","type-page","status-publish","hentry"],"acf":[],"yoast_head":"<!-- This site is optimized with the Yoast SEO plugin v23.6 - https:\/\/yoast.com\/wordpress\/plugins\/seo\/ -->\n<title>registre de traitement France - Viqtor<\/title>\n<meta name=\"description\" content=\"Simplifiez votre mise en conformit\u00e9 RGPD avec notre service de registre des traitements France des donn\u00e9es. D\u00e9couvrez la plateforme Viqtor.\" \/>\n<meta name=\"robots\" content=\"index, follow, max-snippet:-1, max-image-preview:large, max-video-preview:-1\" \/>\n<link rel=\"canonical\" href=\"https:\/\/viqtor.eu\/lt\/registre-de-traitement-france\/\" \/>\n<meta property=\"og:locale\" content=\"lt_LT\" \/>\n<meta property=\"og:type\" content=\"article\" \/>\n<meta property=\"og:title\" content=\"registre de traitement France - Viqtor\" \/>\n<meta property=\"og:description\" content=\"Simplifiez votre mise en conformit\u00e9 RGPD avec notre service de registre des traitements France des donn\u00e9es. D\u00e9couvrez la plateforme Viqtor.\" \/>\n<meta property=\"og:url\" content=\"https:\/\/viqtor.eu\/lt\/registre-de-traitement-france\/\" \/>\n<meta property=\"og:site_name\" content=\"Viqtor\" \/>\n<meta property=\"article:modified_time\" content=\"2023-08-31T15:33:03+00:00\" \/>\n<meta property=\"og:image\" content=\"https:\/\/viqtor.eu\/wp-content\/uploads\/2026\/04\/widget-viqtor.png\" \/>\n<meta name=\"twitter:card\" content=\"summary_large_image\" \/>\n<meta name=\"twitter:label1\" content=\"Est. reading time\" \/>\n\t<meta name=\"twitter:data1\" content=\"3 minut\u0117s\" \/>\n<script type=\"application\/ld+json\" class=\"yoast-schema-graph\">{\"@context\":\"https:\/\/schema.org\",\"@graph\":[{\"@type\":\"WebPage\",\"@id\":\"https:\/\/viqtor.eu\/registre-de-traitement-france\/\",\"url\":\"https:\/\/viqtor.eu\/registre-de-traitement-france\/\",\"name\":\"registre de traitement France - Viqtor\",\"isPartOf\":{\"@id\":\"https:\/\/viqtor.eu\/#website\"},\"primaryImageOfPage\":{\"@id\":\"https:\/\/viqtor.eu\/registre-de-traitement-france\/#primaryimage\"},\"image\":{\"@id\":\"https:\/\/viqtor.eu\/registre-de-traitement-france\/#primaryimage\"},\"thumbnailUrl\":\"https:\/\/viqtor.eu\/wp-content\/uploads\/2023\/07\/registre-de-traitement-1024x1024.jpg\",\"datePublished\":\"2023-07-03T09:34:22+00:00\",\"dateModified\":\"2023-08-31T15:33:03+00:00\",\"description\":\"Simplifiez votre mise en conformit\u00e9 RGPD avec notre service de registre des traitements France des donn\u00e9es. D\u00e9couvrez la plateforme Viqtor.\",\"breadcrumb\":{\"@id\":\"https:\/\/viqtor.eu\/registre-de-traitement-france\/#breadcrumb\"},\"inLanguage\":\"lt-LT\",\"potentialAction\":[{\"@type\":\"ReadAction\",\"target\":[\"https:\/\/viqtor.eu\/registre-de-traitement-france\/\"]}]},{\"@type\":\"ImageObject\",\"inLanguage\":\"lt-LT\",\"@id\":\"https:\/\/viqtor.eu\/registre-de-traitement-france\/#primaryimage\",\"url\":\"https:\/\/viqtor.eu\/wp-content\/uploads\/2023\/07\/registre-de-traitement-1024x1024.jpg\",\"contentUrl\":\"https:\/\/viqtor.eu\/wp-content\/uploads\/2023\/07\/registre-de-traitement-1024x1024.jpg\"},{\"@type\":\"BreadcrumbList\",\"@id\":\"https:\/\/viqtor.eu\/registre-de-traitement-france\/#breadcrumb\",\"itemListElement\":[{\"@type\":\"ListItem\",\"position\":1,\"name\":\"Accueil\",\"item\":\"https:\/\/viqtor.eu\/\"},{\"@type\":\"ListItem\",\"position\":2,\"name\":\"&#8230; registre de traitement France\"}]},{\"@type\":\"WebSite\",\"@id\":\"https:\/\/viqtor.eu\/#website\",\"url\":\"https:\/\/viqtor.eu\/\",\"name\":\"Viqtor\",\"description\":\"Faites du RGPD une opportunit\u00e9 pour votre entreprise.\",\"publisher\":{\"@id\":\"https:\/\/viqtor.eu\/#organization\"},\"potentialAction\":[{\"@type\":\"SearchAction\",\"target\":{\"@type\":\"EntryPoint\",\"urlTemplate\":\"https:\/\/viqtor.eu\/?s={search_term_string}\"},\"query-input\":{\"@type\":\"PropertyValueSpecification\",\"valueRequired\":true,\"valueName\":\"search_term_string\"}}],\"inLanguage\":\"lt-LT\"},{\"@type\":\"Organization\",\"@id\":\"https:\/\/viqtor.eu\/#organization\",\"name\":\"viqtor.eu\",\"url\":\"https:\/\/viqtor.eu\/\",\"logo\":{\"@type\":\"ImageObject\",\"inLanguage\":\"lt-LT\",\"@id\":\"https:\/\/viqtor.eu\/#\/schema\/logo\/image\/\",\"url\":\"https:\/\/viqtor.eu\/wp-content\/uploads\/2023\/06\/favicon-noir.svg\",\"contentUrl\":\"https:\/\/viqtor.eu\/wp-content\/uploads\/2023\/06\/favicon-noir.svg\",\"width\":108,\"height\":86,\"caption\":\"viqtor.eu\"},\"image\":{\"@id\":\"https:\/\/viqtor.eu\/#\/schema\/logo\/image\/\"}}]}<\/script>\n<!-- \/ Yoast SEO plugin. -->","yoast_head_json":{"title":"registre de traitement France - Viqtor","description":"Simplifiez votre mise en conformit\u00e9 RGPD avec notre service de registre des traitements France des donn\u00e9es. D\u00e9couvrez la plateforme Viqtor.","robots":{"index":"index","follow":"follow","max-snippet":"max-snippet:-1","max-image-preview":"max-image-preview:large","max-video-preview":"max-video-preview:-1"},"canonical":"https:\/\/viqtor.eu\/lt\/registre-de-traitement-france\/","og_locale":"lt_LT","og_type":"article","og_title":"registre de traitement France - Viqtor","og_description":"Simplifiez votre mise en conformit\u00e9 RGPD avec notre service de registre des traitements France des donn\u00e9es. D\u00e9couvrez la plateforme Viqtor.","og_url":"https:\/\/viqtor.eu\/lt\/registre-de-traitement-france\/","og_site_name":"Viqtor","article_modified_time":"2023-08-31T15:33:03+00:00","og_image":[{"url":"https:\/\/viqtor.eu\/wp-content\/uploads\/2026\/04\/widget-viqtor.png"}],"twitter_card":"summary_large_image","twitter_misc":{"Est. reading time":"3 minut\u0117s"},"schema":{"@context":"https:\/\/schema.org","@graph":[{"@type":"WebPage","@id":"https:\/\/viqtor.eu\/registre-de-traitement-france\/","url":"https:\/\/viqtor.eu\/registre-de-traitement-france\/","name":"registre de traitement France - Viqtor","isPartOf":{"@id":"https:\/\/viqtor.eu\/#website"},"primaryImageOfPage":{"@id":"https:\/\/viqtor.eu\/registre-de-traitement-france\/#primaryimage"},"image":{"@id":"https:\/\/viqtor.eu\/registre-de-traitement-france\/#primaryimage"},"thumbnailUrl":"https:\/\/viqtor.eu\/wp-content\/uploads\/2023\/07\/registre-de-traitement-1024x1024.jpg","datePublished":"2023-07-03T09:34:22+00:00","dateModified":"2023-08-31T15:33:03+00:00","description":"Simplifiez votre mise en conformit\u00e9 RGPD avec notre service de registre des traitements France des donn\u00e9es. D\u00e9couvrez la plateforme Viqtor.","breadcrumb":{"@id":"https:\/\/viqtor.eu\/registre-de-traitement-france\/#breadcrumb"},"inLanguage":"lt-LT","potentialAction":[{"@type":"ReadAction","target":["https:\/\/viqtor.eu\/registre-de-traitement-france\/"]}]},{"@type":"ImageObject","inLanguage":"lt-LT","@id":"https:\/\/viqtor.eu\/registre-de-traitement-france\/#primaryimage","url":"https:\/\/viqtor.eu\/wp-content\/uploads\/2023\/07\/registre-de-traitement-1024x1024.jpg","contentUrl":"https:\/\/viqtor.eu\/wp-content\/uploads\/2023\/07\/registre-de-traitement-1024x1024.jpg"},{"@type":"BreadcrumbList","@id":"https:\/\/viqtor.eu\/registre-de-traitement-france\/#breadcrumb","itemListElement":[{"@type":"ListItem","position":1,"name":"Accueil","item":"https:\/\/viqtor.eu\/"},{"@type":"ListItem","position":2,"name":"&#8230; registre de traitement France"}]},{"@type":"WebSite","@id":"https:\/\/viqtor.eu\/#website","url":"https:\/\/viqtor.eu\/","name":"Viqtor","description":"Faites du RGPD une opportunit\u00e9 pour votre entreprise.","publisher":{"@id":"https:\/\/viqtor.eu\/#organization"},"potentialAction":[{"@type":"SearchAction","target":{"@type":"EntryPoint","urlTemplate":"https:\/\/viqtor.eu\/?s={search_term_string}"},"query-input":{"@type":"PropertyValueSpecification","valueRequired":true,"valueName":"search_term_string"}}],"inLanguage":"lt-LT"},{"@type":"Organization","@id":"https:\/\/viqtor.eu\/#organization","name":"viqtor.eu","url":"https:\/\/viqtor.eu\/","logo":{"@type":"ImageObject","inLanguage":"lt-LT","@id":"https:\/\/viqtor.eu\/#\/schema\/logo\/image\/","url":"https:\/\/viqtor.eu\/wp-content\/uploads\/2023\/06\/favicon-noir.svg","contentUrl":"https:\/\/viqtor.eu\/wp-content\/uploads\/2023\/06\/favicon-noir.svg","width":108,"height":86,"caption":"viqtor.eu"},"image":{"@id":"https:\/\/viqtor.eu\/#\/schema\/logo\/image\/"}}]}},"_links":{"self":[{"href":"https:\/\/viqtor.eu\/lt\/wp-json\/wp\/v2\/pages\/8661","targetHints":{"allow":["GET"]}}],"collection":[{"href":"https:\/\/viqtor.eu\/lt\/wp-json\/wp\/v2\/pages"}],"about":[{"href":"https:\/\/viqtor.eu\/lt\/wp-json\/wp\/v2\/types\/page"}],"author":[{"embeddable":true,"href":"https:\/\/viqtor.eu\/lt\/wp-json\/wp\/v2\/users\/1"}],"replies":[{"embeddable":true,"href":"https:\/\/viqtor.eu\/lt\/wp-json\/wp\/v2\/comments?post=8661"}],"version-history":[{"count":16,"href":"https:\/\/viqtor.eu\/lt\/wp-json\/wp\/v2\/pages\/8661\/revisions"}],"predecessor-version":[{"id":9576,"href":"https:\/\/viqtor.eu\/lt\/wp-json\/wp\/v2\/pages\/8661\/revisions\/9576"}],"wp:attachment":[{"href":"https:\/\/viqtor.eu\/lt\/wp-json\/wp\/v2\/media?parent=8661"}],"curies":[{"name":"wp","href":"https:\/\/api.w.org\/{rel}","templated":true}]}}