{"id":6522,"date":"2023-05-10T15:50:27","date_gmt":"2023-05-10T15:50:27","guid":{"rendered":"https:\/\/viqtor.eu\/?page_id=6522"},"modified":"2023-07-24T10:19:18","modified_gmt":"2023-07-24T10:19:18","slug":"mentions-legales","status":"publish","type":"page","link":"https:\/\/viqtor.eu\/lt\/mentions-legales\/","title":{"rendered":"Teisiniai prane\u0161imai"},"content":{"rendered":"<div data-elementor-type=\"wp-page\" data-elementor-id=\"6522\" class=\"elementor elementor-6522\" data-elementor-post-type=\"page\">\n\t\t\t\t\t\t<section class=\"elementor-section elementor-top-section elementor-element elementor-element-747390f0 ot-traditional elementor-section-boxed elementor-section-height-default elementor-section-height-default\" data-id=\"747390f0\" data-element_type=\"section\">\n\t\t\t\t\t\t<div class=\"elementor-container elementor-column-gap-default\">\n\t\t\t\t\t<div class=\"elementor-column elementor-col-100 elementor-top-column elementor-element elementor-element-2fbcdc64 ot-flex-column-vertical\" data-id=\"2fbcdc64\" data-element_type=\"column\">\n\t\t\t<div class=\"elementor-widget-wrap elementor-element-populated\">\n\t\t\t\t\t\t<div class=\"elementor-element elementor-element-69294830 elementor-widget elementor-widget-text-editor\" data-id=\"69294830\" data-element_type=\"widget\" data-widget_type=\"text-editor.default\">\n\t\t\t\t<div class=\"elementor-widget-container\">\n\t\t\t\t\t\t\t<!-- wp:paragraph -->\n<p><\/p>\n<!-- \/wp:paragraph -->\n\n<!-- wp:list {\"ordered\":true} -->\n<ol><!-- wp:list-item -->\n<li><strong>SVETAIN\u0116S PRISTATYMAS.<\/strong><\/li>\n<!-- \/wp:list-item --><\/ol>\n<!-- \/wp:list -->\n\n<!-- wp:paragraph -->\n<p>Pagal 2004 m. bir\u017eelio 21 d. \u012fstatymo Nr. 2004-575 d\u0117l pasitik\u0117jimo skaitmenine ekonomika 6 straipsn\u012f, svetain\u0117s https:\/\/viqtor.eu naudotojams prane\u0161ama apie \u012fvairi\u0173 \u0161ali\u0173, dalyvavusi\u0173 jos k\u016brime ir steb\u0117senoje, tapatyb\u0119:<\/p>\n<!-- \/wp:paragraph -->\n\n<!-- wp:paragraph -->\n<p>Savininkas: DBWO<\/p>\n<!-- \/wp:paragraph -->\n\n<!-- wp:paragraph -->\n<p>K\u016br\u0117jas: ACTIVATION \/ VENISE HBA, SAS su 37 000 \u20ac kapitalu RCS NANTERRE 350 130 019, 37\/41 rue Fernand PELLOUTIER \u2013 92100 BOULOGNE-BILLANCOURT<\/p>\n<!-- \/wp:paragraph -->\n\n<!-- wp:paragraph -->\n<p>Leidinio vadovas: Bruno Dumay<\/p>\n<!-- \/wp:paragraph -->\n\n<!-- wp:paragraph -->\n<p>Reng\u0117jas: OVH SAS, kurio kapitalas yra 10 069 020 \u20ac \u2013 RCS Lille M\u00e9tropole 424 761 419 00045, 2 rue Kellermann \u2013 59100 Roubaix<\/p>\n<!-- \/wp:paragraph -->\n\n<!-- wp:list {\"ordered\":true,\"start\":2} -->\n<ol start=\"2\"><!-- wp:list-item -->\n<li><strong>BENDROSIOS SVETAIN\u0116S IR SI\u016aLOM\u0172 PASLAUG\u0172 NAUDOJIMO S\u0104LYGOS.<\/strong><\/li>\n<!-- \/wp:list-item --><\/ol>\n<!-- \/wp:list -->\n\n<!-- wp:paragraph -->\n<p>Svetain\u0117s https:\/\/viqtor.eu naudojimas rei\u0161kia visi\u0161k\u0105 sutikim\u0105 su toliau apra\u0161ytomis bendrosiomis naudojimo s\u0105lygomis. \u0160ios naudojimo s\u0105lygos gali b\u016bti bet kada kei\u010diamos arba papildomos.<\/p>\n<!-- \/wp:paragraph -->\n\n<!-- wp:paragraph -->\n<p>\u0160i svetain\u0117 paprastai yra prieinama vartotojams bet kuriuo metu. Ta\u010diau DBWO gali nuspr\u0119sti nutraukti svetain\u0117s veikim\u0105 d\u0117l technini\u0173 prie\u017ei\u016bros prie\u017eas\u010di\u0173 ir stengsis i\u0161 anksto informuoti vartotojus apie intervencijos dat\u0105 ir laik\u0105.<\/p>\n<!-- \/wp:paragraph -->\n\n<!-- wp:paragraph -->\n<p>Svetain\u0119 https:\/\/viqtor.eu reguliariai atnaujina DBWO. Taip pat teisiniai prane\u0161imai gali b\u016bti bet kada kei\u010diami; ta\u010diau jie yra privalomi vartotojui, tod\u0117l raginama juos kuo da\u017eniau per\u017ei\u016br\u0117ti, kad su jais susipa\u017eint\u0173.<\/p>\n<!-- \/wp:paragraph -->\n\n<!-- wp:list {\"ordered\":true,\"start\":3} -->\n<ol start=\"3\"><!-- wp:list-item -->\n<li><strong>TEIKIAM\u0172 PASLAUG\u0172 APRA\u0160YMAS.<\/strong><\/li>\n<!-- \/wp:list-item --><\/ol>\n<!-- \/wp:list -->\n\n<!-- wp:paragraph -->\n<p>Svetain\u0117s https:\/\/viqtor.eu tikslas \u2013 teikti informacij\u0105 apie vis\u0105 \u012fmon\u0117s veikl\u0105.<\/p>\n<!-- \/wp:paragraph -->\n\n<!-- wp:paragraph -->\n<p>DBWO siekia pateikti kuo tikslesn\u0119 informacij\u0105 svetain\u0117je https:\/\/viqtor.eu. Ta\u010diau ji neatsako u\u017e praleidimus, netikslumus ar atnaujinimo tr\u016bkumus, nesvarbu, ar tai suk\u0117l\u0117 ji pati, ar tre\u010diosios \u0161alys partneriai, teikiantys \u0161i\u0105 informacij\u0105.<\/p>\n<!-- \/wp:paragraph -->\n\n<!-- wp:paragraph -->\n<p>Visa informacija, pateikta svetain\u0117je https:\/\/viqtor.eu, pateikiama tik informaciniais tikslais ir gali b\u016bti kei\u010diama. Be to, svetain\u0117je https:\/\/viqtor.eu pateikta informacija n\u0117ra i\u0161sami. Ji gali b\u016bti pakeista nuo jos paskelbimo internete.<\/p>\n<!-- \/wp:paragraph -->\n\n<!-- wp:list {\"ordered\":true,\"start\":4} -->\n<ol start=\"4\"><!-- wp:list-item -->\n<li><strong>SUTARTINIAI TECHNINI\u0172 DUOMEN\u0172 APRIBOJIMAI.<\/strong><\/li>\n<!-- \/wp:list-item --><\/ol>\n<!-- \/wp:list -->\n\n<!-- wp:paragraph -->\n<p>Svetain\u0117je naudojama technologija: HTML\/CSS\/MsQL<\/p>\n<!-- \/wp:paragraph -->\n\n<!-- wp:paragraph -->\n<p>Svetain\u0117 neatsako u\u017e materialin\u0119 \u017eal\u0105, susijusi\u0105 su svetain\u0117s naudojimu. Be to, svetain\u0117s naudotojas sutinka prisijungti prie svetain\u0117s naudodamas naujausi\u0105 \u012frang\u0105 be virus\u0173 ir atnaujint\u0105 naujausios kartos nar\u0161ykl\u0119.<\/p>\n<!-- \/wp:paragraph -->\n\n<!-- wp:list {\"ordered\":true,\"start\":5} -->\n<ol start=\"5\"><!-- wp:list-item -->\n<li><strong>INTELEKTIN\u0116 NUOSAVYB\u0116 IR KLASTOJIMAS.<\/strong><\/li>\n<!-- \/wp:list-item --><\/ol>\n<!-- \/wp:list -->\n\n<!-- wp:paragraph -->\n<p>DBWO priklauso intelektin\u0117s nuosavyb\u0117s teis\u0117s arba naudojimo teis\u0117s \u012f visus svetain\u0117je prieinamus elementus, ypa\u010d tekstus, vaizdus, grafik\u0105, logotipus, piktogramas, garsus, programin\u0119 \u012frang\u0105.<\/p>\n<!-- \/wp:paragraph -->\n\n<!-- wp:paragraph -->\n<p>Draud\u017eiama bet kokia vis\u0173 ar dalies svetain\u0117s element\u0173 atgaminimas, pateikimas, modifikavimas, publikavimas, pritaikymas, kad ir kokios b\u016bt\u0173 naudojamos priemon\u0117s ar procesas, i\u0161skyrus atvejus, kai yra gautas i\u0161ankstinis ra\u0161ti\u0161kas DBWO leidimas.<\/p>\n<!-- \/wp:paragraph -->\n\n<!-- wp:paragraph -->\n<p>Bet koks neteis\u0117tas svetain\u0117s ar bet kuri\u0173 jos element\u0173 naudojimas bus laikomas pa\u017eeidimu ir bus patrauktas baud\u017eiamojon atsakomyb\u0117n pagal Intelektin\u0117s nuosavyb\u0117s kodekso L.335-2 ir tolesni\u0173 straipsni\u0173 nuostatas.<\/p>\n<!-- \/wp:paragraph -->\n\n<!-- wp:list {\"ordered\":true,\"start\":6} -->\n<ol start=\"6\"><!-- wp:list-item -->\n<li><strong>ATSAKOMYB\u0116S APRIBOJIMAI.<\/strong><\/li>\n<!-- \/wp:list-item --><\/ol>\n<!-- \/wp:list -->\n\n<!-- wp:paragraph -->\n<p>DBWO neatsako u\u017e tiesiogin\u0119 ar netiesiogin\u0119 \u017eal\u0105, padaryt\u0105 naudotojo \u012frangai prisijungiant prie svetain\u0117s, atsiradusi\u0105 d\u0117l \u012frangos, neatitinkan\u010dios 4 punkte nurodyt\u0173 specifikacij\u0173, naudojimo arba d\u0117l klaidos ar nesuderinamumo atsiradimo.<\/p>\n<!-- \/wp:paragraph -->\n\n<!-- wp:paragraph -->\n<p>DBWO negali b\u016bti laikoma atsakinga u\u017e netiesiogin\u0119 \u017eal\u0105 (pvz., rinkos praradim\u0105 ar galimybi\u0173 praradim\u0105), atsiradusi\u0105 d\u0117l svetain\u0117s www.dbwo.legal naudojimo.<\/p>\n<!-- \/wp:paragraph -->\n\n<!-- wp:paragraph -->\n<p>Vartotojams prieinamos interaktyvios erdv\u0117s (galimyb\u0117 u\u017eduoti klausimus kontakt\u0173 srityje). DBWO pasilieka teis\u0119 be i\u0161ankstinio \u012fsp\u0117jimo i\u0161trinti bet kok\u012f \u0161ioje erdv\u0117je paskelbt\u0105 turin\u012f, kuris pa\u017eeid\u017eia Pranc\u016bzijoje galiojan\u010dius teis\u0117s aktus, ypa\u010d duomen\u0173 apsaugos nuostatas. Prireikus DBWO taip pat pasilieka teis\u0119 patraukti vartotoj\u0105 civiline ir (arba) baud\u017eiam\u0105ja atsakomybe, ypa\u010d rasistinio, \u012f\u017eeid\u017eian\u010dio, \u0161mei\u017eiki\u0161ko ar pornografinio pob\u016bd\u017eio prane\u0161im\u0173 atveju, nepriklausomai nuo naudojamos terp\u0117s (tekstas, fotografija ir kt.).<\/p>\n<!-- \/wp:paragraph -->\n\n<!-- wp:list {\"ordered\":true,\"start\":7} -->\n<ol start=\"7\"><!-- wp:list-item -->\n<li><strong>ASMENINI\u0172 DUOMEN\u0172 TVARKYMAS.<\/strong><\/li>\n<!-- \/wp:list-item --><\/ol>\n<!-- \/wp:list -->\n\n<!-- wp:paragraph -->\n<p>Pranc\u016bzijoje asmens duomenis vis\u0173 pirma saugo 1978 m. sausio 6 d. \u012fstatymas Nr. 78-87, 2004 m. rugpj\u016b\u010dio 6 d. \u012fstatymas Nr. 2004-801, Baud\u017eiamojo kodekso L. 226-13 straipsnis, Reglamentas d\u0117l asmen\u0173 apsaugos tvarkant asmens duomenis ir d\u0117l laisvo toki\u0173 duomen\u0173 jud\u0117jimo, kuriuo panaikinama Direktyva 95\/46\/EB (Bendrasis duomen\u0173 apsaugos reglamentas), ir 2018 m. bir\u017eelio 20 d. \u012fstatymas Nr. 2018-493 d\u0117l asmens duomen\u0173 apsaugos.<\/p>\n<!-- \/wp:paragraph -->\n\n<!-- wp:paragraph -->\n<p>Naudojantis svetaine https:\/\/viqtor.eu, gali b\u016bti renkami \u0161ie duomenys: nuorod\u0173, per kurias vartotojas pateko \u012f svetain\u0119 https:\/\/viqtor.eu, URL adresas, vartotojo prieigos teik\u0117jas, vartotojo interneto protokolo (IP) adresas.<\/p>\n<!-- \/wp:paragraph -->\n\n<!-- wp:paragraph -->\n<p>Bet kuriuo atveju, DBWO renka asmenin\u0119 informacij\u0105 apie naudotoj\u0105 tik tam tikroms svetain\u0117s https:\/\/viqtor.eu si\u016blomoms paslaugoms teikti. Naudotojas pateikia \u0161i\u0105 informacij\u0105 visi\u0161kai \u017einodamas apie faktus, ypa\u010d kai j\u0105 \u012fveda pats. Tuomet svetain\u0117s https:\/\/viqtor.eu naudotojas informuojamas, ar jam privaloma pateikti \u0161i\u0105 informacij\u0105.<\/p>\n<!-- \/wp:paragraph -->\n\n<!-- wp:paragraph -->\n<p>Pagal 1978 m. sausio 6 d. \u012fstatymo Nr. 78-17 d\u0117l informacini\u0173 technologij\u0173, byl\u0173 ir laisvi\u0173 38 ir tolesni\u0173 straipsni\u0173 nuostatas kiekvienas naudotojas turi teis\u0119 susipa\u017einti su savo asmens duomenimis, juos i\u0161taisyti ir nesutikti su j\u0173 tvarkymu, pateikdamas ra\u0161ytin\u012f ir pasira\u0161yt\u0105 pra\u0161ym\u0105 kartu su dokumento tur\u0117tojo pasira\u0161ytu asmens tapatyb\u0117s dokumento kopija ir nurodydamas adres\u0105, kuriuo reikia si\u0173sti atsakym\u0105.<\/p>\n<!-- \/wp:paragraph -->\n\n<!-- wp:paragraph -->\n<p>Jokia svetain\u0117s https:\/\/viqtor.eu naudotojo asmenin\u0117 informacija n\u0117ra skelbiama be naudotojo \u017einios, ja nekei\u010diama, neperduodama, nepriskiriama ar parduodama jokia laikmena tre\u010diosioms \u0161alims.<\/p>\n<!-- \/wp:paragraph -->\n\n<!-- wp:paragraph -->\n<p>Duomen\u0173 baz\u0117ms taikomos 1998 m. liepos 1 d. \u012fstatymo, kuriuo \u012f nacionalin\u0119 teis\u0119 perkelta 1996 m. kovo 11 d. Direktyva 96\/9 d\u0117l duomen\u0173 bazi\u0173 teisin\u0117s apsaugos, nuostatos.<\/p>\n<!-- \/wp:paragraph -->\n\n<!-- wp:list {\"ordered\":true,\"start\":8} -->\n<ol start=\"8\"><!-- wp:list-item -->\n<li><strong>HIPERTEKSTO NUORODOS IR SLAPUKAI.<\/strong><\/li>\n<!-- \/wp:list-item --><\/ol>\n<!-- \/wp:list -->\n\n<!-- wp:paragraph -->\n<p>Svetain\u0117je https:\/\/viqtor.eu yra keletas nuorod\u0173 \u012f kitas svetaines, sukurt\u0173 gavus DBWO leidim\u0105. Ta\u010diau DBWO negali patikrinti aplankyt\u0173 svetaini\u0173 turinio ir tod\u0117l neprisiima jokios atsakomyb\u0117s u\u017e j\u012f.<\/p>\n<!-- \/wp:paragraph -->\n\n<!-- wp:paragraph -->\n<p>Nar\u0161ant svetain\u0117je https:\/\/viqtor.eu, vartotojo kompiuteryje gali b\u016bti \u012fdiegtas (-i) slapukas (-ai). Slapukas yra ma\u017eas failas, kuris neleid\u017eia identifikuoti vartotojo, ta\u010diau kuriame \u012fra\u0161oma informacija apie kompiuterio nar\u0161ym\u0105 svetain\u0117je. Gauti duomenys skirti palengvinti v\u0117lesn\u012f nar\u0161ym\u0105 svetain\u0117je ir atlikti \u012fvairius srauto matavimus.<\/p>\n<!-- \/wp:paragraph -->\n\n<!-- wp:paragraph -->\n<p>Atsisakymas \u012fdiegti slapuk\u0105 gali neleisti naudotis tam tikromis paslaugomis. Ta\u010diau vartotojas gali sukonfig\u016bruoti savo kompiuter\u012f taip, kad jis atsisakyt\u0173 slapuk\u0173 diegimo:<\/p>\n<!-- \/wp:paragraph -->\n\n<!-- wp:paragraph -->\n<p>\u201eInternet Explorer\u201c nar\u0161ykl\u0117je: \u012franki\u0173 skirtukas (krumpliara\u010dio piktograma vir\u0161utiniame de\u0161iniajame kampe) \/ interneto parinktys.<\/p>\n<!-- \/wp:paragraph -->\n\n<!-- wp:paragraph -->\n<p>Spustel\u0117kite \u201ePrivatumas\u201c ir pasirinkite \u201eBlokuoti visus slapukus\u201c. Patvirtinkite paspausdami \u201eGerai\u201c.<\/p>\n<!-- \/wp:paragraph -->\n\n<!-- wp:paragraph -->\n<p>\u201eFirefox\u201c nar\u0161ykl\u0117je: nar\u0161ykl\u0117s lango vir\u0161uje spustel\u0117kite \u201eFirefox\u201c mygtuk\u0105, tada eikite \u012f skirtuk\u0105 \u201eParinktys\u201c. Spustel\u0117kite skirtuk\u0105 \u201ePrivatumas\u201c.<\/p>\n<!-- \/wp:paragraph -->\n\n<!-- wp:paragraph -->\n<p>Nustatykite saugojimo taisykles \u012f: Naudoti pasirinktinius istorijos nustatymus. Galiausiai panaikinkite \u017eym\u0117jim\u0105, kad i\u0161jungtum\u0117te slapukus.<\/p>\n<!-- \/wp:paragraph -->\n\n<!-- wp:paragraph -->\n<p>\u201eSafari\u201c nar\u0161ykl\u0117je: spustel\u0117kite meniu piktogram\u0105 (simbolizuojam\u0105 krumpliara\u010dio), esan\u010di\u0105 vir\u0161utiniame de\u0161iniajame nar\u0161ykl\u0117s kampe. Pasirinkite \u201eNustatymai\u201c. Spustel\u0117kite \u201eRodyti i\u0161pl\u0117stinius nustatymus\u201c. Skiltyje \u201ePrivatumas\u201c spustel\u0117kite \u201eTurinio nustatymai\u201c. Skiltyje \u201eSlapukai\u201c galite blokuoti slapukus.<\/p>\n<!-- \/wp:paragraph -->\n\n<!-- wp:paragraph -->\n<p>\u201eChrome\u201c nar\u0161ykl\u0117je: spustel\u0117kite meniu piktogram\u0105 (simbolizuojam\u0105 trimis horizontaliomis linijomis) vir\u0161utiniame de\u0161iniajame nar\u0161ykl\u0117s kampe. Pasirinkite \u201eNustatymai\u201c. Spustel\u0117kite \u201eRodyti i\u0161pl\u0117stinius nustatymus\u201c.<\/p>\n<!-- \/wp:paragraph -->\n\n<!-- wp:paragraph -->\n<p>Skiltyje \u201ePrivatumas\u201c spustel\u0117kite \u201eNuostatos\u201c. Skirtuke \u201ePrivatumas\u201c galite blokuoti slapukus.<\/p>\n<!-- \/wp:paragraph -->\n\n<!-- wp:list {\"ordered\":true,\"start\":9} -->\n<ol start=\"9\"><!-- wp:list-item -->\n<li><strong>TAIKYTINA TEIS\u0116 IR JURISDIKCIJA.<\/strong><\/li>\n<!-- \/wp:list-item --><\/ol>\n<!-- \/wp:list -->\n\n<!-- wp:paragraph -->\n<p>Bet kokie gin\u010dai, susij\u0119 su svetain\u0117s https:\/\/viqtor.eu naudojimu, sprend\u017eiami pagal Pranc\u016bzijos \u012fstatymus. Gin\u010do su specialistu atveju i\u0161imtin\u0119 jurisdikcij\u0105 turi bendrosios kompetencijos teismai ir Angulemo teismai.<\/p>\n<!-- \/wp:paragraph -->\n\n<!-- wp:list {\"ordered\":true,\"start\":10} -->\n<ol start=\"10\"><!-- wp:list-item -->\n<li><strong>PAGRINDINIAI ATITINKAMIEJI \u012eSTATYMAI.<\/strong><\/li>\n<!-- \/wp:list-item --><\/ol>\n<!-- \/wp:list -->\n\n<!-- wp:paragraph -->\n<p>Reglamentas d\u0117l fizini\u0173 asmen\u0173 apsaugos tvarkant asmens duomenis ir d\u0117l laisvo toki\u0173 duomen\u0173 jud\u0117jimo, kuriuo panaikinama Direktyva 95\/46\/EB (Bendrasis duomen\u0173 apsaugos reglamentas)<\/p>\n<!-- \/wp:paragraph -->\n\n<!-- wp:paragraph -->\n<p>2018 m. bir\u017eelio 20 d. \u012eSTATYMAS Nr. 2018-493 d\u0117l asmens duomen\u0173 apsaugos<\/p>\n<!-- \/wp:paragraph -->\n\n<!-- wp:paragraph -->\n<p>1978 m. sausio 6 d. \u012fstatymas Nr. 78-87, i\u0161 dalies pakeistas 2004 m. rugpj\u016b\u010dio 6 d. \u012fstatymu Nr. 2004-801 d\u0117l informacini\u0173 technologij\u0173, byl\u0173 ir laisvi\u0173.<\/p>\n<!-- \/wp:paragraph -->\n\n<!-- wp:paragraph -->\n<p>2004 m. bir\u017eelio 21 d. \u012estatymas Nr. 2004-575 d\u0117l pasitik\u0117jimo skaitmenine ekonomika.<\/p>\n<!-- \/wp:paragraph -->\n\n<!-- wp:list {\"ordered\":true,\"start\":11} -->\n<ol start=\"11\"><!-- wp:list-item -->\n<li><strong>LEKSIKONAS.<\/strong><\/li>\n<!-- \/wp:list-item --><\/ol>\n<!-- \/wp:list -->\n\n<!-- wp:paragraph -->\n<p>Vartotojas: interneto vartotojas, jungiantis prie min\u0117tos svetain\u0117s ir ja besinaudojantis.<\/p>\n<!-- \/wp:paragraph -->\n\n<!-- wp:paragraph -->\n<p>Asmenin\u0117 informacija: \u201einformacija, kuri bet kokia forma, tiesiogiai ar netiesiogiai leid\u017eia nustatyti fizini\u0173 asmen\u0173, kuriems ji taikoma, tapatyb\u0119\u201c (1978 m. sausio 6 d. \u012fstatymo Nr. 78-17 4 straipsnis)<\/p>\n<!-- \/wp:paragraph -->\n\n<!-- wp:paragraph -->\n<p><\/p>\n<!-- \/wp:paragraph -->\t\t\t\t\t\t<\/div>\n\t\t\t\t<\/div>\n\t\t\t\t\t<\/div>\n\t\t<\/div>\n\t\t\t\t\t<\/div>\n\t\t<\/section>\n\t\t\t\t<\/div>","protected":false},"excerpt":{"rendered":"<p>En vertu de l\u2019article 6 de la loi n\u00b0 2004-575 du 21 juin 2004 pour la confiance dans l\u2019\u00e9conomie num\u00e9rique, il est pr\u00e9cis\u00e9 aux utilisateurs du site https:\/\/viqtor.eu l\u2019identit\u00e9 des diff\u00e9rents intervenants dans le cadre de sa r\u00e9alisation et de son suivi : Propri\u00e9taire : DBWO Cr\u00e9ateur : ACTIVATION \/ VENISE HBA, SAS au capital [&hellip;]<\/p>","protected":false},"author":1,"featured_media":0,"parent":0,"menu_order":0,"comment_status":"closed","ping_status":"closed","template":"","meta":{"_acf_changed":false,"footnotes":""},"class_list":["post-6522","page","type-page","status-publish","hentry"],"acf":[],"yoast_head":"<!-- This site is optimized with the Yoast SEO plugin v23.6 - https:\/\/yoast.com\/wordpress\/plugins\/seo\/ -->\n<title>Mentions l\u00e9gales - Viqtor<\/title>\n<meta name=\"robots\" content=\"noindex, nofollow\" \/>\n<meta property=\"og:locale\" content=\"lt_LT\" \/>\n<meta property=\"og:type\" content=\"article\" \/>\n<meta property=\"og:title\" content=\"Mentions l\u00e9gales - Viqtor\" \/>\n<meta property=\"og:description\" content=\"En vertu de l\u2019article 6 de la loi n\u00b0 2004-575 du 21 juin 2004 pour la confiance dans l\u2019\u00e9conomie num\u00e9rique, il est pr\u00e9cis\u00e9 aux utilisateurs du site https:\/\/viqtor.eu l\u2019identit\u00e9 des diff\u00e9rents intervenants dans le cadre de sa r\u00e9alisation et de son suivi : Propri\u00e9taire : DBWO Cr\u00e9ateur : ACTIVATION \/ VENISE HBA, SAS au capital [&hellip;]\" \/>\n<meta property=\"og:url\" content=\"https:\/\/viqtor.eu\/lt\/mentions-legales\/\" \/>\n<meta property=\"og:site_name\" content=\"Viqtor\" \/>\n<meta property=\"article:modified_time\" content=\"2023-07-24T10:19:18+00:00\" \/>\n<meta name=\"twitter:card\" content=\"summary_large_image\" \/>\n<meta name=\"twitter:label1\" content=\"Est. reading time\" \/>\n\t<meta name=\"twitter:data1\" content=\"8 minut\u0117s\" \/>\n<script type=\"application\/ld+json\" class=\"yoast-schema-graph\">{\"@context\":\"https:\/\/schema.org\",\"@graph\":[{\"@type\":\"WebPage\",\"@id\":\"https:\/\/viqtor.eu\/mentions-legales\/\",\"url\":\"https:\/\/viqtor.eu\/mentions-legales\/\",\"name\":\"Mentions l\u00e9gales - Viqtor\",\"isPartOf\":{\"@id\":\"https:\/\/viqtor.eu\/#website\"},\"datePublished\":\"2023-05-10T15:50:27+00:00\",\"dateModified\":\"2023-07-24T10:19:18+00:00\",\"breadcrumb\":{\"@id\":\"https:\/\/viqtor.eu\/mentions-legales\/#breadcrumb\"},\"inLanguage\":\"lt-LT\",\"potentialAction\":[{\"@type\":\"ReadAction\",\"target\":[\"https:\/\/viqtor.eu\/mentions-legales\/\"]}]},{\"@type\":\"BreadcrumbList\",\"@id\":\"https:\/\/viqtor.eu\/mentions-legales\/#breadcrumb\",\"itemListElement\":[{\"@type\":\"ListItem\",\"position\":1,\"name\":\"Accueil\",\"item\":\"https:\/\/viqtor.eu\/\"},{\"@type\":\"ListItem\",\"position\":2,\"name\":\"Mentions l\u00e9gales\"}]},{\"@type\":\"WebSite\",\"@id\":\"https:\/\/viqtor.eu\/#website\",\"url\":\"https:\/\/viqtor.eu\/\",\"name\":\"Viqtor\",\"description\":\"Faites du RGPD une opportunit\u00e9 pour votre entreprise.\",\"publisher\":{\"@id\":\"https:\/\/viqtor.eu\/#organization\"},\"potentialAction\":[{\"@type\":\"SearchAction\",\"target\":{\"@type\":\"EntryPoint\",\"urlTemplate\":\"https:\/\/viqtor.eu\/?s={search_term_string}\"},\"query-input\":{\"@type\":\"PropertyValueSpecification\",\"valueRequired\":true,\"valueName\":\"search_term_string\"}}],\"inLanguage\":\"lt-LT\"},{\"@type\":\"Organization\",\"@id\":\"https:\/\/viqtor.eu\/#organization\",\"name\":\"viqtor.eu\",\"url\":\"https:\/\/viqtor.eu\/\",\"logo\":{\"@type\":\"ImageObject\",\"inLanguage\":\"lt-LT\",\"@id\":\"https:\/\/viqtor.eu\/#\/schema\/logo\/image\/\",\"url\":\"https:\/\/viqtor.eu\/wp-content\/uploads\/2023\/06\/favicon-noir.svg\",\"contentUrl\":\"https:\/\/viqtor.eu\/wp-content\/uploads\/2023\/06\/favicon-noir.svg\",\"width\":108,\"height\":86,\"caption\":\"viqtor.eu\"},\"image\":{\"@id\":\"https:\/\/viqtor.eu\/#\/schema\/logo\/image\/\"}}]}<\/script>\n<!-- \/ Yoast SEO plugin. -->","yoast_head_json":{"title":"Mentions l\u00e9gales - Viqtor","robots":{"index":"noindex","follow":"nofollow"},"og_locale":"lt_LT","og_type":"article","og_title":"Mentions l\u00e9gales - Viqtor","og_description":"En vertu de l\u2019article 6 de la loi n\u00b0 2004-575 du 21 juin 2004 pour la confiance dans l\u2019\u00e9conomie num\u00e9rique, il est pr\u00e9cis\u00e9 aux utilisateurs du site https:\/\/viqtor.eu l\u2019identit\u00e9 des diff\u00e9rents intervenants dans le cadre de sa r\u00e9alisation et de son suivi : Propri\u00e9taire : DBWO Cr\u00e9ateur : ACTIVATION \/ VENISE HBA, SAS au capital [&hellip;]","og_url":"https:\/\/viqtor.eu\/lt\/mentions-legales\/","og_site_name":"Viqtor","article_modified_time":"2023-07-24T10:19:18+00:00","twitter_card":"summary_large_image","twitter_misc":{"Est. reading time":"8 minut\u0117s"},"schema":{"@context":"https:\/\/schema.org","@graph":[{"@type":"WebPage","@id":"https:\/\/viqtor.eu\/mentions-legales\/","url":"https:\/\/viqtor.eu\/mentions-legales\/","name":"Mentions l\u00e9gales - Viqtor","isPartOf":{"@id":"https:\/\/viqtor.eu\/#website"},"datePublished":"2023-05-10T15:50:27+00:00","dateModified":"2023-07-24T10:19:18+00:00","breadcrumb":{"@id":"https:\/\/viqtor.eu\/mentions-legales\/#breadcrumb"},"inLanguage":"lt-LT","potentialAction":[{"@type":"ReadAction","target":["https:\/\/viqtor.eu\/mentions-legales\/"]}]},{"@type":"BreadcrumbList","@id":"https:\/\/viqtor.eu\/mentions-legales\/#breadcrumb","itemListElement":[{"@type":"ListItem","position":1,"name":"Accueil","item":"https:\/\/viqtor.eu\/"},{"@type":"ListItem","position":2,"name":"Mentions l\u00e9gales"}]},{"@type":"WebSite","@id":"https:\/\/viqtor.eu\/#website","url":"https:\/\/viqtor.eu\/","name":"Viqtor","description":"Faites du RGPD une opportunit\u00e9 pour votre entreprise.","publisher":{"@id":"https:\/\/viqtor.eu\/#organization"},"potentialAction":[{"@type":"SearchAction","target":{"@type":"EntryPoint","urlTemplate":"https:\/\/viqtor.eu\/?s={search_term_string}"},"query-input":{"@type":"PropertyValueSpecification","valueRequired":true,"valueName":"search_term_string"}}],"inLanguage":"lt-LT"},{"@type":"Organization","@id":"https:\/\/viqtor.eu\/#organization","name":"viqtor.eu","url":"https:\/\/viqtor.eu\/","logo":{"@type":"ImageObject","inLanguage":"lt-LT","@id":"https:\/\/viqtor.eu\/#\/schema\/logo\/image\/","url":"https:\/\/viqtor.eu\/wp-content\/uploads\/2023\/06\/favicon-noir.svg","contentUrl":"https:\/\/viqtor.eu\/wp-content\/uploads\/2023\/06\/favicon-noir.svg","width":108,"height":86,"caption":"viqtor.eu"},"image":{"@id":"https:\/\/viqtor.eu\/#\/schema\/logo\/image\/"}}]}},"_links":{"self":[{"href":"https:\/\/viqtor.eu\/lt\/wp-json\/wp\/v2\/pages\/6522","targetHints":{"allow":["GET"]}}],"collection":[{"href":"https:\/\/viqtor.eu\/lt\/wp-json\/wp\/v2\/pages"}],"about":[{"href":"https:\/\/viqtor.eu\/lt\/wp-json\/wp\/v2\/types\/page"}],"author":[{"embeddable":true,"href":"https:\/\/viqtor.eu\/lt\/wp-json\/wp\/v2\/users\/1"}],"replies":[{"embeddable":true,"href":"https:\/\/viqtor.eu\/lt\/wp-json\/wp\/v2\/comments?post=6522"}],"version-history":[{"count":6,"href":"https:\/\/viqtor.eu\/lt\/wp-json\/wp\/v2\/pages\/6522\/revisions"}],"predecessor-version":[{"id":6532,"href":"https:\/\/viqtor.eu\/lt\/wp-json\/wp\/v2\/pages\/6522\/revisions\/6532"}],"wp:attachment":[{"href":"https:\/\/viqtor.eu\/lt\/wp-json\/wp\/v2\/media?parent=6522"}],"curies":[{"name":"wp","href":"https:\/\/api.w.org\/{rel}","templated":true}]}}