{"id":12719,"date":"2025-02-17T13:01:41","date_gmt":"2025-02-17T13:01:41","guid":{"rendered":"https:\/\/viqtor.eu\/?page_id=12719"},"modified":"2025-04-23T19:08:46","modified_gmt":"2025-04-23T19:08:46","slug":"guide-rgpd-et-site-web-quelles-obligations-respecter","status":"publish","type":"page","link":"https:\/\/viqtor.eu\/lt\/guide-rgpd-et-site-web-quelles-obligations-respecter\/","title":{"rendered":"Vadovas: BDAR ir svetain\u0117: koki\u0173 \u012fsipareigojim\u0173 reikia laikytis?"},"content":{"rendered":"<div data-elementor-type=\"wp-page\" data-elementor-id=\"12719\" class=\"elementor elementor-12719\" data-elementor-post-type=\"page\">\n\t\t\t\t\t\t<section class=\"elementor-section elementor-top-section elementor-element elementor-element-487d106 elementor-section-content-middle ot-traditional elementor-section-boxed elementor-section-height-default elementor-section-height-default\" data-id=\"487d106\" data-element_type=\"section\" data-settings=\"{&quot;background_background&quot;:&quot;classic&quot;}\">\n\t\t\t\t\t\t\t<div class=\"elementor-background-overlay\"><\/div>\n\t\t\t\t\t\t\t<div class=\"elementor-container elementor-column-gap-default\">\n\t\t\t\t\t<div class=\"elementor-column elementor-col-100 elementor-top-column elementor-element elementor-element-7cb43dc ot-column-items-center ot-flex-column-vertical\" data-id=\"7cb43dc\" data-element_type=\"column\">\n\t\t\t<div class=\"elementor-widget-wrap elementor-element-populated\">\n\t\t\t\t\t\t<div class=\"elementor-element elementor-element-f174978 elementor-widget__width-initial elementor-widget elementor-widget-iheading\" data-id=\"f174978\" data-element_type=\"widget\" data-widget_type=\"iheading.default\">\n\t\t\t\t<div class=\"elementor-widget-container\">\n\t\t\t\t\t<div class=\"ot-heading\">\r\n\t        \t            <span>\/\/ \u201eViqtor\u00ae\u201c platforma<\/span>\r\n\t        <h1 class=\"main-heading\">Vadovas: BDAR ir svetain\u0117: koki\u0173 \u012fsipareigojim\u0173 reikia laikytis?<\/h1>\t    <\/div>\r\n\t    \t\t<\/div>\n\t\t\t\t<\/div>\n\t\t\t\t\t<\/div>\n\t\t<\/div>\n\t\t\t\t\t<\/div>\n\t\t<\/section>\n\t\t\t\t<section class=\"elementor-section elementor-top-section elementor-element elementor-element-6bfd0a4 ot-traditional elementor-section-boxed elementor-section-height-default elementor-section-height-default\" data-id=\"6bfd0a4\" data-element_type=\"section\">\n\t\t\t\t\t\t<div class=\"elementor-container elementor-column-gap-default\">\n\t\t\t\t\t<div class=\"elementor-column elementor-col-100 elementor-top-column elementor-element elementor-element-9e9d643 ot-flex-column-vertical\" data-id=\"9e9d643\" data-element_type=\"column\">\n\t\t\t<div class=\"elementor-widget-wrap elementor-element-populated\">\n\t\t\t\t\t\t<div class=\"elementor-element elementor-element-4ca1c81 elementor-widget elementor-widget-text-editor\" data-id=\"4ca1c81\" data-element_type=\"widget\" data-widget_type=\"text-editor.default\">\n\t\t\t\t<div class=\"elementor-widget-container\">\n\t\t\t\t\t\t\t<p data-pm-slice=\"1 1 []\">Bendrasis duomen\u0173 apsaugos reglamentas (BDAR) yra Europos reglamentas, kuriuo siekiama sustiprinti Europos S\u0105jungos pilie\u010di\u0173 asmens duomen\u0173 apsaug\u0105. Bet kuri \u012fmon\u0117, renkanti ar tvarkanti asmens duomenis internete, privalo laikytis jo reikalavim\u0173 arba joms gr\u0117s baudos. \u0160iame straipsnyje i\u0161samiai apra\u0161ome \u012fsipareigojimus, kuri\u0173 reikia laikytis, kad j\u016bs\u0173 svetain\u0117 atitikt\u0173 BDAR reikalavimus. <strong>BDAR<\/strong>.<\/p><h2 data-pm-slice=\"1 1 []\">Kas yra BDAR?<\/h2><p>BDAR \u012fsigaliojo 2018 m. gegu\u017e\u0117s 25 d., siekiant suderinti duomen\u0173 apsaugos \u012fstatymus visoje Europoje. Juo nustatomi grie\u017eti \u012fpareigojimai \u012fmon\u0117ms, tvarkan\u010dioms asmenin\u0119 informacij\u0105.<\/p><h3>Kam taikomas BDAR?<\/h3><p>Bet kuri \u012fmon\u0117 ar organizacija, nepriklausomai nuo to, ar ji yra ES, ar ne, kuri renka ar tvarko Europos pilie\u010di\u0173 duomenis, privalo laikytis BDAR.<\/p><h3>BDAR pagrindiniai principai<\/h3><p>BDAR grind\u017eiamas \u0161e\u0161iais pagrindiniais principais:<\/p><ul data-spread=\"false\"><li><p><strong>Teis\u0117tumas, lojalumas ir skaidrumas<\/strong><\/p><\/li><li><p><strong>Tiksl\u0173 apribojimas<\/strong><\/p><\/li><li><p><strong>Duomen\u0173 kiekio ma\u017einimas<\/strong><\/p><\/li><li><p><strong>Tikslumas<\/strong><\/p><\/li><li><p><strong>Saugojimo apribojimas<\/strong><\/p><\/li><li><p><strong>Vientisumas ir konfidencialumas<\/strong><\/p><\/li><\/ul><h4>Svetaini\u0173 teisiniai \u012fsipareigojimai<\/h4><p>Svetain\u0117s privalo u\u017etikrinti renkam\u0173 duomen\u0173 skaidrum\u0105, gauti ai\u0161k\u0173 sutikim\u0105 ir u\u017etikrinti asmenin\u0117s informacijos saugum\u0105.<\/p><h4>Kaip gauti galiojant\u012f sutikim\u0105?<\/h4><p>Sutikimas turi b\u016bti laisvas ir tikslus<span class=\"sw\">,<\/span>\u00a0<span class=\"sw\">nu\u0161vit\u0119s<\/span>\u00a0Ir\u00a0<span class=\"sw\">be<\/span>\u00a0<span class=\"sw\">dviprasmyb\u0117<\/span>Slapuk\u0173 reklamjuost\u0117s tur\u0117t\u0173 pad\u0117ti vartotojams lengvai sutikti arba atmesti slapukus.<\/p><h4 data-pm-slice=\"1 1 []\">Privatumo politika<\/h4><p>Jame turi b\u016bti i\u0161samiai apra\u0161yta, kaip ir kod\u0117l duomenys renkami, saugomi ir bendrinami.<\/p>\t\t\t\t\t\t<\/div>\n\t\t\t\t<\/div>\n\t\t\t\t\t<\/div>\n\t\t<\/div>\n\t\t\t\t\t<\/div>\n\t\t<\/section>\n\t\t\t\t<section class=\"elementor-section elementor-top-section elementor-element elementor-element-2373ae3 elementor-section-height-min-height ot-traditional elementor-section-boxed elementor-section-height-default elementor-section-items-middle\" data-id=\"2373ae3\" data-element_type=\"section\">\n\t\t\t\t\t\t<div class=\"elementor-container elementor-column-gap-default\">\n\t\t\t\t\t<div class=\"elementor-column elementor-col-100 elementor-top-column elementor-element elementor-element-fd1df0f ot-flex-column-vertical\" data-id=\"fd1df0f\" data-element_type=\"column\">\n\t\t\t<div class=\"elementor-widget-wrap elementor-element-populated\">\n\t\t\t\t\t\t<div class=\"elementor-element elementor-element-b37bc66 elementor-widget elementor-widget-image\" data-id=\"b37bc66\" data-element_type=\"widget\" data-widget_type=\"image.default\">\n\t\t\t\t<div class=\"elementor-widget-container\">\n\t\t\t\t\t\t\t\t\t\t\t\t\t<img fetchpriority=\"high\" decoding=\"async\" width=\"1024\" height=\"683\" src=\"https:\/\/viqtor.eu\/wp-content\/uploads\/2023\/05\/Les-etapes-principales-pour-la-mise-en-conformite-RGPD-1024x683.jpg\" class=\"attachment-large size-large wp-image-12252\" alt=\"Les \u00e9tapes principales pour la mise en conformit\u00e9 RGPD\" srcset=\"https:\/\/viqtor.eu\/wp-content\/uploads\/2023\/05\/Les-etapes-principales-pour-la-mise-en-conformite-RGPD-1024x683.jpg 1024w, https:\/\/viqtor.eu\/wp-content\/uploads\/2023\/05\/Les-etapes-principales-pour-la-mise-en-conformite-RGPD-300x200.jpg 300w, https:\/\/viqtor.eu\/wp-content\/uploads\/2023\/05\/Les-etapes-principales-pour-la-mise-en-conformite-RGPD-768x512.jpg 768w, https:\/\/viqtor.eu\/wp-content\/uploads\/2023\/05\/Les-etapes-principales-pour-la-mise-en-conformite-RGPD-1536x1024.jpg 1536w, https:\/\/viqtor.eu\/wp-content\/uploads\/2023\/05\/Les-etapes-principales-pour-la-mise-en-conformite-RGPD-720x480.jpg 720w, https:\/\/viqtor.eu\/wp-content\/uploads\/2023\/05\/Les-etapes-principales-pour-la-mise-en-conformite-RGPD.jpg 2048w\" sizes=\"(max-width: 1024px) 100vw, 1024px\" \/>\t\t\t\t\t\t\t\t\t\t\t\t\t<\/div>\n\t\t\t\t<\/div>\n\t\t\t\t\t<\/div>\n\t\t<\/div>\n\t\t\t\t\t<\/div>\n\t\t<\/section>\n\t\t\t\t<section class=\"elementor-section elementor-top-section elementor-element elementor-element-3a23f17 ot-traditional elementor-section-boxed elementor-section-height-default elementor-section-height-default\" data-id=\"3a23f17\" data-element_type=\"section\">\n\t\t\t\t\t\t<div class=\"elementor-container elementor-column-gap-default\">\n\t\t\t\t\t<div class=\"elementor-column elementor-col-100 elementor-top-column elementor-element elementor-element-cf1b7c9 ot-flex-column-vertical\" data-id=\"cf1b7c9\" data-element_type=\"column\">\n\t\t\t<div class=\"elementor-widget-wrap elementor-element-populated\">\n\t\t\t\t\t\t<div class=\"elementor-element elementor-element-3c94449 elementor-widget elementor-widget-text-editor\" data-id=\"3c94449\" data-element_type=\"widget\" data-widget_type=\"text-editor.default\">\n\t\t\t\t<div class=\"elementor-widget-container\">\n\t\t\t\t\t\t\t<h4 data-pm-slice=\"1 1 []\">Slapuk\u0173 valdymas<\/h4>\n<p>Svetain\u0117s turi ai\u0161kiai informuoti lankytojus apie slapuk\u0173 naudojim\u0105 ir leisti jiems valdyti savo nuostatas.<\/p>\n<h4>Vartotojo teis\u0117s<\/h4>\n<p>Vartotojai turi teis\u0119 susipa\u017einti su savo duomenimis, juos keisti, i\u0161trinti ir nesutikti su j\u0173 tvarkymu.<\/p>\n<h4>Duomen\u0173 saugumas<\/h4>\n<p>B\u016btina \u012fdiegti saugumo priemones, tokias kaip \u0161ifravimas ir stiprus autentifikavimas.<\/p>\n<h4>Duomen\u0173 apsaugos pareig\u016bno paskyrimas<\/h4>\n<p>Kai kurios \u012fmon\u0117s privalo paskirti duomen\u0173 apsaugos pareig\u016bn\u0105, kad u\u017etikrint\u0173 BDAR laikym\u0105si.<\/p>\n<h4>BDAR nesilaikymo pasekm\u0117s<\/h4>\n<p>Baudos gali siekti net 20 milijon\u0173 eur\u0173 arba 4 % metin\u0117s apyvartos.<\/p>\n<h3>Kaip padaryti, kad j\u016bs\u0173 svetain\u0117 atitikt\u0173 reikalavimus?<\/h3>\n<p>A <strong>BDAR auditas<\/strong> leid\u017eia nustatyti taisomus punktus ir \u012fgyvendinti ger\u0105j\u0105 praktik\u0105.<\/p>\n<h4>Naudingi \u012frankiai ir i\u0161tekliai<\/h4>\n<p>Tokios priemon\u0117s kaip \u201eCookiebot\u201c ir \u201eGDPR.eu\u201c gali pad\u0117ti u\u017etikrinti atitikt\u012f reikalavimams.<\/p>\n<p>Atitiktis BDAR yra b\u016btina siekiant u\u017etikrinti vartotoj\u0173 pasitik\u0117jim\u0105 ir i\u0161vengti baud\u0173. \u012egyvendindama reikalavimus atitinkan\u010di\u0105 praktik\u0105, j\u016bs\u0173 svetain\u0117 gali u\u017etikrinti optimali\u0105 asmens duomen\u0173 apsaug\u0105.<\/p>\n<h4>DUK<\/h4>\n<h5>1. Ar mano svetain\u0117je tur\u0117t\u0173 b\u016bti rodoma slapuk\u0173 juosta?<\/h5>\n<p>Taip, jei j\u016bs\u0173 svetain\u0117 naudoja b\u016btinuosius slapukus.<\/p>\n<h5>2. Ar man reikia gauti sutikim\u0105 kiekvienai formai?<\/h5>\n<p>Taip, nebent duomen\u0173 rinkimas yra absoliu\u010diai b\u016btinas.<\/p>\n<h5>3. Kas yra duomen\u0173 apsaugos pareig\u016bnas ir kada jis yra privalomas?<\/h5>\n<p>DAP yra duomen\u0173 apsaugos ekspertas, reikalingas tam tikroms \u012fmon\u0117ms, tvarkan\u010dioms jautrius duomenis.<\/p>\n<h5>4. Kaip galiu patikrinti, ar mano svetain\u0117 atitinka reikalavimus?<\/h5>\n<p>Pasinaudokite internetiniais auditais ir pasikonsultuokite su duomen\u0173 apsaugos ekspertu.<\/p>\n<h5>5. Ar tur\u0117\u010diau reguliariai atnaujinti savo privatumo politik\u0105?<\/h5>\n<p>Taip, jame turi atsispind\u0117ti visi duomen\u0173 apdorojimo pakeitimai.<\/p>\n<h5>6. K\u0105 daryti duomen\u0173 saugumo pa\u017eeidimo atveju?<\/h5>\n<p>Per 72 valandas informuokite atitinkamas institucijas ir \u012fsp\u0117kite paveiktus naudotojus.<\/p>\t\t\t\t\t\t<\/div>\n\t\t\t\t<\/div>\n\t\t\t\t\t<\/div>\n\t\t<\/div>\n\t\t\t\t\t<\/div>\n\t\t<\/section>\n\t\t\t\t<section class=\"elementor-section elementor-top-section elementor-element elementor-element-77edb27 ot-traditional elementor-section-boxed elementor-section-height-default elementor-section-height-default\" data-id=\"77edb27\" data-element_type=\"section\">\n\t\t\t\t\t\t<div class=\"elementor-container elementor-column-gap-default\">\n\t\t\t\t\t<div class=\"elementor-column elementor-col-100 elementor-top-column elementor-element elementor-element-72942a8 ot-flex-column-vertical\" data-id=\"72942a8\" data-element_type=\"column\">\n\t\t\t<div class=\"elementor-widget-wrap elementor-element-populated\">\n\t\t\t\t\t\t<div class=\"elementor-element elementor-element-0fcf018 elementor-widget elementor-widget-text-editor\" data-id=\"0fcf018\" data-element_type=\"widget\" data-widget_type=\"text-editor.default\">\n\t\t\t\t<div class=\"elementor-widget-container\">\n\t\t\t\t\t\t\t<div><div><div><div><p style=\"text-align: center;\"><span style=\"color: #000000;\"><strong>Atsisi\u0173skite vis\u0105 vadov\u0105 nemokamai:<\/strong><\/span><\/p><\/div><\/div><\/div><\/div>\t\t\t\t\t\t<\/div>\n\t\t\t\t<\/div>\n\t\t\t\t\t<\/div>\n\t\t<\/div>\n\t\t\t\t\t<\/div>\n\t\t<\/section>\n\t\t\t\t<section class=\"elementor-section elementor-top-section elementor-element elementor-element-7f22e0c ot-traditional elementor-section-boxed elementor-section-height-default elementor-section-height-default\" data-id=\"7f22e0c\" data-element_type=\"section\">\n\t\t\t\t\t\t<div class=\"elementor-container elementor-column-gap-default\">\n\t\t\t\t\t<div class=\"elementor-column elementor-col-100 elementor-top-column elementor-element elementor-element-d89bd3c ot-flex-column-vertical\" data-id=\"d89bd3c\" data-element_type=\"column\">\n\t\t\t<div class=\"elementor-widget-wrap elementor-element-populated\">\n\t\t\t\t\t\t<div class=\"elementor-element elementor-element-6220207 elementor-widget elementor-widget-text-editor\" data-id=\"6220207\" data-element_type=\"widget\" data-widget_type=\"text-editor.default\">\n\t\t\t\t<div class=\"elementor-widget-container\">\n\t\t\t\t\t\t\t<p><p><form method=\"post\" action=\"https:\/\/viqtor.eu\/wp-admin\/admin-ajax.php?action=tnp&amp;na=s\" class=\"tnp-subscription\" style=\"\">\n<input type=\"hidden\" name=\"nlang\" value=\"\">\n <div class=\"tnp-field tnp-field-email\"><label for=\"tnp-1\">El. pa\u0161tas<\/label>\n<input class=\"tnp-email\" type=\"email\" name=\"ne\" id=\"tnp-1\" value=\"\" placeholder=\"\" required><\/div>\n\u00a0<label> <input name=\"AGREE_TO_TERMS\" required=\"\" type=\"checkbox\" value=\"1\" \/> Sutinku, kad mano asmens duomenys b\u016bt\u0173 naudojami tik mano atsisiuntimo u\u017eklausai apdoroti. Draud\u017eiame bet kok\u012f kit\u0105 \u0161i\u0173 duomen\u0173 naudojim\u0105.<\/label> <label> <input name=\"AGREE_TO_TERMS\" required=\"\" type=\"checkbox\" value=\"1\" \/>Sutinku periodi\u0161kai gauti informacij\u0105 apie \u201eViqtor\u201c paslaug\u0173 pasi\u016blymus.<\/label>\u00a0 \u00a0 \u00a0 \u00a0 \u00a0 \u00a0 \u00a0 \u00a0 \u00a0 \u00a0 \u00a0 \u00a0 \u00a0 \u00a0 \u00a0 \u00a0 \u00a0 \u00a0 \u00a0 \u00a0 <div class=\"tnp-field tnp-field-button\" style=\"text-align: left\"><input class=\"tnp-submit\" type=\"submit\" value=\"Gaukite vadov\u0105\" style=\"\">\n<\/div>\n<\/form><\/p><\/p>\t\t\t\t\t\t<\/div>\n\t\t\t\t<\/div>\n\t\t\t\t\t<\/div>\n\t\t<\/div>\n\t\t\t\t\t<\/div>\n\t\t<\/section>\n\t\t\t\t<\/div>","protected":false},"excerpt":{"rendered":"<p>\/\/ La plateforme Viqtor\u00ae Guide : RGPD et site web : Quelles obligations \u00e0 respecter ? Le R\u00e8glement G\u00e9n\u00e9ral sur la Protection des Donn\u00e9es (RGPD) est une r\u00e9glementation europ\u00e9enne visant \u00e0 renforcer la protection des donn\u00e9es personnelles des citoyens de l&rsquo;Union europ\u00e9enne. Toute entreprise collectant ou traitant des donn\u00e9es personnelles en ligne doit se conformer [&hellip;]<\/p>","protected":false},"author":1,"featured_media":0,"parent":0,"menu_order":0,"comment_status":"closed","ping_status":"closed","template":"","meta":{"_acf_changed":false,"footnotes":""},"class_list":["post-12719","page","type-page","status-publish","hentry"],"acf":[],"yoast_head":"<!-- This site is optimized with the Yoast SEO plugin v23.6 - https:\/\/yoast.com\/wordpress\/plugins\/seo\/ -->\n<title>Guide : RGPD et site web : Quelles obligations \u00e0 respecter ?<\/title>\n<meta name=\"description\" content=\"Assurez la conformit\u00e9 de votre site web au RGPD ! Quelles obligations \u00e0 respecter et quelles sanctions \u00e0 \u00e9viter gr\u00e2ce \u00e0 ce guide complet.\" \/>\n<meta name=\"robots\" content=\"index, follow, max-snippet:-1, max-image-preview:large, max-video-preview:-1\" \/>\n<link rel=\"canonical\" href=\"https:\/\/viqtor.eu\/lt\/guide-rgpd-et-site-web-quelles-obligations-respecter\/\" \/>\n<meta property=\"og:locale\" content=\"lt_LT\" \/>\n<meta property=\"og:type\" content=\"article\" \/>\n<meta property=\"og:title\" content=\"Guide : RGPD et site web : Quelles obligations \u00e0 respecter ?\" \/>\n<meta property=\"og:description\" content=\"Assurez la conformit\u00e9 de votre site web au RGPD ! Quelles obligations \u00e0 respecter et quelles sanctions \u00e0 \u00e9viter gr\u00e2ce \u00e0 ce guide complet.\" \/>\n<meta property=\"og:url\" content=\"https:\/\/viqtor.eu\/lt\/guide-rgpd-et-site-web-quelles-obligations-respecter\/\" \/>\n<meta property=\"og:site_name\" content=\"Viqtor\" \/>\n<meta property=\"article:modified_time\" content=\"2025-04-23T19:08:46+00:00\" \/>\n<meta property=\"og:image\" content=\"https:\/\/viqtor.eu\/wp-content\/uploads\/2023\/05\/Les-etapes-principales-pour-la-mise-en-conformite-RGPD-1024x683.jpg\" \/>\n<meta name=\"twitter:card\" content=\"summary_large_image\" \/>\n<meta name=\"twitter:label1\" content=\"Est. reading time\" \/>\n\t<meta name=\"twitter:data1\" content=\"4 minut\u0117s\" \/>\n<script type=\"application\/ld+json\" class=\"yoast-schema-graph\">{\"@context\":\"https:\/\/schema.org\",\"@graph\":[{\"@type\":\"WebPage\",\"@id\":\"https:\/\/viqtor.eu\/guide-rgpd-et-site-web-quelles-obligations-respecter\/\",\"url\":\"https:\/\/viqtor.eu\/guide-rgpd-et-site-web-quelles-obligations-respecter\/\",\"name\":\"Guide : RGPD et site web : Quelles obligations \u00e0 respecter ?\",\"isPartOf\":{\"@id\":\"https:\/\/viqtor.eu\/#website\"},\"primaryImageOfPage\":{\"@id\":\"https:\/\/viqtor.eu\/guide-rgpd-et-site-web-quelles-obligations-respecter\/#primaryimage\"},\"image\":{\"@id\":\"https:\/\/viqtor.eu\/guide-rgpd-et-site-web-quelles-obligations-respecter\/#primaryimage\"},\"thumbnailUrl\":\"https:\/\/viqtor.eu\/wp-content\/uploads\/2023\/05\/Les-etapes-principales-pour-la-mise-en-conformite-RGPD-1024x683.jpg\",\"datePublished\":\"2025-02-17T13:01:41+00:00\",\"dateModified\":\"2025-04-23T19:08:46+00:00\",\"description\":\"Assurez la conformit\u00e9 de votre site web au RGPD ! Quelles obligations \u00e0 respecter et quelles sanctions \u00e0 \u00e9viter gr\u00e2ce \u00e0 ce guide complet.\",\"breadcrumb\":{\"@id\":\"https:\/\/viqtor.eu\/guide-rgpd-et-site-web-quelles-obligations-respecter\/#breadcrumb\"},\"inLanguage\":\"lt-LT\",\"potentialAction\":[{\"@type\":\"ReadAction\",\"target\":[\"https:\/\/viqtor.eu\/guide-rgpd-et-site-web-quelles-obligations-respecter\/\"]}]},{\"@type\":\"ImageObject\",\"inLanguage\":\"lt-LT\",\"@id\":\"https:\/\/viqtor.eu\/guide-rgpd-et-site-web-quelles-obligations-respecter\/#primaryimage\",\"url\":\"https:\/\/viqtor.eu\/wp-content\/uploads\/2023\/05\/Les-etapes-principales-pour-la-mise-en-conformite-RGPD-1024x683.jpg\",\"contentUrl\":\"https:\/\/viqtor.eu\/wp-content\/uploads\/2023\/05\/Les-etapes-principales-pour-la-mise-en-conformite-RGPD-1024x683.jpg\"},{\"@type\":\"BreadcrumbList\",\"@id\":\"https:\/\/viqtor.eu\/guide-rgpd-et-site-web-quelles-obligations-respecter\/#breadcrumb\",\"itemListElement\":[{\"@type\":\"ListItem\",\"position\":1,\"name\":\"Accueil\",\"item\":\"https:\/\/viqtor.eu\/\"},{\"@type\":\"ListItem\",\"position\":2,\"name\":\"Guide : RGPD et site web : quelles obligations respecter ?\"}]},{\"@type\":\"WebSite\",\"@id\":\"https:\/\/viqtor.eu\/#website\",\"url\":\"https:\/\/viqtor.eu\/\",\"name\":\"Viqtor\",\"description\":\"Faites du RGPD une opportunit\u00e9 pour votre entreprise.\",\"publisher\":{\"@id\":\"https:\/\/viqtor.eu\/#organization\"},\"potentialAction\":[{\"@type\":\"SearchAction\",\"target\":{\"@type\":\"EntryPoint\",\"urlTemplate\":\"https:\/\/viqtor.eu\/?s={search_term_string}\"},\"query-input\":{\"@type\":\"PropertyValueSpecification\",\"valueRequired\":true,\"valueName\":\"search_term_string\"}}],\"inLanguage\":\"lt-LT\"},{\"@type\":\"Organization\",\"@id\":\"https:\/\/viqtor.eu\/#organization\",\"name\":\"viqtor.eu\",\"url\":\"https:\/\/viqtor.eu\/\",\"logo\":{\"@type\":\"ImageObject\",\"inLanguage\":\"lt-LT\",\"@id\":\"https:\/\/viqtor.eu\/#\/schema\/logo\/image\/\",\"url\":\"https:\/\/viqtor.eu\/wp-content\/uploads\/2023\/06\/favicon-noir.svg\",\"contentUrl\":\"https:\/\/viqtor.eu\/wp-content\/uploads\/2023\/06\/favicon-noir.svg\",\"width\":108,\"height\":86,\"caption\":\"viqtor.eu\"},\"image\":{\"@id\":\"https:\/\/viqtor.eu\/#\/schema\/logo\/image\/\"}}]}<\/script>\n<!-- \/ Yoast SEO plugin. -->","yoast_head_json":{"title":"Guide : RGPD et site web : Quelles obligations \u00e0 respecter ?","description":"Assurez la conformit\u00e9 de votre site web au RGPD ! Quelles obligations \u00e0 respecter et quelles sanctions \u00e0 \u00e9viter gr\u00e2ce \u00e0 ce guide complet.","robots":{"index":"index","follow":"follow","max-snippet":"max-snippet:-1","max-image-preview":"max-image-preview:large","max-video-preview":"max-video-preview:-1"},"canonical":"https:\/\/viqtor.eu\/lt\/guide-rgpd-et-site-web-quelles-obligations-respecter\/","og_locale":"lt_LT","og_type":"article","og_title":"Guide : RGPD et site web : Quelles obligations \u00e0 respecter ?","og_description":"Assurez la conformit\u00e9 de votre site web au RGPD ! Quelles obligations \u00e0 respecter et quelles sanctions \u00e0 \u00e9viter gr\u00e2ce \u00e0 ce guide complet.","og_url":"https:\/\/viqtor.eu\/lt\/guide-rgpd-et-site-web-quelles-obligations-respecter\/","og_site_name":"Viqtor","article_modified_time":"2025-04-23T19:08:46+00:00","og_image":[{"url":"https:\/\/viqtor.eu\/wp-content\/uploads\/2023\/05\/Les-etapes-principales-pour-la-mise-en-conformite-RGPD-1024x683.jpg"}],"twitter_card":"summary_large_image","twitter_misc":{"Est. reading time":"4 minut\u0117s"},"schema":{"@context":"https:\/\/schema.org","@graph":[{"@type":"WebPage","@id":"https:\/\/viqtor.eu\/guide-rgpd-et-site-web-quelles-obligations-respecter\/","url":"https:\/\/viqtor.eu\/guide-rgpd-et-site-web-quelles-obligations-respecter\/","name":"Guide : RGPD et site web : Quelles obligations \u00e0 respecter ?","isPartOf":{"@id":"https:\/\/viqtor.eu\/#website"},"primaryImageOfPage":{"@id":"https:\/\/viqtor.eu\/guide-rgpd-et-site-web-quelles-obligations-respecter\/#primaryimage"},"image":{"@id":"https:\/\/viqtor.eu\/guide-rgpd-et-site-web-quelles-obligations-respecter\/#primaryimage"},"thumbnailUrl":"https:\/\/viqtor.eu\/wp-content\/uploads\/2023\/05\/Les-etapes-principales-pour-la-mise-en-conformite-RGPD-1024x683.jpg","datePublished":"2025-02-17T13:01:41+00:00","dateModified":"2025-04-23T19:08:46+00:00","description":"Assurez la conformit\u00e9 de votre site web au RGPD ! Quelles obligations \u00e0 respecter et quelles sanctions \u00e0 \u00e9viter gr\u00e2ce \u00e0 ce guide complet.","breadcrumb":{"@id":"https:\/\/viqtor.eu\/guide-rgpd-et-site-web-quelles-obligations-respecter\/#breadcrumb"},"inLanguage":"lt-LT","potentialAction":[{"@type":"ReadAction","target":["https:\/\/viqtor.eu\/guide-rgpd-et-site-web-quelles-obligations-respecter\/"]}]},{"@type":"ImageObject","inLanguage":"lt-LT","@id":"https:\/\/viqtor.eu\/guide-rgpd-et-site-web-quelles-obligations-respecter\/#primaryimage","url":"https:\/\/viqtor.eu\/wp-content\/uploads\/2023\/05\/Les-etapes-principales-pour-la-mise-en-conformite-RGPD-1024x683.jpg","contentUrl":"https:\/\/viqtor.eu\/wp-content\/uploads\/2023\/05\/Les-etapes-principales-pour-la-mise-en-conformite-RGPD-1024x683.jpg"},{"@type":"BreadcrumbList","@id":"https:\/\/viqtor.eu\/guide-rgpd-et-site-web-quelles-obligations-respecter\/#breadcrumb","itemListElement":[{"@type":"ListItem","position":1,"name":"Accueil","item":"https:\/\/viqtor.eu\/"},{"@type":"ListItem","position":2,"name":"Guide : RGPD et site web : quelles obligations respecter ?"}]},{"@type":"WebSite","@id":"https:\/\/viqtor.eu\/#website","url":"https:\/\/viqtor.eu\/","name":"Viqtor","description":"Faites du RGPD une opportunit\u00e9 pour votre entreprise.","publisher":{"@id":"https:\/\/viqtor.eu\/#organization"},"potentialAction":[{"@type":"SearchAction","target":{"@type":"EntryPoint","urlTemplate":"https:\/\/viqtor.eu\/?s={search_term_string}"},"query-input":{"@type":"PropertyValueSpecification","valueRequired":true,"valueName":"search_term_string"}}],"inLanguage":"lt-LT"},{"@type":"Organization","@id":"https:\/\/viqtor.eu\/#organization","name":"viqtor.eu","url":"https:\/\/viqtor.eu\/","logo":{"@type":"ImageObject","inLanguage":"lt-LT","@id":"https:\/\/viqtor.eu\/#\/schema\/logo\/image\/","url":"https:\/\/viqtor.eu\/wp-content\/uploads\/2023\/06\/favicon-noir.svg","contentUrl":"https:\/\/viqtor.eu\/wp-content\/uploads\/2023\/06\/favicon-noir.svg","width":108,"height":86,"caption":"viqtor.eu"},"image":{"@id":"https:\/\/viqtor.eu\/#\/schema\/logo\/image\/"}}]}},"_links":{"self":[{"href":"https:\/\/viqtor.eu\/lt\/wp-json\/wp\/v2\/pages\/12719","targetHints":{"allow":["GET"]}}],"collection":[{"href":"https:\/\/viqtor.eu\/lt\/wp-json\/wp\/v2\/pages"}],"about":[{"href":"https:\/\/viqtor.eu\/lt\/wp-json\/wp\/v2\/types\/page"}],"author":[{"embeddable":true,"href":"https:\/\/viqtor.eu\/lt\/wp-json\/wp\/v2\/users\/1"}],"replies":[{"embeddable":true,"href":"https:\/\/viqtor.eu\/lt\/wp-json\/wp\/v2\/comments?post=12719"}],"version-history":[{"count":52,"href":"https:\/\/viqtor.eu\/lt\/wp-json\/wp\/v2\/pages\/12719\/revisions"}],"predecessor-version":[{"id":12994,"href":"https:\/\/viqtor.eu\/lt\/wp-json\/wp\/v2\/pages\/12719\/revisions\/12994"}],"wp:attachment":[{"href":"https:\/\/viqtor.eu\/lt\/wp-json\/wp\/v2\/media?parent=12719"}],"curies":[{"name":"wp","href":"https:\/\/api.w.org\/{rel}","templated":true}]}}