{"id":8869,"date":"2023-07-24T10:33:08","date_gmt":"2023-07-24T10:33:08","guid":{"rendered":"https:\/\/viqtor.eu\/?page_id=8869"},"modified":"2023-09-20T10:54:39","modified_gmt":"2023-09-20T10:54:39","slug":"politique-generale-de-protection-des-donnees-a-caractere-personnel","status":"publish","type":"page","link":"https:\/\/viqtor.eu\/it\/politique-generale-de-protection-des-donnees-a-caractere-personnel\/","title":{"rendered":"Politica generale per la protezione dei dati personali"},"content":{"rendered":"<div data-elementor-type=\"wp-page\" data-elementor-id=\"8869\" class=\"elementor elementor-8869\" data-elementor-post-type=\"page\">\n\t\t\t\t\t\t<section class=\"elementor-section elementor-top-section elementor-element elementor-element-747390f0 ot-traditional elementor-section-boxed elementor-section-height-default elementor-section-height-default\" data-id=\"747390f0\" data-element_type=\"section\">\n\t\t\t\t\t\t<div class=\"elementor-container elementor-column-gap-default\">\n\t\t\t\t\t<div class=\"elementor-column elementor-col-100 elementor-top-column elementor-element elementor-element-2fbcdc64 ot-flex-column-vertical\" data-id=\"2fbcdc64\" data-element_type=\"column\">\n\t\t\t<div class=\"elementor-widget-wrap elementor-element-populated\">\n\t\t\t\t\t\t<div class=\"elementor-element elementor-element-69294830 elementor-widget elementor-widget-text-editor\" data-id=\"69294830\" data-element_type=\"widget\" data-widget_type=\"text-editor.default\">\n\t\t\t\t<div class=\"elementor-widget-container\">\n\t\t\t\t\t\t\t<p>Il rispetto della privacy e la protezione dei dati personali costituiscono un fattore di fiducia, un valore a cui DBWO \u00e8 particolarmente legata, attribuendo importanza al rispetto delle libert\u00e0 e dei diritti fondamentali di ogni individuo.<\/p>\n<p>La presente politica di protezione dei dati personali dimostra gli impegni adottati da DBWO nell&#039;ambito delle sue attivit\u00e0 quotidiane per un uso responsabile dei dati personali.<\/p>\n<p>\u00a0<\/p>\n<p><b>Un responsabile della protezione dei dati (RPD)<\/b><\/p>\n<p>Al fine di preservare la privacy e la protezione dei dati personali di tutti, DBWO ha nominato, nel 2020, un Responsabile della protezione dei dati (RPD) che svolge le sue funzioni per tutte le sue strutture.<\/p>\n<p>Il Responsabile della Protezione dei Dati \u00e8 un rappresentante di fiducia. \u00c8 uno specialista nella protezione dei dati personali, responsabile di garantire la tutela della privacy e la corretta applicazione delle norme in materia di protezione dei dati personali, nonch\u00e9 il contatto principale per la Commissione Nazionale per l&#039;Informatica e le Libert\u00e0 (CNIL) e per tutti gli interessati dalla raccolta o dal trattamento dei dati personali.<\/p>\n<p>Per contattare il nostro Responsabile della protezione dei dati:<\/p>\n<p>DPO@DBWO.FR<\/p>\n<p>DBWO \u00e8 l&#039;editore della piattaforma Viqtor\u00ae.<\/p>\n<p>Questa piattaforma &quot;Compliance as a Service&quot; \u00e8 una suite software volta a facilitare l&#039;implementazione e il monitoraggio della conformit\u00e0 delle organizzazioni al Regolamento generale sulla protezione dei dati.<\/p>\n<p>\u00a0<\/p>\n<p><b>Dati personali trattati da DBWO<\/b><\/p>\n<p><strong>Come parte della sua politica di reclutamento<\/strong>t, DBWO riceve richieste corredate da CV o anche completate con dati personali che consentono la creazione di un fascicolo di colloquio di lavoro comunicato dai candidati, che saranno conservati per due anni dal ricevimento, salvo assunzione o richiesta dell&#039;interessato.<\/p>\n<p><strong>Nell&#039;ambito dell&#039;esecuzione dei contratti di lavoro dei propri dipendenti o dei contratti di servizio dei propri singoli fornitori di servizi <\/strong>DBWO tratta i dati personali necessari all&#039;organizzazione della propria missione o dei propri obblighi di legge (dati di stato civile, dati finanziari, dati relativi alla vita personale, diplomi e autorizzazioni, dati di comunicazione, ecc.). I dati vengono conservati per tutta la durata del rapporto contrattuale e prorogati per alcuni di essi a causa di esigenze legali o fiscali.\u00a0 \u00a0<\/p>\n<p><strong>Come parte dei suoi sforzi commerciali<\/strong> Riservato esclusivamente ai professionisti del settore, DBWO \u00e8 tenuta a trattare anche dati personali quali Nome, Cognome, Azienda, Posizione, Numero di telefono, Indirizzo e-mail, ottenuti direttamente durante gli scambi in occasione di fiere o eventi, richieste espresse ai suoi servizi o tramite il suo sito web da potenziali clienti, o indirettamente da societ\u00e0 specializzate nella creazione di database professionali settoriali. Il trattamento di questi dati si basa in parte su un legittimo interesse (richiesta di informazioni, scambio di dati di contatto) e in parte sul consenso. L&#039;interessato pu\u00f2 in qualsiasi momento richiedere la cancellazione dei propri dati.<\/p>\n<p><strong>Nell&#039;ambito dell&#039;esecuzione dei suoi contratti, <\/strong>DBWO elabora i dati personali dei contatti e dei corrispondenti designati dai propri clienti o subappaltatori e conserva tali dati (cognome, nome, indirizzo e-mail, numero di telefono, posizione, azienda) per tutta la durata del rapporto contrattuale, a meno che non riceva istruzioni dalla Societ\u00e0 di eliminare il contatto dai propri database.<\/p>\n<p>\u00a0<\/p>\n<p><b>Principi applicabili alla protezione dei dati personali<\/b><\/p>\n<p>DBWO applica i principi definiti da Privacy by Design in tutti i suoi progetti e attua una politica di informazione e sensibilizzazione dei suoi team in merito al rispetto dei principi stabiliti dal Regolamento generale sulla protezione dei dati.<\/p>\n<p>Offre ai propri clienti software compatibili con tutti i requisiti del Regolamento generale sulla protezione dei dati.<\/p>\n<p>1. Finalit\u00e0 specifica, esplicita e legittima del trattamento:<\/p>\n<p>Quando vengono raccolti dati personali, ci\u00f2 avviene per obiettivi (finalit\u00e0) specifici definiti dalle esigenze di elaborazione dei nostri clienti.<\/p>\n<p>2. Proporzione e pertinenza dei dati raccolti:<\/p>\n<p>I dati personali raccolti sono strettamente necessari al raggiungimento delle finalit\u00e0 per cui sono stati raccolti. Il software DBWO \u00e8 progettato per ridurre al minimo i dati raccolti.<\/p>\n<p>3. Periodo di conservazione limitato dei dati personali:<\/p>\n<p>I dati personali, se ospitati sotto la responsabilit\u00e0 di DBWO, vengono conservati per un periodo limitato che non supera quello necessario per le finalit\u00e0 della raccolta.<\/p>\n<p>4. Riservatezza\/Sicurezza dei dati:\u00a0<\/p>\n<p>Vengono implementate le politiche di protezione dei sistemi informativi (PSSI), adattate alla natura dei dati trattati e al loro trattamento.<\/p>\n<p>Sono in atto misure di sicurezza fisiche, logiche e organizzative adeguate per garantire la riservatezza dei dati, inclusa la prevenzione di accessi non autorizzati.<\/p>\n<p>DBWO richiede inoltre a qualsiasi subappaltatore di fornire misure di sicurezza adeguate per garantire la sicurezza e la riservatezza dei dati personali.<\/p>\n<p>5. Diritti delle persone:<\/p>\n<p>Per quanto riguarda il trattamento effettuato sotto la responsabilit\u00e0 di DBWO<\/p>\n<ul>\n<li style=\"list-style-type: none;\">\n<ul><!-- wp:list-item --><\/ul>\n<\/li>\n<\/ul>\n<ul>\n<li style=\"list-style-type: none;\">\n<ul>\n<li>Vengono implementati tutti i mezzi necessari per garantire l&#039;effettivit\u00e0 dei diritti degli individui sui propri dati personali.<\/li>\n<\/ul>\n<\/li>\n<\/ul>\n<p><!-- \/wp:list-item --> <!-- wp:list-item --><\/p>\n<ul>\n<li style=\"list-style-type: none;\">\n<ul>\n<li>I dati personali vengono raccolti in modo corretto; nessuna raccolta viene effettuata senza che gli interessati ne siano a conoscenza o senza che questi ne siano informati.<\/li>\n<\/ul>\n<\/li>\n<\/ul>\n<p><!-- \/wp:list-item --> <!-- wp:list-item --><\/p>\n<ul>\n<li style=\"list-style-type: none;\">\n<ul>\n<li>I dati personali raccolti vengono portati a conoscenza degli interessati.<\/li>\n<\/ul>\n<\/li>\n<\/ul>\n<p><!-- \/wp:list-item --> <!-- wp:list-item --><\/p>\n<ul>\n<li style=\"list-style-type: none;\">\n<ul>\n<li>I dati raccolti non vengono successivamente utilizzati in modo incompatibile con tali finalit\u00e0.<\/li>\n<\/ul>\n<\/li>\n<\/ul>\n<p><!-- \/wp:list-item --> <!-- wp:list-item --><\/p>\n<ul>\n<li style=\"list-style-type: none;\">\n<ul>\n<li>I dati personali vengono mantenuti accurati e aggiornati.<\/li>\n<\/ul>\n<\/li>\n<\/ul>\n<p><!-- \/wp:list-item --> <!-- wp:list-item --><\/p>\n<ul>\n<li style=\"list-style-type: none;\">\n<ul>\n<li>I periodi di conservazione dei dati vengono portati a conoscenza degli interessati e variano a seconda della natura dei dati, dello scopo del trattamento o dei requisiti legali o normativi.<\/li>\n<\/ul>\n<\/li>\n<\/ul>\n<p><!-- \/wp:list-item --> <!-- wp:list-item --><\/p>\n<ul>\n<li style=\"list-style-type: none;\">\n<ul>\n<li>Qualora i dati personali dovessero essere trasferiti verso Paesi situati nell&#039;Unione Europea o al di fuori dell&#039;Unione Europea, gli interessati ne saranno specificamente informati e saranno adottate misure specifiche per regolamentare tali trasferimenti.<\/li>\n<\/ul>\n<\/li>\n<\/ul>\n<p><!-- \/wp:list-item --> <!-- wp:list-item --><\/p>\n<ul>\n<li style=\"list-style-type: none;\">\n<ul>\n<li>Sono attuati i mezzi necessari per garantire l&#039;effettivit\u00e0 dei diritti delle persone sui propri dati personali, in particolare attraverso informazioni chiare e complete sul trattamento dei dati effettuato, facilmente accessibili e comprensibili da tutti.<\/li>\n<\/ul>\n<\/li>\n<\/ul>\n<p><!-- \/wp:list-item --> <!-- wp:list-item --><\/p>\n<ul>\n<li style=\"list-style-type: none;\">\n<ul>\n<li>Ogni individuo ha diritti sui propri dati personali, che pu\u00f2 esercitare in qualsiasi momento e gratuitamente, fornendo prova della propria identit\u00e0. Gli interessati possono quindi accedere ai propri dati personali e, in alcuni casi, ottenerne la rettifica, la cancellazione o opporsi al loro trattamento.<\/li>\n<\/ul>\n<\/li>\n<\/ul>\n<p><!-- \/wp:list-item --><\/p>\n<p><b>Per quanto riguarda il trattamento effettuato sotto la responsabilit\u00e0 degli utenti del software DBWO<\/b><\/p>\n<ul>\n<li style=\"list-style-type: none;\">\n<ul><!-- wp:list-item --><\/ul>\n<\/li>\n<\/ul>\n<ul>\n<li style=\"list-style-type: none;\">\n<ul>\n<li>DBWO sensibilizza e forma tutti i suoi dipendenti che entrano in contatto con dati privati nell&#039;ambito delle operazioni di manutenzione sui principi stabiliti dal GDPR.<\/li>\n<\/ul>\n<\/li>\n<\/ul>\n<p><!-- \/wp:list-item --> <!-- wp:list-item --><\/p>\n<ul>\n<li style=\"list-style-type: none;\">\n<ul>\n<li>DBWO informa gli utenti del suo software sulle regole essenziali che determinano la liceit\u00e0 del trattamento dei dati privati.<\/li>\n<\/ul>\n<\/li>\n<\/ul>\n<p><!-- \/wp:list-item --> <!-- wp:list-item --><\/p>\n<ul>\n<li style=\"list-style-type: none;\">\n<ul>\n<li>DBWO informa gli utenti del suo software sulle precauzioni necessarie per proteggere i dati personali raccolti.<\/li>\n<\/ul>\n<\/li>\n<\/ul>\n<p><!-- \/wp:list-item --> <!-- wp:list-item --><\/p>\n<ul>\n<li style=\"list-style-type: none;\">\n<ul>\n<li>Il software DBWO fornisce strumenti per la protezione di questi dati (registrazione, pseudonimizzazione, crittografia, ecc.)<\/li>\n<\/ul>\n<\/li>\n<\/ul>\n<p><!-- \/wp:list-item --> <!-- wp:list-item --><\/p>\n<ul>\n<li style=\"list-style-type: none;\">\n<ul>\n<li><a href=\"https:\/\/app.viqtor.eu\/gdpr-rights-exercise\">Accesso a questi diritti<\/a> (accesso, rettifica, cancellazione, opposizione) \u00e8 facilitato dalle funzionalit\u00e0 del software utilizzato da DBWO.<br \/><br \/><\/li>\n<\/ul>\n<\/li>\n<\/ul>\n<p><!-- \/wp:list-item --><\/p>\n<p>6. Diritti derivanti dalla Legge per una Repubblica Digitale.<\/p>\n<p>Il nuovo articolo 40-1 della legge sulla protezione dei dati consente alle persone di dare istruzioni relative alla conservazione, alla cancellazione e alla comunicazione dei propri dati dopo la loro morte.<\/p>\n<p>Per l&#039;esecuzione di tali istruzioni pu\u00f2 essere designata una persona. Tale persona ha quindi l&#039;autorit\u00e0, al momento del decesso del soggetto, di prenderne conoscenza e di richiederne l&#039;attuazione ai titolari del trattamento interessati.<\/p>\n<p>In assenza di istruzioni impartite dalla persona in vita, gli eredi avranno la possibilit\u00e0 di esercitare determinati diritti, in particolare:<\/p>\n<ul>\n<li style=\"list-style-type: none;\">\n<ul><!-- wp:list-item --><\/ul>\n<\/li>\n<\/ul>\n<ul>\n<li style=\"list-style-type: none;\">\n<ul>\n<li>Il diritto di accesso, se necessario per la sistemazione del patrimonio del defunto;<\/li>\n<\/ul>\n<\/li>\n<\/ul>\n<p><!-- \/wp:list-item --> <!-- wp:list-item --><\/p>\n<ul>\n<li style=\"list-style-type: none;\">\n<ul>\n<li>Il diritto di opporsi alla chiusura degli account utente del defunto e al trattamento dei suoi dati.<\/li>\n<\/ul>\n<\/li>\n<\/ul>\n<p><!-- \/wp:list-item --><\/p>\n<p><b>Monitoraggio della Politica di Protezione dei Dati Personali.<\/b><\/p>\n<p>La presente politica viene aggiornata regolarmente per tenere conto delle evoluzioni legislative e regolamentari, nonch\u00e9 di eventuali cambiamenti nell&#039;organizzazione di DBWO o nelle offerte, nei prodotti e nei servizi proposti.<\/p>\t\t\t\t\t\t<\/div>\n\t\t\t\t<\/div>\n\t\t\t\t\t<\/div>\n\t\t<\/div>\n\t\t\t\t\t<\/div>\n\t\t<\/section>\n\t\t\t\t<\/div>","protected":false},"excerpt":{"rendered":"<p>Le respect de la vie priv\u00e9e et de la protection des donn\u00e9es \u00e0 caract\u00e8re personnel constitue un facteur de confiance, valeur \u00e0 laquelle tient particuli\u00e8rement DBWO, en s\u2019attachant au respect des libert\u00e9s et droits fondamentaux de chacun. La pr\u00e9sente politique de protection des donn\u00e9es \u00e0 caract\u00e8re personnel t\u00e9moigne des engagements mis en \u0153uvre par DBWO [&hellip;]<\/p>","protected":false},"author":1,"featured_media":0,"parent":0,"menu_order":0,"comment_status":"closed","ping_status":"closed","template":"","meta":{"_acf_changed":false,"footnotes":""},"class_list":["post-8869","page","type-page","status-publish","hentry"],"acf":[],"yoast_head":"<!-- This site is optimized with the Yoast SEO plugin v23.6 - https:\/\/yoast.com\/wordpress\/plugins\/seo\/ -->\n<title>Politique g\u00e9n\u00e9rale de protection des donn\u00e9es \u00e0 caract\u00e8re personnel - Viqtor<\/title>\n<meta name=\"robots\" content=\"noindex, nofollow\" \/>\n<meta property=\"og:locale\" content=\"it_IT\" \/>\n<meta property=\"og:type\" content=\"article\" \/>\n<meta property=\"og:title\" content=\"Politique g\u00e9n\u00e9rale de protection des donn\u00e9es \u00e0 caract\u00e8re personnel - Viqtor\" \/>\n<meta property=\"og:description\" content=\"Le respect de la vie priv\u00e9e et de la protection des donn\u00e9es \u00e0 caract\u00e8re personnel constitue un facteur de confiance, valeur \u00e0 laquelle tient particuli\u00e8rement DBWO, en s\u2019attachant au respect des libert\u00e9s et droits fondamentaux de chacun. La pr\u00e9sente politique de protection des donn\u00e9es \u00e0 caract\u00e8re personnel t\u00e9moigne des engagements mis en \u0153uvre par DBWO [&hellip;]\" \/>\n<meta property=\"og:url\" content=\"https:\/\/viqtor.eu\/it\/politique-generale-de-protection-des-donnees-a-caractere-personnel\/\" \/>\n<meta property=\"og:site_name\" content=\"Viqtor\" \/>\n<meta property=\"article:modified_time\" content=\"2023-09-20T10:54:39+00:00\" \/>\n<meta name=\"twitter:card\" content=\"summary_large_image\" \/>\n<meta name=\"twitter:label1\" content=\"Tempo di lettura stimato\" \/>\n\t<meta name=\"twitter:data1\" content=\"7 minuti\" \/>\n<script type=\"application\/ld+json\" class=\"yoast-schema-graph\">{\"@context\":\"https:\/\/schema.org\",\"@graph\":[{\"@type\":\"WebPage\",\"@id\":\"https:\/\/viqtor.eu\/politique-generale-de-protection-des-donnees-a-caractere-personnel\/\",\"url\":\"https:\/\/viqtor.eu\/politique-generale-de-protection-des-donnees-a-caractere-personnel\/\",\"name\":\"Politique g\u00e9n\u00e9rale de protection des donn\u00e9es \u00e0 caract\u00e8re personnel - Viqtor\",\"isPartOf\":{\"@id\":\"https:\/\/viqtor.eu\/#website\"},\"datePublished\":\"2023-07-24T10:33:08+00:00\",\"dateModified\":\"2023-09-20T10:54:39+00:00\",\"breadcrumb\":{\"@id\":\"https:\/\/viqtor.eu\/politique-generale-de-protection-des-donnees-a-caractere-personnel\/#breadcrumb\"},\"inLanguage\":\"it-IT\",\"potentialAction\":[{\"@type\":\"ReadAction\",\"target\":[\"https:\/\/viqtor.eu\/politique-generale-de-protection-des-donnees-a-caractere-personnel\/\"]}]},{\"@type\":\"BreadcrumbList\",\"@id\":\"https:\/\/viqtor.eu\/politique-generale-de-protection-des-donnees-a-caractere-personnel\/#breadcrumb\",\"itemListElement\":[{\"@type\":\"ListItem\",\"position\":1,\"name\":\"Accueil\",\"item\":\"https:\/\/viqtor.eu\/\"},{\"@type\":\"ListItem\",\"position\":2,\"name\":\"Politique g\u00e9n\u00e9rale de protection des donn\u00e9es \u00e0 caract\u00e8re personnel\"}]},{\"@type\":\"WebSite\",\"@id\":\"https:\/\/viqtor.eu\/#website\",\"url\":\"https:\/\/viqtor.eu\/\",\"name\":\"Viqtor\",\"description\":\"Faites du RGPD une opportunit\u00e9 pour votre entreprise.\",\"publisher\":{\"@id\":\"https:\/\/viqtor.eu\/#organization\"},\"potentialAction\":[{\"@type\":\"SearchAction\",\"target\":{\"@type\":\"EntryPoint\",\"urlTemplate\":\"https:\/\/viqtor.eu\/?s={search_term_string}\"},\"query-input\":{\"@type\":\"PropertyValueSpecification\",\"valueRequired\":true,\"valueName\":\"search_term_string\"}}],\"inLanguage\":\"it-IT\"},{\"@type\":\"Organization\",\"@id\":\"https:\/\/viqtor.eu\/#organization\",\"name\":\"viqtor.eu\",\"url\":\"https:\/\/viqtor.eu\/\",\"logo\":{\"@type\":\"ImageObject\",\"inLanguage\":\"it-IT\",\"@id\":\"https:\/\/viqtor.eu\/#\/schema\/logo\/image\/\",\"url\":\"https:\/\/viqtor.eu\/wp-content\/uploads\/2023\/06\/favicon-noir.svg\",\"contentUrl\":\"https:\/\/viqtor.eu\/wp-content\/uploads\/2023\/06\/favicon-noir.svg\",\"width\":108,\"height\":86,\"caption\":\"viqtor.eu\"},\"image\":{\"@id\":\"https:\/\/viqtor.eu\/#\/schema\/logo\/image\/\"}}]}<\/script>\n<!-- \/ Yoast SEO plugin. -->","yoast_head_json":{"title":"Politique g\u00e9n\u00e9rale de protection des donn\u00e9es \u00e0 caract\u00e8re personnel - Viqtor","robots":{"index":"noindex","follow":"nofollow"},"og_locale":"it_IT","og_type":"article","og_title":"Politique g\u00e9n\u00e9rale de protection des donn\u00e9es \u00e0 caract\u00e8re personnel - Viqtor","og_description":"Le respect de la vie priv\u00e9e et de la protection des donn\u00e9es \u00e0 caract\u00e8re personnel constitue un facteur de confiance, valeur \u00e0 laquelle tient particuli\u00e8rement DBWO, en s\u2019attachant au respect des libert\u00e9s et droits fondamentaux de chacun. La pr\u00e9sente politique de protection des donn\u00e9es \u00e0 caract\u00e8re personnel t\u00e9moigne des engagements mis en \u0153uvre par DBWO [&hellip;]","og_url":"https:\/\/viqtor.eu\/it\/politique-generale-de-protection-des-donnees-a-caractere-personnel\/","og_site_name":"Viqtor","article_modified_time":"2023-09-20T10:54:39+00:00","twitter_card":"summary_large_image","twitter_misc":{"Tempo di lettura stimato":"7 minuti"},"schema":{"@context":"https:\/\/schema.org","@graph":[{"@type":"WebPage","@id":"https:\/\/viqtor.eu\/politique-generale-de-protection-des-donnees-a-caractere-personnel\/","url":"https:\/\/viqtor.eu\/politique-generale-de-protection-des-donnees-a-caractere-personnel\/","name":"Politique g\u00e9n\u00e9rale de protection des donn\u00e9es \u00e0 caract\u00e8re personnel - Viqtor","isPartOf":{"@id":"https:\/\/viqtor.eu\/#website"},"datePublished":"2023-07-24T10:33:08+00:00","dateModified":"2023-09-20T10:54:39+00:00","breadcrumb":{"@id":"https:\/\/viqtor.eu\/politique-generale-de-protection-des-donnees-a-caractere-personnel\/#breadcrumb"},"inLanguage":"it-IT","potentialAction":[{"@type":"ReadAction","target":["https:\/\/viqtor.eu\/politique-generale-de-protection-des-donnees-a-caractere-personnel\/"]}]},{"@type":"BreadcrumbList","@id":"https:\/\/viqtor.eu\/politique-generale-de-protection-des-donnees-a-caractere-personnel\/#breadcrumb","itemListElement":[{"@type":"ListItem","position":1,"name":"Accueil","item":"https:\/\/viqtor.eu\/"},{"@type":"ListItem","position":2,"name":"Politique g\u00e9n\u00e9rale de protection des donn\u00e9es \u00e0 caract\u00e8re personnel"}]},{"@type":"WebSite","@id":"https:\/\/viqtor.eu\/#website","url":"https:\/\/viqtor.eu\/","name":"Viqtor","description":"Faites du RGPD une opportunit\u00e9 pour votre entreprise.","publisher":{"@id":"https:\/\/viqtor.eu\/#organization"},"potentialAction":[{"@type":"SearchAction","target":{"@type":"EntryPoint","urlTemplate":"https:\/\/viqtor.eu\/?s={search_term_string}"},"query-input":{"@type":"PropertyValueSpecification","valueRequired":true,"valueName":"search_term_string"}}],"inLanguage":"it-IT"},{"@type":"Organization","@id":"https:\/\/viqtor.eu\/#organization","name":"viqtor.eu","url":"https:\/\/viqtor.eu\/","logo":{"@type":"ImageObject","inLanguage":"it-IT","@id":"https:\/\/viqtor.eu\/#\/schema\/logo\/image\/","url":"https:\/\/viqtor.eu\/wp-content\/uploads\/2023\/06\/favicon-noir.svg","contentUrl":"https:\/\/viqtor.eu\/wp-content\/uploads\/2023\/06\/favicon-noir.svg","width":108,"height":86,"caption":"viqtor.eu"},"image":{"@id":"https:\/\/viqtor.eu\/#\/schema\/logo\/image\/"}}]}},"_links":{"self":[{"href":"https:\/\/viqtor.eu\/it\/wp-json\/wp\/v2\/pages\/8869","targetHints":{"allow":["GET"]}}],"collection":[{"href":"https:\/\/viqtor.eu\/it\/wp-json\/wp\/v2\/pages"}],"about":[{"href":"https:\/\/viqtor.eu\/it\/wp-json\/wp\/v2\/types\/page"}],"author":[{"embeddable":true,"href":"https:\/\/viqtor.eu\/it\/wp-json\/wp\/v2\/users\/1"}],"replies":[{"embeddable":true,"href":"https:\/\/viqtor.eu\/it\/wp-json\/wp\/v2\/comments?post=8869"}],"version-history":[{"count":12,"href":"https:\/\/viqtor.eu\/it\/wp-json\/wp\/v2\/pages\/8869\/revisions"}],"predecessor-version":[{"id":9625,"href":"https:\/\/viqtor.eu\/it\/wp-json\/wp\/v2\/pages\/8869\/revisions\/9625"}],"wp:attachment":[{"href":"https:\/\/viqtor.eu\/it\/wp-json\/wp\/v2\/media?parent=8869"}],"curies":[{"name":"wp","href":"https:\/\/api.w.org\/{rel}","templated":true}]}}