{"id":8661,"date":"2023-07-03T09:34:22","date_gmt":"2023-07-03T09:34:22","guid":{"rendered":"https:\/\/viqtor.eu\/?page_id=8661"},"modified":"2023-08-31T15:33:03","modified_gmt":"2023-08-31T15:33:03","slug":"registre-de-traitement-france","status":"publish","type":"page","link":"https:\/\/viqtor.eu\/it\/registre-de-traitement-france\/","title":{"rendered":"&#8230; registre de traitement France"},"content":{"rendered":"<div data-elementor-type=\"wp-page\" data-elementor-id=\"8661\" class=\"elementor elementor-8661\" data-elementor-post-type=\"page\">\n\t\t\t\t\t\t<section class=\"elementor-section elementor-top-section elementor-element elementor-element-34b7207 ot-traditional elementor-section-boxed elementor-section-height-default elementor-section-height-default\" data-id=\"34b7207\" data-element_type=\"section\">\n\t\t\t\t\t\t<div class=\"elementor-container elementor-column-gap-default\">\n\t\t\t\t\t<div class=\"elementor-column elementor-col-100 elementor-top-column elementor-element elementor-element-aa25a7f ot-flex-column-vertical\" data-id=\"aa25a7f\" data-element_type=\"column\">\n\t\t\t<div class=\"elementor-widget-wrap elementor-element-populated\">\n\t\t\t\t\t\t<div class=\"elementor-element elementor-element-20a0eab elementor-widget elementor-widget-text-editor\" data-id=\"20a0eab\" data-element_type=\"widget\" data-widget_type=\"text-editor.default\">\n\t\t\t\t<div class=\"elementor-widget-container\">\n\t\t\t\t\t\t\t<h1 style=\"text-align: center;\"><span style=\"color: #000000;\"><strong>Viqtor\u00ae \u2013 Semplifica la tua conformit\u00e0 al GDPR con il nostro servizio di registro delle elaborazioni francese<\/strong><\/span><\/h1><p><span style=\"color: #000000;\">Vuoi garantire che la tua azienda sia pienamente conforme al Regolamento Generale sulla Protezione dei Dati (GDPR)? Non cercare oltre! La nostra piattaforma di conformit\u00e0 al GDPR Viqtor\u00ae offre un servizio completo. <strong>Registro dei trattamenti in Francia<\/strong> Una protezione dei dati completa ed efficiente per supportarvi in questo processo cruciale. Il nostro team di esperti in protezione dei dati \u00e8 specializzato nella creazione e gestione di archivi conformi al GDPR. Comprendiamo l&#039;importanza di documentare tutte le elaborazioni dei dati all&#039;interno della vostra organizzazione, che si tratti di dati dei clienti, dati personali dei dipendenti o qualsiasi altra informazione sensibile.<\/span><\/p><p><span style=\"color: #000000;\">Grazie al nostro servizio di <strong><span style=\"color: #000000;\"><a style=\"color: #000000;\" href=\"https:\/\/viqtor.eu\/it\/registre-de-traitement\/\">registro dei trattamenti<\/a><\/span> Francia<\/strong> dati, ti offriamo i seguenti vantaggi:<\/span><\/p>\t\t\t\t\t\t<\/div>\n\t\t\t\t<\/div>\n\t\t\t\t\t<\/div>\n\t\t<\/div>\n\t\t\t\t\t<\/div>\n\t\t<\/section>\n\t\t\t\t<section class=\"elementor-section elementor-top-section elementor-element elementor-element-30e8ba3 ot-traditional elementor-section-boxed elementor-section-height-default elementor-section-height-default\" data-id=\"30e8ba3\" data-element_type=\"section\">\n\t\t\t\t\t\t<div class=\"elementor-container elementor-column-gap-default\">\n\t\t\t\t\t<div class=\"elementor-column elementor-col-100 elementor-top-column elementor-element elementor-element-e72c199 ot-flex-column-vertical\" data-id=\"e72c199\" data-element_type=\"column\">\n\t\t\t<div class=\"elementor-widget-wrap elementor-element-populated\">\n\t\t\t\t\t\t<section class=\"elementor-section elementor-inner-section elementor-element elementor-element-eb9b6ef elementor-section-content-middle ot-traditional elementor-section-boxed elementor-section-height-default elementor-section-height-default\" data-id=\"eb9b6ef\" data-element_type=\"section\">\n\t\t\t\t\t\t<div class=\"elementor-container elementor-column-gap-default\">\n\t\t\t\t\t<div class=\"elementor-column elementor-col-50 elementor-inner-column elementor-element elementor-element-fec129d ot-flex-column-vertical\" data-id=\"fec129d\" data-element_type=\"column\">\n\t\t\t<div class=\"elementor-widget-wrap elementor-element-populated\">\n\t\t\t\t\t\t<div class=\"elementor-element elementor-element-914332b elementor-widget elementor-widget-text-editor\" data-id=\"914332b\" data-element_type=\"widget\" data-widget_type=\"text-editor.default\">\n\t\t\t\t<div class=\"elementor-widget-container\">\n\t\t\t\t\t\t\t<h6><span style=\"color: #000000;\">1. Piena conformit\u00e0: <\/span><\/h6><p><span style=\"color: #000000;\">Vi aiutiamo a identificare e documentare tutti i trattamenti di dati all&#039;interno della vostra organizzazione, in conformit\u00e0 con i requisiti del GDPR. Il nostro approccio rigoroso garantisce il rispetto dei principi chiave del regolamento, come liceit\u00e0, trasparenza e limitazione delle finalit\u00e0.<\/span><\/p><h6><span style=\"color: #000000;\">2. Gestione semplificata: <\/span><\/h6><p><span style=\"color: #000000;\">La nostra piattaforma intuitiva ti consente di centralizzare e gestire facilmente tutte le informazioni relative al tuo <strong><span style=\"color: #000000;\"><a style=\"color: #000000;\" href=\"https:\/\/viqtor.eu\/it\/registre-de-traitement\/\">registro dei trattamenti<\/a><\/span> Francia<\/strong>\u00c8 possibile aggiungere, modificare o eliminare record con pochi clic e generare report dettagliati in qualsiasi momento.<\/span><\/p>\t\t\t\t\t\t<\/div>\n\t\t\t\t<\/div>\n\t\t\t\t\t<\/div>\n\t\t<\/div>\n\t\t\t\t<div class=\"elementor-column elementor-col-50 elementor-inner-column elementor-element elementor-element-96f5aa0 ot-flex-column-vertical\" data-id=\"96f5aa0\" data-element_type=\"column\">\n\t\t\t<div class=\"elementor-widget-wrap elementor-element-populated\">\n\t\t\t\t\t\t<div class=\"elementor-element elementor-element-323deb6 elementor-widget__width-initial elementor-widget elementor-widget-image\" data-id=\"323deb6\" data-element_type=\"widget\" data-widget_type=\"image.default\">\n\t\t\t\t<div class=\"elementor-widget-container\">\n\t\t\t\t\t\t\t\t\t\t\t\t\t<img fetchpriority=\"high\" decoding=\"async\" width=\"1024\" height=\"1024\" src=\"https:\/\/viqtor.eu\/wp-content\/uploads\/2023\/07\/registre-de-traitement-1024x1024.jpg\" class=\"attachment-large size-large wp-image-8675\" alt=\"Registre de traitement RGPD France\" srcset=\"https:\/\/viqtor.eu\/wp-content\/uploads\/2023\/07\/registre-de-traitement-1024x1024.jpg 1024w, https:\/\/viqtor.eu\/wp-content\/uploads\/2023\/07\/registre-de-traitement-300x300.jpg 300w, https:\/\/viqtor.eu\/wp-content\/uploads\/2023\/07\/registre-de-traitement-150x150.jpg 150w, https:\/\/viqtor.eu\/wp-content\/uploads\/2023\/07\/registre-de-traitement-768x768.jpg 768w, https:\/\/viqtor.eu\/wp-content\/uploads\/2023\/07\/registre-de-traitement-1536x1536.jpg 1536w, https:\/\/viqtor.eu\/wp-content\/uploads\/2023\/07\/registre-de-traitement-2048x2048.jpg 2048w, https:\/\/viqtor.eu\/wp-content\/uploads\/2023\/07\/registre-de-traitement-720x720.jpg 720w\" sizes=\"(max-width: 1024px) 100vw, 1024px\" \/>\t\t\t\t\t\t\t\t\t\t\t\t\t<\/div>\n\t\t\t\t<\/div>\n\t\t\t\t\t<\/div>\n\t\t<\/div>\n\t\t\t\t\t<\/div>\n\t\t<\/section>\n\t\t\t\t\t<\/div>\n\t\t<\/div>\n\t\t\t\t\t<\/div>\n\t\t<\/section>\n\t\t\t\t<section class=\"elementor-section elementor-top-section elementor-element elementor-element-aa4b47d elementor-section-content-middle ot-traditional elementor-section-boxed elementor-section-height-default elementor-section-height-default\" data-id=\"aa4b47d\" data-element_type=\"section\">\n\t\t\t\t\t\t\t<div class=\"elementor-background-overlay\"><\/div>\n\t\t\t\t\t\t\t<div class=\"elementor-container elementor-column-gap-extended\">\n\t\t\t\t\t<div class=\"elementor-column elementor-col-50 elementor-top-column elementor-element elementor-element-8243aef elementor-hidden-tablet elementor-hidden-phone ot-column-items-top ot-flex-column-vertical\" data-id=\"8243aef\" data-element_type=\"column\" data-settings=\"{&quot;background_background&quot;:&quot;classic&quot;}\">\n\t\t\t<div class=\"elementor-widget-wrap elementor-element-populated\">\n\t\t\t\t\t\t<div class=\"elementor-element elementor-element-47e8a70 elementor-widget elementor-widget-image\" data-id=\"47e8a70\" data-element_type=\"widget\" data-widget_type=\"image.default\">\n\t\t\t\t<div class=\"elementor-widget-container\">\n\t\t\t\t\t\t\t\t\t\t\t\t\t<img decoding=\"async\" width=\"1024\" height=\"865\" src=\"https:\/\/viqtor.eu\/wp-content\/uploads\/2023\/07\/registre-de-traitement-des-donnees-1024x865.jpg\" class=\"attachment-large size-large wp-image-8676\" alt=\"registre de traitement\" srcset=\"https:\/\/viqtor.eu\/wp-content\/uploads\/2023\/07\/registre-de-traitement-des-donnees-1024x865.jpg 1024w, https:\/\/viqtor.eu\/wp-content\/uploads\/2023\/07\/registre-de-traitement-des-donnees-300x253.jpg 300w, https:\/\/viqtor.eu\/wp-content\/uploads\/2023\/07\/registre-de-traitement-des-donnees-768x649.jpg 768w, https:\/\/viqtor.eu\/wp-content\/uploads\/2023\/07\/registre-de-traitement-des-donnees-1536x1297.jpg 1536w, https:\/\/viqtor.eu\/wp-content\/uploads\/2023\/07\/registre-de-traitement-des-donnees-2048x1729.jpg 2048w, https:\/\/viqtor.eu\/wp-content\/uploads\/2023\/07\/registre-de-traitement-des-donnees-720x608.jpg 720w\" sizes=\"(max-width: 1024px) 100vw, 1024px\" \/>\t\t\t\t\t\t\t\t\t\t\t\t\t<\/div>\n\t\t\t\t<\/div>\n\t\t\t\t\t<\/div>\n\t\t<\/div>\n\t\t\t\t<div class=\"elementor-column elementor-col-50 elementor-top-column elementor-element elementor-element-5e7b92b ot-flex-column-vertical\" data-id=\"5e7b92b\" data-element_type=\"column\">\n\t\t\t<div class=\"elementor-widget-wrap elementor-element-populated\">\n\t\t\t\t\t\t<div class=\"elementor-element elementor-element-72485af elementor-widget__width-initial elementor-widget elementor-widget-text-editor\" data-id=\"72485af\" data-element_type=\"widget\" data-widget_type=\"text-editor.default\">\n\t\t\t\t<div class=\"elementor-widget-container\">\n\t\t\t\t\t\t\t<h6><span style=\"color: #000000;\">3. Monitoraggio degli sviluppi: <\/span><\/h6><p><span style=\"color: #000000;\">Il GDPR \u00e8 un regolamento in continua evoluzione e ci assicuriamo che i tuoi dati siano sempre aggiornati. Ti teniamo informato sulle principali modifiche legislative e sui nuovi obblighi in materia di protezione dei dati, cos\u00ec puoi rimanere sempre conforme.<\/span><\/p><h6><span style=\"color: #000000;\">4. Riservatezza e sicurezza: <\/span><\/h6><p><span style=\"color: #000000;\">Prendiamo molto seriamente la privacy e la sicurezza dei tuoi dati. La nostra piattaforma utilizza protocolli di crittografia avanzati e robuste misure di sicurezza per garantire la riservatezza delle informazioni archiviate.<\/span><\/p><h6>5. Supporto esperto:<\/h6><p><span style=\"color: #000000;\">Il nostro team di specialisti \u00e8 a tua disposizione per rispondere a tutte le tue domande e fornirti supporto tecnico e normativo. Ci impegniamo a supportarti durante tutto il tuo percorso di conformit\u00e0 al GDPR e ad aiutarti a superare le sfide legate alla protezione dei dati.<\/span><\/p>\t\t\t\t\t\t<\/div>\n\t\t\t\t<\/div>\n\t\t\t\t\t<\/div>\n\t\t<\/div>\n\t\t\t\t\t<\/div>\n\t\t<\/section>\n\t\t\t\t<section class=\"elementor-section elementor-top-section elementor-element elementor-element-f46331b elementor-section-content-middle ot-traditional elementor-section-boxed elementor-section-height-default elementor-section-height-default\" data-id=\"f46331b\" data-element_type=\"section\" data-settings=\"{&quot;background_background&quot;:&quot;classic&quot;}\">\n\t\t\t\t\t\t\t<div class=\"elementor-background-overlay\"><\/div>\n\t\t\t\t\t\t\t<div class=\"elementor-container elementor-column-gap-default\">\n\t\t\t\t\t<div class=\"elementor-column elementor-col-100 elementor-top-column elementor-element elementor-element-c1653f8 ot-column-items-center ot-flex-column-vertical\" data-id=\"c1653f8\" data-element_type=\"column\">\n\t\t\t<div class=\"elementor-widget-wrap elementor-element-populated\">\n\t\t\t\t\t\t<div class=\"elementor-element elementor-element-0b99088 elementor-widget__width-initial elementor-widget elementor-widget-iheading\" data-id=\"0b99088\" data-element_type=\"widget\" data-widget_type=\"iheading.default\">\n\t\t\t\t<div class=\"elementor-widget-container\">\n\t\t\t\t\t<div class=\"ot-heading\">\r\n\t        \t            <span>\/\/ CON VIQTOR\u00ae<\/span>\r\n\t        <p class=\"main-heading\">Non correre rischi con la conformit\u00e0 al GDPR. Affidati al nostro servizio di registro del trattamento dei dati in Francia per garantire che la tua azienda soddisfi i pi\u00f9 severi requisiti di protezione dei dati. Contattaci oggi stesso per saperne di pi\u00f9 e iniziare il tuo percorso verso la conformit\u00e0.<\/p>\t    <\/div>\r\n\t    \t\t<\/div>\n\t\t\t\t<\/div>\n\t\t\t\t\t<\/div>\n\t\t<\/div>\n\t\t\t\t\t<\/div>\n\t\t<\/section>\n\t\t\t\t<section class=\"elementor-section elementor-top-section elementor-element elementor-element-c0ca5fe ot-traditional elementor-section-boxed elementor-section-height-default elementor-section-height-default\" data-id=\"c0ca5fe\" data-element_type=\"section\">\n\t\t\t\t\t\t<div class=\"elementor-container elementor-column-gap-default\">\n\t\t\t\t\t<div class=\"elementor-column elementor-col-100 elementor-top-column elementor-element elementor-element-de64556 ot-flex-column-vertical\" data-id=\"de64556\" data-element_type=\"column\">\n\t\t\t<div class=\"elementor-widget-wrap elementor-element-populated\">\n\t\t\t\t\t\t<div class=\"elementor-element elementor-element-31c9ab0 elementor-widget elementor-widget-text-editor\" data-id=\"31c9ab0\" data-element_type=\"widget\" data-widget_type=\"text-editor.default\">\n\t\t\t\t<div class=\"elementor-widget-container\">\n\t\t\t\t\t\t\t<p style=\"text-align: center;\"><a class=\"wp-block-button__link has-vivid-cyan-blue-background-color has-background has-text-align-center wp-element-button\" href=\"https:\/\/app.viqtor.eu\/\" target=\"_blank\" rel=\"noreferrer noopener\">Scopri Viqtor<span style=\"color: #ffffff;\">\u00ae<\/span><\/a><\/p>\t\t\t\t\t\t<\/div>\n\t\t\t\t<\/div>\n\t\t\t\t\t<\/div>\n\t\t<\/div>\n\t\t\t\t\t<\/div>\n\t\t<\/section>\n\t\t\t\t<\/div>","protected":false},"excerpt":{"rendered":"<p>Viqtor\u00ae\u00a0 \u2013 Simplifiez votre mise en conformit\u00e9 RGPD avec notre service de registre de traitement France Vous souhaitez vous assurer que votre entreprise est pleinement conforme au r\u00e8glement g\u00e9n\u00e9ral sur la protection des donn\u00e9es (RGPD) ? Ne cherchez pas plus loin ! Notre plateforme de mise en conformit\u00e9 RGPD Viqtor\u00ae propose une prestation de registre [&hellip;]<\/p>","protected":false},"author":1,"featured_media":0,"parent":0,"menu_order":0,"comment_status":"closed","ping_status":"closed","template":"","meta":{"_acf_changed":false,"footnotes":""},"class_list":["post-8661","page","type-page","status-publish","hentry"],"acf":[],"yoast_head":"<!-- This site is optimized with the Yoast SEO plugin v23.6 - https:\/\/yoast.com\/wordpress\/plugins\/seo\/ -->\n<title>registre de traitement France - Viqtor<\/title>\n<meta name=\"description\" content=\"Simplifiez votre mise en conformit\u00e9 RGPD avec notre service de registre des traitements France des donn\u00e9es. D\u00e9couvrez la plateforme Viqtor.\" \/>\n<meta name=\"robots\" content=\"index, follow, max-snippet:-1, max-image-preview:large, max-video-preview:-1\" \/>\n<link rel=\"canonical\" href=\"https:\/\/viqtor.eu\/it\/registre-de-traitement-france\/\" \/>\n<meta property=\"og:locale\" content=\"it_IT\" \/>\n<meta property=\"og:type\" content=\"article\" \/>\n<meta property=\"og:title\" content=\"registre de traitement France - Viqtor\" \/>\n<meta property=\"og:description\" content=\"Simplifiez votre mise en conformit\u00e9 RGPD avec notre service de registre des traitements France des donn\u00e9es. D\u00e9couvrez la plateforme Viqtor.\" \/>\n<meta property=\"og:url\" content=\"https:\/\/viqtor.eu\/it\/registre-de-traitement-france\/\" \/>\n<meta property=\"og:site_name\" content=\"Viqtor\" \/>\n<meta property=\"article:modified_time\" content=\"2023-08-31T15:33:03+00:00\" \/>\n<meta property=\"og:image\" content=\"https:\/\/viqtor.eu\/wp-content\/uploads\/2026\/04\/widget-viqtor.png\" \/>\n<meta name=\"twitter:card\" content=\"summary_large_image\" \/>\n<meta name=\"twitter:label1\" content=\"Tempo di lettura stimato\" \/>\n\t<meta name=\"twitter:data1\" content=\"3 minuti\" \/>\n<script type=\"application\/ld+json\" class=\"yoast-schema-graph\">{\"@context\":\"https:\/\/schema.org\",\"@graph\":[{\"@type\":\"WebPage\",\"@id\":\"https:\/\/viqtor.eu\/registre-de-traitement-france\/\",\"url\":\"https:\/\/viqtor.eu\/registre-de-traitement-france\/\",\"name\":\"registre de traitement France - Viqtor\",\"isPartOf\":{\"@id\":\"https:\/\/viqtor.eu\/#website\"},\"primaryImageOfPage\":{\"@id\":\"https:\/\/viqtor.eu\/registre-de-traitement-france\/#primaryimage\"},\"image\":{\"@id\":\"https:\/\/viqtor.eu\/registre-de-traitement-france\/#primaryimage\"},\"thumbnailUrl\":\"https:\/\/viqtor.eu\/wp-content\/uploads\/2023\/07\/registre-de-traitement-1024x1024.jpg\",\"datePublished\":\"2023-07-03T09:34:22+00:00\",\"dateModified\":\"2023-08-31T15:33:03+00:00\",\"description\":\"Simplifiez votre mise en conformit\u00e9 RGPD avec notre service de registre des traitements France des donn\u00e9es. D\u00e9couvrez la plateforme Viqtor.\",\"breadcrumb\":{\"@id\":\"https:\/\/viqtor.eu\/registre-de-traitement-france\/#breadcrumb\"},\"inLanguage\":\"it-IT\",\"potentialAction\":[{\"@type\":\"ReadAction\",\"target\":[\"https:\/\/viqtor.eu\/registre-de-traitement-france\/\"]}]},{\"@type\":\"ImageObject\",\"inLanguage\":\"it-IT\",\"@id\":\"https:\/\/viqtor.eu\/registre-de-traitement-france\/#primaryimage\",\"url\":\"https:\/\/viqtor.eu\/wp-content\/uploads\/2023\/07\/registre-de-traitement-1024x1024.jpg\",\"contentUrl\":\"https:\/\/viqtor.eu\/wp-content\/uploads\/2023\/07\/registre-de-traitement-1024x1024.jpg\"},{\"@type\":\"BreadcrumbList\",\"@id\":\"https:\/\/viqtor.eu\/registre-de-traitement-france\/#breadcrumb\",\"itemListElement\":[{\"@type\":\"ListItem\",\"position\":1,\"name\":\"Accueil\",\"item\":\"https:\/\/viqtor.eu\/\"},{\"@type\":\"ListItem\",\"position\":2,\"name\":\"&#8230; registre de traitement France\"}]},{\"@type\":\"WebSite\",\"@id\":\"https:\/\/viqtor.eu\/#website\",\"url\":\"https:\/\/viqtor.eu\/\",\"name\":\"Viqtor\",\"description\":\"Faites du RGPD une opportunit\u00e9 pour votre entreprise.\",\"publisher\":{\"@id\":\"https:\/\/viqtor.eu\/#organization\"},\"potentialAction\":[{\"@type\":\"SearchAction\",\"target\":{\"@type\":\"EntryPoint\",\"urlTemplate\":\"https:\/\/viqtor.eu\/?s={search_term_string}\"},\"query-input\":{\"@type\":\"PropertyValueSpecification\",\"valueRequired\":true,\"valueName\":\"search_term_string\"}}],\"inLanguage\":\"it-IT\"},{\"@type\":\"Organization\",\"@id\":\"https:\/\/viqtor.eu\/#organization\",\"name\":\"viqtor.eu\",\"url\":\"https:\/\/viqtor.eu\/\",\"logo\":{\"@type\":\"ImageObject\",\"inLanguage\":\"it-IT\",\"@id\":\"https:\/\/viqtor.eu\/#\/schema\/logo\/image\/\",\"url\":\"https:\/\/viqtor.eu\/wp-content\/uploads\/2023\/06\/favicon-noir.svg\",\"contentUrl\":\"https:\/\/viqtor.eu\/wp-content\/uploads\/2023\/06\/favicon-noir.svg\",\"width\":108,\"height\":86,\"caption\":\"viqtor.eu\"},\"image\":{\"@id\":\"https:\/\/viqtor.eu\/#\/schema\/logo\/image\/\"}}]}<\/script>\n<!-- \/ Yoast SEO plugin. -->","yoast_head_json":{"title":"registre de traitement France - Viqtor","description":"Simplifiez votre mise en conformit\u00e9 RGPD avec notre service de registre des traitements France des donn\u00e9es. D\u00e9couvrez la plateforme Viqtor.","robots":{"index":"index","follow":"follow","max-snippet":"max-snippet:-1","max-image-preview":"max-image-preview:large","max-video-preview":"max-video-preview:-1"},"canonical":"https:\/\/viqtor.eu\/it\/registre-de-traitement-france\/","og_locale":"it_IT","og_type":"article","og_title":"registre de traitement France - Viqtor","og_description":"Simplifiez votre mise en conformit\u00e9 RGPD avec notre service de registre des traitements France des donn\u00e9es. D\u00e9couvrez la plateforme Viqtor.","og_url":"https:\/\/viqtor.eu\/it\/registre-de-traitement-france\/","og_site_name":"Viqtor","article_modified_time":"2023-08-31T15:33:03+00:00","og_image":[{"url":"https:\/\/viqtor.eu\/wp-content\/uploads\/2026\/04\/widget-viqtor.png"}],"twitter_card":"summary_large_image","twitter_misc":{"Tempo di lettura stimato":"3 minuti"},"schema":{"@context":"https:\/\/schema.org","@graph":[{"@type":"WebPage","@id":"https:\/\/viqtor.eu\/registre-de-traitement-france\/","url":"https:\/\/viqtor.eu\/registre-de-traitement-france\/","name":"registre de traitement France - Viqtor","isPartOf":{"@id":"https:\/\/viqtor.eu\/#website"},"primaryImageOfPage":{"@id":"https:\/\/viqtor.eu\/registre-de-traitement-france\/#primaryimage"},"image":{"@id":"https:\/\/viqtor.eu\/registre-de-traitement-france\/#primaryimage"},"thumbnailUrl":"https:\/\/viqtor.eu\/wp-content\/uploads\/2023\/07\/registre-de-traitement-1024x1024.jpg","datePublished":"2023-07-03T09:34:22+00:00","dateModified":"2023-08-31T15:33:03+00:00","description":"Simplifiez votre mise en conformit\u00e9 RGPD avec notre service de registre des traitements France des donn\u00e9es. D\u00e9couvrez la plateforme Viqtor.","breadcrumb":{"@id":"https:\/\/viqtor.eu\/registre-de-traitement-france\/#breadcrumb"},"inLanguage":"it-IT","potentialAction":[{"@type":"ReadAction","target":["https:\/\/viqtor.eu\/registre-de-traitement-france\/"]}]},{"@type":"ImageObject","inLanguage":"it-IT","@id":"https:\/\/viqtor.eu\/registre-de-traitement-france\/#primaryimage","url":"https:\/\/viqtor.eu\/wp-content\/uploads\/2023\/07\/registre-de-traitement-1024x1024.jpg","contentUrl":"https:\/\/viqtor.eu\/wp-content\/uploads\/2023\/07\/registre-de-traitement-1024x1024.jpg"},{"@type":"BreadcrumbList","@id":"https:\/\/viqtor.eu\/registre-de-traitement-france\/#breadcrumb","itemListElement":[{"@type":"ListItem","position":1,"name":"Accueil","item":"https:\/\/viqtor.eu\/"},{"@type":"ListItem","position":2,"name":"&#8230; registre de traitement France"}]},{"@type":"WebSite","@id":"https:\/\/viqtor.eu\/#website","url":"https:\/\/viqtor.eu\/","name":"Viqtor","description":"Faites du RGPD une opportunit\u00e9 pour votre entreprise.","publisher":{"@id":"https:\/\/viqtor.eu\/#organization"},"potentialAction":[{"@type":"SearchAction","target":{"@type":"EntryPoint","urlTemplate":"https:\/\/viqtor.eu\/?s={search_term_string}"},"query-input":{"@type":"PropertyValueSpecification","valueRequired":true,"valueName":"search_term_string"}}],"inLanguage":"it-IT"},{"@type":"Organization","@id":"https:\/\/viqtor.eu\/#organization","name":"viqtor.eu","url":"https:\/\/viqtor.eu\/","logo":{"@type":"ImageObject","inLanguage":"it-IT","@id":"https:\/\/viqtor.eu\/#\/schema\/logo\/image\/","url":"https:\/\/viqtor.eu\/wp-content\/uploads\/2023\/06\/favicon-noir.svg","contentUrl":"https:\/\/viqtor.eu\/wp-content\/uploads\/2023\/06\/favicon-noir.svg","width":108,"height":86,"caption":"viqtor.eu"},"image":{"@id":"https:\/\/viqtor.eu\/#\/schema\/logo\/image\/"}}]}},"_links":{"self":[{"href":"https:\/\/viqtor.eu\/it\/wp-json\/wp\/v2\/pages\/8661","targetHints":{"allow":["GET"]}}],"collection":[{"href":"https:\/\/viqtor.eu\/it\/wp-json\/wp\/v2\/pages"}],"about":[{"href":"https:\/\/viqtor.eu\/it\/wp-json\/wp\/v2\/types\/page"}],"author":[{"embeddable":true,"href":"https:\/\/viqtor.eu\/it\/wp-json\/wp\/v2\/users\/1"}],"replies":[{"embeddable":true,"href":"https:\/\/viqtor.eu\/it\/wp-json\/wp\/v2\/comments?post=8661"}],"version-history":[{"count":16,"href":"https:\/\/viqtor.eu\/it\/wp-json\/wp\/v2\/pages\/8661\/revisions"}],"predecessor-version":[{"id":9576,"href":"https:\/\/viqtor.eu\/it\/wp-json\/wp\/v2\/pages\/8661\/revisions\/9576"}],"wp:attachment":[{"href":"https:\/\/viqtor.eu\/it\/wp-json\/wp\/v2\/media?parent=8661"}],"curies":[{"name":"wp","href":"https:\/\/api.w.org\/{rel}","templated":true}]}}