{"id":12636,"date":"2025-02-11T12:29:59","date_gmt":"2025-02-11T12:29:59","guid":{"rendered":"https:\/\/viqtor.eu\/?page_id=12636"},"modified":"2025-02-17T12:23:40","modified_gmt":"2025-02-17T12:23:40","slug":"guide-sur-laudit-de-conformite-rgpd","status":"publish","type":"page","link":"https:\/\/viqtor.eu\/it\/guide-sur-laudit-de-conformite-rgpd\/","title":{"rendered":"Guida all&#039;audit di conformit\u00e0 al GDPR"},"content":{"rendered":"<div data-elementor-type=\"wp-page\" data-elementor-id=\"12636\" class=\"elementor elementor-12636\" data-elementor-post-type=\"page\">\n\t\t\t\t\t\t<section class=\"elementor-section elementor-top-section elementor-element elementor-element-487d106 elementor-section-content-middle ot-traditional elementor-section-boxed elementor-section-height-default elementor-section-height-default\" data-id=\"487d106\" data-element_type=\"section\" data-settings=\"{&quot;background_background&quot;:&quot;classic&quot;}\">\n\t\t\t\t\t\t\t<div class=\"elementor-background-overlay\"><\/div>\n\t\t\t\t\t\t\t<div class=\"elementor-container elementor-column-gap-default\">\n\t\t\t\t\t<div class=\"elementor-column elementor-col-100 elementor-top-column elementor-element elementor-element-7cb43dc ot-column-items-center ot-flex-column-vertical\" data-id=\"7cb43dc\" data-element_type=\"column\">\n\t\t\t<div class=\"elementor-widget-wrap elementor-element-populated\">\n\t\t\t\t\t\t<div class=\"elementor-element elementor-element-f174978 elementor-widget__width-initial elementor-widget elementor-widget-iheading\" data-id=\"f174978\" data-element_type=\"widget\" data-widget_type=\"iheading.default\">\n\t\t\t\t<div class=\"elementor-widget-container\">\n\t\t\t\t\t<div class=\"ot-heading\">\r\n\t        \t            <span>\/\/ La piattaforma Viqtor\u00ae<\/span>\r\n\t        <h1 class=\"main-heading\">\n\nViqtor\u00ae: Guida completa all&#039;audit di conformit\u00e0 al GDPR\n\n<\/h1>\t    <\/div>\r\n\t    \t\t<\/div>\n\t\t\t\t<\/div>\n\t\t\t\t\t<\/div>\n\t\t<\/div>\n\t\t\t\t\t<\/div>\n\t\t<\/section>\n\t\t\t\t<section class=\"elementor-section elementor-top-section elementor-element elementor-element-6bfd0a4 ot-traditional elementor-section-boxed elementor-section-height-default elementor-section-height-default\" data-id=\"6bfd0a4\" data-element_type=\"section\">\n\t\t\t\t\t\t<div class=\"elementor-container elementor-column-gap-default\">\n\t\t\t\t\t<div class=\"elementor-column elementor-col-100 elementor-top-column elementor-element elementor-element-9e9d643 ot-flex-column-vertical\" data-id=\"9e9d643\" data-element_type=\"column\">\n\t\t\t<div class=\"elementor-widget-wrap elementor-element-populated\">\n\t\t\t\t\t\t<div class=\"elementor-element elementor-element-4ca1c81 elementor-widget elementor-widget-text-editor\" data-id=\"4ca1c81\" data-element_type=\"widget\" data-widget_type=\"text-editor.default\">\n\t\t\t\t<div class=\"elementor-widget-container\">\n\t\t\t\t\t\t\t<p>Il Regolamento Generale sulla Protezione dei Dati (GDPR) \u00e8 un quadro normativo che impone alle aziende e alle organizzazioni di garantire la protezione dei dati personali dei cittadini dell&#039;Unione Europea. Condurre un audit di conformit\u00e0 al GDPR \u00e8 un passaggio essenziale per garantire che la tua azienda rispetti questi obblighi legali.<\/p><p>In questa guida esploreremo i passaggi chiave di un <strong>Audit di conformit\u00e0 al GDPR<\/strong>, errori comuni da evitare e consigli pratici per garantire un&#039;efficace conformit\u00e0.<\/p><h2>Che cos&#039;\u00e8 un audit di conformit\u00e0 al GDPR?<\/h2><p>Un audit di conformit\u00e0 al GDPR \u00e8 un processo di valutazione volto a identificare eventuali lacune tra le attuali pratiche di un&#039;organizzazione e i requisiti del GDPR. Il suo obiettivo \u00e8:<\/p><ul><li>Analizzare il trattamento dei dati personali.<\/li><li>Identificare i rischi per la protezione dei dati.<\/li><li>Attuare misure correttive per garantire la conformit\u00e0.<\/li><\/ul><p>L&#039;audit pu\u00f2 essere effettuato internamente da un DPO (responsabile della protezione dei dati) o da un esperto esterno specializzato.<\/p><hr \/><h2>2. Fasi di un audit di conformit\u00e0 al GDPR<\/h2><p><strong>Identificazione del trattamento dei dati<\/strong><\/p><ul><li>Elencare tutti i dati personali raccolti, archiviati ed elaborati.<\/li><li>Determinare le basi giuridiche di tali trattamenti (consenso, obbligo di legge, esecuzione contrattuale, ecc.).<\/li><li>Verificare le finalit\u00e0 per cui vengono utilizzati i dati.<\/li><\/ul><p><strong>Verifica delle basi giuridiche<\/strong><\/p><ul><li>Assicurarsi che ogni trattamento dei dati sia basato su una valida base giuridica.<\/li><li>Assicurarsi che il consenso dell&#039;utente venga raccolto esplicitamente quando richiesto.<\/li><\/ul><p><strong>Analisi dei diritti umani<\/strong><\/p><ul><li>Verificare se gli interessati possono esercitare agevolmente i propri diritti (accesso, rettifica, cancellazione, portabilit\u00e0, ecc.).<\/li><li>Assicurati che la tua informativa sulla privacy sia chiara e accessibile.<\/li><\/ul><p><strong>Sicurezza dei dati<\/strong><\/p><ul><li>Valutare le misure di sicurezza implementate per proteggere i dati (cifratura, pseudonimizzazione, controllo degli accessi, ecc.).<\/li><li>Metti alla prova la robustezza dei tuoi protocolli di sicurezza per prevenire violazioni dei dati.<\/li><\/ul><p><strong>Documentazione e conformit\u00e0<\/strong><\/p><ul><li>Mantenere un registro aggiornato dell&#039;elaborazione dei dati.<\/li><li>Verificare che sia stato predisposto un piano di risposta agli incidenti di sicurezza.<\/li><li>Garantire che i contratti con i subappaltatori siano conformi al GDPR.<\/li><\/ul><p><strong>Consapevolezza e formazione<\/strong><\/p><ul><li>Forma i tuoi team sulle buone pratiche di protezione dei dati.<\/li><li>Assicuratevi che i dipendenti siano a conoscenza delle proprie responsabilit\u00e0 in merito al GDPR.<\/li><\/ul>\t\t\t\t\t\t<\/div>\n\t\t\t\t<\/div>\n\t\t\t\t\t<\/div>\n\t\t<\/div>\n\t\t\t\t\t<\/div>\n\t\t<\/section>\n\t\t\t\t<section class=\"elementor-section elementor-top-section elementor-element elementor-element-e58c8b9 ot-traditional elementor-section-boxed elementor-section-height-default elementor-section-height-default\" data-id=\"e58c8b9\" data-element_type=\"section\">\n\t\t\t\t\t\t<div class=\"elementor-container elementor-column-gap-default\">\n\t\t\t\t\t<div class=\"elementor-column elementor-col-50 elementor-top-column elementor-element elementor-element-2ec2fea ot-flex-column-vertical\" data-id=\"2ec2fea\" data-element_type=\"column\">\n\t\t\t<div class=\"elementor-widget-wrap elementor-element-populated\">\n\t\t\t\t\t\t<div class=\"elementor-element elementor-element-b96b62f elementor-widget elementor-widget-image\" data-id=\"b96b62f\" data-element_type=\"widget\" data-widget_type=\"image.default\">\n\t\t\t\t<div class=\"elementor-widget-container\">\n\t\t\t\t\t\t\t\t\t\t\t\t\t<img fetchpriority=\"high\" decoding=\"async\" width=\"1024\" height=\"584\" src=\"https:\/\/viqtor.eu\/wp-content\/uploads\/2024\/06\/Dashboard-copie-1024x584.png\" class=\"attachment-large size-large wp-image-11131\" alt=\"home viqtor\" srcset=\"https:\/\/viqtor.eu\/wp-content\/uploads\/2024\/06\/Dashboard-copie-1024x584.png 1024w, https:\/\/viqtor.eu\/wp-content\/uploads\/2024\/06\/Dashboard-copie-300x171.png 300w, https:\/\/viqtor.eu\/wp-content\/uploads\/2024\/06\/Dashboard-copie-768x438.png 768w, https:\/\/viqtor.eu\/wp-content\/uploads\/2024\/06\/Dashboard-copie-1536x876.png 1536w, https:\/\/viqtor.eu\/wp-content\/uploads\/2024\/06\/Dashboard-copie-2048x1168.png 2048w, https:\/\/viqtor.eu\/wp-content\/uploads\/2024\/06\/Dashboard-copie-720x411.png 720w\" sizes=\"(max-width: 1024px) 100vw, 1024px\" \/>\t\t\t\t\t\t\t\t\t\t\t\t\t<\/div>\n\t\t\t\t<\/div>\n\t\t\t\t\t<\/div>\n\t\t<\/div>\n\t\t\t\t<div class=\"elementor-column elementor-col-50 elementor-top-column elementor-element elementor-element-5e6ca7a ot-flex-column-vertical\" data-id=\"5e6ca7a\" data-element_type=\"column\">\n\t\t\t<div class=\"elementor-widget-wrap elementor-element-populated\">\n\t\t\t\t\t\t<div class=\"elementor-element elementor-element-fc70a7e elementor-widget elementor-widget-image\" data-id=\"fc70a7e\" data-element_type=\"widget\" data-widget_type=\"image.default\">\n\t\t\t\t<div class=\"elementor-widget-container\">\n\t\t\t\t\t\t\t\t\t\t\t\t\t<img decoding=\"async\" width=\"646\" height=\"386\" src=\"https:\/\/viqtor.eu\/wp-content\/uploads\/2024\/03\/pika-1711032360924-1x-removebg-preview.png\" class=\"attachment-large size-large wp-image-10834\" alt=\"Logiciel RGPD\" srcset=\"https:\/\/viqtor.eu\/wp-content\/uploads\/2024\/03\/pika-1711032360924-1x-removebg-preview.png 646w, https:\/\/viqtor.eu\/wp-content\/uploads\/2024\/03\/pika-1711032360924-1x-removebg-preview-300x179.png 300w\" sizes=\"(max-width: 646px) 100vw, 646px\" \/>\t\t\t\t\t\t\t\t\t\t\t\t\t<\/div>\n\t\t\t\t<\/div>\n\t\t\t\t\t<\/div>\n\t\t<\/div>\n\t\t\t\t\t<\/div>\n\t\t<\/section>\n\t\t\t\t<section class=\"elementor-section elementor-top-section elementor-element elementor-element-35ba52a ot-traditional elementor-section-boxed elementor-section-height-default elementor-section-height-default\" data-id=\"35ba52a\" data-element_type=\"section\">\n\t\t\t\t\t\t<div class=\"elementor-container elementor-column-gap-default\">\n\t\t\t\t\t<div class=\"elementor-column elementor-col-100 elementor-top-column elementor-element elementor-element-0cf7b26 ot-flex-column-vertical\" data-id=\"0cf7b26\" data-element_type=\"column\">\n\t\t\t<div class=\"elementor-widget-wrap elementor-element-populated\">\n\t\t\t\t\t\t<div class=\"elementor-element elementor-element-3593ed7 elementor-widget elementor-widget-heading\" data-id=\"3593ed7\" data-element_type=\"widget\" data-widget_type=\"heading.default\">\n\t\t\t\t<div class=\"elementor-widget-container\">\n\t\t\t<h2 class=\"elementor-heading-title elementor-size-large\">3. Errori comuni da evitare<\/h2>\t\t<\/div>\n\t\t\t\t<\/div>\n\t\t\t\t\t<\/div>\n\t\t<\/div>\n\t\t\t\t\t<\/div>\n\t\t<\/section>\n\t\t\t\t<section class=\"elementor-section elementor-top-section elementor-element elementor-element-3a23f17 ot-traditional elementor-section-boxed elementor-section-height-default elementor-section-height-default\" data-id=\"3a23f17\" data-element_type=\"section\">\n\t\t\t\t\t\t<div class=\"elementor-container elementor-column-gap-default\">\n\t\t\t\t\t<div class=\"elementor-column elementor-col-100 elementor-top-column elementor-element elementor-element-cf1b7c9 ot-flex-column-vertical\" data-id=\"cf1b7c9\" data-element_type=\"column\">\n\t\t\t<div class=\"elementor-widget-wrap elementor-element-populated\">\n\t\t\t\t\t\t<div class=\"elementor-element elementor-element-3c94449 elementor-widget elementor-widget-text-editor\" data-id=\"3c94449\" data-element_type=\"widget\" data-widget_type=\"text-editor.default\">\n\t\t\t\t<div class=\"elementor-widget-container\">\n\t\t\t\t\t\t\t<ul><li>Trascurare<strong> mappatura dell&#039;elaborazione dei dati<\/strong> : una scarsa conoscenza dei dati raccolti pu\u00f2 portare a non conformit\u00e0.<\/li><li><strong>Dimenticatevi dei subappaltatori<\/strong> : assicurati che anche tutti i tuoi partner siano conformi al GDPR.<\/li><li><strong>Mancato aggiornamento del registro dei trattamenti<\/strong> : un registro obsoleto pu\u00f2 comportare sanzioni in caso di ispezione.<\/li><li><strong>Mancanza di trasparenza con gli utenti<\/strong> : Un&#039;informativa sulla privacy incompleta o difficile da comprendere pu\u00f2 essere problematica.<\/li><li><strong>Ignorare le misure di sicurezza<\/strong> : la mancanza di protezione dei dati pu\u00f2 comportare violazioni e sanzioni.<\/li><\/ul><hr \/><h3>4. Consigli pratici per garantire un&#039;efficace conformit\u00e0<\/h3><ul><li><strong>Utilizzare uno strumento dedicato come Viqtor\u00ae<\/strong> : una piattaforma GDPR consente di automatizzare l&#039;audit e monitorare la conformit\u00e0 in tempo reale.<\/li><li><strong>Mettere in atto un piano d&#039;azione<\/strong> : correggere le deviazioni identificate durante l&#039;audit dando priorit\u00e0 ai rischi pi\u00f9 critici.<\/li><li><strong>Eseguire audit regolari<\/strong> : La conformit\u00e0 al GDPR non \u00e8 uno stato fisso, ma un processo continuo.<\/li><li><strong>Aumenta la consapevolezza e coinvolgi i tuoi team<\/strong> : la formazione dei dipendenti \u00e8 fondamentale per evitare errori umani.<\/li><li><strong>Anticipare i cambiamenti normativi<\/strong> : Il GDPR \u00e8 in continua evoluzione e la tua azienda deve adattarsi costantemente.<\/li><\/ul><p>UN <b>Audit di conformit\u00e0 al GDPR<\/b> \u00e8 un passaggio essenziale per garantire la protezione dei dati personali ed evitare sanzioni. Grazie a un <strong>Piattaforma GDPR<\/strong> Con uno specialista come Viqtor\u00ae puoi semplificare questo processo e garantire un monitoraggio ottimale della tua conformit\u00e0.<\/p><p>Hai bisogno di un supporto personalizzato per il tuo <b>Audit GDPR<\/b> ? Contatto <b>Viqtor\u00ae<\/b> ora per beneficiare di una soluzione su misura.<\/p>\t\t\t\t\t\t<\/div>\n\t\t\t\t<\/div>\n\t\t\t\t\t<\/div>\n\t\t<\/div>\n\t\t\t\t\t<\/div>\n\t\t<\/section>\n\t\t\t\t<section class=\"elementor-section elementor-top-section elementor-element elementor-element-77edb27 ot-traditional elementor-section-boxed elementor-section-height-default elementor-section-height-default\" data-id=\"77edb27\" data-element_type=\"section\">\n\t\t\t\t\t\t<div class=\"elementor-container elementor-column-gap-default\">\n\t\t\t\t\t<div class=\"elementor-column elementor-col-100 elementor-top-column elementor-element elementor-element-72942a8 ot-flex-column-vertical\" data-id=\"72942a8\" data-element_type=\"column\">\n\t\t\t<div class=\"elementor-widget-wrap elementor-element-populated\">\n\t\t\t\t\t\t<div class=\"elementor-element elementor-element-0fcf018 elementor-widget elementor-widget-text-editor\" data-id=\"0fcf018\" data-element_type=\"widget\" data-widget_type=\"text-editor.default\">\n\t\t\t\t<div class=\"elementor-widget-container\">\n\t\t\t\t\t\t\t<div><div><div><div><p style=\"text-align: center;\"><span style=\"color: #000000;\"><strong>Scarica gratuitamente la guida completa:<\/strong><\/span><\/p><\/div><\/div><\/div><\/div>\t\t\t\t\t\t<\/div>\n\t\t\t\t<\/div>\n\t\t\t\t\t<\/div>\n\t\t<\/div>\n\t\t\t\t\t<\/div>\n\t\t<\/section>\n\t\t\t\t<section class=\"elementor-section elementor-top-section elementor-element elementor-element-7f22e0c ot-traditional elementor-section-boxed elementor-section-height-default elementor-section-height-default\" data-id=\"7f22e0c\" data-element_type=\"section\">\n\t\t\t\t\t\t<div class=\"elementor-container elementor-column-gap-default\">\n\t\t\t\t\t<div class=\"elementor-column elementor-col-100 elementor-top-column elementor-element elementor-element-d89bd3c ot-flex-column-vertical\" data-id=\"d89bd3c\" data-element_type=\"column\">\n\t\t\t<div class=\"elementor-widget-wrap elementor-element-populated\">\n\t\t\t\t\t\t<div class=\"elementor-element elementor-element-6220207 elementor-widget elementor-widget-text-editor\" data-id=\"6220207\" data-element_type=\"widget\" data-widget_type=\"text-editor.default\">\n\t\t\t\t<div class=\"elementor-widget-container\">\n\t\t\t\t\t\t\t<p><p><form method=\"post\" action=\"https:\/\/viqtor.eu\/wp-admin\/admin-ajax.php?action=tnp&amp;na=s\" class=\"tnp-subscription\" style=\"\">\n<input type=\"hidden\" name=\"nlang\" value=\"\">\n <div class=\"tnp-field tnp-field-email\"><label for=\"tnp-1\">E-mail<\/label>\n<input class=\"tnp-email\" type=\"email\" name=\"ne\" id=\"tnp-1\" value=\"\" placeholder=\"\" required><\/div>\n\u00a0<label> <input name=\"AGREE_TO_TERMS\" required=\"\" type=\"checkbox\" value=\"1\" \/> Acconsento all&#039;utilizzo dei miei dati personali al solo scopo di elaborare la mia richiesta di download. Vietiamo qualsiasi altro utilizzo di questi dati.<\/label> <label> <input name=\"AGREE_TO_TERMS\" required=\"\" type=\"checkbox\" value=\"1\" \/>Accetto di ricevere informazioni periodiche sulle offerte dei servizi Viqtor.<\/label>\u00a0 \u00a0 \u00a0 \u00a0 \u00a0 \u00a0 \u00a0 \u00a0 \u00a0 \u00a0 \u00a0 \u00a0 \u00a0 \u00a0 \u00a0 \u00a0 \u00a0 \u00a0 \u00a0 \u00a0 <div class=\"tnp-field tnp-field-button\" style=\"text-align: left\"><input class=\"tnp-submit\" type=\"submit\" value=\"Ricevi la guida\" style=\"\">\n<\/div>\n<\/form><\/p><\/p>\t\t\t\t\t\t<\/div>\n\t\t\t\t<\/div>\n\t\t\t\t\t<\/div>\n\t\t<\/div>\n\t\t\t\t\t<\/div>\n\t\t<\/section>\n\t\t\t\t<\/div>","protected":false},"excerpt":{"rendered":"<p>\/\/ La plateforme Viqtor\u00ae Viqtor\u00ae : guide complet sur l\u2019audit de conformit\u00e9 RGPD Le R\u00e8glement g\u00e9n\u00e9ral sur la protection des donn\u00e9es (RGPD) est un cadre juridique qui impose aux entreprises et organisations de garantir la protection des donn\u00e9es personnelles des citoyens de l&rsquo;Union europ\u00e9enne. R\u00e9aliser un audit de conformit\u00e9 RGPD est une \u00e9tape essentielle pour [&hellip;]<\/p>","protected":false},"author":1,"featured_media":0,"parent":0,"menu_order":0,"comment_status":"closed","ping_status":"closed","template":"","meta":{"_acf_changed":false,"footnotes":""},"class_list":["post-12636","page","type-page","status-publish","hentry"],"acf":[],"yoast_head":"<!-- This site is optimized with the Yoast SEO plugin v23.6 - https:\/\/yoast.com\/wordpress\/plugins\/seo\/ -->\n<title>Guide sur l\u2019audit de conformit\u00e9 RGPD - Viqtor<\/title>\n<meta name=\"description\" content=\"Guide complet sur l\u2019audit de conformit\u00e9 RGPD : \u00e9tapes cl\u00e9s, bonnes pratiques et conseils pour assurer la protection des donn\u00e9es et la conformit\u00e9 RGPD.\" \/>\n<meta name=\"robots\" content=\"index, follow, max-snippet:-1, max-image-preview:large, max-video-preview:-1\" \/>\n<link rel=\"canonical\" href=\"https:\/\/viqtor.eu\/it\/guide-sur-laudit-de-conformite-rgpd\/\" \/>\n<meta property=\"og:locale\" content=\"it_IT\" \/>\n<meta property=\"og:type\" content=\"article\" \/>\n<meta property=\"og:title\" content=\"Guide sur l\u2019audit de conformit\u00e9 RGPD - Viqtor\" \/>\n<meta property=\"og:description\" content=\"Guide complet sur l\u2019audit de conformit\u00e9 RGPD : \u00e9tapes cl\u00e9s, bonnes pratiques et conseils pour assurer la protection des donn\u00e9es et la conformit\u00e9 RGPD.\" \/>\n<meta property=\"og:url\" content=\"https:\/\/viqtor.eu\/it\/guide-sur-laudit-de-conformite-rgpd\/\" \/>\n<meta property=\"og:site_name\" content=\"Viqtor\" \/>\n<meta property=\"article:modified_time\" content=\"2025-02-17T12:23:40+00:00\" \/>\n<meta property=\"og:image\" content=\"https:\/\/viqtor.eu\/wp-content\/uploads\/2026\/04\/widget-viqtor.png\" \/>\n\t<meta property=\"og:image:width\" content=\"2880\" \/>\n\t<meta property=\"og:image:height\" content=\"1642\" \/>\n\t<meta property=\"og:image:type\" content=\"image\/png\" \/>\n<meta name=\"twitter:card\" content=\"summary_large_image\" \/>\n<meta name=\"twitter:label1\" content=\"Tempo di lettura stimato\" \/>\n\t<meta name=\"twitter:data1\" content=\"4 minuti\" \/>\n<script type=\"application\/ld+json\" class=\"yoast-schema-graph\">{\"@context\":\"https:\/\/schema.org\",\"@graph\":[{\"@type\":\"WebPage\",\"@id\":\"https:\/\/viqtor.eu\/guide-sur-laudit-de-conformite-rgpd\/\",\"url\":\"https:\/\/viqtor.eu\/guide-sur-laudit-de-conformite-rgpd\/\",\"name\":\"Guide sur l\u2019audit de conformit\u00e9 RGPD - Viqtor\",\"isPartOf\":{\"@id\":\"https:\/\/viqtor.eu\/#website\"},\"primaryImageOfPage\":{\"@id\":\"https:\/\/viqtor.eu\/guide-sur-laudit-de-conformite-rgpd\/#primaryimage\"},\"image\":{\"@id\":\"https:\/\/viqtor.eu\/guide-sur-laudit-de-conformite-rgpd\/#primaryimage\"},\"thumbnailUrl\":\"https:\/\/viqtor.eu\/wp-content\/uploads\/2024\/06\/Dashboard-copie-1024x584.png\",\"datePublished\":\"2025-02-11T12:29:59+00:00\",\"dateModified\":\"2025-02-17T12:23:40+00:00\",\"description\":\"Guide complet sur l\u2019audit de conformit\u00e9 RGPD : \u00e9tapes cl\u00e9s, bonnes pratiques et conseils pour assurer la protection des donn\u00e9es et la conformit\u00e9 RGPD.\",\"breadcrumb\":{\"@id\":\"https:\/\/viqtor.eu\/guide-sur-laudit-de-conformite-rgpd\/#breadcrumb\"},\"inLanguage\":\"it-IT\",\"potentialAction\":[{\"@type\":\"ReadAction\",\"target\":[\"https:\/\/viqtor.eu\/guide-sur-laudit-de-conformite-rgpd\/\"]}]},{\"@type\":\"ImageObject\",\"inLanguage\":\"it-IT\",\"@id\":\"https:\/\/viqtor.eu\/guide-sur-laudit-de-conformite-rgpd\/#primaryimage\",\"url\":\"https:\/\/viqtor.eu\/wp-content\/uploads\/2024\/06\/Dashboard-copie-1024x584.png\",\"contentUrl\":\"https:\/\/viqtor.eu\/wp-content\/uploads\/2024\/06\/Dashboard-copie-1024x584.png\"},{\"@type\":\"BreadcrumbList\",\"@id\":\"https:\/\/viqtor.eu\/guide-sur-laudit-de-conformite-rgpd\/#breadcrumb\",\"itemListElement\":[{\"@type\":\"ListItem\",\"position\":1,\"name\":\"Accueil\",\"item\":\"https:\/\/viqtor.eu\/\"},{\"@type\":\"ListItem\",\"position\":2,\"name\":\"Guide sur l\u2019audit de conformit\u00e9 RGPD\"}]},{\"@type\":\"WebSite\",\"@id\":\"https:\/\/viqtor.eu\/#website\",\"url\":\"https:\/\/viqtor.eu\/\",\"name\":\"Viqtor\",\"description\":\"Faites du RGPD une opportunit\u00e9 pour votre entreprise.\",\"publisher\":{\"@id\":\"https:\/\/viqtor.eu\/#organization\"},\"potentialAction\":[{\"@type\":\"SearchAction\",\"target\":{\"@type\":\"EntryPoint\",\"urlTemplate\":\"https:\/\/viqtor.eu\/?s={search_term_string}\"},\"query-input\":{\"@type\":\"PropertyValueSpecification\",\"valueRequired\":true,\"valueName\":\"search_term_string\"}}],\"inLanguage\":\"it-IT\"},{\"@type\":\"Organization\",\"@id\":\"https:\/\/viqtor.eu\/#organization\",\"name\":\"viqtor.eu\",\"url\":\"https:\/\/viqtor.eu\/\",\"logo\":{\"@type\":\"ImageObject\",\"inLanguage\":\"it-IT\",\"@id\":\"https:\/\/viqtor.eu\/#\/schema\/logo\/image\/\",\"url\":\"https:\/\/viqtor.eu\/wp-content\/uploads\/2023\/06\/favicon-noir.svg\",\"contentUrl\":\"https:\/\/viqtor.eu\/wp-content\/uploads\/2023\/06\/favicon-noir.svg\",\"width\":108,\"height\":86,\"caption\":\"viqtor.eu\"},\"image\":{\"@id\":\"https:\/\/viqtor.eu\/#\/schema\/logo\/image\/\"}}]}<\/script>\n<!-- \/ Yoast SEO plugin. -->","yoast_head_json":{"title":"Guide sur l\u2019audit de conformit\u00e9 RGPD - Viqtor","description":"Guide complet sur l\u2019audit de conformit\u00e9 RGPD : \u00e9tapes cl\u00e9s, bonnes pratiques et conseils pour assurer la protection des donn\u00e9es et la conformit\u00e9 RGPD.","robots":{"index":"index","follow":"follow","max-snippet":"max-snippet:-1","max-image-preview":"max-image-preview:large","max-video-preview":"max-video-preview:-1"},"canonical":"https:\/\/viqtor.eu\/it\/guide-sur-laudit-de-conformite-rgpd\/","og_locale":"it_IT","og_type":"article","og_title":"Guide sur l\u2019audit de conformit\u00e9 RGPD - Viqtor","og_description":"Guide complet sur l\u2019audit de conformit\u00e9 RGPD : \u00e9tapes cl\u00e9s, bonnes pratiques et conseils pour assurer la protection des donn\u00e9es et la conformit\u00e9 RGPD.","og_url":"https:\/\/viqtor.eu\/it\/guide-sur-laudit-de-conformite-rgpd\/","og_site_name":"Viqtor","article_modified_time":"2025-02-17T12:23:40+00:00","og_image":[{"width":2880,"height":1642,"url":"https:\/\/viqtor.eu\/wp-content\/uploads\/2026\/04\/widget-viqtor.png","type":"image\/png"}],"twitter_card":"summary_large_image","twitter_misc":{"Tempo di lettura stimato":"4 minuti"},"schema":{"@context":"https:\/\/schema.org","@graph":[{"@type":"WebPage","@id":"https:\/\/viqtor.eu\/guide-sur-laudit-de-conformite-rgpd\/","url":"https:\/\/viqtor.eu\/guide-sur-laudit-de-conformite-rgpd\/","name":"Guide sur l\u2019audit de conformit\u00e9 RGPD - Viqtor","isPartOf":{"@id":"https:\/\/viqtor.eu\/#website"},"primaryImageOfPage":{"@id":"https:\/\/viqtor.eu\/guide-sur-laudit-de-conformite-rgpd\/#primaryimage"},"image":{"@id":"https:\/\/viqtor.eu\/guide-sur-laudit-de-conformite-rgpd\/#primaryimage"},"thumbnailUrl":"https:\/\/viqtor.eu\/wp-content\/uploads\/2024\/06\/Dashboard-copie-1024x584.png","datePublished":"2025-02-11T12:29:59+00:00","dateModified":"2025-02-17T12:23:40+00:00","description":"Guide complet sur l\u2019audit de conformit\u00e9 RGPD : \u00e9tapes cl\u00e9s, bonnes pratiques et conseils pour assurer la protection des donn\u00e9es et la conformit\u00e9 RGPD.","breadcrumb":{"@id":"https:\/\/viqtor.eu\/guide-sur-laudit-de-conformite-rgpd\/#breadcrumb"},"inLanguage":"it-IT","potentialAction":[{"@type":"ReadAction","target":["https:\/\/viqtor.eu\/guide-sur-laudit-de-conformite-rgpd\/"]}]},{"@type":"ImageObject","inLanguage":"it-IT","@id":"https:\/\/viqtor.eu\/guide-sur-laudit-de-conformite-rgpd\/#primaryimage","url":"https:\/\/viqtor.eu\/wp-content\/uploads\/2024\/06\/Dashboard-copie-1024x584.png","contentUrl":"https:\/\/viqtor.eu\/wp-content\/uploads\/2024\/06\/Dashboard-copie-1024x584.png"},{"@type":"BreadcrumbList","@id":"https:\/\/viqtor.eu\/guide-sur-laudit-de-conformite-rgpd\/#breadcrumb","itemListElement":[{"@type":"ListItem","position":1,"name":"Accueil","item":"https:\/\/viqtor.eu\/"},{"@type":"ListItem","position":2,"name":"Guide sur l\u2019audit de conformit\u00e9 RGPD"}]},{"@type":"WebSite","@id":"https:\/\/viqtor.eu\/#website","url":"https:\/\/viqtor.eu\/","name":"Viqtor","description":"Faites du RGPD une opportunit\u00e9 pour votre entreprise.","publisher":{"@id":"https:\/\/viqtor.eu\/#organization"},"potentialAction":[{"@type":"SearchAction","target":{"@type":"EntryPoint","urlTemplate":"https:\/\/viqtor.eu\/?s={search_term_string}"},"query-input":{"@type":"PropertyValueSpecification","valueRequired":true,"valueName":"search_term_string"}}],"inLanguage":"it-IT"},{"@type":"Organization","@id":"https:\/\/viqtor.eu\/#organization","name":"viqtor.eu","url":"https:\/\/viqtor.eu\/","logo":{"@type":"ImageObject","inLanguage":"it-IT","@id":"https:\/\/viqtor.eu\/#\/schema\/logo\/image\/","url":"https:\/\/viqtor.eu\/wp-content\/uploads\/2023\/06\/favicon-noir.svg","contentUrl":"https:\/\/viqtor.eu\/wp-content\/uploads\/2023\/06\/favicon-noir.svg","width":108,"height":86,"caption":"viqtor.eu"},"image":{"@id":"https:\/\/viqtor.eu\/#\/schema\/logo\/image\/"}}]}},"_links":{"self":[{"href":"https:\/\/viqtor.eu\/it\/wp-json\/wp\/v2\/pages\/12636","targetHints":{"allow":["GET"]}}],"collection":[{"href":"https:\/\/viqtor.eu\/it\/wp-json\/wp\/v2\/pages"}],"about":[{"href":"https:\/\/viqtor.eu\/it\/wp-json\/wp\/v2\/types\/page"}],"author":[{"embeddable":true,"href":"https:\/\/viqtor.eu\/it\/wp-json\/wp\/v2\/users\/1"}],"replies":[{"embeddable":true,"href":"https:\/\/viqtor.eu\/it\/wp-json\/wp\/v2\/comments?post=12636"}],"version-history":[{"count":30,"href":"https:\/\/viqtor.eu\/it\/wp-json\/wp\/v2\/pages\/12636\/revisions"}],"predecessor-version":[{"id":12721,"href":"https:\/\/viqtor.eu\/it\/wp-json\/wp\/v2\/pages\/12636\/revisions\/12721"}],"wp:attachment":[{"href":"https:\/\/viqtor.eu\/it\/wp-json\/wp\/v2\/media?parent=12636"}],"curies":[{"name":"wp","href":"https:\/\/api.w.org\/{rel}","templated":true}]}}