{"id":8681,"date":"2023-07-04T11:16:49","date_gmt":"2023-07-04T11:16:49","guid":{"rendered":"https:\/\/viqtor.eu\/?page_id=8681"},"modified":"2023-08-31T15:34:24","modified_gmt":"2023-08-31T15:34:24","slug":"role-du-dpo","status":"publish","type":"page","link":"https:\/\/viqtor.eu\/hr\/role-du-dpo\/","title":{"rendered":"&#8230; r\u00f4le du dpo"},"content":{"rendered":"<div data-elementor-type=\"wp-page\" data-elementor-id=\"8681\" class=\"elementor elementor-8681\" data-elementor-post-type=\"page\">\n\t\t\t\t\t\t<section class=\"elementor-section elementor-top-section elementor-element elementor-element-34b7207 ot-traditional elementor-section-boxed elementor-section-height-default elementor-section-height-default\" data-id=\"34b7207\" data-element_type=\"section\">\n\t\t\t\t\t\t<div class=\"elementor-container elementor-column-gap-default\">\n\t\t\t\t\t<div class=\"elementor-column elementor-col-100 elementor-top-column elementor-element elementor-element-aa25a7f ot-flex-column-vertical\" data-id=\"aa25a7f\" data-element_type=\"column\">\n\t\t\t<div class=\"elementor-widget-wrap elementor-element-populated\">\n\t\t\t\t\t\t<div class=\"elementor-element elementor-element-20a0eab elementor-widget elementor-widget-text-editor\" data-id=\"20a0eab\" data-element_type=\"widget\" data-widget_type=\"text-editor.default\">\n\t\t\t\t<div class=\"elementor-widget-container\">\n\t\t\t\t\t\t\t<h1 style=\"text-align: center;\">Uloga DPO-a: Jamac za\u0161tite osobnih podataka<\/h1><p><span style=\"color: #000000;\">Prema Op\u0107oj uredbi o za\u0161titi podataka (GDPR),<a style=\"color: #000000;\" href=\"https:\/\/viqtor.eu\/hr\/mes-processus-rgpd\/\"> Slu\u017ebenik za za\u0161titu podataka<\/a> (DPO) zauzima klju\u010dnu ulogu. DPO je odgovoran za osiguravanje uskla\u0111enosti aktivnosti obrade osobnih podataka unutar organizacije. U ovom \u0107emo \u010dlanku detaljno pogledati bitnu ulogu DPO-a, njegove klju\u010dne odgovornosti i njegov utjecaj na za\u0161titu osobnih podataka.<\/span><\/p>\t\t\t\t\t\t<\/div>\n\t\t\t\t<\/div>\n\t\t\t\t\t<\/div>\n\t\t<\/div>\n\t\t\t\t\t<\/div>\n\t\t<\/section>\n\t\t\t\t<section class=\"elementor-section elementor-top-section elementor-element elementor-element-30e8ba3 ot-traditional elementor-section-boxed elementor-section-height-default elementor-section-height-default\" data-id=\"30e8ba3\" data-element_type=\"section\">\n\t\t\t\t\t\t<div class=\"elementor-container elementor-column-gap-default\">\n\t\t\t\t\t<div class=\"elementor-column elementor-col-100 elementor-top-column elementor-element elementor-element-e72c199 ot-flex-column-vertical\" data-id=\"e72c199\" data-element_type=\"column\">\n\t\t\t<div class=\"elementor-widget-wrap elementor-element-populated\">\n\t\t\t\t\t\t<section class=\"elementor-section elementor-inner-section elementor-element elementor-element-eb9b6ef elementor-section-content-middle ot-traditional elementor-section-boxed elementor-section-height-default elementor-section-height-default\" data-id=\"eb9b6ef\" data-element_type=\"section\">\n\t\t\t\t\t\t<div class=\"elementor-container elementor-column-gap-default\">\n\t\t\t\t\t<div class=\"elementor-column elementor-col-50 elementor-inner-column elementor-element elementor-element-fec129d ot-flex-column-vertical\" data-id=\"fec129d\" data-element_type=\"column\">\n\t\t\t<div class=\"elementor-widget-wrap elementor-element-populated\">\n\t\t\t\t\t\t<div class=\"elementor-element elementor-element-914332b elementor-widget elementor-widget-text-editor\" data-id=\"914332b\" data-element_type=\"widget\" data-widget_type=\"text-editor.default\">\n\t\t\t\t<div class=\"elementor-widget-container\">\n\t\t\t\t\t\t\t<h2>I. DPO: Stru\u010dnjak za za\u0161titu podataka:<\/h2><p><span style=\"color: #000000;\">DPO je stru\u010dnjak za za\u0161titu osobnih podataka. Ima opse\u017eno stru\u010dno znanje o zakonima i propisima o za\u0161titi podataka, uklju\u010duju\u0107i GDPR. Uloga DPO-a je savjetovati organizaciju o najboljim praksama za\u0161tite podataka i osigurati kontinuiranu uskla\u0111enost.<\/span><\/p>\t\t\t\t\t\t<\/div>\n\t\t\t\t<\/div>\n\t\t\t\t\t<\/div>\n\t\t<\/div>\n\t\t\t\t<div class=\"elementor-column elementor-col-50 elementor-inner-column elementor-element elementor-element-96f5aa0 ot-flex-column-vertical\" data-id=\"96f5aa0\" data-element_type=\"column\">\n\t\t\t<div class=\"elementor-widget-wrap elementor-element-populated\">\n\t\t\t\t\t\t<div class=\"elementor-element elementor-element-323deb6 elementor-widget__width-initial elementor-widget elementor-widget-image\" data-id=\"323deb6\" data-element_type=\"widget\" data-widget_type=\"image.default\">\n\t\t\t\t<div class=\"elementor-widget-container\">\n\t\t\t\t\t\t\t\t\t\t\t\t\t<img decoding=\"async\" src=\"https:\/\/viqtor.eu\/wp-content\/uploads\/2023\/07\/dpo-eu.jpg\" title=\"\" alt=\"DPO\" loading=\"lazy\" \/>\t\t\t\t\t\t\t\t\t\t\t\t\t<\/div>\n\t\t\t\t<\/div>\n\t\t\t\t\t<\/div>\n\t\t<\/div>\n\t\t\t\t\t<\/div>\n\t\t<\/section>\n\t\t\t\t\t<\/div>\n\t\t<\/div>\n\t\t\t\t\t<\/div>\n\t\t<\/section>\n\t\t\t\t<section class=\"elementor-section elementor-top-section elementor-element elementor-element-aa4b47d elementor-section-content-middle ot-traditional elementor-section-boxed elementor-section-height-default elementor-section-height-default\" data-id=\"aa4b47d\" data-element_type=\"section\">\n\t\t\t\t\t\t\t<div class=\"elementor-background-overlay\"><\/div>\n\t\t\t\t\t\t\t<div class=\"elementor-container elementor-column-gap-extended\">\n\t\t\t\t\t<div class=\"elementor-column elementor-col-100 elementor-top-column elementor-element elementor-element-5e7b92b ot-flex-column-vertical\" data-id=\"5e7b92b\" data-element_type=\"column\">\n\t\t\t<div class=\"elementor-widget-wrap elementor-element-populated\">\n\t\t\t\t\t\t<div class=\"elementor-element elementor-element-72485af elementor-widget__width-initial elementor-widget elementor-widget-text-editor\" data-id=\"72485af\" data-element_type=\"widget\" data-widget_type=\"text-editor.default\">\n\t\t\t\t<div class=\"elementor-widget-container\">\n\t\t\t\t\t\t\t<h3><span style=\"color: #000000;\">II. Klju\u010dne odgovornosti slu\u017ebenika za za\u0161titu podataka:<\/span><\/h3><p><span style=\"color: #000000;\">DPO ima nekoliko klju\u010dnih odgovornosti za osiguranje za\u0161tite osobnih podataka unutar organizacije. Prvo, odgovoran je za podizanje svijesti i obuku osoblja o obvezama za\u0161tite podataka i najboljim praksama. To uklju\u010duje obuku zaposlenika o prikupljanju, obradi i <a style=\"color: #000000;\" href=\"https:\/\/viqtor.eu\/hr\/mes-processus-rgpd\/\">zadr\u017eavanje osobnih podataka<\/a>.<\/span><\/p><p><span style=\"color: #000000;\">DPO je zatim odgovoran za savjetovanje organizacije o procjenama utjecaja na za\u0161titu podataka (DPIA). Ove procjene poma\u017eu u identificiranju i procjeni rizika povezanih s obradom podataka i provedbi odgovaraju\u0107ih sigurnosnih mjera.<\/span><\/p><p><span style=\"color: #000000;\">DPO tako\u0111er igra sredi\u0161nju ulogu u upravljanju sigurnosnim incidentima i povredama podataka. On ili ona je odgovoran\/na za prijavljivanje povreda nadle\u017enim nadzornim tijelima u propisanom roku i suradnju s njima na rje\u0161avanju tih povreda.<\/span><\/p><p><span style=\"color: #000000;\">Kona\u010dno, DPO je glavna kontaktna to\u010dka za pojedince na koje se odnosi obrada podataka. Odgovoran je za osiguravanje ostvarivanja prava pojedinaca, kao \u0161to su pravo pristupa, pravo na ispravak i pravo na brisanje podataka.<\/span><\/p><h4><span style=\"color: #000000;\">III. Utjecaj slu\u017ebenika za za\u0161titu podataka na za\u0161titu osobnih podataka:<\/span><\/h4><p><span style=\"color: #000000;\">Uloga slu\u017ebenika za za\u0161titu podataka (DPO) ima zna\u010dajan utjecaj na za\u0161titu osobnih podataka unutar organizacije. Prvo, prisutnost slu\u017ebenika za za\u0161titu podataka pokazuje predanost organizacije za\u0161titi podataka i gradi povjerenje me\u0111u pojedincima. Pojedinci su sigurni znaju\u0107i da postoji netko tko je posve\u0107en osiguravanju sigurnosti njihovih podataka.<\/span><\/p><p><span style=\"color: #000000;\">Osim toga, DPO igra klju\u010dnu ulogu u sprje\u010davanju povreda podataka. Svojim stru\u010dnim znanjem, DPO mo\u017ee prepoznati potencijalne rizike i provesti odgovaraju\u0107e sigurnosne mjere za njihovo ubla\u017eavanje. To zna\u010dajno smanjuje rizik od povreda podataka i ubla\u017eava povezane negativne posljedice.<\/span><\/p><p><span style=\"color: #000000;\">DPO tako\u0111er igra klju\u010dnu ulogu u revizijama i inspekcijama tijela za za\u0161titu podataka. Svojim stru\u010dnim znanjem, DPO mo\u017ee olak\u0161ati komunikaciju s vlastima, odgovoriti na njihove zahtjeve i dokazati uskla\u0111enost organizacije.<\/span><\/p><p><span style=\"color: #000000;\">Kona\u010dno, DPO je strate\u0161ki partner organizacije. On ili ona blisko sura\u0111uje s raznim internim dionicima, kao \u0161to su IT, pravni i marketin\u0161ki timovi, kako bi osigurao da su sve aktivnosti obrade podataka <a style=\"color: #000000;\" href=\"https:\/\/viqtor.eu\/hr\/mes-processus-rgpd\/\">u skladu sa zahtjevima GDPR-a<\/a>.<\/span><\/p>\t\t\t\t\t\t<\/div>\n\t\t\t\t<\/div>\n\t\t\t\t\t<\/div>\n\t\t<\/div>\n\t\t\t\t\t<\/div>\n\t\t<\/section>\n\t\t\t\t<section class=\"elementor-section elementor-top-section elementor-element elementor-element-f46331b elementor-section-content-middle ot-traditional elementor-section-boxed elementor-section-height-default elementor-section-height-default\" data-id=\"f46331b\" data-element_type=\"section\" data-settings=\"{&quot;background_background&quot;:&quot;classic&quot;}\">\n\t\t\t\t\t\t\t<div class=\"elementor-background-overlay\"><\/div>\n\t\t\t\t\t\t\t<div class=\"elementor-container elementor-column-gap-default\">\n\t\t\t\t\t<div class=\"elementor-column elementor-col-100 elementor-top-column elementor-element elementor-element-c1653f8 ot-column-items-center ot-flex-column-vertical\" data-id=\"c1653f8\" data-element_type=\"column\">\n\t\t\t<div class=\"elementor-widget-wrap elementor-element-populated\">\n\t\t\t\t\t\t<div class=\"elementor-element elementor-element-0b99088 elementor-widget__width-initial elementor-widget elementor-widget-iheading\" data-id=\"0b99088\" data-element_type=\"widget\" data-widget_type=\"iheading.default\">\n\t\t\t\t<div class=\"elementor-widget-container\">\n\t\t\t\t\t<div class=\"ot-heading\">\r\n\t        \t            <span>\/\/ S VIQTOR\u00ae-om<\/span>\r\n\t        <p class=\"main-heading\">Uloga DPO-a je klju\u010dna u osiguravanju za\u0161tite osobnih podataka unutar organizacije. Kao stru\u010dnjaci za za\u0161titu podataka, DPO igra klju\u010dnu ulogu u osvje\u0161\u0107ivanju, uskla\u0111enosti i upravljanju rizicima podataka. Svojim specijaliziranim vje\u0161tinama, DPO poma\u017ee u izgradnji individualnog povjerenja, sprje\u010davanju povreda podataka i osiguravanju uskla\u0111enosti s propisima. Zapo\u0161ljavanjem kvalificiranog DPO-a i dodjeljivanjem odgovaraju\u0107ih odgovornosti, organizacije mogu osigurati da je za\u0161tita osobnih podataka glavni prioritet.<\/p>\t    <\/div>\r\n\t    \t\t<\/div>\n\t\t\t\t<\/div>\n\t\t\t\t\t<\/div>\n\t\t<\/div>\n\t\t\t\t\t<\/div>\n\t\t<\/section>\n\t\t\t\t<section class=\"elementor-section elementor-top-section elementor-element elementor-element-c0ca5fe ot-traditional elementor-section-boxed elementor-section-height-default elementor-section-height-default\" data-id=\"c0ca5fe\" data-element_type=\"section\">\n\t\t\t\t\t\t<div class=\"elementor-container elementor-column-gap-default\">\n\t\t\t\t\t<div class=\"elementor-column elementor-col-100 elementor-top-column elementor-element elementor-element-de64556 ot-flex-column-vertical\" data-id=\"de64556\" data-element_type=\"column\">\n\t\t\t<div class=\"elementor-widget-wrap elementor-element-populated\">\n\t\t\t\t\t\t<div class=\"elementor-element elementor-element-31c9ab0 elementor-widget elementor-widget-text-editor\" data-id=\"31c9ab0\" data-element_type=\"widget\" data-widget_type=\"text-editor.default\">\n\t\t\t\t<div class=\"elementor-widget-container\">\n\t\t\t\t\t\t\t<p style=\"text-align: center;\"><a class=\"wp-block-button__link has-vivid-cyan-blue-background-color has-background has-text-align-center wp-element-button\" href=\"https:\/\/app.viqtor.eu\/\" target=\"_blank\" rel=\"noreferrer noopener\">Otkrijte Viktora<span style=\"color: #ffffff;\">\u00ae<\/span><\/a><\/p>\t\t\t\t\t\t<\/div>\n\t\t\t\t<\/div>\n\t\t\t\t\t<\/div>\n\t\t<\/div>\n\t\t\t\t\t<\/div>\n\t\t<\/section>\n\t\t\t\t<\/div>","protected":false},"excerpt":{"rendered":"<p>Le r\u00f4le du DPO : Garant de la protection des donn\u00e9es personnelles Dans le cadre du R\u00e8glement g\u00e9n\u00e9ral sur la protection des donn\u00e9es (RGPD), le Data Protection Officer (DPO) occupe une place cruciale. Le DPO est responsable de veiller \u00e0 la conformit\u00e9 des activit\u00e9s de traitement des donn\u00e9es personnelles au sein d&rsquo;une organisation. Dans cet [&hellip;]<\/p>","protected":false},"author":1,"featured_media":0,"parent":0,"menu_order":0,"comment_status":"closed","ping_status":"closed","template":"","meta":{"_acf_changed":false,"footnotes":""},"class_list":["post-8681","page","type-page","status-publish","hentry"],"acf":[],"yoast_head":"<!-- This site is optimized with the Yoast SEO plugin v23.6 - https:\/\/yoast.com\/wordpress\/plugins\/seo\/ -->\n<title>r\u00f4le du dpo - Viqtor<\/title>\n<meta name=\"description\" content=\"Le r\u00f4le du DPO : Garant de la protection des donn\u00e9es personnelles. D\u00e9couvrez la plateforme de mise en conformit\u00e9 RGPD Viqtor.\" \/>\n<meta name=\"robots\" content=\"index, follow, max-snippet:-1, max-image-preview:large, max-video-preview:-1\" \/>\n<link rel=\"canonical\" href=\"https:\/\/viqtor.eu\/hr\/role-du-dpo\/\" \/>\n<meta property=\"og:locale\" content=\"hr_HR\" \/>\n<meta property=\"og:type\" content=\"article\" \/>\n<meta property=\"og:title\" content=\"r\u00f4le du dpo - Viqtor\" \/>\n<meta property=\"og:description\" content=\"Le r\u00f4le du DPO : Garant de la protection des donn\u00e9es personnelles. D\u00e9couvrez la plateforme de mise en conformit\u00e9 RGPD Viqtor.\" \/>\n<meta property=\"og:url\" content=\"https:\/\/viqtor.eu\/hr\/role-du-dpo\/\" \/>\n<meta property=\"og:site_name\" content=\"Viqtor\" \/>\n<meta property=\"article:modified_time\" content=\"2023-08-31T15:34:24+00:00\" \/>\n<meta property=\"og:image\" content=\"https:\/\/viqtor.eu\/wp-content\/uploads\/2023\/07\/dpo-eu.jpg\" \/>\n<meta name=\"twitter:card\" content=\"summary_large_image\" \/>\n<meta name=\"twitter:label1\" content=\"Procijenjeno vrijeme \u010ditanja\" \/>\n\t<meta name=\"twitter:data1\" content=\"4 minute\" \/>\n<script type=\"application\/ld+json\" class=\"yoast-schema-graph\">{\"@context\":\"https:\/\/schema.org\",\"@graph\":[{\"@type\":\"WebPage\",\"@id\":\"https:\/\/viqtor.eu\/role-du-dpo\/\",\"url\":\"https:\/\/viqtor.eu\/role-du-dpo\/\",\"name\":\"r\u00f4le du dpo - Viqtor\",\"isPartOf\":{\"@id\":\"https:\/\/viqtor.eu\/#website\"},\"primaryImageOfPage\":{\"@id\":\"https:\/\/viqtor.eu\/role-du-dpo\/#primaryimage\"},\"image\":{\"@id\":\"https:\/\/viqtor.eu\/role-du-dpo\/#primaryimage\"},\"thumbnailUrl\":\"https:\/\/viqtor.eu\/wp-content\/uploads\/2023\/07\/dpo-eu.jpg\",\"datePublished\":\"2023-07-04T11:16:49+00:00\",\"dateModified\":\"2023-08-31T15:34:24+00:00\",\"description\":\"Le r\u00f4le du DPO : Garant de la protection des donn\u00e9es personnelles. D\u00e9couvrez la plateforme de mise en conformit\u00e9 RGPD Viqtor.\",\"breadcrumb\":{\"@id\":\"https:\/\/viqtor.eu\/role-du-dpo\/#breadcrumb\"},\"inLanguage\":\"hr\",\"potentialAction\":[{\"@type\":\"ReadAction\",\"target\":[\"https:\/\/viqtor.eu\/role-du-dpo\/\"]}]},{\"@type\":\"ImageObject\",\"inLanguage\":\"hr\",\"@id\":\"https:\/\/viqtor.eu\/role-du-dpo\/#primaryimage\",\"url\":\"https:\/\/viqtor.eu\/wp-content\/uploads\/2023\/07\/dpo-eu.jpg\",\"contentUrl\":\"https:\/\/viqtor.eu\/wp-content\/uploads\/2023\/07\/dpo-eu.jpg\"},{\"@type\":\"BreadcrumbList\",\"@id\":\"https:\/\/viqtor.eu\/role-du-dpo\/#breadcrumb\",\"itemListElement\":[{\"@type\":\"ListItem\",\"position\":1,\"name\":\"Accueil\",\"item\":\"https:\/\/viqtor.eu\/\"},{\"@type\":\"ListItem\",\"position\":2,\"name\":\"&#8230; r\u00f4le du dpo\"}]},{\"@type\":\"WebSite\",\"@id\":\"https:\/\/viqtor.eu\/#website\",\"url\":\"https:\/\/viqtor.eu\/\",\"name\":\"Viqtor\",\"description\":\"Faites du RGPD une opportunit\u00e9 pour votre entreprise.\",\"publisher\":{\"@id\":\"https:\/\/viqtor.eu\/#organization\"},\"potentialAction\":[{\"@type\":\"SearchAction\",\"target\":{\"@type\":\"EntryPoint\",\"urlTemplate\":\"https:\/\/viqtor.eu\/?s={search_term_string}\"},\"query-input\":{\"@type\":\"PropertyValueSpecification\",\"valueRequired\":true,\"valueName\":\"search_term_string\"}}],\"inLanguage\":\"hr\"},{\"@type\":\"Organization\",\"@id\":\"https:\/\/viqtor.eu\/#organization\",\"name\":\"viqtor.eu\",\"url\":\"https:\/\/viqtor.eu\/\",\"logo\":{\"@type\":\"ImageObject\",\"inLanguage\":\"hr\",\"@id\":\"https:\/\/viqtor.eu\/#\/schema\/logo\/image\/\",\"url\":\"https:\/\/viqtor.eu\/wp-content\/uploads\/2023\/06\/favicon-noir.svg\",\"contentUrl\":\"https:\/\/viqtor.eu\/wp-content\/uploads\/2023\/06\/favicon-noir.svg\",\"width\":108,\"height\":86,\"caption\":\"viqtor.eu\"},\"image\":{\"@id\":\"https:\/\/viqtor.eu\/#\/schema\/logo\/image\/\"}}]}<\/script>\n<!-- \/ Yoast SEO plugin. -->","yoast_head_json":{"title":"r\u00f4le du dpo - Viqtor","description":"Le r\u00f4le du DPO : Garant de la protection des donn\u00e9es personnelles. D\u00e9couvrez la plateforme de mise en conformit\u00e9 RGPD Viqtor.","robots":{"index":"index","follow":"follow","max-snippet":"max-snippet:-1","max-image-preview":"max-image-preview:large","max-video-preview":"max-video-preview:-1"},"canonical":"https:\/\/viqtor.eu\/hr\/role-du-dpo\/","og_locale":"hr_HR","og_type":"article","og_title":"r\u00f4le du dpo - Viqtor","og_description":"Le r\u00f4le du DPO : Garant de la protection des donn\u00e9es personnelles. D\u00e9couvrez la plateforme de mise en conformit\u00e9 RGPD Viqtor.","og_url":"https:\/\/viqtor.eu\/hr\/role-du-dpo\/","og_site_name":"Viqtor","article_modified_time":"2023-08-31T15:34:24+00:00","og_image":[{"url":"https:\/\/viqtor.eu\/wp-content\/uploads\/2023\/07\/dpo-eu.jpg"}],"twitter_card":"summary_large_image","twitter_misc":{"Procijenjeno vrijeme \u010ditanja":"4 minute"},"schema":{"@context":"https:\/\/schema.org","@graph":[{"@type":"WebPage","@id":"https:\/\/viqtor.eu\/role-du-dpo\/","url":"https:\/\/viqtor.eu\/role-du-dpo\/","name":"r\u00f4le du dpo - Viqtor","isPartOf":{"@id":"https:\/\/viqtor.eu\/#website"},"primaryImageOfPage":{"@id":"https:\/\/viqtor.eu\/role-du-dpo\/#primaryimage"},"image":{"@id":"https:\/\/viqtor.eu\/role-du-dpo\/#primaryimage"},"thumbnailUrl":"https:\/\/viqtor.eu\/wp-content\/uploads\/2023\/07\/dpo-eu.jpg","datePublished":"2023-07-04T11:16:49+00:00","dateModified":"2023-08-31T15:34:24+00:00","description":"Le r\u00f4le du DPO : Garant de la protection des donn\u00e9es personnelles. D\u00e9couvrez la plateforme de mise en conformit\u00e9 RGPD Viqtor.","breadcrumb":{"@id":"https:\/\/viqtor.eu\/role-du-dpo\/#breadcrumb"},"inLanguage":"hr","potentialAction":[{"@type":"ReadAction","target":["https:\/\/viqtor.eu\/role-du-dpo\/"]}]},{"@type":"ImageObject","inLanguage":"hr","@id":"https:\/\/viqtor.eu\/role-du-dpo\/#primaryimage","url":"https:\/\/viqtor.eu\/wp-content\/uploads\/2023\/07\/dpo-eu.jpg","contentUrl":"https:\/\/viqtor.eu\/wp-content\/uploads\/2023\/07\/dpo-eu.jpg"},{"@type":"BreadcrumbList","@id":"https:\/\/viqtor.eu\/role-du-dpo\/#breadcrumb","itemListElement":[{"@type":"ListItem","position":1,"name":"Accueil","item":"https:\/\/viqtor.eu\/"},{"@type":"ListItem","position":2,"name":"&#8230; r\u00f4le du dpo"}]},{"@type":"WebSite","@id":"https:\/\/viqtor.eu\/#website","url":"https:\/\/viqtor.eu\/","name":"Viqtor","description":"Faites du RGPD une opportunit\u00e9 pour votre entreprise.","publisher":{"@id":"https:\/\/viqtor.eu\/#organization"},"potentialAction":[{"@type":"SearchAction","target":{"@type":"EntryPoint","urlTemplate":"https:\/\/viqtor.eu\/?s={search_term_string}"},"query-input":{"@type":"PropertyValueSpecification","valueRequired":true,"valueName":"search_term_string"}}],"inLanguage":"hr"},{"@type":"Organization","@id":"https:\/\/viqtor.eu\/#organization","name":"viqtor.eu","url":"https:\/\/viqtor.eu\/","logo":{"@type":"ImageObject","inLanguage":"hr","@id":"https:\/\/viqtor.eu\/#\/schema\/logo\/image\/","url":"https:\/\/viqtor.eu\/wp-content\/uploads\/2023\/06\/favicon-noir.svg","contentUrl":"https:\/\/viqtor.eu\/wp-content\/uploads\/2023\/06\/favicon-noir.svg","width":108,"height":86,"caption":"viqtor.eu"},"image":{"@id":"https:\/\/viqtor.eu\/#\/schema\/logo\/image\/"}}]}},"_links":{"self":[{"href":"https:\/\/viqtor.eu\/hr\/wp-json\/wp\/v2\/pages\/8681","targetHints":{"allow":["GET"]}}],"collection":[{"href":"https:\/\/viqtor.eu\/hr\/wp-json\/wp\/v2\/pages"}],"about":[{"href":"https:\/\/viqtor.eu\/hr\/wp-json\/wp\/v2\/types\/page"}],"author":[{"embeddable":true,"href":"https:\/\/viqtor.eu\/hr\/wp-json\/wp\/v2\/users\/1"}],"replies":[{"embeddable":true,"href":"https:\/\/viqtor.eu\/hr\/wp-json\/wp\/v2\/comments?post=8681"}],"version-history":[{"count":13,"href":"https:\/\/viqtor.eu\/hr\/wp-json\/wp\/v2\/pages\/8681\/revisions"}],"predecessor-version":[{"id":9582,"href":"https:\/\/viqtor.eu\/hr\/wp-json\/wp\/v2\/pages\/8681\/revisions\/9582"}],"wp:attachment":[{"href":"https:\/\/viqtor.eu\/hr\/wp-json\/wp\/v2\/media?parent=8681"}],"curies":[{"name":"wp","href":"https:\/\/api.w.org\/{rel}","templated":true}]}}