{"id":7887,"date":"2023-05-30T11:13:13","date_gmt":"2023-05-30T11:13:13","guid":{"rendered":"https:\/\/viqtor.eu\/?page_id=7887"},"modified":"2023-09-22T14:40:36","modified_gmt":"2023-09-22T14:40:36","slug":"dpo-france","status":"publish","type":"page","link":"https:\/\/viqtor.eu\/hr\/dpo-france\/","title":{"rendered":"&#8230; DPO France"},"content":{"rendered":"<div data-elementor-type=\"wp-page\" data-elementor-id=\"7887\" class=\"elementor elementor-7887\" data-elementor-post-type=\"page\">\n\t\t\t\t\t\t<section class=\"elementor-section elementor-top-section elementor-element elementor-element-34b7207 ot-traditional elementor-section-boxed elementor-section-height-default elementor-section-height-default\" data-id=\"34b7207\" data-element_type=\"section\">\n\t\t\t\t\t\t<div class=\"elementor-container elementor-column-gap-default\">\n\t\t\t\t\t<div class=\"elementor-column elementor-col-100 elementor-top-column elementor-element elementor-element-aa25a7f ot-flex-column-vertical\" data-id=\"aa25a7f\" data-element_type=\"column\">\n\t\t\t<div class=\"elementor-widget-wrap elementor-element-populated\">\n\t\t\t\t\t\t<div class=\"elementor-element elementor-element-20a0eab elementor-widget elementor-widget-text-editor\" data-id=\"20a0eab\" data-element_type=\"widget\" data-widget_type=\"text-editor.default\">\n\t\t\t\t<div class=\"elementor-widget-container\">\n\t\t\t\t\t\t\t<h1 style=\"text-align: center;\"><span style=\"color: #000000;\"><strong>Viqtor\u00ae \u2013 Nudi vam usluge DPO France\u00a0<\/strong><\/span><\/h1><p><span style=\"color: #000000;\">U digitalnom svijetu koji se stalno mijenja, uskla\u0111enost s GDPR-om va\u017enija je nego ikad. Na\u0161a Viqtor\u00ae platforma nudi stru\u010dne usluge. <strong>DPO Francuska\u00a0<\/strong> da vas vodi kroz labirint konformizma.<\/span><\/p><p><span style=\"color: #000000;\">Posve\u0107eni smo pru\u017eanju stru\u010dnih savjeta, revizija i prilago\u0111ene uskla\u0111enosti kako bismo osigurali da va\u0161e poslovanje zadovoljava najvi\u0161e standarde za\u0161tite podataka.<\/span><\/p><p><span style=\"color: #000000;\">Uz stru\u010dne savjete, na\u0161i <a style=\"color: #000000;\" href=\"https:\/\/viqtor.eu\/hr\/registre-de-traitement\/\"><strong>DPO<\/strong><\/a> <strong>Francuska<\/strong>\u00a0nudimo kontinuiranu obuku kako bismo vam pomogli da shvatite nijanse GDPR-a. Vjerujemo u osna\u017eivanje na\u0161ih kupaca i u tu svrhu nagla\u0161avamo edukaciju o uskla\u0111enosti s GDPR-om. To poma\u017ee va\u0161em poslovanju da ostane ispred konkurencije, minimizira rizik i optimizira za\u0161titu podataka.<\/span><\/p><p><span style=\"color: #000000;\">Kona\u010dno, na\u0161a platforma nudi niz usluga <strong>DPO Francuska<\/strong>\u00a0koje nadilaze puko po\u0161tivanje propisa. Za vi\u0161e informacija posjetite <a style=\"color: #000000;\" href=\"https:\/\/viqtor.eu\/hr\/\"><strong>Viktor<\/strong><\/a>.<\/span><\/p>\t\t\t\t\t\t<\/div>\n\t\t\t\t<\/div>\n\t\t\t\t\t<\/div>\n\t\t<\/div>\n\t\t\t\t\t<\/div>\n\t\t<\/section>\n\t\t\t\t<section class=\"elementor-section elementor-top-section elementor-element elementor-element-e3dd23d ot-traditional elementor-section-boxed elementor-section-height-default elementor-section-height-default\" data-id=\"e3dd23d\" data-element_type=\"section\" data-settings=\"{&quot;background_background&quot;:&quot;gradient&quot;}\">\n\t\t\t\t\t\t<div class=\"elementor-container elementor-column-gap-default\">\n\t\t\t\t\t<div class=\"elementor-column elementor-col-100 elementor-top-column elementor-element elementor-element-88f329a ot-flex-column-vertical\" data-id=\"88f329a\" data-element_type=\"column\">\n\t\t\t<div class=\"elementor-widget-wrap elementor-element-populated\">\n\t\t\t\t\t\t<div class=\"elementor-element elementor-element-f288187 elementor-widget elementor-widget-heading\" data-id=\"f288187\" data-element_type=\"widget\" data-widget_type=\"heading.default\">\n\t\t\t\t<div class=\"elementor-widget-container\">\n\t\t\t<h2 class=\"elementor-heading-title elementor-size-xl\">Za\u0161titite svoje poslovanje uz na\u0161u platformu za uskla\u0111enost s GDPR-om koju vode iskusni francuski slu\u017ebenici za za\u0161titu podataka <\/h2>\t\t<\/div>\n\t\t\t\t<\/div>\n\t\t\t\t\t<\/div>\n\t\t<\/div>\n\t\t\t\t\t<\/div>\n\t\t<\/section>\n\t\t\t\t<section class=\"elementor-section elementor-top-section elementor-element elementor-element-30e8ba3 ot-traditional elementor-section-boxed elementor-section-height-default elementor-section-height-default\" data-id=\"30e8ba3\" data-element_type=\"section\">\n\t\t\t\t\t\t<div class=\"elementor-container elementor-column-gap-default\">\n\t\t\t\t\t<div class=\"elementor-column elementor-col-100 elementor-top-column elementor-element elementor-element-e72c199 ot-flex-column-vertical\" data-id=\"e72c199\" data-element_type=\"column\">\n\t\t\t<div class=\"elementor-widget-wrap elementor-element-populated\">\n\t\t\t\t\t\t<section class=\"elementor-section elementor-inner-section elementor-element elementor-element-eb9b6ef elementor-section-content-middle ot-traditional elementor-section-boxed elementor-section-height-default elementor-section-height-default\" data-id=\"eb9b6ef\" data-element_type=\"section\">\n\t\t\t\t\t\t<div class=\"elementor-container elementor-column-gap-default\">\n\t\t\t\t\t<div class=\"elementor-column elementor-col-50 elementor-inner-column elementor-element elementor-element-fec129d ot-flex-column-vertical\" data-id=\"fec129d\" data-element_type=\"column\">\n\t\t\t<div class=\"elementor-widget-wrap elementor-element-populated\">\n\t\t\t\t\t\t<div class=\"elementor-element elementor-element-914332b elementor-widget elementor-widget-text-editor\" data-id=\"914332b\" data-element_type=\"widget\" data-widget_type=\"text-editor.default\">\n\t\t\t\t<div class=\"elementor-widget-container\">\n\t\t\t\t\t\t\t<p><span style=\"color: #000000;\">Istra\u017eite na\u0161u namjensku platformu za uskla\u0111enost s GDPR-om, Viqtor, koja uklju\u010duje ugra\u0111eni zapisnik obrade GDPR-a. Mi smo va\u0161 pouzdani partner za u\u010dinkovito upravljanje obradom va\u0161ih osobnih podataka!<\/span><\/p><p><span style=\"color: #000000;\">S na\u0161im sveobuhvatnim rje\u0161enjem mo\u017eete osigurati potpunu uskla\u0111enost s va\u017ee\u0107im propisima i optimalnu za\u0161titu va\u0161ih osjetljivih podataka.<\/span><\/p>\t\t\t\t\t\t<\/div>\n\t\t\t\t<\/div>\n\t\t\t\t\t<\/div>\n\t\t<\/div>\n\t\t\t\t<div class=\"elementor-column elementor-col-50 elementor-inner-column elementor-element elementor-element-96f5aa0 ot-flex-column-vertical\" data-id=\"96f5aa0\" data-element_type=\"column\">\n\t\t\t<div class=\"elementor-widget-wrap elementor-element-populated\">\n\t\t\t\t\t\t<div class=\"elementor-element elementor-element-323deb6 elementor-widget__width-initial elementor-widget elementor-widget-image\" data-id=\"323deb6\" data-element_type=\"widget\" data-widget_type=\"image.default\">\n\t\t\t\t<div class=\"elementor-widget-container\">\n\t\t\t\t\t\t\t\t\t\t\t\t\t<img fetchpriority=\"high\" decoding=\"async\" width=\"1024\" height=\"1024\" src=\"https:\/\/viqtor.eu\/wp-content\/uploads\/2023\/07\/registre-de-traitement-1024x1024.jpg\" class=\"attachment-large size-large wp-image-8675\" alt=\"Registre de traitement RGPD France\" srcset=\"https:\/\/viqtor.eu\/wp-content\/uploads\/2023\/07\/registre-de-traitement-1024x1024.jpg 1024w, https:\/\/viqtor.eu\/wp-content\/uploads\/2023\/07\/registre-de-traitement-300x300.jpg 300w, https:\/\/viqtor.eu\/wp-content\/uploads\/2023\/07\/registre-de-traitement-150x150.jpg 150w, https:\/\/viqtor.eu\/wp-content\/uploads\/2023\/07\/registre-de-traitement-768x768.jpg 768w, https:\/\/viqtor.eu\/wp-content\/uploads\/2023\/07\/registre-de-traitement-1536x1536.jpg 1536w, https:\/\/viqtor.eu\/wp-content\/uploads\/2023\/07\/registre-de-traitement-2048x2048.jpg 2048w, https:\/\/viqtor.eu\/wp-content\/uploads\/2023\/07\/registre-de-traitement-720x720.jpg 720w\" sizes=\"(max-width: 1024px) 100vw, 1024px\" \/>\t\t\t\t\t\t\t\t\t\t\t\t\t<\/div>\n\t\t\t\t<\/div>\n\t\t\t\t\t<\/div>\n\t\t<\/div>\n\t\t\t\t\t<\/div>\n\t\t<\/section>\n\t\t\t\t<div class=\"elementor-element elementor-element-44435ae elementor-widget elementor-widget-text-editor\" data-id=\"44435ae\" data-element_type=\"widget\" data-widget_type=\"text-editor.default\">\n\t\t\t\t<div class=\"elementor-widget-container\">\n\t\t\t\t\t\t\t<p style=\"text-align: center;\"><a class=\"wp-block-button__link has-vivid-cyan-blue-background-color has-background has-text-align-center wp-element-button\" href=\"https:\/\/app.viqtor.eu\/\" target=\"_blank\" rel=\"noreferrer noopener\">Otkrijte Viqtor\u00ae<\/a><\/p>\t\t\t\t\t\t<\/div>\n\t\t\t\t<\/div>\n\t\t\t\t\t<\/div>\n\t\t<\/div>\n\t\t\t\t\t<\/div>\n\t\t<\/section>\n\t\t\t\t<section class=\"elementor-section elementor-top-section elementor-element elementor-element-aa4b47d elementor-section-content-middle ot-traditional elementor-section-boxed elementor-section-height-default elementor-section-height-default\" data-id=\"aa4b47d\" data-element_type=\"section\">\n\t\t\t\t\t\t\t<div class=\"elementor-background-overlay\"><\/div>\n\t\t\t\t\t\t\t<div class=\"elementor-container elementor-column-gap-extended\">\n\t\t\t\t\t<div class=\"elementor-column elementor-col-50 elementor-top-column elementor-element elementor-element-8243aef elementor-hidden-tablet elementor-hidden-phone ot-column-items-top ot-flex-column-vertical\" data-id=\"8243aef\" data-element_type=\"column\" data-settings=\"{&quot;background_background&quot;:&quot;classic&quot;}\">\n\t\t\t<div class=\"elementor-widget-wrap elementor-element-populated\">\n\t\t\t\t\t\t<div class=\"elementor-element elementor-element-47e8a70 elementor-widget elementor-widget-image\" data-id=\"47e8a70\" data-element_type=\"widget\" data-widget_type=\"image.default\">\n\t\t\t\t<div class=\"elementor-widget-container\">\n\t\t\t\t\t\t\t\t\t\t\t\t\t<img decoding=\"async\" width=\"1024\" height=\"865\" src=\"https:\/\/viqtor.eu\/wp-content\/uploads\/2023\/07\/registre-de-traitement-des-donnees-1024x865.jpg\" class=\"attachment-large size-large wp-image-8676\" alt=\"registre de traitement\" srcset=\"https:\/\/viqtor.eu\/wp-content\/uploads\/2023\/07\/registre-de-traitement-des-donnees-1024x865.jpg 1024w, https:\/\/viqtor.eu\/wp-content\/uploads\/2023\/07\/registre-de-traitement-des-donnees-300x253.jpg 300w, https:\/\/viqtor.eu\/wp-content\/uploads\/2023\/07\/registre-de-traitement-des-donnees-768x649.jpg 768w, https:\/\/viqtor.eu\/wp-content\/uploads\/2023\/07\/registre-de-traitement-des-donnees-1536x1297.jpg 1536w, https:\/\/viqtor.eu\/wp-content\/uploads\/2023\/07\/registre-de-traitement-des-donnees-2048x1729.jpg 2048w, https:\/\/viqtor.eu\/wp-content\/uploads\/2023\/07\/registre-de-traitement-des-donnees-720x608.jpg 720w\" sizes=\"(max-width: 1024px) 100vw, 1024px\" \/>\t\t\t\t\t\t\t\t\t\t\t\t\t<\/div>\n\t\t\t\t<\/div>\n\t\t\t\t\t<\/div>\n\t\t<\/div>\n\t\t\t\t<div class=\"elementor-column elementor-col-50 elementor-top-column elementor-element elementor-element-5e7b92b ot-flex-column-vertical\" data-id=\"5e7b92b\" data-element_type=\"column\">\n\t\t\t<div class=\"elementor-widget-wrap elementor-element-populated\">\n\t\t\t\t\t\t<div class=\"elementor-element elementor-element-55cca91 elementor-widget__width-initial elementor-widget elementor-widget-iheading\" data-id=\"55cca91\" data-element_type=\"widget\" data-widget_type=\"iheading.default\">\n\t\t\t\t<div class=\"elementor-widget-container\">\n\t\t\t\t\t<div class=\"ot-heading\">\r\n\t        <h2 class=\"main-heading\">Prestanite gubiti vrijeme, jednostavno kreirajte i a\u017eurirajte svoj registar za obradu GDPR-a uz na\u0161eg stru\u010dnjaka za za\u0161titu podataka<\/h2>\t    <\/div>\r\n\t    \t\t<\/div>\n\t\t\t\t<\/div>\n\t\t\t\t<div class=\"elementor-element elementor-element-72485af elementor-widget__width-initial elementor-widget elementor-widget-text-editor\" data-id=\"72485af\" data-element_type=\"widget\" data-widget_type=\"text-editor.default\">\n\t\t\t\t<div class=\"elementor-widget-container\">\n\t\t\t\t\t\t\t<p><span style=\"color: #000000;\">Razumijemo izazove s kojima se tvrtke suo\u010davaju u uskla\u0111ivanju sa zahtjevima GDPR-a. Na\u0161a namjenska platforma za uskla\u0111enost s GDPR-om Viqtor osmi\u0161ljena je da vas vodi kroz proces, osiguravaju\u0107i uskla\u0111enost sa zakonom.<\/span><br \/><br \/><\/p>\t\t\t\t\t\t<\/div>\n\t\t\t\t<\/div>\n\t\t\t\t\t<\/div>\n\t\t<\/div>\n\t\t\t\t\t<\/div>\n\t\t<\/section>\n\t\t\t\t<section class=\"elementor-section elementor-top-section elementor-element elementor-element-f46331b elementor-section-content-middle ot-traditional elementor-section-boxed elementor-section-height-default elementor-section-height-default\" data-id=\"f46331b\" data-element_type=\"section\" data-settings=\"{&quot;background_background&quot;:&quot;classic&quot;}\">\n\t\t\t\t\t\t\t<div class=\"elementor-background-overlay\"><\/div>\n\t\t\t\t\t\t\t<div class=\"elementor-container elementor-column-gap-default\">\n\t\t\t\t\t<div class=\"elementor-column elementor-col-100 elementor-top-column elementor-element elementor-element-c1653f8 ot-column-items-center ot-flex-column-vertical\" data-id=\"c1653f8\" data-element_type=\"column\">\n\t\t\t<div class=\"elementor-widget-wrap elementor-element-populated\">\n\t\t\t\t\t\t<div class=\"elementor-element elementor-element-0b99088 elementor-widget__width-initial elementor-widget elementor-widget-iheading\" data-id=\"0b99088\" data-element_type=\"widget\" data-widget_type=\"iheading.default\">\n\t\t\t\t<div class=\"elementor-widget-container\">\n\t\t\t\t\t<div class=\"ot-heading\">\r\n\t        \t            <span>\/\/ S VIQTOR\u00ae-om<\/span>\r\n\t        <h2 class=\"main-heading\">Odabirom na\u0161e platforme mo\u017eete biti sigurni da \u0107e se obrada va\u0161ih osobnih podataka provoditi sigurno, odgovorno i u skladu s propisima. <\/h2>\t    <\/div>\r\n\t    \t\t<\/div>\n\t\t\t\t<\/div>\n\t\t\t\t\t<\/div>\n\t\t<\/div>\n\t\t\t\t\t<\/div>\n\t\t<\/section>\n\t\t\t\t<\/div>","protected":false},"excerpt":{"rendered":"<p>Viqtor\u00ae\u00a0 \u2013 Vous offre des services DPO France\u00a0 Dans un monde num\u00e9rique en constante \u00e9volution, la conformit\u00e9 RGPD est plus cruciale que jamais. Notre plateforme Viqtor\u00ae offre des services d&rsquo;experts DPO France\u00a0 pour vous guider \u00e0 travers le labyrinthe de la conformit\u00e9. Nous nous engageons \u00e0 fournir des conseils professionnels, des audits et des mises [&hellip;]<\/p>","protected":false},"author":1,"featured_media":0,"parent":0,"menu_order":0,"comment_status":"closed","ping_status":"closed","template":"","meta":{"_acf_changed":false,"footnotes":""},"class_list":["post-7887","page","type-page","status-publish","hentry"],"acf":[],"yoast_head":"<!-- This site is optimized with the Yoast SEO plugin v23.6 - https:\/\/yoast.com\/wordpress\/plugins\/seo\/ -->\n<title>DPO France - Viqtor<\/title>\n<meta name=\"description\" content=\"Vous \u00eates professionnel ? Vous \u00eates \u00e0 la recherche d\u2019un expert DPO France ? la Plateforme Viqtor est le logiciel qu\u2019il vous faut.\" \/>\n<meta name=\"robots\" content=\"index, follow, max-snippet:-1, max-image-preview:large, max-video-preview:-1\" \/>\n<link rel=\"canonical\" href=\"https:\/\/viqtor.eu\/hr\/dpo-france\/\" \/>\n<meta property=\"og:locale\" content=\"hr_HR\" \/>\n<meta property=\"og:type\" content=\"article\" \/>\n<meta property=\"og:title\" content=\"DPO France - Viqtor\" \/>\n<meta property=\"og:description\" content=\"Vous \u00eates professionnel ? Vous \u00eates \u00e0 la recherche d\u2019un expert DPO France ? la Plateforme Viqtor est le logiciel qu\u2019il vous faut.\" \/>\n<meta property=\"og:url\" content=\"https:\/\/viqtor.eu\/hr\/dpo-france\/\" \/>\n<meta property=\"og:site_name\" content=\"Viqtor\" \/>\n<meta property=\"article:modified_time\" content=\"2023-09-22T14:40:36+00:00\" \/>\n<meta property=\"og:image\" content=\"https:\/\/viqtor.eu\/wp-content\/uploads\/2023\/07\/registre-de-traitement-1024x1024.jpg\" \/>\n<meta name=\"twitter:card\" content=\"summary_large_image\" \/>\n<meta name=\"twitter:label1\" content=\"Procijenjeno vrijeme \u010ditanja\" \/>\n\t<meta name=\"twitter:data1\" content=\"3 minute\" \/>\n<script type=\"application\/ld+json\" class=\"yoast-schema-graph\">{\"@context\":\"https:\/\/schema.org\",\"@graph\":[{\"@type\":\"WebPage\",\"@id\":\"https:\/\/viqtor.eu\/dpo-france\/\",\"url\":\"https:\/\/viqtor.eu\/dpo-france\/\",\"name\":\"DPO France - Viqtor\",\"isPartOf\":{\"@id\":\"https:\/\/viqtor.eu\/#website\"},\"primaryImageOfPage\":{\"@id\":\"https:\/\/viqtor.eu\/dpo-france\/#primaryimage\"},\"image\":{\"@id\":\"https:\/\/viqtor.eu\/dpo-france\/#primaryimage\"},\"thumbnailUrl\":\"https:\/\/viqtor.eu\/wp-content\/uploads\/2023\/07\/registre-de-traitement-1024x1024.jpg\",\"datePublished\":\"2023-05-30T11:13:13+00:00\",\"dateModified\":\"2023-09-22T14:40:36+00:00\",\"description\":\"Vous \u00eates professionnel ? Vous \u00eates \u00e0 la recherche d\u2019un expert DPO France ? la Plateforme Viqtor est le logiciel qu\u2019il vous faut.\",\"breadcrumb\":{\"@id\":\"https:\/\/viqtor.eu\/dpo-france\/#breadcrumb\"},\"inLanguage\":\"hr\",\"potentialAction\":[{\"@type\":\"ReadAction\",\"target\":[\"https:\/\/viqtor.eu\/dpo-france\/\"]}]},{\"@type\":\"ImageObject\",\"inLanguage\":\"hr\",\"@id\":\"https:\/\/viqtor.eu\/dpo-france\/#primaryimage\",\"url\":\"https:\/\/viqtor.eu\/wp-content\/uploads\/2023\/07\/registre-de-traitement-1024x1024.jpg\",\"contentUrl\":\"https:\/\/viqtor.eu\/wp-content\/uploads\/2023\/07\/registre-de-traitement-1024x1024.jpg\"},{\"@type\":\"BreadcrumbList\",\"@id\":\"https:\/\/viqtor.eu\/dpo-france\/#breadcrumb\",\"itemListElement\":[{\"@type\":\"ListItem\",\"position\":1,\"name\":\"Accueil\",\"item\":\"https:\/\/viqtor.eu\/\"},{\"@type\":\"ListItem\",\"position\":2,\"name\":\"&#8230; DPO France\"}]},{\"@type\":\"WebSite\",\"@id\":\"https:\/\/viqtor.eu\/#website\",\"url\":\"https:\/\/viqtor.eu\/\",\"name\":\"Viqtor\",\"description\":\"Faites du RGPD une opportunit\u00e9 pour votre entreprise.\",\"publisher\":{\"@id\":\"https:\/\/viqtor.eu\/#organization\"},\"potentialAction\":[{\"@type\":\"SearchAction\",\"target\":{\"@type\":\"EntryPoint\",\"urlTemplate\":\"https:\/\/viqtor.eu\/?s={search_term_string}\"},\"query-input\":{\"@type\":\"PropertyValueSpecification\",\"valueRequired\":true,\"valueName\":\"search_term_string\"}}],\"inLanguage\":\"hr\"},{\"@type\":\"Organization\",\"@id\":\"https:\/\/viqtor.eu\/#organization\",\"name\":\"viqtor.eu\",\"url\":\"https:\/\/viqtor.eu\/\",\"logo\":{\"@type\":\"ImageObject\",\"inLanguage\":\"hr\",\"@id\":\"https:\/\/viqtor.eu\/#\/schema\/logo\/image\/\",\"url\":\"https:\/\/viqtor.eu\/wp-content\/uploads\/2023\/06\/favicon-noir.svg\",\"contentUrl\":\"https:\/\/viqtor.eu\/wp-content\/uploads\/2023\/06\/favicon-noir.svg\",\"width\":108,\"height\":86,\"caption\":\"viqtor.eu\"},\"image\":{\"@id\":\"https:\/\/viqtor.eu\/#\/schema\/logo\/image\/\"}}]}<\/script>\n<!-- \/ Yoast SEO plugin. -->","yoast_head_json":{"title":"DPO France - Viqtor","description":"Vous \u00eates professionnel ? Vous \u00eates \u00e0 la recherche d\u2019un expert DPO France ? la Plateforme Viqtor est le logiciel qu\u2019il vous faut.","robots":{"index":"index","follow":"follow","max-snippet":"max-snippet:-1","max-image-preview":"max-image-preview:large","max-video-preview":"max-video-preview:-1"},"canonical":"https:\/\/viqtor.eu\/hr\/dpo-france\/","og_locale":"hr_HR","og_type":"article","og_title":"DPO France - Viqtor","og_description":"Vous \u00eates professionnel ? Vous \u00eates \u00e0 la recherche d\u2019un expert DPO France ? la Plateforme Viqtor est le logiciel qu\u2019il vous faut.","og_url":"https:\/\/viqtor.eu\/hr\/dpo-france\/","og_site_name":"Viqtor","article_modified_time":"2023-09-22T14:40:36+00:00","og_image":[{"url":"https:\/\/viqtor.eu\/wp-content\/uploads\/2023\/07\/registre-de-traitement-1024x1024.jpg"}],"twitter_card":"summary_large_image","twitter_misc":{"Procijenjeno vrijeme \u010ditanja":"3 minute"},"schema":{"@context":"https:\/\/schema.org","@graph":[{"@type":"WebPage","@id":"https:\/\/viqtor.eu\/dpo-france\/","url":"https:\/\/viqtor.eu\/dpo-france\/","name":"DPO France - Viqtor","isPartOf":{"@id":"https:\/\/viqtor.eu\/#website"},"primaryImageOfPage":{"@id":"https:\/\/viqtor.eu\/dpo-france\/#primaryimage"},"image":{"@id":"https:\/\/viqtor.eu\/dpo-france\/#primaryimage"},"thumbnailUrl":"https:\/\/viqtor.eu\/wp-content\/uploads\/2023\/07\/registre-de-traitement-1024x1024.jpg","datePublished":"2023-05-30T11:13:13+00:00","dateModified":"2023-09-22T14:40:36+00:00","description":"Vous \u00eates professionnel ? Vous \u00eates \u00e0 la recherche d\u2019un expert DPO France ? la Plateforme Viqtor est le logiciel qu\u2019il vous faut.","breadcrumb":{"@id":"https:\/\/viqtor.eu\/dpo-france\/#breadcrumb"},"inLanguage":"hr","potentialAction":[{"@type":"ReadAction","target":["https:\/\/viqtor.eu\/dpo-france\/"]}]},{"@type":"ImageObject","inLanguage":"hr","@id":"https:\/\/viqtor.eu\/dpo-france\/#primaryimage","url":"https:\/\/viqtor.eu\/wp-content\/uploads\/2023\/07\/registre-de-traitement-1024x1024.jpg","contentUrl":"https:\/\/viqtor.eu\/wp-content\/uploads\/2023\/07\/registre-de-traitement-1024x1024.jpg"},{"@type":"BreadcrumbList","@id":"https:\/\/viqtor.eu\/dpo-france\/#breadcrumb","itemListElement":[{"@type":"ListItem","position":1,"name":"Accueil","item":"https:\/\/viqtor.eu\/"},{"@type":"ListItem","position":2,"name":"&#8230; DPO France"}]},{"@type":"WebSite","@id":"https:\/\/viqtor.eu\/#website","url":"https:\/\/viqtor.eu\/","name":"Viqtor","description":"Faites du RGPD une opportunit\u00e9 pour votre entreprise.","publisher":{"@id":"https:\/\/viqtor.eu\/#organization"},"potentialAction":[{"@type":"SearchAction","target":{"@type":"EntryPoint","urlTemplate":"https:\/\/viqtor.eu\/?s={search_term_string}"},"query-input":{"@type":"PropertyValueSpecification","valueRequired":true,"valueName":"search_term_string"}}],"inLanguage":"hr"},{"@type":"Organization","@id":"https:\/\/viqtor.eu\/#organization","name":"viqtor.eu","url":"https:\/\/viqtor.eu\/","logo":{"@type":"ImageObject","inLanguage":"hr","@id":"https:\/\/viqtor.eu\/#\/schema\/logo\/image\/","url":"https:\/\/viqtor.eu\/wp-content\/uploads\/2023\/06\/favicon-noir.svg","contentUrl":"https:\/\/viqtor.eu\/wp-content\/uploads\/2023\/06\/favicon-noir.svg","width":108,"height":86,"caption":"viqtor.eu"},"image":{"@id":"https:\/\/viqtor.eu\/#\/schema\/logo\/image\/"}}]}},"_links":{"self":[{"href":"https:\/\/viqtor.eu\/hr\/wp-json\/wp\/v2\/pages\/7887","targetHints":{"allow":["GET"]}}],"collection":[{"href":"https:\/\/viqtor.eu\/hr\/wp-json\/wp\/v2\/pages"}],"about":[{"href":"https:\/\/viqtor.eu\/hr\/wp-json\/wp\/v2\/types\/page"}],"author":[{"embeddable":true,"href":"https:\/\/viqtor.eu\/hr\/wp-json\/wp\/v2\/users\/1"}],"replies":[{"embeddable":true,"href":"https:\/\/viqtor.eu\/hr\/wp-json\/wp\/v2\/comments?post=7887"}],"version-history":[{"count":25,"href":"https:\/\/viqtor.eu\/hr\/wp-json\/wp\/v2\/pages\/7887\/revisions"}],"predecessor-version":[{"id":9651,"href":"https:\/\/viqtor.eu\/hr\/wp-json\/wp\/v2\/pages\/7887\/revisions\/9651"}],"wp:attachment":[{"href":"https:\/\/viqtor.eu\/hr\/wp-json\/wp\/v2\/media?parent=7887"}],"curies":[{"name":"wp","href":"https:\/\/api.w.org\/{rel}","templated":true}]}}