{"id":9655,"date":"2023-09-26T16:22:19","date_gmt":"2023-09-26T16:22:19","guid":{"rendered":"https:\/\/viqtor.eu\/?page_id=9655"},"modified":"2024-09-18T14:43:59","modified_gmt":"2024-09-18T14:43:59","slug":"les-nouveautes","status":"publish","type":"page","link":"https:\/\/viqtor.eu\/fi\/les-nouveautes\/","title":{"rendered":"Mit\u00e4 uutta"},"content":{"rendered":"<div data-elementor-type=\"wp-page\" data-elementor-id=\"9655\" class=\"elementor elementor-9655\" data-elementor-post-type=\"page\">\n\t\t\t\t\t\t<section class=\"elementor-section elementor-top-section elementor-element elementor-element-487d106 elementor-section-content-middle ot-traditional elementor-section-boxed elementor-section-height-default elementor-section-height-default\" data-id=\"487d106\" data-element_type=\"section\" data-settings=\"{&quot;background_background&quot;:&quot;classic&quot;}\">\n\t\t\t\t\t\t\t<div class=\"elementor-background-overlay\"><\/div>\n\t\t\t\t\t\t\t<div class=\"elementor-container elementor-column-gap-default\">\n\t\t\t\t\t<div class=\"elementor-column elementor-col-100 elementor-top-column elementor-element elementor-element-7cb43dc ot-column-items-center ot-flex-column-vertical\" data-id=\"7cb43dc\" data-element_type=\"column\">\n\t\t\t<div class=\"elementor-widget-wrap elementor-element-populated\">\n\t\t\t\t\t\t<div class=\"elementor-element elementor-element-f174978 elementor-widget__width-initial elementor-widget elementor-widget-iheading\" data-id=\"f174978\" data-element_type=\"widget\" data-widget_type=\"iheading.default\">\n\t\t\t\t<div class=\"elementor-widget-container\">\n\t\t\t\t\t<div class=\"ot-heading\">\r\n\t        \t            <span>Mit\u00e4 uutta<\/span>\r\n\t        <h1 class=\"main-heading\">\n\nKaikki uusimmat uutiset Viqtor\u00ae-alustalla<\/h1>\t    <\/div>\r\n\t    \t\t<\/div>\n\t\t\t\t<\/div>\n\t\t\t\t\t<\/div>\n\t\t<\/div>\n\t\t\t\t\t<\/div>\n\t\t<\/section>\n\t\t\t\t<section class=\"elementor-section elementor-top-section elementor-element elementor-element-35ba52a ot-traditional elementor-section-boxed elementor-section-height-default elementor-section-height-default\" data-id=\"35ba52a\" data-element_type=\"section\">\n\t\t\t\t\t\t<div class=\"elementor-container elementor-column-gap-default\">\n\t\t\t\t\t<div class=\"elementor-column elementor-col-100 elementor-top-column elementor-element elementor-element-0cf7b26 ot-flex-column-vertical\" data-id=\"0cf7b26\" data-element_type=\"column\">\n\t\t\t<div class=\"elementor-widget-wrap elementor-element-populated\">\n\t\t\t\t\t\t<div class=\"elementor-element elementor-element-3593ed7 elementor-widget elementor-widget-heading\" data-id=\"3593ed7\" data-element_type=\"widget\" data-widget_type=\"heading.default\">\n\t\t\t\t<div class=\"elementor-widget-container\">\n\t\t\t<h2 class=\"elementor-heading-title elementor-size-large\">Versio 2.0.2<\/h2>\t\t<\/div>\n\t\t\t\t<\/div>\n\t\t\t\t\t<\/div>\n\t\t<\/div>\n\t\t\t\t\t<\/div>\n\t\t<\/section>\n\t\t\t\t<section class=\"elementor-section elementor-top-section elementor-element elementor-element-3a23f17 ot-traditional elementor-section-boxed elementor-section-height-default elementor-section-height-default\" data-id=\"3a23f17\" data-element_type=\"section\">\n\t\t\t\t\t\t<div class=\"elementor-container elementor-column-gap-default\">\n\t\t\t\t\t<div class=\"elementor-column elementor-col-100 elementor-top-column elementor-element elementor-element-cf1b7c9 ot-flex-column-vertical\" data-id=\"cf1b7c9\" data-element_type=\"column\">\n\t\t\t<div class=\"elementor-widget-wrap elementor-element-populated\">\n\t\t\t\t\t\t<div class=\"elementor-element elementor-element-3c94449 elementor-widget elementor-widget-text-editor\" data-id=\"3c94449\" data-element_type=\"widget\" data-widget_type=\"text-editor.default\">\n\t\t\t\t<div class=\"elementor-widget-container\">\n\t\t\t\t\t\t\t<p>Mit\u00e4 uutta t\u00e4ss\u00e4 p\u00e4ivityksess\u00e4 on?<\/p><p>Hallintomoduuli: Tietoturvakorjaukset<\/p><p>P\u00e4ivitetty sis\u00e4lt\u00f6: Olemme tarkistaneet ja p\u00e4ivitt\u00e4neet sivujemme sis\u00e4ll\u00f6n auttaaksemme k\u00e4ytt\u00e4ji\u00e4 ymm\u00e4rt\u00e4m\u00e4\u00e4n paremmin GDPR:n monipuolista kontekstia. L\u00f6yd\u00e4t p\u00e4ivitetty\u00e4 tietoa eri moduuleistamme.<\/p><p>Mobiilioptimointi: Optimoitu sujuvaa selauskokemusta varten kaikilla laitteilla, olipa kyseess\u00e4 sitten tietokone, tabletti tai \u00e4lypuhelin.<\/p><p>Parannettu turvallisuus: Olemme parantaneet verkkosivustomme turvallisuutta suojataksemme tietojasi ja varmistaaksemme turvallisen verkkokokemuksen. Voit selata luottavaisin mielin.<\/p>\t\t\t\t\t\t<\/div>\n\t\t\t\t<\/div>\n\t\t\t\t\t<\/div>\n\t\t<\/div>\n\t\t\t\t\t<\/div>\n\t\t<\/section>\n\t\t\t\t<section class=\"elementor-section elementor-top-section elementor-element elementor-element-acd8718 ot-traditional elementor-section-boxed elementor-section-height-default elementor-section-height-default\" data-id=\"acd8718\" data-element_type=\"section\">\n\t\t\t\t\t\t<div class=\"elementor-container elementor-column-gap-default\">\n\t\t\t\t\t<div class=\"elementor-column elementor-col-100 elementor-top-column elementor-element elementor-element-1ffd073 ot-flex-column-vertical\" data-id=\"1ffd073\" data-element_type=\"column\">\n\t\t\t<div class=\"elementor-widget-wrap elementor-element-populated\">\n\t\t\t\t\t\t<div class=\"elementor-element elementor-element-be946c3 elementor-widget-divider--view-line elementor-widget elementor-widget-divider\" data-id=\"be946c3\" data-element_type=\"widget\" data-widget_type=\"divider.default\">\n\t\t\t\t<div class=\"elementor-widget-container\">\n\t\t\t\t\t<div class=\"elementor-divider\">\n\t\t\t<span class=\"elementor-divider-separator\">\n\t\t\t\t\t\t<\/span>\n\t\t<\/div>\n\t\t\t\t<\/div>\n\t\t\t\t<\/div>\n\t\t\t\t\t<\/div>\n\t\t<\/div>\n\t\t\t\t\t<\/div>\n\t\t<\/section>\n\t\t\t\t<section class=\"elementor-section elementor-top-section elementor-element elementor-element-323ce08 ot-traditional elementor-section-boxed elementor-section-height-default elementor-section-height-default\" data-id=\"323ce08\" data-element_type=\"section\">\n\t\t\t\t\t\t<div class=\"elementor-container elementor-column-gap-default\">\n\t\t\t\t\t<div class=\"elementor-column elementor-col-100 elementor-top-column elementor-element elementor-element-2648a2e ot-flex-column-vertical\" data-id=\"2648a2e\" data-element_type=\"column\">\n\t\t\t<div class=\"elementor-widget-wrap elementor-element-populated\">\n\t\t\t\t\t\t<div class=\"elementor-element elementor-element-3b8cccd elementor-widget elementor-widget-heading\" data-id=\"3b8cccd\" data-element_type=\"widget\" data-widget_type=\"heading.default\">\n\t\t\t\t<div class=\"elementor-widget-container\">\n\t\t\t<h3 class=\"elementor-heading-title elementor-size-default\">Versio 2.0.1<\/h3>\t\t<\/div>\n\t\t\t\t<\/div>\n\t\t\t\t\t<\/div>\n\t\t<\/div>\n\t\t\t\t\t<\/div>\n\t\t<\/section>\n\t\t\t\t<section class=\"elementor-section elementor-top-section elementor-element elementor-element-39db8f0 ot-traditional elementor-section-boxed elementor-section-height-default elementor-section-height-default\" data-id=\"39db8f0\" data-element_type=\"section\">\n\t\t\t\t\t\t<div class=\"elementor-container elementor-column-gap-default\">\n\t\t\t\t\t<div class=\"elementor-column elementor-col-100 elementor-top-column elementor-element elementor-element-a1a7062 ot-flex-column-vertical\" data-id=\"a1a7062\" data-element_type=\"column\">\n\t\t\t<div class=\"elementor-widget-wrap elementor-element-populated\">\n\t\t\t\t\t\t<div class=\"elementor-element elementor-element-24c824d elementor-widget elementor-widget-text-editor\" data-id=\"24c824d\" data-element_type=\"widget\" data-widget_type=\"text-editor.default\">\n\t\t\t\t<div class=\"elementor-widget-container\">\n\t\t\t\t\t\t\t<p style=\"text-align: justify;\">Mit\u00e4 uutta t\u00e4ss\u00e4 p\u00e4ivityksess\u00e4 on?<\/p>\n<p style=\"text-align: justify;\">Oikeudellinen viitemoduuli: Uuden moduulin lis\u00e4\u00e4minen, joka koskee&nbsp;<span style=\"white-space-collapse: preserve; color: var( --e-global-color-text ); font-weight: var( --e-global-typography-text-font-weight );\">sis\u00e4iset mekanismit ja menettelyt tietosuojas\u00e4\u00e4nt\u00f6jen noudattamisen osoittamiseksi.<\/span><\/p><span data-metadata=\"<!--(figmeta)eyJmaWxlS2V5IjoiSDdxT1c4Q2QxMGlXbXVEVDRPeGJBVSIsInBhc3RlSUQiOjEyODkxNTkyODUsImRhdGFUeXBlIjoic2NlbmUifQo=(\/figmeta)-->\u00ab\u00a0><\/span><p style=\"text-align: justify;\">P\u00e4ivitetty sis\u00e4lt\u00f6: Olemme tarkistaneet ja p\u00e4ivitt\u00e4neet sivujemme sis\u00e4ll\u00f6n auttaaksemme k\u00e4ytt\u00e4ji\u00e4 ymm\u00e4rt\u00e4m\u00e4\u00e4n paremmin GDPR:n monipuolista kontekstia. L\u00f6yd\u00e4t p\u00e4ivitetty\u00e4 tietoa eri moduuleistamme.<\/p>\n<p style=\"text-align: justify;\">Mobiilioptimointi: Optimoitu sujuvaa selauskokemusta varten kaikilla laitteilla, olipa kyseess\u00e4 sitten tietokone, tabletti tai \u00e4lypuhelin.<\/p>\n<p style=\"text-align: justify;\">Parannettu turvallisuus: Olemme parantaneet verkkosivustomme turvallisuutta suojataksemme tietojasi ja varmistaaksemme turvallisen verkkokokemuksen. Voit selata luottavaisin mielin.<\/p>\t\t\t\t\t\t<\/div>\n\t\t\t\t<\/div>\n\t\t\t\t\t<\/div>\n\t\t<\/div>\n\t\t\t\t\t<\/div>\n\t\t<\/section>\n\t\t\t\t<\/div>","protected":false},"excerpt":{"rendered":"<p>Mit\u00e4 uutta? Kaikki uusimmat uutiset Viqtor\u00ae-alustan versiosta 2.0.2. Mit\u00e4 uutta t\u00e4ss\u00e4 p\u00e4ivityksess\u00e4 on? Hallintomoduuli: Tietoturvakorjauksia. P\u00e4ivitetty sis\u00e4lt\u00f6: Olemme tarkistaneet ja p\u00e4ivitt\u00e4neet sivujemme sis\u00e4ll\u00f6n, jotta k\u00e4ytt\u00e4j\u00e4t ymm\u00e4rt\u00e4isiv\u00e4t paremmin GDPR:n monimutkaisen kontekstin. Sin\u00e4 [\u2026]<\/p>","protected":false},"author":1,"featured_media":0,"parent":0,"menu_order":0,"comment_status":"closed","ping_status":"closed","template":"","meta":{"_acf_changed":false,"footnotes":""},"class_list":["post-9655","page","type-page","status-publish","hentry"],"acf":[],"yoast_head":"<!-- This site is optimized with the Yoast SEO plugin v23.6 - https:\/\/yoast.com\/wordpress\/plugins\/seo\/ -->\n<title>Les nouveaut\u00e9s sur le RGPD<\/title>\n<meta name=\"description\" content=\"Les nouveaut\u00e9s sur la plateforme Viqtor\u00ae de mise en conformit\u00e9 RGPD\" \/>\n<meta name=\"robots\" content=\"index, follow, max-snippet:-1, max-image-preview:large, max-video-preview:-1\" \/>\n<link rel=\"canonical\" href=\"https:\/\/viqtor.eu\/fi\/les-nouveautes\/\" \/>\n<meta property=\"og:locale\" content=\"fi_FI\" \/>\n<meta property=\"og:type\" content=\"article\" \/>\n<meta property=\"og:title\" content=\"Les nouveaut\u00e9s sur le RGPD\" \/>\n<meta property=\"og:description\" content=\"Les nouveaut\u00e9s sur la plateforme Viqtor\u00ae de mise en conformit\u00e9 RGPD\" \/>\n<meta property=\"og:url\" content=\"https:\/\/viqtor.eu\/fi\/les-nouveautes\/\" \/>\n<meta property=\"og:site_name\" content=\"Viqtor\" \/>\n<meta property=\"article:modified_time\" content=\"2024-09-18T14:43:59+00:00\" \/>\n<meta name=\"twitter:card\" content=\"summary_large_image\" \/>\n<meta name=\"twitter:label1\" content=\"Arvioitu lukuaika\" \/>\n\t<meta name=\"twitter:data1\" content=\"2 minuuttia\" \/>\n<script type=\"application\/ld+json\" class=\"yoast-schema-graph\">{\"@context\":\"https:\/\/schema.org\",\"@graph\":[{\"@type\":\"WebPage\",\"@id\":\"https:\/\/viqtor.eu\/les-nouveautes\/\",\"url\":\"https:\/\/viqtor.eu\/les-nouveautes\/\",\"name\":\"Les nouveaut\u00e9s sur le RGPD\",\"isPartOf\":{\"@id\":\"https:\/\/viqtor.eu\/#website\"},\"datePublished\":\"2023-09-26T16:22:19+00:00\",\"dateModified\":\"2024-09-18T14:43:59+00:00\",\"description\":\"Les nouveaut\u00e9s sur la plateforme Viqtor\u00ae de mise en conformit\u00e9 RGPD\",\"breadcrumb\":{\"@id\":\"https:\/\/viqtor.eu\/les-nouveautes\/#breadcrumb\"},\"inLanguage\":\"fi\",\"potentialAction\":[{\"@type\":\"ReadAction\",\"target\":[\"https:\/\/viqtor.eu\/les-nouveautes\/\"]}]},{\"@type\":\"BreadcrumbList\",\"@id\":\"https:\/\/viqtor.eu\/les-nouveautes\/#breadcrumb\",\"itemListElement\":[{\"@type\":\"ListItem\",\"position\":1,\"name\":\"Accueil\",\"item\":\"https:\/\/viqtor.eu\/\"},{\"@type\":\"ListItem\",\"position\":2,\"name\":\"Les nouveaut\u00e9s\"}]},{\"@type\":\"WebSite\",\"@id\":\"https:\/\/viqtor.eu\/#website\",\"url\":\"https:\/\/viqtor.eu\/\",\"name\":\"Viqtor\",\"description\":\"Faites du RGPD une opportunit\u00e9 pour votre entreprise.\",\"publisher\":{\"@id\":\"https:\/\/viqtor.eu\/#organization\"},\"potentialAction\":[{\"@type\":\"SearchAction\",\"target\":{\"@type\":\"EntryPoint\",\"urlTemplate\":\"https:\/\/viqtor.eu\/?s={search_term_string}\"},\"query-input\":{\"@type\":\"PropertyValueSpecification\",\"valueRequired\":true,\"valueName\":\"search_term_string\"}}],\"inLanguage\":\"fi\"},{\"@type\":\"Organization\",\"@id\":\"https:\/\/viqtor.eu\/#organization\",\"name\":\"viqtor.eu\",\"url\":\"https:\/\/viqtor.eu\/\",\"logo\":{\"@type\":\"ImageObject\",\"inLanguage\":\"fi\",\"@id\":\"https:\/\/viqtor.eu\/#\/schema\/logo\/image\/\",\"url\":\"https:\/\/viqtor.eu\/wp-content\/uploads\/2023\/06\/favicon-noir.svg\",\"contentUrl\":\"https:\/\/viqtor.eu\/wp-content\/uploads\/2023\/06\/favicon-noir.svg\",\"width\":108,\"height\":86,\"caption\":\"viqtor.eu\"},\"image\":{\"@id\":\"https:\/\/viqtor.eu\/#\/schema\/logo\/image\/\"}}]}<\/script>\n<!-- \/ Yoast SEO plugin. -->","yoast_head_json":{"title":"Les nouveaut\u00e9s sur le RGPD","description":"Les nouveaut\u00e9s sur la plateforme Viqtor\u00ae de mise en conformit\u00e9 RGPD","robots":{"index":"index","follow":"follow","max-snippet":"max-snippet:-1","max-image-preview":"max-image-preview:large","max-video-preview":"max-video-preview:-1"},"canonical":"https:\/\/viqtor.eu\/fi\/les-nouveautes\/","og_locale":"fi_FI","og_type":"article","og_title":"Les nouveaut\u00e9s sur le RGPD","og_description":"Les nouveaut\u00e9s sur la plateforme Viqtor\u00ae de mise en conformit\u00e9 RGPD","og_url":"https:\/\/viqtor.eu\/fi\/les-nouveautes\/","og_site_name":"Viqtor","article_modified_time":"2024-09-18T14:43:59+00:00","twitter_card":"summary_large_image","twitter_misc":{"Arvioitu lukuaika":"2 minuuttia"},"schema":{"@context":"https:\/\/schema.org","@graph":[{"@type":"WebPage","@id":"https:\/\/viqtor.eu\/les-nouveautes\/","url":"https:\/\/viqtor.eu\/les-nouveautes\/","name":"Les nouveaut\u00e9s sur le RGPD","isPartOf":{"@id":"https:\/\/viqtor.eu\/#website"},"datePublished":"2023-09-26T16:22:19+00:00","dateModified":"2024-09-18T14:43:59+00:00","description":"Les nouveaut\u00e9s sur la plateforme Viqtor\u00ae de mise en conformit\u00e9 RGPD","breadcrumb":{"@id":"https:\/\/viqtor.eu\/les-nouveautes\/#breadcrumb"},"inLanguage":"fi","potentialAction":[{"@type":"ReadAction","target":["https:\/\/viqtor.eu\/les-nouveautes\/"]}]},{"@type":"BreadcrumbList","@id":"https:\/\/viqtor.eu\/les-nouveautes\/#breadcrumb","itemListElement":[{"@type":"ListItem","position":1,"name":"Accueil","item":"https:\/\/viqtor.eu\/"},{"@type":"ListItem","position":2,"name":"Les nouveaut\u00e9s"}]},{"@type":"WebSite","@id":"https:\/\/viqtor.eu\/#website","url":"https:\/\/viqtor.eu\/","name":"Viqtor","description":"Faites du RGPD une opportunit\u00e9 pour votre entreprise.","publisher":{"@id":"https:\/\/viqtor.eu\/#organization"},"potentialAction":[{"@type":"SearchAction","target":{"@type":"EntryPoint","urlTemplate":"https:\/\/viqtor.eu\/?s={search_term_string}"},"query-input":{"@type":"PropertyValueSpecification","valueRequired":true,"valueName":"search_term_string"}}],"inLanguage":"fi"},{"@type":"Organization","@id":"https:\/\/viqtor.eu\/#organization","name":"viqtor.eu","url":"https:\/\/viqtor.eu\/","logo":{"@type":"ImageObject","inLanguage":"fi","@id":"https:\/\/viqtor.eu\/#\/schema\/logo\/image\/","url":"https:\/\/viqtor.eu\/wp-content\/uploads\/2023\/06\/favicon-noir.svg","contentUrl":"https:\/\/viqtor.eu\/wp-content\/uploads\/2023\/06\/favicon-noir.svg","width":108,"height":86,"caption":"viqtor.eu"},"image":{"@id":"https:\/\/viqtor.eu\/#\/schema\/logo\/image\/"}}]}},"_links":{"self":[{"href":"https:\/\/viqtor.eu\/fi\/wp-json\/wp\/v2\/pages\/9655","targetHints":{"allow":["GET"]}}],"collection":[{"href":"https:\/\/viqtor.eu\/fi\/wp-json\/wp\/v2\/pages"}],"about":[{"href":"https:\/\/viqtor.eu\/fi\/wp-json\/wp\/v2\/types\/page"}],"author":[{"embeddable":true,"href":"https:\/\/viqtor.eu\/fi\/wp-json\/wp\/v2\/users\/1"}],"replies":[{"embeddable":true,"href":"https:\/\/viqtor.eu\/fi\/wp-json\/wp\/v2\/comments?post=9655"}],"version-history":[{"count":19,"href":"https:\/\/viqtor.eu\/fi\/wp-json\/wp\/v2\/pages\/9655\/revisions"}],"predecessor-version":[{"id":12455,"href":"https:\/\/viqtor.eu\/fi\/wp-json\/wp\/v2\/pages\/9655\/revisions\/12455"}],"wp:attachment":[{"href":"https:\/\/viqtor.eu\/fi\/wp-json\/wp\/v2\/media?parent=9655"}],"curies":[{"name":"wp","href":"https:\/\/api.w.org\/{rel}","templated":true}]}}