{"id":8869,"date":"2023-07-24T10:33:08","date_gmt":"2023-07-24T10:33:08","guid":{"rendered":"https:\/\/viqtor.eu\/?page_id=8869"},"modified":"2023-09-20T10:54:39","modified_gmt":"2023-09-20T10:54:39","slug":"politique-generale-de-protection-des-donnees-a-caractere-personnel","status":"publish","type":"page","link":"https:\/\/viqtor.eu\/fi\/politique-generale-de-protection-des-donnees-a-caractere-personnel\/","title":{"rendered":"Yleinen henkil\u00f6tietojen suojaa koskeva k\u00e4yt\u00e4nt\u00f6"},"content":{"rendered":"<div data-elementor-type=\"wp-page\" data-elementor-id=\"8869\" class=\"elementor elementor-8869\" data-elementor-post-type=\"page\">\n\t\t\t\t\t\t<section class=\"elementor-section elementor-top-section elementor-element elementor-element-747390f0 ot-traditional elementor-section-boxed elementor-section-height-default elementor-section-height-default\" data-id=\"747390f0\" data-element_type=\"section\">\n\t\t\t\t\t\t<div class=\"elementor-container elementor-column-gap-default\">\n\t\t\t\t\t<div class=\"elementor-column elementor-col-100 elementor-top-column elementor-element elementor-element-2fbcdc64 ot-flex-column-vertical\" data-id=\"2fbcdc64\" data-element_type=\"column\">\n\t\t\t<div class=\"elementor-widget-wrap elementor-element-populated\">\n\t\t\t\t\t\t<div class=\"elementor-element elementor-element-69294830 elementor-widget elementor-widget-text-editor\" data-id=\"69294830\" data-element_type=\"widget\" data-widget_type=\"text-editor.default\">\n\t\t\t\t<div class=\"elementor-widget-container\">\n\t\t\t\t\t\t\t<p>Yksityisyyden ja henkil\u00f6tietojen suojan kunnioittaminen on luottamustekij\u00e4, johon DBWO on erityisen sitoutunut, koska se pit\u00e4\u00e4 t\u00e4rke\u00e4n\u00e4 jokaisen yksil\u00f6n perusvapauksien ja -oikeuksien kunnioittamista.<\/p>\n<p>T\u00e4m\u00e4 henkil\u00f6tietojen suojausk\u00e4yt\u00e4nt\u00f6 osoittaa DBWO:n p\u00e4ivitt\u00e4isess\u00e4 toiminnassaan toteuttamat sitoumukset henkil\u00f6tietojen vastuulliseen k\u00e4ytt\u00f6\u00f6n.<\/p>\n<p>\u00a0<\/p>\n<p><b>Tietosuojavastaava (DPO)<\/b><\/p>\n<p>Kaikkien henkil\u00f6tietojen yksityisyyden ja suojan s\u00e4ilytt\u00e4miseksi DBWO nimitti vuonna 2020 tietosuojavastaavan (DPO), joka hoitaa teht\u00e4vi\u00e4\u00e4n kaikissa rakenteissaan.<\/p>\n<p>Tietosuojavastaava on luotettu edustaja. H\u00e4n on henkil\u00f6tietojen suojan asiantuntija, joka vastaa yksityisyyden s\u00e4ilytt\u00e4misest\u00e4 ja henkil\u00f6tietojen suojaa koskevien s\u00e4\u00e4nt\u00f6jen asianmukaisesta soveltamisesta. H\u00e4n on ensisijainen yhteyshenkil\u00f6 Ranskan tietotekniikan ja kansalaisvapauksien kansalliselle komissiolle (CNIL) ja kaikille henkil\u00f6tietojen ker\u00e4\u00e4misen tai k\u00e4sittelyn kohteena oleville henkil\u00f6ille.<\/p>\n<p>Tietosuojavastaavamme yhteystiedot:<\/p>\n<p>DPO@DBWO.FR<\/p>\n<p>DBWO on Viqtor\u00ae-alustan julkaisija.<\/p>\n<p>T\u00e4m\u00e4 \u201dCompliance as a Service\u201d -alusta on ohjelmistopaketti, jonka tarkoituksena on helpottaa organisaatioiden yleisen tietosuoja-asetuksen noudattamisen k\u00e4ytt\u00f6\u00f6nottoa ja valvontaa.<\/p>\n<p>\u00a0<\/p>\n<p><b>DBWO:n k\u00e4sittelem\u00e4t henkil\u00f6tiedot<\/b><\/p>\n<p><strong>Osana sen rekrytointipolitiikkaa<\/strong>DBWO vastaanottaa pyynt\u00f6j\u00e4, joihin on liitetty ansioluettelo tai jopa henkil\u00f6tietoja, jotka mahdollistavat ty\u00f6haastattelutiedoston luomisen. Hakijat ovat toimittaneet pyynn\u00f6t, joita s\u00e4ilytet\u00e4\u00e4n kaksi vuotta niiden vastaanottamisesta, ellei henkil\u00f6\u00e4 palkata tai pyydet\u00e4.<\/p>\n<p><strong>Ty\u00f6ntekij\u00f6idens\u00e4 ty\u00f6sopimusten tai yksitt\u00e4isten palveluntarjoajiensa palvelusopimusten t\u00e4yt\u00e4nt\u00f6\u00f6npanon yhteydess\u00e4 <\/strong>DBWO k\u00e4sittelee henkil\u00f6tietoja, jotka ovat tarpeen heid\u00e4n teht\u00e4v\u00e4ns\u00e4 tai lakis\u00e4\u00e4teisten velvoitteidensa suorittamiseksi (siviilis\u00e4\u00e4tytiedot, taloudelliset tiedot, henkil\u00f6kohtaiseen el\u00e4m\u00e4\u00e4n liittyv\u00e4t tiedot, tutkintotodistukset ja valtuutukset, viestint\u00e4tiedot jne.). Tietoja s\u00e4ilytet\u00e4\u00e4n koko sopimussuhteen ajan, ja osaa niist\u00e4 s\u00e4ilytet\u00e4\u00e4n lakis\u00e4\u00e4teisten tai verotuksellisten vaatimusten vuoksi.\u00a0 \u00a0<\/p>\n<p><strong>Osana kaupallisia pyrkimyksi\u00e4\u00e4n<\/strong> DBWO:n on yksinomaan alan ammattilaisten k\u00e4ytt\u00f6\u00f6n tarkoitettuja henkil\u00f6tietoja, kuten nimi, etunimi, yritys, asema, puhelinnumero ja s\u00e4hk\u00f6postiosoite, jotka se saa suoraan messuilla tai tapahtumissa k\u00e4ytyjen vaihtojen, potentiaalisten asiakkaiden sen palveluille tai verkkosivuston kautta esitt\u00e4mien pyynt\u00f6jen tai ep\u00e4suorasti toimialakohtaisten ammatillisten tietokantojen luomiseen erikoistuneilta yrityksilt\u00e4. N\u00e4iden tietojen k\u00e4sittely perustuu osittain oikeutettuun etuun (tiedonpyynt\u00f6, yhteystietojen vaihto) ja toisaalta suostumukseen. Rekister\u00f6ity voi milloin tahansa pyyt\u00e4\u00e4 tietojensa poistamista.<\/p>\n<p><strong>Sopimustensa t\u00e4yt\u00e4nt\u00f6\u00f6npanon yhteydess\u00e4 <\/strong>DBWO k\u00e4sittelee asiakkaidensa tai alihankkijoidensa nime\u00e4mien yhteyshenkil\u00f6iden ja kirjeenvaihtajien henkil\u00f6tietoja ja s\u00e4ilytt\u00e4\u00e4 n\u00e4it\u00e4 tietoja (sukunimi, etunimi, s\u00e4hk\u00f6postiosoite, puhelinnumero, asema, yritys) koko sopimussuhteen ajan, ellei se saa yhti\u00f6lt\u00e4 ohjeita yhteyshenkil\u00f6n poistamiseksi tietokannoistaan.<\/p>\n<p>\u00a0<\/p>\n<p><b>Henkil\u00f6tietojen suojaan sovellettavat periaatteet<\/b><\/p>\n<p>DBWO soveltaa sis\u00e4\u00e4nrakennetun tietosuojan periaatteita kaikissa projekteissaan ja toteuttaa k\u00e4yt\u00e4nt\u00f6\u00e4, jolla tiedotetaan ja lis\u00e4t\u00e4\u00e4n tietoisuutta tiimeiss\u00e4\u00e4n yleisen tietosuoja-asetuksen periaatteiden noudattamisesta.<\/p>\n<p>Se tarjoaa asiakkailleen ohjelmistoja, jotka ovat yhteensopivia kaikkien yleisen tietosuoja-asetuksen vaatimusten kanssa.<\/p>\n<p>1. K\u00e4sittelyn erityinen, nimenomainen ja laillinen tarkoitus:<\/p>\n<p>Kun henkil\u00f6tietoja ker\u00e4t\u00e4\u00e4n, ne ker\u00e4t\u00e4\u00e4n tiettyihin tarkoituksiin, jotka m\u00e4\u00e4ritell\u00e4\u00e4n asiakkaidemme k\u00e4sittelytarpeiden perusteella.<\/p>\n<p>2. Ker\u00e4ttyjen tietojen osuus ja relevanssi:<\/p>\n<p>Ker\u00e4tyt henkil\u00f6tiedot ovat ehdottoman v\u00e4ltt\u00e4m\u00e4tt\u00f6mi\u00e4 tietojen ker\u00e4\u00e4misen tarkoituksen kannalta. DBWO-ohjelmiston suunnittelussa pyrit\u00e4\u00e4n minimoimaan ker\u00e4ttyjen tietojen m\u00e4\u00e4r\u00e4.<\/p>\n<p>3. Henkil\u00f6tietojen rajoitettu s\u00e4ilytysaika:<\/p>\n<p>DBWO:n vastuulla olevia henkil\u00f6tietoja s\u00e4ilytet\u00e4\u00e4n rajoitetun ajan, joka ei ylit\u00e4 ker\u00e4\u00e4misen tarkoituksen kannalta tarpeellista aikaa.<\/p>\n<p>4. Luottamuksellisuus \/ Tietoturva:\u00a0<\/p>\n<p>Tietoj\u00e4rjestelmien suojausk\u00e4yt\u00e4nn\u00f6t (PSSI) on otettu k\u00e4ytt\u00f6\u00f6n ja ne on mukautettu k\u00e4sitelt\u00e4vien tietojen luonteeseen ja niiden k\u00e4sittelyyn.<\/p>\n<p>Asianmukaiset fyysiset, loogiset ja organisatoriset turvatoimenpiteet ovat k\u00e4yt\u00f6ss\u00e4 tietojen luottamuksellisuuden varmistamiseksi, mukaan lukien luvattoman k\u00e4yt\u00f6n est\u00e4miseksi.<\/p>\n<p>DBWO edellytt\u00e4\u00e4 my\u00f6s, ett\u00e4 kaikki alihankkijat tarjoavat asianmukaiset suojatoimet henkil\u00f6tietojen turvallisuuden ja luottamuksellisuuden varmistamiseksi.<\/p>\n<p>5. Yksil\u00f6iden oikeudet:<\/p>\n<p>DBWO:n vastuulla suoritettavan k\u00e4sittelyn osalta<\/p>\n<ul>\n<li style=\"list-style-type: none;\">\n<ul><!-- wp:list-item --><\/ul>\n<\/li>\n<\/ul>\n<ul>\n<li style=\"list-style-type: none;\">\n<ul>\n<li>Kaikki tarvittavat keinot yksil\u00f6iden henkil\u00f6tietojaan koskevien oikeuksien tehokkuuden takaamiseksi toteutetaan.<\/li>\n<\/ul>\n<\/li>\n<\/ul>\n<p><!-- \/wp:list-item --> <!-- wp:list-item --><\/p>\n<ul>\n<li style=\"list-style-type: none;\">\n<ul>\n<li>Henkil\u00f6tietoja ker\u00e4t\u00e4\u00e4n oikeudenmukaisesti; mit\u00e4\u00e4n tietoja ei ker\u00e4t\u00e4 ilman yksil\u00f6iden tietoa tai heille ilmoitusta.<\/li>\n<\/ul>\n<\/li>\n<\/ul>\n<p><!-- \/wp:list-item --> <!-- wp:list-item --><\/p>\n<ul>\n<li style=\"list-style-type: none;\">\n<ul>\n<li>Ker\u00e4tyt henkil\u00f6tiedot saatetaan asianomaisten henkil\u00f6iden tietoon.<\/li>\n<\/ul>\n<\/li>\n<\/ul>\n<p><!-- \/wp:list-item --> <!-- wp:list-item --><\/p>\n<ul>\n<li style=\"list-style-type: none;\">\n<ul>\n<li>Ker\u00e4ttyj\u00e4 tietoja ei my\u00f6hemmin k\u00e4ytet\u00e4 n\u00e4iden tarkoitusten kanssa yhteensopimattomalla tavalla.<\/li>\n<\/ul>\n<\/li>\n<\/ul>\n<p><!-- \/wp:list-item --> <!-- wp:list-item --><\/p>\n<ul>\n<li style=\"list-style-type: none;\">\n<ul>\n<li>Henkil\u00f6tiedot pidet\u00e4\u00e4n oikeina ja ajan tasalla.<\/li>\n<\/ul>\n<\/li>\n<\/ul>\n<p><!-- \/wp:list-item --> <!-- wp:list-item --><\/p>\n<ul>\n<li style=\"list-style-type: none;\">\n<ul>\n<li>Tietojen s\u00e4ilytysajat saatetaan yksil\u00f6iden tietoon, ja ne vaihtelevat tietojen luonteen, k\u00e4sittelyn tarkoituksen tai lakis\u00e4\u00e4teisten tai s\u00e4\u00e4ntelyvaatimusten mukaan.<\/li>\n<\/ul>\n<\/li>\n<\/ul>\n<p><!-- \/wp:list-item --> <!-- wp:list-item --><\/p>\n<ul>\n<li style=\"list-style-type: none;\">\n<ul>\n<li>Jos henkil\u00f6tietoja siirrett\u00e4isiin Euroopan unionissa tai sen ulkopuolella sijaitseviin maihin, asianomaisille henkil\u00f6ille ilmoitettaisiin t\u00e4st\u00e4 erikseen ja n\u00e4iden siirtojen s\u00e4\u00e4ntelemiseksi toteutettaisiin erityisi\u00e4 toimenpiteit\u00e4.<\/li>\n<\/ul>\n<\/li>\n<\/ul>\n<p><!-- \/wp:list-item --> <!-- wp:list-item --><\/p>\n<ul>\n<li style=\"list-style-type: none;\">\n<ul>\n<li>Yksil\u00f6iden henkil\u00f6tietojaan koskevien oikeuksien tehokkuuden takaamiseksi tarvittavat keinot toteutetaan erityisesti antamalla selke\u00e4t ja kattavat tiedot toteutetusta tietojenk\u00e4sittelyst\u00e4, jotka ovat helposti kaikkien saatavilla ja ymm\u00e4rrett\u00e4viss\u00e4.<\/li>\n<\/ul>\n<\/li>\n<\/ul>\n<p><!-- \/wp:list-item --> <!-- wp:list-item --><\/p>\n<ul>\n<li style=\"list-style-type: none;\">\n<ul>\n<li>Jokaisella on oikeuksia omiin henkil\u00f6tietoihinsa, ja he voivat k\u00e4ytt\u00e4\u00e4 n\u00e4it\u00e4 oikeuksia milloin tahansa ja maksutta todistamalla henkil\u00f6llisyytens\u00e4. Yksil\u00f6t voivat siis tutustua henkil\u00f6tietoihinsa ja tietyiss\u00e4 tapauksissa pyyt\u00e4\u00e4 niiden oikaisemista tai poistamista tai vastustaa niiden k\u00e4sittely\u00e4.<\/li>\n<\/ul>\n<\/li>\n<\/ul>\n<p><!-- \/wp:list-item --><\/p>\n<p><b>DBWO-ohjelmiston k\u00e4ytt\u00e4jien vastuulla suoritettavan k\u00e4sittelyn osalta<\/b><\/p>\n<ul>\n<li style=\"list-style-type: none;\">\n<ul><!-- wp:list-item --><\/ul>\n<\/li>\n<\/ul>\n<ul>\n<li style=\"list-style-type: none;\">\n<ul>\n<li>DBWO lis\u00e4\u00e4 tietoisuutta ja kouluttaa kaikkia ty\u00f6ntekij\u00f6it\u00e4\u00e4n, jotka joutuvat tekemisiin yksityisten tietojen kanssa osana yll\u00e4pitotoimia, GDPR:n asettamien periaatteiden mukaisesti.<\/li>\n<\/ul>\n<\/li>\n<\/ul>\n<p><!-- \/wp:list-item --> <!-- wp:list-item --><\/p>\n<ul>\n<li style=\"list-style-type: none;\">\n<ul>\n<li>DBWO tiedottaa ohjelmistonsa k\u00e4ytt\u00e4jille keskeisist\u00e4 s\u00e4\u00e4nn\u00f6ist\u00e4, jotka m\u00e4\u00e4ritt\u00e4v\u00e4t henkil\u00f6tietojen k\u00e4sittelyn laillisuuden.<\/li>\n<\/ul>\n<\/li>\n<\/ul>\n<p><!-- \/wp:list-item --> <!-- wp:list-item --><\/p>\n<ul>\n<li style=\"list-style-type: none;\">\n<ul>\n<li>DBWO tiedottaa ohjelmistonsa k\u00e4ytt\u00e4jille ker\u00e4ttyjen henkil\u00f6tietojen suojaamiseksi tarvittavista varotoimista.<\/li>\n<\/ul>\n<\/li>\n<\/ul>\n<p><!-- \/wp:list-item --> <!-- wp:list-item --><\/p>\n<ul>\n<li style=\"list-style-type: none;\">\n<ul>\n<li>DBWO-ohjelmisto tarjoaa ty\u00f6kaluja n\u00e4iden tietojen suojaamiseen (lokitiedot, pseudonymisointi, salaus jne.)<\/li>\n<\/ul>\n<\/li>\n<\/ul>\n<p><!-- \/wp:list-item --> <!-- wp:list-item --><\/p>\n<ul>\n<li style=\"list-style-type: none;\">\n<ul>\n<li><a href=\"https:\/\/app.viqtor.eu\/gdpr-rights-exercise\">N\u00e4iden oikeuksien k\u00e4ytt\u00f6oikeus<\/a> (tietoihin p\u00e4\u00e4sy, oikaisu, poistaminen, vastustaminen) on mahdollista DBWO:n k\u00e4ytt\u00e4m\u00e4n ohjelmiston toimintojen avulla.<br \/><br \/><\/li>\n<\/ul>\n<\/li>\n<\/ul>\n<p><!-- \/wp:list-item --><\/p>\n<p>6. Digitaalisen tasavallan laista johtuvat oikeudet.<\/p>\n<p>Tietosuojalain uusi 40-1 artikla antaa yksil\u00f6ille mahdollisuuden antaa ohjeita tietojensa s\u00e4ilytt\u00e4misest\u00e4, poistamisesta ja luovuttamisesta kuolemansa j\u00e4lkeen.<\/p>\n<p>N\u00e4iden ohjeiden toteuttamiseksi voidaan nimet\u00e4 henkil\u00f6. T\u00e4ll\u00e4 henkil\u00f6ll\u00e4 on sitten henkil\u00f6n kuoltua valtuudet ottaa ohjeet huomioon ja pyyt\u00e4\u00e4 niiden t\u00e4yt\u00e4nt\u00f6\u00f6npanoa asianomaisilta rekisterinpit\u00e4jilt\u00e4.<\/p>\n<p>Jos henkil\u00f6 ei ole antanut el\u00e4ess\u00e4\u00e4n ohjeita, perillisill\u00e4 on mahdollisuus k\u00e4ytt\u00e4\u00e4 tiettyj\u00e4 oikeuksia, erityisesti:<\/p>\n<ul>\n<li style=\"list-style-type: none;\">\n<ul><!-- wp:list-item --><\/ul>\n<\/li>\n<\/ul>\n<ul>\n<li style=\"list-style-type: none;\">\n<ul>\n<li>Oikeus tutustua omaisuuteen, jos se on tarpeen vainajan kuolinpes\u00e4n selvitt\u00e4miseksi;<\/li>\n<\/ul>\n<\/li>\n<\/ul>\n<p><!-- \/wp:list-item --> <!-- wp:list-item --><\/p>\n<ul>\n<li style=\"list-style-type: none;\">\n<ul>\n<li>Oikeus vastustaa vainajan k\u00e4ytt\u00e4j\u00e4tilien sulkemista ja tietojensa k\u00e4sittely\u00e4.<\/li>\n<\/ul>\n<\/li>\n<\/ul>\n<p><!-- \/wp:list-item --><\/p>\n<p><b>Henkil\u00f6tietojen suojausk\u00e4yt\u00e4nn\u00f6n seuranta.<\/b><\/p>\n<p>T\u00e4t\u00e4 k\u00e4yt\u00e4nt\u00f6\u00e4 p\u00e4ivitet\u00e4\u00e4n s\u00e4\u00e4nn\u00f6llisesti lains\u00e4\u00e4d\u00e4nn\u00f6n ja asetusten kehityksen sek\u00e4 DBWO:n organisaatiossa tai tarjouksissa, tuotteissa ja palveluissa tapahtuvien muutosten huomioon ottamiseksi.<\/p>\t\t\t\t\t\t<\/div>\n\t\t\t\t<\/div>\n\t\t\t\t\t<\/div>\n\t\t<\/div>\n\t\t\t\t\t<\/div>\n\t\t<\/section>\n\t\t\t\t<\/div>","protected":false},"excerpt":{"rendered":"<p>Yksityisyyden ja henkil\u00f6tietojen suojan kunnioittaminen on keskeinen tekij\u00e4 luottamuksen rakentamisessa, ja DBWO pit\u00e4\u00e4 t\u00e4t\u00e4 arvoa t\u00e4rke\u00e4n\u00e4, sill\u00e4 se on sitoutunut kunnioittamaan jokaisen yksil\u00f6n perusoikeuksia ja -vapauksia. T\u00e4m\u00e4 henkil\u00f6tietojen suojausk\u00e4yt\u00e4nt\u00f6 heijastaa DBWO:n toteuttamia sitoumuksia [\u2026]<\/p>","protected":false},"author":1,"featured_media":0,"parent":0,"menu_order":0,"comment_status":"closed","ping_status":"closed","template":"","meta":{"_acf_changed":false,"footnotes":""},"class_list":["post-8869","page","type-page","status-publish","hentry"],"acf":[],"yoast_head":"<!-- This site is optimized with the Yoast SEO plugin v23.6 - https:\/\/yoast.com\/wordpress\/plugins\/seo\/ -->\n<title>Politique g\u00e9n\u00e9rale de protection des donn\u00e9es \u00e0 caract\u00e8re personnel - Viqtor<\/title>\n<meta name=\"robots\" content=\"noindex, nofollow\" \/>\n<meta property=\"og:locale\" content=\"fi_FI\" \/>\n<meta property=\"og:type\" content=\"article\" \/>\n<meta property=\"og:title\" content=\"Politique g\u00e9n\u00e9rale de protection des donn\u00e9es \u00e0 caract\u00e8re personnel - Viqtor\" \/>\n<meta property=\"og:description\" content=\"Le respect de la vie priv\u00e9e et de la protection des donn\u00e9es \u00e0 caract\u00e8re personnel constitue un facteur de confiance, valeur \u00e0 laquelle tient particuli\u00e8rement DBWO, en s\u2019attachant au respect des libert\u00e9s et droits fondamentaux de chacun. La pr\u00e9sente politique de protection des donn\u00e9es \u00e0 caract\u00e8re personnel t\u00e9moigne des engagements mis en \u0153uvre par DBWO [&hellip;]\" \/>\n<meta property=\"og:url\" content=\"https:\/\/viqtor.eu\/fi\/politique-generale-de-protection-des-donnees-a-caractere-personnel\/\" \/>\n<meta property=\"og:site_name\" content=\"Viqtor\" \/>\n<meta property=\"article:modified_time\" content=\"2023-09-20T10:54:39+00:00\" \/>\n<meta name=\"twitter:card\" content=\"summary_large_image\" \/>\n<meta name=\"twitter:label1\" content=\"Arvioitu lukuaika\" \/>\n\t<meta name=\"twitter:data1\" content=\"7 minuuttia\" \/>\n<script type=\"application\/ld+json\" class=\"yoast-schema-graph\">{\"@context\":\"https:\/\/schema.org\",\"@graph\":[{\"@type\":\"WebPage\",\"@id\":\"https:\/\/viqtor.eu\/politique-generale-de-protection-des-donnees-a-caractere-personnel\/\",\"url\":\"https:\/\/viqtor.eu\/politique-generale-de-protection-des-donnees-a-caractere-personnel\/\",\"name\":\"Politique g\u00e9n\u00e9rale de protection des donn\u00e9es \u00e0 caract\u00e8re personnel - Viqtor\",\"isPartOf\":{\"@id\":\"https:\/\/viqtor.eu\/#website\"},\"datePublished\":\"2023-07-24T10:33:08+00:00\",\"dateModified\":\"2023-09-20T10:54:39+00:00\",\"breadcrumb\":{\"@id\":\"https:\/\/viqtor.eu\/politique-generale-de-protection-des-donnees-a-caractere-personnel\/#breadcrumb\"},\"inLanguage\":\"fi\",\"potentialAction\":[{\"@type\":\"ReadAction\",\"target\":[\"https:\/\/viqtor.eu\/politique-generale-de-protection-des-donnees-a-caractere-personnel\/\"]}]},{\"@type\":\"BreadcrumbList\",\"@id\":\"https:\/\/viqtor.eu\/politique-generale-de-protection-des-donnees-a-caractere-personnel\/#breadcrumb\",\"itemListElement\":[{\"@type\":\"ListItem\",\"position\":1,\"name\":\"Accueil\",\"item\":\"https:\/\/viqtor.eu\/\"},{\"@type\":\"ListItem\",\"position\":2,\"name\":\"Politique g\u00e9n\u00e9rale de protection des donn\u00e9es \u00e0 caract\u00e8re personnel\"}]},{\"@type\":\"WebSite\",\"@id\":\"https:\/\/viqtor.eu\/#website\",\"url\":\"https:\/\/viqtor.eu\/\",\"name\":\"Viqtor\",\"description\":\"Faites du RGPD une opportunit\u00e9 pour votre entreprise.\",\"publisher\":{\"@id\":\"https:\/\/viqtor.eu\/#organization\"},\"potentialAction\":[{\"@type\":\"SearchAction\",\"target\":{\"@type\":\"EntryPoint\",\"urlTemplate\":\"https:\/\/viqtor.eu\/?s={search_term_string}\"},\"query-input\":{\"@type\":\"PropertyValueSpecification\",\"valueRequired\":true,\"valueName\":\"search_term_string\"}}],\"inLanguage\":\"fi\"},{\"@type\":\"Organization\",\"@id\":\"https:\/\/viqtor.eu\/#organization\",\"name\":\"viqtor.eu\",\"url\":\"https:\/\/viqtor.eu\/\",\"logo\":{\"@type\":\"ImageObject\",\"inLanguage\":\"fi\",\"@id\":\"https:\/\/viqtor.eu\/#\/schema\/logo\/image\/\",\"url\":\"https:\/\/viqtor.eu\/wp-content\/uploads\/2023\/06\/favicon-noir.svg\",\"contentUrl\":\"https:\/\/viqtor.eu\/wp-content\/uploads\/2023\/06\/favicon-noir.svg\",\"width\":108,\"height\":86,\"caption\":\"viqtor.eu\"},\"image\":{\"@id\":\"https:\/\/viqtor.eu\/#\/schema\/logo\/image\/\"}}]}<\/script>\n<!-- \/ Yoast SEO plugin. -->","yoast_head_json":{"title":"Politique g\u00e9n\u00e9rale de protection des donn\u00e9es \u00e0 caract\u00e8re personnel - Viqtor","robots":{"index":"noindex","follow":"nofollow"},"og_locale":"fi_FI","og_type":"article","og_title":"Politique g\u00e9n\u00e9rale de protection des donn\u00e9es \u00e0 caract\u00e8re personnel - Viqtor","og_description":"Le respect de la vie priv\u00e9e et de la protection des donn\u00e9es \u00e0 caract\u00e8re personnel constitue un facteur de confiance, valeur \u00e0 laquelle tient particuli\u00e8rement DBWO, en s\u2019attachant au respect des libert\u00e9s et droits fondamentaux de chacun. La pr\u00e9sente politique de protection des donn\u00e9es \u00e0 caract\u00e8re personnel t\u00e9moigne des engagements mis en \u0153uvre par DBWO [&hellip;]","og_url":"https:\/\/viqtor.eu\/fi\/politique-generale-de-protection-des-donnees-a-caractere-personnel\/","og_site_name":"Viqtor","article_modified_time":"2023-09-20T10:54:39+00:00","twitter_card":"summary_large_image","twitter_misc":{"Arvioitu lukuaika":"7 minuuttia"},"schema":{"@context":"https:\/\/schema.org","@graph":[{"@type":"WebPage","@id":"https:\/\/viqtor.eu\/politique-generale-de-protection-des-donnees-a-caractere-personnel\/","url":"https:\/\/viqtor.eu\/politique-generale-de-protection-des-donnees-a-caractere-personnel\/","name":"Politique g\u00e9n\u00e9rale de protection des donn\u00e9es \u00e0 caract\u00e8re personnel - Viqtor","isPartOf":{"@id":"https:\/\/viqtor.eu\/#website"},"datePublished":"2023-07-24T10:33:08+00:00","dateModified":"2023-09-20T10:54:39+00:00","breadcrumb":{"@id":"https:\/\/viqtor.eu\/politique-generale-de-protection-des-donnees-a-caractere-personnel\/#breadcrumb"},"inLanguage":"fi","potentialAction":[{"@type":"ReadAction","target":["https:\/\/viqtor.eu\/politique-generale-de-protection-des-donnees-a-caractere-personnel\/"]}]},{"@type":"BreadcrumbList","@id":"https:\/\/viqtor.eu\/politique-generale-de-protection-des-donnees-a-caractere-personnel\/#breadcrumb","itemListElement":[{"@type":"ListItem","position":1,"name":"Accueil","item":"https:\/\/viqtor.eu\/"},{"@type":"ListItem","position":2,"name":"Politique g\u00e9n\u00e9rale de protection des donn\u00e9es \u00e0 caract\u00e8re personnel"}]},{"@type":"WebSite","@id":"https:\/\/viqtor.eu\/#website","url":"https:\/\/viqtor.eu\/","name":"Viqtor","description":"Faites du RGPD une opportunit\u00e9 pour votre entreprise.","publisher":{"@id":"https:\/\/viqtor.eu\/#organization"},"potentialAction":[{"@type":"SearchAction","target":{"@type":"EntryPoint","urlTemplate":"https:\/\/viqtor.eu\/?s={search_term_string}"},"query-input":{"@type":"PropertyValueSpecification","valueRequired":true,"valueName":"search_term_string"}}],"inLanguage":"fi"},{"@type":"Organization","@id":"https:\/\/viqtor.eu\/#organization","name":"viqtor.eu","url":"https:\/\/viqtor.eu\/","logo":{"@type":"ImageObject","inLanguage":"fi","@id":"https:\/\/viqtor.eu\/#\/schema\/logo\/image\/","url":"https:\/\/viqtor.eu\/wp-content\/uploads\/2023\/06\/favicon-noir.svg","contentUrl":"https:\/\/viqtor.eu\/wp-content\/uploads\/2023\/06\/favicon-noir.svg","width":108,"height":86,"caption":"viqtor.eu"},"image":{"@id":"https:\/\/viqtor.eu\/#\/schema\/logo\/image\/"}}]}},"_links":{"self":[{"href":"https:\/\/viqtor.eu\/fi\/wp-json\/wp\/v2\/pages\/8869","targetHints":{"allow":["GET"]}}],"collection":[{"href":"https:\/\/viqtor.eu\/fi\/wp-json\/wp\/v2\/pages"}],"about":[{"href":"https:\/\/viqtor.eu\/fi\/wp-json\/wp\/v2\/types\/page"}],"author":[{"embeddable":true,"href":"https:\/\/viqtor.eu\/fi\/wp-json\/wp\/v2\/users\/1"}],"replies":[{"embeddable":true,"href":"https:\/\/viqtor.eu\/fi\/wp-json\/wp\/v2\/comments?post=8869"}],"version-history":[{"count":12,"href":"https:\/\/viqtor.eu\/fi\/wp-json\/wp\/v2\/pages\/8869\/revisions"}],"predecessor-version":[{"id":9625,"href":"https:\/\/viqtor.eu\/fi\/wp-json\/wp\/v2\/pages\/8869\/revisions\/9625"}],"wp:attachment":[{"href":"https:\/\/viqtor.eu\/fi\/wp-json\/wp\/v2\/media?parent=8869"}],"curies":[{"name":"wp","href":"https:\/\/api.w.org\/{rel}","templated":true}]}}