{"id":8065,"date":"2023-06-02T11:44:17","date_gmt":"2023-06-02T11:44:17","guid":{"rendered":"https:\/\/viqtor.eu\/?page_id=8065"},"modified":"2024-09-18T14:42:18","modified_gmt":"2024-09-18T14:42:18","slug":"le-guide-viqtor-de-la-donnee-personnelle","status":"publish","type":"page","link":"https:\/\/viqtor.eu\/fi\/le-guide-viqtor-de-la-donnee-personnelle\/","title":{"rendered":"Viqtorin opas henkil\u00f6tietoihin"},"content":{"rendered":"<div data-elementor-type=\"wp-page\" data-elementor-id=\"8065\" class=\"elementor elementor-8065\" data-elementor-post-type=\"page\">\n\t\t\t\t\t\t<section class=\"elementor-section elementor-top-section elementor-element elementor-element-487d106 elementor-section-content-middle ot-traditional elementor-section-boxed elementor-section-height-default elementor-section-height-default\" data-id=\"487d106\" data-element_type=\"section\" data-settings=\"{&quot;background_background&quot;:&quot;classic&quot;}\">\n\t\t\t\t\t\t\t<div class=\"elementor-background-overlay\"><\/div>\n\t\t\t\t\t\t\t<div class=\"elementor-container elementor-column-gap-default\">\n\t\t\t\t\t<div class=\"elementor-column elementor-col-100 elementor-top-column elementor-element elementor-element-7cb43dc ot-column-items-center ot-flex-column-vertical\" data-id=\"7cb43dc\" data-element_type=\"column\">\n\t\t\t<div class=\"elementor-widget-wrap elementor-element-populated\">\n\t\t\t\t\t\t<div class=\"elementor-element elementor-element-f174978 elementor-widget__width-initial elementor-widget elementor-widget-iheading\" data-id=\"f174978\" data-element_type=\"widget\" data-widget_type=\"iheading.default\">\n\t\t\t\t<div class=\"elementor-widget-container\">\n\t\t\t\t\t<div class=\"ot-heading\">\r\n\t        \t            <span>\/\/ Viqtor\u00ae-alusta<\/span>\r\n\t        <h1 class=\"main-heading\">\n\nViqtor\u00ae-opas henkil\u00f6tietoihin<\/h1>\t    <\/div>\r\n\t    \t\t<\/div>\n\t\t\t\t<\/div>\n\t\t\t\t\t<\/div>\n\t\t<\/div>\n\t\t\t\t\t<\/div>\n\t\t<\/section>\n\t\t\t\t<section class=\"elementor-section elementor-top-section elementor-element elementor-element-6bfd0a4 ot-traditional elementor-section-boxed elementor-section-height-default elementor-section-height-default\" data-id=\"6bfd0a4\" data-element_type=\"section\">\n\t\t\t\t\t\t<div class=\"elementor-container elementor-column-gap-default\">\n\t\t\t\t\t<div class=\"elementor-column elementor-col-100 elementor-top-column elementor-element elementor-element-9e9d643 ot-flex-column-vertical\" data-id=\"9e9d643\" data-element_type=\"column\">\n\t\t\t<div class=\"elementor-widget-wrap elementor-element-populated\">\n\t\t\t\t\t\t<div class=\"elementor-element elementor-element-4ca1c81 elementor-widget elementor-widget-text-editor\" data-id=\"4ca1c81\" data-element_type=\"widget\" data-widget_type=\"text-editor.default\">\n\t\t\t\t<div class=\"elementor-widget-container\">\n\t\t\t\t\t\t\t<p><span style=\"color: #3366ff;\"><strong><span style=\"text-decoration: underline;\">Esipuhe:<\/span> <\/strong><\/span><\/p><p><span style=\"color: #000000;\">Riskienhallinta henkil\u00f6tietojen suojauksessa: Olennainen opas optimaaliseen vaatimustenmukaisuuteen.<\/span><\/p><p><span style=\"color: #000000;\">Tietoturvan yll\u00e4pit\u00e4misen kannalta riskienhallinta on olennaista. Ranskan tietosuojalain 121 artiklan mukaisesti on t\u00e4rke\u00e4\u00e4 m\u00e4\u00e4ritt\u00e4\u00e4 toteutettavat varotoimet tietojen luonteen ja k\u00e4sittelyyn liittyvien riskien perusteella. Yleinen tietosuoja-asetus (GDPR) korostaa asianmukaisten teknisten ja organisatoristen toimenpiteiden toteuttamisen t\u00e4rkeytt\u00e4 asianmukaisen turvallisuustason varmistamiseksi.<\/span><\/p><p><span style=\"color: #000000;\">T\u00e4m\u00e4 vaatimus koskee paitsi henkil\u00f6tietojen rekisterinpit\u00e4j\u00e4\u00e4 my\u00f6s mukana olevia henkil\u00f6tietojen k\u00e4sittelij\u00f6it\u00e4, kuten yleisen tietosuoja-asetuksen 32 artiklassa on s\u00e4\u00e4detty. Riskienhallintal\u00e4hestymistavan omaksuminen mahdollistaa objektiivisen p\u00e4\u00e4t\u00f6ksenteon ja sellaisten toimenpiteiden toteuttamisen, jotka ovat ehdottoman v\u00e4ltt\u00e4m\u00e4tt\u00f6mi\u00e4 ja mukautettuja kyseiseen kontekstiin.<\/span><\/p><p><span style=\"color: #000000;\">T\u00e4llaisen l\u00e4hestymistavan toteuttaminen ja vaatimusten t\u00e4ytt\u00e4misen varmistaminen voi kuitenkin joskus olla monimutkaista, erityisesti niille, jotka eiv\u00e4t tunne n\u00e4it\u00e4 menetelmi\u00e4.<\/span><\/p><p><span style=\"color: #000000;\">Siksi oppaamme tarjoaa arvokasta tukea vaatimustenmukaisuuspyrkimyksiss\u00e4si. Esittelemme perusvarotoimet, jotka tulisi toteuttaa j\u00e4rjestelm\u00e4llisesti. T\u00e4m\u00e4 opas on suunnattu erityisesti tietosuojavastaaville, tietoturvap\u00e4\u00e4llik\u00f6ille ja IT-ammattilaisille, ja se tarjoaa hy\u00f6dyllist\u00e4 tietoa oikeusalan ammattilaisille.<\/span><\/p><p><span style=\"color: #000000;\">Opas henkil\u00f6tietojen k\u00e4sittelyyn liittyvien riskien hallintaan GDPR:n optimaalisen noudattamisen varmistamiseksi.<\/span><\/p><p><span style=\"color: #000000;\">Henkil\u00f6tietojen k\u00e4sittelyyn liittyvien riskien hallinnassa on t\u00e4rke\u00e4\u00e4 omaksua ennakoiva l\u00e4hestymistapa tietoturvan varmistamiseksi ja yleisen tietosuoja-asetuksen (GDPR) vaatimusten noudattamisen varmistamiseksi. Hakukoneoptimoinnin asiantuntijana olen laatinut alla yksityiskohtaisen oppaan, joka keskittyy toimenpiteisiin, joilla voit optimoida GDPR-vaatimustenmukaisuutta ottaen huomioon parhaat k\u00e4yt\u00e4nn\u00f6t Google-sijoitusten parantamiseksi.<\/span><\/p><p><strong><span style=\"color: #000000;\">Listaa henkil\u00f6tietojen k\u00e4sittely ja k\u00e4ytetyt v\u00e4lineet:<\/span><\/strong><\/p><p><span style=\"color: #000000;\">Yksi ensimm\u00e4isist\u00e4 vaiheista on tunnistaa kaikki henkil\u00f6tietojen k\u00e4sittelytoimet, olivatpa ne automatisoituja tai ei. T\u00e4m\u00e4 sis\u00e4lt\u00e4\u00e4 asiakastiedostot, sopimukset ja muut k\u00e4sitelt\u00e4v\u00e4t tiedot. On t\u00e4rke\u00e4\u00e4 luetella k\u00e4ytetyt eri v\u00e4lineet, kuten palvelimet, kannettavat tietokoneet, kiintolevyt, ohjelmistot (k\u00e4ytt\u00f6j\u00e4rjestelm\u00e4t, yritysohjelmistot), viestint\u00e4kanavat (valokuitu, Wi-Fi, internet, suullinen vuorovaikutus, kuriirit) sek\u00e4 paperiset v\u00e4lineet ja fyysiset tilat (tietokonehuoneet, toimistot).<\/span><\/p>\t\t\t\t\t\t<\/div>\n\t\t\t\t<\/div>\n\t\t\t\t\t<\/div>\n\t\t<\/div>\n\t\t\t\t\t<\/div>\n\t\t<\/section>\n\t\t\t\t<section class=\"elementor-section elementor-top-section elementor-element elementor-element-35ba52a ot-traditional elementor-section-boxed elementor-section-height-default elementor-section-height-default\" data-id=\"35ba52a\" data-element_type=\"section\">\n\t\t\t\t\t\t<div class=\"elementor-container elementor-column-gap-default\">\n\t\t\t\t\t<div class=\"elementor-column elementor-col-100 elementor-top-column elementor-element elementor-element-0cf7b26 ot-flex-column-vertical\" data-id=\"0cf7b26\" data-element_type=\"column\">\n\t\t\t<div class=\"elementor-widget-wrap elementor-element-populated\">\n\t\t\t\t\t\t<div class=\"elementor-element elementor-element-3593ed7 elementor-widget elementor-widget-heading\" data-id=\"3593ed7\" data-element_type=\"widget\" data-widget_type=\"heading.default\">\n\t\t\t\t<div class=\"elementor-widget-container\">\n\t\t\t<h2 class=\"elementor-heading-title elementor-size-large\">Kunkin hoidon riskien arviointi:<\/h2>\t\t<\/div>\n\t\t\t\t<\/div>\n\t\t\t\t\t<\/div>\n\t\t<\/div>\n\t\t\t\t\t<\/div>\n\t\t<\/section>\n\t\t\t\t<section class=\"elementor-section elementor-top-section elementor-element elementor-element-3a23f17 ot-traditional elementor-section-boxed elementor-section-height-default elementor-section-height-default\" data-id=\"3a23f17\" data-element_type=\"section\">\n\t\t\t\t\t\t<div class=\"elementor-container elementor-column-gap-default\">\n\t\t\t\t\t<div class=\"elementor-column elementor-col-100 elementor-top-column elementor-element elementor-element-cf1b7c9 ot-flex-column-vertical\" data-id=\"cf1b7c9\" data-element_type=\"column\">\n\t\t\t<div class=\"elementor-widget-wrap elementor-element-populated\">\n\t\t\t\t\t\t<div class=\"elementor-element elementor-element-3c94449 elementor-widget elementor-widget-text-editor\" data-id=\"3c94449\" data-element_type=\"widget\" data-widget_type=\"text-editor.default\">\n\t\t\t\t<div class=\"elementor-widget-container\">\n\t\t\t\t\t\t\t<p><span style=\"color: #0000ff;\"><strong>a- Tunnista mahdolliset vaikutukset kyseisten henkil\u00f6iden oikeuksiin ja vapauksiin keskittyen kolmeen pel\u00e4ttyyn skenaarioon:<\/strong><\/span><\/p><p><span style=\"color: #000000;\"><strong>Laiton p\u00e4\u00e4sy tietoihin<\/strong>\u00a0esimerkiksi yrityksen kaikkien ty\u00f6ntekij\u00f6iden palkkakuitien paljastaminen, mik\u00e4 johtaa identiteettivarkauteen.<\/span><\/p><p><span style=\"color: #000000;\"><strong>Tietojen ei-toivottu muokkaaminen<\/strong>\u00a0esimerkiksi k\u00e4ytt\u00f6lokien muuttaminen, joka johtaa virheellisesti syyt\u00f6ksiin henkil\u00f6\u00e4 vastaan tehdyst\u00e4 v\u00e4\u00e4rink\u00e4yt\u00f6ksest\u00e4 tai rikoksesta.<\/span><\/p><p><span style=\"color: #000000;\"><strong>Tietojen katoaminen<\/strong>\u00a0esimerkiksi kyvytt\u00f6myys k\u00e4ytt\u00e4\u00e4 potilaan s\u00e4hk\u00f6ist\u00e4 tiedostoa, mink\u00e4 seurauksena l\u00e4\u00e4keyhteisvaikutusta ei havaita.<\/span><\/p><p><span style=\"color: #000000;\"><strong>Riskienhallinta auttaa m\u00e4\u00e4ritt\u00e4m\u00e4\u00e4n varotoimet, joita tarvitaan tietoturvan yll\u00e4pit\u00e4miseksi<\/strong>tietosuojalain 121 artiklan ja yleisen tietosuoja-asetuksen 32 artiklan mukaisesti. On olennaista ymm\u00e4rt\u00e4\u00e4 n\u00e4iden riskien mahdolliset seuraukset kyseisten yksil\u00f6iden oikeuksille ja vapauksille.<\/span><\/p><p><span style=\"color: #0000ff;\"><strong>b- Tunnista riskil\u00e4hteet:<\/strong><\/span><\/p><p><span style=\"color: #000000;\">Jokaisessa pel\u00e4tyss\u00e4 skenaariossa tulisi tunnistaa riskinl\u00e4hteet, olivatpa ne sitten inhimillisi\u00e4 (sis\u00e4isi\u00e4 tai ulkoisia) tai ei-inhimillisi\u00e4. N\u00e4ihin kuuluvat tekij\u00e4t, kuten IT-j\u00e4rjestelm\u00e4nvalvojat, k\u00e4ytt\u00e4j\u00e4t, ulkoiset hy\u00f6kk\u00e4\u00e4j\u00e4t, kilpailijat, mutta my\u00f6s sellaiset tekij\u00e4t kuin vesi, epidemiat, vaaralliset aineet ja kohdentamattomat tietokonevirukset.<\/span><\/p>\t\t\t\t\t\t<\/div>\n\t\t\t\t<\/div>\n\t\t\t\t\t<\/div>\n\t\t<\/div>\n\t\t\t\t\t<\/div>\n\t\t<\/section>\n\t\t\t\t<section class=\"elementor-section elementor-top-section elementor-element elementor-element-77edb27 ot-traditional elementor-section-boxed elementor-section-height-default elementor-section-height-default\" data-id=\"77edb27\" data-element_type=\"section\">\n\t\t\t\t\t\t<div class=\"elementor-container elementor-column-gap-default\">\n\t\t\t\t\t<div class=\"elementor-column elementor-col-100 elementor-top-column elementor-element elementor-element-72942a8 ot-flex-column-vertical\" data-id=\"72942a8\" data-element_type=\"column\">\n\t\t\t<div class=\"elementor-widget-wrap elementor-element-populated\">\n\t\t\t\t\t\t<div class=\"elementor-element elementor-element-0fcf018 elementor-widget elementor-widget-text-editor\" data-id=\"0fcf018\" data-element_type=\"widget\" data-widget_type=\"text-editor.default\">\n\t\t\t\t<div class=\"elementor-widget-container\">\n\t\t\t\t\t\t\t<div><div><div><div><p style=\"text-align: center;\"><span style=\"color: #000000;\"><strong>Lataa t\u00e4ydellinen opas ilmaiseksi:<\/strong><\/span><\/p><\/div><\/div><\/div><\/div>\t\t\t\t\t\t<\/div>\n\t\t\t\t<\/div>\n\t\t\t\t\t<\/div>\n\t\t<\/div>\n\t\t\t\t\t<\/div>\n\t\t<\/section>\n\t\t\t\t<section class=\"elementor-section elementor-top-section elementor-element elementor-element-7f22e0c ot-traditional elementor-section-boxed elementor-section-height-default elementor-section-height-default\" data-id=\"7f22e0c\" data-element_type=\"section\">\n\t\t\t\t\t\t<div class=\"elementor-container elementor-column-gap-default\">\n\t\t\t\t\t<div class=\"elementor-column elementor-col-100 elementor-top-column elementor-element elementor-element-d89bd3c ot-flex-column-vertical\" data-id=\"d89bd3c\" data-element_type=\"column\">\n\t\t\t<div class=\"elementor-widget-wrap elementor-element-populated\">\n\t\t\t\t\t\t<div class=\"elementor-element elementor-element-6220207 elementor-widget elementor-widget-text-editor\" data-id=\"6220207\" data-element_type=\"widget\" data-widget_type=\"text-editor.default\">\n\t\t\t\t<div class=\"elementor-widget-container\">\n\t\t\t\t\t\t\t<p><form method=\"post\" action=\"https:\/\/viqtor.eu\/wp-admin\/admin-ajax.php?action=tnp&amp;na=s\" class=\"tnp-subscription\" style=\"\">\n<input type=\"hidden\" name=\"nlang\" value=\"\">\n <div class=\"tnp-field tnp-field-email\"><label for=\"tnp-1\">S\u00e4hk\u00f6posti<\/label>\n<input class=\"tnp-email\" type=\"email\" name=\"ne\" id=\"tnp-1\" value=\"\" placeholder=\"\" required><\/div>\n\u00a0<label> <input name=\"AGREE_TO_TERMS\" required=\"\" type=\"checkbox\" value=\"1\" \/> Hyv\u00e4ksyn henkil\u00f6tietojeni k\u00e4yt\u00f6n ainoastaan latauspyynt\u00f6ni k\u00e4sittelyyn. Kiell\u00e4mme n\u00e4iden tietojen kaiken muun k\u00e4yt\u00f6n.<\/label> <label> <input name=\"AGREE_TO_TERMS\" required=\"\" type=\"checkbox\" value=\"1\" \/>Hyv\u00e4ksyn, ett\u00e4 minulle saa s\u00e4\u00e4nn\u00f6llisesti tietoa Viqtorin palvelutarjouksista.<\/label>\u00a0 \u00a0 \u00a0 \u00a0 \u00a0 \u00a0 \u00a0 \u00a0 \u00a0 \u00a0 \u00a0 \u00a0 \u00a0 \u00a0 \u00a0 \u00a0 \u00a0 \u00a0 \u00a0 \u00a0 <div class=\"tnp-field tnp-field-button\" style=\"text-align: left\"><input class=\"tnp-submit\" type=\"submit\" value=\"Ota opas vastaan\" style=\"\">\n<\/div>\n<\/form><\/p>\t\t\t\t\t\t<\/div>\n\t\t\t\t<\/div>\n\t\t\t\t\t<\/div>\n\t\t<\/div>\n\t\t\t\t\t<\/div>\n\t\t<\/section>\n\t\t\t\t<\/div>","protected":false},"excerpt":{"rendered":"<p>\/\/ Viqtor\u00ae-alusta Viqtor\u00ae-opas henkil\u00f6tietoihin Esipuhe: Riskienhallinta henkil\u00f6tietojen suojauksessa: Olennainen opas optimaaliseen vaatimustenmukaisuuteen. Tietoturvan s\u00e4ilytt\u00e4misess\u00e4 riskienhallinta on olennaista. Ranskan tietosuojalain 121 \u00a7:n mukaisesti [\u2026]<\/p>","protected":false},"author":1,"featured_media":0,"parent":0,"menu_order":0,"comment_status":"closed","ping_status":"closed","template":"","meta":{"_acf_changed":false,"footnotes":""},"class_list":["post-8065","page","type-page","status-publish","hentry"],"acf":[],"yoast_head":"<!-- This site is optimized with the Yoast SEO plugin v23.6 - https:\/\/yoast.com\/wordpress\/plugins\/seo\/ -->\n<title>Le guide Viqtor de la donn\u00e9e personnelle<\/title>\n<meta name=\"description\" content=\"La gestion des risques dans la protection des donn\u00e9es personnelles : Un guide essentiel pour une conformit\u00e9 optimale.\" \/>\n<meta name=\"robots\" content=\"index, follow, max-snippet:-1, max-image-preview:large, max-video-preview:-1\" \/>\n<link rel=\"canonical\" href=\"https:\/\/viqtor.eu\/fi\/le-guide-viqtor-de-la-donnee-personnelle\/\" \/>\n<meta property=\"og:locale\" content=\"fi_FI\" \/>\n<meta property=\"og:type\" content=\"article\" \/>\n<meta property=\"og:title\" content=\"Le guide Viqtor de la donn\u00e9e personnelle\" \/>\n<meta property=\"og:description\" content=\"La gestion des risques dans la protection des donn\u00e9es personnelles : Un guide essentiel pour une conformit\u00e9 optimale.\" \/>\n<meta property=\"og:url\" content=\"https:\/\/viqtor.eu\/fi\/le-guide-viqtor-de-la-donnee-personnelle\/\" \/>\n<meta property=\"og:site_name\" content=\"Viqtor\" \/>\n<meta property=\"article:modified_time\" content=\"2024-09-18T14:42:18+00:00\" \/>\n<meta name=\"twitter:card\" content=\"summary_large_image\" \/>\n<meta name=\"twitter:label1\" content=\"Arvioitu lukuaika\" \/>\n\t<meta name=\"twitter:data1\" content=\"4 minuuttia\" \/>\n<script type=\"application\/ld+json\" class=\"yoast-schema-graph\">{\"@context\":\"https:\/\/schema.org\",\"@graph\":[{\"@type\":\"WebPage\",\"@id\":\"https:\/\/viqtor.eu\/le-guide-viqtor-de-la-donnee-personnelle\/\",\"url\":\"https:\/\/viqtor.eu\/le-guide-viqtor-de-la-donnee-personnelle\/\",\"name\":\"Le guide Viqtor de la donn\u00e9e personnelle\",\"isPartOf\":{\"@id\":\"https:\/\/viqtor.eu\/#website\"},\"datePublished\":\"2023-06-02T11:44:17+00:00\",\"dateModified\":\"2024-09-18T14:42:18+00:00\",\"description\":\"La gestion des risques dans la protection des donn\u00e9es personnelles : Un guide essentiel pour une conformit\u00e9 optimale.\",\"breadcrumb\":{\"@id\":\"https:\/\/viqtor.eu\/le-guide-viqtor-de-la-donnee-personnelle\/#breadcrumb\"},\"inLanguage\":\"fi\",\"potentialAction\":[{\"@type\":\"ReadAction\",\"target\":[\"https:\/\/viqtor.eu\/le-guide-viqtor-de-la-donnee-personnelle\/\"]}]},{\"@type\":\"BreadcrumbList\",\"@id\":\"https:\/\/viqtor.eu\/le-guide-viqtor-de-la-donnee-personnelle\/#breadcrumb\",\"itemListElement\":[{\"@type\":\"ListItem\",\"position\":1,\"name\":\"Accueil\",\"item\":\"https:\/\/viqtor.eu\/\"},{\"@type\":\"ListItem\",\"position\":2,\"name\":\"Le guide Viqtor de la donn\u00e9e personnelle\"}]},{\"@type\":\"WebSite\",\"@id\":\"https:\/\/viqtor.eu\/#website\",\"url\":\"https:\/\/viqtor.eu\/\",\"name\":\"Viqtor\",\"description\":\"Faites du RGPD une opportunit\u00e9 pour votre entreprise.\",\"publisher\":{\"@id\":\"https:\/\/viqtor.eu\/#organization\"},\"potentialAction\":[{\"@type\":\"SearchAction\",\"target\":{\"@type\":\"EntryPoint\",\"urlTemplate\":\"https:\/\/viqtor.eu\/?s={search_term_string}\"},\"query-input\":{\"@type\":\"PropertyValueSpecification\",\"valueRequired\":true,\"valueName\":\"search_term_string\"}}],\"inLanguage\":\"fi\"},{\"@type\":\"Organization\",\"@id\":\"https:\/\/viqtor.eu\/#organization\",\"name\":\"viqtor.eu\",\"url\":\"https:\/\/viqtor.eu\/\",\"logo\":{\"@type\":\"ImageObject\",\"inLanguage\":\"fi\",\"@id\":\"https:\/\/viqtor.eu\/#\/schema\/logo\/image\/\",\"url\":\"https:\/\/viqtor.eu\/wp-content\/uploads\/2023\/06\/favicon-noir.svg\",\"contentUrl\":\"https:\/\/viqtor.eu\/wp-content\/uploads\/2023\/06\/favicon-noir.svg\",\"width\":108,\"height\":86,\"caption\":\"viqtor.eu\"},\"image\":{\"@id\":\"https:\/\/viqtor.eu\/#\/schema\/logo\/image\/\"}}]}<\/script>\n<!-- \/ Yoast SEO plugin. -->","yoast_head_json":{"title":"Le guide Viqtor de la donn\u00e9e personnelle","description":"La gestion des risques dans la protection des donn\u00e9es personnelles : Un guide essentiel pour une conformit\u00e9 optimale.","robots":{"index":"index","follow":"follow","max-snippet":"max-snippet:-1","max-image-preview":"max-image-preview:large","max-video-preview":"max-video-preview:-1"},"canonical":"https:\/\/viqtor.eu\/fi\/le-guide-viqtor-de-la-donnee-personnelle\/","og_locale":"fi_FI","og_type":"article","og_title":"Le guide Viqtor de la donn\u00e9e personnelle","og_description":"La gestion des risques dans la protection des donn\u00e9es personnelles : Un guide essentiel pour une conformit\u00e9 optimale.","og_url":"https:\/\/viqtor.eu\/fi\/le-guide-viqtor-de-la-donnee-personnelle\/","og_site_name":"Viqtor","article_modified_time":"2024-09-18T14:42:18+00:00","twitter_card":"summary_large_image","twitter_misc":{"Arvioitu lukuaika":"4 minuuttia"},"schema":{"@context":"https:\/\/schema.org","@graph":[{"@type":"WebPage","@id":"https:\/\/viqtor.eu\/le-guide-viqtor-de-la-donnee-personnelle\/","url":"https:\/\/viqtor.eu\/le-guide-viqtor-de-la-donnee-personnelle\/","name":"Le guide Viqtor de la donn\u00e9e personnelle","isPartOf":{"@id":"https:\/\/viqtor.eu\/#website"},"datePublished":"2023-06-02T11:44:17+00:00","dateModified":"2024-09-18T14:42:18+00:00","description":"La gestion des risques dans la protection des donn\u00e9es personnelles : Un guide essentiel pour une conformit\u00e9 optimale.","breadcrumb":{"@id":"https:\/\/viqtor.eu\/le-guide-viqtor-de-la-donnee-personnelle\/#breadcrumb"},"inLanguage":"fi","potentialAction":[{"@type":"ReadAction","target":["https:\/\/viqtor.eu\/le-guide-viqtor-de-la-donnee-personnelle\/"]}]},{"@type":"BreadcrumbList","@id":"https:\/\/viqtor.eu\/le-guide-viqtor-de-la-donnee-personnelle\/#breadcrumb","itemListElement":[{"@type":"ListItem","position":1,"name":"Accueil","item":"https:\/\/viqtor.eu\/"},{"@type":"ListItem","position":2,"name":"Le guide Viqtor de la donn\u00e9e personnelle"}]},{"@type":"WebSite","@id":"https:\/\/viqtor.eu\/#website","url":"https:\/\/viqtor.eu\/","name":"Viqtor","description":"Faites du RGPD une opportunit\u00e9 pour votre entreprise.","publisher":{"@id":"https:\/\/viqtor.eu\/#organization"},"potentialAction":[{"@type":"SearchAction","target":{"@type":"EntryPoint","urlTemplate":"https:\/\/viqtor.eu\/?s={search_term_string}"},"query-input":{"@type":"PropertyValueSpecification","valueRequired":true,"valueName":"search_term_string"}}],"inLanguage":"fi"},{"@type":"Organization","@id":"https:\/\/viqtor.eu\/#organization","name":"viqtor.eu","url":"https:\/\/viqtor.eu\/","logo":{"@type":"ImageObject","inLanguage":"fi","@id":"https:\/\/viqtor.eu\/#\/schema\/logo\/image\/","url":"https:\/\/viqtor.eu\/wp-content\/uploads\/2023\/06\/favicon-noir.svg","contentUrl":"https:\/\/viqtor.eu\/wp-content\/uploads\/2023\/06\/favicon-noir.svg","width":108,"height":86,"caption":"viqtor.eu"},"image":{"@id":"https:\/\/viqtor.eu\/#\/schema\/logo\/image\/"}}]}},"_links":{"self":[{"href":"https:\/\/viqtor.eu\/fi\/wp-json\/wp\/v2\/pages\/8065","targetHints":{"allow":["GET"]}}],"collection":[{"href":"https:\/\/viqtor.eu\/fi\/wp-json\/wp\/v2\/pages"}],"about":[{"href":"https:\/\/viqtor.eu\/fi\/wp-json\/wp\/v2\/types\/page"}],"author":[{"embeddable":true,"href":"https:\/\/viqtor.eu\/fi\/wp-json\/wp\/v2\/users\/1"}],"replies":[{"embeddable":true,"href":"https:\/\/viqtor.eu\/fi\/wp-json\/wp\/v2\/comments?post=8065"}],"version-history":[{"count":104,"href":"https:\/\/viqtor.eu\/fi\/wp-json\/wp\/v2\/pages\/8065\/revisions"}],"predecessor-version":[{"id":12452,"href":"https:\/\/viqtor.eu\/fi\/wp-json\/wp\/v2\/pages\/8065\/revisions\/12452"}],"wp:attachment":[{"href":"https:\/\/viqtor.eu\/fi\/wp-json\/wp\/v2\/media?parent=8065"}],"curies":[{"name":"wp","href":"https:\/\/api.w.org\/{rel}","templated":true}]}}