{"id":6522,"date":"2023-05-10T15:50:27","date_gmt":"2023-05-10T15:50:27","guid":{"rendered":"https:\/\/viqtor.eu\/?page_id=6522"},"modified":"2023-07-24T10:19:18","modified_gmt":"2023-07-24T10:19:18","slug":"mentions-legales","status":"publish","type":"page","link":"https:\/\/viqtor.eu\/fi\/mentions-legales\/","title":{"rendered":"Lakitiedotteet"},"content":{"rendered":"<div data-elementor-type=\"wp-page\" data-elementor-id=\"6522\" class=\"elementor elementor-6522\" data-elementor-post-type=\"page\">\n\t\t\t\t\t\t<section class=\"elementor-section elementor-top-section elementor-element elementor-element-747390f0 ot-traditional elementor-section-boxed elementor-section-height-default elementor-section-height-default\" data-id=\"747390f0\" data-element_type=\"section\">\n\t\t\t\t\t\t<div class=\"elementor-container elementor-column-gap-default\">\n\t\t\t\t\t<div class=\"elementor-column elementor-col-100 elementor-top-column elementor-element elementor-element-2fbcdc64 ot-flex-column-vertical\" data-id=\"2fbcdc64\" data-element_type=\"column\">\n\t\t\t<div class=\"elementor-widget-wrap elementor-element-populated\">\n\t\t\t\t\t\t<div class=\"elementor-element elementor-element-69294830 elementor-widget elementor-widget-text-editor\" data-id=\"69294830\" data-element_type=\"widget\" data-widget_type=\"text-editor.default\">\n\t\t\t\t<div class=\"elementor-widget-container\">\n\t\t\t\t\t\t\t<!-- wp:paragraph -->\n<p><\/p>\n<!-- \/wp:paragraph -->\n\n<!-- wp:list {\"ordered\":true} -->\n<ol><!-- wp:list-item -->\n<li><strong>SIVUSTON ESITTELY.<\/strong><\/li>\n<!-- \/wp:list-item --><\/ol>\n<!-- \/wp:list -->\n\n<!-- wp:paragraph -->\n<p>Digitaalitalouteen kohdistuvasta luottamuksesta 21. kes\u00e4kuuta 2004 annetun lain nro 2004-575 6 \u00a7:n mukaisesti sivuston https:\/\/viqtor.eu k\u00e4ytt\u00e4jille ilmoitetaan sivuston luomiseen ja valvontaan osallistuneiden eri osapuolten henkil\u00f6llisyys:<\/p>\n<!-- \/wp:paragraph -->\n\n<!-- wp:paragraph -->\n<p>Omistaja: DBWO<\/p>\n<!-- \/wp:paragraph -->\n\n<!-- wp:paragraph -->\n<p>Luoja: ACTIVATION \/ VENISE HBA, SAS, p\u00e4\u00e4oma 37 000 \u20ac RCS NANTERRE 350 130 019, 37\/41 rue Fernand PELLOUTIER \u2013 92100 BOULOGNE-BILLANCOURT<\/p>\n<!-- \/wp:paragraph -->\n\n<!-- wp:paragraph -->\n<p>Julkaisup\u00e4\u00e4llikk\u00f6: Bruno Dumay<\/p>\n<!-- \/wp:paragraph -->\n\n<!-- wp:paragraph -->\n<p>J\u00e4rjest\u00e4j\u00e4: OVH SAS, jonka p\u00e4\u00e4oma on 10 069 020 \u20ac \u2013 RCS Lille M\u00e9tropole 424 761 419 00045, 2 rue Kellermann \u2013 59100 Roubaix<\/p>\n<!-- \/wp:paragraph -->\n\n<!-- wp:list {\"ordered\":true,\"start\":2} -->\n<ol start=\"2\"><!-- wp:list-item -->\n<li><strong>SIVUSTON JA TARJOTTAVIEN PALVELUIDEN YLEISET K\u00c4YTT\u00d6EHDOT.<\/strong><\/li>\n<!-- \/wp:list-item --><\/ol>\n<!-- \/wp:list -->\n\n<!-- wp:paragraph -->\n<p>Sivuston https:\/\/viqtor.eu k\u00e4ytt\u00f6 edellytt\u00e4\u00e4 alla kuvattujen yleisten k\u00e4ytt\u00f6ehtojen t\u00e4ytt\u00e4 hyv\u00e4ksymist\u00e4. N\u00e4it\u00e4 k\u00e4ytt\u00f6ehtoja voidaan muuttaa tai t\u00e4ydent\u00e4\u00e4 milloin tahansa.<\/p>\n<!-- \/wp:paragraph -->\n\n<!-- wp:paragraph -->\n<p>T\u00e4m\u00e4 sivusto on normaalisti k\u00e4ytt\u00e4jien k\u00e4ytett\u00e4viss\u00e4 kaikkina aikoina. DBWO voi kuitenkin p\u00e4\u00e4tt\u00e4\u00e4 keskeytt\u00e4\u00e4 sivuston toiminnan teknisist\u00e4 huoltosyist\u00e4 ja pyrkii ilmoittamaan k\u00e4ytt\u00e4jille etuk\u00e4teen toimenpiteen ajankohdista ja ajankohdista.<\/p>\n<!-- \/wp:paragraph -->\n\n<!-- wp:paragraph -->\n<p>DBWO p\u00e4ivitt\u00e4\u00e4 verkkosivustoa https:\/\/viqtor.eu s\u00e4\u00e4nn\u00f6llisesti. Samoin lakis\u00e4\u00e4teisi\u00e4 huomautuksia voidaan muuttaa milloin tahansa, mutta ne sitovat k\u00e4ytt\u00e4j\u00e4\u00e4, jota pyydet\u00e4\u00e4n tutustumaan niihin mahdollisimman usein pysy\u00e4kseen niist\u00e4 tietoisena.<\/p>\n<!-- \/wp:paragraph -->\n\n<!-- wp:list {\"ordered\":true,\"start\":3} -->\n<ol start=\"3\"><!-- wp:list-item -->\n<li><strong>TARJOTUJEN PALVELUJEN KUVAUS.<\/strong><\/li>\n<!-- \/wp:list-item --><\/ol>\n<!-- \/wp:list -->\n\n<!-- wp:paragraph -->\n<p>Verkkosivuston https:\/\/viqtor.eu tarkoituksena on tarjota tietoa yrityksen kaikesta toiminnasta.<\/p>\n<!-- \/wp:paragraph -->\n\n<!-- wp:paragraph -->\n<p>DBWO pyrkii tarjoamaan verkkosivustolla https:\/\/viqtor.eu mahdollisimman tarkkoja tietoja. Se ei kuitenkaan ole vastuussa puutteista, ep\u00e4tarkkuuksista tai p\u00e4ivitysten puutteista, olivatpa ne sitten sen itsens\u00e4 tai tietoja toimittavien kolmansien osapuolten aiheuttamia.<\/p>\n<!-- \/wp:paragraph -->\n\n<!-- wp:paragraph -->\n<p>Kaikki verkkosivustolla https:\/\/viqtor.eu annetut tiedot on tarkoitettu vain tiedoksi ja ne voivat muuttua. Lis\u00e4ksi verkkosivustolla https:\/\/viqtor.eu olevat tiedot eiv\u00e4t ole kattavia. Ne voivat muuttua niiden julkaisemisen j\u00e4lkeen.<\/p>\n<!-- \/wp:paragraph -->\n\n<!-- wp:list {\"ordered\":true,\"start\":4} -->\n<ol start=\"4\"><!-- wp:list-item -->\n<li><strong>TEKNISI\u00c4 TIETOJA KOSKEVAT SOPIMUSRAJOITUKSET.<\/strong><\/li>\n<!-- \/wp:list-item --><\/ol>\n<!-- \/wp:list -->\n\n<!-- wp:paragraph -->\n<p>Sivusto k\u00e4ytt\u00e4\u00e4 tekniikkaa: HTML\/CSS\/MsQL<\/p>\n<!-- \/wp:paragraph -->\n\n<!-- wp:paragraph -->\n<p>Verkkosivustoa ei voida pit\u00e4\u00e4 vastuussa sivuston k\u00e4ytt\u00f6\u00f6n liittyvist\u00e4 aineellisista vahingoista. Lis\u00e4ksi sivuston k\u00e4ytt\u00e4j\u00e4 sitoutuu k\u00e4ytt\u00e4m\u00e4\u00e4n sivustoa uusimmilla laitteilla, jotka eiv\u00e4t sis\u00e4ll\u00e4 viruksia, ja ajan tasalla olevalla uusimman sukupolven selaimella.<\/p>\n<!-- \/wp:paragraph -->\n\n<!-- wp:list {\"ordered\":true,\"start\":5} -->\n<ol start=\"5\"><!-- wp:list-item -->\n<li><strong>IMMATERIAALIOIKEUDET JA V\u00c4\u00c4RENT\u00c4MINEN.<\/strong><\/li>\n<!-- \/wp:list-item --><\/ol>\n<!-- \/wp:list -->\n\n<!-- wp:paragraph -->\n<p>DBWO omistaa immateriaalioikeudet tai k\u00e4ytt\u00f6oikeudet kaikkiin sivustolla k\u00e4ytett\u00e4viss\u00e4 oleviin elementteihin, erityisesti teksteihin, kuviin, grafiikoihin, logoihin, kuvakkeisiin, \u00e4\u00e4niin ja ohjelmistoihin.<\/p>\n<!-- \/wp:paragraph -->\n\n<!-- wp:paragraph -->\n<p>Sivuston elementtien tai niiden osien kopiointi, esitt\u00e4minen, muokkaaminen, julkaiseminen tai mukauttaminen riippumatta k\u00e4ytetyist\u00e4 keinoista tai prosessista on kielletty ilman DBWO:n etuk\u00e4teen antamaa kirjallista lupaa.<\/p>\n<!-- \/wp:paragraph -->\n\n<!-- wp:paragraph -->\n<p>Sivuston tai sen sis\u00e4lt\u00e4mien elementtien luvatonta k\u00e4ytt\u00f6\u00e4 pidet\u00e4\u00e4n tekij\u00e4noikeusrikkomuksena ja siit\u00e4 nostetaan syyte immateriaalioikeuslain L.335-2 artiklan ja sit\u00e4 seuraavien pyk\u00e4lien mukaisesti.<\/p>\n<!-- \/wp:paragraph -->\n\n<!-- wp:list {\"ordered\":true,\"start\":6} -->\n<ol start=\"6\"><!-- wp:list-item -->\n<li><strong>VASTUUNRAJOITUKSET.<\/strong><\/li>\n<!-- \/wp:list-item --><\/ol>\n<!-- \/wp:list -->\n\n<!-- wp:paragraph -->\n<p>DBWO:ta ei voida pit\u00e4\u00e4 vastuussa k\u00e4ytt\u00e4j\u00e4n laitteille sivustolle p\u00e4\u00e4syn aikana aiheutuneista suorista tai ep\u00e4suorista vahingoista, jotka johtuvat joko sellaisten laitteiden k\u00e4yt\u00f6st\u00e4, jotka eiv\u00e4t t\u00e4yt\u00e4 kohdassa 4 mainittuja vaatimuksia, tai virheen tai yhteensopimattomuuden esiintymisest\u00e4.<\/p>\n<!-- \/wp:paragraph -->\n\n<!-- wp:paragraph -->\n<p>DBWO:ta ei voida pit\u00e4\u00e4 vastuussa ep\u00e4suorista vahingoista (kuten markkinoiden menetyksest\u00e4 tai mahdollisuuksien menetyksest\u00e4), jotka johtuvat www.dbwo.legal-sivuston k\u00e4yt\u00f6st\u00e4.<\/p>\n<!-- \/wp:paragraph -->\n\n<!-- wp:paragraph -->\n<p>K\u00e4ytt\u00e4jien k\u00e4ytett\u00e4viss\u00e4 on interaktiivisia tiloja (mahdollisuus esitt\u00e4\u00e4 kysymyksi\u00e4 yhteydenottokent\u00e4ss\u00e4). DBWO pid\u00e4tt\u00e4\u00e4 oikeuden poistaa ilman ennakkoilmoitusta kaikki t\u00e4h\u00e4n tilaan l\u00e4hetetyt sis\u00e4ll\u00f6t, jotka ovat Ranskassa sovellettavan lains\u00e4\u00e4d\u00e4nn\u00f6n, erityisesti tietosuojas\u00e4\u00e4nn\u00f6sten, vastaisia. Tarvittaessa DBWO pid\u00e4tt\u00e4\u00e4 my\u00f6s oikeuden pit\u00e4\u00e4 k\u00e4ytt\u00e4j\u00e4\u00e4 siviili- ja\/tai rikosoikeudellisessa vastuussa, erityisesti rasististen, loukkaavien, herjaavien tai pornografisten viestien tapauksessa, k\u00e4ytetyst\u00e4 v\u00e4lineest\u00e4 (teksti, valokuva jne.) riippumatta.<\/p>\n<!-- \/wp:paragraph -->\n\n<!-- wp:list {\"ordered\":true,\"start\":7} -->\n<ol start=\"7\"><!-- wp:list-item -->\n<li><strong>HENKIL\u00d6TIETOJEN HALLINTA.<\/strong><\/li>\n<!-- \/wp:list-item --><\/ol>\n<!-- \/wp:list -->\n\n<!-- wp:paragraph -->\n<p>Ranskassa henkil\u00f6tietoja suojaavat erityisesti 6. tammikuuta 1978 annettu laki nro 78-87, 6. elokuuta 2004 annettu laki nro 2004-801, rikoslain L. 226-13 artikla, asetus yksil\u00f6iden suojelusta henkil\u00f6tietojen k\u00e4sittelyss\u00e4 sek\u00e4 n\u00e4iden tietojen vapaasta liikkuvuudesta ja direktiivin 95\/46\/EY kumoamisesta (yleinen tietosuoja-asetus) ja 20. kes\u00e4kuuta 2018 annettu laki nro 2018-493 henkil\u00f6tietojen suojasta.<\/p>\n<!-- \/wp:paragraph -->\n\n<!-- wp:paragraph -->\n<p>Sivustoa https:\/\/viqtor.eu k\u00e4ytett\u00e4ess\u00e4 voidaan ker\u00e4t\u00e4 seuraavat tiedot: linkkien URL-osoitteet, joiden kautta k\u00e4ytt\u00e4j\u00e4 on p\u00e4\u00e4ssyt sivustolle https:\/\/viqtor.eu, k\u00e4ytt\u00e4j\u00e4n k\u00e4ytt\u00f6palveluntarjoaja ja k\u00e4ytt\u00e4j\u00e4n internetprotokollaosoite (IP-osoite).<\/p>\n<!-- \/wp:paragraph -->\n\n<!-- wp:paragraph -->\n<p>Joka tapauksessa DBWO ker\u00e4\u00e4 k\u00e4ytt\u00e4j\u00e4n henkil\u00f6tietoja vain tiettyjen https:\/\/viqtor.eu-sivuston tarjoamien palveluiden tarkoituksiin. K\u00e4ytt\u00e4j\u00e4 antaa n\u00e4m\u00e4 tiedot t\u00e4ysin tietoisena tosiasioista, erityisesti silloin, kun h\u00e4n antaa ne itse. Sivuston https:\/\/viqtor.eu k\u00e4ytt\u00e4j\u00e4lle ilmoitetaan sitten, onko h\u00e4nen annettava n\u00e4m\u00e4 tiedot.<\/p>\n<!-- \/wp:paragraph -->\n\n<!-- wp:paragraph -->\n<p>Tietotekniikkaa, tiedostoja ja vapauksia koskevan 6. tammikuuta 1978 annetun lain 78-17 38 \u00a7:n ja sit\u00e4 seuraavien pyk\u00e4lien mukaisesti jokaisella k\u00e4ytt\u00e4j\u00e4ll\u00e4 on oikeus tutustua itse\u00e4\u00e4n koskeviin henkil\u00f6tietoihin, oikaista niit\u00e4 ja vastustaa niit\u00e4 tekem\u00e4ll\u00e4 kirjallisen ja allekirjoitetun pyynn\u00f6n, johon on liitetty kopio henkil\u00f6llisyystodistuksesta ja asiakirjan haltijan allekirjoitus sek\u00e4 osoite, johon vastaus on l\u00e4hetett\u00e4v\u00e4.<\/p>\n<!-- \/wp:paragraph -->\n\n<!-- wp:paragraph -->\n<p>Sivuston https:\/\/viqtor.eu k\u00e4ytt\u00e4j\u00e4n henkil\u00f6tietoja ei julkaista k\u00e4ytt\u00e4j\u00e4n tiet\u00e4m\u00e4tt\u00e4, vaihdeta, siirret\u00e4, luovuteta tai myyd\u00e4 mill\u00e4\u00e4n v\u00e4lineell\u00e4 kolmansille osapuolille.<\/p>\n<!-- \/wp:paragraph -->\n\n<!-- wp:paragraph -->\n<p>Tietokantoja suojaavat 1. hein\u00e4kuuta 1998 annetun lain s\u00e4\u00e4nn\u00f6kset, joilla tietokantojen oikeudellisesta suojasta 11. maaliskuuta 1996 annettu direktiivi 96\/9\/EY on saatettu osaksi kansallista lains\u00e4\u00e4d\u00e4nt\u00f6\u00e4.<\/p>\n<!-- \/wp:paragraph -->\n\n<!-- wp:list {\"ordered\":true,\"start\":8} -->\n<ol start=\"8\"><!-- wp:list-item -->\n<li><strong>HYPERTEKSTILINKIT JA EV\u00c4STEET.<\/strong><\/li>\n<!-- \/wp:list-item --><\/ol>\n<!-- \/wp:list -->\n\n<!-- wp:paragraph -->\n<p>Sivusto https:\/\/viqtor.eu sis\u00e4lt\u00e4\u00e4 useita hyperlinkkej\u00e4 muille sivustoille, jotka on perustettu DBWO:n valtuutuksella. DBWO ei kuitenkaan pysty tarkistamaan vierailtujen sivustojen sis\u00e4lt\u00f6\u00e4, eik\u00e4 siksi ota siit\u00e4 vastuuta.<\/p>\n<!-- \/wp:paragraph -->\n\n<!-- wp:paragraph -->\n<p>Sivuston https:\/\/viqtor.eu selaaminen saattaa johtaa ev\u00e4steiden asentamiseen k\u00e4ytt\u00e4j\u00e4n tietokoneelle. Ev\u00e4ste on pieni tiedosto, jonka avulla k\u00e4ytt\u00e4j\u00e4\u00e4 ei voida tunnistaa, mutta joka tallentaa tietoja tietokoneen navigoinnista sivustolla. N\u00e4in saatujen tietojen tarkoituksena on helpottaa sivuston my\u00f6hemp\u00e4\u00e4 navigointia ja mahdollistaa my\u00f6s erilaisia liikennemittauksia.<\/p>\n<!-- \/wp:paragraph -->\n\n<!-- wp:paragraph -->\n<p>Ev\u00e4steen asentamisen est\u00e4misen seurauksena tiettyjen palveluiden k\u00e4ytt\u00f6 voi olla mahdotonta. K\u00e4ytt\u00e4j\u00e4 voi kuitenkin m\u00e4\u00e4ritt\u00e4\u00e4 tietokoneensa seuraavasti kielt\u00e4yty\u00e4kseen ev\u00e4steiden asentamisesta:<\/p>\n<!-- \/wp:paragraph -->\n\n<!-- wp:paragraph -->\n<p>Internet Explorerissa: Ty\u00f6kalut-v\u00e4lilehti (rataskuvake oikeassa yl\u00e4kulmassa) \/ Internet-asetukset.<\/p>\n<!-- \/wp:paragraph -->\n\n<!-- wp:paragraph -->\n<p>Napsauta Tietosuoja-kohtaa ja valitse Est\u00e4 kaikki ev\u00e4steet. Vahvista painamalla OK.<\/p>\n<!-- \/wp:paragraph -->\n\n<!-- wp:paragraph -->\n<p>Firefoxissa: Napsauta selainikkunan yl\u00e4reunassa Firefox-painiketta ja siirry sitten Asetukset-v\u00e4lilehdelle. Napsauta Tietosuoja-v\u00e4lilehte\u00e4.<\/p>\n<!-- \/wp:paragraph -->\n\n<!-- wp:paragraph -->\n<p>Aseta s\u00e4ilytyss\u00e4\u00e4nn\u00f6t arvoon: K\u00e4yt\u00e4 mukautettuja asetuksia historialle. Lopuksi poista valinta k\u00e4yt\u00f6st\u00e4 ev\u00e4steiden poistamiseksi k\u00e4yt\u00f6st\u00e4.<\/p>\n<!-- \/wp:paragraph -->\n\n<!-- wp:paragraph -->\n<p>Safarissa: Napsauta valikkokuvaketta (jota symboloi hammasratas) selaimen oikeassa yl\u00e4kulmassa. Valitse Asetukset. Napsauta N\u00e4yt\u00e4 lis\u00e4asetukset. Napsauta Tietosuoja-osiossa Sis\u00e4lt\u00f6asetukset. Voit est\u00e4\u00e4 ev\u00e4steet Ev\u00e4steet-osiossa.<\/p>\n<!-- \/wp:paragraph -->\n\n<!-- wp:paragraph -->\n<p>Chromessa: Napsauta selaimen oikeassa yl\u00e4kulmassa olevaa valikkokuvaketta (kolme vaakasuoraa viivaa). Valitse Asetukset. Napsauta N\u00e4yt\u00e4 lis\u00e4asetukset.<\/p>\n<!-- \/wp:paragraph -->\n\n<!-- wp:paragraph -->\n<p>Napsauta Tietosuoja-osiossa Asetukset. Tietosuoja-v\u00e4lilehdell\u00e4 voit est\u00e4\u00e4 ev\u00e4steet.<\/p>\n<!-- \/wp:paragraph -->\n\n<!-- wp:list {\"ordered\":true,\"start\":9} -->\n<ol start=\"9\"><!-- wp:list-item -->\n<li><strong>SOVELLETTAVA LAKI JA OIKEUDELLINEN OIKEUSPAIKKA.<\/strong><\/li>\n<!-- \/wp:list-item --><\/ol>\n<!-- \/wp:list -->\n\n<!-- wp:paragraph -->\n<p>Kaikkiin sivuston https:\/\/viqtor.eu k\u00e4ytt\u00f6\u00f6n liittyviin riitoihin sovelletaan Ranskan lakia. Yleisill\u00e4 tuomioistuimilla ja Angoul\u00eamen tuomioistuimilla on yksinomainen toimivalta riitatilanteissa, joissa on kyse ammatinharjoittajasta.<\/p>\n<!-- \/wp:paragraph -->\n\n<!-- wp:list {\"ordered\":true,\"start\":10} -->\n<ol start=\"10\"><!-- wp:list-item -->\n<li><strong>P\u00c4\u00c4ASIALLISET LAIT.<\/strong><\/li>\n<!-- \/wp:list-item --><\/ol>\n<!-- \/wp:list -->\n\n<!-- wp:paragraph -->\n<p>Asetus yksil\u00f6iden suojelusta henkil\u00f6tietojen k\u00e4sittelyss\u00e4 sek\u00e4 n\u00e4iden tietojen vapaasta liikkuvuudesta ja direktiivin 95\/46\/EY kumoamisesta (yleinen tietosuoja-asetus)<\/p>\n<!-- \/wp:paragraph -->\n\n<!-- wp:paragraph -->\n<p>LAKI nro 2018-493, annettu 20. kes\u00e4kuuta 2018, henkil\u00f6tietojen suojasta<\/p>\n<!-- \/wp:paragraph -->\n\n<!-- wp:paragraph -->\n<p>Laki nro 78-87, annettu 6. tammikuuta 1978, sellaisena kuin se on muutettuna 6. elokuuta 2004 annetulla lailla nro 2004-801, joka koskee tietotekniikkaa, tiedostoja ja vapauksia.<\/p>\n<!-- \/wp:paragraph -->\n\n<!-- wp:paragraph -->\n<p>Laki nro 2004-575, annettu 21. kes\u00e4kuuta 2004, luottamuksesta digitaalitalouteen.<\/p>\n<!-- \/wp:paragraph -->\n\n<!-- wp:list {\"ordered\":true,\"start\":11} -->\n<ol start=\"11\"><!-- wp:list-item -->\n<li><strong>SANAKIRJA.<\/strong><\/li>\n<!-- \/wp:list-item --><\/ol>\n<!-- \/wp:list -->\n\n<!-- wp:paragraph -->\n<p>K\u00e4ytt\u00e4j\u00e4: Internetin k\u00e4ytt\u00e4j\u00e4, joka yhdist\u00e4\u00e4 edell\u00e4 mainittuun sivustoon ja k\u00e4ytt\u00e4\u00e4 sit\u00e4.<\/p>\n<!-- \/wp:paragraph -->\n\n<!-- wp:paragraph -->\n<p>Henkil\u00f6tiedot: \u201dtiedot, jotka mahdollistavat miss\u00e4 tahansa muodossa, suoraan tai ep\u00e4suorasti niiden luonnollisten henkil\u00f6iden tunnistamisen, joihin ne koskevat\u201d (6. tammikuuta 1978 annetun lain nro 78-17 4 \u00a7)<\/p>\n<!-- \/wp:paragraph -->\n\n<!-- wp:paragraph -->\n<p><\/p>\n<!-- \/wp:paragraph -->\t\t\t\t\t\t<\/div>\n\t\t\t\t<\/div>\n\t\t\t\t\t<\/div>\n\t\t<\/div>\n\t\t\t\t\t<\/div>\n\t\t<\/section>\n\t\t\t\t<\/div>","protected":false},"excerpt":{"rendered":"<p>Digitaalitalouteen kohdistuvasta luottamuksesta 21. kes\u00e4kuuta 2004 annetun lain nro 2004-575 6 \u00a7:n mukaisesti verkkosivuston https:\/\/viqtor.eu k\u00e4ytt\u00e4jille ilmoitetaan t\u00e4ten verkkosivuston luomiseen ja yll\u00e4pitoon osallistuneiden eri osapuolten henkil\u00f6llisyys: Omistaja: DBWO; Luoja: ACTIVATION \/ VENISE HBA, SAS p\u00e4\u00e4omasijoituksen kanssa [\u2026]<\/p>","protected":false},"author":1,"featured_media":0,"parent":0,"menu_order":0,"comment_status":"closed","ping_status":"closed","template":"","meta":{"_acf_changed":false,"footnotes":""},"class_list":["post-6522","page","type-page","status-publish","hentry"],"acf":[],"yoast_head":"<!-- This site is optimized with the Yoast SEO plugin v23.6 - https:\/\/yoast.com\/wordpress\/plugins\/seo\/ -->\n<title>Mentions l\u00e9gales - Viqtor<\/title>\n<meta name=\"robots\" content=\"noindex, nofollow\" \/>\n<meta property=\"og:locale\" content=\"fi_FI\" \/>\n<meta property=\"og:type\" content=\"article\" \/>\n<meta property=\"og:title\" content=\"Mentions l\u00e9gales - Viqtor\" \/>\n<meta property=\"og:description\" content=\"En vertu de l\u2019article 6 de la loi n\u00b0 2004-575 du 21 juin 2004 pour la confiance dans l\u2019\u00e9conomie num\u00e9rique, il est pr\u00e9cis\u00e9 aux utilisateurs du site https:\/\/viqtor.eu l\u2019identit\u00e9 des diff\u00e9rents intervenants dans le cadre de sa r\u00e9alisation et de son suivi : Propri\u00e9taire : DBWO Cr\u00e9ateur : ACTIVATION \/ VENISE HBA, SAS au capital [&hellip;]\" \/>\n<meta property=\"og:url\" content=\"https:\/\/viqtor.eu\/fi\/mentions-legales\/\" \/>\n<meta property=\"og:site_name\" content=\"Viqtor\" \/>\n<meta property=\"article:modified_time\" content=\"2023-07-24T10:19:18+00:00\" \/>\n<meta name=\"twitter:card\" content=\"summary_large_image\" \/>\n<meta name=\"twitter:label1\" content=\"Arvioitu lukuaika\" \/>\n\t<meta name=\"twitter:data1\" content=\"8 minuuttia\" \/>\n<script type=\"application\/ld+json\" class=\"yoast-schema-graph\">{\"@context\":\"https:\/\/schema.org\",\"@graph\":[{\"@type\":\"WebPage\",\"@id\":\"https:\/\/viqtor.eu\/mentions-legales\/\",\"url\":\"https:\/\/viqtor.eu\/mentions-legales\/\",\"name\":\"Mentions l\u00e9gales - Viqtor\",\"isPartOf\":{\"@id\":\"https:\/\/viqtor.eu\/#website\"},\"datePublished\":\"2023-05-10T15:50:27+00:00\",\"dateModified\":\"2023-07-24T10:19:18+00:00\",\"breadcrumb\":{\"@id\":\"https:\/\/viqtor.eu\/mentions-legales\/#breadcrumb\"},\"inLanguage\":\"fi\",\"potentialAction\":[{\"@type\":\"ReadAction\",\"target\":[\"https:\/\/viqtor.eu\/mentions-legales\/\"]}]},{\"@type\":\"BreadcrumbList\",\"@id\":\"https:\/\/viqtor.eu\/mentions-legales\/#breadcrumb\",\"itemListElement\":[{\"@type\":\"ListItem\",\"position\":1,\"name\":\"Accueil\",\"item\":\"https:\/\/viqtor.eu\/\"},{\"@type\":\"ListItem\",\"position\":2,\"name\":\"Mentions l\u00e9gales\"}]},{\"@type\":\"WebSite\",\"@id\":\"https:\/\/viqtor.eu\/#website\",\"url\":\"https:\/\/viqtor.eu\/\",\"name\":\"Viqtor\",\"description\":\"Faites du RGPD une opportunit\u00e9 pour votre entreprise.\",\"publisher\":{\"@id\":\"https:\/\/viqtor.eu\/#organization\"},\"potentialAction\":[{\"@type\":\"SearchAction\",\"target\":{\"@type\":\"EntryPoint\",\"urlTemplate\":\"https:\/\/viqtor.eu\/?s={search_term_string}\"},\"query-input\":{\"@type\":\"PropertyValueSpecification\",\"valueRequired\":true,\"valueName\":\"search_term_string\"}}],\"inLanguage\":\"fi\"},{\"@type\":\"Organization\",\"@id\":\"https:\/\/viqtor.eu\/#organization\",\"name\":\"viqtor.eu\",\"url\":\"https:\/\/viqtor.eu\/\",\"logo\":{\"@type\":\"ImageObject\",\"inLanguage\":\"fi\",\"@id\":\"https:\/\/viqtor.eu\/#\/schema\/logo\/image\/\",\"url\":\"https:\/\/viqtor.eu\/wp-content\/uploads\/2023\/06\/favicon-noir.svg\",\"contentUrl\":\"https:\/\/viqtor.eu\/wp-content\/uploads\/2023\/06\/favicon-noir.svg\",\"width\":108,\"height\":86,\"caption\":\"viqtor.eu\"},\"image\":{\"@id\":\"https:\/\/viqtor.eu\/#\/schema\/logo\/image\/\"}}]}<\/script>\n<!-- \/ Yoast SEO plugin. -->","yoast_head_json":{"title":"Mentions l\u00e9gales - Viqtor","robots":{"index":"noindex","follow":"nofollow"},"og_locale":"fi_FI","og_type":"article","og_title":"Mentions l\u00e9gales - Viqtor","og_description":"En vertu de l\u2019article 6 de la loi n\u00b0 2004-575 du 21 juin 2004 pour la confiance dans l\u2019\u00e9conomie num\u00e9rique, il est pr\u00e9cis\u00e9 aux utilisateurs du site https:\/\/viqtor.eu l\u2019identit\u00e9 des diff\u00e9rents intervenants dans le cadre de sa r\u00e9alisation et de son suivi : Propri\u00e9taire : DBWO Cr\u00e9ateur : ACTIVATION \/ VENISE HBA, SAS au capital [&hellip;]","og_url":"https:\/\/viqtor.eu\/fi\/mentions-legales\/","og_site_name":"Viqtor","article_modified_time":"2023-07-24T10:19:18+00:00","twitter_card":"summary_large_image","twitter_misc":{"Arvioitu lukuaika":"8 minuuttia"},"schema":{"@context":"https:\/\/schema.org","@graph":[{"@type":"WebPage","@id":"https:\/\/viqtor.eu\/mentions-legales\/","url":"https:\/\/viqtor.eu\/mentions-legales\/","name":"Mentions l\u00e9gales - Viqtor","isPartOf":{"@id":"https:\/\/viqtor.eu\/#website"},"datePublished":"2023-05-10T15:50:27+00:00","dateModified":"2023-07-24T10:19:18+00:00","breadcrumb":{"@id":"https:\/\/viqtor.eu\/mentions-legales\/#breadcrumb"},"inLanguage":"fi","potentialAction":[{"@type":"ReadAction","target":["https:\/\/viqtor.eu\/mentions-legales\/"]}]},{"@type":"BreadcrumbList","@id":"https:\/\/viqtor.eu\/mentions-legales\/#breadcrumb","itemListElement":[{"@type":"ListItem","position":1,"name":"Accueil","item":"https:\/\/viqtor.eu\/"},{"@type":"ListItem","position":2,"name":"Mentions l\u00e9gales"}]},{"@type":"WebSite","@id":"https:\/\/viqtor.eu\/#website","url":"https:\/\/viqtor.eu\/","name":"Viqtor","description":"Faites du RGPD une opportunit\u00e9 pour votre entreprise.","publisher":{"@id":"https:\/\/viqtor.eu\/#organization"},"potentialAction":[{"@type":"SearchAction","target":{"@type":"EntryPoint","urlTemplate":"https:\/\/viqtor.eu\/?s={search_term_string}"},"query-input":{"@type":"PropertyValueSpecification","valueRequired":true,"valueName":"search_term_string"}}],"inLanguage":"fi"},{"@type":"Organization","@id":"https:\/\/viqtor.eu\/#organization","name":"viqtor.eu","url":"https:\/\/viqtor.eu\/","logo":{"@type":"ImageObject","inLanguage":"fi","@id":"https:\/\/viqtor.eu\/#\/schema\/logo\/image\/","url":"https:\/\/viqtor.eu\/wp-content\/uploads\/2023\/06\/favicon-noir.svg","contentUrl":"https:\/\/viqtor.eu\/wp-content\/uploads\/2023\/06\/favicon-noir.svg","width":108,"height":86,"caption":"viqtor.eu"},"image":{"@id":"https:\/\/viqtor.eu\/#\/schema\/logo\/image\/"}}]}},"_links":{"self":[{"href":"https:\/\/viqtor.eu\/fi\/wp-json\/wp\/v2\/pages\/6522","targetHints":{"allow":["GET"]}}],"collection":[{"href":"https:\/\/viqtor.eu\/fi\/wp-json\/wp\/v2\/pages"}],"about":[{"href":"https:\/\/viqtor.eu\/fi\/wp-json\/wp\/v2\/types\/page"}],"author":[{"embeddable":true,"href":"https:\/\/viqtor.eu\/fi\/wp-json\/wp\/v2\/users\/1"}],"replies":[{"embeddable":true,"href":"https:\/\/viqtor.eu\/fi\/wp-json\/wp\/v2\/comments?post=6522"}],"version-history":[{"count":6,"href":"https:\/\/viqtor.eu\/fi\/wp-json\/wp\/v2\/pages\/6522\/revisions"}],"predecessor-version":[{"id":6532,"href":"https:\/\/viqtor.eu\/fi\/wp-json\/wp\/v2\/pages\/6522\/revisions\/6532"}],"wp:attachment":[{"href":"https:\/\/viqtor.eu\/fi\/wp-json\/wp\/v2\/media?parent=6522"}],"curies":[{"name":"wp","href":"https:\/\/api.w.org\/{rel}","templated":true}]}}