{"id":12719,"date":"2025-02-17T13:01:41","date_gmt":"2025-02-17T13:01:41","guid":{"rendered":"https:\/\/viqtor.eu\/?page_id=12719"},"modified":"2025-04-23T19:08:46","modified_gmt":"2025-04-23T19:08:46","slug":"guide-rgpd-et-site-web-quelles-obligations-respecter","status":"publish","type":"page","link":"https:\/\/viqtor.eu\/fi\/guide-rgpd-et-site-web-quelles-obligations-respecter\/","title":{"rendered":"Opas: GDPR ja verkkosivusto: mit\u00e4 velvoitteita on noudatettava?"},"content":{"rendered":"<div data-elementor-type=\"wp-page\" data-elementor-id=\"12719\" class=\"elementor elementor-12719\" data-elementor-post-type=\"page\">\n\t\t\t\t\t\t<section class=\"elementor-section elementor-top-section elementor-element elementor-element-487d106 elementor-section-content-middle ot-traditional elementor-section-boxed elementor-section-height-default elementor-section-height-default\" data-id=\"487d106\" data-element_type=\"section\" data-settings=\"{&quot;background_background&quot;:&quot;classic&quot;}\">\n\t\t\t\t\t\t\t<div class=\"elementor-background-overlay\"><\/div>\n\t\t\t\t\t\t\t<div class=\"elementor-container elementor-column-gap-default\">\n\t\t\t\t\t<div class=\"elementor-column elementor-col-100 elementor-top-column elementor-element elementor-element-7cb43dc ot-column-items-center ot-flex-column-vertical\" data-id=\"7cb43dc\" data-element_type=\"column\">\n\t\t\t<div class=\"elementor-widget-wrap elementor-element-populated\">\n\t\t\t\t\t\t<div class=\"elementor-element elementor-element-f174978 elementor-widget__width-initial elementor-widget elementor-widget-iheading\" data-id=\"f174978\" data-element_type=\"widget\" data-widget_type=\"iheading.default\">\n\t\t\t\t<div class=\"elementor-widget-container\">\n\t\t\t\t\t<div class=\"ot-heading\">\r\n\t        \t            <span>\/\/ Viqtor\u00ae-alusta<\/span>\r\n\t        <h1 class=\"main-heading\">Opas: GDPR ja verkkosivusto: Mit\u00e4 velvoitteita on noudatettava?<\/h1>\t    <\/div>\r\n\t    \t\t<\/div>\n\t\t\t\t<\/div>\n\t\t\t\t\t<\/div>\n\t\t<\/div>\n\t\t\t\t\t<\/div>\n\t\t<\/section>\n\t\t\t\t<section class=\"elementor-section elementor-top-section elementor-element elementor-element-6bfd0a4 ot-traditional elementor-section-boxed elementor-section-height-default elementor-section-height-default\" data-id=\"6bfd0a4\" data-element_type=\"section\">\n\t\t\t\t\t\t<div class=\"elementor-container elementor-column-gap-default\">\n\t\t\t\t\t<div class=\"elementor-column elementor-col-100 elementor-top-column elementor-element elementor-element-9e9d643 ot-flex-column-vertical\" data-id=\"9e9d643\" data-element_type=\"column\">\n\t\t\t<div class=\"elementor-widget-wrap elementor-element-populated\">\n\t\t\t\t\t\t<div class=\"elementor-element elementor-element-4ca1c81 elementor-widget elementor-widget-text-editor\" data-id=\"4ca1c81\" data-element_type=\"widget\" data-widget_type=\"text-editor.default\">\n\t\t\t\t<div class=\"elementor-widget-container\">\n\t\t\t\t\t\t\t<p data-pm-slice=\"1 1 []\">Yleinen tietosuoja-asetus (GDPR) on eurooppalainen asetus, jonka tarkoituksena on vahvistaa Euroopan unionin kansalaisten henkil\u00f6tietojen suojaa. Kaikkien verkossa henkil\u00f6tietoja ker\u00e4\u00e4vien tai k\u00e4sittelevien yritysten on noudatettava sen vaatimuksia tai heille voidaan m\u00e4\u00e4r\u00e4t\u00e4 seuraamuksia. T\u00e4ss\u00e4 artikkelissa kerromme yksityiskohtaisesti velvoitteista, joita verkkosivustosi on noudatettava, jotta se on GDPR:n mukainen. <strong>GDPR<\/strong>.<\/p><h2 data-pm-slice=\"1 1 []\">Mik\u00e4 on GDPR?<\/h2><p>GDPR tuli voimaan 25. toukokuuta 2018 yhdenmukaistamaan tietosuojalains\u00e4\u00e4d\u00e4nt\u00f6\u00e4 kaikkialla Euroopassa. Se asettaa tiukat velvoitteet henkil\u00f6tietoja k\u00e4sitteleville yrityksille.<\/p><h3>Ket\u00e4 GDPR vaikuttaa?<\/h3><p>Kaikkien yritysten ja organisaatioiden, jotka ker\u00e4\u00e4v\u00e4t tai k\u00e4sittelev\u00e4t Euroopan kansalaisten tietoja, on noudatettava GDPR:\u00e4\u00e4 riippumatta siit\u00e4, sijaitsevatko ne EU:ssa vai eiv\u00e4t.<\/p><h3>GDPR:n perusperiaatteet<\/h3><p>GDPR perustuu kuuteen keskeiseen periaatteeseen:<\/p><ul data-spread=\"false\"><li><p><strong>Laillisuus, lojaalisuus ja l\u00e4pin\u00e4kyvyys<\/strong><\/p><\/li><li><p><strong>Tarkoitusten rajoittaminen<\/strong><\/p><\/li><li><p><strong>Tietojen minimointi<\/strong><\/p><\/li><li><p><strong>Tarkkuus<\/strong><\/p><\/li><li><p><strong>S\u00e4ilytysrajoitus<\/strong><\/p><\/li><li><p><strong>Rehellisyys ja luottamuksellisuus<\/strong><\/p><\/li><\/ul><h4>Verkkosivustojen lakis\u00e4\u00e4teiset velvoitteet<\/h4><p>Verkkosivustojen on varmistettava ker\u00e4ttyjen tietojen l\u00e4pin\u00e4kyvyys, hankittava nimenomainen suostumus ja varmistettava henkil\u00f6tietojen turvallisuus.<\/p><h4>Miten saada p\u00e4tev\u00e4 suostumus?<\/h4><p>Suostumuksen on oltava vapaaehtoinen ja t\u00e4sm\u00e4llinen<span class=\"sw\">,<\/span>\u00a0<span class=\"sw\">valaistunut<\/span>\u00a0Ja\u00a0<span class=\"sw\">ilman<\/span>\u00a0<span class=\"sw\">ep\u00e4selvyys<\/span>Ev\u00e4stebannerien tulisi tehd\u00e4 ev\u00e4steiden hyv\u00e4ksymisest\u00e4 tai hylk\u00e4\u00e4misest\u00e4 helppoa k\u00e4ytt\u00e4jille.<\/p><h4 data-pm-slice=\"1 1 []\">Tietosuojak\u00e4yt\u00e4nt\u00f6<\/h4><p>Siin\u00e4 on oltava yksityiskohtaiset tiedot siit\u00e4, miten ja miksi tietoja ker\u00e4t\u00e4\u00e4n, tallennetaan ja jaetaan.<\/p>\t\t\t\t\t\t<\/div>\n\t\t\t\t<\/div>\n\t\t\t\t\t<\/div>\n\t\t<\/div>\n\t\t\t\t\t<\/div>\n\t\t<\/section>\n\t\t\t\t<section class=\"elementor-section elementor-top-section elementor-element elementor-element-2373ae3 elementor-section-height-min-height ot-traditional elementor-section-boxed elementor-section-height-default elementor-section-items-middle\" data-id=\"2373ae3\" data-element_type=\"section\">\n\t\t\t\t\t\t<div class=\"elementor-container elementor-column-gap-default\">\n\t\t\t\t\t<div class=\"elementor-column elementor-col-100 elementor-top-column elementor-element elementor-element-fd1df0f ot-flex-column-vertical\" data-id=\"fd1df0f\" data-element_type=\"column\">\n\t\t\t<div class=\"elementor-widget-wrap elementor-element-populated\">\n\t\t\t\t\t\t<div class=\"elementor-element elementor-element-b37bc66 elementor-widget elementor-widget-image\" data-id=\"b37bc66\" data-element_type=\"widget\" data-widget_type=\"image.default\">\n\t\t\t\t<div class=\"elementor-widget-container\">\n\t\t\t\t\t\t\t\t\t\t\t\t\t<img fetchpriority=\"high\" decoding=\"async\" width=\"1024\" height=\"683\" src=\"https:\/\/viqtor.eu\/wp-content\/uploads\/2023\/05\/Les-etapes-principales-pour-la-mise-en-conformite-RGPD-1024x683.jpg\" class=\"attachment-large size-large wp-image-12252\" alt=\"Les \u00e9tapes principales pour la mise en conformit\u00e9 RGPD\" srcset=\"https:\/\/viqtor.eu\/wp-content\/uploads\/2023\/05\/Les-etapes-principales-pour-la-mise-en-conformite-RGPD-1024x683.jpg 1024w, https:\/\/viqtor.eu\/wp-content\/uploads\/2023\/05\/Les-etapes-principales-pour-la-mise-en-conformite-RGPD-300x200.jpg 300w, https:\/\/viqtor.eu\/wp-content\/uploads\/2023\/05\/Les-etapes-principales-pour-la-mise-en-conformite-RGPD-768x512.jpg 768w, https:\/\/viqtor.eu\/wp-content\/uploads\/2023\/05\/Les-etapes-principales-pour-la-mise-en-conformite-RGPD-1536x1024.jpg 1536w, https:\/\/viqtor.eu\/wp-content\/uploads\/2023\/05\/Les-etapes-principales-pour-la-mise-en-conformite-RGPD-720x480.jpg 720w, https:\/\/viqtor.eu\/wp-content\/uploads\/2023\/05\/Les-etapes-principales-pour-la-mise-en-conformite-RGPD.jpg 2048w\" sizes=\"(max-width: 1024px) 100vw, 1024px\" \/>\t\t\t\t\t\t\t\t\t\t\t\t\t<\/div>\n\t\t\t\t<\/div>\n\t\t\t\t\t<\/div>\n\t\t<\/div>\n\t\t\t\t\t<\/div>\n\t\t<\/section>\n\t\t\t\t<section class=\"elementor-section elementor-top-section elementor-element elementor-element-3a23f17 ot-traditional elementor-section-boxed elementor-section-height-default elementor-section-height-default\" data-id=\"3a23f17\" data-element_type=\"section\">\n\t\t\t\t\t\t<div class=\"elementor-container elementor-column-gap-default\">\n\t\t\t\t\t<div class=\"elementor-column elementor-col-100 elementor-top-column elementor-element elementor-element-cf1b7c9 ot-flex-column-vertical\" data-id=\"cf1b7c9\" data-element_type=\"column\">\n\t\t\t<div class=\"elementor-widget-wrap elementor-element-populated\">\n\t\t\t\t\t\t<div class=\"elementor-element elementor-element-3c94449 elementor-widget elementor-widget-text-editor\" data-id=\"3c94449\" data-element_type=\"widget\" data-widget_type=\"text-editor.default\">\n\t\t\t\t<div class=\"elementor-widget-container\">\n\t\t\t\t\t\t\t<h4 data-pm-slice=\"1 1 []\">Ev\u00e4steiden hallinta<\/h4>\n<p>Sivustojen on selke\u00e4sti tiedotettava k\u00e4vij\u00f6ille ev\u00e4steiden k\u00e4yt\u00f6st\u00e4 ja annettava heille mahdollisuus hallita asetuksiaan.<\/p>\n<h4>K\u00e4ytt\u00e4j\u00e4oikeudet<\/h4>\n<p>K\u00e4ytt\u00e4jill\u00e4 on oikeus tarkastella, muokata ja poistaa tietojaan sek\u00e4 vastustaa niiden k\u00e4sittely\u00e4.<\/p>\n<h4>Tietoturva<\/h4>\n<p>On tarpeen ottaa k\u00e4ytt\u00f6\u00f6n turvatoimenpiteit\u00e4, kuten salaus ja vahva todennus.<\/p>\n<h4>Tietosuojavastaavan nimitt\u00e4minen<\/h4>\n<p>Joidenkin yritysten on nimitett\u00e4v\u00e4 tietosuojavastaava varmistaakseen GDPR-vaatimustenmukaisuuden.<\/p>\n<h4>GDPR:n noudattamatta j\u00e4tt\u00e4misen seuraukset<\/h4>\n<p>Sakot voivat olla jopa 20 miljoonaa euroa tai 4 % vuotuisesta liikevaihdosta.<\/p>\n<h3>Miten sivustostasi tulee vaatimustenmukainen?<\/h3>\n<p>A <strong>GDPR-tarkastus<\/strong> auttaa tunnistamaan korjattavat kohdat ja toteuttamaan hyvi\u00e4 k\u00e4yt\u00e4nt\u00f6j\u00e4.<\/p>\n<h4>Hy\u00f6dyllisi\u00e4 ty\u00f6kaluja ja resursseja<\/h4>\n<p>Ty\u00f6kalut, kuten Cookiebot ja GDPR.eu, voivat auttaa varmistamaan vaatimustenmukaisuuden.<\/p>\n<p>GDPR:n noudattaminen on olennaista k\u00e4ytt\u00e4jien luottamuksen varmistamiseksi ja seuraamusten v\u00e4ltt\u00e4miseksi. Toteuttamalla vaatimustenmukaisia k\u00e4yt\u00e4nt\u00f6j\u00e4 verkkosivustosi voi varmistaa henkil\u00f6tietojen optimaalisen suojauksen.<\/p>\n<h4>Usein kysytyt kysymykset<\/h4>\n<h5>1. Pit\u00e4isik\u00f6 sivustoni n\u00e4ytt\u00e4\u00e4 ev\u00e4stebanneri?<\/h5>\n<p>Kyll\u00e4, jos sivustosi k\u00e4ytt\u00e4\u00e4 v\u00e4ltt\u00e4m\u00e4tt\u00f6mi\u00e4 ev\u00e4steit\u00e4.<\/p>\n<h5>2. Pit\u00e4\u00e4k\u00f6 minun pyyt\u00e4\u00e4 suostumus jokaista lomaketta varten?<\/h5>\n<p>Kyll\u00e4, ellei tiedonkeruu ole ehdottoman v\u00e4ltt\u00e4m\u00e4t\u00f6nt\u00e4.<\/p>\n<h5>3. Mik\u00e4 on tietosuojavastaava ja milloin se on pakollinen?<\/h5>\n<p>Tietosuojavastaava on tietosuoja-asiantuntija, jota tarvitaan tietyiss\u00e4 yrityksiss\u00e4, jotka k\u00e4sittelev\u00e4t arkaluonteisia tietoja.<\/p>\n<h5>4. Miten voin tarkistaa sivustoni vaatimustenmukaisuuden?<\/h5>\n<p>K\u00e4yt\u00e4 verkkotarkastuksia ja ota yhteytt\u00e4 tietosuoja-asiantuntijaan.<\/p>\n<h5>5. Pit\u00e4isik\u00f6 minun p\u00e4ivitt\u00e4\u00e4 tietosuojak\u00e4yt\u00e4nt\u00f6\u00e4ni s\u00e4\u00e4nn\u00f6llisesti?<\/h5>\n<p>Kyll\u00e4, sen on heijastettava kaikkia tietojenk\u00e4sittelyss\u00e4 tapahtuneita muutoksia.<\/p>\n<h5>6. Mit\u00e4 tehd\u00e4 tietomurron sattuessa?<\/h5>\n<p>Ilmoita asiasta asianomaisille viranomaisille 72 tunnin kuluessa ja varoita asianomaisia k\u00e4ytt\u00e4ji\u00e4.<\/p>\t\t\t\t\t\t<\/div>\n\t\t\t\t<\/div>\n\t\t\t\t\t<\/div>\n\t\t<\/div>\n\t\t\t\t\t<\/div>\n\t\t<\/section>\n\t\t\t\t<section class=\"elementor-section elementor-top-section elementor-element elementor-element-77edb27 ot-traditional elementor-section-boxed elementor-section-height-default elementor-section-height-default\" data-id=\"77edb27\" data-element_type=\"section\">\n\t\t\t\t\t\t<div class=\"elementor-container elementor-column-gap-default\">\n\t\t\t\t\t<div class=\"elementor-column elementor-col-100 elementor-top-column elementor-element elementor-element-72942a8 ot-flex-column-vertical\" data-id=\"72942a8\" data-element_type=\"column\">\n\t\t\t<div class=\"elementor-widget-wrap elementor-element-populated\">\n\t\t\t\t\t\t<div class=\"elementor-element elementor-element-0fcf018 elementor-widget elementor-widget-text-editor\" data-id=\"0fcf018\" data-element_type=\"widget\" data-widget_type=\"text-editor.default\">\n\t\t\t\t<div class=\"elementor-widget-container\">\n\t\t\t\t\t\t\t<div><div><div><div><p style=\"text-align: center;\"><span style=\"color: #000000;\"><strong>Lataa t\u00e4ydellinen opas ilmaiseksi:<\/strong><\/span><\/p><\/div><\/div><\/div><\/div>\t\t\t\t\t\t<\/div>\n\t\t\t\t<\/div>\n\t\t\t\t\t<\/div>\n\t\t<\/div>\n\t\t\t\t\t<\/div>\n\t\t<\/section>\n\t\t\t\t<section class=\"elementor-section elementor-top-section elementor-element elementor-element-7f22e0c ot-traditional elementor-section-boxed elementor-section-height-default elementor-section-height-default\" data-id=\"7f22e0c\" data-element_type=\"section\">\n\t\t\t\t\t\t<div class=\"elementor-container elementor-column-gap-default\">\n\t\t\t\t\t<div class=\"elementor-column elementor-col-100 elementor-top-column elementor-element elementor-element-d89bd3c ot-flex-column-vertical\" data-id=\"d89bd3c\" data-element_type=\"column\">\n\t\t\t<div class=\"elementor-widget-wrap elementor-element-populated\">\n\t\t\t\t\t\t<div class=\"elementor-element elementor-element-6220207 elementor-widget elementor-widget-text-editor\" data-id=\"6220207\" data-element_type=\"widget\" data-widget_type=\"text-editor.default\">\n\t\t\t\t<div class=\"elementor-widget-container\">\n\t\t\t\t\t\t\t<p><p><form method=\"post\" action=\"https:\/\/viqtor.eu\/wp-admin\/admin-ajax.php?action=tnp&amp;na=s\" class=\"tnp-subscription\" style=\"\">\n<input type=\"hidden\" name=\"nlang\" value=\"\">\n <div class=\"tnp-field tnp-field-email\"><label for=\"tnp-1\">S\u00e4hk\u00f6posti<\/label>\n<input class=\"tnp-email\" type=\"email\" name=\"ne\" id=\"tnp-1\" value=\"\" placeholder=\"\" required><\/div>\n\u00a0<label> <input name=\"AGREE_TO_TERMS\" required=\"\" type=\"checkbox\" value=\"1\" \/> Hyv\u00e4ksyn henkil\u00f6tietojeni k\u00e4yt\u00f6n ainoastaan latauspyynt\u00f6ni k\u00e4sittelyyn. Kiell\u00e4mme n\u00e4iden tietojen kaiken muun k\u00e4yt\u00f6n.<\/label> <label> <input name=\"AGREE_TO_TERMS\" required=\"\" type=\"checkbox\" value=\"1\" \/>Hyv\u00e4ksyn, ett\u00e4 minulle saa s\u00e4\u00e4nn\u00f6llisesti tietoa Viqtorin palvelutarjouksista.<\/label>\u00a0 \u00a0 \u00a0 \u00a0 \u00a0 \u00a0 \u00a0 \u00a0 \u00a0 \u00a0 \u00a0 \u00a0 \u00a0 \u00a0 \u00a0 \u00a0 \u00a0 \u00a0 \u00a0 \u00a0 <div class=\"tnp-field tnp-field-button\" style=\"text-align: left\"><input class=\"tnp-submit\" type=\"submit\" value=\"Ota opas vastaan\" style=\"\">\n<\/div>\n<\/form><\/p><\/p>\t\t\t\t\t\t<\/div>\n\t\t\t\t<\/div>\n\t\t\t\t\t<\/div>\n\t\t<\/div>\n\t\t\t\t\t<\/div>\n\t\t<\/section>\n\t\t\t\t<\/div>","protected":false},"excerpt":{"rendered":"<p>\/\/ Viqtor\u00ae Guide -alusta: GDPR ja verkkosivustot: Mit\u00e4 velvoitteita on t\u00e4ytett\u00e4v\u00e4? Yleinen tietosuoja-asetus (GDPR) on eurooppalainen asetus, jonka tarkoituksena on vahvistaa Euroopan unionin kansalaisten henkil\u00f6tietojen suojaa. Kaikkien verkossa henkil\u00f6tietoja ker\u00e4\u00e4vien tai k\u00e4sittelevien yritysten on noudatettava [\u2026]<\/p>","protected":false},"author":1,"featured_media":0,"parent":0,"menu_order":0,"comment_status":"closed","ping_status":"closed","template":"","meta":{"_acf_changed":false,"footnotes":""},"class_list":["post-12719","page","type-page","status-publish","hentry"],"acf":[],"yoast_head":"<!-- This site is optimized with the Yoast SEO plugin v23.6 - https:\/\/yoast.com\/wordpress\/plugins\/seo\/ -->\n<title>Guide : RGPD et site web : Quelles obligations \u00e0 respecter ?<\/title>\n<meta name=\"description\" content=\"Assurez la conformit\u00e9 de votre site web au RGPD ! Quelles obligations \u00e0 respecter et quelles sanctions \u00e0 \u00e9viter gr\u00e2ce \u00e0 ce guide complet.\" \/>\n<meta name=\"robots\" content=\"index, follow, max-snippet:-1, max-image-preview:large, max-video-preview:-1\" \/>\n<link rel=\"canonical\" href=\"https:\/\/viqtor.eu\/fi\/guide-rgpd-et-site-web-quelles-obligations-respecter\/\" \/>\n<meta property=\"og:locale\" content=\"fi_FI\" \/>\n<meta property=\"og:type\" content=\"article\" \/>\n<meta property=\"og:title\" content=\"Guide : RGPD et site web : Quelles obligations \u00e0 respecter ?\" \/>\n<meta property=\"og:description\" content=\"Assurez la conformit\u00e9 de votre site web au RGPD ! Quelles obligations \u00e0 respecter et quelles sanctions \u00e0 \u00e9viter gr\u00e2ce \u00e0 ce guide complet.\" \/>\n<meta property=\"og:url\" content=\"https:\/\/viqtor.eu\/fi\/guide-rgpd-et-site-web-quelles-obligations-respecter\/\" \/>\n<meta property=\"og:site_name\" content=\"Viqtor\" \/>\n<meta property=\"article:modified_time\" content=\"2025-04-23T19:08:46+00:00\" \/>\n<meta property=\"og:image\" content=\"https:\/\/viqtor.eu\/wp-content\/uploads\/2023\/05\/Les-etapes-principales-pour-la-mise-en-conformite-RGPD-1024x683.jpg\" \/>\n<meta name=\"twitter:card\" content=\"summary_large_image\" \/>\n<meta name=\"twitter:label1\" content=\"Arvioitu lukuaika\" \/>\n\t<meta name=\"twitter:data1\" content=\"4 minuuttia\" \/>\n<script type=\"application\/ld+json\" class=\"yoast-schema-graph\">{\"@context\":\"https:\/\/schema.org\",\"@graph\":[{\"@type\":\"WebPage\",\"@id\":\"https:\/\/viqtor.eu\/guide-rgpd-et-site-web-quelles-obligations-respecter\/\",\"url\":\"https:\/\/viqtor.eu\/guide-rgpd-et-site-web-quelles-obligations-respecter\/\",\"name\":\"Guide : RGPD et site web : Quelles obligations \u00e0 respecter ?\",\"isPartOf\":{\"@id\":\"https:\/\/viqtor.eu\/#website\"},\"primaryImageOfPage\":{\"@id\":\"https:\/\/viqtor.eu\/guide-rgpd-et-site-web-quelles-obligations-respecter\/#primaryimage\"},\"image\":{\"@id\":\"https:\/\/viqtor.eu\/guide-rgpd-et-site-web-quelles-obligations-respecter\/#primaryimage\"},\"thumbnailUrl\":\"https:\/\/viqtor.eu\/wp-content\/uploads\/2023\/05\/Les-etapes-principales-pour-la-mise-en-conformite-RGPD-1024x683.jpg\",\"datePublished\":\"2025-02-17T13:01:41+00:00\",\"dateModified\":\"2025-04-23T19:08:46+00:00\",\"description\":\"Assurez la conformit\u00e9 de votre site web au RGPD ! Quelles obligations \u00e0 respecter et quelles sanctions \u00e0 \u00e9viter gr\u00e2ce \u00e0 ce guide complet.\",\"breadcrumb\":{\"@id\":\"https:\/\/viqtor.eu\/guide-rgpd-et-site-web-quelles-obligations-respecter\/#breadcrumb\"},\"inLanguage\":\"fi\",\"potentialAction\":[{\"@type\":\"ReadAction\",\"target\":[\"https:\/\/viqtor.eu\/guide-rgpd-et-site-web-quelles-obligations-respecter\/\"]}]},{\"@type\":\"ImageObject\",\"inLanguage\":\"fi\",\"@id\":\"https:\/\/viqtor.eu\/guide-rgpd-et-site-web-quelles-obligations-respecter\/#primaryimage\",\"url\":\"https:\/\/viqtor.eu\/wp-content\/uploads\/2023\/05\/Les-etapes-principales-pour-la-mise-en-conformite-RGPD-1024x683.jpg\",\"contentUrl\":\"https:\/\/viqtor.eu\/wp-content\/uploads\/2023\/05\/Les-etapes-principales-pour-la-mise-en-conformite-RGPD-1024x683.jpg\"},{\"@type\":\"BreadcrumbList\",\"@id\":\"https:\/\/viqtor.eu\/guide-rgpd-et-site-web-quelles-obligations-respecter\/#breadcrumb\",\"itemListElement\":[{\"@type\":\"ListItem\",\"position\":1,\"name\":\"Accueil\",\"item\":\"https:\/\/viqtor.eu\/\"},{\"@type\":\"ListItem\",\"position\":2,\"name\":\"Guide : RGPD et site web : quelles obligations respecter ?\"}]},{\"@type\":\"WebSite\",\"@id\":\"https:\/\/viqtor.eu\/#website\",\"url\":\"https:\/\/viqtor.eu\/\",\"name\":\"Viqtor\",\"description\":\"Faites du RGPD une opportunit\u00e9 pour votre entreprise.\",\"publisher\":{\"@id\":\"https:\/\/viqtor.eu\/#organization\"},\"potentialAction\":[{\"@type\":\"SearchAction\",\"target\":{\"@type\":\"EntryPoint\",\"urlTemplate\":\"https:\/\/viqtor.eu\/?s={search_term_string}\"},\"query-input\":{\"@type\":\"PropertyValueSpecification\",\"valueRequired\":true,\"valueName\":\"search_term_string\"}}],\"inLanguage\":\"fi\"},{\"@type\":\"Organization\",\"@id\":\"https:\/\/viqtor.eu\/#organization\",\"name\":\"viqtor.eu\",\"url\":\"https:\/\/viqtor.eu\/\",\"logo\":{\"@type\":\"ImageObject\",\"inLanguage\":\"fi\",\"@id\":\"https:\/\/viqtor.eu\/#\/schema\/logo\/image\/\",\"url\":\"https:\/\/viqtor.eu\/wp-content\/uploads\/2023\/06\/favicon-noir.svg\",\"contentUrl\":\"https:\/\/viqtor.eu\/wp-content\/uploads\/2023\/06\/favicon-noir.svg\",\"width\":108,\"height\":86,\"caption\":\"viqtor.eu\"},\"image\":{\"@id\":\"https:\/\/viqtor.eu\/#\/schema\/logo\/image\/\"}}]}<\/script>\n<!-- \/ Yoast SEO plugin. -->","yoast_head_json":{"title":"Guide : RGPD et site web : Quelles obligations \u00e0 respecter ?","description":"Assurez la conformit\u00e9 de votre site web au RGPD ! Quelles obligations \u00e0 respecter et quelles sanctions \u00e0 \u00e9viter gr\u00e2ce \u00e0 ce guide complet.","robots":{"index":"index","follow":"follow","max-snippet":"max-snippet:-1","max-image-preview":"max-image-preview:large","max-video-preview":"max-video-preview:-1"},"canonical":"https:\/\/viqtor.eu\/fi\/guide-rgpd-et-site-web-quelles-obligations-respecter\/","og_locale":"fi_FI","og_type":"article","og_title":"Guide : RGPD et site web : Quelles obligations \u00e0 respecter ?","og_description":"Assurez la conformit\u00e9 de votre site web au RGPD ! Quelles obligations \u00e0 respecter et quelles sanctions \u00e0 \u00e9viter gr\u00e2ce \u00e0 ce guide complet.","og_url":"https:\/\/viqtor.eu\/fi\/guide-rgpd-et-site-web-quelles-obligations-respecter\/","og_site_name":"Viqtor","article_modified_time":"2025-04-23T19:08:46+00:00","og_image":[{"url":"https:\/\/viqtor.eu\/wp-content\/uploads\/2023\/05\/Les-etapes-principales-pour-la-mise-en-conformite-RGPD-1024x683.jpg"}],"twitter_card":"summary_large_image","twitter_misc":{"Arvioitu lukuaika":"4 minuuttia"},"schema":{"@context":"https:\/\/schema.org","@graph":[{"@type":"WebPage","@id":"https:\/\/viqtor.eu\/guide-rgpd-et-site-web-quelles-obligations-respecter\/","url":"https:\/\/viqtor.eu\/guide-rgpd-et-site-web-quelles-obligations-respecter\/","name":"Guide : RGPD et site web : Quelles obligations \u00e0 respecter ?","isPartOf":{"@id":"https:\/\/viqtor.eu\/#website"},"primaryImageOfPage":{"@id":"https:\/\/viqtor.eu\/guide-rgpd-et-site-web-quelles-obligations-respecter\/#primaryimage"},"image":{"@id":"https:\/\/viqtor.eu\/guide-rgpd-et-site-web-quelles-obligations-respecter\/#primaryimage"},"thumbnailUrl":"https:\/\/viqtor.eu\/wp-content\/uploads\/2023\/05\/Les-etapes-principales-pour-la-mise-en-conformite-RGPD-1024x683.jpg","datePublished":"2025-02-17T13:01:41+00:00","dateModified":"2025-04-23T19:08:46+00:00","description":"Assurez la conformit\u00e9 de votre site web au RGPD ! Quelles obligations \u00e0 respecter et quelles sanctions \u00e0 \u00e9viter gr\u00e2ce \u00e0 ce guide complet.","breadcrumb":{"@id":"https:\/\/viqtor.eu\/guide-rgpd-et-site-web-quelles-obligations-respecter\/#breadcrumb"},"inLanguage":"fi","potentialAction":[{"@type":"ReadAction","target":["https:\/\/viqtor.eu\/guide-rgpd-et-site-web-quelles-obligations-respecter\/"]}]},{"@type":"ImageObject","inLanguage":"fi","@id":"https:\/\/viqtor.eu\/guide-rgpd-et-site-web-quelles-obligations-respecter\/#primaryimage","url":"https:\/\/viqtor.eu\/wp-content\/uploads\/2023\/05\/Les-etapes-principales-pour-la-mise-en-conformite-RGPD-1024x683.jpg","contentUrl":"https:\/\/viqtor.eu\/wp-content\/uploads\/2023\/05\/Les-etapes-principales-pour-la-mise-en-conformite-RGPD-1024x683.jpg"},{"@type":"BreadcrumbList","@id":"https:\/\/viqtor.eu\/guide-rgpd-et-site-web-quelles-obligations-respecter\/#breadcrumb","itemListElement":[{"@type":"ListItem","position":1,"name":"Accueil","item":"https:\/\/viqtor.eu\/"},{"@type":"ListItem","position":2,"name":"Guide : RGPD et site web : quelles obligations respecter ?"}]},{"@type":"WebSite","@id":"https:\/\/viqtor.eu\/#website","url":"https:\/\/viqtor.eu\/","name":"Viqtor","description":"Faites du RGPD une opportunit\u00e9 pour votre entreprise.","publisher":{"@id":"https:\/\/viqtor.eu\/#organization"},"potentialAction":[{"@type":"SearchAction","target":{"@type":"EntryPoint","urlTemplate":"https:\/\/viqtor.eu\/?s={search_term_string}"},"query-input":{"@type":"PropertyValueSpecification","valueRequired":true,"valueName":"search_term_string"}}],"inLanguage":"fi"},{"@type":"Organization","@id":"https:\/\/viqtor.eu\/#organization","name":"viqtor.eu","url":"https:\/\/viqtor.eu\/","logo":{"@type":"ImageObject","inLanguage":"fi","@id":"https:\/\/viqtor.eu\/#\/schema\/logo\/image\/","url":"https:\/\/viqtor.eu\/wp-content\/uploads\/2023\/06\/favicon-noir.svg","contentUrl":"https:\/\/viqtor.eu\/wp-content\/uploads\/2023\/06\/favicon-noir.svg","width":108,"height":86,"caption":"viqtor.eu"},"image":{"@id":"https:\/\/viqtor.eu\/#\/schema\/logo\/image\/"}}]}},"_links":{"self":[{"href":"https:\/\/viqtor.eu\/fi\/wp-json\/wp\/v2\/pages\/12719","targetHints":{"allow":["GET"]}}],"collection":[{"href":"https:\/\/viqtor.eu\/fi\/wp-json\/wp\/v2\/pages"}],"about":[{"href":"https:\/\/viqtor.eu\/fi\/wp-json\/wp\/v2\/types\/page"}],"author":[{"embeddable":true,"href":"https:\/\/viqtor.eu\/fi\/wp-json\/wp\/v2\/users\/1"}],"replies":[{"embeddable":true,"href":"https:\/\/viqtor.eu\/fi\/wp-json\/wp\/v2\/comments?post=12719"}],"version-history":[{"count":52,"href":"https:\/\/viqtor.eu\/fi\/wp-json\/wp\/v2\/pages\/12719\/revisions"}],"predecessor-version":[{"id":12994,"href":"https:\/\/viqtor.eu\/fi\/wp-json\/wp\/v2\/pages\/12719\/revisions\/12994"}],"wp:attachment":[{"href":"https:\/\/viqtor.eu\/fi\/wp-json\/wp\/v2\/media?parent=12719"}],"curies":[{"name":"wp","href":"https:\/\/api.w.org\/{rel}","templated":true}]}}