{"id":12636,"date":"2025-02-11T12:29:59","date_gmt":"2025-02-11T12:29:59","guid":{"rendered":"https:\/\/viqtor.eu\/?page_id=12636"},"modified":"2025-02-17T12:23:40","modified_gmt":"2025-02-17T12:23:40","slug":"guide-sur-laudit-de-conformite-rgpd","status":"publish","type":"page","link":"https:\/\/viqtor.eu\/fi\/guide-sur-laudit-de-conformite-rgpd\/","title":{"rendered":"GDPR-vaatimustenmukaisuuden auditointiopas"},"content":{"rendered":"<div data-elementor-type=\"wp-page\" data-elementor-id=\"12636\" class=\"elementor elementor-12636\" data-elementor-post-type=\"page\">\n\t\t\t\t\t\t<section class=\"elementor-section elementor-top-section elementor-element elementor-element-487d106 elementor-section-content-middle ot-traditional elementor-section-boxed elementor-section-height-default elementor-section-height-default\" data-id=\"487d106\" data-element_type=\"section\" data-settings=\"{&quot;background_background&quot;:&quot;classic&quot;}\">\n\t\t\t\t\t\t\t<div class=\"elementor-background-overlay\"><\/div>\n\t\t\t\t\t\t\t<div class=\"elementor-container elementor-column-gap-default\">\n\t\t\t\t\t<div class=\"elementor-column elementor-col-100 elementor-top-column elementor-element elementor-element-7cb43dc ot-column-items-center ot-flex-column-vertical\" data-id=\"7cb43dc\" data-element_type=\"column\">\n\t\t\t<div class=\"elementor-widget-wrap elementor-element-populated\">\n\t\t\t\t\t\t<div class=\"elementor-element elementor-element-f174978 elementor-widget__width-initial elementor-widget elementor-widget-iheading\" data-id=\"f174978\" data-element_type=\"widget\" data-widget_type=\"iheading.default\">\n\t\t\t\t<div class=\"elementor-widget-container\">\n\t\t\t\t\t<div class=\"ot-heading\">\r\n\t        \t            <span>\/\/ Viqtor\u00ae-alusta<\/span>\r\n\t        <h1 class=\"main-heading\">\n\nViqtor\u00ae: T\u00e4ydellinen opas GDPR-vaatimustenmukaisuuden auditointiin\n\n<\/h1>\t    <\/div>\r\n\t    \t\t<\/div>\n\t\t\t\t<\/div>\n\t\t\t\t\t<\/div>\n\t\t<\/div>\n\t\t\t\t\t<\/div>\n\t\t<\/section>\n\t\t\t\t<section class=\"elementor-section elementor-top-section elementor-element elementor-element-6bfd0a4 ot-traditional elementor-section-boxed elementor-section-height-default elementor-section-height-default\" data-id=\"6bfd0a4\" data-element_type=\"section\">\n\t\t\t\t\t\t<div class=\"elementor-container elementor-column-gap-default\">\n\t\t\t\t\t<div class=\"elementor-column elementor-col-100 elementor-top-column elementor-element elementor-element-9e9d643 ot-flex-column-vertical\" data-id=\"9e9d643\" data-element_type=\"column\">\n\t\t\t<div class=\"elementor-widget-wrap elementor-element-populated\">\n\t\t\t\t\t\t<div class=\"elementor-element elementor-element-4ca1c81 elementor-widget elementor-widget-text-editor\" data-id=\"4ca1c81\" data-element_type=\"widget\" data-widget_type=\"text-editor.default\">\n\t\t\t\t<div class=\"elementor-widget-container\">\n\t\t\t\t\t\t\t<p>Yleinen tietosuoja-asetus (GDPR) on oikeudellinen kehys, joka edellytt\u00e4\u00e4 yrityksilt\u00e4 ja organisaatioilta Euroopan unionin kansalaisten henkil\u00f6tietojen suojaa. GDPR-vaatimustenmukaisuustarkastuksen suorittaminen on olennainen askel sen varmistamisessa, ett\u00e4 yrityksesi t\u00e4ytt\u00e4\u00e4 n\u00e4m\u00e4 lakis\u00e4\u00e4teiset velvoitteet.<\/p><p>T\u00e4ss\u00e4 oppaassa tarkastelemme t\u00e4rkeimpi\u00e4 vaiheita <strong>GDPR-vaatimustenmukaisuuden tarkastus<\/strong>, yleisi\u00e4 v\u00e4ltett\u00e4v\u00e4j\u00e4 virheit\u00e4 sek\u00e4 k\u00e4yt\u00e4nn\u00f6n neuvoja tehokkaan vaatimustenmukaisuuden varmistamiseksi.<\/p><h2>Mik\u00e4 on GDPR-vaatimustenmukaisuustarkastus?<\/h2><p>GDPR-vaatimustenmukaisuustarkastus on arviointiprosessi, jolla tunnistetaan organisaation nykyisten k\u00e4yt\u00e4nt\u00f6jen ja GDPR-vaatimusten v\u00e4liset puutteet. Sen tavoitteena on:<\/p><ul><li>Analysoi henkil\u00f6tietojen k\u00e4sittely\u00e4.<\/li><li>Tunnista tietosuojariskit.<\/li><li>Toteuta korjaavia toimenpiteit\u00e4 vaatimustenmukaisuuden varmistamiseksi.<\/li><\/ul><p>Tarkastuksen voi suorittaa sis\u00e4isesti tietosuojavastaava tai ulkopuolinen erikoistunut asiantuntija.<\/p><hr \/><h2>2. GDPR-vaatimustenmukaisuustarkastuksen vaiheet<\/h2><p><strong>Tietojenk\u00e4sittelyn tunnistaminen<\/strong><\/p><ul><li>Listaa kaikki ker\u00e4tyt, tallennetut ja k\u00e4sitellyt henkil\u00f6tiedot.<\/li><li>M\u00e4\u00e4rit\u00e4 n\u00e4iden k\u00e4sittelyjen oikeusperustat (suostumus, lakis\u00e4\u00e4teinen velvoite, sopimuksen t\u00e4yt\u00e4nt\u00f6\u00f6npano jne.).<\/li><li>Tarkista, mihin tarkoituksiin tietoja k\u00e4ytet\u00e4\u00e4n.<\/li><\/ul><p><strong>Oikeusperustojen varmentaminen<\/strong><\/p><ul><li>Varmista, ett\u00e4 jokainen tietojenk\u00e4sittely perustuu p\u00e4tev\u00e4\u00e4n oikeusperusteeseen.<\/li><li>Varmista, ett\u00e4 k\u00e4ytt\u00e4j\u00e4n suostumus ker\u00e4t\u00e4\u00e4n nimenomaisesti tarvittaessa.<\/li><\/ul><p><strong>Ihmisoikeuksien analyysi<\/strong><\/p><ul><li>Tarkista, voivatko rekister\u00f6idyt henkil\u00f6t helposti k\u00e4ytt\u00e4\u00e4 oikeuksiaan (tietoihin p\u00e4\u00e4sy, niiden oikaiseminen, poistaminen, siirrett\u00e4vyys jne.).<\/li><li>Varmista, ett\u00e4 tietosuojak\u00e4yt\u00e4nt\u00f6si on selke\u00e4 ja helposti saatavilla.<\/li><\/ul><p><strong>Tietoturva<\/strong><\/p><ul><li>Arvioi tietojen suojaamiseksi toteutettuja turvatoimenpiteit\u00e4 (salaus, pseudonymisointi, p\u00e4\u00e4synhallinta jne.).<\/li><li>Testaa tietoturvaprotokolliesi kest\u00e4vyytt\u00e4 tietomurtojen est\u00e4miseksi.<\/li><\/ul><p><strong>Dokumentaatio ja vaatimustenmukaisuus<\/strong><\/p><ul><li>Pid\u00e4 ajan tasalla olevaa tietojenk\u00e4sittelyrekisteri\u00e4.<\/li><li>Tarkista, ett\u00e4 k\u00e4yt\u00f6ss\u00e4 on tietoturvapoikkeamien varalle varautumissuunnitelma.<\/li><li>Varmista, ett\u00e4 alihankkijoiden kanssa tehdyt sopimukset ovat GDPR:n mukaisia.<\/li><\/ul><p><strong>Tietoisuus ja koulutus<\/strong><\/p><ul><li>Kouluta tiimisi hyviin tietosuojak\u00e4yt\u00e4nt\u00f6ihin.<\/li><li>Varmista, ett\u00e4 ty\u00f6ntekij\u00e4t tuntevat GDPR-velvollisuutensa.<\/li><\/ul>\t\t\t\t\t\t<\/div>\n\t\t\t\t<\/div>\n\t\t\t\t\t<\/div>\n\t\t<\/div>\n\t\t\t\t\t<\/div>\n\t\t<\/section>\n\t\t\t\t<section class=\"elementor-section elementor-top-section elementor-element elementor-element-e58c8b9 ot-traditional elementor-section-boxed elementor-section-height-default elementor-section-height-default\" data-id=\"e58c8b9\" data-element_type=\"section\">\n\t\t\t\t\t\t<div class=\"elementor-container elementor-column-gap-default\">\n\t\t\t\t\t<div class=\"elementor-column elementor-col-50 elementor-top-column elementor-element elementor-element-2ec2fea ot-flex-column-vertical\" data-id=\"2ec2fea\" data-element_type=\"column\">\n\t\t\t<div class=\"elementor-widget-wrap elementor-element-populated\">\n\t\t\t\t\t\t<div class=\"elementor-element elementor-element-b96b62f elementor-widget elementor-widget-image\" data-id=\"b96b62f\" data-element_type=\"widget\" data-widget_type=\"image.default\">\n\t\t\t\t<div class=\"elementor-widget-container\">\n\t\t\t\t\t\t\t\t\t\t\t\t\t<img fetchpriority=\"high\" decoding=\"async\" width=\"1024\" height=\"584\" src=\"https:\/\/viqtor.eu\/wp-content\/uploads\/2024\/06\/Dashboard-copie-1024x584.png\" class=\"attachment-large size-large wp-image-11131\" alt=\"home viqtor\" srcset=\"https:\/\/viqtor.eu\/wp-content\/uploads\/2024\/06\/Dashboard-copie-1024x584.png 1024w, https:\/\/viqtor.eu\/wp-content\/uploads\/2024\/06\/Dashboard-copie-300x171.png 300w, https:\/\/viqtor.eu\/wp-content\/uploads\/2024\/06\/Dashboard-copie-768x438.png 768w, https:\/\/viqtor.eu\/wp-content\/uploads\/2024\/06\/Dashboard-copie-1536x876.png 1536w, https:\/\/viqtor.eu\/wp-content\/uploads\/2024\/06\/Dashboard-copie-2048x1168.png 2048w, https:\/\/viqtor.eu\/wp-content\/uploads\/2024\/06\/Dashboard-copie-720x411.png 720w\" sizes=\"(max-width: 1024px) 100vw, 1024px\" \/>\t\t\t\t\t\t\t\t\t\t\t\t\t<\/div>\n\t\t\t\t<\/div>\n\t\t\t\t\t<\/div>\n\t\t<\/div>\n\t\t\t\t<div class=\"elementor-column elementor-col-50 elementor-top-column elementor-element elementor-element-5e6ca7a ot-flex-column-vertical\" data-id=\"5e6ca7a\" data-element_type=\"column\">\n\t\t\t<div class=\"elementor-widget-wrap elementor-element-populated\">\n\t\t\t\t\t\t<div class=\"elementor-element elementor-element-fc70a7e elementor-widget elementor-widget-image\" data-id=\"fc70a7e\" data-element_type=\"widget\" data-widget_type=\"image.default\">\n\t\t\t\t<div class=\"elementor-widget-container\">\n\t\t\t\t\t\t\t\t\t\t\t\t\t<img decoding=\"async\" width=\"646\" height=\"386\" src=\"https:\/\/viqtor.eu\/wp-content\/uploads\/2024\/03\/pika-1711032360924-1x-removebg-preview.png\" class=\"attachment-large size-large wp-image-10834\" alt=\"Logiciel RGPD\" srcset=\"https:\/\/viqtor.eu\/wp-content\/uploads\/2024\/03\/pika-1711032360924-1x-removebg-preview.png 646w, https:\/\/viqtor.eu\/wp-content\/uploads\/2024\/03\/pika-1711032360924-1x-removebg-preview-300x179.png 300w\" sizes=\"(max-width: 646px) 100vw, 646px\" \/>\t\t\t\t\t\t\t\t\t\t\t\t\t<\/div>\n\t\t\t\t<\/div>\n\t\t\t\t\t<\/div>\n\t\t<\/div>\n\t\t\t\t\t<\/div>\n\t\t<\/section>\n\t\t\t\t<section class=\"elementor-section elementor-top-section elementor-element elementor-element-35ba52a ot-traditional elementor-section-boxed elementor-section-height-default elementor-section-height-default\" data-id=\"35ba52a\" data-element_type=\"section\">\n\t\t\t\t\t\t<div class=\"elementor-container elementor-column-gap-default\">\n\t\t\t\t\t<div class=\"elementor-column elementor-col-100 elementor-top-column elementor-element elementor-element-0cf7b26 ot-flex-column-vertical\" data-id=\"0cf7b26\" data-element_type=\"column\">\n\t\t\t<div class=\"elementor-widget-wrap elementor-element-populated\">\n\t\t\t\t\t\t<div class=\"elementor-element elementor-element-3593ed7 elementor-widget elementor-widget-heading\" data-id=\"3593ed7\" data-element_type=\"widget\" data-widget_type=\"heading.default\">\n\t\t\t\t<div class=\"elementor-widget-container\">\n\t\t\t<h2 class=\"elementor-heading-title elementor-size-large\">3. Yleisi\u00e4 virheit\u00e4, joita kannattaa v\u00e4ltt\u00e4\u00e4<\/h2>\t\t<\/div>\n\t\t\t\t<\/div>\n\t\t\t\t\t<\/div>\n\t\t<\/div>\n\t\t\t\t\t<\/div>\n\t\t<\/section>\n\t\t\t\t<section class=\"elementor-section elementor-top-section elementor-element elementor-element-3a23f17 ot-traditional elementor-section-boxed elementor-section-height-default elementor-section-height-default\" data-id=\"3a23f17\" data-element_type=\"section\">\n\t\t\t\t\t\t<div class=\"elementor-container elementor-column-gap-default\">\n\t\t\t\t\t<div class=\"elementor-column elementor-col-100 elementor-top-column elementor-element elementor-element-cf1b7c9 ot-flex-column-vertical\" data-id=\"cf1b7c9\" data-element_type=\"column\">\n\t\t\t<div class=\"elementor-widget-wrap elementor-element-populated\">\n\t\t\t\t\t\t<div class=\"elementor-element elementor-element-3c94449 elementor-widget elementor-widget-text-editor\" data-id=\"3c94449\" data-element_type=\"widget\" data-widget_type=\"text-editor.default\">\n\t\t\t\t<div class=\"elementor-widget-container\">\n\t\t\t\t\t\t\t<ul><li>Laiminly\u00f6d\u00e4<strong> tietojenk\u00e4sittelyn kartoitus<\/strong> Ker\u00e4ttyjen tietojen puutteellinen tuntemus voi johtaa poikkeamiin.<\/li><li><strong>Unohda alihankkijat<\/strong> varmista, ett\u00e4 kaikki kumppanisi ovat my\u00f6s GDPR-vaatimustenmukaisia.<\/li><li><strong>Hoitorekisterin pit\u00e4misen laiminly\u00f6nti ajan tasalla<\/strong> Vanhentunut rekisteri voi aiheuttaa sanktioita tarkastuksen yhteydess\u00e4.<\/li><li><strong>L\u00e4pin\u00e4kyvyyden puute k\u00e4ytt\u00e4ji\u00e4 kohtaan<\/strong> Puutteellinen tai vaikeasti ymm\u00e4rrett\u00e4v\u00e4 tietosuojak\u00e4yt\u00e4nt\u00f6 voi olla ongelmallinen.<\/li><li><strong>Ohita turvatoimenpiteet<\/strong> Tietosuojan puute voi johtaa rikkomuksiin ja seuraamuksiin.<\/li><\/ul><hr \/><h3>4. K\u00e4yt\u00e4nn\u00f6n vinkkej\u00e4 tehokkaan vaatimustenmukaisuuden varmistamiseksi<\/h3><ul><li><strong>K\u00e4yt\u00e4 erillist\u00e4 ty\u00f6kalua, kuten Viqtor\u00ae<\/strong> GDPR-alusta mahdollistaa auditoinnin automatisoinnin ja vaatimustenmukaisuuden valvonnan reaaliajassa.<\/li><li><strong>Laadi toimintasuunnitelma<\/strong> korjaa tarkastuksen aikana havaitut poikkeamat priorisoimalla kriittisimm\u00e4t riskit.<\/li><li><strong>Suorita s\u00e4\u00e4nn\u00f6llisi\u00e4 tarkastuksia<\/strong> GDPR-vaatimustenmukaisuus ei ole pysyv\u00e4 tila, vaan jatkuva prosessi.<\/li><li><strong>Lis\u00e4\u00e4 tietoisuutta ja ota tiimisi mukaan<\/strong> ty\u00f6ntekij\u00f6iden koulutus on avainasemassa inhimillisten virheiden v\u00e4ltt\u00e4misess\u00e4.<\/li><li><strong>Ennakoi s\u00e4\u00e4ntelymuutoksia<\/strong> GDPR kehittyy, ja yrityksesi on jatkuvasti sopeuduttava siihen.<\/li><\/ul><p>A <b>GDPR-vaatimustenmukaisuuden tarkastus<\/b> on olennainen askel henkil\u00f6tietojen suojan varmistamiseksi ja seuraamusten v\u00e4ltt\u00e4miseksi. Kiitos <strong>GDPR-alusta<\/strong> Viqtorin\u00ae kaltaisen asiantuntijan avulla voit yksinkertaistaa t\u00e4t\u00e4 prosessia ja varmistaa vaatimustenmukaisuutesi optimaalisen seurannan.<\/p><p>Tarvitsetko henkil\u00f6kohtaista tukea itsellesi <b>GDPR-tarkastus<\/b> Ota yhteytt\u00e4 <b>Viqtor\u00ae<\/b> nyt hy\u00f6ty\u00e4 r\u00e4\u00e4t\u00e4l\u00f6idyst\u00e4 ratkaisusta.<\/p>\t\t\t\t\t\t<\/div>\n\t\t\t\t<\/div>\n\t\t\t\t\t<\/div>\n\t\t<\/div>\n\t\t\t\t\t<\/div>\n\t\t<\/section>\n\t\t\t\t<section class=\"elementor-section elementor-top-section elementor-element elementor-element-77edb27 ot-traditional elementor-section-boxed elementor-section-height-default elementor-section-height-default\" data-id=\"77edb27\" data-element_type=\"section\">\n\t\t\t\t\t\t<div class=\"elementor-container elementor-column-gap-default\">\n\t\t\t\t\t<div class=\"elementor-column elementor-col-100 elementor-top-column elementor-element elementor-element-72942a8 ot-flex-column-vertical\" data-id=\"72942a8\" data-element_type=\"column\">\n\t\t\t<div class=\"elementor-widget-wrap elementor-element-populated\">\n\t\t\t\t\t\t<div class=\"elementor-element elementor-element-0fcf018 elementor-widget elementor-widget-text-editor\" data-id=\"0fcf018\" data-element_type=\"widget\" data-widget_type=\"text-editor.default\">\n\t\t\t\t<div class=\"elementor-widget-container\">\n\t\t\t\t\t\t\t<div><div><div><div><p style=\"text-align: center;\"><span style=\"color: #000000;\"><strong>Lataa t\u00e4ydellinen opas ilmaiseksi:<\/strong><\/span><\/p><\/div><\/div><\/div><\/div>\t\t\t\t\t\t<\/div>\n\t\t\t\t<\/div>\n\t\t\t\t\t<\/div>\n\t\t<\/div>\n\t\t\t\t\t<\/div>\n\t\t<\/section>\n\t\t\t\t<section class=\"elementor-section elementor-top-section elementor-element elementor-element-7f22e0c ot-traditional elementor-section-boxed elementor-section-height-default elementor-section-height-default\" data-id=\"7f22e0c\" data-element_type=\"section\">\n\t\t\t\t\t\t<div class=\"elementor-container elementor-column-gap-default\">\n\t\t\t\t\t<div class=\"elementor-column elementor-col-100 elementor-top-column elementor-element elementor-element-d89bd3c ot-flex-column-vertical\" data-id=\"d89bd3c\" data-element_type=\"column\">\n\t\t\t<div class=\"elementor-widget-wrap elementor-element-populated\">\n\t\t\t\t\t\t<div class=\"elementor-element elementor-element-6220207 elementor-widget elementor-widget-text-editor\" data-id=\"6220207\" data-element_type=\"widget\" data-widget_type=\"text-editor.default\">\n\t\t\t\t<div class=\"elementor-widget-container\">\n\t\t\t\t\t\t\t<p><p><form method=\"post\" action=\"https:\/\/viqtor.eu\/wp-admin\/admin-ajax.php?action=tnp&amp;na=s\" class=\"tnp-subscription\" style=\"\">\n<input type=\"hidden\" name=\"nlang\" value=\"\">\n <div class=\"tnp-field tnp-field-email\"><label for=\"tnp-1\">S\u00e4hk\u00f6posti<\/label>\n<input class=\"tnp-email\" type=\"email\" name=\"ne\" id=\"tnp-1\" value=\"\" placeholder=\"\" required><\/div>\n\u00a0<label> <input name=\"AGREE_TO_TERMS\" required=\"\" type=\"checkbox\" value=\"1\" \/> Hyv\u00e4ksyn henkil\u00f6tietojeni k\u00e4yt\u00f6n ainoastaan latauspyynt\u00f6ni k\u00e4sittelyyn. Kiell\u00e4mme n\u00e4iden tietojen kaiken muun k\u00e4yt\u00f6n.<\/label> <label> <input name=\"AGREE_TO_TERMS\" required=\"\" type=\"checkbox\" value=\"1\" \/>Hyv\u00e4ksyn, ett\u00e4 minulle saa s\u00e4\u00e4nn\u00f6llisesti tietoa Viqtorin palvelutarjouksista.<\/label>\u00a0 \u00a0 \u00a0 \u00a0 \u00a0 \u00a0 \u00a0 \u00a0 \u00a0 \u00a0 \u00a0 \u00a0 \u00a0 \u00a0 \u00a0 \u00a0 \u00a0 \u00a0 \u00a0 \u00a0 <div class=\"tnp-field tnp-field-button\" style=\"text-align: left\"><input class=\"tnp-submit\" type=\"submit\" value=\"Ota opas vastaan\" style=\"\">\n<\/div>\n<\/form><\/p><\/p>\t\t\t\t\t\t<\/div>\n\t\t\t\t<\/div>\n\t\t\t\t\t<\/div>\n\t\t<\/div>\n\t\t\t\t\t<\/div>\n\t\t<\/section>\n\t\t\t\t<\/div>","protected":false},"excerpt":{"rendered":"<p>\/\/ Viqtor\u00ae-alusta Viqtor\u00ae: t\u00e4ydellinen opas GDPR-vaatimustenmukaisuustarkastuksiin Yleinen tietosuoja-asetus (GDPR) on oikeudellinen kehys, joka edellytt\u00e4\u00e4 yrityksilt\u00e4 ja organisaatioilta Euroopan unionin kansalaisten henkil\u00f6tietojen suojan takaamista. GDPR-vaatimustenmukaisuustarkastuksen suorittaminen on olennainen vaihe [\u2026]<\/p>","protected":false},"author":1,"featured_media":0,"parent":0,"menu_order":0,"comment_status":"closed","ping_status":"closed","template":"","meta":{"_acf_changed":false,"footnotes":""},"class_list":["post-12636","page","type-page","status-publish","hentry"],"acf":[],"yoast_head":"<!-- This site is optimized with the Yoast SEO plugin v23.6 - https:\/\/yoast.com\/wordpress\/plugins\/seo\/ -->\n<title>Guide sur l\u2019audit de conformit\u00e9 RGPD - Viqtor<\/title>\n<meta name=\"description\" content=\"Guide complet sur l\u2019audit de conformit\u00e9 RGPD : \u00e9tapes cl\u00e9s, bonnes pratiques et conseils pour assurer la protection des donn\u00e9es et la conformit\u00e9 RGPD.\" \/>\n<meta name=\"robots\" content=\"index, follow, max-snippet:-1, max-image-preview:large, max-video-preview:-1\" \/>\n<link rel=\"canonical\" href=\"https:\/\/viqtor.eu\/fi\/guide-sur-laudit-de-conformite-rgpd\/\" \/>\n<meta property=\"og:locale\" content=\"fi_FI\" \/>\n<meta property=\"og:type\" content=\"article\" \/>\n<meta property=\"og:title\" content=\"Guide sur l\u2019audit de conformit\u00e9 RGPD - Viqtor\" \/>\n<meta property=\"og:description\" content=\"Guide complet sur l\u2019audit de conformit\u00e9 RGPD : \u00e9tapes cl\u00e9s, bonnes pratiques et conseils pour assurer la protection des donn\u00e9es et la conformit\u00e9 RGPD.\" \/>\n<meta property=\"og:url\" content=\"https:\/\/viqtor.eu\/fi\/guide-sur-laudit-de-conformite-rgpd\/\" \/>\n<meta property=\"og:site_name\" content=\"Viqtor\" \/>\n<meta property=\"article:modified_time\" content=\"2025-02-17T12:23:40+00:00\" \/>\n<meta property=\"og:image\" content=\"https:\/\/viqtor.eu\/wp-content\/uploads\/2024\/06\/Dashboard-copie.png\" \/>\n\t<meta property=\"og:image:width\" content=\"2880\" \/>\n\t<meta property=\"og:image:height\" content=\"1642\" \/>\n\t<meta property=\"og:image:type\" content=\"image\/png\" \/>\n<meta name=\"twitter:card\" content=\"summary_large_image\" \/>\n<meta name=\"twitter:label1\" content=\"Arvioitu lukuaika\" \/>\n\t<meta name=\"twitter:data1\" content=\"4 minuuttia\" \/>\n<script type=\"application\/ld+json\" class=\"yoast-schema-graph\">{\"@context\":\"https:\/\/schema.org\",\"@graph\":[{\"@type\":\"WebPage\",\"@id\":\"https:\/\/viqtor.eu\/guide-sur-laudit-de-conformite-rgpd\/\",\"url\":\"https:\/\/viqtor.eu\/guide-sur-laudit-de-conformite-rgpd\/\",\"name\":\"Guide sur l\u2019audit de conformit\u00e9 RGPD - Viqtor\",\"isPartOf\":{\"@id\":\"https:\/\/viqtor.eu\/#website\"},\"primaryImageOfPage\":{\"@id\":\"https:\/\/viqtor.eu\/guide-sur-laudit-de-conformite-rgpd\/#primaryimage\"},\"image\":{\"@id\":\"https:\/\/viqtor.eu\/guide-sur-laudit-de-conformite-rgpd\/#primaryimage\"},\"thumbnailUrl\":\"https:\/\/viqtor.eu\/wp-content\/uploads\/2024\/06\/Dashboard-copie-1024x584.png\",\"datePublished\":\"2025-02-11T12:29:59+00:00\",\"dateModified\":\"2025-02-17T12:23:40+00:00\",\"description\":\"Guide complet sur l\u2019audit de conformit\u00e9 RGPD : \u00e9tapes cl\u00e9s, bonnes pratiques et conseils pour assurer la protection des donn\u00e9es et la conformit\u00e9 RGPD.\",\"breadcrumb\":{\"@id\":\"https:\/\/viqtor.eu\/guide-sur-laudit-de-conformite-rgpd\/#breadcrumb\"},\"inLanguage\":\"fi\",\"potentialAction\":[{\"@type\":\"ReadAction\",\"target\":[\"https:\/\/viqtor.eu\/guide-sur-laudit-de-conformite-rgpd\/\"]}]},{\"@type\":\"ImageObject\",\"inLanguage\":\"fi\",\"@id\":\"https:\/\/viqtor.eu\/guide-sur-laudit-de-conformite-rgpd\/#primaryimage\",\"url\":\"https:\/\/viqtor.eu\/wp-content\/uploads\/2024\/06\/Dashboard-copie-1024x584.png\",\"contentUrl\":\"https:\/\/viqtor.eu\/wp-content\/uploads\/2024\/06\/Dashboard-copie-1024x584.png\"},{\"@type\":\"BreadcrumbList\",\"@id\":\"https:\/\/viqtor.eu\/guide-sur-laudit-de-conformite-rgpd\/#breadcrumb\",\"itemListElement\":[{\"@type\":\"ListItem\",\"position\":1,\"name\":\"Accueil\",\"item\":\"https:\/\/viqtor.eu\/\"},{\"@type\":\"ListItem\",\"position\":2,\"name\":\"Guide sur l\u2019audit de conformit\u00e9 RGPD\"}]},{\"@type\":\"WebSite\",\"@id\":\"https:\/\/viqtor.eu\/#website\",\"url\":\"https:\/\/viqtor.eu\/\",\"name\":\"Viqtor\",\"description\":\"Faites du RGPD une opportunit\u00e9 pour votre entreprise.\",\"publisher\":{\"@id\":\"https:\/\/viqtor.eu\/#organization\"},\"potentialAction\":[{\"@type\":\"SearchAction\",\"target\":{\"@type\":\"EntryPoint\",\"urlTemplate\":\"https:\/\/viqtor.eu\/?s={search_term_string}\"},\"query-input\":{\"@type\":\"PropertyValueSpecification\",\"valueRequired\":true,\"valueName\":\"search_term_string\"}}],\"inLanguage\":\"fi\"},{\"@type\":\"Organization\",\"@id\":\"https:\/\/viqtor.eu\/#organization\",\"name\":\"viqtor.eu\",\"url\":\"https:\/\/viqtor.eu\/\",\"logo\":{\"@type\":\"ImageObject\",\"inLanguage\":\"fi\",\"@id\":\"https:\/\/viqtor.eu\/#\/schema\/logo\/image\/\",\"url\":\"https:\/\/viqtor.eu\/wp-content\/uploads\/2023\/06\/favicon-noir.svg\",\"contentUrl\":\"https:\/\/viqtor.eu\/wp-content\/uploads\/2023\/06\/favicon-noir.svg\",\"width\":108,\"height\":86,\"caption\":\"viqtor.eu\"},\"image\":{\"@id\":\"https:\/\/viqtor.eu\/#\/schema\/logo\/image\/\"}}]}<\/script>\n<!-- \/ Yoast SEO plugin. -->","yoast_head_json":{"title":"Guide sur l\u2019audit de conformit\u00e9 RGPD - Viqtor","description":"Guide complet sur l\u2019audit de conformit\u00e9 RGPD : \u00e9tapes cl\u00e9s, bonnes pratiques et conseils pour assurer la protection des donn\u00e9es et la conformit\u00e9 RGPD.","robots":{"index":"index","follow":"follow","max-snippet":"max-snippet:-1","max-image-preview":"max-image-preview:large","max-video-preview":"max-video-preview:-1"},"canonical":"https:\/\/viqtor.eu\/fi\/guide-sur-laudit-de-conformite-rgpd\/","og_locale":"fi_FI","og_type":"article","og_title":"Guide sur l\u2019audit de conformit\u00e9 RGPD - Viqtor","og_description":"Guide complet sur l\u2019audit de conformit\u00e9 RGPD : \u00e9tapes cl\u00e9s, bonnes pratiques et conseils pour assurer la protection des donn\u00e9es et la conformit\u00e9 RGPD.","og_url":"https:\/\/viqtor.eu\/fi\/guide-sur-laudit-de-conformite-rgpd\/","og_site_name":"Viqtor","article_modified_time":"2025-02-17T12:23:40+00:00","og_image":[{"width":2880,"height":1642,"url":"https:\/\/viqtor.eu\/wp-content\/uploads\/2024\/06\/Dashboard-copie.png","type":"image\/png"}],"twitter_card":"summary_large_image","twitter_misc":{"Arvioitu lukuaika":"4 minuuttia"},"schema":{"@context":"https:\/\/schema.org","@graph":[{"@type":"WebPage","@id":"https:\/\/viqtor.eu\/guide-sur-laudit-de-conformite-rgpd\/","url":"https:\/\/viqtor.eu\/guide-sur-laudit-de-conformite-rgpd\/","name":"Guide sur l\u2019audit de conformit\u00e9 RGPD - Viqtor","isPartOf":{"@id":"https:\/\/viqtor.eu\/#website"},"primaryImageOfPage":{"@id":"https:\/\/viqtor.eu\/guide-sur-laudit-de-conformite-rgpd\/#primaryimage"},"image":{"@id":"https:\/\/viqtor.eu\/guide-sur-laudit-de-conformite-rgpd\/#primaryimage"},"thumbnailUrl":"https:\/\/viqtor.eu\/wp-content\/uploads\/2024\/06\/Dashboard-copie-1024x584.png","datePublished":"2025-02-11T12:29:59+00:00","dateModified":"2025-02-17T12:23:40+00:00","description":"Guide complet sur l\u2019audit de conformit\u00e9 RGPD : \u00e9tapes cl\u00e9s, bonnes pratiques et conseils pour assurer la protection des donn\u00e9es et la conformit\u00e9 RGPD.","breadcrumb":{"@id":"https:\/\/viqtor.eu\/guide-sur-laudit-de-conformite-rgpd\/#breadcrumb"},"inLanguage":"fi","potentialAction":[{"@type":"ReadAction","target":["https:\/\/viqtor.eu\/guide-sur-laudit-de-conformite-rgpd\/"]}]},{"@type":"ImageObject","inLanguage":"fi","@id":"https:\/\/viqtor.eu\/guide-sur-laudit-de-conformite-rgpd\/#primaryimage","url":"https:\/\/viqtor.eu\/wp-content\/uploads\/2024\/06\/Dashboard-copie-1024x584.png","contentUrl":"https:\/\/viqtor.eu\/wp-content\/uploads\/2024\/06\/Dashboard-copie-1024x584.png"},{"@type":"BreadcrumbList","@id":"https:\/\/viqtor.eu\/guide-sur-laudit-de-conformite-rgpd\/#breadcrumb","itemListElement":[{"@type":"ListItem","position":1,"name":"Accueil","item":"https:\/\/viqtor.eu\/"},{"@type":"ListItem","position":2,"name":"Guide sur l\u2019audit de conformit\u00e9 RGPD"}]},{"@type":"WebSite","@id":"https:\/\/viqtor.eu\/#website","url":"https:\/\/viqtor.eu\/","name":"Viqtor","description":"Faites du RGPD une opportunit\u00e9 pour votre entreprise.","publisher":{"@id":"https:\/\/viqtor.eu\/#organization"},"potentialAction":[{"@type":"SearchAction","target":{"@type":"EntryPoint","urlTemplate":"https:\/\/viqtor.eu\/?s={search_term_string}"},"query-input":{"@type":"PropertyValueSpecification","valueRequired":true,"valueName":"search_term_string"}}],"inLanguage":"fi"},{"@type":"Organization","@id":"https:\/\/viqtor.eu\/#organization","name":"viqtor.eu","url":"https:\/\/viqtor.eu\/","logo":{"@type":"ImageObject","inLanguage":"fi","@id":"https:\/\/viqtor.eu\/#\/schema\/logo\/image\/","url":"https:\/\/viqtor.eu\/wp-content\/uploads\/2023\/06\/favicon-noir.svg","contentUrl":"https:\/\/viqtor.eu\/wp-content\/uploads\/2023\/06\/favicon-noir.svg","width":108,"height":86,"caption":"viqtor.eu"},"image":{"@id":"https:\/\/viqtor.eu\/#\/schema\/logo\/image\/"}}]}},"_links":{"self":[{"href":"https:\/\/viqtor.eu\/fi\/wp-json\/wp\/v2\/pages\/12636","targetHints":{"allow":["GET"]}}],"collection":[{"href":"https:\/\/viqtor.eu\/fi\/wp-json\/wp\/v2\/pages"}],"about":[{"href":"https:\/\/viqtor.eu\/fi\/wp-json\/wp\/v2\/types\/page"}],"author":[{"embeddable":true,"href":"https:\/\/viqtor.eu\/fi\/wp-json\/wp\/v2\/users\/1"}],"replies":[{"embeddable":true,"href":"https:\/\/viqtor.eu\/fi\/wp-json\/wp\/v2\/comments?post=12636"}],"version-history":[{"count":30,"href":"https:\/\/viqtor.eu\/fi\/wp-json\/wp\/v2\/pages\/12636\/revisions"}],"predecessor-version":[{"id":12721,"href":"https:\/\/viqtor.eu\/fi\/wp-json\/wp\/v2\/pages\/12636\/revisions\/12721"}],"wp:attachment":[{"href":"https:\/\/viqtor.eu\/fi\/wp-json\/wp\/v2\/media?parent=12636"}],"curies":[{"name":"wp","href":"https:\/\/api.w.org\/{rel}","templated":true}]}}