{"id":8065,"date":"2023-06-02T11:44:17","date_gmt":"2023-06-02T11:44:17","guid":{"rendered":"https:\/\/viqtor.eu\/?page_id=8065"},"modified":"2024-09-18T14:42:18","modified_gmt":"2024-09-18T14:42:18","slug":"le-guide-viqtor-de-la-donnee-personnelle","status":"publish","type":"page","link":"https:\/\/viqtor.eu\/et\/le-guide-viqtor-de-la-donnee-personnelle\/","title":{"rendered":"Viqtori isikuandmete juhend"},"content":{"rendered":"<div data-elementor-type=\"wp-page\" data-elementor-id=\"8065\" class=\"elementor elementor-8065\" data-elementor-post-type=\"page\">\n\t\t\t\t\t\t<section class=\"elementor-section elementor-top-section elementor-element elementor-element-487d106 elementor-section-content-middle ot-traditional elementor-section-boxed elementor-section-height-default elementor-section-height-default\" data-id=\"487d106\" data-element_type=\"section\" data-settings=\"{&quot;background_background&quot;:&quot;classic&quot;}\">\n\t\t\t\t\t\t\t<div class=\"elementor-background-overlay\"><\/div>\n\t\t\t\t\t\t\t<div class=\"elementor-container elementor-column-gap-default\">\n\t\t\t\t\t<div class=\"elementor-column elementor-col-100 elementor-top-column elementor-element elementor-element-7cb43dc ot-column-items-center ot-flex-column-vertical\" data-id=\"7cb43dc\" data-element_type=\"column\">\n\t\t\t<div class=\"elementor-widget-wrap elementor-element-populated\">\n\t\t\t\t\t\t<div class=\"elementor-element elementor-element-f174978 elementor-widget__width-initial elementor-widget elementor-widget-iheading\" data-id=\"f174978\" data-element_type=\"widget\" data-widget_type=\"iheading.default\">\n\t\t\t\t<div class=\"elementor-widget-container\">\n\t\t\t\t\t<div class=\"ot-heading\">\r\n\t        \t            <span>\/\/ Viqtor\u00ae platvorm<\/span>\r\n\t        <h1 class=\"main-heading\">\n\nViqtor\u00ae isikuandmete juhend<\/h1>\t    <\/div>\r\n\t    \t\t<\/div>\n\t\t\t\t<\/div>\n\t\t\t\t\t<\/div>\n\t\t<\/div>\n\t\t\t\t\t<\/div>\n\t\t<\/section>\n\t\t\t\t<section class=\"elementor-section elementor-top-section elementor-element elementor-element-6bfd0a4 ot-traditional elementor-section-boxed elementor-section-height-default elementor-section-height-default\" data-id=\"6bfd0a4\" data-element_type=\"section\">\n\t\t\t\t\t\t<div class=\"elementor-container elementor-column-gap-default\">\n\t\t\t\t\t<div class=\"elementor-column elementor-col-100 elementor-top-column elementor-element elementor-element-9e9d643 ot-flex-column-vertical\" data-id=\"9e9d643\" data-element_type=\"column\">\n\t\t\t<div class=\"elementor-widget-wrap elementor-element-populated\">\n\t\t\t\t\t\t<div class=\"elementor-element elementor-element-4ca1c81 elementor-widget elementor-widget-text-editor\" data-id=\"4ca1c81\" data-element_type=\"widget\" data-widget_type=\"text-editor.default\">\n\t\t\t\t<div class=\"elementor-widget-container\">\n\t\t\t\t\t\t\t<p><span style=\"color: #3366ff;\"><strong><span style=\"text-decoration: underline;\">Eess\u00f5na:<\/span> <\/strong><\/span><\/p><p><span style=\"color: #000000;\">Isikuandmete kaitse riskijuhtimine: optimaalse vastavuse oluline juhend.<\/span><\/p><p><span style=\"color: #000000;\">Andmete turvalisuse tagamisel on riskijuhtimine h\u00e4davajalik. Prantsuse andmekaitseseaduse artikli 121 kohaselt on oluline kindlaks m\u00e4\u00e4rata ettevaatusabin\u00f5ud, mis p\u00f5hinevad andmete olemusel ja t\u00f6\u00f6tlemisega seotud riskidel. Isikuandmete kaitse \u00fcldm\u00e4\u00e4rus (GDPR) r\u00f5hutab asjakohaste tehniliste ja korralduslike meetmete rakendamise olulisust sobiva turvalisuse taseme tagamiseks.<\/span><\/p><p><span style=\"color: #000000;\">See n\u00f5ue kehtib mitte ainult isikuandmete vastutava t\u00f6\u00f6tleja, vaid ka kaasatud volitatud t\u00f6\u00f6tlejate kohta, nagu on s\u00e4testatud isikuandmete kaitse \u00fcldm\u00e4\u00e4ruse artiklis 32. Riskijuhtimise l\u00e4henemisviisi vastuv\u00f5tmine v\u00f5imaldab objektiivset otsuste langetamist ja selliste meetmete rakendamist, mis on rangelt vajalikud ja kohandatud konkreetsele kontekstile.<\/span><\/p><p><span style=\"color: #000000;\">Sellise l\u00e4henemisviisi rakendamine ja n\u00f5uete t\u00e4itmise tagamine v\u00f5ib aga m\u00f5nikord olla keeruline, eriti neile, kes nende meetoditega tuttavad ei ole.<\/span><\/p><p><span style=\"color: #000000;\">Seep\u00e4rast pakub meie juhend v\u00e4\u00e4rtuslikku tuge teie vastavusp\u00fc\u00fcdlustes. Me kirjeldame p\u00f5hilisi ettevaatusabin\u00f5usid, mida tuleks s\u00fcstemaatiliselt rakendada. See juhend, mis on suunatud eelk\u00f5ige andmekaitseametnikele, infos\u00fcsteemide turbejuhtidele ja IT-spetsialistidele, pakub kasulikku teavet \u00f5igusvaldkonna spetsialistidele.<\/span><\/p><p><span style=\"color: #000000;\">Juhend isikuandmete t\u00f6\u00f6tlemisega seotud riskide haldamiseks GDPR-i optimaalseks j\u00e4rgimiseks.<\/span><\/p><p><span style=\"color: #000000;\">Isikuandmete t\u00f6\u00f6tlemisega seotud riskide haldamisel on oluline v\u00f5tta ennetav l\u00e4henemisviis andmete turvalisuse tagamiseks ja isikuandmete kaitse \u00fcldm\u00e4\u00e4ruse (GDPR) n\u00f5uete j\u00e4rgimise tagamiseks. SEO spetsialistina olen allpool koostanud \u00fcksikasjaliku juhendi, mis keskendub sammudele, mida saate astuda GDPR-i n\u00f5uetele vastavuse optimeerimiseks, v\u00f5ttes arvesse Google&#039;is paremusj\u00e4rjestuse parimaid tavasid.<\/span><\/p><p><strong><span style=\"color: #000000;\">Loetlege isikuandmete t\u00f6\u00f6tlemine ja kasutatavad andmekandjad:<\/span><\/strong><\/p><p><span style=\"color: #000000;\">\u00dcks esimesi samme on k\u00f5igi isikuandmete t\u00f6\u00f6tlemise toimingute, olenemata sellest, kas need on automatiseeritud v\u00f5i mitte, tuvastamine. See h\u00f5lmab kliendifaile, lepinguid ja muid t\u00f6\u00f6deldavaid andmeid. Oluline on loetleda erinevad kasutatavad meediumid, n\u00e4iteks serverid, s\u00fclearvutid, k\u00f5vakettad, tarkvara (operatsioonis\u00fcsteemid, \u00e4ritarkvara), sidekanalid (kiudoptika, WiFi, internet, suuline suhtlus, kullerid), samuti paberkandjad ja f\u00fc\u00fcsilised ruumid (arvutiruumid, kontorid).<\/span><\/p>\t\t\t\t\t\t<\/div>\n\t\t\t\t<\/div>\n\t\t\t\t\t<\/div>\n\t\t<\/div>\n\t\t\t\t\t<\/div>\n\t\t<\/section>\n\t\t\t\t<section class=\"elementor-section elementor-top-section elementor-element elementor-element-35ba52a ot-traditional elementor-section-boxed elementor-section-height-default elementor-section-height-default\" data-id=\"35ba52a\" data-element_type=\"section\">\n\t\t\t\t\t\t<div class=\"elementor-container elementor-column-gap-default\">\n\t\t\t\t\t<div class=\"elementor-column elementor-col-100 elementor-top-column elementor-element elementor-element-0cf7b26 ot-flex-column-vertical\" data-id=\"0cf7b26\" data-element_type=\"column\">\n\t\t\t<div class=\"elementor-widget-wrap elementor-element-populated\">\n\t\t\t\t\t\t<div class=\"elementor-element elementor-element-3593ed7 elementor-widget elementor-widget-heading\" data-id=\"3593ed7\" data-element_type=\"widget\" data-widget_type=\"heading.default\">\n\t\t\t\t<div class=\"elementor-widget-container\">\n\t\t\t<h2 class=\"elementor-heading-title elementor-size-large\">Iga raviga seotud riskide hindamine:<\/h2>\t\t<\/div>\n\t\t\t\t<\/div>\n\t\t\t\t\t<\/div>\n\t\t<\/div>\n\t\t\t\t\t<\/div>\n\t\t<\/section>\n\t\t\t\t<section class=\"elementor-section elementor-top-section elementor-element elementor-element-3a23f17 ot-traditional elementor-section-boxed elementor-section-height-default elementor-section-height-default\" data-id=\"3a23f17\" data-element_type=\"section\">\n\t\t\t\t\t\t<div class=\"elementor-container elementor-column-gap-default\">\n\t\t\t\t\t<div class=\"elementor-column elementor-col-100 elementor-top-column elementor-element elementor-element-cf1b7c9 ot-flex-column-vertical\" data-id=\"cf1b7c9\" data-element_type=\"column\">\n\t\t\t<div class=\"elementor-widget-wrap elementor-element-populated\">\n\t\t\t\t\t\t<div class=\"elementor-element elementor-element-3c94449 elementor-widget elementor-widget-text-editor\" data-id=\"3c94449\" data-element_type=\"widget\" data-widget_type=\"text-editor.default\">\n\t\t\t\t<div class=\"elementor-widget-container\">\n\t\t\t\t\t\t\t<p><span style=\"color: #0000ff;\"><strong>a- Tehke kindlaks v\u00f5imalik m\u00f5ju asjaomaste isikute \u00f5igustele ja vabadustele, keskendudes kolmele kardetud stsenaariumile:<\/strong><\/span><\/p><p><span style=\"color: #000000;\"><strong>Ebaseaduslik juurdep\u00e4\u00e4s andmetele<\/strong>\u00a0N\u00e4iteks ettev\u00f5tte k\u00f5igi t\u00f6\u00f6tajate palgalehtede avalikustamine, mille tulemuseks on identiteedivargus.<\/span><\/p><p><span style=\"color: #000000;\"><strong>Andmete soovimatu muutmine<\/strong>\u00a0N\u00e4iteks juurdep\u00e4\u00e4sulogide muutmine, mis viib ekslikult isikuvastase v\u00e4\u00e4rk\u00e4itumise v\u00f5i kuriteo s\u00fc\u00fcdistuseni.<\/span><\/p><p><span style=\"color: #000000;\"><strong>Andmete kadumine<\/strong>\u00a0N\u00e4iteks patsiendi elektroonilisele toimikule juurdep\u00e4\u00e4su puudumine, mille tulemuseks on ravimite koostoime avastamata j\u00e4tmine.<\/span><\/p><p><span style=\"color: #000000;\"><strong>Riskijuhtimine aitab kindlaks m\u00e4\u00e4rata ettevaatusabin\u00f5ud andmete turvalisuse s\u00e4ilitamiseks<\/strong>vastavalt andmekaitseseaduse artiklile 121 ja isikuandmete kaitse \u00fcldm\u00e4\u00e4ruse artiklile 32. Oluline on m\u00f5ista nende riskide v\u00f5imalikke tagaj\u00e4rgi asjaomaste isikute \u00f5igustele ja vabadustele.<\/span><\/p><p><span style=\"color: #0000ff;\"><strong>b- Riskiallikate kindlakstegemine:<\/strong><\/span><\/p><p><span style=\"color: #000000;\">Iga kardetud stsenaariumi puhul tuleks kindlaks teha riskiallikad, olgu need siis inimlikud (sise- v\u00f5i v\u00e4lised) v\u00f5i mitte-inimlikud. See h\u00f5lmab selliseid tegureid nagu IT-administraatorid, kasutajad, v\u00e4lised r\u00fcndajad, konkurendid, aga ka selliseid elemente nagu vesi, epideemiad, ohtlikud materjalid ja sihtr\u00fchma mittekuuluvad arvutiviirused.<\/span><\/p>\t\t\t\t\t\t<\/div>\n\t\t\t\t<\/div>\n\t\t\t\t\t<\/div>\n\t\t<\/div>\n\t\t\t\t\t<\/div>\n\t\t<\/section>\n\t\t\t\t<section class=\"elementor-section elementor-top-section elementor-element elementor-element-77edb27 ot-traditional elementor-section-boxed elementor-section-height-default elementor-section-height-default\" data-id=\"77edb27\" data-element_type=\"section\">\n\t\t\t\t\t\t<div class=\"elementor-container elementor-column-gap-default\">\n\t\t\t\t\t<div class=\"elementor-column elementor-col-100 elementor-top-column elementor-element elementor-element-72942a8 ot-flex-column-vertical\" data-id=\"72942a8\" data-element_type=\"column\">\n\t\t\t<div class=\"elementor-widget-wrap elementor-element-populated\">\n\t\t\t\t\t\t<div class=\"elementor-element elementor-element-0fcf018 elementor-widget elementor-widget-text-editor\" data-id=\"0fcf018\" data-element_type=\"widget\" data-widget_type=\"text-editor.default\">\n\t\t\t\t<div class=\"elementor-widget-container\">\n\t\t\t\t\t\t\t<div><div><div><div><p style=\"text-align: center;\"><span style=\"color: #000000;\"><strong>Laadige t\u00e4ielik juhend tasuta alla:<\/strong><\/span><\/p><\/div><\/div><\/div><\/div>\t\t\t\t\t\t<\/div>\n\t\t\t\t<\/div>\n\t\t\t\t\t<\/div>\n\t\t<\/div>\n\t\t\t\t\t<\/div>\n\t\t<\/section>\n\t\t\t\t<section class=\"elementor-section elementor-top-section elementor-element elementor-element-7f22e0c ot-traditional elementor-section-boxed elementor-section-height-default elementor-section-height-default\" data-id=\"7f22e0c\" data-element_type=\"section\">\n\t\t\t\t\t\t<div class=\"elementor-container elementor-column-gap-default\">\n\t\t\t\t\t<div class=\"elementor-column elementor-col-100 elementor-top-column elementor-element elementor-element-d89bd3c ot-flex-column-vertical\" data-id=\"d89bd3c\" data-element_type=\"column\">\n\t\t\t<div class=\"elementor-widget-wrap elementor-element-populated\">\n\t\t\t\t\t\t<div class=\"elementor-element elementor-element-6220207 elementor-widget elementor-widget-text-editor\" data-id=\"6220207\" data-element_type=\"widget\" data-widget_type=\"text-editor.default\">\n\t\t\t\t<div class=\"elementor-widget-container\">\n\t\t\t\t\t\t\t<p><form method=\"post\" action=\"https:\/\/viqtor.eu\/wp-admin\/admin-ajax.php?action=tnp&amp;na=s\" class=\"tnp-subscription\" style=\"\">\n<input type=\"hidden\" name=\"nlang\" value=\"\">\n <div class=\"tnp-field tnp-field-email\"><label for=\"tnp-1\">E-post<\/label>\n<input class=\"tnp-email\" type=\"email\" name=\"ne\" id=\"tnp-1\" value=\"\" placeholder=\"\" required><\/div>\n\u00a0<label> <input name=\"AGREE_TO_TERMS\" required=\"\" type=\"checkbox\" value=\"1\" \/> N\u00f5ustun oma isikuandmete kasutamisega ainult allalaadimistaotluse t\u00f6\u00f6tlemiseks. Keelame nende andmete mis tahes muul eesm\u00e4rgil kasutamise.<\/label> <label> <input name=\"AGREE_TO_TERMS\" required=\"\" type=\"checkbox\" value=\"1\" \/>N\u00f5ustun saama perioodilist teavet Viqtori teenusepakkumiste kohta.<\/label>\u00a0 \u00a0 \u00a0 \u00a0 \u00a0 \u00a0 \u00a0 \u00a0 \u00a0 \u00a0 \u00a0 \u00a0 \u00a0 \u00a0 \u00a0 \u00a0 \u00a0 \u00a0 \u00a0 \u00a0 <div class=\"tnp-field tnp-field-button\" style=\"text-align: left\"><input class=\"tnp-submit\" type=\"submit\" value=\"Saate juhendi\" style=\"\">\n<\/div>\n<\/form><\/p>\t\t\t\t\t\t<\/div>\n\t\t\t\t<\/div>\n\t\t\t\t\t<\/div>\n\t\t<\/div>\n\t\t\t\t\t<\/div>\n\t\t<\/section>\n\t\t\t\t<\/div>","protected":false},"excerpt":{"rendered":"<p>\/\/ La plateforme Viqtor\u00ae Le guide Viqtor\u00ae de la donn\u00e9e personnelle Avant propos\u00a0: La gestion des risques dans la protection des donn\u00e9es personnelles : Un guide essentiel pour une conformit\u00e9 optimale. Lorsqu&rsquo;il s&rsquo;agit de pr\u00e9server la s\u00e9curit\u00e9 des donn\u00e9es, la gestion des risques est essentielle. Conform\u00e9ment \u00e0 l&rsquo;article 121 de la loi Informatique et Libert\u00e9s, [&hellip;]<\/p>","protected":false},"author":1,"featured_media":0,"parent":0,"menu_order":0,"comment_status":"closed","ping_status":"closed","template":"","meta":{"_acf_changed":false,"footnotes":""},"class_list":["post-8065","page","type-page","status-publish","hentry"],"acf":[],"yoast_head":"<!-- This site is optimized with the Yoast SEO plugin v23.6 - https:\/\/yoast.com\/wordpress\/plugins\/seo\/ -->\n<title>Le guide Viqtor de la donn\u00e9e personnelle<\/title>\n<meta name=\"description\" content=\"La gestion des risques dans la protection des donn\u00e9es personnelles : Un guide essentiel pour une conformit\u00e9 optimale.\" \/>\n<meta name=\"robots\" content=\"index, follow, max-snippet:-1, max-image-preview:large, max-video-preview:-1\" \/>\n<link rel=\"canonical\" href=\"https:\/\/viqtor.eu\/et\/le-guide-viqtor-de-la-donnee-personnelle\/\" \/>\n<meta property=\"og:locale\" content=\"et_EE\" \/>\n<meta property=\"og:type\" content=\"article\" \/>\n<meta property=\"og:title\" content=\"Le guide Viqtor de la donn\u00e9e personnelle\" \/>\n<meta property=\"og:description\" content=\"La gestion des risques dans la protection des donn\u00e9es personnelles : Un guide essentiel pour une conformit\u00e9 optimale.\" \/>\n<meta property=\"og:url\" content=\"https:\/\/viqtor.eu\/et\/le-guide-viqtor-de-la-donnee-personnelle\/\" \/>\n<meta property=\"og:site_name\" content=\"Viqtor\" \/>\n<meta property=\"article:modified_time\" content=\"2024-09-18T14:42:18+00:00\" \/>\n<meta name=\"twitter:card\" content=\"summary_large_image\" \/>\n<meta name=\"twitter:label1\" content=\"Est. reading time\" \/>\n\t<meta name=\"twitter:data1\" content=\"4 minutit\" \/>\n<script type=\"application\/ld+json\" class=\"yoast-schema-graph\">{\"@context\":\"https:\/\/schema.org\",\"@graph\":[{\"@type\":\"WebPage\",\"@id\":\"https:\/\/viqtor.eu\/le-guide-viqtor-de-la-donnee-personnelle\/\",\"url\":\"https:\/\/viqtor.eu\/le-guide-viqtor-de-la-donnee-personnelle\/\",\"name\":\"Le guide Viqtor de la donn\u00e9e personnelle\",\"isPartOf\":{\"@id\":\"https:\/\/viqtor.eu\/#website\"},\"datePublished\":\"2023-06-02T11:44:17+00:00\",\"dateModified\":\"2024-09-18T14:42:18+00:00\",\"description\":\"La gestion des risques dans la protection des donn\u00e9es personnelles : Un guide essentiel pour une conformit\u00e9 optimale.\",\"breadcrumb\":{\"@id\":\"https:\/\/viqtor.eu\/le-guide-viqtor-de-la-donnee-personnelle\/#breadcrumb\"},\"inLanguage\":\"et\",\"potentialAction\":[{\"@type\":\"ReadAction\",\"target\":[\"https:\/\/viqtor.eu\/le-guide-viqtor-de-la-donnee-personnelle\/\"]}]},{\"@type\":\"BreadcrumbList\",\"@id\":\"https:\/\/viqtor.eu\/le-guide-viqtor-de-la-donnee-personnelle\/#breadcrumb\",\"itemListElement\":[{\"@type\":\"ListItem\",\"position\":1,\"name\":\"Accueil\",\"item\":\"https:\/\/viqtor.eu\/\"},{\"@type\":\"ListItem\",\"position\":2,\"name\":\"Le guide Viqtor de la donn\u00e9e personnelle\"}]},{\"@type\":\"WebSite\",\"@id\":\"https:\/\/viqtor.eu\/#website\",\"url\":\"https:\/\/viqtor.eu\/\",\"name\":\"Viqtor\",\"description\":\"Faites du RGPD une opportunit\u00e9 pour votre entreprise.\",\"publisher\":{\"@id\":\"https:\/\/viqtor.eu\/#organization\"},\"potentialAction\":[{\"@type\":\"SearchAction\",\"target\":{\"@type\":\"EntryPoint\",\"urlTemplate\":\"https:\/\/viqtor.eu\/?s={search_term_string}\"},\"query-input\":{\"@type\":\"PropertyValueSpecification\",\"valueRequired\":true,\"valueName\":\"search_term_string\"}}],\"inLanguage\":\"et\"},{\"@type\":\"Organization\",\"@id\":\"https:\/\/viqtor.eu\/#organization\",\"name\":\"viqtor.eu\",\"url\":\"https:\/\/viqtor.eu\/\",\"logo\":{\"@type\":\"ImageObject\",\"inLanguage\":\"et\",\"@id\":\"https:\/\/viqtor.eu\/#\/schema\/logo\/image\/\",\"url\":\"https:\/\/viqtor.eu\/wp-content\/uploads\/2023\/06\/favicon-noir.svg\",\"contentUrl\":\"https:\/\/viqtor.eu\/wp-content\/uploads\/2023\/06\/favicon-noir.svg\",\"width\":108,\"height\":86,\"caption\":\"viqtor.eu\"},\"image\":{\"@id\":\"https:\/\/viqtor.eu\/#\/schema\/logo\/image\/\"}}]}<\/script>\n<!-- \/ Yoast SEO plugin. -->","yoast_head_json":{"title":"Le guide Viqtor de la donn\u00e9e personnelle","description":"La gestion des risques dans la protection des donn\u00e9es personnelles : Un guide essentiel pour une conformit\u00e9 optimale.","robots":{"index":"index","follow":"follow","max-snippet":"max-snippet:-1","max-image-preview":"max-image-preview:large","max-video-preview":"max-video-preview:-1"},"canonical":"https:\/\/viqtor.eu\/et\/le-guide-viqtor-de-la-donnee-personnelle\/","og_locale":"et_EE","og_type":"article","og_title":"Le guide Viqtor de la donn\u00e9e personnelle","og_description":"La gestion des risques dans la protection des donn\u00e9es personnelles : Un guide essentiel pour une conformit\u00e9 optimale.","og_url":"https:\/\/viqtor.eu\/et\/le-guide-viqtor-de-la-donnee-personnelle\/","og_site_name":"Viqtor","article_modified_time":"2024-09-18T14:42:18+00:00","twitter_card":"summary_large_image","twitter_misc":{"Est. reading time":"4 minutit"},"schema":{"@context":"https:\/\/schema.org","@graph":[{"@type":"WebPage","@id":"https:\/\/viqtor.eu\/le-guide-viqtor-de-la-donnee-personnelle\/","url":"https:\/\/viqtor.eu\/le-guide-viqtor-de-la-donnee-personnelle\/","name":"Le guide Viqtor de la donn\u00e9e personnelle","isPartOf":{"@id":"https:\/\/viqtor.eu\/#website"},"datePublished":"2023-06-02T11:44:17+00:00","dateModified":"2024-09-18T14:42:18+00:00","description":"La gestion des risques dans la protection des donn\u00e9es personnelles : Un guide essentiel pour une conformit\u00e9 optimale.","breadcrumb":{"@id":"https:\/\/viqtor.eu\/le-guide-viqtor-de-la-donnee-personnelle\/#breadcrumb"},"inLanguage":"et","potentialAction":[{"@type":"ReadAction","target":["https:\/\/viqtor.eu\/le-guide-viqtor-de-la-donnee-personnelle\/"]}]},{"@type":"BreadcrumbList","@id":"https:\/\/viqtor.eu\/le-guide-viqtor-de-la-donnee-personnelle\/#breadcrumb","itemListElement":[{"@type":"ListItem","position":1,"name":"Accueil","item":"https:\/\/viqtor.eu\/"},{"@type":"ListItem","position":2,"name":"Le guide Viqtor de la donn\u00e9e personnelle"}]},{"@type":"WebSite","@id":"https:\/\/viqtor.eu\/#website","url":"https:\/\/viqtor.eu\/","name":"Viqtor","description":"Faites du RGPD une opportunit\u00e9 pour votre entreprise.","publisher":{"@id":"https:\/\/viqtor.eu\/#organization"},"potentialAction":[{"@type":"SearchAction","target":{"@type":"EntryPoint","urlTemplate":"https:\/\/viqtor.eu\/?s={search_term_string}"},"query-input":{"@type":"PropertyValueSpecification","valueRequired":true,"valueName":"search_term_string"}}],"inLanguage":"et"},{"@type":"Organization","@id":"https:\/\/viqtor.eu\/#organization","name":"viqtor.eu","url":"https:\/\/viqtor.eu\/","logo":{"@type":"ImageObject","inLanguage":"et","@id":"https:\/\/viqtor.eu\/#\/schema\/logo\/image\/","url":"https:\/\/viqtor.eu\/wp-content\/uploads\/2023\/06\/favicon-noir.svg","contentUrl":"https:\/\/viqtor.eu\/wp-content\/uploads\/2023\/06\/favicon-noir.svg","width":108,"height":86,"caption":"viqtor.eu"},"image":{"@id":"https:\/\/viqtor.eu\/#\/schema\/logo\/image\/"}}]}},"_links":{"self":[{"href":"https:\/\/viqtor.eu\/et\/wp-json\/wp\/v2\/pages\/8065","targetHints":{"allow":["GET"]}}],"collection":[{"href":"https:\/\/viqtor.eu\/et\/wp-json\/wp\/v2\/pages"}],"about":[{"href":"https:\/\/viqtor.eu\/et\/wp-json\/wp\/v2\/types\/page"}],"author":[{"embeddable":true,"href":"https:\/\/viqtor.eu\/et\/wp-json\/wp\/v2\/users\/1"}],"replies":[{"embeddable":true,"href":"https:\/\/viqtor.eu\/et\/wp-json\/wp\/v2\/comments?post=8065"}],"version-history":[{"count":104,"href":"https:\/\/viqtor.eu\/et\/wp-json\/wp\/v2\/pages\/8065\/revisions"}],"predecessor-version":[{"id":12452,"href":"https:\/\/viqtor.eu\/et\/wp-json\/wp\/v2\/pages\/8065\/revisions\/12452"}],"wp:attachment":[{"href":"https:\/\/viqtor.eu\/et\/wp-json\/wp\/v2\/media?parent=8065"}],"curies":[{"name":"wp","href":"https:\/\/api.w.org\/{rel}","templated":true}]}}