{"id":12650,"date":"2025-02-11T10:29:29","date_gmt":"2025-02-11T10:29:29","guid":{"rendered":"https:\/\/viqtor.eu\/?page_id=12650"},"modified":"2025-03-04T18:08:12","modified_gmt":"2025-03-04T18:08:12","slug":"le-guide-viqtor-sur-la-violation-de-donnees","status":"publish","type":"page","link":"https:\/\/viqtor.eu\/et\/le-guide-viqtor-sur-la-violation-de-donnees\/","title":{"rendered":"Viqtori andmelekke juhend"},"content":{"rendered":"<div data-elementor-type=\"wp-page\" data-elementor-id=\"12650\" class=\"elementor elementor-12650\" data-elementor-post-type=\"page\">\n\t\t\t\t\t\t<section class=\"elementor-section elementor-top-section elementor-element elementor-element-487d106 elementor-section-content-middle ot-traditional elementor-section-boxed elementor-section-height-default elementor-section-height-default\" data-id=\"487d106\" data-element_type=\"section\" data-settings=\"{&quot;background_background&quot;:&quot;classic&quot;}\">\n\t\t\t\t\t\t\t<div class=\"elementor-background-overlay\"><\/div>\n\t\t\t\t\t\t\t<div class=\"elementor-container elementor-column-gap-default\">\n\t\t\t\t\t<div class=\"elementor-column elementor-col-100 elementor-top-column elementor-element elementor-element-7cb43dc ot-column-items-center ot-flex-column-vertical\" data-id=\"7cb43dc\" data-element_type=\"column\">\n\t\t\t<div class=\"elementor-widget-wrap elementor-element-populated\">\n\t\t\t\t\t\t<div class=\"elementor-element elementor-element-f174978 elementor-widget__width-initial elementor-widget elementor-widget-iheading\" data-id=\"f174978\" data-element_type=\"widget\" data-widget_type=\"iheading.default\">\n\t\t\t\t<div class=\"elementor-widget-container\">\n\t\t\t\t\t<div class=\"ot-heading\">\r\n\t        \t            <span>\/\/ Viqtor\u00ae platvorm<\/span>\r\n\t        <h1 class=\"main-heading\">\n\nViqtor\u00ae: Andmelekke juhend ja mida teha\n<\/h1>\t    <\/div>\r\n\t    \t\t<\/div>\n\t\t\t\t<\/div>\n\t\t\t\t\t<\/div>\n\t\t<\/div>\n\t\t\t\t\t<\/div>\n\t\t<\/section>\n\t\t\t\t<section class=\"elementor-section elementor-top-section elementor-element elementor-element-6bfd0a4 ot-traditional elementor-section-boxed elementor-section-height-default elementor-section-height-default\" data-id=\"6bfd0a4\" data-element_type=\"section\">\n\t\t\t\t\t\t<div class=\"elementor-container elementor-column-gap-default\">\n\t\t\t\t\t<div class=\"elementor-column elementor-col-100 elementor-top-column elementor-element elementor-element-9e9d643 ot-flex-column-vertical\" data-id=\"9e9d643\" data-element_type=\"column\">\n\t\t\t<div class=\"elementor-widget-wrap elementor-element-populated\">\n\t\t\t\t\t\t<div class=\"elementor-element elementor-element-4ca1c81 elementor-widget elementor-widget-text-editor\" data-id=\"4ca1c81\" data-element_type=\"widget\" data-widget_type=\"text-editor.default\">\n\t\t\t\t<div class=\"elementor-widget-container\">\n\t\t\t\t\t\t\t<p>Isikuandmete kaitsmine on oluline teie klientide ja partnerite tundliku teabe turvalisuse tagamiseks. Digitaalses keskkonnas, kus k\u00fcberr\u00fcnnakud on \u00fcha tavalisemad, on andmete rikkumise korral astutavate sammude m\u00f5istmine \u00fclioluline teie ettev\u00f5tte ja kasutajate kaitsmiseks ning isikuandmete kaitse \u00fcldm\u00e4\u00e4ruse (GDPR) kehtestatud juriidiliste n\u00f5uete t\u00e4itmiseks. <strong>Viqtor\u00ae<\/strong> toetab teid andmelekke haldamisel, pakkudes platvormi, mis vastab n\u00f5uetele <strong>GDPR<\/strong> ja juhendab teid igal sammul, alates rikkumise tuvastamisest kuni edasise ennetamiseni.<\/p><h2>1. Mida teha andmetega seotud rikkumise korral?<\/h2><p>Andmelekke korral on riskide minimeerimiseks \u00fclioluline tegutseda kiiresti ja organiseeritult. Siin on viivitamatud meetmed:<\/p><p><strong>Tuvastage rikkumise laad ja ulatus<\/strong><\/p><ul><li><strong>Hinnake juhtumit<\/strong> : Tuvastage ohustatud andmed, n\u00e4iteks isikuandmed, paroolid v\u00f5i tundlikud andmed.<\/li><li><strong>M\u00e4\u00e4rake suurusj\u00e4rk<\/strong> hinnake m\u00f5jutatud inimeste arvu ja privaatsusrikkumise raskusastet.<\/li><\/ul><p><strong>Kahju piiramine ja selle leviku piiramine<\/strong><\/p><ul><li><strong>Isoleerige allikas<\/strong> V\u00f5imaluse korral \u00fchendage ohustatud s\u00fcsteemid lahti, et v\u00e4ltida edasist levikut.<\/li><li><strong>Turvalised andmed<\/strong> V\u00f5tke meetmeid, et piirata volitamata juurdep\u00e4\u00e4su m\u00f5jutatud andmetele.<\/li><\/ul><p><strong>Sisemiste sidusr\u00fchmade teavitamine<\/strong><\/p><ol><li><strong>Teavitage oma meeskonda<\/strong> IT-turvalisuse, riskijuhtimise ja vastavuse juhte tuleb kiiresti teavitada.<\/li><li><strong>Koolita oma t\u00f6\u00f6tajaid<\/strong> : teavitage oma meeskonda olukorrast ja parimatest tavadest, mida olukorra hullemaks tegemise v\u00e4ltimiseks rakendada.<\/li><\/ol><h2>2. Andmetega seotud rikkumise korral j\u00e4rgitavad \u00f5iguslikud sammud<\/h2><p>Isikuandmete kaitse \u00fcldm\u00e4\u00e4rus (GDPR) kehtestab isikuandmete rikkumise korral ranged kohustused. Siin on peamised \u00f5iguslikud sammud, mida tuleb j\u00e4rgida:<\/p><p><strong>Teavitage rikkumisest andmekaitseasutust<\/strong><\/p><ul><li><strong>Teavitamisperiood<\/strong> GDPR-i kohaselt peate p\u00e4devale asutusele (n\u00e4iteks CNIL-ile) rikkumisest teadasaamisest 72 tunni jooksul teatama.<\/li><li><strong>Teate sisu<\/strong> esitage teave rikkumise olemuse, m\u00f5jutatud andmekategooriate, v\u00f5imalike tagaj\u00e4rgede ja selle parandamiseks v\u00f5etud meetmete kohta.<\/li><\/ul><p><strong>Teavitage asjaosalisi<\/strong><\/p><ul><li><strong>\u00dcksikisikute teavitamine<\/strong> Kui rikkumine kujutab endast suurt ohtu \u00fcksikisikute \u00f5igustele ja vabadustele, peate neid sellest viivitamata teavitama.<\/li><li><strong>Teabe sisu<\/strong> Selgitage rikkumise olemust, selle ohjeldamiseks v\u00f5etud meetmeid ja meetmeid, mida m\u00f5jutatud isikud saavad enda kaitsmiseks v\u00f5tta.<\/li><\/ul><p><strong>Anal\u00fc\u00fcsige p\u00f5hjuseid ja v\u00f5tke parandusmeetmeid.<\/strong><\/p><ul><li><strong>Sisejuurdlus<\/strong> : Rikkumise p\u00f5hjuse kindlakstegemine, et see enam ei korduks.<\/li><li><strong>Parandusmeetmed<\/strong> : rakendada tulevikus meetmeid turvalisuse ja n\u00f5uetele vastavuse tugevdamiseks.<\/li><\/ul>\t\t\t\t\t\t<\/div>\n\t\t\t\t<\/div>\n\t\t\t\t\t<\/div>\n\t\t<\/div>\n\t\t\t\t\t<\/div>\n\t\t<\/section>\n\t\t\t\t<section class=\"elementor-section elementor-top-section elementor-element elementor-element-e58c8b9 ot-traditional elementor-section-boxed elementor-section-height-default elementor-section-height-default\" data-id=\"e58c8b9\" data-element_type=\"section\">\n\t\t\t\t\t\t<div class=\"elementor-container elementor-column-gap-default\">\n\t\t\t\t\t<div class=\"elementor-column elementor-col-50 elementor-top-column elementor-element elementor-element-2ec2fea ot-flex-column-vertical\" data-id=\"2ec2fea\" data-element_type=\"column\">\n\t\t\t<div class=\"elementor-widget-wrap elementor-element-populated\">\n\t\t\t\t\t\t<div class=\"elementor-element elementor-element-b96b62f elementor-widget elementor-widget-image\" data-id=\"b96b62f\" data-element_type=\"widget\" data-widget_type=\"image.default\">\n\t\t\t\t<div class=\"elementor-widget-container\">\n\t\t\t\t\t\t\t\t\t\t\t\t\t<img fetchpriority=\"high\" decoding=\"async\" width=\"1024\" height=\"477\" src=\"https:\/\/viqtor.eu\/wp-content\/uploads\/2023\/08\/Declarer-une-violation-1024x477.webp\" class=\"attachment-large size-large wp-image-9052\" alt=\"violation de donn\u00e9es Viqtor\" srcset=\"https:\/\/viqtor.eu\/wp-content\/uploads\/2023\/08\/Declarer-une-violation-1024x477.webp 1024w, https:\/\/viqtor.eu\/wp-content\/uploads\/2023\/08\/Declarer-une-violation-300x140.webp 300w, https:\/\/viqtor.eu\/wp-content\/uploads\/2023\/08\/Declarer-une-violation-768x358.webp 768w, https:\/\/viqtor.eu\/wp-content\/uploads\/2023\/08\/Declarer-une-violation-720x335.webp 720w, https:\/\/viqtor.eu\/wp-content\/uploads\/2023\/08\/Declarer-une-violation.webp 1536w\" sizes=\"(max-width: 1024px) 100vw, 1024px\" \/>\t\t\t\t\t\t\t\t\t\t\t\t\t<\/div>\n\t\t\t\t<\/div>\n\t\t\t\t\t<\/div>\n\t\t<\/div>\n\t\t\t\t<div class=\"elementor-column elementor-col-50 elementor-top-column elementor-element elementor-element-5e6ca7a ot-flex-column-vertical\" data-id=\"5e6ca7a\" data-element_type=\"column\">\n\t\t\t<div class=\"elementor-widget-wrap elementor-element-populated\">\n\t\t\t\t\t\t<div class=\"elementor-element elementor-element-fc70a7e elementor-widget elementor-widget-image\" data-id=\"fc70a7e\" data-element_type=\"widget\" data-widget_type=\"image.default\">\n\t\t\t\t<div class=\"elementor-widget-container\">\n\t\t\t\t\t\t\t\t\t\t\t\t\t<img decoding=\"async\" width=\"1024\" height=\"476\" src=\"https:\/\/viqtor.eu\/wp-content\/uploads\/2023\/05\/Declarer-une-violation-1024x476.png\" class=\"attachment-large size-large wp-image-7708\" alt=\"D\u00e9clarer une violation RGPD\" srcset=\"https:\/\/viqtor.eu\/wp-content\/uploads\/2023\/05\/Declarer-une-violation-1024x476.png 1024w, https:\/\/viqtor.eu\/wp-content\/uploads\/2023\/05\/Declarer-une-violation-300x140.png 300w, https:\/\/viqtor.eu\/wp-content\/uploads\/2023\/05\/Declarer-une-violation-768x357.png 768w, https:\/\/viqtor.eu\/wp-content\/uploads\/2023\/05\/Declarer-une-violation-1536x715.png 1536w, https:\/\/viqtor.eu\/wp-content\/uploads\/2023\/05\/Declarer-une-violation-720x335.png 720w, https:\/\/viqtor.eu\/wp-content\/uploads\/2023\/05\/Declarer-une-violation.png 1582w\" sizes=\"(max-width: 1024px) 100vw, 1024px\" \/>\t\t\t\t\t\t\t\t\t\t\t\t\t<\/div>\n\t\t\t\t<\/div>\n\t\t\t\t\t<\/div>\n\t\t<\/div>\n\t\t\t\t\t<\/div>\n\t\t<\/section>\n\t\t\t\t<section class=\"elementor-section elementor-top-section elementor-element elementor-element-35ba52a ot-traditional elementor-section-boxed elementor-section-height-default elementor-section-height-default\" data-id=\"35ba52a\" data-element_type=\"section\">\n\t\t\t\t\t\t<div class=\"elementor-container elementor-column-gap-default\">\n\t\t\t\t\t<div class=\"elementor-column elementor-col-100 elementor-top-column elementor-element elementor-element-0cf7b26 ot-flex-column-vertical\" data-id=\"0cf7b26\" data-element_type=\"column\">\n\t\t\t<div class=\"elementor-widget-wrap elementor-element-populated\">\n\t\t\t\t\t\t<div class=\"elementor-element elementor-element-3593ed7 elementor-widget elementor-widget-heading\" data-id=\"3593ed7\" data-element_type=\"widget\" data-widget_type=\"heading.default\">\n\t\t\t\t<div class=\"elementor-widget-container\">\n\t\t\t<h2 class=\"elementor-heading-title elementor-size-large\">3. Kriisikommunikatsioon: kuidas olukorda hallata?<\/h2>\t\t<\/div>\n\t\t\t\t<\/div>\n\t\t\t\t\t<\/div>\n\t\t<\/div>\n\t\t\t\t\t<\/div>\n\t\t<\/section>\n\t\t\t\t<section class=\"elementor-section elementor-top-section elementor-element elementor-element-3a23f17 ot-traditional elementor-section-boxed elementor-section-height-default elementor-section-height-default\" data-id=\"3a23f17\" data-element_type=\"section\">\n\t\t\t\t\t\t<div class=\"elementor-container elementor-column-gap-default\">\n\t\t\t\t\t<div class=\"elementor-column elementor-col-100 elementor-top-column elementor-element elementor-element-cf1b7c9 ot-flex-column-vertical\" data-id=\"cf1b7c9\" data-element_type=\"column\">\n\t\t\t<div class=\"elementor-widget-wrap elementor-element-populated\">\n\t\t\t\t\t\t<div class=\"elementor-element elementor-element-3c94449 elementor-widget elementor-widget-text-editor\" data-id=\"3c94449\" data-element_type=\"widget\" data-widget_type=\"text-editor.default\">\n\t\t\t\t<div class=\"elementor-widget-container\">\n\t\t\t\t\t\t\t<p>Kommunikatsioonihaldus on ettev\u00f5tte maine kaitsmiseks ja klientide usalduse s\u00e4ilitamiseks h\u00e4davajalik. Andmetega seotud kriisi korral toimimiseks toimige j\u00e4rgmiselt.<\/p><p><strong>Koostage selge ja l\u00e4bipaistev s\u00f5num<\/strong><\/p><ul><li><strong>Sisekommunikatsioon<\/strong> : veenduge, et k\u00f5igil ettev\u00f5tte sidusr\u00fchmadel oleks olukorrast \u00fchine n\u00e4gemus.<\/li><li><strong>V\u00e4line suhtlus<\/strong> kohandage s\u00f5numit vastavalt sihtr\u00fchmale (kliendid, partnerid, ajakirjandus), olles l\u00e4bipaistev ja pakkudes kriisi lahendamiseks kasulikku teavet.<\/li><\/ul><p><strong>Tagage pidev j\u00e4lgimine<\/strong><\/p><ul><li><strong>Sidusr\u00fchmade teavitamine<\/strong> Kui olukord muutub, teavitage sidusr\u00fchmi regulaarselt.<\/li><li><strong>V\u00f5tke tagasisidet arvesse<\/strong> Usalduse loomiseks vasta klientide k\u00fcsimustele ja muredele.<\/li><\/ul><h3>4. Tuleviku ennetamine: kuidas v\u00e4ltida andmetega seotud rikkumisi?<\/h3><p>Kui kriis on lahendatud, on oluline astuda samme edaspidiste rikkumiste v\u00e4ltimiseks. Siin on m\u00f5ned parimad tavad:<\/p><p><strong>Andmete turvalisuse tugevdamine<\/strong><\/p><ul><li><strong>S\u00fcsteemide v\u00e4rskendus<\/strong> Veenduge, et kogu tarkvara ja s\u00fcsteeme v\u00e4rskendataks regulaarselt haavatavuste k\u00f5rvaldamiseks.<\/li><li><strong>Andmete kr\u00fcptimine<\/strong> : Kr\u00fcpteerige tundlikku teavet, et kaitsta seda volitamata juurdep\u00e4\u00e4su eest.<\/li><\/ul><p><strong>Koolita t\u00f6\u00f6tajaid<\/strong><\/p><ul><li><strong>Turvateadlikkus<\/strong> Korraldage oma t\u00f6\u00f6tajatele koolitusi andmeturbe parimate tavade ja rikkumistega seotud riskide kohta.<\/li><li><strong>Regulaarsed testid<\/strong> Tehke regulaarselt turvateste, et tuvastada oma s\u00fcsteemide n\u00f5rkusi.<\/li><\/ul><p><strong>Rakenda rikkumiste haldamise poliitikat<\/strong><\/p><ul><li><strong>Tegevuskava<\/strong> Koostage \u00fcksikasjalik tegevuskava tulevaste rikkumiste kiireks ja t\u00f5husaks haldamiseks.<\/li><li><strong>Pidev j\u00e4lgimine<\/strong> Rakendage j\u00e4lgimismehhanisme andmetega seotud rikkumiste varajaseks avastamiseks.<\/li><\/ul><p>Juhtimine <strong>andmelekked<\/strong> on oluline osa <strong>GDPR-i vastavus<\/strong>T\u00e4nu <strong>Viqtor\u00ae,<\/strong> saate tagada, et teie ettev\u00f5te on valmis kiiresti ja t\u00f5husalt reageerima <strong>andmete rikkumine<\/strong>, kaitstes samal ajal kasutajate privaatsust ja j\u00e4rgides juriidilisi n\u00f5udeid. Selles juhendis kirjeldatud sammude j\u00e4rgimine aitab teil minimeerida rikkumise m\u00f5ju ja tugevdada oma s\u00fcsteemide turvalisust tulevikus.<\/p>\t\t\t\t\t\t<\/div>\n\t\t\t\t<\/div>\n\t\t\t\t\t<\/div>\n\t\t<\/div>\n\t\t\t\t\t<\/div>\n\t\t<\/section>\n\t\t\t\t<section class=\"elementor-section elementor-top-section elementor-element elementor-element-77edb27 ot-traditional elementor-section-boxed elementor-section-height-default elementor-section-height-default\" data-id=\"77edb27\" data-element_type=\"section\">\n\t\t\t\t\t\t<div class=\"elementor-container elementor-column-gap-default\">\n\t\t\t\t\t<div class=\"elementor-column elementor-col-100 elementor-top-column elementor-element elementor-element-72942a8 ot-flex-column-vertical\" data-id=\"72942a8\" data-element_type=\"column\">\n\t\t\t<div class=\"elementor-widget-wrap elementor-element-populated\">\n\t\t\t\t\t\t<div class=\"elementor-element elementor-element-0fcf018 elementor-widget elementor-widget-text-editor\" data-id=\"0fcf018\" data-element_type=\"widget\" data-widget_type=\"text-editor.default\">\n\t\t\t\t<div class=\"elementor-widget-container\">\n\t\t\t\t\t\t\t<div><div><div><div><p style=\"text-align: center;\"><span style=\"color: #000000;\"><strong>Laadige t\u00e4ielik juhend tasuta alla:<\/strong><\/span><\/p><\/div><\/div><\/div><\/div>\t\t\t\t\t\t<\/div>\n\t\t\t\t<\/div>\n\t\t\t\t\t<\/div>\n\t\t<\/div>\n\t\t\t\t\t<\/div>\n\t\t<\/section>\n\t\t\t\t<section class=\"elementor-section elementor-top-section elementor-element elementor-element-7f22e0c ot-traditional elementor-section-boxed elementor-section-height-default elementor-section-height-default\" data-id=\"7f22e0c\" data-element_type=\"section\">\n\t\t\t\t\t\t<div class=\"elementor-container elementor-column-gap-default\">\n\t\t\t\t\t<div class=\"elementor-column elementor-col-100 elementor-top-column elementor-element elementor-element-d89bd3c ot-flex-column-vertical\" data-id=\"d89bd3c\" data-element_type=\"column\">\n\t\t\t<div class=\"elementor-widget-wrap elementor-element-populated\">\n\t\t\t\t\t\t<div class=\"elementor-element elementor-element-6220207 elementor-widget elementor-widget-text-editor\" data-id=\"6220207\" data-element_type=\"widget\" data-widget_type=\"text-editor.default\">\n\t\t\t\t<div class=\"elementor-widget-container\">\n\t\t\t\t\t\t\t<p><p><form method=\"post\" action=\"https:\/\/viqtor.eu\/wp-admin\/admin-ajax.php?action=tnp&amp;na=s\" class=\"tnp-subscription\" style=\"\">\n<input type=\"hidden\" name=\"nlang\" value=\"\">\n <div class=\"tnp-field tnp-field-email\"><label for=\"tnp-1\">E-post<\/label>\n<input class=\"tnp-email\" type=\"email\" name=\"ne\" id=\"tnp-1\" value=\"\" placeholder=\"\" required><\/div>\n\u00a0<label> <input name=\"AGREE_TO_TERMS\" required=\"\" type=\"checkbox\" value=\"1\" \/> N\u00f5ustun oma isikuandmete kasutamisega ainult allalaadimistaotluse t\u00f6\u00f6tlemiseks. Keelame nende andmete mis tahes muul eesm\u00e4rgil kasutamise.<\/label> <label> <input name=\"AGREE_TO_TERMS\" required=\"\" type=\"checkbox\" value=\"1\" \/>N\u00f5ustun saama perioodilist teavet Viqtori teenusepakkumiste kohta.<\/label>\u00a0 \u00a0 \u00a0 \u00a0 \u00a0 \u00a0 \u00a0 \u00a0 \u00a0 \u00a0 \u00a0 \u00a0 \u00a0 \u00a0 \u00a0 \u00a0 \u00a0 \u00a0 \u00a0 \u00a0 <div class=\"tnp-field tnp-field-button\" style=\"text-align: left\"><input class=\"tnp-submit\" type=\"submit\" value=\"Saate juhendi\" style=\"\">\n<\/div>\n<\/form><\/p><\/p>\t\t\t\t\t\t<\/div>\n\t\t\t\t<\/div>\n\t\t\t\t\t<\/div>\n\t\t<\/div>\n\t\t\t\t\t<\/div>\n\t\t<\/section>\n\t\t\t\t<\/div>","protected":false},"excerpt":{"rendered":"<p>\/\/ La plateforme Viqtor\u00ae Viqtor\u00ae : guide sur la violation de donn\u00e9es et les mesures \u00e0 prendre La protection des donn\u00e9es personnelles est essentielle pour assurer la s\u00e9curit\u00e9 des informations sensibles de vos clients et partenaires. Dans un environnement num\u00e9rique o\u00f9 les cyberattaques sont de plus en plus fr\u00e9quentes, comprendre les \u00e9tapes \u00e0 suivre en [&hellip;]<\/p>","protected":false},"author":1,"featured_media":0,"parent":0,"menu_order":0,"comment_status":"closed","ping_status":"closed","template":"","meta":{"_acf_changed":false,"footnotes":""},"class_list":["post-12650","page","type-page","status-publish","hentry"],"acf":[],"yoast_head":"<!-- This site is optimized with the Yoast SEO plugin v23.6 - https:\/\/yoast.com\/wordpress\/plugins\/seo\/ -->\n<title>Le guide Viqtor sur la violation de donn\u00e9es<\/title>\n<meta name=\"description\" content=\"Le guide Viqtor sur la violation de donn\u00e9es : causes et solutions pour prot\u00e9ger votre entreprise contre les cybermenaces !\" \/>\n<meta name=\"robots\" content=\"index, follow, max-snippet:-1, max-image-preview:large, max-video-preview:-1\" \/>\n<link rel=\"canonical\" href=\"https:\/\/viqtor.eu\/et\/le-guide-viqtor-sur-la-violation-de-donnees\/\" \/>\n<meta property=\"og:locale\" content=\"et_EE\" \/>\n<meta property=\"og:type\" content=\"article\" \/>\n<meta property=\"og:title\" content=\"Le guide Viqtor sur la violation de donn\u00e9es\" \/>\n<meta property=\"og:description\" content=\"Le guide Viqtor sur la violation de donn\u00e9es : causes et solutions pour prot\u00e9ger votre entreprise contre les cybermenaces !\" \/>\n<meta property=\"og:url\" content=\"https:\/\/viqtor.eu\/et\/le-guide-viqtor-sur-la-violation-de-donnees\/\" \/>\n<meta property=\"og:site_name\" content=\"Viqtor\" \/>\n<meta property=\"article:modified_time\" content=\"2025-03-04T18:08:12+00:00\" \/>\n<meta property=\"og:image\" content=\"https:\/\/viqtor.eu\/wp-content\/uploads\/2023\/08\/Declarer-une-violation-1024x477.webp\" \/>\n<meta name=\"twitter:card\" content=\"summary_large_image\" \/>\n<meta name=\"twitter:label1\" content=\"Est. reading time\" \/>\n\t<meta name=\"twitter:data1\" content=\"5 minutit\" \/>\n<script type=\"application\/ld+json\" class=\"yoast-schema-graph\">{\"@context\":\"https:\/\/schema.org\",\"@graph\":[{\"@type\":\"WebPage\",\"@id\":\"https:\/\/viqtor.eu\/le-guide-viqtor-sur-la-violation-de-donnees\/\",\"url\":\"https:\/\/viqtor.eu\/le-guide-viqtor-sur-la-violation-de-donnees\/\",\"name\":\"Le guide Viqtor sur la violation de donn\u00e9es\",\"isPartOf\":{\"@id\":\"https:\/\/viqtor.eu\/#website\"},\"primaryImageOfPage\":{\"@id\":\"https:\/\/viqtor.eu\/le-guide-viqtor-sur-la-violation-de-donnees\/#primaryimage\"},\"image\":{\"@id\":\"https:\/\/viqtor.eu\/le-guide-viqtor-sur-la-violation-de-donnees\/#primaryimage\"},\"thumbnailUrl\":\"https:\/\/viqtor.eu\/wp-content\/uploads\/2023\/08\/Declarer-une-violation-1024x477.webp\",\"datePublished\":\"2025-02-11T10:29:29+00:00\",\"dateModified\":\"2025-03-04T18:08:12+00:00\",\"description\":\"Le guide Viqtor sur la violation de donn\u00e9es : causes et solutions pour prot\u00e9ger votre entreprise contre les cybermenaces !\",\"breadcrumb\":{\"@id\":\"https:\/\/viqtor.eu\/le-guide-viqtor-sur-la-violation-de-donnees\/#breadcrumb\"},\"inLanguage\":\"et\",\"potentialAction\":[{\"@type\":\"ReadAction\",\"target\":[\"https:\/\/viqtor.eu\/le-guide-viqtor-sur-la-violation-de-donnees\/\"]}]},{\"@type\":\"ImageObject\",\"inLanguage\":\"et\",\"@id\":\"https:\/\/viqtor.eu\/le-guide-viqtor-sur-la-violation-de-donnees\/#primaryimage\",\"url\":\"https:\/\/viqtor.eu\/wp-content\/uploads\/2023\/08\/Declarer-une-violation-1024x477.webp\",\"contentUrl\":\"https:\/\/viqtor.eu\/wp-content\/uploads\/2023\/08\/Declarer-une-violation-1024x477.webp\"},{\"@type\":\"BreadcrumbList\",\"@id\":\"https:\/\/viqtor.eu\/le-guide-viqtor-sur-la-violation-de-donnees\/#breadcrumb\",\"itemListElement\":[{\"@type\":\"ListItem\",\"position\":1,\"name\":\"Accueil\",\"item\":\"https:\/\/viqtor.eu\/\"},{\"@type\":\"ListItem\",\"position\":2,\"name\":\"Le guide Viqtor sur la violation de donn\u00e9es\"}]},{\"@type\":\"WebSite\",\"@id\":\"https:\/\/viqtor.eu\/#website\",\"url\":\"https:\/\/viqtor.eu\/\",\"name\":\"Viqtor\",\"description\":\"Faites du RGPD une opportunit\u00e9 pour votre entreprise.\",\"publisher\":{\"@id\":\"https:\/\/viqtor.eu\/#organization\"},\"potentialAction\":[{\"@type\":\"SearchAction\",\"target\":{\"@type\":\"EntryPoint\",\"urlTemplate\":\"https:\/\/viqtor.eu\/?s={search_term_string}\"},\"query-input\":{\"@type\":\"PropertyValueSpecification\",\"valueRequired\":true,\"valueName\":\"search_term_string\"}}],\"inLanguage\":\"et\"},{\"@type\":\"Organization\",\"@id\":\"https:\/\/viqtor.eu\/#organization\",\"name\":\"viqtor.eu\",\"url\":\"https:\/\/viqtor.eu\/\",\"logo\":{\"@type\":\"ImageObject\",\"inLanguage\":\"et\",\"@id\":\"https:\/\/viqtor.eu\/#\/schema\/logo\/image\/\",\"url\":\"https:\/\/viqtor.eu\/wp-content\/uploads\/2023\/06\/favicon-noir.svg\",\"contentUrl\":\"https:\/\/viqtor.eu\/wp-content\/uploads\/2023\/06\/favicon-noir.svg\",\"width\":108,\"height\":86,\"caption\":\"viqtor.eu\"},\"image\":{\"@id\":\"https:\/\/viqtor.eu\/#\/schema\/logo\/image\/\"}}]}<\/script>\n<!-- \/ Yoast SEO plugin. -->","yoast_head_json":{"title":"Le guide Viqtor sur la violation de donn\u00e9es","description":"Le guide Viqtor sur la violation de donn\u00e9es : causes et solutions pour prot\u00e9ger votre entreprise contre les cybermenaces !","robots":{"index":"index","follow":"follow","max-snippet":"max-snippet:-1","max-image-preview":"max-image-preview:large","max-video-preview":"max-video-preview:-1"},"canonical":"https:\/\/viqtor.eu\/et\/le-guide-viqtor-sur-la-violation-de-donnees\/","og_locale":"et_EE","og_type":"article","og_title":"Le guide Viqtor sur la violation de donn\u00e9es","og_description":"Le guide Viqtor sur la violation de donn\u00e9es : causes et solutions pour prot\u00e9ger votre entreprise contre les cybermenaces !","og_url":"https:\/\/viqtor.eu\/et\/le-guide-viqtor-sur-la-violation-de-donnees\/","og_site_name":"Viqtor","article_modified_time":"2025-03-04T18:08:12+00:00","og_image":[{"url":"https:\/\/viqtor.eu\/wp-content\/uploads\/2023\/08\/Declarer-une-violation-1024x477.webp"}],"twitter_card":"summary_large_image","twitter_misc":{"Est. reading time":"5 minutit"},"schema":{"@context":"https:\/\/schema.org","@graph":[{"@type":"WebPage","@id":"https:\/\/viqtor.eu\/le-guide-viqtor-sur-la-violation-de-donnees\/","url":"https:\/\/viqtor.eu\/le-guide-viqtor-sur-la-violation-de-donnees\/","name":"Le guide Viqtor sur la violation de donn\u00e9es","isPartOf":{"@id":"https:\/\/viqtor.eu\/#website"},"primaryImageOfPage":{"@id":"https:\/\/viqtor.eu\/le-guide-viqtor-sur-la-violation-de-donnees\/#primaryimage"},"image":{"@id":"https:\/\/viqtor.eu\/le-guide-viqtor-sur-la-violation-de-donnees\/#primaryimage"},"thumbnailUrl":"https:\/\/viqtor.eu\/wp-content\/uploads\/2023\/08\/Declarer-une-violation-1024x477.webp","datePublished":"2025-02-11T10:29:29+00:00","dateModified":"2025-03-04T18:08:12+00:00","description":"Le guide Viqtor sur la violation de donn\u00e9es : causes et solutions pour prot\u00e9ger votre entreprise contre les cybermenaces !","breadcrumb":{"@id":"https:\/\/viqtor.eu\/le-guide-viqtor-sur-la-violation-de-donnees\/#breadcrumb"},"inLanguage":"et","potentialAction":[{"@type":"ReadAction","target":["https:\/\/viqtor.eu\/le-guide-viqtor-sur-la-violation-de-donnees\/"]}]},{"@type":"ImageObject","inLanguage":"et","@id":"https:\/\/viqtor.eu\/le-guide-viqtor-sur-la-violation-de-donnees\/#primaryimage","url":"https:\/\/viqtor.eu\/wp-content\/uploads\/2023\/08\/Declarer-une-violation-1024x477.webp","contentUrl":"https:\/\/viqtor.eu\/wp-content\/uploads\/2023\/08\/Declarer-une-violation-1024x477.webp"},{"@type":"BreadcrumbList","@id":"https:\/\/viqtor.eu\/le-guide-viqtor-sur-la-violation-de-donnees\/#breadcrumb","itemListElement":[{"@type":"ListItem","position":1,"name":"Accueil","item":"https:\/\/viqtor.eu\/"},{"@type":"ListItem","position":2,"name":"Le guide Viqtor sur la violation de donn\u00e9es"}]},{"@type":"WebSite","@id":"https:\/\/viqtor.eu\/#website","url":"https:\/\/viqtor.eu\/","name":"Viqtor","description":"Faites du RGPD une opportunit\u00e9 pour votre entreprise.","publisher":{"@id":"https:\/\/viqtor.eu\/#organization"},"potentialAction":[{"@type":"SearchAction","target":{"@type":"EntryPoint","urlTemplate":"https:\/\/viqtor.eu\/?s={search_term_string}"},"query-input":{"@type":"PropertyValueSpecification","valueRequired":true,"valueName":"search_term_string"}}],"inLanguage":"et"},{"@type":"Organization","@id":"https:\/\/viqtor.eu\/#organization","name":"viqtor.eu","url":"https:\/\/viqtor.eu\/","logo":{"@type":"ImageObject","inLanguage":"et","@id":"https:\/\/viqtor.eu\/#\/schema\/logo\/image\/","url":"https:\/\/viqtor.eu\/wp-content\/uploads\/2023\/06\/favicon-noir.svg","contentUrl":"https:\/\/viqtor.eu\/wp-content\/uploads\/2023\/06\/favicon-noir.svg","width":108,"height":86,"caption":"viqtor.eu"},"image":{"@id":"https:\/\/viqtor.eu\/#\/schema\/logo\/image\/"}}]}},"_links":{"self":[{"href":"https:\/\/viqtor.eu\/et\/wp-json\/wp\/v2\/pages\/12650","targetHints":{"allow":["GET"]}}],"collection":[{"href":"https:\/\/viqtor.eu\/et\/wp-json\/wp\/v2\/pages"}],"about":[{"href":"https:\/\/viqtor.eu\/et\/wp-json\/wp\/v2\/types\/page"}],"author":[{"embeddable":true,"href":"https:\/\/viqtor.eu\/et\/wp-json\/wp\/v2\/users\/1"}],"replies":[{"embeddable":true,"href":"https:\/\/viqtor.eu\/et\/wp-json\/wp\/v2\/comments?post=12650"}],"version-history":[{"count":3,"href":"https:\/\/viqtor.eu\/et\/wp-json\/wp\/v2\/pages\/12650\/revisions"}],"predecessor-version":[{"id":12669,"href":"https:\/\/viqtor.eu\/et\/wp-json\/wp\/v2\/pages\/12650\/revisions\/12669"}],"wp:attachment":[{"href":"https:\/\/viqtor.eu\/et\/wp-json\/wp\/v2\/media?parent=12650"}],"curies":[{"name":"wp","href":"https:\/\/api.w.org\/{rel}","templated":true}]}}