{"id":8869,"date":"2023-07-24T10:33:08","date_gmt":"2023-07-24T10:33:08","guid":{"rendered":"https:\/\/viqtor.eu\/?page_id=8869"},"modified":"2023-09-20T10:54:39","modified_gmt":"2023-09-20T10:54:39","slug":"politique-generale-de-protection-des-donnees-a-caractere-personnel","status":"publish","type":"page","link":"https:\/\/viqtor.eu\/es\/politica-general-sobre-la-proteccion-de-datos-personales\/","title":{"rendered":"Pol\u00edtica general de protecci\u00f3n de datos personales"},"content":{"rendered":"<div data-elementor-type=\"wp-page\" data-elementor-id=\"8869\" class=\"elementor elementor-8869\" data-elementor-post-type=\"page\">\n\t\t\t\t\t\t<section class=\"elementor-section elementor-top-section elementor-element elementor-element-747390f0 ot-traditional elementor-section-boxed elementor-section-height-default elementor-section-height-default\" data-id=\"747390f0\" data-element_type=\"section\">\n\t\t\t\t\t\t<div class=\"elementor-container elementor-column-gap-default\">\n\t\t\t\t\t<div class=\"elementor-column elementor-col-100 elementor-top-column elementor-element elementor-element-2fbcdc64 ot-flex-column-vertical\" data-id=\"2fbcdc64\" data-element_type=\"column\">\n\t\t\t<div class=\"elementor-widget-wrap elementor-element-populated\">\n\t\t\t\t\t\t<div class=\"elementor-element elementor-element-69294830 elementor-widget elementor-widget-text-editor\" data-id=\"69294830\" data-element_type=\"widget\" data-widget_type=\"text-editor.default\">\n\t\t\t\t<div class=\"elementor-widget-container\">\n\t\t\t\t\t\t\t<p>El respeto de la vida privada y la protecci\u00f3n de los datos personales constituye un factor de confianza, un valor al que DBWO atribuye especial importancia, dando importancia al respeto de las libertades y los derechos fundamentales de cada individuo.<\/p>\n<p>Esta pol\u00edtica de protecci\u00f3n de datos personales demuestra los compromisos implementados por DBWO en el contexto de sus actividades diarias para el uso responsable de los datos personales.<\/p>\n<p>\u00a0<\/p>\n<p><b>Un Delegado de Protecci\u00f3n de Datos (DPD)<\/b><\/p>\n<p>Para preservar la privacidad y la protecci\u00f3n de los datos personales de todos, DBWO design\u00f3, en 2020, un Delegado de Protecci\u00f3n de Datos (DPD) que ejerce sus funciones para todas sus estructuras.<\/p>\n<p>El Delegado de Protecci\u00f3n de Datos es un representante de confianza. Es un especialista en protecci\u00f3n de datos personales, responsable de garantizar la preservaci\u00f3n de la privacidad y la correcta aplicaci\u00f3n de la normativa de protecci\u00f3n de datos personales, y el principal interlocutor ante la Comisi\u00f3n Nacional de Inform\u00e1tica y Libertades (CNIL) y todas las personas afectadas por la recopilaci\u00f3n o el tratamiento de datos personales.<\/p>\n<p>Para contactar con nuestro Responsable de Protecci\u00f3n de Datos:<\/p>\n<p>DPO@DBWO.FR<\/p>\n<p>DBWO es el editor de la plataforma Viqtor\u00ae.<\/p>\n<p>Esta plataforma \u201cCompliance as a Service\u201d es un paquete de software destinado a facilitar la implementaci\u00f3n y el seguimiento del cumplimiento de las organizaciones con el Reglamento General de Protecci\u00f3n de Datos.<\/p>\n<p>\u00a0<\/p>\n<p><b>Datos personales tratados por DBWO<\/b><\/p>\n<p><strong>Como parte de su pol\u00edtica de reclutamiento<\/strong>t, DBWO recibe solicitudes acompa\u00f1adas de CV o incluso completadas con datos personales que permiten la creaci\u00f3n de un archivo de entrevista de trabajo comunicado por los candidatos, que se conservar\u00e1 durante dos a\u00f1os desde su recepci\u00f3n salvo contrataci\u00f3n o solicitud del interesado.<\/p>\n<p><strong>En el marco de la ejecuci\u00f3n de los contratos de trabajo de sus empleados o de los contratos de servicios de sus prestadores de servicios individuales <\/strong>DBWO trata los datos personales necesarios para la organizaci\u00f3n de su misi\u00f3n o sus obligaciones legales (datos de estado civil, datos financieros, datos personales, diplomas y autorizaciones, datos de comunicaci\u00f3n, etc.). Los datos se conservan durante toda la relaci\u00f3n contractual y se extienden durante parte de ella debido a requisitos legales o fiscales.\u00a0 \u00a0<\/p>\n<p><strong>Como parte de sus esfuerzos comerciales<\/strong> Exclusivamente para profesionales de su sector, DBWO tambi\u00e9n est\u00e1 obligada a tratar datos personales como nombre, apellidos, empresa, cargo, n\u00famero de tel\u00e9fono y correo electr\u00f3nico, que obtiene directamente durante intercambios en ferias o eventos, solicitudes de sus servicios o a trav\u00e9s de su sitio web por parte de clientes potenciales, o indirectamente de empresas especializadas en la creaci\u00f3n de bases de datos profesionales sectorizadas. El tratamiento de estos datos se basa, en parte, en el inter\u00e9s leg\u00edtimo (solicitud de informaci\u00f3n, intercambio de datos de contacto) y, en parte, en el consentimiento. El interesado puede solicitar la supresi\u00f3n de sus datos en cualquier momento.<\/p>\n<p><strong>En el marco de la ejecuci\u00f3n de sus contratos, <\/strong>DBWO procesa los datos personales de los contactos y corresponsales designados por sus clientes o subcontratistas y conserva estos datos (apellido, nombre, direcci\u00f3n de correo electr\u00f3nico, n\u00famero de tel\u00e9fono, cargo, empresa) durante la relaci\u00f3n contractual, a menos que reciba instrucciones de la Compa\u00f1\u00eda para eliminar el contacto de sus bases de datos.<\/p>\n<p>\u00a0<\/p>\n<p><b>Principios aplicables a la protecci\u00f3n de datos personales<\/b><\/p>\n<p>DBWO aplica los principios definidos por Privacy by Design en todos sus proyectos e implementa una pol\u00edtica de informaci\u00f3n y concienciaci\u00f3n de sus equipos sobre el cumplimiento de los principios establecidos en el Reglamento General de Protecci\u00f3n de Datos.<\/p>\n<p>Ofrece a sus clientes un software compatible con todos los requisitos del Reglamento General de Protecci\u00f3n de Datos.<\/p>\n<p>1. Finalidad espec\u00edfica, expl\u00edcita y leg\u00edtima del tratamiento:<\/p>\n<p>Cuando se recopilan datos personales, se recopilan para objetivos espec\u00edficos (fines) definidos por las necesidades de procesamiento de nuestros clientes.<\/p>\n<p>2. Proporci\u00f3n y pertinencia de los datos recopilados:<\/p>\n<p>Los datos personales recopilados son estrictamente necesarios para su finalidad. El dise\u00f1o del software DBWO busca minimizar la cantidad de datos recopilados.<\/p>\n<p>3. Plazo de conservaci\u00f3n limitado de los datos personales:<\/p>\n<p>Los datos personales cuando est\u00e1n alojados bajo la responsabilidad de DBWO se conservan durante un per\u00edodo limitado que no excede el per\u00edodo necesario para los fines de la recopilaci\u00f3n.<\/p>\n<p>4. Confidencialidad \/ Seguridad de los datos:\u00a0<\/p>\n<p>Se implementan Pol\u00edticas de Protecci\u00f3n de Sistemas de Informaci\u00f3n (PSSI), adaptadas a la naturaleza de los datos tratados y a su tratamiento.<\/p>\n<p>Se han implementado medidas de seguridad f\u00edsicas, l\u00f3gicas y organizativas adecuadas para garantizar la confidencialidad de los datos, incluida la prevenci\u00f3n del acceso no autorizado.<\/p>\n<p>DBWO tambi\u00e9n requiere que cualquier subcontratista proporcione garant\u00edas adecuadas para garantizar la seguridad y confidencialidad de los datos personales.<\/p>\n<p>5. Derechos de las personas:<\/p>\n<p>Respecto al tratamiento realizado bajo la responsabilidad de DBWO<\/p>\n<ul>\n<li style=\"list-style-type: none;\">\n<ul><!-- wp:list-item --><\/ul>\n<\/li>\n<\/ul>\n<ul>\n<li style=\"list-style-type: none;\">\n<ul>\n<li>Se implementan todos los medios necesarios para garantizar la efectividad de los derechos de las personas sobre sus datos personales.<\/li>\n<\/ul>\n<\/li>\n<\/ul>\n<p><!-- \/wp:list-item --> <!-- wp:list-item --><\/p>\n<ul>\n<li style=\"list-style-type: none;\">\n<ul>\n<li>Los datos personales se recogen de forma justa; ninguna recogida se realiza sin el conocimiento de las personas o sin que \u00e9stas sean informadas.<\/li>\n<\/ul>\n<\/li>\n<\/ul>\n<p><!-- \/wp:list-item --> <!-- wp:list-item --><\/p>\n<ul>\n<li style=\"list-style-type: none;\">\n<ul>\n<li>Los datos personales recogidos se ponen en conocimiento de los interesados.<\/li>\n<\/ul>\n<\/li>\n<\/ul>\n<p><!-- \/wp:list-item --> <!-- wp:list-item --><\/p>\n<ul>\n<li style=\"list-style-type: none;\">\n<ul>\n<li>Los datos recogidos no se utilizar\u00e1n posteriormente de forma incompatible con dichos fines.<\/li>\n<\/ul>\n<\/li>\n<\/ul>\n<p><!-- \/wp:list-item --> <!-- wp:list-item --><\/p>\n<ul>\n<li style=\"list-style-type: none;\">\n<ul>\n<li>Los datos personales se mantienen precisos y actualizados.<\/li>\n<\/ul>\n<\/li>\n<\/ul>\n<p><!-- \/wp:list-item --> <!-- wp:list-item --><\/p>\n<ul>\n<li style=\"list-style-type: none;\">\n<ul>\n<li>Los per\u00edodos de retenci\u00f3n de datos se ponen en conocimiento de las personas y var\u00edan seg\u00fan la naturaleza de los datos, el prop\u00f3sito del procesamiento o los requisitos legales o reglamentarios.<\/li>\n<\/ul>\n<\/li>\n<\/ul>\n<p><!-- \/wp:list-item --> <!-- wp:list-item --><\/p>\n<ul>\n<li style=\"list-style-type: none;\">\n<ul>\n<li>Si se transfirieran datos personales a pa\u00edses situados dentro o fuera de la Uni\u00f3n Europea, se informar\u00eda espec\u00edficamente a los interesados y se adoptar\u00edan medidas espec\u00edficas para regular dichas transferencias.<\/li>\n<\/ul>\n<\/li>\n<\/ul>\n<p><!-- \/wp:list-item --> <!-- wp:list-item --><\/p>\n<ul>\n<li style=\"list-style-type: none;\">\n<ul>\n<li>Se implementan los medios necesarios para garantizar la efectividad de los derechos de las personas f\u00edsicas sobre sus datos personales, en particular mediante informaci\u00f3n clara y completa sobre los tratamientos de datos implementados, f\u00e1cilmente accesible y comprensible para todos.<\/li>\n<\/ul>\n<\/li>\n<\/ul>\n<p><!-- \/wp:list-item --> <!-- wp:list-item --><\/p>\n<ul>\n<li style=\"list-style-type: none;\">\n<ul>\n<li>Toda persona tiene derechos sobre sus datos personales, que puede ejercer en cualquier momento y de forma gratuita, acreditando su identidad. Por lo tanto, puede acceder a sus datos personales y, en determinados casos, solicitar su rectificaci\u00f3n, supresi\u00f3n u oponerse a su tratamiento.<\/li>\n<\/ul>\n<\/li>\n<\/ul>\n<p><!-- \/wp:list-item --><\/p>\n<p><b>En relaci\u00f3n con el tratamiento realizado bajo la responsabilidad de los usuarios del software DBWO<\/b><\/p>\n<ul>\n<li style=\"list-style-type: none;\">\n<ul><!-- wp:list-item --><\/ul>\n<\/li>\n<\/ul>\n<ul>\n<li style=\"list-style-type: none;\">\n<ul>\n<li>DBWO sensibiliza y capacita a todos sus empleados que entran en contacto con datos privados como parte de operaciones de mantenimiento sobre los principios establecidos por el RGPD.<\/li>\n<\/ul>\n<\/li>\n<\/ul>\n<p><!-- \/wp:list-item --> <!-- wp:list-item --><\/p>\n<ul>\n<li style=\"list-style-type: none;\">\n<ul>\n<li>DBWO informa a los usuarios de su software sobre las reglas esenciales que determinan la legalidad del tratamiento de datos privados.<\/li>\n<\/ul>\n<\/li>\n<\/ul>\n<p><!-- \/wp:list-item --> <!-- wp:list-item --><\/p>\n<ul>\n<li style=\"list-style-type: none;\">\n<ul>\n<li>DBWO informa a los usuarios de su software sobre las precauciones necesarias para proteger los datos personales recopilados.<\/li>\n<\/ul>\n<\/li>\n<\/ul>\n<p><!-- \/wp:list-item --> <!-- wp:list-item --><\/p>\n<ul>\n<li style=\"list-style-type: none;\">\n<ul>\n<li>El software DBWO proporciona herramientas para proteger estos datos (registro, seudonimizaci\u00f3n, cifrado, etc.)<\/li>\n<\/ul>\n<\/li>\n<\/ul>\n<p><!-- \/wp:list-item --> <!-- wp:list-item --><\/p>\n<ul>\n<li style=\"list-style-type: none;\">\n<ul>\n<li><a href=\"https:\/\/app.viqtor.eu\/gdpr-rights-exercise\">Acceso a estos derechos<\/a> (acceso, rectificaci\u00f3n, supresi\u00f3n, oposici\u00f3n) se facilita mediante las funcionalidades del software utilizado por DBWO.<br \/><br \/><\/li>\n<\/ul>\n<\/li>\n<\/ul>\n<p><!-- \/wp:list-item --><\/p>\n<p>6. Derechos derivados de la Ley de Rep\u00fablica Digital.<\/p>\n<p>El nuevo art\u00edculo 40-1 de la Ley de Protecci\u00f3n de Datos permite a las personas dar instrucciones relativas a la conservaci\u00f3n, eliminaci\u00f3n y comunicaci\u00f3n de sus datos despu\u00e9s de su fallecimiento.<\/p>\n<p>Se podr\u00e1 designar a una persona para que ejecute estas instrucciones. Esta persona tendr\u00e1 la facultad, tras el fallecimiento de la persona, de tomar conocimiento de las instrucciones y solicitar su aplicaci\u00f3n a los responsables del tratamiento de datos correspondientes.<\/p>\n<p>En ausencia de instrucciones dadas por la persona durante su vida, los herederos tendr\u00e1n la posibilidad de ejercer ciertos derechos, en particular:<\/p>\n<ul>\n<li style=\"list-style-type: none;\">\n<ul><!-- wp:list-item --><\/ul>\n<\/li>\n<\/ul>\n<ul>\n<li style=\"list-style-type: none;\">\n<ul>\n<li>El derecho de acceso, si es necesario para la liquidaci\u00f3n de la herencia del difunto;<\/li>\n<\/ul>\n<\/li>\n<\/ul>\n<p><!-- \/wp:list-item --> <!-- wp:list-item --><\/p>\n<ul>\n<li style=\"list-style-type: none;\">\n<ul>\n<li>El derecho a oponerse al cierre de las cuentas de usuario del fallecido y al tratamiento de sus datos.<\/li>\n<\/ul>\n<\/li>\n<\/ul>\n<p><!-- \/wp:list-item --><\/p>\n<p><b>Seguimiento de la Pol\u00edtica de Protecci\u00f3n de Datos Personales.<\/b><\/p>\n<p>Esta pol\u00edtica se actualiza peri\u00f3dicamente para tener en cuenta las novedades legislativas y reglamentarias, y cualquier cambio en la organizaci\u00f3n de DBWO o en las ofertas, productos y servicios propuestos.<\/p>\t\t\t\t\t\t<\/div>\n\t\t\t\t<\/div>\n\t\t\t\t\t<\/div>\n\t\t<\/div>\n\t\t\t\t\t<\/div>\n\t\t<\/section>\n\t\t\t\t<\/div>","protected":false},"excerpt":{"rendered":"<p>Le respect de la vie priv\u00e9e et de la protection des donn\u00e9es \u00e0 caract\u00e8re personnel constitue un facteur de confiance, valeur \u00e0 laquelle tient particuli\u00e8rement DBWO, en s\u2019attachant au respect des libert\u00e9s et droits fondamentaux de chacun. La pr\u00e9sente politique de protection des donn\u00e9es \u00e0 caract\u00e8re personnel t\u00e9moigne des engagements mis en \u0153uvre par DBWO [&hellip;]<\/p>","protected":false},"author":1,"featured_media":0,"parent":0,"menu_order":0,"comment_status":"closed","ping_status":"closed","template":"","meta":{"_acf_changed":false,"footnotes":""},"class_list":["post-8869","page","type-page","status-publish","hentry"],"acf":[],"yoast_head":"<!-- This site is optimized with the Yoast SEO plugin v23.6 - https:\/\/yoast.com\/wordpress\/plugins\/seo\/ -->\n<title>Politique g\u00e9n\u00e9rale de protection des donn\u00e9es \u00e0 caract\u00e8re personnel - Viqtor<\/title>\n<meta name=\"robots\" content=\"noindex, nofollow\" \/>\n<meta property=\"og:locale\" content=\"es_ES\" \/>\n<meta property=\"og:type\" content=\"article\" \/>\n<meta property=\"og:title\" content=\"Politique g\u00e9n\u00e9rale de protection des donn\u00e9es \u00e0 caract\u00e8re personnel - Viqtor\" \/>\n<meta property=\"og:description\" content=\"Le respect de la vie priv\u00e9e et de la protection des donn\u00e9es \u00e0 caract\u00e8re personnel constitue un facteur de confiance, valeur \u00e0 laquelle tient particuli\u00e8rement DBWO, en s\u2019attachant au respect des libert\u00e9s et droits fondamentaux de chacun. La pr\u00e9sente politique de protection des donn\u00e9es \u00e0 caract\u00e8re personnel t\u00e9moigne des engagements mis en \u0153uvre par DBWO [&hellip;]\" \/>\n<meta property=\"og:url\" content=\"https:\/\/viqtor.eu\/es\/politica-general-sobre-la-proteccion-de-datos-personales\/\" \/>\n<meta property=\"og:site_name\" content=\"Viqtor\" \/>\n<meta property=\"article:modified_time\" content=\"2023-09-20T10:54:39+00:00\" \/>\n<meta name=\"twitter:card\" content=\"summary_large_image\" \/>\n<meta name=\"twitter:label1\" content=\"Tiempo de lectura\" \/>\n\t<meta name=\"twitter:data1\" content=\"7 minutos\" \/>\n<script type=\"application\/ld+json\" class=\"yoast-schema-graph\">{\"@context\":\"https:\/\/schema.org\",\"@graph\":[{\"@type\":\"WebPage\",\"@id\":\"https:\/\/viqtor.eu\/politique-generale-de-protection-des-donnees-a-caractere-personnel\/\",\"url\":\"https:\/\/viqtor.eu\/politique-generale-de-protection-des-donnees-a-caractere-personnel\/\",\"name\":\"Politique g\u00e9n\u00e9rale de protection des donn\u00e9es \u00e0 caract\u00e8re personnel - Viqtor\",\"isPartOf\":{\"@id\":\"https:\/\/viqtor.eu\/#website\"},\"datePublished\":\"2023-07-24T10:33:08+00:00\",\"dateModified\":\"2023-09-20T10:54:39+00:00\",\"breadcrumb\":{\"@id\":\"https:\/\/viqtor.eu\/politique-generale-de-protection-des-donnees-a-caractere-personnel\/#breadcrumb\"},\"inLanguage\":\"es\",\"potentialAction\":[{\"@type\":\"ReadAction\",\"target\":[\"https:\/\/viqtor.eu\/politique-generale-de-protection-des-donnees-a-caractere-personnel\/\"]}]},{\"@type\":\"BreadcrumbList\",\"@id\":\"https:\/\/viqtor.eu\/politique-generale-de-protection-des-donnees-a-caractere-personnel\/#breadcrumb\",\"itemListElement\":[{\"@type\":\"ListItem\",\"position\":1,\"name\":\"Accueil\",\"item\":\"https:\/\/viqtor.eu\/\"},{\"@type\":\"ListItem\",\"position\":2,\"name\":\"Politique g\u00e9n\u00e9rale de protection des donn\u00e9es \u00e0 caract\u00e8re personnel\"}]},{\"@type\":\"WebSite\",\"@id\":\"https:\/\/viqtor.eu\/#website\",\"url\":\"https:\/\/viqtor.eu\/\",\"name\":\"Viqtor\",\"description\":\"Faites du RGPD une opportunit\u00e9 pour votre entreprise.\",\"publisher\":{\"@id\":\"https:\/\/viqtor.eu\/#organization\"},\"potentialAction\":[{\"@type\":\"SearchAction\",\"target\":{\"@type\":\"EntryPoint\",\"urlTemplate\":\"https:\/\/viqtor.eu\/?s={search_term_string}\"},\"query-input\":{\"@type\":\"PropertyValueSpecification\",\"valueRequired\":true,\"valueName\":\"search_term_string\"}}],\"inLanguage\":\"es\"},{\"@type\":\"Organization\",\"@id\":\"https:\/\/viqtor.eu\/#organization\",\"name\":\"viqtor.eu\",\"url\":\"https:\/\/viqtor.eu\/\",\"logo\":{\"@type\":\"ImageObject\",\"inLanguage\":\"es\",\"@id\":\"https:\/\/viqtor.eu\/#\/schema\/logo\/image\/\",\"url\":\"https:\/\/viqtor.eu\/wp-content\/uploads\/2023\/06\/favicon-noir.svg\",\"contentUrl\":\"https:\/\/viqtor.eu\/wp-content\/uploads\/2023\/06\/favicon-noir.svg\",\"width\":108,\"height\":86,\"caption\":\"viqtor.eu\"},\"image\":{\"@id\":\"https:\/\/viqtor.eu\/#\/schema\/logo\/image\/\"}}]}<\/script>\n<!-- \/ Yoast SEO plugin. -->","yoast_head_json":{"title":"Politique g\u00e9n\u00e9rale de protection des donn\u00e9es \u00e0 caract\u00e8re personnel - Viqtor","robots":{"index":"noindex","follow":"nofollow"},"og_locale":"es_ES","og_type":"article","og_title":"Politique g\u00e9n\u00e9rale de protection des donn\u00e9es \u00e0 caract\u00e8re personnel - Viqtor","og_description":"Le respect de la vie priv\u00e9e et de la protection des donn\u00e9es \u00e0 caract\u00e8re personnel constitue un facteur de confiance, valeur \u00e0 laquelle tient particuli\u00e8rement DBWO, en s\u2019attachant au respect des libert\u00e9s et droits fondamentaux de chacun. La pr\u00e9sente politique de protection des donn\u00e9es \u00e0 caract\u00e8re personnel t\u00e9moigne des engagements mis en \u0153uvre par DBWO [&hellip;]","og_url":"https:\/\/viqtor.eu\/es\/politica-general-sobre-la-proteccion-de-datos-personales\/","og_site_name":"Viqtor","article_modified_time":"2023-09-20T10:54:39+00:00","twitter_card":"summary_large_image","twitter_misc":{"Tiempo de lectura":"7 minutos"},"schema":{"@context":"https:\/\/schema.org","@graph":[{"@type":"WebPage","@id":"https:\/\/viqtor.eu\/politique-generale-de-protection-des-donnees-a-caractere-personnel\/","url":"https:\/\/viqtor.eu\/politique-generale-de-protection-des-donnees-a-caractere-personnel\/","name":"Politique g\u00e9n\u00e9rale de protection des donn\u00e9es \u00e0 caract\u00e8re personnel - Viqtor","isPartOf":{"@id":"https:\/\/viqtor.eu\/#website"},"datePublished":"2023-07-24T10:33:08+00:00","dateModified":"2023-09-20T10:54:39+00:00","breadcrumb":{"@id":"https:\/\/viqtor.eu\/politique-generale-de-protection-des-donnees-a-caractere-personnel\/#breadcrumb"},"inLanguage":"es","potentialAction":[{"@type":"ReadAction","target":["https:\/\/viqtor.eu\/politique-generale-de-protection-des-donnees-a-caractere-personnel\/"]}]},{"@type":"BreadcrumbList","@id":"https:\/\/viqtor.eu\/politique-generale-de-protection-des-donnees-a-caractere-personnel\/#breadcrumb","itemListElement":[{"@type":"ListItem","position":1,"name":"Accueil","item":"https:\/\/viqtor.eu\/"},{"@type":"ListItem","position":2,"name":"Politique g\u00e9n\u00e9rale de protection des donn\u00e9es \u00e0 caract\u00e8re personnel"}]},{"@type":"WebSite","@id":"https:\/\/viqtor.eu\/#website","url":"https:\/\/viqtor.eu\/","name":"Viqtor","description":"Faites du RGPD une opportunit\u00e9 pour votre entreprise.","publisher":{"@id":"https:\/\/viqtor.eu\/#organization"},"potentialAction":[{"@type":"SearchAction","target":{"@type":"EntryPoint","urlTemplate":"https:\/\/viqtor.eu\/?s={search_term_string}"},"query-input":{"@type":"PropertyValueSpecification","valueRequired":true,"valueName":"search_term_string"}}],"inLanguage":"es"},{"@type":"Organization","@id":"https:\/\/viqtor.eu\/#organization","name":"viqtor.eu","url":"https:\/\/viqtor.eu\/","logo":{"@type":"ImageObject","inLanguage":"es","@id":"https:\/\/viqtor.eu\/#\/schema\/logo\/image\/","url":"https:\/\/viqtor.eu\/wp-content\/uploads\/2023\/06\/favicon-noir.svg","contentUrl":"https:\/\/viqtor.eu\/wp-content\/uploads\/2023\/06\/favicon-noir.svg","width":108,"height":86,"caption":"viqtor.eu"},"image":{"@id":"https:\/\/viqtor.eu\/#\/schema\/logo\/image\/"}}]}},"_links":{"self":[{"href":"https:\/\/viqtor.eu\/es\/wp-json\/wp\/v2\/pages\/8869","targetHints":{"allow":["GET"]}}],"collection":[{"href":"https:\/\/viqtor.eu\/es\/wp-json\/wp\/v2\/pages"}],"about":[{"href":"https:\/\/viqtor.eu\/es\/wp-json\/wp\/v2\/types\/page"}],"author":[{"embeddable":true,"href":"https:\/\/viqtor.eu\/es\/wp-json\/wp\/v2\/users\/1"}],"replies":[{"embeddable":true,"href":"https:\/\/viqtor.eu\/es\/wp-json\/wp\/v2\/comments?post=8869"}],"version-history":[{"count":12,"href":"https:\/\/viqtor.eu\/es\/wp-json\/wp\/v2\/pages\/8869\/revisions"}],"predecessor-version":[{"id":9625,"href":"https:\/\/viqtor.eu\/es\/wp-json\/wp\/v2\/pages\/8869\/revisions\/9625"}],"wp:attachment":[{"href":"https:\/\/viqtor.eu\/es\/wp-json\/wp\/v2\/media?parent=8869"}],"curies":[{"name":"wp","href":"https:\/\/api.w.org\/{rel}","templated":true}]}}