{"id":8065,"date":"2023-06-02T11:44:17","date_gmt":"2023-06-02T11:44:17","guid":{"rendered":"https:\/\/viqtor.eu\/?page_id=8065"},"modified":"2024-09-18T14:42:18","modified_gmt":"2024-09-18T14:42:18","slug":"le-guide-viqtor-de-la-donnee-personnelle","status":"publish","type":"page","link":"https:\/\/viqtor.eu\/es\/le-guide-viqtor-de-la-donnee-personnelle\/","title":{"rendered":"La gu\u00eda de Viqtor sobre datos personales"},"content":{"rendered":"<div data-elementor-type=\"wp-page\" data-elementor-id=\"8065\" class=\"elementor elementor-8065\" data-elementor-post-type=\"page\">\n\t\t\t\t\t\t<section class=\"elementor-section elementor-top-section elementor-element elementor-element-487d106 elementor-section-content-middle ot-traditional elementor-section-boxed elementor-section-height-default elementor-section-height-default\" data-id=\"487d106\" data-element_type=\"section\" data-settings=\"{&quot;background_background&quot;:&quot;classic&quot;}\">\n\t\t\t\t\t\t\t<div class=\"elementor-background-overlay\"><\/div>\n\t\t\t\t\t\t\t<div class=\"elementor-container elementor-column-gap-default\">\n\t\t\t\t\t<div class=\"elementor-column elementor-col-100 elementor-top-column elementor-element elementor-element-7cb43dc ot-column-items-center ot-flex-column-vertical\" data-id=\"7cb43dc\" data-element_type=\"column\">\n\t\t\t<div class=\"elementor-widget-wrap elementor-element-populated\">\n\t\t\t\t\t\t<div class=\"elementor-element elementor-element-f174978 elementor-widget__width-initial elementor-widget elementor-widget-iheading\" data-id=\"f174978\" data-element_type=\"widget\" data-widget_type=\"iheading.default\">\n\t\t\t\t<div class=\"elementor-widget-container\">\n\t\t\t\t\t<div class=\"ot-heading\">\r\n\t        \t            <span>\/\/ La plataforma Viqtor\u00ae<\/span>\r\n\t        <h1 class=\"main-heading\">\n\nLa gu\u00eda de Viqtor\u00ae sobre datos personales<\/h1>\t    <\/div>\r\n\t    \t\t<\/div>\n\t\t\t\t<\/div>\n\t\t\t\t\t<\/div>\n\t\t<\/div>\n\t\t\t\t\t<\/div>\n\t\t<\/section>\n\t\t\t\t<section class=\"elementor-section elementor-top-section elementor-element elementor-element-6bfd0a4 ot-traditional elementor-section-boxed elementor-section-height-default elementor-section-height-default\" data-id=\"6bfd0a4\" data-element_type=\"section\">\n\t\t\t\t\t\t<div class=\"elementor-container elementor-column-gap-default\">\n\t\t\t\t\t<div class=\"elementor-column elementor-col-100 elementor-top-column elementor-element elementor-element-9e9d643 ot-flex-column-vertical\" data-id=\"9e9d643\" data-element_type=\"column\">\n\t\t\t<div class=\"elementor-widget-wrap elementor-element-populated\">\n\t\t\t\t\t\t<div class=\"elementor-element elementor-element-4ca1c81 elementor-widget elementor-widget-text-editor\" data-id=\"4ca1c81\" data-element_type=\"widget\" data-widget_type=\"text-editor.default\">\n\t\t\t\t<div class=\"elementor-widget-container\">\n\t\t\t\t\t\t\t<p><span style=\"color: #3366ff;\"><strong><span style=\"text-decoration: underline;\">Prefacio:<\/span> <\/strong><\/span><\/p><p><span style=\"color: #000000;\">Gesti\u00f3n de Riesgos en Protecci\u00f3n de Datos Personales: Una Gu\u00eda Esencial para un Cumplimiento \u00d3ptimo.<\/span><\/p><p><span style=\"color: #000000;\">Para mantener la seguridad de los datos, la gesti\u00f3n de riesgos es fundamental. De conformidad con el art\u00edculo 121 de la Ley de Protecci\u00f3n de Datos francesa, es fundamental determinar las precauciones que deben tomarse en funci\u00f3n de la naturaleza de los datos y los riesgos asociados a su tratamiento. El Reglamento General de Protecci\u00f3n de Datos (RGPD) destaca la importancia de implementar medidas t\u00e9cnicas y organizativas adecuadas para garantizar un nivel adecuado de seguridad.<\/span><\/p><p><span style=\"color: #000000;\">Este requisito se aplica no solo al responsable del tratamiento de datos personales, sino tambi\u00e9n a los encargados del tratamiento, tal como se establece en el art\u00edculo 32 del RGPD. Adoptar un enfoque de gesti\u00f3n de riesgos permite tomar decisiones objetivas e implementar medidas estrictamente necesarias y adaptadas al contexto espec\u00edfico.<\/span><\/p><p><span style=\"color: #000000;\">Sin embargo, implementar este enfoque y garantizar que se cumplan los requisitos a veces puede ser complejo, especialmente para aquellos que no est\u00e1n familiarizados con estos m\u00e9todos.<\/span><\/p><p><span style=\"color: #000000;\">Por eso, nuestra gu\u00eda ofrece un valioso apoyo en sus esfuerzos de cumplimiento normativo. Describe las precauciones b\u00e1sicas que deben implementarse sistem\u00e1ticamente. Dirigida especialmente a los responsables de protecci\u00f3n de datos (OPD), los responsables de seguridad de sistemas de informaci\u00f3n (CISO) y los profesionales de TI, esta gu\u00eda proporciona informaci\u00f3n \u00fatil para los profesionales del derecho.<\/span><\/p><p><span style=\"color: #000000;\">Gu\u00eda para la gesti\u00f3n de riesgos relacionados con el tratamiento de datos personales para un \u00f3ptimo cumplimiento del RGPD.<\/span><\/p><p><span style=\"color: #000000;\">A la hora de gestionar los riesgos relacionados con el tratamiento de datos personales, es fundamental adoptar un enfoque proactivo para garantizar la seguridad de los datos y el cumplimiento de los requisitos del Reglamento General de Protecci\u00f3n de Datos (RGPD). Como especialista en SEO, he incluido a continuaci\u00f3n una gu\u00eda detallada que se centra en los pasos que puedes seguir para optimizar tu cumplimiento del RGPD, teniendo en cuenta las mejores pr\u00e1cticas para posicionarte en Google.<\/span><\/p><p><strong><span style=\"color: #000000;\">Enumere el tratamiento de datos personales y los medios utilizados:<\/span><\/strong><\/p><p><span style=\"color: #000000;\">Uno de los primeros pasos es identificar todas las operaciones de tratamiento de datos personales, ya sean automatizadas o no. Esto incluye expedientes de clientes, contratos y otros datos procesados. Es importante enumerar los diversos medios utilizados, como servidores, port\u00e1tiles, discos duros, software (sistemas operativos, software empresarial), canales de comunicaci\u00f3n (fibra \u00f3ptica, wifi, internet, comunicaciones verbales, mensajer\u00eda), as\u00ed como los soportes impresos y las instalaciones f\u00edsicas (salas de ordenadores, oficinas).<\/span><\/p>\t\t\t\t\t\t<\/div>\n\t\t\t\t<\/div>\n\t\t\t\t\t<\/div>\n\t\t<\/div>\n\t\t\t\t\t<\/div>\n\t\t<\/section>\n\t\t\t\t<section class=\"elementor-section elementor-top-section elementor-element elementor-element-35ba52a ot-traditional elementor-section-boxed elementor-section-height-default elementor-section-height-default\" data-id=\"35ba52a\" data-element_type=\"section\">\n\t\t\t\t\t\t<div class=\"elementor-container elementor-column-gap-default\">\n\t\t\t\t\t<div class=\"elementor-column elementor-col-100 elementor-top-column elementor-element elementor-element-0cf7b26 ot-flex-column-vertical\" data-id=\"0cf7b26\" data-element_type=\"column\">\n\t\t\t<div class=\"elementor-widget-wrap elementor-element-populated\">\n\t\t\t\t\t\t<div class=\"elementor-element elementor-element-3593ed7 elementor-widget elementor-widget-heading\" data-id=\"3593ed7\" data-element_type=\"widget\" data-widget_type=\"heading.default\">\n\t\t\t\t<div class=\"elementor-widget-container\">\n\t\t\t<h2 class=\"elementor-heading-title elementor-size-large\">Evaluaci\u00f3n de los riesgos asociados a cada tratamiento:<\/h2>\t\t<\/div>\n\t\t\t\t<\/div>\n\t\t\t\t\t<\/div>\n\t\t<\/div>\n\t\t\t\t\t<\/div>\n\t\t<\/section>\n\t\t\t\t<section class=\"elementor-section elementor-top-section elementor-element elementor-element-3a23f17 ot-traditional elementor-section-boxed elementor-section-height-default elementor-section-height-default\" data-id=\"3a23f17\" data-element_type=\"section\">\n\t\t\t\t\t\t<div class=\"elementor-container elementor-column-gap-default\">\n\t\t\t\t\t<div class=\"elementor-column elementor-col-100 elementor-top-column elementor-element elementor-element-cf1b7c9 ot-flex-column-vertical\" data-id=\"cf1b7c9\" data-element_type=\"column\">\n\t\t\t<div class=\"elementor-widget-wrap elementor-element-populated\">\n\t\t\t\t\t\t<div class=\"elementor-element elementor-element-3c94449 elementor-widget elementor-widget-text-editor\" data-id=\"3c94449\" data-element_type=\"widget\" data-widget_type=\"text-editor.default\">\n\t\t\t\t<div class=\"elementor-widget-container\">\n\t\t\t\t\t\t\t<p><span style=\"color: #0000ff;\"><strong>a- Identificar los posibles impactos sobre los derechos y libertades de las personas afectadas, centr\u00e1ndose en tres escenarios temidos:<\/strong><\/span><\/p><p><span style=\"color: #000000;\"><strong>Acceso ileg\u00edtimo a los datos<\/strong>\u00a0:por ejemplo, la divulgaci\u00f3n de los recibos de sueldo de todos los empleados de una empresa, dando lugar a un robo de identidad.<\/span><\/p><p><span style=\"color: #000000;\"><strong>Modificaci\u00f3n no deseada de datos<\/strong>\u00a0:por ejemplo, la modificaci\u00f3n de los registros de acceso que d\u00e9 lugar err\u00f3neamente a una acusaci\u00f3n de mala conducta o delito contra una persona.<\/span><\/p><p><span style=\"color: #000000;\"><strong>Desaparici\u00f3n de datos<\/strong>\u00a0:por ejemplo, la imposibilidad de acceder al expediente electr\u00f3nico de un paciente, lo que da como resultado la no detecci\u00f3n de una interacci\u00f3n medicamentosa.<\/span><\/p><p><span style=\"color: #000000;\"><strong>La gesti\u00f3n de riesgos ayuda a determinar las precauciones a tomar para mantener la seguridad de los datos.<\/strong>De conformidad con el art\u00edculo 121 de la Ley de Protecci\u00f3n de Datos y el art\u00edculo 32 del RGPD, es fundamental comprender las posibles consecuencias de estos riesgos para los derechos y libertades de las personas afectadas.<\/span><\/p><p><span style=\"color: #0000ff;\"><strong>b- Identificar fuentes de riesgo:<\/strong><\/span><\/p><p><span style=\"color: #000000;\">Para cada escenario temido, se deben identificar las fuentes de riesgo, ya sean humanas (internas o externas) o no humanas. Esto incluye factores como administradores de TI, usuarios, atacantes externos, competidores, pero tambi\u00e9n elementos como el agua, epidemias, materiales peligrosos y virus inform\u00e1ticos no dirigidos.<\/span><\/p>\t\t\t\t\t\t<\/div>\n\t\t\t\t<\/div>\n\t\t\t\t\t<\/div>\n\t\t<\/div>\n\t\t\t\t\t<\/div>\n\t\t<\/section>\n\t\t\t\t<section class=\"elementor-section elementor-top-section elementor-element elementor-element-77edb27 ot-traditional elementor-section-boxed elementor-section-height-default elementor-section-height-default\" data-id=\"77edb27\" data-element_type=\"section\">\n\t\t\t\t\t\t<div class=\"elementor-container elementor-column-gap-default\">\n\t\t\t\t\t<div class=\"elementor-column elementor-col-100 elementor-top-column elementor-element elementor-element-72942a8 ot-flex-column-vertical\" data-id=\"72942a8\" data-element_type=\"column\">\n\t\t\t<div class=\"elementor-widget-wrap elementor-element-populated\">\n\t\t\t\t\t\t<div class=\"elementor-element elementor-element-0fcf018 elementor-widget elementor-widget-text-editor\" data-id=\"0fcf018\" data-element_type=\"widget\" data-widget_type=\"text-editor.default\">\n\t\t\t\t<div class=\"elementor-widget-container\">\n\t\t\t\t\t\t\t<div><div><div><div><p style=\"text-align: center;\"><span style=\"color: #000000;\"><strong>Descarga gratis la gu\u00eda completa:<\/strong><\/span><\/p><\/div><\/div><\/div><\/div>\t\t\t\t\t\t<\/div>\n\t\t\t\t<\/div>\n\t\t\t\t\t<\/div>\n\t\t<\/div>\n\t\t\t\t\t<\/div>\n\t\t<\/section>\n\t\t\t\t<section class=\"elementor-section elementor-top-section elementor-element elementor-element-7f22e0c ot-traditional elementor-section-boxed elementor-section-height-default elementor-section-height-default\" data-id=\"7f22e0c\" data-element_type=\"section\">\n\t\t\t\t\t\t<div class=\"elementor-container elementor-column-gap-default\">\n\t\t\t\t\t<div class=\"elementor-column elementor-col-100 elementor-top-column elementor-element elementor-element-d89bd3c ot-flex-column-vertical\" data-id=\"d89bd3c\" data-element_type=\"column\">\n\t\t\t<div class=\"elementor-widget-wrap elementor-element-populated\">\n\t\t\t\t\t\t<div class=\"elementor-element elementor-element-6220207 elementor-widget elementor-widget-text-editor\" data-id=\"6220207\" data-element_type=\"widget\" data-widget_type=\"text-editor.default\">\n\t\t\t\t<div class=\"elementor-widget-container\">\n\t\t\t\t\t\t\t<p><form method=\"post\" action=\"https:\/\/viqtor.eu\/wp-admin\/admin-ajax.php?action=tnp&amp;na=s\" class=\"tnp-subscription\" style=\"\">\n<input type=\"hidden\" name=\"nlang\" value=\"\">\n <div class=\"tnp-field tnp-field-email\"><label for=\"tnp-1\">Correo electr\u00f3nico<\/label>\n<input class=\"tnp-email\" type=\"email\" name=\"ne\" id=\"tnp-1\" value=\"\" placeholder=\"\" required><\/div>\n\u00a0<label> <input name=\"AGREE_TO_TERMS\" required=\"\" type=\"checkbox\" value=\"1\" \/> Doy mi consentimiento para que mis datos personales se utilicen \u00fanicamente para procesar mi solicitud de descarga. Queda prohibido cualquier otro uso de estos datos.<\/label> <label> <input name=\"AGREE_TO_TERMS\" required=\"\" type=\"checkbox\" value=\"1\" \/>Acepto recibir informaci\u00f3n peri\u00f3dica sobre las ofertas de servicios de Viqtor.<\/label>\u00a0 \u00a0 \u00a0 \u00a0 \u00a0 \u00a0 \u00a0 \u00a0 \u00a0 \u00a0 \u00a0 \u00a0 \u00a0 \u00a0 \u00a0 \u00a0 \u00a0 \u00a0 \u00a0 \u00a0 <div class=\"tnp-field tnp-field-button\" style=\"text-align: left\"><input class=\"tnp-submit\" type=\"submit\" value=\"Recibe la gu\u00eda\" style=\"\">\n<\/div>\n<\/form><\/p>\t\t\t\t\t\t<\/div>\n\t\t\t\t<\/div>\n\t\t\t\t\t<\/div>\n\t\t<\/div>\n\t\t\t\t\t<\/div>\n\t\t<\/section>\n\t\t\t\t<\/div>","protected":false},"excerpt":{"rendered":"<p>\/\/ La plateforme Viqtor\u00ae Le guide Viqtor\u00ae de la donn\u00e9e personnelle Avant propos\u00a0: La gestion des risques dans la protection des donn\u00e9es personnelles : Un guide essentiel pour une conformit\u00e9 optimale. Lorsqu&rsquo;il s&rsquo;agit de pr\u00e9server la s\u00e9curit\u00e9 des donn\u00e9es, la gestion des risques est essentielle. Conform\u00e9ment \u00e0 l&rsquo;article 121 de la loi Informatique et Libert\u00e9s, [&hellip;]<\/p>","protected":false},"author":1,"featured_media":0,"parent":0,"menu_order":0,"comment_status":"closed","ping_status":"closed","template":"","meta":{"_acf_changed":false,"footnotes":""},"class_list":["post-8065","page","type-page","status-publish","hentry"],"acf":[],"yoast_head":"<!-- This site is optimized with the Yoast SEO plugin v23.6 - https:\/\/yoast.com\/wordpress\/plugins\/seo\/ -->\n<title>Le guide Viqtor de la donn\u00e9e personnelle<\/title>\n<meta name=\"description\" content=\"La gestion des risques dans la protection des donn\u00e9es personnelles : Un guide essentiel pour une conformit\u00e9 optimale.\" \/>\n<meta name=\"robots\" content=\"index, follow, max-snippet:-1, max-image-preview:large, max-video-preview:-1\" \/>\n<link rel=\"canonical\" href=\"https:\/\/viqtor.eu\/es\/le-guide-viqtor-de-la-donnee-personnelle\/\" \/>\n<meta property=\"og:locale\" content=\"es_ES\" \/>\n<meta property=\"og:type\" content=\"article\" \/>\n<meta property=\"og:title\" content=\"Le guide Viqtor de la donn\u00e9e personnelle\" \/>\n<meta property=\"og:description\" content=\"La gestion des risques dans la protection des donn\u00e9es personnelles : Un guide essentiel pour une conformit\u00e9 optimale.\" \/>\n<meta property=\"og:url\" content=\"https:\/\/viqtor.eu\/es\/le-guide-viqtor-de-la-donnee-personnelle\/\" \/>\n<meta property=\"og:site_name\" content=\"Viqtor\" \/>\n<meta property=\"article:modified_time\" content=\"2024-09-18T14:42:18+00:00\" \/>\n<meta name=\"twitter:card\" content=\"summary_large_image\" \/>\n<meta name=\"twitter:label1\" content=\"Tiempo de lectura\" \/>\n\t<meta name=\"twitter:data1\" content=\"4 minutos\" \/>\n<script type=\"application\/ld+json\" class=\"yoast-schema-graph\">{\"@context\":\"https:\/\/schema.org\",\"@graph\":[{\"@type\":\"WebPage\",\"@id\":\"https:\/\/viqtor.eu\/le-guide-viqtor-de-la-donnee-personnelle\/\",\"url\":\"https:\/\/viqtor.eu\/le-guide-viqtor-de-la-donnee-personnelle\/\",\"name\":\"Le guide Viqtor de la donn\u00e9e personnelle\",\"isPartOf\":{\"@id\":\"https:\/\/viqtor.eu\/#website\"},\"datePublished\":\"2023-06-02T11:44:17+00:00\",\"dateModified\":\"2024-09-18T14:42:18+00:00\",\"description\":\"La gestion des risques dans la protection des donn\u00e9es personnelles : Un guide essentiel pour une conformit\u00e9 optimale.\",\"breadcrumb\":{\"@id\":\"https:\/\/viqtor.eu\/le-guide-viqtor-de-la-donnee-personnelle\/#breadcrumb\"},\"inLanguage\":\"es\",\"potentialAction\":[{\"@type\":\"ReadAction\",\"target\":[\"https:\/\/viqtor.eu\/le-guide-viqtor-de-la-donnee-personnelle\/\"]}]},{\"@type\":\"BreadcrumbList\",\"@id\":\"https:\/\/viqtor.eu\/le-guide-viqtor-de-la-donnee-personnelle\/#breadcrumb\",\"itemListElement\":[{\"@type\":\"ListItem\",\"position\":1,\"name\":\"Accueil\",\"item\":\"https:\/\/viqtor.eu\/\"},{\"@type\":\"ListItem\",\"position\":2,\"name\":\"Le guide Viqtor de la donn\u00e9e personnelle\"}]},{\"@type\":\"WebSite\",\"@id\":\"https:\/\/viqtor.eu\/#website\",\"url\":\"https:\/\/viqtor.eu\/\",\"name\":\"Viqtor\",\"description\":\"Faites du RGPD une opportunit\u00e9 pour votre entreprise.\",\"publisher\":{\"@id\":\"https:\/\/viqtor.eu\/#organization\"},\"potentialAction\":[{\"@type\":\"SearchAction\",\"target\":{\"@type\":\"EntryPoint\",\"urlTemplate\":\"https:\/\/viqtor.eu\/?s={search_term_string}\"},\"query-input\":{\"@type\":\"PropertyValueSpecification\",\"valueRequired\":true,\"valueName\":\"search_term_string\"}}],\"inLanguage\":\"es\"},{\"@type\":\"Organization\",\"@id\":\"https:\/\/viqtor.eu\/#organization\",\"name\":\"viqtor.eu\",\"url\":\"https:\/\/viqtor.eu\/\",\"logo\":{\"@type\":\"ImageObject\",\"inLanguage\":\"es\",\"@id\":\"https:\/\/viqtor.eu\/#\/schema\/logo\/image\/\",\"url\":\"https:\/\/viqtor.eu\/wp-content\/uploads\/2023\/06\/favicon-noir.svg\",\"contentUrl\":\"https:\/\/viqtor.eu\/wp-content\/uploads\/2023\/06\/favicon-noir.svg\",\"width\":108,\"height\":86,\"caption\":\"viqtor.eu\"},\"image\":{\"@id\":\"https:\/\/viqtor.eu\/#\/schema\/logo\/image\/\"}}]}<\/script>\n<!-- \/ Yoast SEO plugin. -->","yoast_head_json":{"title":"Le guide Viqtor de la donn\u00e9e personnelle","description":"La gestion des risques dans la protection des donn\u00e9es personnelles : Un guide essentiel pour une conformit\u00e9 optimale.","robots":{"index":"index","follow":"follow","max-snippet":"max-snippet:-1","max-image-preview":"max-image-preview:large","max-video-preview":"max-video-preview:-1"},"canonical":"https:\/\/viqtor.eu\/es\/le-guide-viqtor-de-la-donnee-personnelle\/","og_locale":"es_ES","og_type":"article","og_title":"Le guide Viqtor de la donn\u00e9e personnelle","og_description":"La gestion des risques dans la protection des donn\u00e9es personnelles : Un guide essentiel pour une conformit\u00e9 optimale.","og_url":"https:\/\/viqtor.eu\/es\/le-guide-viqtor-de-la-donnee-personnelle\/","og_site_name":"Viqtor","article_modified_time":"2024-09-18T14:42:18+00:00","twitter_card":"summary_large_image","twitter_misc":{"Tiempo de lectura":"4 minutos"},"schema":{"@context":"https:\/\/schema.org","@graph":[{"@type":"WebPage","@id":"https:\/\/viqtor.eu\/le-guide-viqtor-de-la-donnee-personnelle\/","url":"https:\/\/viqtor.eu\/le-guide-viqtor-de-la-donnee-personnelle\/","name":"Le guide Viqtor de la donn\u00e9e personnelle","isPartOf":{"@id":"https:\/\/viqtor.eu\/#website"},"datePublished":"2023-06-02T11:44:17+00:00","dateModified":"2024-09-18T14:42:18+00:00","description":"La gestion des risques dans la protection des donn\u00e9es personnelles : Un guide essentiel pour une conformit\u00e9 optimale.","breadcrumb":{"@id":"https:\/\/viqtor.eu\/le-guide-viqtor-de-la-donnee-personnelle\/#breadcrumb"},"inLanguage":"es","potentialAction":[{"@type":"ReadAction","target":["https:\/\/viqtor.eu\/le-guide-viqtor-de-la-donnee-personnelle\/"]}]},{"@type":"BreadcrumbList","@id":"https:\/\/viqtor.eu\/le-guide-viqtor-de-la-donnee-personnelle\/#breadcrumb","itemListElement":[{"@type":"ListItem","position":1,"name":"Accueil","item":"https:\/\/viqtor.eu\/"},{"@type":"ListItem","position":2,"name":"Le guide Viqtor de la donn\u00e9e personnelle"}]},{"@type":"WebSite","@id":"https:\/\/viqtor.eu\/#website","url":"https:\/\/viqtor.eu\/","name":"Viqtor","description":"Faites du RGPD une opportunit\u00e9 pour votre entreprise.","publisher":{"@id":"https:\/\/viqtor.eu\/#organization"},"potentialAction":[{"@type":"SearchAction","target":{"@type":"EntryPoint","urlTemplate":"https:\/\/viqtor.eu\/?s={search_term_string}"},"query-input":{"@type":"PropertyValueSpecification","valueRequired":true,"valueName":"search_term_string"}}],"inLanguage":"es"},{"@type":"Organization","@id":"https:\/\/viqtor.eu\/#organization","name":"viqtor.eu","url":"https:\/\/viqtor.eu\/","logo":{"@type":"ImageObject","inLanguage":"es","@id":"https:\/\/viqtor.eu\/#\/schema\/logo\/image\/","url":"https:\/\/viqtor.eu\/wp-content\/uploads\/2023\/06\/favicon-noir.svg","contentUrl":"https:\/\/viqtor.eu\/wp-content\/uploads\/2023\/06\/favicon-noir.svg","width":108,"height":86,"caption":"viqtor.eu"},"image":{"@id":"https:\/\/viqtor.eu\/#\/schema\/logo\/image\/"}}]}},"_links":{"self":[{"href":"https:\/\/viqtor.eu\/es\/wp-json\/wp\/v2\/pages\/8065","targetHints":{"allow":["GET"]}}],"collection":[{"href":"https:\/\/viqtor.eu\/es\/wp-json\/wp\/v2\/pages"}],"about":[{"href":"https:\/\/viqtor.eu\/es\/wp-json\/wp\/v2\/types\/page"}],"author":[{"embeddable":true,"href":"https:\/\/viqtor.eu\/es\/wp-json\/wp\/v2\/users\/1"}],"replies":[{"embeddable":true,"href":"https:\/\/viqtor.eu\/es\/wp-json\/wp\/v2\/comments?post=8065"}],"version-history":[{"count":104,"href":"https:\/\/viqtor.eu\/es\/wp-json\/wp\/v2\/pages\/8065\/revisions"}],"predecessor-version":[{"id":12452,"href":"https:\/\/viqtor.eu\/es\/wp-json\/wp\/v2\/pages\/8065\/revisions\/12452"}],"wp:attachment":[{"href":"https:\/\/viqtor.eu\/es\/wp-json\/wp\/v2\/media?parent=8065"}],"curies":[{"name":"wp","href":"https:\/\/api.w.org\/{rel}","templated":true}]}}