{"id":6522,"date":"2023-05-10T15:50:27","date_gmt":"2023-05-10T15:50:27","guid":{"rendered":"https:\/\/viqtor.eu\/?page_id=6522"},"modified":"2023-07-24T10:19:18","modified_gmt":"2023-07-24T10:19:18","slug":"mentions-legales","status":"publish","type":"page","link":"https:\/\/viqtor.eu\/es\/mentions-legales\/","title":{"rendered":"Avisos legales"},"content":{"rendered":"<div data-elementor-type=\"wp-page\" data-elementor-id=\"6522\" class=\"elementor elementor-6522\" data-elementor-post-type=\"page\">\n\t\t\t\t\t\t<section class=\"elementor-section elementor-top-section elementor-element elementor-element-747390f0 ot-traditional elementor-section-boxed elementor-section-height-default elementor-section-height-default\" data-id=\"747390f0\" data-element_type=\"section\">\n\t\t\t\t\t\t<div class=\"elementor-container elementor-column-gap-default\">\n\t\t\t\t\t<div class=\"elementor-column elementor-col-100 elementor-top-column elementor-element elementor-element-2fbcdc64 ot-flex-column-vertical\" data-id=\"2fbcdc64\" data-element_type=\"column\">\n\t\t\t<div class=\"elementor-widget-wrap elementor-element-populated\">\n\t\t\t\t\t\t<div class=\"elementor-element elementor-element-69294830 elementor-widget elementor-widget-text-editor\" data-id=\"69294830\" data-element_type=\"widget\" data-widget_type=\"text-editor.default\">\n\t\t\t\t<div class=\"elementor-widget-container\">\n\t\t\t\t\t\t\t<!-- wp:paragraph -->\n<p><\/p>\n<!-- \/wp:paragraph -->\n\n<!-- wp:list {\"ordered\":true} -->\n<ol><!-- wp:list-item -->\n<li><strong>PRESENTACI\u00d3N DEL SITIO.<\/strong><\/li>\n<!-- \/wp:list-item --><\/ol>\n<!-- \/wp:list -->\n\n<!-- wp:paragraph -->\n<p>De conformidad con el art\u00edculo 6 de la Ley n.\u00ba 2004-575, de 21 de junio de 2004, relativa a la confianza en la econom\u00eda digital, se informa a los usuarios del sitio https:\/\/viqtor.eu de la identidad de los distintos agentes implicados en su creaci\u00f3n y seguimiento:<\/p>\n<!-- \/wp:paragraph -->\n\n<!-- wp:paragraph -->\n<p>Propietario: DBWO<\/p>\n<!-- \/wp:paragraph -->\n\n<!-- wp:paragraph -->\n<p>Creador: ACTIVATION \/ VENISE HBA, SAS con un capital de 37.000 \u20ac RCS NANTERRE 350 130 019, 37\/41 rue Fernand PELLOUTIER \u2013 92100 BOULOGNE-BILLANCOURT<\/p>\n<!-- \/wp:paragraph -->\n\n<!-- wp:paragraph -->\n<p>Director de publicaci\u00f3n: Bruno Dumay<\/p>\n<!-- \/wp:paragraph -->\n\n<!-- wp:paragraph -->\n<p>Anfitri\u00f3n: OVH SAS con un capital de 10.069.020 \u20ac \u2013 RCS Lille M\u00e9tropole 424 761 419 00045, 2 rue Kellermann \u2013 59100 Roubaix<\/p>\n<!-- \/wp:paragraph -->\n\n<!-- wp:list {\"ordered\":true,\"start\":2} -->\n<ol start=\"2\"><!-- wp:list-item -->\n<li><strong>CONDICIONES GENERALES DE USO DEL SITIO Y SERVICIOS OFRECIDOS.<\/strong><\/li>\n<!-- \/wp:list-item --><\/ol>\n<!-- \/wp:list -->\n\n<!-- wp:paragraph -->\n<p>El uso del sitio web https:\/\/viqtor.eu implica la plena aceptaci\u00f3n de las condiciones generales de uso que se describen a continuaci\u00f3n. Estas condiciones de uso podr\u00e1n modificarse o complementarse en cualquier momento.<\/p>\n<!-- \/wp:paragraph -->\n\n<!-- wp:paragraph -->\n<p>Este sitio web suele estar disponible para los usuarios en todo momento. Sin embargo, DBWO podr\u00eda interrumpir su funcionamiento por razones de mantenimiento t\u00e9cnico y se esforzar\u00e1 por informar a los usuarios con antelaci\u00f3n sobre las fechas y horas de la intervenci\u00f3n.<\/p>\n<!-- \/wp:paragraph -->\n\n<!-- wp:paragraph -->\n<p>El sitio web https:\/\/viqtor.eu es actualizado peri\u00f3dicamente por DBWO. Asimismo, los avisos legales pueden modificarse en cualquier momento; sin embargo, son vinculantes para el usuario, quien se le invita a consultarlos con la mayor frecuencia posible para estar al tanto.<\/p>\n<!-- \/wp:paragraph -->\n\n<!-- wp:list {\"ordered\":true,\"start\":3} -->\n<ol start=\"3\"><!-- wp:list-item -->\n<li><strong>DESCRIPCI\u00d3N DE LOS SERVICIOS PRESTADOS.<\/strong><\/li>\n<!-- \/wp:list-item --><\/ol>\n<!-- \/wp:list -->\n\n<!-- wp:paragraph -->\n<p>El objetivo del sitio web https:\/\/viqtor.eu es proporcionar informaci\u00f3n relativa a todas las actividades de la empresa.<\/p>\n<!-- \/wp:paragraph -->\n\n<!-- wp:paragraph -->\n<p>DBWO se esfuerza por proporcionar la informaci\u00f3n m\u00e1s precisa posible en el sitio web https:\/\/viqtor.eu. Sin embargo, no se responsabiliza de omisiones, inexactitudes o deficiencias en la actualizaci\u00f3n, ya sean causadas por ella misma o por terceros colaboradores que proporcionen esta informaci\u00f3n.<\/p>\n<!-- \/wp:paragraph -->\n\n<!-- wp:paragraph -->\n<p>Toda la informaci\u00f3n proporcionada en el sitio web https:\/\/viqtor.eu se ofrece \u00fanicamente con fines informativos y est\u00e1 sujeta a cambios. Adem\u00e1s, la informaci\u00f3n del sitio web https:\/\/viqtor.eu no es exhaustiva. Se proporciona sujeta a los cambios que se hayan realizado desde su publicaci\u00f3n en l\u00ednea.<\/p>\n<!-- \/wp:paragraph -->\n\n<!-- wp:list {\"ordered\":true,\"start\":4} -->\n<ol start=\"4\"><!-- wp:list-item -->\n<li><strong>LIMITACIONES CONTRACTUALES DE LOS DATOS T\u00c9CNICOS.<\/strong><\/li>\n<!-- \/wp:list-item --><\/ol>\n<!-- \/wp:list -->\n\n<!-- wp:paragraph -->\n<p>El sitio utiliza la tecnolog\u00eda: HTML\/CSS\/MsQL<\/p>\n<!-- \/wp:paragraph -->\n\n<!-- wp:paragraph -->\n<p>El sitio web no se responsabiliza de los da\u00f1os materiales relacionados con su uso. Adem\u00e1s, el usuario se compromete a acceder al sitio con un equipo reciente, libre de virus y con un navegador de \u00faltima generaci\u00f3n.<\/p>\n<!-- \/wp:paragraph -->\n\n<!-- wp:list {\"ordered\":true,\"start\":5} -->\n<ol start=\"5\"><!-- wp:list-item -->\n<li><strong>PROPIEDAD INTELECTUAL Y FALSIFICACI\u00d3N.<\/strong><\/li>\n<!-- \/wp:list-item --><\/ol>\n<!-- \/wp:list -->\n\n<!-- wp:paragraph -->\n<p>DBWO posee los derechos de propiedad intelectual o tiene los derechos de uso sobre todos los elementos accesibles en el sitio, en particular textos, im\u00e1genes, gr\u00e1ficos, logotipos, iconos, sonidos, software.<\/p>\n<!-- \/wp:paragraph -->\n\n<!-- wp:paragraph -->\n<p>Cualquier reproducci\u00f3n, representaci\u00f3n, modificaci\u00f3n, publicaci\u00f3n, adaptaci\u00f3n de todo o parte de los elementos del sitio, cualquiera que sea el medio o procedimiento utilizado, queda prohibida, salvo autorizaci\u00f3n previa por escrito de DBWO.<\/p>\n<!-- \/wp:paragraph -->\n\n<!-- wp:paragraph -->\n<p>Cualquier utilizaci\u00f3n no autorizada del sitio o de cualquiera de los elementos que contiene se considerar\u00e1 una infracci\u00f3n y ser\u00e1 perseguida de conformidad con las disposiciones de los art\u00edculos L.335-2 y siguientes del C\u00f3digo de Propiedad Intelectual.<\/p>\n<!-- \/wp:paragraph -->\n\n<!-- wp:list {\"ordered\":true,\"start\":6} -->\n<ol start=\"6\"><!-- wp:list-item -->\n<li><strong>LIMITACIONES DE RESPONSABILIDAD.<\/strong><\/li>\n<!-- \/wp:list-item --><\/ol>\n<!-- \/wp:list -->\n\n<!-- wp:paragraph -->\n<p>DBWO no se hace responsable de los da\u00f1os directos o indirectos causados al equipo del usuario al acceder al sitio, y que resulten ya sea del uso de un equipo que no cumpla con las especificaciones indicadas en el punto 4, ya sea de la aparici\u00f3n de un error o incompatibilidad.<\/p>\n<!-- \/wp:paragraph -->\n\n<!-- wp:paragraph -->\n<p>DBWO no se hace responsable de da\u00f1os indirectos (como p\u00e9rdida de mercado o p\u00e9rdida de oportunidad) resultantes del uso del sitio www.dbwo.legal.<\/p>\n<!-- \/wp:paragraph -->\n\n<!-- wp:paragraph -->\n<p>Los usuarios tienen a su disposici\u00f3n espacios interactivos (posibilidad de hacer preguntas en el \u00e1rea de contacto). DBWO se reserva el derecho de eliminar, sin previo aviso, cualquier contenido publicado en este espacio que infrinja la legislaci\u00f3n aplicable en Francia, en particular las disposiciones relativas a la protecci\u00f3n de datos. En su caso, DBWO tambi\u00e9n se reserva el derecho de exigir responsabilidad civil y\/o penal al usuario, en particular en caso de mensajes de car\u00e1cter racista, insultante, difamatorio o pornogr\u00e1fico, independientemente del medio utilizado (texto, fotograf\u00eda, etc.).<\/p>\n<!-- \/wp:paragraph -->\n\n<!-- wp:list {\"ordered\":true,\"start\":7} -->\n<ol start=\"7\"><!-- wp:list-item -->\n<li><strong>GESTI\u00d3N DE DATOS PERSONALES.<\/strong><\/li>\n<!-- \/wp:list-item --><\/ol>\n<!-- \/wp:list -->\n\n<!-- wp:paragraph -->\n<p>En Francia, los datos personales est\u00e1n protegidos en particular por la Ley n.\u00ba 78-87 del 6 de enero de 1978, la Ley n.\u00ba 2004-801 del 6 de agosto de 2004, el art\u00edculo L. 226-13 del C\u00f3digo Penal, el Reglamento relativo a la protecci\u00f3n de las personas f\u00edsicas en lo que respecta al tratamiento de datos personales y a la libre circulaci\u00f3n de estos datos y por el que se deroga la Directiva 95\/46\/CE (Reglamento general de protecci\u00f3n de datos) y la Ley n.\u00ba 2018-493 del 20 de junio de 2018 relativa a la protecci\u00f3n de datos personales.<\/p>\n<!-- \/wp:paragraph -->\n\n<!-- wp:paragraph -->\n<p>Al utilizar el sitio https:\/\/viqtor.eu, se podr\u00e1n recopilar los siguientes datos: la URL de los enlaces a trav\u00e9s de los cuales el usuario accedi\u00f3 al sitio https:\/\/viqtor.eu, el proveedor de acceso del usuario, la direcci\u00f3n de Protocolo de Internet (IP) del usuario.<\/p>\n<!-- \/wp:paragraph -->\n\n<!-- wp:paragraph -->\n<p>En cualquier caso, DBWO solo recopila informaci\u00f3n personal del usuario para ciertos servicios ofrecidos por el sitio https:\/\/viqtor.eu. El usuario proporciona esta informaci\u00f3n con pleno conocimiento de causa, especialmente cuando la introduce \u00e9l mismo. Se le informa entonces si est\u00e1 obligado a proporcionar esta informaci\u00f3n.<\/p>\n<!-- \/wp:paragraph -->\n\n<!-- wp:paragraph -->\n<p>De conformidad con lo dispuesto en los art\u00edculos 38 y siguientes de la Ley 78-17, de 6 de enero de 1978, relativa a la inform\u00e1tica, los archivos y las libertades, todo usuario dispone de un derecho de acceso, rectificaci\u00f3n y oposici\u00f3n a los datos personales que le conciernen, presentando su solicitud escrita y firmada, acompa\u00f1ada de una copia del documento de identidad con la firma del titular del documento, especificando la direcci\u00f3n a la que debe enviarse la respuesta.<\/p>\n<!-- \/wp:paragraph -->\n\n<!-- wp:paragraph -->\n<p>Ning\u00fan dato personal del usuario del sitio https:\/\/viqtor.eu se publica sin el conocimiento del usuario, ni se intercambia, transfiere, cede o vende en ning\u00fan medio a terceros.<\/p>\n<!-- \/wp:paragraph -->\n\n<!-- wp:paragraph -->\n<p>Las bases de datos est\u00e1n protegidas por las disposiciones de la Ley de 1 de julio de 1998 por la que se transpone la Directiva 96\/9, de 11 de marzo de 1996, relativa a la protecci\u00f3n jur\u00eddica de las bases de datos.<\/p>\n<!-- \/wp:paragraph -->\n\n<!-- wp:list {\"ordered\":true,\"start\":8} -->\n<ol start=\"8\"><!-- wp:list-item -->\n<li><strong>ENLACES DE HIPERTEXTO Y COOKIES.<\/strong><\/li>\n<!-- \/wp:list-item --><\/ol>\n<!-- \/wp:list -->\n\n<!-- wp:paragraph -->\n<p>El sitio https:\/\/viqtor.eu contiene varios hiperv\u00ednculos a otros sitios, creados con la autorizaci\u00f3n de DBWO. Sin embargo, DBWO no puede verificar el contenido de los sitios visitados y, por lo tanto, no asumir\u00e1 ninguna responsabilidad al respecto.<\/p>\n<!-- \/wp:paragraph -->\n\n<!-- wp:paragraph -->\n<p>La navegaci\u00f3n por el sitio https:\/\/viqtor.eu puede provocar la instalaci\u00f3n de cookies en el ordenador del usuario. Una cookie es un peque\u00f1o archivo que no permite la identificaci\u00f3n del usuario, pero que registra informaci\u00f3n sobre la navegaci\u00f3n del ordenador en un sitio web. Los datos as\u00ed obtenidos tienen como objetivo facilitar la navegaci\u00f3n posterior en el sitio y permitir diversas mediciones de tr\u00e1fico.<\/p>\n<!-- \/wp:paragraph -->\n\n<!-- wp:paragraph -->\n<p>Rechazar la instalaci\u00f3n de una cookie puede impedir el acceso a ciertos servicios. Sin embargo, el usuario puede configurar su ordenador de la siguiente manera para rechazar la instalaci\u00f3n de cookies:<\/p>\n<!-- \/wp:paragraph -->\n\n<!-- wp:paragraph -->\n<p>En Internet Explorer: pesta\u00f1a de herramientas (icono de engranaje en la esquina superior derecha) \/ Opciones de Internet.<\/p>\n<!-- \/wp:paragraph -->\n\n<!-- wp:paragraph -->\n<p>Haz clic en Privacidad y selecciona Bloquear todas las cookies. Confirma con Aceptar.<\/p>\n<!-- \/wp:paragraph -->\n\n<!-- wp:paragraph -->\n<p>En Firefox: En la parte superior de la ventana del navegador, haz clic en el bot\u00f3n de Firefox y luego ve a la pesta\u00f1a Opciones. Haz clic en la pesta\u00f1a Privacidad.<\/p>\n<!-- \/wp:paragraph -->\n\n<!-- wp:paragraph -->\n<p>Configura las reglas de retenci\u00f3n en: Usar configuraci\u00f3n personalizada para el historial. Finalmente, desm\u00e1rcala para desactivar las cookies.<\/p>\n<!-- \/wp:paragraph -->\n\n<!-- wp:paragraph -->\n<p>En Safari: Haz clic en el icono del men\u00fa (simbolizado por un engranaje) en la esquina superior derecha del navegador. Selecciona Configuraci\u00f3n. Haz clic en Mostrar configuraci\u00f3n avanzada. En la secci\u00f3n &quot;Privacidad&quot;, haz clic en Configuraci\u00f3n de contenido. En la secci\u00f3n &quot;Cookies&quot;, puedes bloquear las cookies.<\/p>\n<!-- \/wp:paragraph -->\n\n<!-- wp:paragraph -->\n<p>En Chrome: Haz clic en el icono del men\u00fa (representado por tres l\u00edneas horizontales) en la esquina superior derecha del navegador. Selecciona Configuraci\u00f3n. Haz clic en Mostrar configuraci\u00f3n avanzada.<\/p>\n<!-- \/wp:paragraph -->\n\n<!-- wp:paragraph -->\n<p>En la secci\u00f3n &quot;Privacidad&quot;, haz clic en &quot;Preferencias&quot;. En la pesta\u00f1a &quot;Privacidad&quot;, puedes bloquear las cookies.<\/p>\n<!-- \/wp:paragraph -->\n\n<!-- wp:list {\"ordered\":true,\"start\":9} -->\n<ol start=\"9\"><!-- wp:list-item -->\n<li><strong>LEY APLICABLE Y JURISDICCI\u00d3N.<\/strong><\/li>\n<!-- \/wp:list-item --><\/ol>\n<!-- \/wp:list -->\n\n<!-- wp:paragraph -->\n<p>Cualquier controversia relacionada con el uso del sitio web https:\/\/viqtor.eu se rige por la legislaci\u00f3n francesa. Los tribunales ordinarios y los tribunales de Angulema son los \u00fanicos competentes en caso de litigio con un profesional.<\/p>\n<!-- \/wp:paragraph -->\n\n<!-- wp:list {\"ordered\":true,\"start\":10} -->\n<ol start=\"10\"><!-- wp:list-item -->\n<li><strong>PRINCIPALES LEYES AFECTADAS.<\/strong><\/li>\n<!-- \/wp:list-item --><\/ol>\n<!-- \/wp:list -->\n\n<!-- wp:paragraph -->\n<p>Reglamento relativo a la protecci\u00f3n de las personas f\u00edsicas en lo que respecta al tratamiento de datos personales y a la libre circulaci\u00f3n de estos datos y por el que se deroga la Directiva 95\/46\/CE (Reglamento general de protecci\u00f3n de datos)<\/p>\n<!-- \/wp:paragraph -->\n\n<!-- wp:paragraph -->\n<p>LEY N\u00b0 2018-493 del 20 de junio de 2018 relativa a la protecci\u00f3n de datos personales<\/p>\n<!-- \/wp:paragraph -->\n\n<!-- wp:paragraph -->\n<p>Ley n\u00ba 78-87 del 6 de enero de 1978, modificada en particular por la Ley n\u00ba 2004-801 del 6 de agosto de 2004 relativa a la inform\u00e1tica, los archivos y las libertades.<\/p>\n<!-- \/wp:paragraph -->\n\n<!-- wp:paragraph -->\n<p>Ley n\u00ba 2004-575, de 21 de junio de 2004, relativa a la confianza en la econom\u00eda digital.<\/p>\n<!-- \/wp:paragraph -->\n\n<!-- wp:list {\"ordered\":true,\"start\":11} -->\n<ol start=\"11\"><!-- wp:list-item -->\n<li><strong>L\u00c9XICO.<\/strong><\/li>\n<!-- \/wp:list-item --><\/ol>\n<!-- \/wp:list -->\n\n<!-- wp:paragraph -->\n<p>Usuario: Usuario de Internet que se conecta y utiliza el sitio mencionado anteriormente.<\/p>\n<!-- \/wp:paragraph -->\n\n<!-- wp:paragraph -->\n<p>Informaci\u00f3n personal: \u00abinformaci\u00f3n que permita, bajo cualquier forma, directa o indirectamente, la identificaci\u00f3n de las personas f\u00edsicas a las que se aplica\u00bb (art\u00edculo 4 de la ley n.\u00ba 78-17 del 6 de enero de 1978).<\/p>\n<!-- \/wp:paragraph -->\n\n<!-- wp:paragraph -->\n<p><\/p>\n<!-- \/wp:paragraph -->\t\t\t\t\t\t<\/div>\n\t\t\t\t<\/div>\n\t\t\t\t\t<\/div>\n\t\t<\/div>\n\t\t\t\t\t<\/div>\n\t\t<\/section>\n\t\t\t\t<\/div>","protected":false},"excerpt":{"rendered":"<p>En vertu de l\u2019article 6 de la loi n\u00b0 2004-575 du 21 juin 2004 pour la confiance dans l\u2019\u00e9conomie num\u00e9rique, il est pr\u00e9cis\u00e9 aux utilisateurs du site https:\/\/viqtor.eu l\u2019identit\u00e9 des diff\u00e9rents intervenants dans le cadre de sa r\u00e9alisation et de son suivi : Propri\u00e9taire : DBWO Cr\u00e9ateur : ACTIVATION \/ VENISE HBA, SAS au capital [&hellip;]<\/p>","protected":false},"author":1,"featured_media":0,"parent":0,"menu_order":0,"comment_status":"closed","ping_status":"closed","template":"","meta":{"_acf_changed":false,"footnotes":""},"class_list":["post-6522","page","type-page","status-publish","hentry"],"acf":[],"yoast_head":"<!-- This site is optimized with the Yoast SEO plugin v23.6 - https:\/\/yoast.com\/wordpress\/plugins\/seo\/ -->\n<title>Mentions l\u00e9gales - Viqtor<\/title>\n<meta name=\"robots\" content=\"noindex, nofollow\" \/>\n<meta property=\"og:locale\" content=\"es_ES\" \/>\n<meta property=\"og:type\" content=\"article\" \/>\n<meta property=\"og:title\" content=\"Mentions l\u00e9gales - Viqtor\" \/>\n<meta property=\"og:description\" content=\"En vertu de l\u2019article 6 de la loi n\u00b0 2004-575 du 21 juin 2004 pour la confiance dans l\u2019\u00e9conomie num\u00e9rique, il est pr\u00e9cis\u00e9 aux utilisateurs du site https:\/\/viqtor.eu l\u2019identit\u00e9 des diff\u00e9rents intervenants dans le cadre de sa r\u00e9alisation et de son suivi : Propri\u00e9taire : DBWO Cr\u00e9ateur : ACTIVATION \/ VENISE HBA, SAS au capital [&hellip;]\" \/>\n<meta property=\"og:url\" content=\"https:\/\/viqtor.eu\/es\/mentions-legales\/\" \/>\n<meta property=\"og:site_name\" content=\"Viqtor\" \/>\n<meta property=\"article:modified_time\" content=\"2023-07-24T10:19:18+00:00\" \/>\n<meta name=\"twitter:card\" content=\"summary_large_image\" \/>\n<meta name=\"twitter:label1\" content=\"Tiempo de lectura\" \/>\n\t<meta name=\"twitter:data1\" content=\"8 minutos\" \/>\n<script type=\"application\/ld+json\" class=\"yoast-schema-graph\">{\"@context\":\"https:\/\/schema.org\",\"@graph\":[{\"@type\":\"WebPage\",\"@id\":\"https:\/\/viqtor.eu\/mentions-legales\/\",\"url\":\"https:\/\/viqtor.eu\/mentions-legales\/\",\"name\":\"Mentions l\u00e9gales - Viqtor\",\"isPartOf\":{\"@id\":\"https:\/\/viqtor.eu\/#website\"},\"datePublished\":\"2023-05-10T15:50:27+00:00\",\"dateModified\":\"2023-07-24T10:19:18+00:00\",\"breadcrumb\":{\"@id\":\"https:\/\/viqtor.eu\/mentions-legales\/#breadcrumb\"},\"inLanguage\":\"es\",\"potentialAction\":[{\"@type\":\"ReadAction\",\"target\":[\"https:\/\/viqtor.eu\/mentions-legales\/\"]}]},{\"@type\":\"BreadcrumbList\",\"@id\":\"https:\/\/viqtor.eu\/mentions-legales\/#breadcrumb\",\"itemListElement\":[{\"@type\":\"ListItem\",\"position\":1,\"name\":\"Accueil\",\"item\":\"https:\/\/viqtor.eu\/\"},{\"@type\":\"ListItem\",\"position\":2,\"name\":\"Mentions l\u00e9gales\"}]},{\"@type\":\"WebSite\",\"@id\":\"https:\/\/viqtor.eu\/#website\",\"url\":\"https:\/\/viqtor.eu\/\",\"name\":\"Viqtor\",\"description\":\"Faites du RGPD une opportunit\u00e9 pour votre entreprise.\",\"publisher\":{\"@id\":\"https:\/\/viqtor.eu\/#organization\"},\"potentialAction\":[{\"@type\":\"SearchAction\",\"target\":{\"@type\":\"EntryPoint\",\"urlTemplate\":\"https:\/\/viqtor.eu\/?s={search_term_string}\"},\"query-input\":{\"@type\":\"PropertyValueSpecification\",\"valueRequired\":true,\"valueName\":\"search_term_string\"}}],\"inLanguage\":\"es\"},{\"@type\":\"Organization\",\"@id\":\"https:\/\/viqtor.eu\/#organization\",\"name\":\"viqtor.eu\",\"url\":\"https:\/\/viqtor.eu\/\",\"logo\":{\"@type\":\"ImageObject\",\"inLanguage\":\"es\",\"@id\":\"https:\/\/viqtor.eu\/#\/schema\/logo\/image\/\",\"url\":\"https:\/\/viqtor.eu\/wp-content\/uploads\/2023\/06\/favicon-noir.svg\",\"contentUrl\":\"https:\/\/viqtor.eu\/wp-content\/uploads\/2023\/06\/favicon-noir.svg\",\"width\":108,\"height\":86,\"caption\":\"viqtor.eu\"},\"image\":{\"@id\":\"https:\/\/viqtor.eu\/#\/schema\/logo\/image\/\"}}]}<\/script>\n<!-- \/ Yoast SEO plugin. -->","yoast_head_json":{"title":"Mentions l\u00e9gales - Viqtor","robots":{"index":"noindex","follow":"nofollow"},"og_locale":"es_ES","og_type":"article","og_title":"Mentions l\u00e9gales - Viqtor","og_description":"En vertu de l\u2019article 6 de la loi n\u00b0 2004-575 du 21 juin 2004 pour la confiance dans l\u2019\u00e9conomie num\u00e9rique, il est pr\u00e9cis\u00e9 aux utilisateurs du site https:\/\/viqtor.eu l\u2019identit\u00e9 des diff\u00e9rents intervenants dans le cadre de sa r\u00e9alisation et de son suivi : Propri\u00e9taire : DBWO Cr\u00e9ateur : ACTIVATION \/ VENISE HBA, SAS au capital [&hellip;]","og_url":"https:\/\/viqtor.eu\/es\/mentions-legales\/","og_site_name":"Viqtor","article_modified_time":"2023-07-24T10:19:18+00:00","twitter_card":"summary_large_image","twitter_misc":{"Tiempo de lectura":"8 minutos"},"schema":{"@context":"https:\/\/schema.org","@graph":[{"@type":"WebPage","@id":"https:\/\/viqtor.eu\/mentions-legales\/","url":"https:\/\/viqtor.eu\/mentions-legales\/","name":"Mentions l\u00e9gales - Viqtor","isPartOf":{"@id":"https:\/\/viqtor.eu\/#website"},"datePublished":"2023-05-10T15:50:27+00:00","dateModified":"2023-07-24T10:19:18+00:00","breadcrumb":{"@id":"https:\/\/viqtor.eu\/mentions-legales\/#breadcrumb"},"inLanguage":"es","potentialAction":[{"@type":"ReadAction","target":["https:\/\/viqtor.eu\/mentions-legales\/"]}]},{"@type":"BreadcrumbList","@id":"https:\/\/viqtor.eu\/mentions-legales\/#breadcrumb","itemListElement":[{"@type":"ListItem","position":1,"name":"Accueil","item":"https:\/\/viqtor.eu\/"},{"@type":"ListItem","position":2,"name":"Mentions l\u00e9gales"}]},{"@type":"WebSite","@id":"https:\/\/viqtor.eu\/#website","url":"https:\/\/viqtor.eu\/","name":"Viqtor","description":"Faites du RGPD une opportunit\u00e9 pour votre entreprise.","publisher":{"@id":"https:\/\/viqtor.eu\/#organization"},"potentialAction":[{"@type":"SearchAction","target":{"@type":"EntryPoint","urlTemplate":"https:\/\/viqtor.eu\/?s={search_term_string}"},"query-input":{"@type":"PropertyValueSpecification","valueRequired":true,"valueName":"search_term_string"}}],"inLanguage":"es"},{"@type":"Organization","@id":"https:\/\/viqtor.eu\/#organization","name":"viqtor.eu","url":"https:\/\/viqtor.eu\/","logo":{"@type":"ImageObject","inLanguage":"es","@id":"https:\/\/viqtor.eu\/#\/schema\/logo\/image\/","url":"https:\/\/viqtor.eu\/wp-content\/uploads\/2023\/06\/favicon-noir.svg","contentUrl":"https:\/\/viqtor.eu\/wp-content\/uploads\/2023\/06\/favicon-noir.svg","width":108,"height":86,"caption":"viqtor.eu"},"image":{"@id":"https:\/\/viqtor.eu\/#\/schema\/logo\/image\/"}}]}},"_links":{"self":[{"href":"https:\/\/viqtor.eu\/es\/wp-json\/wp\/v2\/pages\/6522","targetHints":{"allow":["GET"]}}],"collection":[{"href":"https:\/\/viqtor.eu\/es\/wp-json\/wp\/v2\/pages"}],"about":[{"href":"https:\/\/viqtor.eu\/es\/wp-json\/wp\/v2\/types\/page"}],"author":[{"embeddable":true,"href":"https:\/\/viqtor.eu\/es\/wp-json\/wp\/v2\/users\/1"}],"replies":[{"embeddable":true,"href":"https:\/\/viqtor.eu\/es\/wp-json\/wp\/v2\/comments?post=6522"}],"version-history":[{"count":6,"href":"https:\/\/viqtor.eu\/es\/wp-json\/wp\/v2\/pages\/6522\/revisions"}],"predecessor-version":[{"id":6532,"href":"https:\/\/viqtor.eu\/es\/wp-json\/wp\/v2\/pages\/6522\/revisions\/6532"}],"wp:attachment":[{"href":"https:\/\/viqtor.eu\/es\/wp-json\/wp\/v2\/media?parent=6522"}],"curies":[{"name":"wp","href":"https:\/\/api.w.org\/{rel}","templated":true}]}}