{"id":12650,"date":"2025-02-11T10:29:29","date_gmt":"2025-02-11T10:29:29","guid":{"rendered":"https:\/\/viqtor.eu\/?page_id=12650"},"modified":"2025-03-04T18:08:12","modified_gmt":"2025-03-04T18:08:12","slug":"le-guide-viqtor-sur-la-violation-de-donnees","status":"publish","type":"page","link":"https:\/\/viqtor.eu\/en\/le-guide-viqtor-sur-la-violation-de-donnees\/","title":{"rendered":"The Viqtor Guide to Data Breaches"},"content":{"rendered":"<div data-elementor-type=\"wp-page\" data-elementor-id=\"12650\" class=\"elementor elementor-12650\" data-elementor-post-type=\"page\">\n\t\t\t\t\t\t<section class=\"elementor-section elementor-top-section elementor-element elementor-element-487d106 elementor-section-content-middle ot-traditional elementor-section-boxed elementor-section-height-default elementor-section-height-default\" data-id=\"487d106\" data-element_type=\"section\" data-settings=\"{&quot;background_background&quot;:&quot;classic&quot;}\">\n\t\t\t\t\t\t\t<div class=\"elementor-background-overlay\"><\/div>\n\t\t\t\t\t\t\t<div class=\"elementor-container elementor-column-gap-default\">\n\t\t\t\t\t<div class=\"elementor-column elementor-col-100 elementor-top-column elementor-element elementor-element-7cb43dc ot-column-items-center ot-flex-column-vertical\" data-id=\"7cb43dc\" data-element_type=\"column\">\n\t\t\t<div class=\"elementor-widget-wrap elementor-element-populated\">\n\t\t\t\t\t\t<div class=\"elementor-element elementor-element-f174978 elementor-widget__width-initial elementor-widget elementor-widget-iheading\" data-id=\"f174978\" data-element_type=\"widget\" data-widget_type=\"iheading.default\">\n\t\t\t\t<div class=\"elementor-widget-container\">\n\t\t\t\t\t<div class=\"ot-heading\">\r\n\t        \t            <span>\/\/ The Viqtor\u00ae platform<\/span>\r\n\t        <h1 class=\"main-heading\">\n\nViqtor\u00ae: Guide to Data Breach and What to Do\n<\/h1>\t    <\/div>\r\n\t    \t\t<\/div>\n\t\t\t\t<\/div>\n\t\t\t\t\t<\/div>\n\t\t<\/div>\n\t\t\t\t\t<\/div>\n\t\t<\/section>\n\t\t\t\t<section class=\"elementor-section elementor-top-section elementor-element elementor-element-6bfd0a4 ot-traditional elementor-section-boxed elementor-section-height-default elementor-section-height-default\" data-id=\"6bfd0a4\" data-element_type=\"section\">\n\t\t\t\t\t\t<div class=\"elementor-container elementor-column-gap-default\">\n\t\t\t\t\t<div class=\"elementor-column elementor-col-100 elementor-top-column elementor-element elementor-element-9e9d643 ot-flex-column-vertical\" data-id=\"9e9d643\" data-element_type=\"column\">\n\t\t\t<div class=\"elementor-widget-wrap elementor-element-populated\">\n\t\t\t\t\t\t<div class=\"elementor-element elementor-element-4ca1c81 elementor-widget elementor-widget-text-editor\" data-id=\"4ca1c81\" data-element_type=\"widget\" data-widget_type=\"text-editor.default\">\n\t\t\t\t<div class=\"elementor-widget-container\">\n\t\t\t\t\t\t\t<p>Protecting personal data is essential to ensuring the security of your customers&#039; and partners&#039; sensitive information. In a digital environment where cyberattacks are increasingly common, understanding the steps to take in the event of a data breach is crucial to protecting your business and users, and complying with the legal requirements imposed by the GDPR. <strong>Viqtor\u00ae<\/strong> supports you in managing data breaches by offering a platform that complies with the <strong>GDPR<\/strong> and guiding you through each step, from identifying the breach to future prevention.<\/p><h2>1. What to do in the event of a data breach?<\/h2><p>In the event of a data breach, it is crucial to act quickly and in an organized manner to minimize risks. Here are the immediate actions to take:<\/p><p><strong>Identify the nature and extent of the violation<\/strong><\/p><ul><li><strong>Assess the incident<\/strong> : Identify compromised data, such as personal information, passwords, or sensitive data.<\/li><li><strong>Determine the magnitude<\/strong> : estimate the number of people affected and the severity of the privacy breach.<\/li><\/ul><p><strong>Contain and limit the damage<\/strong><\/p><ul><li><strong>Isolate the source<\/strong> : If possible, disconnect compromised systems to prevent further spread.<\/li><li><strong>Secure data<\/strong> : Take steps to limit unauthorized access to affected data.<\/li><\/ul><p><strong>Informing internal stakeholders<\/strong><\/p><ol><li><strong>Inform your team<\/strong> : IT security, risk management and compliance managers must be informed quickly.<\/li><li><strong>Train your employees<\/strong> : make your team aware of the situation and the best practices to adopt to avoid making it worse.<\/li><\/ol><h2>2. Legal steps to follow in case of a data breach<\/h2><p>The GDPR imposes strict obligations in the event of a personal data breach. Here are the main legal steps to follow:<\/p><p><strong>Notify the data protection authority of the breach<\/strong><\/p><ul><li><strong>Notification period<\/strong> : under the GDPR, you must notify the competent authority (CNIL, for example) within 72 hours of becoming aware of the breach.<\/li><li><strong>Contents of the notification<\/strong> : provide information on the nature of the breach, the categories of data affected, the possible consequences and the measures taken to remedy it.<\/li><\/ul><p><strong>Inform the people concerned<\/strong><\/p><ul><li><strong>Notification to individuals<\/strong> : if the violation poses a high risk to the rights and freedoms of individuals, you must inform them without delay.<\/li><li><strong>Content of the information<\/strong> : explain the nature of the breach, the measures taken to contain it and the actions that affected individuals can take to protect themselves.<\/li><\/ul><p><strong>Analyze the causes and take corrective measures.<\/strong><\/p><ul><li><strong>Internal investigation<\/strong> : Identify the cause of the violation to prevent it from happening again.<\/li><li><strong>Corrective measures<\/strong> : implement actions to strengthen security and compliance in the future.<\/li><\/ul>\t\t\t\t\t\t<\/div>\n\t\t\t\t<\/div>\n\t\t\t\t\t<\/div>\n\t\t<\/div>\n\t\t\t\t\t<\/div>\n\t\t<\/section>\n\t\t\t\t<section class=\"elementor-section elementor-top-section elementor-element elementor-element-e58c8b9 ot-traditional elementor-section-boxed elementor-section-height-default elementor-section-height-default\" data-id=\"e58c8b9\" data-element_type=\"section\">\n\t\t\t\t\t\t<div class=\"elementor-container elementor-column-gap-default\">\n\t\t\t\t\t<div class=\"elementor-column elementor-col-50 elementor-top-column elementor-element elementor-element-2ec2fea ot-flex-column-vertical\" data-id=\"2ec2fea\" data-element_type=\"column\">\n\t\t\t<div class=\"elementor-widget-wrap elementor-element-populated\">\n\t\t\t\t\t\t<div class=\"elementor-element elementor-element-b96b62f elementor-widget elementor-widget-image\" data-id=\"b96b62f\" data-element_type=\"widget\" data-widget_type=\"image.default\">\n\t\t\t\t<div class=\"elementor-widget-container\">\n\t\t\t\t\t\t\t\t\t\t\t\t\t<img fetchpriority=\"high\" decoding=\"async\" width=\"1024\" height=\"477\" src=\"https:\/\/viqtor.eu\/wp-content\/uploads\/2023\/08\/Declarer-une-violation-1024x477.webp\" class=\"attachment-large size-large wp-image-9052\" alt=\"violation de donn\u00e9es Viqtor\" srcset=\"https:\/\/viqtor.eu\/wp-content\/uploads\/2023\/08\/Declarer-une-violation-1024x477.webp 1024w, https:\/\/viqtor.eu\/wp-content\/uploads\/2023\/08\/Declarer-une-violation-300x140.webp 300w, https:\/\/viqtor.eu\/wp-content\/uploads\/2023\/08\/Declarer-une-violation-768x358.webp 768w, https:\/\/viqtor.eu\/wp-content\/uploads\/2023\/08\/Declarer-une-violation-720x335.webp 720w, https:\/\/viqtor.eu\/wp-content\/uploads\/2023\/08\/Declarer-une-violation.webp 1536w\" sizes=\"(max-width: 1024px) 100vw, 1024px\" \/>\t\t\t\t\t\t\t\t\t\t\t\t\t<\/div>\n\t\t\t\t<\/div>\n\t\t\t\t\t<\/div>\n\t\t<\/div>\n\t\t\t\t<div class=\"elementor-column elementor-col-50 elementor-top-column elementor-element elementor-element-5e6ca7a ot-flex-column-vertical\" data-id=\"5e6ca7a\" data-element_type=\"column\">\n\t\t\t<div class=\"elementor-widget-wrap elementor-element-populated\">\n\t\t\t\t\t\t<div class=\"elementor-element elementor-element-fc70a7e elementor-widget elementor-widget-image\" data-id=\"fc70a7e\" data-element_type=\"widget\" data-widget_type=\"image.default\">\n\t\t\t\t<div class=\"elementor-widget-container\">\n\t\t\t\t\t\t\t\t\t\t\t\t\t<img decoding=\"async\" width=\"1024\" height=\"476\" src=\"https:\/\/viqtor.eu\/wp-content\/uploads\/2023\/05\/Declarer-une-violation-1024x476.png\" class=\"attachment-large size-large wp-image-7708\" alt=\"D\u00e9clarer une violation RGPD\" srcset=\"https:\/\/viqtor.eu\/wp-content\/uploads\/2023\/05\/Declarer-une-violation-1024x476.png 1024w, https:\/\/viqtor.eu\/wp-content\/uploads\/2023\/05\/Declarer-une-violation-300x140.png 300w, https:\/\/viqtor.eu\/wp-content\/uploads\/2023\/05\/Declarer-une-violation-768x357.png 768w, https:\/\/viqtor.eu\/wp-content\/uploads\/2023\/05\/Declarer-une-violation-1536x715.png 1536w, https:\/\/viqtor.eu\/wp-content\/uploads\/2023\/05\/Declarer-une-violation-720x335.png 720w, https:\/\/viqtor.eu\/wp-content\/uploads\/2023\/05\/Declarer-une-violation.png 1582w\" sizes=\"(max-width: 1024px) 100vw, 1024px\" \/>\t\t\t\t\t\t\t\t\t\t\t\t\t<\/div>\n\t\t\t\t<\/div>\n\t\t\t\t\t<\/div>\n\t\t<\/div>\n\t\t\t\t\t<\/div>\n\t\t<\/section>\n\t\t\t\t<section class=\"elementor-section elementor-top-section elementor-element elementor-element-35ba52a ot-traditional elementor-section-boxed elementor-section-height-default elementor-section-height-default\" data-id=\"35ba52a\" data-element_type=\"section\">\n\t\t\t\t\t\t<div class=\"elementor-container elementor-column-gap-default\">\n\t\t\t\t\t<div class=\"elementor-column elementor-col-100 elementor-top-column elementor-element elementor-element-0cf7b26 ot-flex-column-vertical\" data-id=\"0cf7b26\" data-element_type=\"column\">\n\t\t\t<div class=\"elementor-widget-wrap elementor-element-populated\">\n\t\t\t\t\t\t<div class=\"elementor-element elementor-element-3593ed7 elementor-widget elementor-widget-heading\" data-id=\"3593ed7\" data-element_type=\"widget\" data-widget_type=\"heading.default\">\n\t\t\t\t<div class=\"elementor-widget-container\">\n\t\t\t<h2 class=\"elementor-heading-title elementor-size-large\">3. Crisis communication: How to manage the situation?<\/h2>\t\t<\/div>\n\t\t\t\t<\/div>\n\t\t\t\t\t<\/div>\n\t\t<\/div>\n\t\t\t\t\t<\/div>\n\t\t<\/section>\n\t\t\t\t<section class=\"elementor-section elementor-top-section elementor-element elementor-element-3a23f17 ot-traditional elementor-section-boxed elementor-section-height-default elementor-section-height-default\" data-id=\"3a23f17\" data-element_type=\"section\">\n\t\t\t\t\t\t<div class=\"elementor-container elementor-column-gap-default\">\n\t\t\t\t\t<div class=\"elementor-column elementor-col-100 elementor-top-column elementor-element elementor-element-cf1b7c9 ot-flex-column-vertical\" data-id=\"cf1b7c9\" data-element_type=\"column\">\n\t\t\t<div class=\"elementor-widget-wrap elementor-element-populated\">\n\t\t\t\t\t\t<div class=\"elementor-element elementor-element-3c94449 elementor-widget elementor-widget-text-editor\" data-id=\"3c94449\" data-element_type=\"widget\" data-widget_type=\"text-editor.default\">\n\t\t\t\t<div class=\"elementor-widget-container\">\n\t\t\t\t\t\t\t<p>Communication management is essential to protect your company&#039;s image and maintain customer trust. Here&#039;s how to handle a data breach crisis:<\/p><p><strong>Prepare a clear and transparent message<\/strong><\/p><ul><li><strong>Internal communication<\/strong> : make sure that all stakeholders within the company have a common vision of the situation.<\/li><li><strong>External communication<\/strong> : adapt the message according to the target audience (customers, partners, press), being transparent and providing useful information to resolve the crisis.<\/li><\/ul><p><strong>Ensure constant monitoring<\/strong><\/p><ul><li><strong>Update stakeholders<\/strong> : if the situation evolves, keep stakeholders informed regularly.<\/li><li><strong>Take feedback into account<\/strong> : Answer customer questions and concerns to build trust.<\/li><\/ul><h3>4. Future prevention: how to avoid data breaches?<\/h3><p>Once the crisis is resolved, it is important to take steps to prevent future breaches. Here are some best practices:<\/p><p><strong>Strengthen data security<\/strong><\/p><ul><li><strong>Systems Update<\/strong> : Ensure all software and systems are regularly updated to address vulnerabilities.<\/li><li><strong>Data encryption<\/strong> : Encrypt sensitive information to protect it from unauthorized access.<\/li><\/ul><p><strong>Train employees<\/strong><\/p><ul><li><strong>Security awareness<\/strong> : Organize training sessions for your employees on best practices in data security and the risks associated with breaches.<\/li><li><strong>Regular tests<\/strong> : Perform regular security tests to identify weaknesses in your systems.<\/li><\/ul><p><strong>Implement a violation management policy<\/strong><\/p><ul><li><strong>Action plan<\/strong> : Prepare a detailed action plan to quickly and effectively manage any future violations.<\/li><li><strong>Continuous monitoring<\/strong> : Implement monitoring mechanisms to detect data breaches at an early stage.<\/li><\/ul><p>Management of <strong>data breaches<\/strong> is an essential component of the <strong>GDPR compliance<\/strong>. Thanks to <strong>Viqtor\u00ae,<\/strong> you can ensure that your business is ready to respond quickly and effectively to a <strong>data breach<\/strong>, while protecting user privacy and complying with legal requirements. Following the steps outlined in this guide will help you minimize the impact of a breach and strengthen the security of your systems for the future.<\/p>\t\t\t\t\t\t<\/div>\n\t\t\t\t<\/div>\n\t\t\t\t\t<\/div>\n\t\t<\/div>\n\t\t\t\t\t<\/div>\n\t\t<\/section>\n\t\t\t\t<section class=\"elementor-section elementor-top-section elementor-element elementor-element-77edb27 ot-traditional elementor-section-boxed elementor-section-height-default elementor-section-height-default\" data-id=\"77edb27\" data-element_type=\"section\">\n\t\t\t\t\t\t<div class=\"elementor-container elementor-column-gap-default\">\n\t\t\t\t\t<div class=\"elementor-column elementor-col-100 elementor-top-column elementor-element elementor-element-72942a8 ot-flex-column-vertical\" data-id=\"72942a8\" data-element_type=\"column\">\n\t\t\t<div class=\"elementor-widget-wrap elementor-element-populated\">\n\t\t\t\t\t\t<div class=\"elementor-element elementor-element-0fcf018 elementor-widget elementor-widget-text-editor\" data-id=\"0fcf018\" data-element_type=\"widget\" data-widget_type=\"text-editor.default\">\n\t\t\t\t<div class=\"elementor-widget-container\">\n\t\t\t\t\t\t\t<div><div><div><div><p style=\"text-align: center;\"><span style=\"color: #000000;\"><strong>Download the complete guide for free:<\/strong><\/span><\/p><\/div><\/div><\/div><\/div>\t\t\t\t\t\t<\/div>\n\t\t\t\t<\/div>\n\t\t\t\t\t<\/div>\n\t\t<\/div>\n\t\t\t\t\t<\/div>\n\t\t<\/section>\n\t\t\t\t<section class=\"elementor-section elementor-top-section elementor-element elementor-element-7f22e0c ot-traditional elementor-section-boxed elementor-section-height-default elementor-section-height-default\" data-id=\"7f22e0c\" data-element_type=\"section\">\n\t\t\t\t\t\t<div class=\"elementor-container elementor-column-gap-default\">\n\t\t\t\t\t<div class=\"elementor-column elementor-col-100 elementor-top-column elementor-element elementor-element-d89bd3c ot-flex-column-vertical\" data-id=\"d89bd3c\" data-element_type=\"column\">\n\t\t\t<div class=\"elementor-widget-wrap elementor-element-populated\">\n\t\t\t\t\t\t<div class=\"elementor-element elementor-element-6220207 elementor-widget elementor-widget-text-editor\" data-id=\"6220207\" data-element_type=\"widget\" data-widget_type=\"text-editor.default\">\n\t\t\t\t<div class=\"elementor-widget-container\">\n\t\t\t\t\t\t\t<p><p><form method=\"post\" action=\"https:\/\/viqtor.eu\/wp-admin\/admin-ajax.php?action=tnp&amp;na=s\" class=\"tnp-subscription\" style=\"\">\n<input type=\"hidden\" name=\"nlang\" value=\"\">\n <div class=\"tnp-field tnp-field-email\"><label for=\"tnp-1\">E-mail<\/label>\n<input class=\"tnp-email\" type=\"email\" name=\"ne\" id=\"tnp-1\" value=\"\" placeholder=\"\" required><\/div>\n\u00a0<label> <input name=\"AGREE_TO_TERMS\" required=\"\" type=\"checkbox\" value=\"1\" \/> I consent to the use of my personal data for the sole purpose of processing my download request. We prohibit any other use of this data.<\/label> <label> <input name=\"AGREE_TO_TERMS\" required=\"\" type=\"checkbox\" value=\"1\" \/>I agree to receive periodic information regarding Viqtor service offers.<\/label>\u00a0 \u00a0 \u00a0 \u00a0 \u00a0 \u00a0 \u00a0 \u00a0 \u00a0 \u00a0 \u00a0 \u00a0 \u00a0 \u00a0 \u00a0 \u00a0 \u00a0 \u00a0 \u00a0 \u00a0 <div class=\"tnp-field tnp-field-button\" style=\"text-align: left\"><input class=\"tnp-submit\" type=\"submit\" value=\"Receive the guide\" style=\"\">\n<\/div>\n<\/form><\/p><\/p>\t\t\t\t\t\t<\/div>\n\t\t\t\t<\/div>\n\t\t\t\t\t<\/div>\n\t\t<\/div>\n\t\t\t\t\t<\/div>\n\t\t<\/section>\n\t\t\t\t<\/div>","protected":false},"excerpt":{"rendered":"<p>\/\/ The Viqtor\u00ae platform: Viqtor\u00ae: Guide to data breaches and the steps to take. Protecting personal data is essential to ensuring the security of your customers&#039; and partners&#039; sensitive information. In a digital environment where cyberattacks are increasingly frequent, understanding the steps to take in [\u2026]<\/p>","protected":false},"author":1,"featured_media":0,"parent":0,"menu_order":0,"comment_status":"closed","ping_status":"closed","template":"","meta":{"_acf_changed":false,"footnotes":""},"class_list":["post-12650","page","type-page","status-publish","hentry"],"acf":[],"yoast_head":"<!-- This site is optimized with the Yoast SEO plugin v23.6 - https:\/\/yoast.com\/wordpress\/plugins\/seo\/ -->\n<title>Le guide Viqtor sur la violation de donn\u00e9es<\/title>\n<meta name=\"description\" content=\"Le guide Viqtor sur la violation de donn\u00e9es : causes et solutions pour prot\u00e9ger votre entreprise contre les cybermenaces !\" \/>\n<meta name=\"robots\" content=\"index, follow, max-snippet:-1, max-image-preview:large, max-video-preview:-1\" \/>\n<link rel=\"canonical\" href=\"https:\/\/viqtor.eu\/en\/le-guide-viqtor-sur-la-violation-de-donnees\/\" \/>\n<meta property=\"og:locale\" content=\"en_US\" \/>\n<meta property=\"og:type\" content=\"article\" \/>\n<meta property=\"og:title\" content=\"Le guide Viqtor sur la violation de donn\u00e9es\" \/>\n<meta property=\"og:description\" content=\"Le guide Viqtor sur la violation de donn\u00e9es : causes et solutions pour prot\u00e9ger votre entreprise contre les cybermenaces !\" \/>\n<meta property=\"og:url\" content=\"https:\/\/viqtor.eu\/en\/le-guide-viqtor-sur-la-violation-de-donnees\/\" \/>\n<meta property=\"og:site_name\" content=\"Viqtor\" \/>\n<meta property=\"article:modified_time\" content=\"2025-03-04T18:08:12+00:00\" \/>\n<meta property=\"og:image\" content=\"https:\/\/viqtor.eu\/wp-content\/uploads\/2026\/04\/widget-viqtor.png\" \/>\n<meta name=\"twitter:card\" content=\"summary_large_image\" \/>\n<meta name=\"twitter:label1\" content=\"Est. reading time\" \/>\n\t<meta name=\"twitter:data1\" content=\"5 minutes\" \/>\n<script type=\"application\/ld+json\" class=\"yoast-schema-graph\">{\"@context\":\"https:\/\/schema.org\",\"@graph\":[{\"@type\":\"WebPage\",\"@id\":\"https:\/\/viqtor.eu\/le-guide-viqtor-sur-la-violation-de-donnees\/\",\"url\":\"https:\/\/viqtor.eu\/le-guide-viqtor-sur-la-violation-de-donnees\/\",\"name\":\"Le guide Viqtor sur la violation de donn\u00e9es\",\"isPartOf\":{\"@id\":\"https:\/\/viqtor.eu\/#website\"},\"primaryImageOfPage\":{\"@id\":\"https:\/\/viqtor.eu\/le-guide-viqtor-sur-la-violation-de-donnees\/#primaryimage\"},\"image\":{\"@id\":\"https:\/\/viqtor.eu\/le-guide-viqtor-sur-la-violation-de-donnees\/#primaryimage\"},\"thumbnailUrl\":\"https:\/\/viqtor.eu\/wp-content\/uploads\/2023\/08\/Declarer-une-violation-1024x477.webp\",\"datePublished\":\"2025-02-11T10:29:29+00:00\",\"dateModified\":\"2025-03-04T18:08:12+00:00\",\"description\":\"Le guide Viqtor sur la violation de donn\u00e9es : causes et solutions pour prot\u00e9ger votre entreprise contre les cybermenaces !\",\"breadcrumb\":{\"@id\":\"https:\/\/viqtor.eu\/le-guide-viqtor-sur-la-violation-de-donnees\/#breadcrumb\"},\"inLanguage\":\"en-US\",\"potentialAction\":[{\"@type\":\"ReadAction\",\"target\":[\"https:\/\/viqtor.eu\/le-guide-viqtor-sur-la-violation-de-donnees\/\"]}]},{\"@type\":\"ImageObject\",\"inLanguage\":\"en-US\",\"@id\":\"https:\/\/viqtor.eu\/le-guide-viqtor-sur-la-violation-de-donnees\/#primaryimage\",\"url\":\"https:\/\/viqtor.eu\/wp-content\/uploads\/2023\/08\/Declarer-une-violation-1024x477.webp\",\"contentUrl\":\"https:\/\/viqtor.eu\/wp-content\/uploads\/2023\/08\/Declarer-une-violation-1024x477.webp\"},{\"@type\":\"BreadcrumbList\",\"@id\":\"https:\/\/viqtor.eu\/le-guide-viqtor-sur-la-violation-de-donnees\/#breadcrumb\",\"itemListElement\":[{\"@type\":\"ListItem\",\"position\":1,\"name\":\"Accueil\",\"item\":\"https:\/\/viqtor.eu\/\"},{\"@type\":\"ListItem\",\"position\":2,\"name\":\"Le guide Viqtor sur la violation de donn\u00e9es\"}]},{\"@type\":\"WebSite\",\"@id\":\"https:\/\/viqtor.eu\/#website\",\"url\":\"https:\/\/viqtor.eu\/\",\"name\":\"Viqtor\",\"description\":\"Faites du RGPD une opportunit\u00e9 pour votre entreprise.\",\"publisher\":{\"@id\":\"https:\/\/viqtor.eu\/#organization\"},\"potentialAction\":[{\"@type\":\"SearchAction\",\"target\":{\"@type\":\"EntryPoint\",\"urlTemplate\":\"https:\/\/viqtor.eu\/?s={search_term_string}\"},\"query-input\":{\"@type\":\"PropertyValueSpecification\",\"valueRequired\":true,\"valueName\":\"search_term_string\"}}],\"inLanguage\":\"en-US\"},{\"@type\":\"Organization\",\"@id\":\"https:\/\/viqtor.eu\/#organization\",\"name\":\"viqtor.eu\",\"url\":\"https:\/\/viqtor.eu\/\",\"logo\":{\"@type\":\"ImageObject\",\"inLanguage\":\"en-US\",\"@id\":\"https:\/\/viqtor.eu\/#\/schema\/logo\/image\/\",\"url\":\"https:\/\/viqtor.eu\/wp-content\/uploads\/2023\/06\/favicon-noir.svg\",\"contentUrl\":\"https:\/\/viqtor.eu\/wp-content\/uploads\/2023\/06\/favicon-noir.svg\",\"width\":108,\"height\":86,\"caption\":\"viqtor.eu\"},\"image\":{\"@id\":\"https:\/\/viqtor.eu\/#\/schema\/logo\/image\/\"}}]}<\/script>\n<!-- \/ Yoast SEO plugin. -->","yoast_head_json":{"title":"Le guide Viqtor sur la violation de donn\u00e9es","description":"Le guide Viqtor sur la violation de donn\u00e9es : causes et solutions pour prot\u00e9ger votre entreprise contre les cybermenaces !","robots":{"index":"index","follow":"follow","max-snippet":"max-snippet:-1","max-image-preview":"max-image-preview:large","max-video-preview":"max-video-preview:-1"},"canonical":"https:\/\/viqtor.eu\/en\/le-guide-viqtor-sur-la-violation-de-donnees\/","og_locale":"en_US","og_type":"article","og_title":"Le guide Viqtor sur la violation de donn\u00e9es","og_description":"Le guide Viqtor sur la violation de donn\u00e9es : causes et solutions pour prot\u00e9ger votre entreprise contre les cybermenaces !","og_url":"https:\/\/viqtor.eu\/en\/le-guide-viqtor-sur-la-violation-de-donnees\/","og_site_name":"Viqtor","article_modified_time":"2025-03-04T18:08:12+00:00","og_image":[{"url":"https:\/\/viqtor.eu\/wp-content\/uploads\/2026\/04\/widget-viqtor.png"}],"twitter_card":"summary_large_image","twitter_misc":{"Est. reading time":"5 minutes"},"schema":{"@context":"https:\/\/schema.org","@graph":[{"@type":"WebPage","@id":"https:\/\/viqtor.eu\/le-guide-viqtor-sur-la-violation-de-donnees\/","url":"https:\/\/viqtor.eu\/le-guide-viqtor-sur-la-violation-de-donnees\/","name":"Le guide Viqtor sur la violation de donn\u00e9es","isPartOf":{"@id":"https:\/\/viqtor.eu\/#website"},"primaryImageOfPage":{"@id":"https:\/\/viqtor.eu\/le-guide-viqtor-sur-la-violation-de-donnees\/#primaryimage"},"image":{"@id":"https:\/\/viqtor.eu\/le-guide-viqtor-sur-la-violation-de-donnees\/#primaryimage"},"thumbnailUrl":"https:\/\/viqtor.eu\/wp-content\/uploads\/2023\/08\/Declarer-une-violation-1024x477.webp","datePublished":"2025-02-11T10:29:29+00:00","dateModified":"2025-03-04T18:08:12+00:00","description":"Le guide Viqtor sur la violation de donn\u00e9es : causes et solutions pour prot\u00e9ger votre entreprise contre les cybermenaces !","breadcrumb":{"@id":"https:\/\/viqtor.eu\/le-guide-viqtor-sur-la-violation-de-donnees\/#breadcrumb"},"inLanguage":"en-US","potentialAction":[{"@type":"ReadAction","target":["https:\/\/viqtor.eu\/le-guide-viqtor-sur-la-violation-de-donnees\/"]}]},{"@type":"ImageObject","inLanguage":"en-US","@id":"https:\/\/viqtor.eu\/le-guide-viqtor-sur-la-violation-de-donnees\/#primaryimage","url":"https:\/\/viqtor.eu\/wp-content\/uploads\/2023\/08\/Declarer-une-violation-1024x477.webp","contentUrl":"https:\/\/viqtor.eu\/wp-content\/uploads\/2023\/08\/Declarer-une-violation-1024x477.webp"},{"@type":"BreadcrumbList","@id":"https:\/\/viqtor.eu\/le-guide-viqtor-sur-la-violation-de-donnees\/#breadcrumb","itemListElement":[{"@type":"ListItem","position":1,"name":"Accueil","item":"https:\/\/viqtor.eu\/"},{"@type":"ListItem","position":2,"name":"Le guide Viqtor sur la violation de donn\u00e9es"}]},{"@type":"WebSite","@id":"https:\/\/viqtor.eu\/#website","url":"https:\/\/viqtor.eu\/","name":"Viqtor","description":"Faites du RGPD une opportunit\u00e9 pour votre entreprise.","publisher":{"@id":"https:\/\/viqtor.eu\/#organization"},"potentialAction":[{"@type":"SearchAction","target":{"@type":"EntryPoint","urlTemplate":"https:\/\/viqtor.eu\/?s={search_term_string}"},"query-input":{"@type":"PropertyValueSpecification","valueRequired":true,"valueName":"search_term_string"}}],"inLanguage":"en-US"},{"@type":"Organization","@id":"https:\/\/viqtor.eu\/#organization","name":"viqtor.eu","url":"https:\/\/viqtor.eu\/","logo":{"@type":"ImageObject","inLanguage":"en-US","@id":"https:\/\/viqtor.eu\/#\/schema\/logo\/image\/","url":"https:\/\/viqtor.eu\/wp-content\/uploads\/2023\/06\/favicon-noir.svg","contentUrl":"https:\/\/viqtor.eu\/wp-content\/uploads\/2023\/06\/favicon-noir.svg","width":108,"height":86,"caption":"viqtor.eu"},"image":{"@id":"https:\/\/viqtor.eu\/#\/schema\/logo\/image\/"}}]}},"_links":{"self":[{"href":"https:\/\/viqtor.eu\/en\/wp-json\/wp\/v2\/pages\/12650","targetHints":{"allow":["GET"]}}],"collection":[{"href":"https:\/\/viqtor.eu\/en\/wp-json\/wp\/v2\/pages"}],"about":[{"href":"https:\/\/viqtor.eu\/en\/wp-json\/wp\/v2\/types\/page"}],"author":[{"embeddable":true,"href":"https:\/\/viqtor.eu\/en\/wp-json\/wp\/v2\/users\/1"}],"replies":[{"embeddable":true,"href":"https:\/\/viqtor.eu\/en\/wp-json\/wp\/v2\/comments?post=12650"}],"version-history":[{"count":3,"href":"https:\/\/viqtor.eu\/en\/wp-json\/wp\/v2\/pages\/12650\/revisions"}],"predecessor-version":[{"id":12669,"href":"https:\/\/viqtor.eu\/en\/wp-json\/wp\/v2\/pages\/12650\/revisions\/12669"}],"wp:attachment":[{"href":"https:\/\/viqtor.eu\/en\/wp-json\/wp\/v2\/media?parent=12650"}],"curies":[{"name":"wp","href":"https:\/\/api.w.org\/{rel}","templated":true}]}}