{"id":7904,"date":"2023-05-30T12:23:18","date_gmt":"2023-05-30T12:23:18","guid":{"rendered":"https:\/\/viqtor.eu\/?page_id=7904"},"modified":"2023-08-31T15:21:04","modified_gmt":"2023-08-31T15:21:04","slug":"dpo-rgpd-france","status":"publish","type":"page","link":"https:\/\/viqtor.eu\/de_at\/dpo-rgpd-france\/","title":{"rendered":"&#8230; DPO RGPD France"},"content":{"rendered":"<div data-elementor-type=\"wp-page\" data-elementor-id=\"7904\" class=\"elementor elementor-7904\" data-elementor-post-type=\"page\">\n\t\t\t\t\t\t<section class=\"elementor-section elementor-top-section elementor-element elementor-element-3e86745 ot-traditional elementor-section-boxed elementor-section-height-default elementor-section-height-default\" data-id=\"3e86745\" data-element_type=\"section\">\n\t\t\t\t\t\t<div class=\"elementor-container elementor-column-gap-default\">\n\t\t\t\t\t<div class=\"elementor-column elementor-col-100 elementor-top-column elementor-element elementor-element-6ee51e6 ot-flex-column-vertical\" data-id=\"6ee51e6\" data-element_type=\"column\">\n\t\t\t<div class=\"elementor-widget-wrap elementor-element-populated\">\n\t\t\t\t\t\t<div class=\"elementor-element elementor-element-69671d4 elementor-widget elementor-widget-text-editor\" data-id=\"69671d4\" data-element_type=\"widget\" data-widget_type=\"text-editor.default\">\n\t\t\t\t<div class=\"elementor-widget-container\">\n\t\t\t\t\t\t\t<h1 style=\"text-align: center;\"><strong>Viqtor\u00ae \u2013 Ihr Experte<\/strong> <strong>DPO GDPR Frankreich\u00a0<\/strong><\/h1><p>Sie brauchen einen Experten <strong>DSGVO-Datenschutzbeauftragter<\/strong> <strong>Frankreich<\/strong> Vertrauensw\u00fcrdig? Unsere Plattform bietet Ihnen eine Komplettl\u00f6sung, die Ihrem Unternehmen hilft, die DSGVO-Anforderungen zu erf\u00fcllen.<\/p><p>Mit der Expertise unserer <span style=\"color: #000000;\"><a style=\"color: #000000;\" href=\"https:\/\/viqtor.eu\/de_at\/lecosysteme-des-donnees-personnelles\/\"><strong>DSGVO-Datenschutzbeauftragter\u00a0<\/strong><\/a><\/span> <strong>Frankreich<\/strong>\u00a0Wir sind qualifiziert und unterst\u00fctzen Sie w\u00e4hrend des gesamten Compliance-Prozesses und stellen sicher, dass Ihre Datenverarbeitungspraktiken den h\u00f6chsten Standards entsprechen.<\/p><p>Unsere Plattform bietet Ihnen eine Reihe von Tools und Ressourcen, die Ihnen die Einhaltung der DSGVO erleichtern. Sie haben Zugriff auf DSGVO-konforme Dokumentvorlagen, wie z. B. Datenschutzrichtlinien und Datenverarbeitungsvereinbarungen. Dar\u00fcber hinaus bieten unsere Experten <strong>DPO GDPR Frankreich<\/strong>\u00a0stehen Ihnen zur Verf\u00fcgung, um alle Ihre Fragen zu beantworten und Sie w\u00e4hrend Ihres gesamten Compliance-Prozesses individuell zu beraten.<\/p><p>F\u00fcr weitere Informationen stehen wir Ihnen gerne zur Verf\u00fcgung. Kontaktieren Sie uns unter <a href=\"tel:+33 1 89 71 16 20\">+33 1 89 71 16 20<\/a> oder besuchen <span style=\"color: #000000;\"><a style=\"color: #000000;\" href=\"https:\/\/app.viqtor.eu\/\"><strong>Viqtor\u00ae<\/strong><\/a><\/span>.<\/p>\t\t\t\t\t\t<\/div>\n\t\t\t\t<\/div>\n\t\t\t\t\t<\/div>\n\t\t<\/div>\n\t\t\t\t\t<\/div>\n\t\t<\/section>\n\t\t\t\t<section class=\"elementor-section elementor-top-section elementor-element elementor-element-e3dd23d ot-traditional elementor-section-boxed elementor-section-height-default elementor-section-height-default\" data-id=\"e3dd23d\" data-element_type=\"section\" data-settings=\"{&quot;background_background&quot;:&quot;gradient&quot;}\">\n\t\t\t\t\t\t<div class=\"elementor-container elementor-column-gap-default\">\n\t\t\t\t\t<div class=\"elementor-column elementor-col-100 elementor-top-column elementor-element elementor-element-88f329a ot-flex-column-vertical\" data-id=\"88f329a\" data-element_type=\"column\">\n\t\t\t<div class=\"elementor-widget-wrap elementor-element-populated\">\n\t\t\t\t\t\t<div class=\"elementor-element elementor-element-f288187 elementor-widget elementor-widget-heading\" data-id=\"f288187\" data-element_type=\"widget\" data-widget_type=\"heading.default\">\n\t\t\t\t<div class=\"elementor-widget-container\">\n\t\t\t<h2 class=\"elementor-heading-title elementor-size-xl\">Bringen Sie Ihr Unternehmen mit der Unterst\u00fctzung unserer DSGVO-Experten f\u00fcr Frankreich in die DSGVO-Konformit\u00e4t <\/h2>\t\t<\/div>\n\t\t\t\t<\/div>\n\t\t\t\t\t<\/div>\n\t\t<\/div>\n\t\t\t\t\t<\/div>\n\t\t<\/section>\n\t\t\t\t<section class=\"elementor-section elementor-top-section elementor-element elementor-element-30e8ba3 ot-traditional elementor-section-boxed elementor-section-height-default elementor-section-height-default\" data-id=\"30e8ba3\" data-element_type=\"section\">\n\t\t\t\t\t\t<div class=\"elementor-container elementor-column-gap-default\">\n\t\t\t\t\t<div class=\"elementor-column elementor-col-100 elementor-top-column elementor-element elementor-element-e72c199 ot-flex-column-vertical\" data-id=\"e72c199\" data-element_type=\"column\">\n\t\t\t<div class=\"elementor-widget-wrap elementor-element-populated\">\n\t\t\t\t\t\t<section class=\"elementor-section elementor-inner-section elementor-element elementor-element-eb9b6ef elementor-section-content-middle ot-traditional elementor-section-boxed elementor-section-height-default elementor-section-height-default\" data-id=\"eb9b6ef\" data-element_type=\"section\">\n\t\t\t\t\t\t<div class=\"elementor-container elementor-column-gap-default\">\n\t\t\t\t\t<div class=\"elementor-column elementor-col-50 elementor-inner-column elementor-element elementor-element-fec129d ot-flex-column-vertical\" data-id=\"fec129d\" data-element_type=\"column\">\n\t\t\t<div class=\"elementor-widget-wrap elementor-element-populated\">\n\t\t\t\t\t\t<div class=\"elementor-element elementor-element-914332b elementor-widget elementor-widget-text-editor\" data-id=\"914332b\" data-element_type=\"widget\" data-widget_type=\"text-editor.default\">\n\t\t\t\t<div class=\"elementor-widget-container\">\n\t\t\t\t\t\t\t<p><span style=\"color: #000000;\">Im heutigen digitalen Umfeld ist die Verwaltung personenbezogener Daten gem\u00e4\u00df den DSGVO-Standards f\u00fcr Unternehmen zu einer strategischen Priorit\u00e4t geworden.<\/span><\/p><p><span style=\"color: #000000;\">\u00dcber die einfache Einhaltung gesetzlicher Vorschriften hinaus kann ein effektives Management personenbezogener Daten zu einem verbesserten Ruf des Unternehmens, gr\u00f6\u00dferem Kundenvertrauen und einer verbesserten Wettbewerbsf\u00e4higkeit f\u00fchren.<\/span><\/p>\t\t\t\t\t\t<\/div>\n\t\t\t\t<\/div>\n\t\t\t\t\t<\/div>\n\t\t<\/div>\n\t\t\t\t<div class=\"elementor-column elementor-col-50 elementor-inner-column elementor-element elementor-element-96f5aa0 ot-flex-column-vertical\" data-id=\"96f5aa0\" data-element_type=\"column\">\n\t\t\t<div class=\"elementor-widget-wrap elementor-element-populated\">\n\t\t\t\t\t\t<div class=\"elementor-element elementor-element-323deb6 elementor-widget__width-initial elementor-widget elementor-widget-image\" data-id=\"323deb6\" data-element_type=\"widget\" data-widget_type=\"image.default\">\n\t\t\t\t<div class=\"elementor-widget-container\">\n\t\t\t\t\t\t\t\t\t\t\t\t\t<img fetchpriority=\"high\" decoding=\"async\" width=\"1024\" height=\"647\" src=\"https:\/\/viqtor.eu\/wp-content\/uploads\/2023\/05\/donnees-personnelles-RGPD-1024x647.png\" class=\"attachment-large size-large wp-image-7275\" alt=\"donn\u00e9es personnelles RGPD\" srcset=\"https:\/\/viqtor.eu\/wp-content\/uploads\/2023\/05\/donnees-personnelles-RGPD-1024x647.png 1024w, https:\/\/viqtor.eu\/wp-content\/uploads\/2023\/05\/donnees-personnelles-RGPD-300x190.png 300w, https:\/\/viqtor.eu\/wp-content\/uploads\/2023\/05\/donnees-personnelles-RGPD-768x485.png 768w, https:\/\/viqtor.eu\/wp-content\/uploads\/2023\/05\/donnees-personnelles-RGPD-1536x971.png 1536w, https:\/\/viqtor.eu\/wp-content\/uploads\/2023\/05\/donnees-personnelles-RGPD-720x455.png 720w, https:\/\/viqtor.eu\/wp-content\/uploads\/2023\/05\/donnees-personnelles-RGPD.png 1582w\" sizes=\"(max-width: 1024px) 100vw, 1024px\" \/>\t\t\t\t\t\t\t\t\t\t\t\t\t<\/div>\n\t\t\t\t<\/div>\n\t\t\t\t\t<\/div>\n\t\t<\/div>\n\t\t\t\t\t<\/div>\n\t\t<\/section>\n\t\t\t\t<div class=\"elementor-element elementor-element-44435ae elementor-widget elementor-widget-text-editor\" data-id=\"44435ae\" data-element_type=\"widget\" data-widget_type=\"text-editor.default\">\n\t\t\t\t<div class=\"elementor-widget-container\">\n\t\t\t\t\t\t\t<p style=\"text-align: center;\"><a class=\"wp-block-button__link has-vivid-cyan-blue-background-color has-background has-text-align-center wp-element-button\" href=\"https:\/\/app.viqtor.eu\/\" target=\"_blank\" rel=\"noreferrer noopener\">Entdecken Sie Viqtor<span style=\"color: #ffffff;\">\u00ae<\/span><\/a><\/p>\t\t\t\t\t\t<\/div>\n\t\t\t\t<\/div>\n\t\t\t\t\t<\/div>\n\t\t<\/div>\n\t\t\t\t\t<\/div>\n\t\t<\/section>\n\t\t\t\t<section class=\"elementor-section elementor-top-section elementor-element elementor-element-aa4b47d elementor-section-content-middle ot-traditional elementor-section-boxed elementor-section-height-default elementor-section-height-default\" data-id=\"aa4b47d\" data-element_type=\"section\">\n\t\t\t\t\t\t\t<div class=\"elementor-background-overlay\"><\/div>\n\t\t\t\t\t\t\t<div class=\"elementor-container elementor-column-gap-extended\">\n\t\t\t\t\t<div class=\"elementor-column elementor-col-50 elementor-top-column elementor-element elementor-element-8243aef elementor-hidden-tablet elementor-hidden-phone ot-column-items-top ot-flex-column-vertical\" data-id=\"8243aef\" data-element_type=\"column\" data-settings=\"{&quot;background_background&quot;:&quot;classic&quot;}\">\n\t\t\t<div class=\"elementor-widget-wrap elementor-element-populated\">\n\t\t\t\t\t\t<div class=\"elementor-element elementor-element-47e8a70 elementor-widget elementor-widget-image\" data-id=\"47e8a70\" data-element_type=\"widget\" data-widget_type=\"image.default\">\n\t\t\t\t<div class=\"elementor-widget-container\">\n\t\t\t\t\t\t\t\t\t\t\t\t\t<img decoding=\"async\" width=\"1024\" height=\"681\" src=\"https:\/\/viqtor.eu\/wp-content\/uploads\/2023\/05\/donnees-personnelles-RGPD-2-1024x681.png\" class=\"attachment-large size-large wp-image-7276\" alt=\"donn\u00e9es personnelles RGPD\" srcset=\"https:\/\/viqtor.eu\/wp-content\/uploads\/2023\/05\/donnees-personnelles-RGPD-2-1024x681.png 1024w, https:\/\/viqtor.eu\/wp-content\/uploads\/2023\/05\/donnees-personnelles-RGPD-2-300x199.png 300w, https:\/\/viqtor.eu\/wp-content\/uploads\/2023\/05\/donnees-personnelles-RGPD-2-768x511.png 768w, https:\/\/viqtor.eu\/wp-content\/uploads\/2023\/05\/donnees-personnelles-RGPD-2-1536x1021.png 1536w, https:\/\/viqtor.eu\/wp-content\/uploads\/2023\/05\/donnees-personnelles-RGPD-2-720x479.png 720w, https:\/\/viqtor.eu\/wp-content\/uploads\/2023\/05\/donnees-personnelles-RGPD-2.png 1582w\" sizes=\"(max-width: 1024px) 100vw, 1024px\" \/>\t\t\t\t\t\t\t\t\t\t\t\t\t<\/div>\n\t\t\t\t<\/div>\n\t\t\t\t\t<\/div>\n\t\t<\/div>\n\t\t\t\t<div class=\"elementor-column elementor-col-50 elementor-top-column elementor-element elementor-element-5e7b92b ot-flex-column-vertical\" data-id=\"5e7b92b\" data-element_type=\"column\">\n\t\t\t<div class=\"elementor-widget-wrap elementor-element-populated\">\n\t\t\t\t\t\t<div class=\"elementor-element elementor-element-55cca91 elementor-widget__width-initial elementor-widget elementor-widget-iheading\" data-id=\"55cca91\" data-element_type=\"widget\" data-widget_type=\"iheading.default\">\n\t\t\t\t<div class=\"elementor-widget-container\">\n\t\t\t\t\t<div class=\"ot-heading\">\r\n\t        <h2 class=\"main-heading\">Visualisieren Sie Ihr DSGVO-\u00d6kosystem f\u00fcr personenbezogene Daten<\/h2>\t    <\/div>\r\n\t    \t\t<\/div>\n\t\t\t\t<\/div>\n\t\t\t\t<div class=\"elementor-element elementor-element-72485af elementor-widget__width-initial elementor-widget elementor-widget-text-editor\" data-id=\"72485af\" data-element_type=\"widget\" data-widget_type=\"text-editor.default\">\n\t\t\t\t<div class=\"elementor-widget-container\">\n\t\t\t\t\t\t\t<div class=\"flex-1 overflow-hidden\"><div class=\"react-scroll-to-bottom--css-rzxli-79elbk h-full dark:bg-gray-800\"><div class=\"react-scroll-to-bottom--css-rzxli-1n7m0yu\"><div class=\"flex flex-col text-sm dark:bg-gray-800\"><div class=\"group w-full text-gray-800 dark:text-gray-100 border-b border-black\/10 dark:border-gray-900\/50 bg-gray-50 dark:bg-[#444654]\"><div class=\"flex p-4 gap-4 text-base md:gap-6 md:max-w-2xl lg:max-w-xl xl:max-w-3xl md:py-6 lg:px-0 m-auto\"><div class=\"relative flex w-[calc(100%-50px)] flex-col gap-1 md:gap-3 lg:w-[calc(100%-115px)]\"><div class=\"flex flex-grow flex-col gap-3\"><div class=\"min-h-[20px] flex flex-col items-start gap-4 whitespace-pre-wrap break-words\"><div class=\"markdown prose w-full break-words dark:prose-invert dark\"><p><span style=\"color: #000000;\">Unser Mapping-Service nutzt modernste Visualisierungstechniken, um einen umfassenden \u00dcberblick \u00fcber das \u00d6kosystem personenbezogener Daten Ihres Unternehmens zu bieten. Er verfolgt Herkunft, Fluss, Verwendung und Speicherung aller personenbezogenen Daten und bietet eine genaue Darstellung der Verwaltung und des Schutzes dieser Daten.<\/span><\/p><\/div><\/div><\/div><\/div><\/div><\/div><\/div><\/div><\/div><\/div>\t\t\t\t\t\t<\/div>\n\t\t\t\t<\/div>\n\t\t\t\t\t<\/div>\n\t\t<\/div>\n\t\t\t\t\t<\/div>\n\t\t<\/section>\n\t\t\t\t<section class=\"elementor-section elementor-top-section elementor-element elementor-element-f46331b elementor-section-content-middle ot-traditional elementor-section-boxed elementor-section-height-default elementor-section-height-default\" data-id=\"f46331b\" data-element_type=\"section\" data-settings=\"{&quot;background_background&quot;:&quot;classic&quot;}\">\n\t\t\t\t\t\t\t<div class=\"elementor-background-overlay\"><\/div>\n\t\t\t\t\t\t\t<div class=\"elementor-container elementor-column-gap-default\">\n\t\t\t\t\t<div class=\"elementor-column elementor-col-100 elementor-top-column elementor-element elementor-element-c1653f8 ot-column-items-center ot-flex-column-vertical\" data-id=\"c1653f8\" data-element_type=\"column\">\n\t\t\t<div class=\"elementor-widget-wrap elementor-element-populated\">\n\t\t\t\t\t\t<div class=\"elementor-element elementor-element-0b99088 elementor-widget__width-initial elementor-widget elementor-widget-iheading\" data-id=\"0b99088\" data-element_type=\"widget\" data-widget_type=\"iheading.default\">\n\t\t\t\t<div class=\"elementor-widget-container\">\n\t\t\t\t\t<div class=\"ot-heading\">\r\n\t        \t            <span>\/\/ mit VIQTOR\u00ae die DSGVO-Konformit\u00e4t vereinfachen<\/span>\r\n\t        <h2 class=\"main-heading\">Um die DSGVO-Konformit\u00e4t zu erreichen, ist es wichtig, das \u00d6kosystem personenbezogener Daten zu verstehen<\/h2>\t    <\/div>\r\n\t    \t\t<\/div>\n\t\t\t\t<\/div>\n\t\t\t\t<div class=\"elementor-element elementor-element-fdfa326 elementor-widget elementor-widget-text-editor\" data-id=\"fdfa326\" data-element_type=\"widget\" data-widget_type=\"text-editor.default\">\n\t\t\t\t<div class=\"elementor-widget-container\">\n\t\t\t\t\t\t\t<p style=\"text-align: left;\"><strong><span style=\"color: #ffffff;\">Unser Mapping-Service hilft Ihnen dabei, zu erkennen, wo und wie personenbezogene Daten verarbeitet werden. So k\u00f6nnen Sie die notwendigen Ma\u00dfnahmen zur Einhaltung der DSGVO leichter umsetzen. Dar\u00fcber hinaus unterst\u00fctzt Sie das Mapping des Daten\u00f6kosystems bei der Erstellung und Pflege eines Verzeichnisses der Verarbeitungsaktivit\u00e4ten \u2013 eine zentrale DSGVO-Anforderung.<\/span><\/strong><\/p>\t\t\t\t\t\t<\/div>\n\t\t\t\t<\/div>\n\t\t\t\t\t<\/div>\n\t\t<\/div>\n\t\t\t\t\t<\/div>\n\t\t<\/section>\n\t\t\t\t<\/div>","protected":false},"excerpt":{"rendered":"<p>Viqtor\u00ae\u00a0 \u2013 Votre expert DPO RGPD France\u00a0 Vous avez besoin d\u2019un expert DPO RGPD France de confiance\u00a0? Notre plateforme vous offre une solution compl\u00e8te pour vous aider \u00e0 mettre votre entreprise en conformit\u00e9 avec les exigences du RGPD. Avec l&rsquo;expertise de nos DPO RGPD\u00a0 France\u00a0qualifi\u00e9s, nous vous accompagnons tout au long du processus de conformit\u00e9, [&hellip;]<\/p>","protected":false},"author":1,"featured_media":0,"parent":0,"menu_order":0,"comment_status":"closed","ping_status":"closed","template":"","meta":{"_acf_changed":false,"footnotes":""},"class_list":["post-7904","page","type-page","status-publish","hentry"],"acf":[],"yoast_head":"<!-- This site is optimized with the Yoast SEO plugin v23.6 - https:\/\/yoast.com\/wordpress\/plugins\/seo\/ -->\n<title>DPO RGPD France - Viqtor<\/title>\n<meta name=\"description\" content=\"Votre expert DPO RGPD France, Viqtor, vous propose une large gamme des services pour se mettre en conformit\u00e9 avec le rgpd.\" \/>\n<meta name=\"robots\" content=\"index, follow, max-snippet:-1, max-image-preview:large, max-video-preview:-1\" \/>\n<link rel=\"canonical\" href=\"https:\/\/viqtor.eu\/de_at\/dpo-rgpd-france\/\" \/>\n<meta property=\"og:locale\" content=\"de_DE\" \/>\n<meta property=\"og:type\" content=\"article\" \/>\n<meta property=\"og:title\" content=\"DPO RGPD France - Viqtor\" \/>\n<meta property=\"og:description\" content=\"Votre expert DPO RGPD France, Viqtor, vous propose une large gamme des services pour se mettre en conformit\u00e9 avec le rgpd.\" \/>\n<meta property=\"og:url\" content=\"https:\/\/viqtor.eu\/de_at\/dpo-rgpd-france\/\" \/>\n<meta property=\"og:site_name\" content=\"Viqtor\" \/>\n<meta property=\"article:modified_time\" content=\"2023-08-31T15:21:04+00:00\" \/>\n<meta property=\"og:image\" content=\"https:\/\/viqtor.eu\/wp-content\/uploads\/2023\/05\/donnees-personnelles-RGPD-1024x647.png\" \/>\n<meta name=\"twitter:card\" content=\"summary_large_image\" \/>\n<meta name=\"twitter:label1\" content=\"Gesch\u00e4tzte Lesezeit\" \/>\n\t<meta name=\"twitter:data1\" content=\"3 Minuten\" \/>\n<script type=\"application\/ld+json\" class=\"yoast-schema-graph\">{\"@context\":\"https:\/\/schema.org\",\"@graph\":[{\"@type\":\"WebPage\",\"@id\":\"https:\/\/viqtor.eu\/dpo-rgpd-france\/\",\"url\":\"https:\/\/viqtor.eu\/dpo-rgpd-france\/\",\"name\":\"DPO RGPD France - Viqtor\",\"isPartOf\":{\"@id\":\"https:\/\/viqtor.eu\/#website\"},\"primaryImageOfPage\":{\"@id\":\"https:\/\/viqtor.eu\/dpo-rgpd-france\/#primaryimage\"},\"image\":{\"@id\":\"https:\/\/viqtor.eu\/dpo-rgpd-france\/#primaryimage\"},\"thumbnailUrl\":\"https:\/\/viqtor.eu\/wp-content\/uploads\/2023\/05\/donnees-personnelles-RGPD-1024x647.png\",\"datePublished\":\"2023-05-30T12:23:18+00:00\",\"dateModified\":\"2023-08-31T15:21:04+00:00\",\"description\":\"Votre expert DPO RGPD France, Viqtor, vous propose une large gamme des services pour se mettre en conformit\u00e9 avec le rgpd.\",\"breadcrumb\":{\"@id\":\"https:\/\/viqtor.eu\/dpo-rgpd-france\/#breadcrumb\"},\"inLanguage\":\"de-AT\",\"potentialAction\":[{\"@type\":\"ReadAction\",\"target\":[\"https:\/\/viqtor.eu\/dpo-rgpd-france\/\"]}]},{\"@type\":\"ImageObject\",\"inLanguage\":\"de-AT\",\"@id\":\"https:\/\/viqtor.eu\/dpo-rgpd-france\/#primaryimage\",\"url\":\"https:\/\/viqtor.eu\/wp-content\/uploads\/2023\/05\/donnees-personnelles-RGPD-1024x647.png\",\"contentUrl\":\"https:\/\/viqtor.eu\/wp-content\/uploads\/2023\/05\/donnees-personnelles-RGPD-1024x647.png\"},{\"@type\":\"BreadcrumbList\",\"@id\":\"https:\/\/viqtor.eu\/dpo-rgpd-france\/#breadcrumb\",\"itemListElement\":[{\"@type\":\"ListItem\",\"position\":1,\"name\":\"Accueil\",\"item\":\"https:\/\/viqtor.eu\/\"},{\"@type\":\"ListItem\",\"position\":2,\"name\":\"&#8230; DPO RGPD France\"}]},{\"@type\":\"WebSite\",\"@id\":\"https:\/\/viqtor.eu\/#website\",\"url\":\"https:\/\/viqtor.eu\/\",\"name\":\"Viqtor\",\"description\":\"Faites du RGPD une opportunit\u00e9 pour votre entreprise.\",\"publisher\":{\"@id\":\"https:\/\/viqtor.eu\/#organization\"},\"potentialAction\":[{\"@type\":\"SearchAction\",\"target\":{\"@type\":\"EntryPoint\",\"urlTemplate\":\"https:\/\/viqtor.eu\/?s={search_term_string}\"},\"query-input\":{\"@type\":\"PropertyValueSpecification\",\"valueRequired\":true,\"valueName\":\"search_term_string\"}}],\"inLanguage\":\"de-AT\"},{\"@type\":\"Organization\",\"@id\":\"https:\/\/viqtor.eu\/#organization\",\"name\":\"viqtor.eu\",\"url\":\"https:\/\/viqtor.eu\/\",\"logo\":{\"@type\":\"ImageObject\",\"inLanguage\":\"de-AT\",\"@id\":\"https:\/\/viqtor.eu\/#\/schema\/logo\/image\/\",\"url\":\"https:\/\/viqtor.eu\/wp-content\/uploads\/2023\/06\/favicon-noir.svg\",\"contentUrl\":\"https:\/\/viqtor.eu\/wp-content\/uploads\/2023\/06\/favicon-noir.svg\",\"width\":108,\"height\":86,\"caption\":\"viqtor.eu\"},\"image\":{\"@id\":\"https:\/\/viqtor.eu\/#\/schema\/logo\/image\/\"}}]}<\/script>\n<!-- \/ Yoast SEO plugin. -->","yoast_head_json":{"title":"DPO RGPD France - Viqtor","description":"Votre expert DPO RGPD France, Viqtor, vous propose une large gamme des services pour se mettre en conformit\u00e9 avec le rgpd.","robots":{"index":"index","follow":"follow","max-snippet":"max-snippet:-1","max-image-preview":"max-image-preview:large","max-video-preview":"max-video-preview:-1"},"canonical":"https:\/\/viqtor.eu\/de_at\/dpo-rgpd-france\/","og_locale":"de_DE","og_type":"article","og_title":"DPO RGPD France - Viqtor","og_description":"Votre expert DPO RGPD France, Viqtor, vous propose une large gamme des services pour se mettre en conformit\u00e9 avec le rgpd.","og_url":"https:\/\/viqtor.eu\/de_at\/dpo-rgpd-france\/","og_site_name":"Viqtor","article_modified_time":"2023-08-31T15:21:04+00:00","og_image":[{"url":"https:\/\/viqtor.eu\/wp-content\/uploads\/2023\/05\/donnees-personnelles-RGPD-1024x647.png"}],"twitter_card":"summary_large_image","twitter_misc":{"Gesch\u00e4tzte Lesezeit":"3 Minuten"},"schema":{"@context":"https:\/\/schema.org","@graph":[{"@type":"WebPage","@id":"https:\/\/viqtor.eu\/dpo-rgpd-france\/","url":"https:\/\/viqtor.eu\/dpo-rgpd-france\/","name":"DPO RGPD France - Viqtor","isPartOf":{"@id":"https:\/\/viqtor.eu\/#website"},"primaryImageOfPage":{"@id":"https:\/\/viqtor.eu\/dpo-rgpd-france\/#primaryimage"},"image":{"@id":"https:\/\/viqtor.eu\/dpo-rgpd-france\/#primaryimage"},"thumbnailUrl":"https:\/\/viqtor.eu\/wp-content\/uploads\/2023\/05\/donnees-personnelles-RGPD-1024x647.png","datePublished":"2023-05-30T12:23:18+00:00","dateModified":"2023-08-31T15:21:04+00:00","description":"Votre expert DPO RGPD France, Viqtor, vous propose une large gamme des services pour se mettre en conformit\u00e9 avec le rgpd.","breadcrumb":{"@id":"https:\/\/viqtor.eu\/dpo-rgpd-france\/#breadcrumb"},"inLanguage":"de-AT","potentialAction":[{"@type":"ReadAction","target":["https:\/\/viqtor.eu\/dpo-rgpd-france\/"]}]},{"@type":"ImageObject","inLanguage":"de-AT","@id":"https:\/\/viqtor.eu\/dpo-rgpd-france\/#primaryimage","url":"https:\/\/viqtor.eu\/wp-content\/uploads\/2023\/05\/donnees-personnelles-RGPD-1024x647.png","contentUrl":"https:\/\/viqtor.eu\/wp-content\/uploads\/2023\/05\/donnees-personnelles-RGPD-1024x647.png"},{"@type":"BreadcrumbList","@id":"https:\/\/viqtor.eu\/dpo-rgpd-france\/#breadcrumb","itemListElement":[{"@type":"ListItem","position":1,"name":"Accueil","item":"https:\/\/viqtor.eu\/"},{"@type":"ListItem","position":2,"name":"&#8230; DPO RGPD France"}]},{"@type":"WebSite","@id":"https:\/\/viqtor.eu\/#website","url":"https:\/\/viqtor.eu\/","name":"Viqtor","description":"Faites du RGPD une opportunit\u00e9 pour votre entreprise.","publisher":{"@id":"https:\/\/viqtor.eu\/#organization"},"potentialAction":[{"@type":"SearchAction","target":{"@type":"EntryPoint","urlTemplate":"https:\/\/viqtor.eu\/?s={search_term_string}"},"query-input":{"@type":"PropertyValueSpecification","valueRequired":true,"valueName":"search_term_string"}}],"inLanguage":"de-AT"},{"@type":"Organization","@id":"https:\/\/viqtor.eu\/#organization","name":"viqtor.eu","url":"https:\/\/viqtor.eu\/","logo":{"@type":"ImageObject","inLanguage":"de-AT","@id":"https:\/\/viqtor.eu\/#\/schema\/logo\/image\/","url":"https:\/\/viqtor.eu\/wp-content\/uploads\/2023\/06\/favicon-noir.svg","contentUrl":"https:\/\/viqtor.eu\/wp-content\/uploads\/2023\/06\/favicon-noir.svg","width":108,"height":86,"caption":"viqtor.eu"},"image":{"@id":"https:\/\/viqtor.eu\/#\/schema\/logo\/image\/"}}]}},"_links":{"self":[{"href":"https:\/\/viqtor.eu\/de_at\/wp-json\/wp\/v2\/pages\/7904","targetHints":{"allow":["GET"]}}],"collection":[{"href":"https:\/\/viqtor.eu\/de_at\/wp-json\/wp\/v2\/pages"}],"about":[{"href":"https:\/\/viqtor.eu\/de_at\/wp-json\/wp\/v2\/types\/page"}],"author":[{"embeddable":true,"href":"https:\/\/viqtor.eu\/de_at\/wp-json\/wp\/v2\/users\/1"}],"replies":[{"embeddable":true,"href":"https:\/\/viqtor.eu\/de_at\/wp-json\/wp\/v2\/comments?post=7904"}],"version-history":[{"count":14,"href":"https:\/\/viqtor.eu\/de_at\/wp-json\/wp\/v2\/pages\/7904\/revisions"}],"predecessor-version":[{"id":9551,"href":"https:\/\/viqtor.eu\/de_at\/wp-json\/wp\/v2\/pages\/7904\/revisions\/9551"}],"wp:attachment":[{"href":"https:\/\/viqtor.eu\/de_at\/wp-json\/wp\/v2\/media?parent=7904"}],"curies":[{"name":"wp","href":"https:\/\/api.w.org\/{rel}","templated":true}]}}