{"id":12719,"date":"2025-02-17T13:01:41","date_gmt":"2025-02-17T13:01:41","guid":{"rendered":"https:\/\/viqtor.eu\/?page_id=12719"},"modified":"2025-04-23T19:08:46","modified_gmt":"2025-04-23T19:08:46","slug":"guide-rgpd-et-site-web-quelles-obligations-respecter","status":"publish","type":"page","link":"https:\/\/viqtor.eu\/de_at\/guide-rgpd-et-site-web-quelles-obligations-respecter\/","title":{"rendered":"Ratgeber: DSGVO und Website: Welche Pflichten sind zu beachten?"},"content":{"rendered":"<div data-elementor-type=\"wp-page\" data-elementor-id=\"12719\" class=\"elementor elementor-12719\" data-elementor-post-type=\"page\">\n\t\t\t\t\t\t<section class=\"elementor-section elementor-top-section elementor-element elementor-element-487d106 elementor-section-content-middle ot-traditional elementor-section-boxed elementor-section-height-default elementor-section-height-default\" data-id=\"487d106\" data-element_type=\"section\" data-settings=\"{&quot;background_background&quot;:&quot;classic&quot;}\">\n\t\t\t\t\t\t\t<div class=\"elementor-background-overlay\"><\/div>\n\t\t\t\t\t\t\t<div class=\"elementor-container elementor-column-gap-default\">\n\t\t\t\t\t<div class=\"elementor-column elementor-col-100 elementor-top-column elementor-element elementor-element-7cb43dc ot-column-items-center ot-flex-column-vertical\" data-id=\"7cb43dc\" data-element_type=\"column\">\n\t\t\t<div class=\"elementor-widget-wrap elementor-element-populated\">\n\t\t\t\t\t\t<div class=\"elementor-element elementor-element-f174978 elementor-widget__width-initial elementor-widget elementor-widget-iheading\" data-id=\"f174978\" data-element_type=\"widget\" data-widget_type=\"iheading.default\">\n\t\t\t\t<div class=\"elementor-widget-container\">\n\t\t\t\t\t<div class=\"ot-heading\">\r\n\t        \t            <span>\/\/ Die Viqtor\u00ae-Plattform<\/span>\r\n\t        <h1 class=\"main-heading\">Ratgeber: DSGVO und Website: Welche Pflichten sind zu beachten?<\/h1>\t    <\/div>\r\n\t    \t\t<\/div>\n\t\t\t\t<\/div>\n\t\t\t\t\t<\/div>\n\t\t<\/div>\n\t\t\t\t\t<\/div>\n\t\t<\/section>\n\t\t\t\t<section class=\"elementor-section elementor-top-section elementor-element elementor-element-6bfd0a4 ot-traditional elementor-section-boxed elementor-section-height-default elementor-section-height-default\" data-id=\"6bfd0a4\" data-element_type=\"section\">\n\t\t\t\t\t\t<div class=\"elementor-container elementor-column-gap-default\">\n\t\t\t\t\t<div class=\"elementor-column elementor-col-100 elementor-top-column elementor-element elementor-element-9e9d643 ot-flex-column-vertical\" data-id=\"9e9d643\" data-element_type=\"column\">\n\t\t\t<div class=\"elementor-widget-wrap elementor-element-populated\">\n\t\t\t\t\t\t<div class=\"elementor-element elementor-element-4ca1c81 elementor-widget elementor-widget-text-editor\" data-id=\"4ca1c81\" data-element_type=\"widget\" data-widget_type=\"text-editor.default\">\n\t\t\t\t<div class=\"elementor-widget-container\">\n\t\t\t\t\t\t\t<p data-pm-slice=\"1 1 []\">Die Datenschutz-Grundverordnung (DSGVO) ist eine europ\u00e4ische Verordnung, die den Schutz personenbezogener Daten von EU-B\u00fcrgern st\u00e4rken soll. Jedes Unternehmen, das personenbezogene Daten online sammelt oder verarbeitet, muss die Anforderungen dieser Verordnung erf\u00fcllen, andernfalls drohen Strafen. In diesem Artikel erl\u00e4utern wir die Pflichten, die Sie erf\u00fcllen m\u00fcssen, um Ihre Website DSGVO-konform zu machen. <strong>DSGVO<\/strong>.<\/p><h2 data-pm-slice=\"1 1 []\">Was ist die DSGVO?<\/h2><p>Die DSGVO trat am 25. Mai 2018 in Kraft und soll die Datenschutzgesetze in ganz Europa harmonisieren. Sie legt Unternehmen, die personenbezogene Daten verarbeiten, strenge Verpflichtungen auf.<\/p><h3>Wer ist von der DSGVO betroffen?<\/h3><p>Jedes Unternehmen oder jede Organisation, ob in der EU ans\u00e4ssig oder nicht, die Daten europ\u00e4ischer B\u00fcrger sammelt oder verarbeitet, muss die DSGVO einhalten.<\/p><h3>Grundprinzipien der DSGVO<\/h3><p>Die DSGVO basiert auf sechs Grundprinzipien:<\/p><ul data-spread=\"false\"><li><p><strong>Legalit\u00e4t, Loyalit\u00e4t und Transparenz<\/strong><\/p><\/li><li><p><strong>Zweckbindung<\/strong><\/p><\/li><li><p><strong>Datenminimierung<\/strong><\/p><\/li><li><p><strong>Genauigkeit<\/strong><\/p><\/li><li><p><strong>Aufbewahrungsbeschr\u00e4nkung<\/strong><\/p><\/li><li><p><strong>Integrit\u00e4t und Vertraulichkeit<\/strong><\/p><\/li><\/ul><h4>Rechtliche Verpflichtungen von Websites<\/h4><p>Websites m\u00fcssen die Transparenz der gesammelten Daten gew\u00e4hrleisten, eine ausdr\u00fcckliche Zustimmung einholen und die Sicherheit personenbezogener Daten gew\u00e4hrleisten.<\/p><h4>Wie erhalte ich eine g\u00fcltige Einwilligung?<\/h4><p>Die Einwilligung muss frei und pr\u00e4zise erfolgen<span class=\"sw\">,<\/span>\u00a0<span class=\"sw\">erleuchtet<\/span>\u00a0Und\u00a0<span class=\"sw\">ohne<\/span>\u00a0<span class=\"sw\">Mehrdeutigkeit<\/span>Cookie-Banner sollten es Benutzern leicht machen, sie zu akzeptieren oder abzulehnen.<\/p><h4 data-pm-slice=\"1 1 []\">Datenschutzrichtlinie<\/h4><p>Darin muss detailliert beschrieben werden, wie und warum Daten erfasst, gespeichert und weitergegeben werden.<\/p>\t\t\t\t\t\t<\/div>\n\t\t\t\t<\/div>\n\t\t\t\t\t<\/div>\n\t\t<\/div>\n\t\t\t\t\t<\/div>\n\t\t<\/section>\n\t\t\t\t<section class=\"elementor-section elementor-top-section elementor-element elementor-element-2373ae3 elementor-section-height-min-height ot-traditional elementor-section-boxed elementor-section-height-default elementor-section-items-middle\" data-id=\"2373ae3\" data-element_type=\"section\">\n\t\t\t\t\t\t<div class=\"elementor-container elementor-column-gap-default\">\n\t\t\t\t\t<div class=\"elementor-column elementor-col-100 elementor-top-column elementor-element elementor-element-fd1df0f ot-flex-column-vertical\" data-id=\"fd1df0f\" data-element_type=\"column\">\n\t\t\t<div class=\"elementor-widget-wrap elementor-element-populated\">\n\t\t\t\t\t\t<div class=\"elementor-element elementor-element-b37bc66 elementor-widget elementor-widget-image\" data-id=\"b37bc66\" data-element_type=\"widget\" data-widget_type=\"image.default\">\n\t\t\t\t<div class=\"elementor-widget-container\">\n\t\t\t\t\t\t\t\t\t\t\t\t\t<img fetchpriority=\"high\" decoding=\"async\" width=\"1024\" height=\"683\" src=\"https:\/\/viqtor.eu\/wp-content\/uploads\/2023\/05\/Les-etapes-principales-pour-la-mise-en-conformite-RGPD-1024x683.jpg\" class=\"attachment-large size-large wp-image-12252\" alt=\"Les \u00e9tapes principales pour la mise en conformit\u00e9 RGPD\" srcset=\"https:\/\/viqtor.eu\/wp-content\/uploads\/2023\/05\/Les-etapes-principales-pour-la-mise-en-conformite-RGPD-1024x683.jpg 1024w, https:\/\/viqtor.eu\/wp-content\/uploads\/2023\/05\/Les-etapes-principales-pour-la-mise-en-conformite-RGPD-300x200.jpg 300w, https:\/\/viqtor.eu\/wp-content\/uploads\/2023\/05\/Les-etapes-principales-pour-la-mise-en-conformite-RGPD-768x512.jpg 768w, https:\/\/viqtor.eu\/wp-content\/uploads\/2023\/05\/Les-etapes-principales-pour-la-mise-en-conformite-RGPD-1536x1024.jpg 1536w, https:\/\/viqtor.eu\/wp-content\/uploads\/2023\/05\/Les-etapes-principales-pour-la-mise-en-conformite-RGPD-720x480.jpg 720w, https:\/\/viqtor.eu\/wp-content\/uploads\/2023\/05\/Les-etapes-principales-pour-la-mise-en-conformite-RGPD.jpg 2048w\" sizes=\"(max-width: 1024px) 100vw, 1024px\" \/>\t\t\t\t\t\t\t\t\t\t\t\t\t<\/div>\n\t\t\t\t<\/div>\n\t\t\t\t\t<\/div>\n\t\t<\/div>\n\t\t\t\t\t<\/div>\n\t\t<\/section>\n\t\t\t\t<section class=\"elementor-section elementor-top-section elementor-element elementor-element-3a23f17 ot-traditional elementor-section-boxed elementor-section-height-default elementor-section-height-default\" data-id=\"3a23f17\" data-element_type=\"section\">\n\t\t\t\t\t\t<div class=\"elementor-container elementor-column-gap-default\">\n\t\t\t\t\t<div class=\"elementor-column elementor-col-100 elementor-top-column elementor-element elementor-element-cf1b7c9 ot-flex-column-vertical\" data-id=\"cf1b7c9\" data-element_type=\"column\">\n\t\t\t<div class=\"elementor-widget-wrap elementor-element-populated\">\n\t\t\t\t\t\t<div class=\"elementor-element elementor-element-3c94449 elementor-widget elementor-widget-text-editor\" data-id=\"3c94449\" data-element_type=\"widget\" data-widget_type=\"text-editor.default\">\n\t\t\t\t<div class=\"elementor-widget-container\">\n\t\t\t\t\t\t\t<h4 data-pm-slice=\"1 1 []\">Cookie-Verwaltung<\/h4>\n<p>Websites m\u00fcssen Besucher klar \u00fcber die Verwendung von Cookies informieren und ihnen die M\u00f6glichkeit geben, ihre Pr\u00e4ferenzen zu verwalten.<\/p>\n<h4>Nutzerrechte<\/h4>\n<p>Benutzer haben das Recht auf Zugriff, \u00c4nderung, L\u00f6schung und Widerspruch gegen die Verarbeitung ihrer Daten.<\/p>\n<h4>Datensicherheit<\/h4>\n<p>Es ist notwendig, Sicherheitsma\u00dfnahmen wie Verschl\u00fcsselung und starke Authentifizierung zu implementieren.<\/p>\n<h4>Die Ernennung eines Datenschutzbeauftragten<\/h4>\n<p>Einige Unternehmen m\u00fcssen einen Datenschutzbeauftragten ernennen, um die Einhaltung der DSGVO sicherzustellen.<\/p>\n<h4>Die Folgen der Nichteinhaltung der DSGVO<\/h4>\n<p>Die Strafen k\u00f6nnen bis zu 20 Millionen Euro oder 4 % des Jahresumsatzes betragen.<\/p>\n<h3>Wie machen Sie Ihre Site konform?<\/h3>\n<p>A <strong>DSGVO-Audit<\/strong> erm\u00f6glicht Ihnen, Punkte zu identifizieren, die korrigiert werden m\u00fcssen, und bew\u00e4hrte Verfahren umzusetzen.<\/p>\n<h4>N\u00fctzliche Tools und Ressourcen<\/h4>\n<p>Tools wie Cookiebot und GDPR.eu k\u00f6nnen dabei helfen, die Einhaltung der Vorschriften sicherzustellen.<\/p>\n<p>Die Einhaltung der DSGVO ist unerl\u00e4sslich, um das Vertrauen der Nutzer zu gewinnen und Strafen zu vermeiden. Durch die Umsetzung konformer Praktiken kann Ihre Website optimalen Schutz personenbezogener Daten gew\u00e4hrleisten.<\/p>\n<h4>H\u00e4ufig gestellte Fragen<\/h4>\n<h5>1. Sollte meine Site ein Cookie-Banner anzeigen?<\/h5>\n<p>Ja, wenn Ihre Site unbedingt erforderliche Cookies verwendet.<\/p>\n<h5>2. Muss ich f\u00fcr jedes Formular eine Einwilligung einholen?<\/h5>\n<p>Ja, es sei denn, die Datenerhebung ist unbedingt erforderlich.<\/p>\n<h5>3. Was ist ein DSB und wann ist er zwingend erforderlich?<\/h5>\n<p>Ein DSB ist ein Datenschutzexperte, der f\u00fcr bestimmte Unternehmen, die mit sensiblen Daten umgehen, erforderlich ist.<\/p>\n<h5>4. Wie kann ich die Konformit\u00e4t meiner Site \u00fcberpr\u00fcfen?<\/h5>\n<p>Nutzen Sie Online-Audits und ziehen Sie einen Datenschutzexperten zu Rate.<\/p>\n<h5>5. Sollte ich meine Datenschutzrichtlinie regelm\u00e4\u00dfig aktualisieren?<\/h5>\n<p>Ja, es muss alle \u00c4nderungen in der Datenverarbeitung widerspiegeln.<\/p>\n<h5>6. Was tun im Falle einer Datenpanne?<\/h5>\n<p>Informieren Sie die zust\u00e4ndigen Beh\u00f6rden innerhalb von 72 Stunden und warnen Sie betroffene Benutzer.<\/p>\t\t\t\t\t\t<\/div>\n\t\t\t\t<\/div>\n\t\t\t\t\t<\/div>\n\t\t<\/div>\n\t\t\t\t\t<\/div>\n\t\t<\/section>\n\t\t\t\t<section class=\"elementor-section elementor-top-section elementor-element elementor-element-77edb27 ot-traditional elementor-section-boxed elementor-section-height-default elementor-section-height-default\" data-id=\"77edb27\" data-element_type=\"section\">\n\t\t\t\t\t\t<div class=\"elementor-container elementor-column-gap-default\">\n\t\t\t\t\t<div class=\"elementor-column elementor-col-100 elementor-top-column elementor-element elementor-element-72942a8 ot-flex-column-vertical\" data-id=\"72942a8\" data-element_type=\"column\">\n\t\t\t<div class=\"elementor-widget-wrap elementor-element-populated\">\n\t\t\t\t\t\t<div class=\"elementor-element elementor-element-0fcf018 elementor-widget elementor-widget-text-editor\" data-id=\"0fcf018\" data-element_type=\"widget\" data-widget_type=\"text-editor.default\">\n\t\t\t\t<div class=\"elementor-widget-container\">\n\t\t\t\t\t\t\t<div><div><div><div><p style=\"text-align: center;\"><span style=\"color: #000000;\"><strong>Laden Sie den vollst\u00e4ndigen Leitfaden kostenlos herunter:<\/strong><\/span><\/p><\/div><\/div><\/div><\/div>\t\t\t\t\t\t<\/div>\n\t\t\t\t<\/div>\n\t\t\t\t\t<\/div>\n\t\t<\/div>\n\t\t\t\t\t<\/div>\n\t\t<\/section>\n\t\t\t\t<section class=\"elementor-section elementor-top-section elementor-element elementor-element-7f22e0c ot-traditional elementor-section-boxed elementor-section-height-default elementor-section-height-default\" data-id=\"7f22e0c\" data-element_type=\"section\">\n\t\t\t\t\t\t<div class=\"elementor-container elementor-column-gap-default\">\n\t\t\t\t\t<div class=\"elementor-column elementor-col-100 elementor-top-column elementor-element elementor-element-d89bd3c ot-flex-column-vertical\" data-id=\"d89bd3c\" data-element_type=\"column\">\n\t\t\t<div class=\"elementor-widget-wrap elementor-element-populated\">\n\t\t\t\t\t\t<div class=\"elementor-element elementor-element-6220207 elementor-widget elementor-widget-text-editor\" data-id=\"6220207\" data-element_type=\"widget\" data-widget_type=\"text-editor.default\">\n\t\t\t\t<div class=\"elementor-widget-container\">\n\t\t\t\t\t\t\t<p><p><form method=\"post\" action=\"https:\/\/viqtor.eu\/wp-admin\/admin-ajax.php?action=tnp&amp;na=s\" class=\"tnp-subscription\" style=\"\">\n<input type=\"hidden\" name=\"nlang\" value=\"\">\n <div class=\"tnp-field tnp-field-email\"><label for=\"tnp-1\">E-Mail<\/label>\n<input class=\"tnp-email\" type=\"email\" name=\"ne\" id=\"tnp-1\" value=\"\" placeholder=\"\" required><\/div>\n\u00a0<label> <input name=\"AGREE_TO_TERMS\" required=\"\" type=\"checkbox\" value=\"1\" \/> Ich bin damit einverstanden, dass meine personenbezogenen Daten ausschlie\u00dflich zur Bearbeitung meiner Download-Anfrage verwendet werden. Eine anderweitige Nutzung dieser Daten ist nicht gestattet.<\/label> <label> <input name=\"AGREE_TO_TERMS\" required=\"\" type=\"checkbox\" value=\"1\" \/>Ich bin damit einverstanden, regelm\u00e4\u00dfig Informationen zu den Serviceangeboten von Viqtor zu erhalten.<\/label>\u00a0 \u00a0 \u00a0 \u00a0 \u00a0 \u00a0 \u00a0 \u00a0 \u00a0 \u00a0 \u00a0 \u00a0 \u00a0 \u00a0 \u00a0 \u00a0 \u00a0 \u00a0 \u00a0 \u00a0 <div class=\"tnp-field tnp-field-button\" style=\"text-align: left\"><input class=\"tnp-submit\" type=\"submit\" value=\"Leitfaden erhalten\" style=\"\">\n<\/div>\n<\/form><\/p><\/p>\t\t\t\t\t\t<\/div>\n\t\t\t\t<\/div>\n\t\t\t\t\t<\/div>\n\t\t<\/div>\n\t\t\t\t\t<\/div>\n\t\t<\/section>\n\t\t\t\t<\/div>","protected":false},"excerpt":{"rendered":"<p>\/\/ La plateforme Viqtor\u00ae Guide : RGPD et site web : Quelles obligations \u00e0 respecter ? Le R\u00e8glement G\u00e9n\u00e9ral sur la Protection des Donn\u00e9es (RGPD) est une r\u00e9glementation europ\u00e9enne visant \u00e0 renforcer la protection des donn\u00e9es personnelles des citoyens de l&rsquo;Union europ\u00e9enne. Toute entreprise collectant ou traitant des donn\u00e9es personnelles en ligne doit se conformer [&hellip;]<\/p>","protected":false},"author":1,"featured_media":0,"parent":0,"menu_order":0,"comment_status":"closed","ping_status":"closed","template":"","meta":{"_acf_changed":false,"footnotes":""},"class_list":["post-12719","page","type-page","status-publish","hentry"],"acf":[],"yoast_head":"<!-- This site is optimized with the Yoast SEO plugin v23.6 - https:\/\/yoast.com\/wordpress\/plugins\/seo\/ -->\n<title>Guide : RGPD et site web : Quelles obligations \u00e0 respecter ?<\/title>\n<meta name=\"description\" content=\"Assurez la conformit\u00e9 de votre site web au RGPD ! Quelles obligations \u00e0 respecter et quelles sanctions \u00e0 \u00e9viter gr\u00e2ce \u00e0 ce guide complet.\" \/>\n<meta name=\"robots\" content=\"index, follow, max-snippet:-1, max-image-preview:large, max-video-preview:-1\" \/>\n<link rel=\"canonical\" href=\"https:\/\/viqtor.eu\/de_at\/guide-rgpd-et-site-web-quelles-obligations-respecter\/\" \/>\n<meta property=\"og:locale\" content=\"de_DE\" \/>\n<meta property=\"og:type\" content=\"article\" \/>\n<meta property=\"og:title\" content=\"Guide : RGPD et site web : Quelles obligations \u00e0 respecter ?\" \/>\n<meta property=\"og:description\" content=\"Assurez la conformit\u00e9 de votre site web au RGPD ! Quelles obligations \u00e0 respecter et quelles sanctions \u00e0 \u00e9viter gr\u00e2ce \u00e0 ce guide complet.\" \/>\n<meta property=\"og:url\" content=\"https:\/\/viqtor.eu\/de_at\/guide-rgpd-et-site-web-quelles-obligations-respecter\/\" \/>\n<meta property=\"og:site_name\" content=\"Viqtor\" \/>\n<meta property=\"article:modified_time\" content=\"2025-04-23T19:08:46+00:00\" \/>\n<meta property=\"og:image\" content=\"https:\/\/viqtor.eu\/wp-content\/uploads\/2023\/05\/Les-etapes-principales-pour-la-mise-en-conformite-RGPD-1024x683.jpg\" \/>\n<meta name=\"twitter:card\" content=\"summary_large_image\" \/>\n<meta name=\"twitter:label1\" content=\"Gesch\u00e4tzte Lesezeit\" \/>\n\t<meta name=\"twitter:data1\" content=\"4 Minuten\" \/>\n<script type=\"application\/ld+json\" class=\"yoast-schema-graph\">{\"@context\":\"https:\/\/schema.org\",\"@graph\":[{\"@type\":\"WebPage\",\"@id\":\"https:\/\/viqtor.eu\/guide-rgpd-et-site-web-quelles-obligations-respecter\/\",\"url\":\"https:\/\/viqtor.eu\/guide-rgpd-et-site-web-quelles-obligations-respecter\/\",\"name\":\"Guide : RGPD et site web : Quelles obligations \u00e0 respecter ?\",\"isPartOf\":{\"@id\":\"https:\/\/viqtor.eu\/#website\"},\"primaryImageOfPage\":{\"@id\":\"https:\/\/viqtor.eu\/guide-rgpd-et-site-web-quelles-obligations-respecter\/#primaryimage\"},\"image\":{\"@id\":\"https:\/\/viqtor.eu\/guide-rgpd-et-site-web-quelles-obligations-respecter\/#primaryimage\"},\"thumbnailUrl\":\"https:\/\/viqtor.eu\/wp-content\/uploads\/2023\/05\/Les-etapes-principales-pour-la-mise-en-conformite-RGPD-1024x683.jpg\",\"datePublished\":\"2025-02-17T13:01:41+00:00\",\"dateModified\":\"2025-04-23T19:08:46+00:00\",\"description\":\"Assurez la conformit\u00e9 de votre site web au RGPD ! Quelles obligations \u00e0 respecter et quelles sanctions \u00e0 \u00e9viter gr\u00e2ce \u00e0 ce guide complet.\",\"breadcrumb\":{\"@id\":\"https:\/\/viqtor.eu\/guide-rgpd-et-site-web-quelles-obligations-respecter\/#breadcrumb\"},\"inLanguage\":\"de-AT\",\"potentialAction\":[{\"@type\":\"ReadAction\",\"target\":[\"https:\/\/viqtor.eu\/guide-rgpd-et-site-web-quelles-obligations-respecter\/\"]}]},{\"@type\":\"ImageObject\",\"inLanguage\":\"de-AT\",\"@id\":\"https:\/\/viqtor.eu\/guide-rgpd-et-site-web-quelles-obligations-respecter\/#primaryimage\",\"url\":\"https:\/\/viqtor.eu\/wp-content\/uploads\/2023\/05\/Les-etapes-principales-pour-la-mise-en-conformite-RGPD-1024x683.jpg\",\"contentUrl\":\"https:\/\/viqtor.eu\/wp-content\/uploads\/2023\/05\/Les-etapes-principales-pour-la-mise-en-conformite-RGPD-1024x683.jpg\"},{\"@type\":\"BreadcrumbList\",\"@id\":\"https:\/\/viqtor.eu\/guide-rgpd-et-site-web-quelles-obligations-respecter\/#breadcrumb\",\"itemListElement\":[{\"@type\":\"ListItem\",\"position\":1,\"name\":\"Accueil\",\"item\":\"https:\/\/viqtor.eu\/\"},{\"@type\":\"ListItem\",\"position\":2,\"name\":\"Guide : RGPD et site web : quelles obligations respecter ?\"}]},{\"@type\":\"WebSite\",\"@id\":\"https:\/\/viqtor.eu\/#website\",\"url\":\"https:\/\/viqtor.eu\/\",\"name\":\"Viqtor\",\"description\":\"Faites du RGPD une opportunit\u00e9 pour votre entreprise.\",\"publisher\":{\"@id\":\"https:\/\/viqtor.eu\/#organization\"},\"potentialAction\":[{\"@type\":\"SearchAction\",\"target\":{\"@type\":\"EntryPoint\",\"urlTemplate\":\"https:\/\/viqtor.eu\/?s={search_term_string}\"},\"query-input\":{\"@type\":\"PropertyValueSpecification\",\"valueRequired\":true,\"valueName\":\"search_term_string\"}}],\"inLanguage\":\"de-AT\"},{\"@type\":\"Organization\",\"@id\":\"https:\/\/viqtor.eu\/#organization\",\"name\":\"viqtor.eu\",\"url\":\"https:\/\/viqtor.eu\/\",\"logo\":{\"@type\":\"ImageObject\",\"inLanguage\":\"de-AT\",\"@id\":\"https:\/\/viqtor.eu\/#\/schema\/logo\/image\/\",\"url\":\"https:\/\/viqtor.eu\/wp-content\/uploads\/2023\/06\/favicon-noir.svg\",\"contentUrl\":\"https:\/\/viqtor.eu\/wp-content\/uploads\/2023\/06\/favicon-noir.svg\",\"width\":108,\"height\":86,\"caption\":\"viqtor.eu\"},\"image\":{\"@id\":\"https:\/\/viqtor.eu\/#\/schema\/logo\/image\/\"}}]}<\/script>\n<!-- \/ Yoast SEO plugin. -->","yoast_head_json":{"title":"Guide : RGPD et site web : Quelles obligations \u00e0 respecter ?","description":"Assurez la conformit\u00e9 de votre site web au RGPD ! Quelles obligations \u00e0 respecter et quelles sanctions \u00e0 \u00e9viter gr\u00e2ce \u00e0 ce guide complet.","robots":{"index":"index","follow":"follow","max-snippet":"max-snippet:-1","max-image-preview":"max-image-preview:large","max-video-preview":"max-video-preview:-1"},"canonical":"https:\/\/viqtor.eu\/de_at\/guide-rgpd-et-site-web-quelles-obligations-respecter\/","og_locale":"de_DE","og_type":"article","og_title":"Guide : RGPD et site web : Quelles obligations \u00e0 respecter ?","og_description":"Assurez la conformit\u00e9 de votre site web au RGPD ! Quelles obligations \u00e0 respecter et quelles sanctions \u00e0 \u00e9viter gr\u00e2ce \u00e0 ce guide complet.","og_url":"https:\/\/viqtor.eu\/de_at\/guide-rgpd-et-site-web-quelles-obligations-respecter\/","og_site_name":"Viqtor","article_modified_time":"2025-04-23T19:08:46+00:00","og_image":[{"url":"https:\/\/viqtor.eu\/wp-content\/uploads\/2023\/05\/Les-etapes-principales-pour-la-mise-en-conformite-RGPD-1024x683.jpg"}],"twitter_card":"summary_large_image","twitter_misc":{"Gesch\u00e4tzte Lesezeit":"4 Minuten"},"schema":{"@context":"https:\/\/schema.org","@graph":[{"@type":"WebPage","@id":"https:\/\/viqtor.eu\/guide-rgpd-et-site-web-quelles-obligations-respecter\/","url":"https:\/\/viqtor.eu\/guide-rgpd-et-site-web-quelles-obligations-respecter\/","name":"Guide : RGPD et site web : Quelles obligations \u00e0 respecter ?","isPartOf":{"@id":"https:\/\/viqtor.eu\/#website"},"primaryImageOfPage":{"@id":"https:\/\/viqtor.eu\/guide-rgpd-et-site-web-quelles-obligations-respecter\/#primaryimage"},"image":{"@id":"https:\/\/viqtor.eu\/guide-rgpd-et-site-web-quelles-obligations-respecter\/#primaryimage"},"thumbnailUrl":"https:\/\/viqtor.eu\/wp-content\/uploads\/2023\/05\/Les-etapes-principales-pour-la-mise-en-conformite-RGPD-1024x683.jpg","datePublished":"2025-02-17T13:01:41+00:00","dateModified":"2025-04-23T19:08:46+00:00","description":"Assurez la conformit\u00e9 de votre site web au RGPD ! Quelles obligations \u00e0 respecter et quelles sanctions \u00e0 \u00e9viter gr\u00e2ce \u00e0 ce guide complet.","breadcrumb":{"@id":"https:\/\/viqtor.eu\/guide-rgpd-et-site-web-quelles-obligations-respecter\/#breadcrumb"},"inLanguage":"de-AT","potentialAction":[{"@type":"ReadAction","target":["https:\/\/viqtor.eu\/guide-rgpd-et-site-web-quelles-obligations-respecter\/"]}]},{"@type":"ImageObject","inLanguage":"de-AT","@id":"https:\/\/viqtor.eu\/guide-rgpd-et-site-web-quelles-obligations-respecter\/#primaryimage","url":"https:\/\/viqtor.eu\/wp-content\/uploads\/2023\/05\/Les-etapes-principales-pour-la-mise-en-conformite-RGPD-1024x683.jpg","contentUrl":"https:\/\/viqtor.eu\/wp-content\/uploads\/2023\/05\/Les-etapes-principales-pour-la-mise-en-conformite-RGPD-1024x683.jpg"},{"@type":"BreadcrumbList","@id":"https:\/\/viqtor.eu\/guide-rgpd-et-site-web-quelles-obligations-respecter\/#breadcrumb","itemListElement":[{"@type":"ListItem","position":1,"name":"Accueil","item":"https:\/\/viqtor.eu\/"},{"@type":"ListItem","position":2,"name":"Guide : RGPD et site web : quelles obligations respecter ?"}]},{"@type":"WebSite","@id":"https:\/\/viqtor.eu\/#website","url":"https:\/\/viqtor.eu\/","name":"Viqtor","description":"Faites du RGPD une opportunit\u00e9 pour votre entreprise.","publisher":{"@id":"https:\/\/viqtor.eu\/#organization"},"potentialAction":[{"@type":"SearchAction","target":{"@type":"EntryPoint","urlTemplate":"https:\/\/viqtor.eu\/?s={search_term_string}"},"query-input":{"@type":"PropertyValueSpecification","valueRequired":true,"valueName":"search_term_string"}}],"inLanguage":"de-AT"},{"@type":"Organization","@id":"https:\/\/viqtor.eu\/#organization","name":"viqtor.eu","url":"https:\/\/viqtor.eu\/","logo":{"@type":"ImageObject","inLanguage":"de-AT","@id":"https:\/\/viqtor.eu\/#\/schema\/logo\/image\/","url":"https:\/\/viqtor.eu\/wp-content\/uploads\/2023\/06\/favicon-noir.svg","contentUrl":"https:\/\/viqtor.eu\/wp-content\/uploads\/2023\/06\/favicon-noir.svg","width":108,"height":86,"caption":"viqtor.eu"},"image":{"@id":"https:\/\/viqtor.eu\/#\/schema\/logo\/image\/"}}]}},"_links":{"self":[{"href":"https:\/\/viqtor.eu\/de_at\/wp-json\/wp\/v2\/pages\/12719","targetHints":{"allow":["GET"]}}],"collection":[{"href":"https:\/\/viqtor.eu\/de_at\/wp-json\/wp\/v2\/pages"}],"about":[{"href":"https:\/\/viqtor.eu\/de_at\/wp-json\/wp\/v2\/types\/page"}],"author":[{"embeddable":true,"href":"https:\/\/viqtor.eu\/de_at\/wp-json\/wp\/v2\/users\/1"}],"replies":[{"embeddable":true,"href":"https:\/\/viqtor.eu\/de_at\/wp-json\/wp\/v2\/comments?post=12719"}],"version-history":[{"count":52,"href":"https:\/\/viqtor.eu\/de_at\/wp-json\/wp\/v2\/pages\/12719\/revisions"}],"predecessor-version":[{"id":12994,"href":"https:\/\/viqtor.eu\/de_at\/wp-json\/wp\/v2\/pages\/12719\/revisions\/12994"}],"wp:attachment":[{"href":"https:\/\/viqtor.eu\/de_at\/wp-json\/wp\/v2\/media?parent=12719"}],"curies":[{"name":"wp","href":"https:\/\/api.w.org\/{rel}","templated":true}]}}