{"id":12636,"date":"2025-02-11T12:29:59","date_gmt":"2025-02-11T12:29:59","guid":{"rendered":"https:\/\/viqtor.eu\/?page_id=12636"},"modified":"2025-02-17T12:23:40","modified_gmt":"2025-02-17T12:23:40","slug":"guide-sur-laudit-de-conformite-rgpd","status":"publish","type":"page","link":"https:\/\/viqtor.eu\/de_at\/guide-sur-laudit-de-conformite-rgpd\/","title":{"rendered":"Leitfaden zur DSGVO-Konformit\u00e4tspr\u00fcfung"},"content":{"rendered":"<div data-elementor-type=\"wp-page\" data-elementor-id=\"12636\" class=\"elementor elementor-12636\" data-elementor-post-type=\"page\">\n\t\t\t\t\t\t<section class=\"elementor-section elementor-top-section elementor-element elementor-element-487d106 elementor-section-content-middle ot-traditional elementor-section-boxed elementor-section-height-default elementor-section-height-default\" data-id=\"487d106\" data-element_type=\"section\" data-settings=\"{&quot;background_background&quot;:&quot;classic&quot;}\">\n\t\t\t\t\t\t\t<div class=\"elementor-background-overlay\"><\/div>\n\t\t\t\t\t\t\t<div class=\"elementor-container elementor-column-gap-default\">\n\t\t\t\t\t<div class=\"elementor-column elementor-col-100 elementor-top-column elementor-element elementor-element-7cb43dc ot-column-items-center ot-flex-column-vertical\" data-id=\"7cb43dc\" data-element_type=\"column\">\n\t\t\t<div class=\"elementor-widget-wrap elementor-element-populated\">\n\t\t\t\t\t\t<div class=\"elementor-element elementor-element-f174978 elementor-widget__width-initial elementor-widget elementor-widget-iheading\" data-id=\"f174978\" data-element_type=\"widget\" data-widget_type=\"iheading.default\">\n\t\t\t\t<div class=\"elementor-widget-container\">\n\t\t\t\t\t<div class=\"ot-heading\">\r\n\t        \t            <span>\/\/ Die Viqtor\u00ae-Plattform<\/span>\r\n\t        <h1 class=\"main-heading\">\n\nViqtor\u00ae: Vollst\u00e4ndiger Leitfaden zur DSGVO-Konformit\u00e4tspr\u00fcfung\n\n<\/h1>\t    <\/div>\r\n\t    \t\t<\/div>\n\t\t\t\t<\/div>\n\t\t\t\t\t<\/div>\n\t\t<\/div>\n\t\t\t\t\t<\/div>\n\t\t<\/section>\n\t\t\t\t<section class=\"elementor-section elementor-top-section elementor-element elementor-element-6bfd0a4 ot-traditional elementor-section-boxed elementor-section-height-default elementor-section-height-default\" data-id=\"6bfd0a4\" data-element_type=\"section\">\n\t\t\t\t\t\t<div class=\"elementor-container elementor-column-gap-default\">\n\t\t\t\t\t<div class=\"elementor-column elementor-col-100 elementor-top-column elementor-element elementor-element-9e9d643 ot-flex-column-vertical\" data-id=\"9e9d643\" data-element_type=\"column\">\n\t\t\t<div class=\"elementor-widget-wrap elementor-element-populated\">\n\t\t\t\t\t\t<div class=\"elementor-element elementor-element-4ca1c81 elementor-widget elementor-widget-text-editor\" data-id=\"4ca1c81\" data-element_type=\"widget\" data-widget_type=\"text-editor.default\">\n\t\t\t\t<div class=\"elementor-widget-container\">\n\t\t\t\t\t\t\t<p>Die Datenschutz-Grundverordnung (DSGVO) ist ein Rechtsrahmen, der Unternehmen und Organisationen verpflichtet, den Schutz personenbezogener Daten von B\u00fcrgern der Europ\u00e4ischen Union zu gew\u00e4hrleisten. Die Durchf\u00fchrung eines DSGVO-Compliance-Audits ist ein wesentlicher Schritt, um sicherzustellen, dass Ihr Unternehmen diese gesetzlichen Verpflichtungen erf\u00fcllt.<\/p><p>In diesem Leitfaden werden wir die wichtigsten Schritte eines <strong>DSGVO-Konformit\u00e4tspr\u00fcfung<\/strong>, h\u00e4ufige Fehler, die es zu vermeiden gilt, sowie praktische Ratschl\u00e4ge zur Gew\u00e4hrleistung einer wirksamen Einhaltung.<\/p><h2>Was ist ein DSGVO-Compliance-Audit?<\/h2><p>Ein DSGVO-Compliance-Audit ist ein Bewertungsprozess, um L\u00fccken zwischen den aktuellen Praktiken eines Unternehmens und den DSGVO-Anforderungen zu identifizieren. Ziel ist es:<\/p><ul><li>Analysieren Sie die Verarbeitung personenbezogener Daten.<\/li><li>Identifizieren Sie Datenschutzrisiken.<\/li><li>Implementieren Sie Korrekturma\u00dfnahmen, um die Einhaltung sicherzustellen.<\/li><\/ul><p>Die Pr\u00fcfung kann intern von einem DPO (Datenschutzbeauftragten) oder einem spezialisierten externen Experten durchgef\u00fchrt werden.<\/p><hr \/><h2>2. Schritte eines DSGVO-Compliance-Audits<\/h2><p><strong>Kennzeichnung der Datenverarbeitung<\/strong><\/p><ul><li>Listen Sie alle erfassten, gespeicherten und verarbeiteten personenbezogenen Daten auf.<\/li><li>Bestimmen Sie die Rechtsgrundlagen f\u00fcr diese Behandlungen (Einwilligung, gesetzliche Verpflichtung, Vertragserf\u00fcllung usw.).<\/li><li>Pr\u00fcfen Sie, f\u00fcr welche Zwecke die Daten verwendet werden.<\/li><\/ul><p><strong>\u00dcberpr\u00fcfung der Rechtsgrundlagen<\/strong><\/p><ul><li>Stellen Sie sicher, dass jede Datenverarbeitung auf einer g\u00fcltigen Rechtsgrundlage beruht.<\/li><li>Stellen Sie sicher, dass die Zustimmung des Benutzers bei Bedarf ausdr\u00fccklich eingeholt wird.<\/li><\/ul><p><strong>Analyse der Menschenrechte<\/strong><\/p><ul><li>Pr\u00fcfen Sie, ob die betroffenen Personen ihre Rechte (Zugriff, Berichtigung, L\u00f6schung, Portabilit\u00e4t usw.) problemlos aus\u00fcben k\u00f6nnen.<\/li><li>Stellen Sie sicher, dass Ihre Datenschutzrichtlinie klar und zug\u00e4nglich ist.<\/li><\/ul><p><strong>Datensicherheit<\/strong><\/p><ul><li>Bewerten Sie die zum Schutz der Daten implementierten Sicherheitsma\u00dfnahmen (Verschl\u00fcsselung, Pseudonymisierung, Zugriffskontrolle usw.).<\/li><li>Testen Sie die Robustheit Ihrer Sicherheitsprotokolle, um Datenlecks zu verhindern.<\/li><\/ul><p><strong>Dokumentation und Compliance<\/strong><\/p><ul><li>F\u00fchren Sie ein aktuelles Datenverarbeitungsregister.<\/li><li>\u00dcberpr\u00fcfen Sie, ob ein Reaktionsplan f\u00fcr Sicherheitsvorf\u00e4lle vorhanden ist.<\/li><li>Stellen Sie sicher, dass Vertr\u00e4ge mit Subunternehmern der DSGVO entsprechen.<\/li><\/ul><p><strong>Sensibilisierung und Schulung<\/strong><\/p><ul><li>Schulen Sie Ihre Teams in guten Datenschutzpraktiken.<\/li><li>Stellen Sie sicher, dass die Mitarbeiter ihre DSGVO-Verantwortlichkeiten kennen.<\/li><\/ul>\t\t\t\t\t\t<\/div>\n\t\t\t\t<\/div>\n\t\t\t\t\t<\/div>\n\t\t<\/div>\n\t\t\t\t\t<\/div>\n\t\t<\/section>\n\t\t\t\t<section class=\"elementor-section elementor-top-section elementor-element elementor-element-e58c8b9 ot-traditional elementor-section-boxed elementor-section-height-default elementor-section-height-default\" data-id=\"e58c8b9\" data-element_type=\"section\">\n\t\t\t\t\t\t<div class=\"elementor-container elementor-column-gap-default\">\n\t\t\t\t\t<div class=\"elementor-column elementor-col-50 elementor-top-column elementor-element elementor-element-2ec2fea ot-flex-column-vertical\" data-id=\"2ec2fea\" data-element_type=\"column\">\n\t\t\t<div class=\"elementor-widget-wrap elementor-element-populated\">\n\t\t\t\t\t\t<div class=\"elementor-element elementor-element-b96b62f elementor-widget elementor-widget-image\" data-id=\"b96b62f\" data-element_type=\"widget\" data-widget_type=\"image.default\">\n\t\t\t\t<div class=\"elementor-widget-container\">\n\t\t\t\t\t\t\t\t\t\t\t\t\t<img fetchpriority=\"high\" decoding=\"async\" width=\"1024\" height=\"584\" src=\"https:\/\/viqtor.eu\/wp-content\/uploads\/2024\/06\/Dashboard-copie-1024x584.png\" class=\"attachment-large size-large wp-image-11131\" alt=\"home viqtor\" srcset=\"https:\/\/viqtor.eu\/wp-content\/uploads\/2024\/06\/Dashboard-copie-1024x584.png 1024w, https:\/\/viqtor.eu\/wp-content\/uploads\/2024\/06\/Dashboard-copie-300x171.png 300w, https:\/\/viqtor.eu\/wp-content\/uploads\/2024\/06\/Dashboard-copie-768x438.png 768w, https:\/\/viqtor.eu\/wp-content\/uploads\/2024\/06\/Dashboard-copie-1536x876.png 1536w, https:\/\/viqtor.eu\/wp-content\/uploads\/2024\/06\/Dashboard-copie-2048x1168.png 2048w, https:\/\/viqtor.eu\/wp-content\/uploads\/2024\/06\/Dashboard-copie-720x411.png 720w\" sizes=\"(max-width: 1024px) 100vw, 1024px\" \/>\t\t\t\t\t\t\t\t\t\t\t\t\t<\/div>\n\t\t\t\t<\/div>\n\t\t\t\t\t<\/div>\n\t\t<\/div>\n\t\t\t\t<div class=\"elementor-column elementor-col-50 elementor-top-column elementor-element elementor-element-5e6ca7a ot-flex-column-vertical\" data-id=\"5e6ca7a\" data-element_type=\"column\">\n\t\t\t<div class=\"elementor-widget-wrap elementor-element-populated\">\n\t\t\t\t\t\t<div class=\"elementor-element elementor-element-fc70a7e elementor-widget elementor-widget-image\" data-id=\"fc70a7e\" data-element_type=\"widget\" data-widget_type=\"image.default\">\n\t\t\t\t<div class=\"elementor-widget-container\">\n\t\t\t\t\t\t\t\t\t\t\t\t\t<img decoding=\"async\" width=\"646\" height=\"386\" src=\"https:\/\/viqtor.eu\/wp-content\/uploads\/2024\/03\/pika-1711032360924-1x-removebg-preview.png\" class=\"attachment-large size-large wp-image-10834\" alt=\"Logiciel RGPD\" srcset=\"https:\/\/viqtor.eu\/wp-content\/uploads\/2024\/03\/pika-1711032360924-1x-removebg-preview.png 646w, https:\/\/viqtor.eu\/wp-content\/uploads\/2024\/03\/pika-1711032360924-1x-removebg-preview-300x179.png 300w\" sizes=\"(max-width: 646px) 100vw, 646px\" \/>\t\t\t\t\t\t\t\t\t\t\t\t\t<\/div>\n\t\t\t\t<\/div>\n\t\t\t\t\t<\/div>\n\t\t<\/div>\n\t\t\t\t\t<\/div>\n\t\t<\/section>\n\t\t\t\t<section class=\"elementor-section elementor-top-section elementor-element elementor-element-35ba52a ot-traditional elementor-section-boxed elementor-section-height-default elementor-section-height-default\" data-id=\"35ba52a\" data-element_type=\"section\">\n\t\t\t\t\t\t<div class=\"elementor-container elementor-column-gap-default\">\n\t\t\t\t\t<div class=\"elementor-column elementor-col-100 elementor-top-column elementor-element elementor-element-0cf7b26 ot-flex-column-vertical\" data-id=\"0cf7b26\" data-element_type=\"column\">\n\t\t\t<div class=\"elementor-widget-wrap elementor-element-populated\">\n\t\t\t\t\t\t<div class=\"elementor-element elementor-element-3593ed7 elementor-widget elementor-widget-heading\" data-id=\"3593ed7\" data-element_type=\"widget\" data-widget_type=\"heading.default\">\n\t\t\t\t<div class=\"elementor-widget-container\">\n\t\t\t<h2 class=\"elementor-heading-title elementor-size-large\">3. H\u00e4ufige Fehler, die Sie vermeiden sollten<\/h2>\t\t<\/div>\n\t\t\t\t<\/div>\n\t\t\t\t\t<\/div>\n\t\t<\/div>\n\t\t\t\t\t<\/div>\n\t\t<\/section>\n\t\t\t\t<section class=\"elementor-section elementor-top-section elementor-element elementor-element-3a23f17 ot-traditional elementor-section-boxed elementor-section-height-default elementor-section-height-default\" data-id=\"3a23f17\" data-element_type=\"section\">\n\t\t\t\t\t\t<div class=\"elementor-container elementor-column-gap-default\">\n\t\t\t\t\t<div class=\"elementor-column elementor-col-100 elementor-top-column elementor-element elementor-element-cf1b7c9 ot-flex-column-vertical\" data-id=\"cf1b7c9\" data-element_type=\"column\">\n\t\t\t<div class=\"elementor-widget-wrap elementor-element-populated\">\n\t\t\t\t\t\t<div class=\"elementor-element elementor-element-3c94449 elementor-widget elementor-widget-text-editor\" data-id=\"3c94449\" data-element_type=\"widget\" data-widget_type=\"text-editor.default\">\n\t\t\t\t<div class=\"elementor-widget-container\">\n\t\t\t\t\t\t\t<ul><li>Vernachl\u00e4ssigung<strong> Datenverarbeitungszuordnung<\/strong> : Mangelnde Kenntnis der erhobenen Daten kann zu Nichtkonformit\u00e4ten f\u00fchren.<\/li><li><strong>Vergessen Sie die Subunternehmer<\/strong> : Stellen Sie sicher, dass alle Ihre Partner ebenfalls DSGVO-konform sind.<\/li><li><strong>Mangelnde Aktualit\u00e4t des Behandlungsregisters<\/strong> : Ein veraltetes Register kann im Falle einer Kontrolle Sanktionen nach sich ziehen.<\/li><li><strong>Mangelnde Transparenz gegen\u00fcber den Nutzern<\/strong> : Eine unvollst\u00e4ndige oder schwer verst\u00e4ndliche Datenschutzrichtlinie kann problematisch sein.<\/li><li><strong>Sicherheitsma\u00dfnahmen ignorieren<\/strong> : Mangelnder Datenschutz kann zu Verst\u00f6\u00dfen und Strafen f\u00fchren.<\/li><\/ul><hr \/><h3>4. Praktische Tipps zur Gew\u00e4hrleistung einer effektiven Compliance<\/h3><ul><li><strong>Verwenden Sie ein spezielles Tool wie Viqtor\u00ae<\/strong> : Eine DSGVO-Plattform erm\u00f6glicht Ihnen die Automatisierung von Audits und die \u00dcberwachung der Einhaltung in Echtzeit.<\/li><li><strong>Erstellen Sie einen Aktionsplan<\/strong> : Korrigieren Sie die w\u00e4hrend des Audits festgestellten Abweichungen, indem Sie die kritischsten Risiken priorisieren.<\/li><li><strong>F\u00fchren Sie regelm\u00e4\u00dfige Audits durch<\/strong> : Die Einhaltung der DSGVO ist kein fester Zustand, sondern ein fortlaufender Prozess.<\/li><li><strong>Sensibilisieren Sie Ihre Teams und beziehen Sie sie ein<\/strong> : Die Schulung der Mitarbeiter ist der Schl\u00fcssel zur Vermeidung menschlicher Fehler.<\/li><li><strong>Antizipieren Sie regulatorische \u00c4nderungen<\/strong> : Die DSGVO entwickelt sich weiter und Ihr Unternehmen muss sich st\u00e4ndig anpassen.<\/li><\/ul><p>A <b>DSGVO-Konformit\u00e4tspr\u00fcfung<\/b> ist ein wesentlicher Schritt, um den Schutz personenbezogener Daten zu gew\u00e4hrleisten und Sanktionen zu vermeiden. Dank einer <strong>DSGVO-Plattform<\/strong> Mit einem Spezialisten wie Viqtor\u00ae k\u00f6nnen Sie diesen Prozess vereinfachen und eine optimale \u00dcberwachung Ihrer Compliance sicherstellen.<\/p><p>Ben\u00f6tigen Sie pers\u00f6nliche Unterst\u00fctzung f\u00fcr Ihre <b>DSGVO-Audit<\/b> ? Kontakt <b>Viqtor\u00ae<\/b> Profitieren Sie jetzt von einer ma\u00dfgeschneiderten L\u00f6sung.<\/p>\t\t\t\t\t\t<\/div>\n\t\t\t\t<\/div>\n\t\t\t\t\t<\/div>\n\t\t<\/div>\n\t\t\t\t\t<\/div>\n\t\t<\/section>\n\t\t\t\t<section class=\"elementor-section elementor-top-section elementor-element elementor-element-77edb27 ot-traditional elementor-section-boxed elementor-section-height-default elementor-section-height-default\" data-id=\"77edb27\" data-element_type=\"section\">\n\t\t\t\t\t\t<div class=\"elementor-container elementor-column-gap-default\">\n\t\t\t\t\t<div class=\"elementor-column elementor-col-100 elementor-top-column elementor-element elementor-element-72942a8 ot-flex-column-vertical\" data-id=\"72942a8\" data-element_type=\"column\">\n\t\t\t<div class=\"elementor-widget-wrap elementor-element-populated\">\n\t\t\t\t\t\t<div class=\"elementor-element elementor-element-0fcf018 elementor-widget elementor-widget-text-editor\" data-id=\"0fcf018\" data-element_type=\"widget\" data-widget_type=\"text-editor.default\">\n\t\t\t\t<div class=\"elementor-widget-container\">\n\t\t\t\t\t\t\t<div><div><div><div><p style=\"text-align: center;\"><span style=\"color: #000000;\"><strong>Laden Sie den vollst\u00e4ndigen Leitfaden kostenlos herunter:<\/strong><\/span><\/p><\/div><\/div><\/div><\/div>\t\t\t\t\t\t<\/div>\n\t\t\t\t<\/div>\n\t\t\t\t\t<\/div>\n\t\t<\/div>\n\t\t\t\t\t<\/div>\n\t\t<\/section>\n\t\t\t\t<section class=\"elementor-section elementor-top-section elementor-element elementor-element-7f22e0c ot-traditional elementor-section-boxed elementor-section-height-default elementor-section-height-default\" data-id=\"7f22e0c\" data-element_type=\"section\">\n\t\t\t\t\t\t<div class=\"elementor-container elementor-column-gap-default\">\n\t\t\t\t\t<div class=\"elementor-column elementor-col-100 elementor-top-column elementor-element elementor-element-d89bd3c ot-flex-column-vertical\" data-id=\"d89bd3c\" data-element_type=\"column\">\n\t\t\t<div class=\"elementor-widget-wrap elementor-element-populated\">\n\t\t\t\t\t\t<div class=\"elementor-element elementor-element-6220207 elementor-widget elementor-widget-text-editor\" data-id=\"6220207\" data-element_type=\"widget\" data-widget_type=\"text-editor.default\">\n\t\t\t\t<div class=\"elementor-widget-container\">\n\t\t\t\t\t\t\t<p><p><form method=\"post\" action=\"https:\/\/viqtor.eu\/wp-admin\/admin-ajax.php?action=tnp&amp;na=s\" class=\"tnp-subscription\" style=\"\">\n<input type=\"hidden\" name=\"nlang\" value=\"\">\n <div class=\"tnp-field tnp-field-email\"><label for=\"tnp-1\">E-Mail<\/label>\n<input class=\"tnp-email\" type=\"email\" name=\"ne\" id=\"tnp-1\" value=\"\" placeholder=\"\" required><\/div>\n\u00a0<label> <input name=\"AGREE_TO_TERMS\" required=\"\" type=\"checkbox\" value=\"1\" \/> Ich bin damit einverstanden, dass meine personenbezogenen Daten ausschlie\u00dflich zur Bearbeitung meiner Download-Anfrage verwendet werden. Eine anderweitige Nutzung dieser Daten ist nicht gestattet.<\/label> <label> <input name=\"AGREE_TO_TERMS\" required=\"\" type=\"checkbox\" value=\"1\" \/>Ich bin damit einverstanden, regelm\u00e4\u00dfig Informationen zu den Serviceangeboten von Viqtor zu erhalten.<\/label>\u00a0 \u00a0 \u00a0 \u00a0 \u00a0 \u00a0 \u00a0 \u00a0 \u00a0 \u00a0 \u00a0 \u00a0 \u00a0 \u00a0 \u00a0 \u00a0 \u00a0 \u00a0 \u00a0 \u00a0 <div class=\"tnp-field tnp-field-button\" style=\"text-align: left\"><input class=\"tnp-submit\" type=\"submit\" value=\"Leitfaden erhalten\" style=\"\">\n<\/div>\n<\/form><\/p><\/p>\t\t\t\t\t\t<\/div>\n\t\t\t\t<\/div>\n\t\t\t\t\t<\/div>\n\t\t<\/div>\n\t\t\t\t\t<\/div>\n\t\t<\/section>\n\t\t\t\t<\/div>","protected":false},"excerpt":{"rendered":"<p>\/\/ La plateforme Viqtor\u00ae Viqtor\u00ae : guide complet sur l\u2019audit de conformit\u00e9 RGPD Le R\u00e8glement g\u00e9n\u00e9ral sur la protection des donn\u00e9es (RGPD) est un cadre juridique qui impose aux entreprises et organisations de garantir la protection des donn\u00e9es personnelles des citoyens de l&rsquo;Union europ\u00e9enne. R\u00e9aliser un audit de conformit\u00e9 RGPD est une \u00e9tape essentielle pour [&hellip;]<\/p>","protected":false},"author":1,"featured_media":0,"parent":0,"menu_order":0,"comment_status":"closed","ping_status":"closed","template":"","meta":{"_acf_changed":false,"footnotes":""},"class_list":["post-12636","page","type-page","status-publish","hentry"],"acf":[],"yoast_head":"<!-- This site is optimized with the Yoast SEO plugin v23.6 - https:\/\/yoast.com\/wordpress\/plugins\/seo\/ -->\n<title>Guide sur l\u2019audit de conformit\u00e9 RGPD - Viqtor<\/title>\n<meta name=\"description\" content=\"Guide complet sur l\u2019audit de conformit\u00e9 RGPD : \u00e9tapes cl\u00e9s, bonnes pratiques et conseils pour assurer la protection des donn\u00e9es et la conformit\u00e9 RGPD.\" \/>\n<meta name=\"robots\" content=\"index, follow, max-snippet:-1, max-image-preview:large, max-video-preview:-1\" \/>\n<link rel=\"canonical\" href=\"https:\/\/viqtor.eu\/de_at\/guide-sur-laudit-de-conformite-rgpd\/\" \/>\n<meta property=\"og:locale\" content=\"de_DE\" \/>\n<meta property=\"og:type\" content=\"article\" \/>\n<meta property=\"og:title\" content=\"Guide sur l\u2019audit de conformit\u00e9 RGPD - Viqtor\" \/>\n<meta property=\"og:description\" content=\"Guide complet sur l\u2019audit de conformit\u00e9 RGPD : \u00e9tapes cl\u00e9s, bonnes pratiques et conseils pour assurer la protection des donn\u00e9es et la conformit\u00e9 RGPD.\" \/>\n<meta property=\"og:url\" content=\"https:\/\/viqtor.eu\/de_at\/guide-sur-laudit-de-conformite-rgpd\/\" \/>\n<meta property=\"og:site_name\" content=\"Viqtor\" \/>\n<meta property=\"article:modified_time\" content=\"2025-02-17T12:23:40+00:00\" \/>\n<meta property=\"og:image\" content=\"https:\/\/viqtor.eu\/wp-content\/uploads\/2024\/06\/Dashboard-copie.png\" \/>\n\t<meta property=\"og:image:width\" content=\"2880\" \/>\n\t<meta property=\"og:image:height\" content=\"1642\" \/>\n\t<meta property=\"og:image:type\" content=\"image\/png\" \/>\n<meta name=\"twitter:card\" content=\"summary_large_image\" \/>\n<meta name=\"twitter:label1\" content=\"Gesch\u00e4tzte Lesezeit\" \/>\n\t<meta name=\"twitter:data1\" content=\"4 Minuten\" \/>\n<script type=\"application\/ld+json\" class=\"yoast-schema-graph\">{\"@context\":\"https:\/\/schema.org\",\"@graph\":[{\"@type\":\"WebPage\",\"@id\":\"https:\/\/viqtor.eu\/guide-sur-laudit-de-conformite-rgpd\/\",\"url\":\"https:\/\/viqtor.eu\/guide-sur-laudit-de-conformite-rgpd\/\",\"name\":\"Guide sur l\u2019audit de conformit\u00e9 RGPD - Viqtor\",\"isPartOf\":{\"@id\":\"https:\/\/viqtor.eu\/#website\"},\"primaryImageOfPage\":{\"@id\":\"https:\/\/viqtor.eu\/guide-sur-laudit-de-conformite-rgpd\/#primaryimage\"},\"image\":{\"@id\":\"https:\/\/viqtor.eu\/guide-sur-laudit-de-conformite-rgpd\/#primaryimage\"},\"thumbnailUrl\":\"https:\/\/viqtor.eu\/wp-content\/uploads\/2024\/06\/Dashboard-copie-1024x584.png\",\"datePublished\":\"2025-02-11T12:29:59+00:00\",\"dateModified\":\"2025-02-17T12:23:40+00:00\",\"description\":\"Guide complet sur l\u2019audit de conformit\u00e9 RGPD : \u00e9tapes cl\u00e9s, bonnes pratiques et conseils pour assurer la protection des donn\u00e9es et la conformit\u00e9 RGPD.\",\"breadcrumb\":{\"@id\":\"https:\/\/viqtor.eu\/guide-sur-laudit-de-conformite-rgpd\/#breadcrumb\"},\"inLanguage\":\"de-AT\",\"potentialAction\":[{\"@type\":\"ReadAction\",\"target\":[\"https:\/\/viqtor.eu\/guide-sur-laudit-de-conformite-rgpd\/\"]}]},{\"@type\":\"ImageObject\",\"inLanguage\":\"de-AT\",\"@id\":\"https:\/\/viqtor.eu\/guide-sur-laudit-de-conformite-rgpd\/#primaryimage\",\"url\":\"https:\/\/viqtor.eu\/wp-content\/uploads\/2024\/06\/Dashboard-copie-1024x584.png\",\"contentUrl\":\"https:\/\/viqtor.eu\/wp-content\/uploads\/2024\/06\/Dashboard-copie-1024x584.png\"},{\"@type\":\"BreadcrumbList\",\"@id\":\"https:\/\/viqtor.eu\/guide-sur-laudit-de-conformite-rgpd\/#breadcrumb\",\"itemListElement\":[{\"@type\":\"ListItem\",\"position\":1,\"name\":\"Accueil\",\"item\":\"https:\/\/viqtor.eu\/\"},{\"@type\":\"ListItem\",\"position\":2,\"name\":\"Guide sur l\u2019audit de conformit\u00e9 RGPD\"}]},{\"@type\":\"WebSite\",\"@id\":\"https:\/\/viqtor.eu\/#website\",\"url\":\"https:\/\/viqtor.eu\/\",\"name\":\"Viqtor\",\"description\":\"Faites du RGPD une opportunit\u00e9 pour votre entreprise.\",\"publisher\":{\"@id\":\"https:\/\/viqtor.eu\/#organization\"},\"potentialAction\":[{\"@type\":\"SearchAction\",\"target\":{\"@type\":\"EntryPoint\",\"urlTemplate\":\"https:\/\/viqtor.eu\/?s={search_term_string}\"},\"query-input\":{\"@type\":\"PropertyValueSpecification\",\"valueRequired\":true,\"valueName\":\"search_term_string\"}}],\"inLanguage\":\"de-AT\"},{\"@type\":\"Organization\",\"@id\":\"https:\/\/viqtor.eu\/#organization\",\"name\":\"viqtor.eu\",\"url\":\"https:\/\/viqtor.eu\/\",\"logo\":{\"@type\":\"ImageObject\",\"inLanguage\":\"de-AT\",\"@id\":\"https:\/\/viqtor.eu\/#\/schema\/logo\/image\/\",\"url\":\"https:\/\/viqtor.eu\/wp-content\/uploads\/2023\/06\/favicon-noir.svg\",\"contentUrl\":\"https:\/\/viqtor.eu\/wp-content\/uploads\/2023\/06\/favicon-noir.svg\",\"width\":108,\"height\":86,\"caption\":\"viqtor.eu\"},\"image\":{\"@id\":\"https:\/\/viqtor.eu\/#\/schema\/logo\/image\/\"}}]}<\/script>\n<!-- \/ Yoast SEO plugin. -->","yoast_head_json":{"title":"Guide sur l\u2019audit de conformit\u00e9 RGPD - Viqtor","description":"Guide complet sur l\u2019audit de conformit\u00e9 RGPD : \u00e9tapes cl\u00e9s, bonnes pratiques et conseils pour assurer la protection des donn\u00e9es et la conformit\u00e9 RGPD.","robots":{"index":"index","follow":"follow","max-snippet":"max-snippet:-1","max-image-preview":"max-image-preview:large","max-video-preview":"max-video-preview:-1"},"canonical":"https:\/\/viqtor.eu\/de_at\/guide-sur-laudit-de-conformite-rgpd\/","og_locale":"de_DE","og_type":"article","og_title":"Guide sur l\u2019audit de conformit\u00e9 RGPD - Viqtor","og_description":"Guide complet sur l\u2019audit de conformit\u00e9 RGPD : \u00e9tapes cl\u00e9s, bonnes pratiques et conseils pour assurer la protection des donn\u00e9es et la conformit\u00e9 RGPD.","og_url":"https:\/\/viqtor.eu\/de_at\/guide-sur-laudit-de-conformite-rgpd\/","og_site_name":"Viqtor","article_modified_time":"2025-02-17T12:23:40+00:00","og_image":[{"width":2880,"height":1642,"url":"https:\/\/viqtor.eu\/wp-content\/uploads\/2024\/06\/Dashboard-copie.png","type":"image\/png"}],"twitter_card":"summary_large_image","twitter_misc":{"Gesch\u00e4tzte Lesezeit":"4 Minuten"},"schema":{"@context":"https:\/\/schema.org","@graph":[{"@type":"WebPage","@id":"https:\/\/viqtor.eu\/guide-sur-laudit-de-conformite-rgpd\/","url":"https:\/\/viqtor.eu\/guide-sur-laudit-de-conformite-rgpd\/","name":"Guide sur l\u2019audit de conformit\u00e9 RGPD - Viqtor","isPartOf":{"@id":"https:\/\/viqtor.eu\/#website"},"primaryImageOfPage":{"@id":"https:\/\/viqtor.eu\/guide-sur-laudit-de-conformite-rgpd\/#primaryimage"},"image":{"@id":"https:\/\/viqtor.eu\/guide-sur-laudit-de-conformite-rgpd\/#primaryimage"},"thumbnailUrl":"https:\/\/viqtor.eu\/wp-content\/uploads\/2024\/06\/Dashboard-copie-1024x584.png","datePublished":"2025-02-11T12:29:59+00:00","dateModified":"2025-02-17T12:23:40+00:00","description":"Guide complet sur l\u2019audit de conformit\u00e9 RGPD : \u00e9tapes cl\u00e9s, bonnes pratiques et conseils pour assurer la protection des donn\u00e9es et la conformit\u00e9 RGPD.","breadcrumb":{"@id":"https:\/\/viqtor.eu\/guide-sur-laudit-de-conformite-rgpd\/#breadcrumb"},"inLanguage":"de-AT","potentialAction":[{"@type":"ReadAction","target":["https:\/\/viqtor.eu\/guide-sur-laudit-de-conformite-rgpd\/"]}]},{"@type":"ImageObject","inLanguage":"de-AT","@id":"https:\/\/viqtor.eu\/guide-sur-laudit-de-conformite-rgpd\/#primaryimage","url":"https:\/\/viqtor.eu\/wp-content\/uploads\/2024\/06\/Dashboard-copie-1024x584.png","contentUrl":"https:\/\/viqtor.eu\/wp-content\/uploads\/2024\/06\/Dashboard-copie-1024x584.png"},{"@type":"BreadcrumbList","@id":"https:\/\/viqtor.eu\/guide-sur-laudit-de-conformite-rgpd\/#breadcrumb","itemListElement":[{"@type":"ListItem","position":1,"name":"Accueil","item":"https:\/\/viqtor.eu\/"},{"@type":"ListItem","position":2,"name":"Guide sur l\u2019audit de conformit\u00e9 RGPD"}]},{"@type":"WebSite","@id":"https:\/\/viqtor.eu\/#website","url":"https:\/\/viqtor.eu\/","name":"Viqtor","description":"Faites du RGPD une opportunit\u00e9 pour votre entreprise.","publisher":{"@id":"https:\/\/viqtor.eu\/#organization"},"potentialAction":[{"@type":"SearchAction","target":{"@type":"EntryPoint","urlTemplate":"https:\/\/viqtor.eu\/?s={search_term_string}"},"query-input":{"@type":"PropertyValueSpecification","valueRequired":true,"valueName":"search_term_string"}}],"inLanguage":"de-AT"},{"@type":"Organization","@id":"https:\/\/viqtor.eu\/#organization","name":"viqtor.eu","url":"https:\/\/viqtor.eu\/","logo":{"@type":"ImageObject","inLanguage":"de-AT","@id":"https:\/\/viqtor.eu\/#\/schema\/logo\/image\/","url":"https:\/\/viqtor.eu\/wp-content\/uploads\/2023\/06\/favicon-noir.svg","contentUrl":"https:\/\/viqtor.eu\/wp-content\/uploads\/2023\/06\/favicon-noir.svg","width":108,"height":86,"caption":"viqtor.eu"},"image":{"@id":"https:\/\/viqtor.eu\/#\/schema\/logo\/image\/"}}]}},"_links":{"self":[{"href":"https:\/\/viqtor.eu\/de_at\/wp-json\/wp\/v2\/pages\/12636","targetHints":{"allow":["GET"]}}],"collection":[{"href":"https:\/\/viqtor.eu\/de_at\/wp-json\/wp\/v2\/pages"}],"about":[{"href":"https:\/\/viqtor.eu\/de_at\/wp-json\/wp\/v2\/types\/page"}],"author":[{"embeddable":true,"href":"https:\/\/viqtor.eu\/de_at\/wp-json\/wp\/v2\/users\/1"}],"replies":[{"embeddable":true,"href":"https:\/\/viqtor.eu\/de_at\/wp-json\/wp\/v2\/comments?post=12636"}],"version-history":[{"count":30,"href":"https:\/\/viqtor.eu\/de_at\/wp-json\/wp\/v2\/pages\/12636\/revisions"}],"predecessor-version":[{"id":12721,"href":"https:\/\/viqtor.eu\/de_at\/wp-json\/wp\/v2\/pages\/12636\/revisions\/12721"}],"wp:attachment":[{"href":"https:\/\/viqtor.eu\/de_at\/wp-json\/wp\/v2\/media?parent=12636"}],"curies":[{"name":"wp","href":"https:\/\/api.w.org\/{rel}","templated":true}]}}