{"id":8681,"date":"2023-07-04T11:16:49","date_gmt":"2023-07-04T11:16:49","guid":{"rendered":"https:\/\/viqtor.eu\/?page_id=8681"},"modified":"2023-08-31T15:34:24","modified_gmt":"2023-08-31T15:34:24","slug":"role-du-dpo","status":"publish","type":"page","link":"https:\/\/viqtor.eu\/de\/role-du-dpo\/","title":{"rendered":"&#8230; r\u00f4le du dpo"},"content":{"rendered":"<div data-elementor-type=\"wp-page\" data-elementor-id=\"8681\" class=\"elementor elementor-8681\" data-elementor-post-type=\"page\">\n\t\t\t\t\t\t<section class=\"elementor-section elementor-top-section elementor-element elementor-element-34b7207 ot-traditional elementor-section-boxed elementor-section-height-default elementor-section-height-default\" data-id=\"34b7207\" data-element_type=\"section\">\n\t\t\t\t\t\t<div class=\"elementor-container elementor-column-gap-default\">\n\t\t\t\t\t<div class=\"elementor-column elementor-col-100 elementor-top-column elementor-element elementor-element-aa25a7f ot-flex-column-vertical\" data-id=\"aa25a7f\" data-element_type=\"column\">\n\t\t\t<div class=\"elementor-widget-wrap elementor-element-populated\">\n\t\t\t\t\t\t<div class=\"elementor-element elementor-element-20a0eab elementor-widget elementor-widget-text-editor\" data-id=\"20a0eab\" data-element_type=\"widget\" data-widget_type=\"text-editor.default\">\n\t\t\t\t<div class=\"elementor-widget-container\">\n\t\t\t\t\t\t\t<h1 style=\"text-align: center;\">Die Rolle des DSB: Garant f\u00fcr den Schutz personenbezogener Daten<\/h1><p><span style=\"color: #000000;\">Gem\u00e4\u00df der Datenschutz-Grundverordnung (DSGVO)<a style=\"color: #000000;\" href=\"https:\/\/viqtor.eu\/de\/mes-processus-rgpd\/\"> Datenschutzbeauftragter<\/a> Der Datenschutzbeauftragte (DSB) nimmt eine zentrale Position ein. Er ist f\u00fcr die Einhaltung der Datenschutzbestimmungen bei der Verarbeitung personenbezogener Daten innerhalb einer Organisation verantwortlich. In diesem Artikel beleuchten wir die zentrale Rolle des DSB, seine wichtigsten Aufgaben und seinen Einfluss auf den Datenschutz.<\/span><\/p>\t\t\t\t\t\t<\/div>\n\t\t\t\t<\/div>\n\t\t\t\t\t<\/div>\n\t\t<\/div>\n\t\t\t\t\t<\/div>\n\t\t<\/section>\n\t\t\t\t<section class=\"elementor-section elementor-top-section elementor-element elementor-element-30e8ba3 ot-traditional elementor-section-boxed elementor-section-height-default elementor-section-height-default\" data-id=\"30e8ba3\" data-element_type=\"section\">\n\t\t\t\t\t\t<div class=\"elementor-container elementor-column-gap-default\">\n\t\t\t\t\t<div class=\"elementor-column elementor-col-100 elementor-top-column elementor-element elementor-element-e72c199 ot-flex-column-vertical\" data-id=\"e72c199\" data-element_type=\"column\">\n\t\t\t<div class=\"elementor-widget-wrap elementor-element-populated\">\n\t\t\t\t\t\t<section class=\"elementor-section elementor-inner-section elementor-element elementor-element-eb9b6ef elementor-section-content-middle ot-traditional elementor-section-boxed elementor-section-height-default elementor-section-height-default\" data-id=\"eb9b6ef\" data-element_type=\"section\">\n\t\t\t\t\t\t<div class=\"elementor-container elementor-column-gap-default\">\n\t\t\t\t\t<div class=\"elementor-column elementor-col-50 elementor-inner-column elementor-element elementor-element-fec129d ot-flex-column-vertical\" data-id=\"fec129d\" data-element_type=\"column\">\n\t\t\t<div class=\"elementor-widget-wrap elementor-element-populated\">\n\t\t\t\t\t\t<div class=\"elementor-element elementor-element-914332b elementor-widget elementor-widget-text-editor\" data-id=\"914332b\" data-element_type=\"widget\" data-widget_type=\"text-editor.default\">\n\t\t\t\t<div class=\"elementor-widget-container\">\n\t\t\t\t\t\t\t<h2>I. Der DSB: Ein Datenschutzexperte:<\/h2><p><span style=\"color: #000000;\">Der DSB ist ein Experte f\u00fcr den Schutz personenbezogener Daten. Er verf\u00fcgt \u00fcber umfassendes Fachwissen zu Datenschutzgesetzen und -vorschriften, einschlie\u00dflich der DSGVO. Seine Aufgabe besteht darin, das Unternehmen hinsichtlich bew\u00e4hrter Datenschutzpraktiken zu beraten und die fortlaufende Einhaltung sicherzustellen.<\/span><\/p>\t\t\t\t\t\t<\/div>\n\t\t\t\t<\/div>\n\t\t\t\t\t<\/div>\n\t\t<\/div>\n\t\t\t\t<div class=\"elementor-column elementor-col-50 elementor-inner-column elementor-element elementor-element-96f5aa0 ot-flex-column-vertical\" data-id=\"96f5aa0\" data-element_type=\"column\">\n\t\t\t<div class=\"elementor-widget-wrap elementor-element-populated\">\n\t\t\t\t\t\t<div class=\"elementor-element elementor-element-323deb6 elementor-widget__width-initial elementor-widget elementor-widget-image\" data-id=\"323deb6\" data-element_type=\"widget\" data-widget_type=\"image.default\">\n\t\t\t\t<div class=\"elementor-widget-container\">\n\t\t\t\t\t\t\t\t\t\t\t\t\t<img decoding=\"async\" src=\"https:\/\/viqtor.eu\/wp-content\/uploads\/2023\/07\/dpo-eu.jpg\" title=\"\" alt=\"DPO\" loading=\"lazy\" \/>\t\t\t\t\t\t\t\t\t\t\t\t\t<\/div>\n\t\t\t\t<\/div>\n\t\t\t\t\t<\/div>\n\t\t<\/div>\n\t\t\t\t\t<\/div>\n\t\t<\/section>\n\t\t\t\t\t<\/div>\n\t\t<\/div>\n\t\t\t\t\t<\/div>\n\t\t<\/section>\n\t\t\t\t<section class=\"elementor-section elementor-top-section elementor-element elementor-element-aa4b47d elementor-section-content-middle ot-traditional elementor-section-boxed elementor-section-height-default elementor-section-height-default\" data-id=\"aa4b47d\" data-element_type=\"section\">\n\t\t\t\t\t\t\t<div class=\"elementor-background-overlay\"><\/div>\n\t\t\t\t\t\t\t<div class=\"elementor-container elementor-column-gap-extended\">\n\t\t\t\t\t<div class=\"elementor-column elementor-col-100 elementor-top-column elementor-element elementor-element-5e7b92b ot-flex-column-vertical\" data-id=\"5e7b92b\" data-element_type=\"column\">\n\t\t\t<div class=\"elementor-widget-wrap elementor-element-populated\">\n\t\t\t\t\t\t<div class=\"elementor-element elementor-element-72485af elementor-widget__width-initial elementor-widget elementor-widget-text-editor\" data-id=\"72485af\" data-element_type=\"widget\" data-widget_type=\"text-editor.default\">\n\t\t\t\t<div class=\"elementor-widget-container\">\n\t\t\t\t\t\t\t<h3><span style=\"color: #000000;\">II. Hauptaufgaben des Datenschutzbeauftragten:<\/span><\/h3><p><span style=\"color: #000000;\">Der Datenschutzbeauftragte hat mehrere wichtige Aufgaben, um den Schutz personenbezogener Daten innerhalb einer Organisation zu gew\u00e4hrleisten. Erstens ist er daf\u00fcr verantwortlich, das Bewusstsein der Mitarbeiter zu sch\u00e4rfen und sie \u00fcber Datenschutzpflichten und bew\u00e4hrte Verfahren zu schulen. Dazu geh\u00f6rt die Schulung der Mitarbeiter in der Erhebung, Verarbeitung und <a style=\"color: #000000;\" href=\"https:\/\/viqtor.eu\/de\/mes-processus-rgpd\/\">Aufbewahrung personenbezogener Daten<\/a>.<\/span><\/p><p><span style=\"color: #000000;\">Der DSB ist dann daf\u00fcr verantwortlich, die Organisation bei Datenschutz-Folgenabsch\u00e4tzungen (DSFA) zu beraten. Diese Bewertungen helfen dabei, Risiken im Zusammenhang mit der Datenverarbeitung zu identifizieren und zu bewerten und geeignete Sicherheitsma\u00dfnahmen zu implementieren.<\/span><\/p><p><span style=\"color: #000000;\">Der DSB spielt auch eine zentrale Rolle bei der Bew\u00e4ltigung von Sicherheitsvorf\u00e4llen und Datenschutzverletzungen. Er oder sie ist daf\u00fcr verantwortlich, Verst\u00f6\u00dfe innerhalb des erforderlichen Zeitrahmens den zust\u00e4ndigen Aufsichtsbeh\u00f6rden zu melden und mit ihnen zusammenzuarbeiten, um diese Verst\u00f6\u00dfe zu beheben.<\/span><\/p><p><span style=\"color: #000000;\">Schlie\u00dflich ist der DSB der Hauptansprechpartner f\u00fcr von der Datenverarbeitung betroffene Personen. Er ist daf\u00fcr verantwortlich, die Aus\u00fcbung der Rechte der betroffenen Personen sicherzustellen, wie z. B. das Auskunftsrecht, das Recht auf Berichtigung und das Recht auf L\u00f6schung der Daten.<\/span><\/p><h4><span style=\"color: #000000;\">III. Die Auswirkungen des DSB auf den Schutz personenbezogener Daten:<\/span><\/h4><p><span style=\"color: #000000;\">Die Rolle des Datenschutzbeauftragten hat einen erheblichen Einfluss auf den Schutz personenbezogener Daten innerhalb eines Unternehmens. Erstens demonstriert die Anwesenheit eines Datenschutzbeauftragten das Engagement des Unternehmens f\u00fcr den Datenschutz und schafft Vertrauen bei den Betroffenen. Sie sind beruhigt, wenn sie wissen, dass sich jemand um die Sicherheit ihrer Daten k\u00fcmmert.<\/span><\/p><p><span style=\"color: #000000;\">Dar\u00fcber hinaus spielt der DSB eine Schl\u00fcsselrolle bei der Pr\u00e4vention von Datenschutzverletzungen. Dank seines Fachwissens kann er potenzielle Risiken erkennen und geeignete Sicherheitsma\u00dfnahmen ergreifen, um diese zu minimieren. Dies reduziert das Risiko von Datenschutzverletzungen deutlich und mildert die damit verbundenen negativen Folgen.<\/span><\/p><p><span style=\"color: #000000;\">Der DSB spielt auch bei Audits und Inspektionen der Datenschutzbeh\u00f6rden eine Schl\u00fcsselrolle. Mit seinem Fachwissen kann er die Kommunikation mit den Beh\u00f6rden erleichtern, auf deren Anfragen reagieren und die Einhaltung der Vorschriften durch das Unternehmen nachweisen.<\/span><\/p><p><span style=\"color: #000000;\">Schlie\u00dflich ist der DSB ein strategischer Partner f\u00fcr das Unternehmen. Er oder sie arbeitet eng mit verschiedenen internen Stakeholdern wie IT-, Rechts- und Marketingteams zusammen, um sicherzustellen, dass alle Datenverarbeitungsaktivit\u00e4ten <a style=\"color: #000000;\" href=\"https:\/\/viqtor.eu\/de\/mes-processus-rgpd\/\">DSGVO-Anforderungen erf\u00fcllen<\/a>.<\/span><\/p>\t\t\t\t\t\t<\/div>\n\t\t\t\t<\/div>\n\t\t\t\t\t<\/div>\n\t\t<\/div>\n\t\t\t\t\t<\/div>\n\t\t<\/section>\n\t\t\t\t<section class=\"elementor-section elementor-top-section elementor-element elementor-element-f46331b elementor-section-content-middle ot-traditional elementor-section-boxed elementor-section-height-default elementor-section-height-default\" data-id=\"f46331b\" data-element_type=\"section\" data-settings=\"{&quot;background_background&quot;:&quot;classic&quot;}\">\n\t\t\t\t\t\t\t<div class=\"elementor-background-overlay\"><\/div>\n\t\t\t\t\t\t\t<div class=\"elementor-container elementor-column-gap-default\">\n\t\t\t\t\t<div class=\"elementor-column elementor-col-100 elementor-top-column elementor-element elementor-element-c1653f8 ot-column-items-center ot-flex-column-vertical\" data-id=\"c1653f8\" data-element_type=\"column\">\n\t\t\t<div class=\"elementor-widget-wrap elementor-element-populated\">\n\t\t\t\t\t\t<div class=\"elementor-element elementor-element-0b99088 elementor-widget__width-initial elementor-widget elementor-widget-iheading\" data-id=\"0b99088\" data-element_type=\"widget\" data-widget_type=\"iheading.default\">\n\t\t\t\t<div class=\"elementor-widget-container\">\n\t\t\t\t\t<div class=\"ot-heading\">\r\n\t        \t            <span>\/\/ MIT VIQTOR\u00ae<\/span>\r\n\t        <p class=\"main-heading\">Die Rolle des DSB ist f\u00fcr den Schutz personenbezogener Daten innerhalb eines Unternehmens von entscheidender Bedeutung. Als Datenschutzexperte spielt der DSB eine Schl\u00fcsselrolle in den Bereichen Sensibilisierung, Compliance und Datenrisikomanagement. Mit seinen Fachkenntnissen tr\u00e4gt der DSB dazu bei, individuelles Vertrauen aufzubauen, Datenschutzverletzungen zu verhindern und die Einhaltung gesetzlicher Vorschriften zu gew\u00e4hrleisten. Durch die Einstellung eines qualifizierten DSB und die Zuweisung entsprechender Verantwortlichkeiten k\u00f6nnen Unternehmen sicherstellen, dass der Schutz personenbezogener Daten h\u00f6chste Priorit\u00e4t hat.<\/p>\t    <\/div>\r\n\t    \t\t<\/div>\n\t\t\t\t<\/div>\n\t\t\t\t\t<\/div>\n\t\t<\/div>\n\t\t\t\t\t<\/div>\n\t\t<\/section>\n\t\t\t\t<section class=\"elementor-section elementor-top-section elementor-element elementor-element-c0ca5fe ot-traditional elementor-section-boxed elementor-section-height-default elementor-section-height-default\" data-id=\"c0ca5fe\" data-element_type=\"section\">\n\t\t\t\t\t\t<div class=\"elementor-container elementor-column-gap-default\">\n\t\t\t\t\t<div class=\"elementor-column elementor-col-100 elementor-top-column elementor-element elementor-element-de64556 ot-flex-column-vertical\" data-id=\"de64556\" data-element_type=\"column\">\n\t\t\t<div class=\"elementor-widget-wrap elementor-element-populated\">\n\t\t\t\t\t\t<div class=\"elementor-element elementor-element-31c9ab0 elementor-widget elementor-widget-text-editor\" data-id=\"31c9ab0\" data-element_type=\"widget\" data-widget_type=\"text-editor.default\">\n\t\t\t\t<div class=\"elementor-widget-container\">\n\t\t\t\t\t\t\t<p style=\"text-align: center;\"><a class=\"wp-block-button__link has-vivid-cyan-blue-background-color has-background has-text-align-center wp-element-button\" href=\"https:\/\/app.viqtor.eu\/\" target=\"_blank\" rel=\"noreferrer noopener\">Entdecken Sie Viqtor<span style=\"color: #ffffff;\">\u00ae<\/span><\/a><\/p>\t\t\t\t\t\t<\/div>\n\t\t\t\t<\/div>\n\t\t\t\t\t<\/div>\n\t\t<\/div>\n\t\t\t\t\t<\/div>\n\t\t<\/section>\n\t\t\t\t<\/div>","protected":false},"excerpt":{"rendered":"<p>Le r\u00f4le du DPO : Garant de la protection des donn\u00e9es personnelles Dans le cadre du R\u00e8glement g\u00e9n\u00e9ral sur la protection des donn\u00e9es (RGPD), le Data Protection Officer (DPO) occupe une place cruciale. Le DPO est responsable de veiller \u00e0 la conformit\u00e9 des activit\u00e9s de traitement des donn\u00e9es personnelles au sein d&rsquo;une organisation. Dans cet [&hellip;]<\/p>","protected":false},"author":1,"featured_media":0,"parent":0,"menu_order":0,"comment_status":"closed","ping_status":"closed","template":"","meta":{"_acf_changed":false,"footnotes":""},"class_list":["post-8681","page","type-page","status-publish","hentry"],"acf":[],"yoast_head":"<!-- This site is optimized with the Yoast SEO plugin v23.6 - https:\/\/yoast.com\/wordpress\/plugins\/seo\/ -->\n<title>r\u00f4le du dpo - Viqtor<\/title>\n<meta name=\"description\" content=\"Le r\u00f4le du DPO : Garant de la protection des donn\u00e9es personnelles. D\u00e9couvrez la plateforme de mise en conformit\u00e9 RGPD Viqtor.\" \/>\n<meta name=\"robots\" content=\"index, follow, max-snippet:-1, max-image-preview:large, max-video-preview:-1\" \/>\n<link rel=\"canonical\" href=\"https:\/\/viqtor.eu\/de\/role-du-dpo\/\" \/>\n<meta property=\"og:locale\" content=\"de_DE\" \/>\n<meta property=\"og:type\" content=\"article\" \/>\n<meta property=\"og:title\" content=\"r\u00f4le du dpo - Viqtor\" \/>\n<meta property=\"og:description\" content=\"Le r\u00f4le du DPO : Garant de la protection des donn\u00e9es personnelles. D\u00e9couvrez la plateforme de mise en conformit\u00e9 RGPD Viqtor.\" \/>\n<meta property=\"og:url\" content=\"https:\/\/viqtor.eu\/de\/role-du-dpo\/\" \/>\n<meta property=\"og:site_name\" content=\"Viqtor\" \/>\n<meta property=\"article:modified_time\" content=\"2023-08-31T15:34:24+00:00\" \/>\n<meta property=\"og:image\" content=\"https:\/\/viqtor.eu\/wp-content\/uploads\/2023\/07\/dpo-eu.jpg\" \/>\n<meta name=\"twitter:card\" content=\"summary_large_image\" \/>\n<meta name=\"twitter:label1\" content=\"Gesch\u00e4tzte Lesezeit\" \/>\n\t<meta name=\"twitter:data1\" content=\"4\u00a0Minuten\" \/>\n<script type=\"application\/ld+json\" class=\"yoast-schema-graph\">{\"@context\":\"https:\/\/schema.org\",\"@graph\":[{\"@type\":\"WebPage\",\"@id\":\"https:\/\/viqtor.eu\/role-du-dpo\/\",\"url\":\"https:\/\/viqtor.eu\/role-du-dpo\/\",\"name\":\"r\u00f4le du dpo - Viqtor\",\"isPartOf\":{\"@id\":\"https:\/\/viqtor.eu\/#website\"},\"primaryImageOfPage\":{\"@id\":\"https:\/\/viqtor.eu\/role-du-dpo\/#primaryimage\"},\"image\":{\"@id\":\"https:\/\/viqtor.eu\/role-du-dpo\/#primaryimage\"},\"thumbnailUrl\":\"https:\/\/viqtor.eu\/wp-content\/uploads\/2023\/07\/dpo-eu.jpg\",\"datePublished\":\"2023-07-04T11:16:49+00:00\",\"dateModified\":\"2023-08-31T15:34:24+00:00\",\"description\":\"Le r\u00f4le du DPO : Garant de la protection des donn\u00e9es personnelles. D\u00e9couvrez la plateforme de mise en conformit\u00e9 RGPD Viqtor.\",\"breadcrumb\":{\"@id\":\"https:\/\/viqtor.eu\/role-du-dpo\/#breadcrumb\"},\"inLanguage\":\"de\",\"potentialAction\":[{\"@type\":\"ReadAction\",\"target\":[\"https:\/\/viqtor.eu\/role-du-dpo\/\"]}]},{\"@type\":\"ImageObject\",\"inLanguage\":\"de\",\"@id\":\"https:\/\/viqtor.eu\/role-du-dpo\/#primaryimage\",\"url\":\"https:\/\/viqtor.eu\/wp-content\/uploads\/2023\/07\/dpo-eu.jpg\",\"contentUrl\":\"https:\/\/viqtor.eu\/wp-content\/uploads\/2023\/07\/dpo-eu.jpg\"},{\"@type\":\"BreadcrumbList\",\"@id\":\"https:\/\/viqtor.eu\/role-du-dpo\/#breadcrumb\",\"itemListElement\":[{\"@type\":\"ListItem\",\"position\":1,\"name\":\"Accueil\",\"item\":\"https:\/\/viqtor.eu\/\"},{\"@type\":\"ListItem\",\"position\":2,\"name\":\"&#8230; r\u00f4le du dpo\"}]},{\"@type\":\"WebSite\",\"@id\":\"https:\/\/viqtor.eu\/#website\",\"url\":\"https:\/\/viqtor.eu\/\",\"name\":\"Viqtor\",\"description\":\"Faites du RGPD une opportunit\u00e9 pour votre entreprise.\",\"publisher\":{\"@id\":\"https:\/\/viqtor.eu\/#organization\"},\"potentialAction\":[{\"@type\":\"SearchAction\",\"target\":{\"@type\":\"EntryPoint\",\"urlTemplate\":\"https:\/\/viqtor.eu\/?s={search_term_string}\"},\"query-input\":{\"@type\":\"PropertyValueSpecification\",\"valueRequired\":true,\"valueName\":\"search_term_string\"}}],\"inLanguage\":\"de\"},{\"@type\":\"Organization\",\"@id\":\"https:\/\/viqtor.eu\/#organization\",\"name\":\"viqtor.eu\",\"url\":\"https:\/\/viqtor.eu\/\",\"logo\":{\"@type\":\"ImageObject\",\"inLanguage\":\"de\",\"@id\":\"https:\/\/viqtor.eu\/#\/schema\/logo\/image\/\",\"url\":\"https:\/\/viqtor.eu\/wp-content\/uploads\/2023\/06\/favicon-noir.svg\",\"contentUrl\":\"https:\/\/viqtor.eu\/wp-content\/uploads\/2023\/06\/favicon-noir.svg\",\"width\":108,\"height\":86,\"caption\":\"viqtor.eu\"},\"image\":{\"@id\":\"https:\/\/viqtor.eu\/#\/schema\/logo\/image\/\"}}]}<\/script>\n<!-- \/ Yoast SEO plugin. -->","yoast_head_json":{"title":"r\u00f4le du dpo - Viqtor","description":"Le r\u00f4le du DPO : Garant de la protection des donn\u00e9es personnelles. D\u00e9couvrez la plateforme de mise en conformit\u00e9 RGPD Viqtor.","robots":{"index":"index","follow":"follow","max-snippet":"max-snippet:-1","max-image-preview":"max-image-preview:large","max-video-preview":"max-video-preview:-1"},"canonical":"https:\/\/viqtor.eu\/de\/role-du-dpo\/","og_locale":"de_DE","og_type":"article","og_title":"r\u00f4le du dpo - Viqtor","og_description":"Le r\u00f4le du DPO : Garant de la protection des donn\u00e9es personnelles. D\u00e9couvrez la plateforme de mise en conformit\u00e9 RGPD Viqtor.","og_url":"https:\/\/viqtor.eu\/de\/role-du-dpo\/","og_site_name":"Viqtor","article_modified_time":"2023-08-31T15:34:24+00:00","og_image":[{"url":"https:\/\/viqtor.eu\/wp-content\/uploads\/2023\/07\/dpo-eu.jpg"}],"twitter_card":"summary_large_image","twitter_misc":{"Gesch\u00e4tzte Lesezeit":"4\u00a0Minuten"},"schema":{"@context":"https:\/\/schema.org","@graph":[{"@type":"WebPage","@id":"https:\/\/viqtor.eu\/role-du-dpo\/","url":"https:\/\/viqtor.eu\/role-du-dpo\/","name":"r\u00f4le du dpo - Viqtor","isPartOf":{"@id":"https:\/\/viqtor.eu\/#website"},"primaryImageOfPage":{"@id":"https:\/\/viqtor.eu\/role-du-dpo\/#primaryimage"},"image":{"@id":"https:\/\/viqtor.eu\/role-du-dpo\/#primaryimage"},"thumbnailUrl":"https:\/\/viqtor.eu\/wp-content\/uploads\/2023\/07\/dpo-eu.jpg","datePublished":"2023-07-04T11:16:49+00:00","dateModified":"2023-08-31T15:34:24+00:00","description":"Le r\u00f4le du DPO : Garant de la protection des donn\u00e9es personnelles. D\u00e9couvrez la plateforme de mise en conformit\u00e9 RGPD Viqtor.","breadcrumb":{"@id":"https:\/\/viqtor.eu\/role-du-dpo\/#breadcrumb"},"inLanguage":"de","potentialAction":[{"@type":"ReadAction","target":["https:\/\/viqtor.eu\/role-du-dpo\/"]}]},{"@type":"ImageObject","inLanguage":"de","@id":"https:\/\/viqtor.eu\/role-du-dpo\/#primaryimage","url":"https:\/\/viqtor.eu\/wp-content\/uploads\/2023\/07\/dpo-eu.jpg","contentUrl":"https:\/\/viqtor.eu\/wp-content\/uploads\/2023\/07\/dpo-eu.jpg"},{"@type":"BreadcrumbList","@id":"https:\/\/viqtor.eu\/role-du-dpo\/#breadcrumb","itemListElement":[{"@type":"ListItem","position":1,"name":"Accueil","item":"https:\/\/viqtor.eu\/"},{"@type":"ListItem","position":2,"name":"&#8230; r\u00f4le du dpo"}]},{"@type":"WebSite","@id":"https:\/\/viqtor.eu\/#website","url":"https:\/\/viqtor.eu\/","name":"Viqtor","description":"Faites du RGPD une opportunit\u00e9 pour votre entreprise.","publisher":{"@id":"https:\/\/viqtor.eu\/#organization"},"potentialAction":[{"@type":"SearchAction","target":{"@type":"EntryPoint","urlTemplate":"https:\/\/viqtor.eu\/?s={search_term_string}"},"query-input":{"@type":"PropertyValueSpecification","valueRequired":true,"valueName":"search_term_string"}}],"inLanguage":"de"},{"@type":"Organization","@id":"https:\/\/viqtor.eu\/#organization","name":"viqtor.eu","url":"https:\/\/viqtor.eu\/","logo":{"@type":"ImageObject","inLanguage":"de","@id":"https:\/\/viqtor.eu\/#\/schema\/logo\/image\/","url":"https:\/\/viqtor.eu\/wp-content\/uploads\/2023\/06\/favicon-noir.svg","contentUrl":"https:\/\/viqtor.eu\/wp-content\/uploads\/2023\/06\/favicon-noir.svg","width":108,"height":86,"caption":"viqtor.eu"},"image":{"@id":"https:\/\/viqtor.eu\/#\/schema\/logo\/image\/"}}]}},"_links":{"self":[{"href":"https:\/\/viqtor.eu\/de\/wp-json\/wp\/v2\/pages\/8681","targetHints":{"allow":["GET"]}}],"collection":[{"href":"https:\/\/viqtor.eu\/de\/wp-json\/wp\/v2\/pages"}],"about":[{"href":"https:\/\/viqtor.eu\/de\/wp-json\/wp\/v2\/types\/page"}],"author":[{"embeddable":true,"href":"https:\/\/viqtor.eu\/de\/wp-json\/wp\/v2\/users\/1"}],"replies":[{"embeddable":true,"href":"https:\/\/viqtor.eu\/de\/wp-json\/wp\/v2\/comments?post=8681"}],"version-history":[{"count":13,"href":"https:\/\/viqtor.eu\/de\/wp-json\/wp\/v2\/pages\/8681\/revisions"}],"predecessor-version":[{"id":9582,"href":"https:\/\/viqtor.eu\/de\/wp-json\/wp\/v2\/pages\/8681\/revisions\/9582"}],"wp:attachment":[{"href":"https:\/\/viqtor.eu\/de\/wp-json\/wp\/v2\/media?parent=8681"}],"curies":[{"name":"wp","href":"https:\/\/api.w.org\/{rel}","templated":true}]}}